{"id":26086,"date":"2026-05-08T17:57:16","date_gmt":"2026-05-08T17:57:16","guid":{"rendered":"https:\/\/www.ghostysky.com\/?post_type=product&#038;p=26086"},"modified":"2026-05-08T18:06:00","modified_gmt":"2026-05-08T18:06:00","slug":"brainco-revo-2-touch-biomimetic-dexterous-left-hand-2","status":"publish","type":"product","link":"https:\/\/www.ghostysky.com\/es\/product\/brainco-revo-2-touch-biomimetic-dexterous-left-hand-2\/","title":{"rendered":"Mano rob\u00f3tica b\u00e1sica BrainCo Revo 3"},"content":{"rendered":"<h3 data-path-to-node=\"3\">Caracter\u00edsticas y especificaciones clave<\/h3>\n<h3 data-path-to-node=\"4\">1. Destreza equivalente a la humana<\/h3>\n<p data-path-to-node=\"5\">Con <b data-path-to-node=\"5\" data-index-in-node=\"5\">21 grados de libertad<\/b>, El Revo 3 puede replicar casi todos los movimientos de una mano humana. Esto permite realizar tareas de manipulaci\u00f3n complejas que antes eran dif\u00edciles para las manos rob\u00f3ticas, tales como:<\/p>\n<ul data-path-to-node=\"6\">\n<li>\n<p id=\"p-rc_3ea036b0c8ce928a-70\" data-path-to-node=\"6,0,0\"><span class=\"citation-83 citation-end-83\">Resolver un cubo de Rubik.<\/span><\/p>\n<\/li>\n<li>\n<p id=\"p-rc_3ea036b0c8ce928a-71\" data-path-to-node=\"6,1,0\"><span class=\"citation-82 citation-end-82\">Realizar trucos complejos con cuerdas y nudos.<\/span><\/p>\n<\/li>\n<li>\n<p id=\"p-rc_3ea036b0c8ce928a-72\" data-path-to-node=\"6,2,0\"><span class=\"citation-81 citation-end-81\">Manejo delicado de herramientas (por ejemplo, usar tijeras o una pipeta).<\/span><\/p>\n<\/li>\n<\/ul>\n<h3 data-path-to-node=\"7\">2. Alto rendimiento y durabilidad<\/h3>\n<ul data-path-to-node=\"8\">\n<li>\n<p data-path-to-node=\"8,0,0\"><b data-path-to-node=\"8,0,0\" data-index-in-node=\"0\">Capacidad de carga:<\/b> Capaz de un <b data-path-to-node=\"8,0,0\" data-index-in-node=\"28\">Carga est\u00e1tica de 30 kg<\/b> y una fuerza de agarre de potencia de toda la mano de aproximadamente <b data-path-to-node=\"8,0,0\" data-index-in-node=\"98\">50N<\/b>.<\/p>\n<\/li>\n<li>\n<p data-path-to-node=\"8,1,0\"><b data-path-to-node=\"8,1,0\" data-index-in-node=\"0\">Precisi\u00f3n:<\/b> Presenta una precisi\u00f3n de repetibilidad de <b data-path-to-node=\"8,1,0\" data-index-in-node=\"48\">0,1 mm<\/b>, lo que lo hace adecuado para el ensamblaje de componentes electr\u00f3nicos ligeros.<\/p>\n<\/li>\n<li>\n<p id=\"p-rc_3ea036b0c8ce928a-73\" data-path-to-node=\"8,2,0\"><b data-path-to-node=\"8,2,0\" data-index-in-node=\"0\">Velocidad:<\/b><span class=\"citation-80\"> Un tiempo de apertura\/cierre r\u00e1pido de aproximadamente <\/span><b data-path-to-node=\"8,2,0\" data-index-in-node=\"42\"><span class=\"citation-80\">0,8 segundos<\/span><\/b><span class=\"citation-80 citation-end-80\">, lo que permite un agarre reactivo.<\/span><\/p>\n<\/li>\n<\/ul>\n<h3 data-path-to-node=\"9\">3. Construcci\u00f3n y ferreter\u00eda<\/h3>\n<ul data-path-to-node=\"10\">\n<li>\n<p data-path-to-node=\"10,0,0\"><b data-path-to-node=\"10,0,0\" data-index-in-node=\"0\">Materiales:<\/b> Construido usando <b data-path-to-node=\"10,0,0\" data-index-in-node=\"23\">Aleaci\u00f3n de aluminio de grado aeroespacial<\/b> para la estructura interna y <b data-path-to-node=\"10,0,0\" data-index-in-node=\"85\">Pl\u00e1stico apto para uso alimentario<\/b> para la carcasa exterior.<\/p>\n<\/li>\n<li>\n<p data-path-to-node=\"10,1,0\"><b data-path-to-node=\"10,1,0\" data-index-in-node=\"0\">Sistema de accionamiento:<\/b> Utiliza micromotores de alta precisi\u00f3n con transmisi\u00f3n directa u optimizada para mantener un perfil ligero (aprox. <b data-path-to-node=\"10,1,0\" data-index-in-node=\"138\">540 g<\/b>).<\/p>\n<\/li>\n<li>\n<p data-path-to-node=\"10,2,0\"><b data-path-to-node=\"10,2,0\" data-index-in-node=\"0\">Comunicaci\u00f3n:<\/b> Soportes <b data-path-to-node=\"10,2,0\" data-index-in-node=\"24\">RS485<\/b> y <b data-path-to-node=\"10,2,0\" data-index-in-node=\"34\">CAN\/CANfd<\/b> protocolos como est\u00e1ndar, lo que garantiza la compatibilidad con los principales controladores de robots y el <b data-path-to-node=\"10,2,0\" data-index-in-node=\"127\">Unitree G1\/H1<\/b> plataformas humanoides.<\/p>\n<\/li>\n<\/ul>\n<p>&nbsp;<\/p>\n<p>&nbsp;<\/p>\n<h3 data-path-to-node=\"12\">Tabla t\u00e9cnica<\/h3>\n<table data-path-to-node=\"13\">\n<thead>\n<tr>\n<td><strong>Caracter\u00edstica<\/strong><\/td>\n<td><strong>Especificaciones (Revo 3 B\u00e1sico)<\/strong><\/td>\n<\/tr>\n<\/thead>\n<tbody>\n<tr>\n<td><span data-path-to-node=\"13,1,0,0\"><b data-path-to-node=\"13,1,0,0\" data-index-in-node=\"0\">Grados de libertad<\/b><\/span><\/td>\n<td><span data-path-to-node=\"13,1,1,0\">21 grados de libertad (sistema de articulaci\u00f3n bi\u00f3nica)<\/span><\/td>\n<\/tr>\n<tr>\n<td><span data-path-to-node=\"13,2,0,0\"><b data-path-to-node=\"13,2,0,0\" data-index-in-node=\"0\">Peso<\/b><\/span><\/td>\n<td><span data-path-to-node=\"13,2,1,0\">~540 g<\/span><\/td>\n<\/tr>\n<tr>\n<td><span data-path-to-node=\"13,3,0,0\"><b data-path-to-node=\"13,3,0,0\" data-index-in-node=\"0\">Fuerza de agarre (potencia)<\/b><\/span><\/td>\n<td><span data-path-to-node=\"13,3,1,0\">50N<\/span><\/td>\n<\/tr>\n<tr>\n<td><span data-path-to-node=\"13,4,0,0\"><b data-path-to-node=\"13,4,0,0\" data-index-in-node=\"0\">Carga de un solo dedo<\/b><\/span><\/td>\n<td><span data-path-to-node=\"13,4,1,0\">Hasta 8 kg<\/span><\/td>\n<\/tr>\n<tr>\n<td><span data-path-to-node=\"13,5,0,0\"><b data-path-to-node=\"13,5,0,0\" data-index-in-node=\"0\">Rango de voltaje<\/b><\/span><\/td>\n<td><span data-path-to-node=\"13,5,1,0\">9,5 V \u2013 28 V<\/span><\/td>\n<\/tr>\n<tr>\n<td><span data-path-to-node=\"13,6,0,0\"><b data-path-to-node=\"13,6,0,0\" data-index-in-node=\"0\">Comunicaci\u00f3n<\/b><\/span><\/td>\n<td><span data-path-to-node=\"13,6,1,0\">RS485, CAN, CANfd<\/span><\/td>\n<\/tr>\n<tr>\n<td><span data-path-to-node=\"13,7,0,0\"><b data-path-to-node=\"13,7,0,0\" data-index-in-node=\"0\">Modos de control<\/b><\/span><\/td>\n<td><span data-path-to-node=\"13,7,1,0\">Control de posici\u00f3n, velocidad y corriente<\/span><\/td>\n<\/tr>\n<tr>\n<td><span data-path-to-node=\"13,8,0,0\"><b data-path-to-node=\"13,8,0,0\" data-index-in-node=\"0\">Soporte de software<\/b><\/span><\/td>\n<td><span data-path-to-node=\"13,8,1,0\">SDK (Python\/C++), ROS 2, Isaac Sim\/MuJoCo<\/span><\/td>\n<\/tr>\n<\/tbody>\n<\/table>\n<p>&nbsp;<\/p>\n<p>&nbsp;<\/p>\n<h3 data-path-to-node=\"15\">Mejores casos de uso<\/h3>\n<p data-path-to-node=\"16\">El <b data-path-to-node=\"16\" data-index-in-node=\"4\">Revo 3 21 B\u00e1sico<\/b> Est\u00e1 espec\u00edficamente posicionado para:<\/p>\n<ul data-path-to-node=\"17\">\n<li>\n<p data-path-to-node=\"17,0,0\"><b data-path-to-node=\"17,0,0\" data-index-in-node=\"0\">Investigaci\u00f3n sobre IA incorporada:<\/b> Entrenamiento de modelos de aprendizaje por refuerzo que requieren espacios de acci\u00f3n con muchos grados de libertad.<\/p>\n<\/li>\n<li>\n<p data-path-to-node=\"17,1,0\"><b data-path-to-node=\"17,1,0\" data-index-in-node=\"0\">Desarrollo de los humanoides:<\/b> Sirve como efector final para humanoides de grado de investigaci\u00f3n.<\/p>\n<\/li>\n<li>\n<p data-path-to-node=\"17,2,0\"><b data-path-to-node=\"17,2,0\" data-index-in-node=\"0\">Educaci\u00f3n:<\/b> Una plataforma s\u00f3lida para que las universidades exploren el control bi\u00f3nico y la cinem\u00e1tica sin el elevado coste presupuestario de los sistemas de sensores t\u00e1ctiles.<\/p>\n<\/li>\n<\/ul>\n<blockquote data-path-to-node=\"18\">\n<p data-path-to-node=\"18,0\"><b data-path-to-node=\"18,0\" data-index-in-node=\"0\">Nota:<\/b> Si bien el Revo 3 Basic incluye sensores de posici\u00f3n y corriente para la protecci\u00f3n antipinzamiento y antica\u00edda, carece de la capacidad del modelo &quot;Touch&quot; para detectar la textura, la fricci\u00f3n y la direcci\u00f3n de la fuerza.<\/p>\n<\/blockquote>","protected":false},"excerpt":{"rendered":"<p data-path-to-node=\"0\"><span class=\"citation-84\">El <\/span><b data-path-to-node=\"0\" data-index-in-node=\"4\"><span class=\"citation-84\">BrainCo Revo 3 B\u00e1sico<\/span><\/b><span class=\"citation-84 citation-end-84\"> Se trata de una mano bi\u00f3nica diestra de \u00faltima generaci\u00f3n dise\u00f1ada para la rob\u00f3tica humanoide, la investigaci\u00f3n y la automatizaci\u00f3n avanzada.<\/span> Lanzado a principios de 2026, el \u201c21\u201d en su nombre se refiere a su <b data-path-to-node=\"0\" data-index-in-node=\"197\">21 grados de libertad (DoF)<\/b>, lo que supone un salto significativo en complejidad mec\u00e1nica y movimientos m\u00e1s parecidos a los humanos en comparaci\u00f3n con la serie Revo 2 de 11 grados de libertad.<\/p>\n<p data-path-to-node=\"1\">El <b data-path-to-node=\"1\" data-index-in-node=\"4\">B\u00e1sico<\/b> Esta variante sirve como punto de entrada a la gama Revo 3, ofreciendo toda la gama mec\u00e1nica del sistema de 21 grados de libertad sin las costosas cubiertas de sensores t\u00e1ctiles multimodales que se encuentran en los modelos &quot;Touch&quot; o &quot;Pro&quot;.<\/p>","protected":false},"featured_media":26092,"comment_status":"open","ping_status":"closed","template":"","meta":[],"product_brand":[1383],"product_cat":[1041,1382,1381,1037],"product_tag":[],"class_list":{"0":"post-26086","1":"product","2":"type-product","3":"status-publish","4":"has-post-thumbnail","6":"product_brand-brainco","7":"product_cat-arms-grippers","8":"product_cat-bionic-dexterous-hands","9":"product_cat-brainco","10":"product_cat-robotics","12":"first","13":"onbackorder","14":"taxable","15":"shipping-taxable","16":"product-type-simple"},"yoast_head":"<!-- This site is optimized with the Yoast SEO plugin v27.4 - https:\/\/yoast.com\/product\/yoast-seo-wordpress\/ -->\n<title>BrainCo Revo 3 Basic Robot Hand - Ghostysky<\/title>\n<meta name=\"description\" content=\"The BrainCo Revo 3 21 Basic is a next-generation bionic dexterous hand designed for humanoid robotics, research, and advanced automation. Released in early 2026, the &quot;21&quot; in its name refers to its 21 Degrees of Freedom (DoF), marking a significant leap in mechanical complexity and human-like movement compared to the 11-DoF Revo 2 series. The Basic variant serves as the entry-point for the Revo 3 lineup, offering the full mechanical range of the 21-DoF system without the high-cost multi-modal tactile sensor skins found on the &quot;Touch&quot; or &quot;Pro&quot; models.\" \/>\n<meta name=\"robots\" content=\"index, follow, max-snippet:-1, max-image-preview:large, max-video-preview:-1\" \/>\n<link rel=\"canonical\" href=\"https:\/\/www.ghostysky.com\/es\/producto-2\/brainco-revo-2-touch-biomimetic-dexterous-left-hand-2\/\" \/>\n<meta property=\"og:locale\" content=\"es_ES\" \/>\n<meta property=\"og:type\" content=\"article\" \/>\n<meta property=\"og:title\" content=\"BrainCo Revo 3 Basic Robot Hand - Ghostysky\" \/>\n<meta property=\"og:description\" content=\"The BrainCo Revo 3 21 Basic is a next-generation bionic dexterous hand designed for humanoid robotics, research, and advanced automation. Released in early 2026, the &quot;21&quot; in its name refers to its 21 Degrees of Freedom (DoF), marking a significant leap in mechanical complexity and human-like movement compared to the 11-DoF Revo 2 series. The Basic variant serves as the entry-point for the Revo 3 lineup, offering the full mechanical range of the 21-DoF system without the high-cost multi-modal tactile sensor skins found on the &quot;Touch&quot; or &quot;Pro&quot; models.\" \/>\n<meta property=\"og:url\" content=\"https:\/\/www.ghostysky.com\/es\/producto-2\/brainco-revo-2-touch-biomimetic-dexterous-left-hand-2\/\" \/>\n<meta property=\"og:site_name\" content=\"Ghostysky\" \/>\n<meta property=\"article:publisher\" content=\"https:\/\/www.facebook.com\/people\/Ghostysky\/100057676170234\/\" \/>\n<meta property=\"article:modified_time\" content=\"2026-05-08T18:06:00+00:00\" \/>\n<meta property=\"og:image\" content=\"https:\/\/www.ghostysky.com\/wp-content\/uploads\/2026\/05\/GH_brainco-revo-3-21-basic-robot-hand-right.jpg\" \/>\n\t<meta property=\"og:image:width\" content=\"700\" \/>\n\t<meta property=\"og:image:height\" content=\"700\" \/>\n\t<meta property=\"og:image:type\" content=\"image\/jpeg\" \/>\n<meta name=\"twitter:card\" content=\"summary_large_image\" \/>\n<meta name=\"twitter:site\" content=\"@Gh0stysky\" \/>\n<meta name=\"twitter:label1\" content=\"Tiempo de lectura\" \/>\n\t<meta name=\"twitter:data1\" content=\"2 minutos\" \/>\n<script type=\"application\/ld+json\" class=\"yoast-schema-graph\">{\"@context\":\"https:\\\/\\\/schema.org\",\"@graph\":[{\"@type\":\"WebPage\",\"@id\":\"https:\\\/\\\/www.ghostysky.com\\\/product\\\/brainco-revo-2-touch-biomimetic-dexterous-left-hand-2\\\/\",\"url\":\"https:\\\/\\\/www.ghostysky.com\\\/product\\\/brainco-revo-2-touch-biomimetic-dexterous-left-hand-2\\\/\",\"name\":\"BrainCo Revo 3 Basic Robot Hand - Ghostysky\",\"isPartOf\":{\"@id\":\"https:\\\/\\\/www.ghostysky.com\\\/#website\"},\"primaryImageOfPage\":{\"@id\":\"https:\\\/\\\/www.ghostysky.com\\\/product\\\/brainco-revo-2-touch-biomimetic-dexterous-left-hand-2\\\/#primaryimage\"},\"image\":{\"@id\":\"https:\\\/\\\/www.ghostysky.com\\\/product\\\/brainco-revo-2-touch-biomimetic-dexterous-left-hand-2\\\/#primaryimage\"},\"thumbnailUrl\":\"https:\\\/\\\/www.ghostysky.com\\\/wp-content\\\/uploads\\\/2026\\\/05\\\/GH_brainco-revo-3-21-basic-robot-hand-right.jpg\",\"datePublished\":\"2026-05-08T17:57:16+00:00\",\"dateModified\":\"2026-05-08T18:06:00+00:00\",\"description\":\"The BrainCo Revo 3 21 Basic is a next-generation bionic dexterous hand designed for humanoid robotics, research, and advanced automation. Released in early 2026, the \\\"21\\\" in its name refers to its 21 Degrees of Freedom (DoF), marking a significant leap in mechanical complexity and human-like movement compared to the 11-DoF Revo 2 series. The Basic variant serves as the entry-point for the Revo 3 lineup, offering the full mechanical range of the 21-DoF system without the high-cost multi-modal tactile sensor skins found on the \\\"Touch\\\" or \\\"Pro\\\" models.\",\"breadcrumb\":{\"@id\":\"https:\\\/\\\/www.ghostysky.com\\\/product\\\/brainco-revo-2-touch-biomimetic-dexterous-left-hand-2\\\/#breadcrumb\"},\"inLanguage\":\"es\",\"potentialAction\":[{\"@type\":\"ReadAction\",\"target\":[\"https:\\\/\\\/www.ghostysky.com\\\/product\\\/brainco-revo-2-touch-biomimetic-dexterous-left-hand-2\\\/\"]}]},{\"@type\":\"ImageObject\",\"inLanguage\":\"es\",\"@id\":\"https:\\\/\\\/www.ghostysky.com\\\/product\\\/brainco-revo-2-touch-biomimetic-dexterous-left-hand-2\\\/#primaryimage\",\"url\":\"https:\\\/\\\/www.ghostysky.com\\\/wp-content\\\/uploads\\\/2026\\\/05\\\/GH_brainco-revo-3-21-basic-robot-hand-right.jpg\",\"contentUrl\":\"https:\\\/\\\/www.ghostysky.com\\\/wp-content\\\/uploads\\\/2026\\\/05\\\/GH_brainco-revo-3-21-basic-robot-hand-right.jpg\",\"width\":700,\"height\":700},{\"@type\":\"BreadcrumbList\",\"@id\":\"https:\\\/\\\/www.ghostysky.com\\\/product\\\/brainco-revo-2-touch-biomimetic-dexterous-left-hand-2\\\/#breadcrumb\",\"itemListElement\":[{\"@type\":\"ListItem\",\"position\":1,\"name\":\"Home\",\"item\":\"https:\\\/\\\/www.ghostysky.com\\\/\"},{\"@type\":\"ListItem\",\"position\":2,\"name\":\"Shop\",\"item\":\"https:\\\/\\\/www.ghostysky.com\\\/shop\\\/\"},{\"@type\":\"ListItem\",\"position\":3,\"name\":\"BrainCo Revo 3 Basic Robot Hand\"}]},{\"@type\":\"WebSite\",\"@id\":\"https:\\\/\\\/www.ghostysky.com\\\/#website\",\"url\":\"https:\\\/\\\/www.ghostysky.com\\\/\",\"name\":\"Ghostysky\",\"description\":\"Delivering professional drones and robotics solutions\",\"publisher\":{\"@id\":\"https:\\\/\\\/www.ghostysky.com\\\/#organization\"},\"potentialAction\":[{\"@type\":\"SearchAction\",\"target\":{\"@type\":\"EntryPoint\",\"urlTemplate\":\"https:\\\/\\\/www.ghostysky.com\\\/?s={search_term_string}\"},\"query-input\":{\"@type\":\"PropertyValueSpecification\",\"valueRequired\":true,\"valueName\":\"search_term_string\"}}],\"inLanguage\":\"es\"},{\"@type\":\"Organization\",\"@id\":\"https:\\\/\\\/www.ghostysky.com\\\/#organization\",\"name\":\"Ghostysky\",\"url\":\"https:\\\/\\\/www.ghostysky.com\\\/\",\"logo\":{\"@type\":\"ImageObject\",\"inLanguage\":\"es\",\"@id\":\"https:\\\/\\\/www.ghostysky.com\\\/#\\\/schema\\\/logo\\\/image\\\/\",\"url\":\"https:\\\/\\\/www.ghostysky.com\\\/wp-content\\\/uploads\\\/2020\\\/06\\\/cropped-ghostyskylogo_text_white2.png\",\"contentUrl\":\"https:\\\/\\\/www.ghostysky.com\\\/wp-content\\\/uploads\\\/2020\\\/06\\\/cropped-ghostyskylogo_text_white2.png\",\"width\":169,\"height\":56,\"caption\":\"Ghostysky\"},\"image\":{\"@id\":\"https:\\\/\\\/www.ghostysky.com\\\/#\\\/schema\\\/logo\\\/image\\\/\"},\"sameAs\":[\"https:\\\/\\\/www.facebook.com\\\/people\\\/Ghostysky\\\/100057676170234\\\/\",\"https:\\\/\\\/x.com\\\/Gh0stysky\",\"https:\\\/\\\/www.linkedin.com\\\/company\\\/34739653\",\"https:\\\/\\\/www.instagram.com\\\/gh0stysky\"]}]}<\/script>\n<!-- \/ Yoast SEO plugin. -->","yoast_head_json":{"title":"Mano rob\u00f3tica b\u00e1sica BrainCo Revo 3 - Ghostysky","description":"La BrainCo Revo 3 21 Basic es una mano bi\u00f3nica diestra de \u00faltima generaci\u00f3n dise\u00f1ada para rob\u00f3tica humanoide, investigaci\u00f3n y automatizaci\u00f3n avanzada. Lanzada a principios de 2026, el &quot;21&quot; de su nombre hace referencia a sus 21 grados de libertad (DoF), lo que supone un salto significativo en complejidad mec\u00e1nica y movimiento similar al humano en comparaci\u00f3n con la serie Revo 2 de 11 DoF. La variante Basic sirve como modelo de entrada a la gama Revo 3, ofreciendo todo el rango mec\u00e1nico del sistema de 21 DoF sin las costosas superficies t\u00e1ctiles multimodales presentes en los modelos &quot;Touch&quot; o &quot;Pro&quot;.","robots":{"index":"index","follow":"follow","max-snippet":"max-snippet:-1","max-image-preview":"max-image-preview:large","max-video-preview":"max-video-preview:-1"},"canonical":"https:\/\/www.ghostysky.com\/es\/producto-2\/brainco-revo-2-touch-biomimetic-dexterous-left-hand-2\/","og_locale":"es_ES","og_type":"article","og_title":"BrainCo Revo 3 Basic Robot Hand - Ghostysky","og_description":"The BrainCo Revo 3 21 Basic is a next-generation bionic dexterous hand designed for humanoid robotics, research, and advanced automation. Released in early 2026, the \"21\" in its name refers to its 21 Degrees of Freedom (DoF), marking a significant leap in mechanical complexity and human-like movement compared to the 11-DoF Revo 2 series. The Basic variant serves as the entry-point for the Revo 3 lineup, offering the full mechanical range of the 21-DoF system without the high-cost multi-modal tactile sensor skins found on the \"Touch\" or \"Pro\" models.","og_url":"https:\/\/www.ghostysky.com\/es\/producto-2\/brainco-revo-2-touch-biomimetic-dexterous-left-hand-2\/","og_site_name":"Ghostysky","article_publisher":"https:\/\/www.facebook.com\/people\/Ghostysky\/100057676170234\/","article_modified_time":"2026-05-08T18:06:00+00:00","og_image":[{"width":700,"height":700,"url":"https:\/\/www.ghostysky.com\/wp-content\/uploads\/2026\/05\/GH_brainco-revo-3-21-basic-robot-hand-right.jpg","type":"image\/jpeg"}],"twitter_card":"summary_large_image","twitter_site":"@Gh0stysky","twitter_misc":{"Tiempo de lectura":"2 minutos"},"schema":{"@context":"https:\/\/schema.org","@graph":[{"@type":"WebPage","@id":"https:\/\/www.ghostysky.com\/product\/brainco-revo-2-touch-biomimetic-dexterous-left-hand-2\/","url":"https:\/\/www.ghostysky.com\/product\/brainco-revo-2-touch-biomimetic-dexterous-left-hand-2\/","name":"Mano rob\u00f3tica b\u00e1sica BrainCo Revo 3 - Ghostysky","isPartOf":{"@id":"https:\/\/www.ghostysky.com\/#website"},"primaryImageOfPage":{"@id":"https:\/\/www.ghostysky.com\/product\/brainco-revo-2-touch-biomimetic-dexterous-left-hand-2\/#primaryimage"},"image":{"@id":"https:\/\/www.ghostysky.com\/product\/brainco-revo-2-touch-biomimetic-dexterous-left-hand-2\/#primaryimage"},"thumbnailUrl":"https:\/\/www.ghostysky.com\/wp-content\/uploads\/2026\/05\/GH_brainco-revo-3-21-basic-robot-hand-right.jpg","datePublished":"2026-05-08T17:57:16+00:00","dateModified":"2026-05-08T18:06:00+00:00","description":"La BrainCo Revo 3 21 Basic es una mano bi\u00f3nica diestra de \u00faltima generaci\u00f3n dise\u00f1ada para rob\u00f3tica humanoide, investigaci\u00f3n y automatizaci\u00f3n avanzada. Lanzada a principios de 2026, el &quot;21&quot; de su nombre hace referencia a sus 21 grados de libertad (DoF), lo que supone un salto significativo en complejidad mec\u00e1nica y movimiento similar al humano en comparaci\u00f3n con la serie Revo 2 de 11 DoF. La variante Basic sirve como modelo de entrada a la gama Revo 3, ofreciendo todo el rango mec\u00e1nico del sistema de 21 DoF sin las costosas superficies t\u00e1ctiles multimodales presentes en los modelos &quot;Touch&quot; o &quot;Pro&quot;.","breadcrumb":{"@id":"https:\/\/www.ghostysky.com\/product\/brainco-revo-2-touch-biomimetic-dexterous-left-hand-2\/#breadcrumb"},"inLanguage":"es","potentialAction":[{"@type":"ReadAction","target":["https:\/\/www.ghostysky.com\/product\/brainco-revo-2-touch-biomimetic-dexterous-left-hand-2\/"]}]},{"@type":"ImageObject","inLanguage":"es","@id":"https:\/\/www.ghostysky.com\/product\/brainco-revo-2-touch-biomimetic-dexterous-left-hand-2\/#primaryimage","url":"https:\/\/www.ghostysky.com\/wp-content\/uploads\/2026\/05\/GH_brainco-revo-3-21-basic-robot-hand-right.jpg","contentUrl":"https:\/\/www.ghostysky.com\/wp-content\/uploads\/2026\/05\/GH_brainco-revo-3-21-basic-robot-hand-right.jpg","width":700,"height":700},{"@type":"BreadcrumbList","@id":"https:\/\/www.ghostysky.com\/product\/brainco-revo-2-touch-biomimetic-dexterous-left-hand-2\/#breadcrumb","itemListElement":[{"@type":"ListItem","position":1,"name":"Home","item":"https:\/\/www.ghostysky.com\/"},{"@type":"ListItem","position":2,"name":"Shop","item":"https:\/\/www.ghostysky.com\/shop\/"},{"@type":"ListItem","position":3,"name":"BrainCo Revo 3 Basic Robot Hand"}]},{"@type":"WebSite","@id":"https:\/\/www.ghostysky.com\/#website","url":"https:\/\/www.ghostysky.com\/","name":"Ghostysky","description":"Ofrecemos soluciones profesionales de drones y rob\u00f3tica.","publisher":{"@id":"https:\/\/www.ghostysky.com\/#organization"},"potentialAction":[{"@type":"SearchAction","target":{"@type":"EntryPoint","urlTemplate":"https:\/\/www.ghostysky.com\/?s={search_term_string}"},"query-input":{"@type":"PropertyValueSpecification","valueRequired":true,"valueName":"search_term_string"}}],"inLanguage":"es"},{"@type":"Organization","@id":"https:\/\/www.ghostysky.com\/#organization","name":"Ghostysky","url":"https:\/\/www.ghostysky.com\/","logo":{"@type":"ImageObject","inLanguage":"es","@id":"https:\/\/www.ghostysky.com\/#\/schema\/logo\/image\/","url":"https:\/\/www.ghostysky.com\/wp-content\/uploads\/2020\/06\/cropped-ghostyskylogo_text_white2.png","contentUrl":"https:\/\/www.ghostysky.com\/wp-content\/uploads\/2020\/06\/cropped-ghostyskylogo_text_white2.png","width":169,"height":56,"caption":"Ghostysky"},"image":{"@id":"https:\/\/www.ghostysky.com\/#\/schema\/logo\/image\/"},"sameAs":["https:\/\/www.facebook.com\/people\/Ghostysky\/100057676170234\/","https:\/\/x.com\/Gh0stysky","https:\/\/www.linkedin.com\/company\/34739653","https:\/\/www.instagram.com\/gh0stysky"]}]}},"_links":{"self":[{"href":"https:\/\/www.ghostysky.com\/es\/wp-json\/wp\/v2\/product\/26086","targetHints":{"allow":["GET"]}}],"collection":[{"href":"https:\/\/www.ghostysky.com\/es\/wp-json\/wp\/v2\/product"}],"about":[{"href":"https:\/\/www.ghostysky.com\/es\/wp-json\/wp\/v2\/types\/product"}],"replies":[{"embeddable":true,"href":"https:\/\/www.ghostysky.com\/es\/wp-json\/wp\/v2\/comments?post=26086"}],"version-history":[{"count":3,"href":"https:\/\/www.ghostysky.com\/es\/wp-json\/wp\/v2\/product\/26086\/revisions"}],"predecessor-version":[{"id":26093,"href":"https:\/\/www.ghostysky.com\/es\/wp-json\/wp\/v2\/product\/26086\/revisions\/26093"}],"wp:featuredmedia":[{"embeddable":true,"href":"https:\/\/www.ghostysky.com\/es\/wp-json\/wp\/v2\/media\/26092"}],"wp:attachment":[{"href":"https:\/\/www.ghostysky.com\/es\/wp-json\/wp\/v2\/media?parent=26086"}],"wp:term":[{"taxonomy":"product_brand","embeddable":true,"href":"https:\/\/www.ghostysky.com\/es\/wp-json\/wp\/v2\/product_brand?post=26086"},{"taxonomy":"product_cat","embeddable":true,"href":"https:\/\/www.ghostysky.com\/es\/wp-json\/wp\/v2\/product_cat?post=26086"},{"taxonomy":"product_tag","embeddable":true,"href":"https:\/\/www.ghostysky.com\/es\/wp-json\/wp\/v2\/product_tag?post=26086"}],"curies":[{"name":"wp","href":"https:\/\/api.w.org\/{rel}","templated":true}]}}