{"id":26094,"date":"2026-05-08T18:07:12","date_gmt":"2026-05-08T18:07:12","guid":{"rendered":"https:\/\/www.ghostysky.com\/?post_type=product&#038;p=26094"},"modified":"2026-05-08T18:11:55","modified_gmt":"2026-05-08T18:11:55","slug":"brainco-revo-3-touch-robot-hand","status":"publish","type":"product","link":"https:\/\/www.ghostysky.com\/es\/product\/brainco-revo-3-touch-robot-hand\/","title":{"rendered":"Mano rob\u00f3tica t\u00e1ctil BrainCo Revo 3"},"content":{"rendered":"<h3 data-path-to-node=\"3\">Caracter\u00edsticas principales e innovaciones<\/h3>\n<ul data-path-to-node=\"4\">\n<li>\n<p id=\"p-rc_cd3263de480c67f7-81\" data-path-to-node=\"4,0,0\"><b data-path-to-node=\"4,0,0\" data-index-in-node=\"0\"><span class=\"citation-105\">Integraci\u00f3n multimodal \u201cVer y Sentir\u201d:<\/span><\/b><span class=\"citation-105\"> El Revo 3 Touch es pionero en la combinaci\u00f3n <\/span><b data-path-to-node=\"4,0,0\" data-index-in-node=\"78\"><span class=\"citation-105\">sensores visuales en la punta de los dedos<\/span><\/b><span class=\"citation-105\"> con <\/span><b data-path-to-node=\"4,0,0\" data-index-in-node=\"108\"><span class=\"citation-105\">retroalimentaci\u00f3n t\u00e1ctil de toda la palma<\/span><\/b><span class=\"citation-105 citation-end-105\">.<\/span> <span class=\"citation-104 citation-end-104\">Esto permite que la mano identifique visualmente los objetos antes del contacto y ajuste su fuerza de agarre de forma din\u00e1mica en funci\u00f3n de la textura y la fricci\u00f3n una vez tocados.<\/span><\/p>\n<\/li>\n<li>\n<p id=\"p-rc_cd3263de480c67f7-82\" data-path-to-node=\"4,1,0\"><b data-path-to-node=\"4,1,0\" data-index-in-node=\"0\">Hiperdestreza:<\/b><span class=\"citation-103\"> Cuenta con un rango de movimiento que realmente <\/span><i data-path-to-node=\"4,1,0\" data-index-in-node=\"59\"><span class=\"citation-103\">supera<\/span><\/i><span class=\"citation-103 citation-end-103\"> la mano humana en ciertos vectores.<\/span> <span class=\"citation-102 citation-end-102\">Es capaz de realizar tareas de alta complejidad, como resolver cubos de Rubik, realizar intrincados trucos con cuerdas y enhebrar agujas.<\/span><\/p>\n<\/li>\n<li>\n<p data-path-to-node=\"4,2,0\"><b data-path-to-node=\"4,2,0\" data-index-in-node=\"0\">Control avanzado de fuerza:<\/b> Equipada con microactuadores de alta precisi\u00f3n y articulaciones sensibles a la fuerza, la mano puede manipular objetos delicados (como una fresa o una bombilla) sin aplastarlos, al tiempo que mantiene una alta capacidad de carga est\u00e1tica para levantar objetos pesados.<\/p>\n<\/li>\n<li>\n<p id=\"p-rc_cd3263de480c67f7-83\" data-path-to-node=\"4,3,0\"><b data-path-to-node=\"4,3,0\" data-index-in-node=\"0\">Dise\u00f1o modular ligero:<\/b> Fabricado con aluminio de calidad aeroespacial y pol\u00edmeros de alta resistencia, mantiene una baja relaci\u00f3n peso-resistencia. <span class=\"citation-101 citation-end-101\">Su arquitectura modular permite diversas configuraciones de los dedos para adaptarse a necesidades espec\u00edficas de investigaci\u00f3n o industriales.<\/span><\/p>\n<div class=\"source-inline-chip-container ng-star-inserted\"><\/div>\n<p>&nbsp;<\/li>\n<\/ul>\n<h3 data-path-to-node=\"6\">Especificaciones t\u00e9cnicas (comparaci\u00f3n)<\/h3>\n<table data-path-to-node=\"7\">\n<thead>\n<tr>\n<td><strong>Caracter\u00edstica<\/strong><\/td>\n<td><strong>Revo 2 Touch (Predecesor)<\/strong><\/td>\n<td><strong>Revo 3 Touch<\/strong><\/td>\n<\/tr>\n<\/thead>\n<tbody>\n<tr>\n<td><span data-path-to-node=\"7,1,0,0\"><b data-path-to-node=\"7,1,0,0\" data-index-in-node=\"0\">Peso<\/b><\/span><\/td>\n<td><span data-path-to-node=\"7,1,1,0\">~383 g<\/span><\/td>\n<td><span data-path-to-node=\"7,1,2,0\">Perfil ligero optimizado<\/span><\/td>\n<\/tr>\n<tr>\n<td><span data-path-to-node=\"7,2,0,0\"><b data-path-to-node=\"7,2,0,0\" data-index-in-node=\"0\">Detecci\u00f3n<\/b><\/span><\/td>\n<td><span data-path-to-node=\"7,2,1,0\">T\u00e1ctil \/ Presi\u00f3n<\/span><\/td>\n<td><span data-path-to-node=\"7,2,2,0\"><b data-path-to-node=\"7,2,2,0\" data-index-in-node=\"0\">Visual + T\u00e1ctil + Proximidad<\/b><\/span><\/td>\n<\/tr>\n<tr>\n<td><span data-path-to-node=\"7,3,0,0\"><b data-path-to-node=\"7,3,0,0\" data-index-in-node=\"0\">Interfaz de control<\/b><\/span><\/td>\n<td><span data-path-to-node=\"7,3,1,0\">485, CANfd, EtherCAT<\/span><\/td>\n<td><span data-path-to-node=\"7,3,2,0\">Enlace EtherCAT de alta velocidad \/ Enlace de IA de baja latencia<\/span><\/td>\n<\/tr>\n<tr>\n<td><span data-path-to-node=\"7,4,0,0\"><b data-path-to-node=\"7,4,0,0\" data-index-in-node=\"0\">Precisi\u00f3n<\/b><\/span><\/td>\n<td><span data-path-to-node=\"7,4,1,0\">Repetibilidad de 0,1\u00b0<\/span><\/td>\n<td><span data-path-to-node=\"7,4,2,0\">Precisi\u00f3n submilim\u00e9trica mejorada<\/span><\/td>\n<\/tr>\n<tr>\n<td><span data-path-to-node=\"7,5,0,0\"><b data-path-to-node=\"7,5,0,0\" data-index-in-node=\"0\">Capacidades<\/b><\/span><\/td>\n<td><span data-path-to-node=\"7,5,1,0\">Tareas b\u00e1sicas que requieren destreza<\/span><\/td>\n<td><span data-path-to-node=\"7,5,2,0\">Manipulaci\u00f3n compleja (trucos con cuerdas, rompecabezas)<\/span><\/td>\n<\/tr>\n<\/tbody>\n<\/table>\n<p>&nbsp;<\/p>\n<p>&nbsp;<\/p>\n<h3 data-path-to-node=\"9\">Aplicaciones espec\u00edficas<\/h3>\n<ol start=\"1\" data-path-to-node=\"10\">\n<li>\n<p data-path-to-node=\"10,0,0\"><b data-path-to-node=\"10,0,0\" data-index-in-node=\"0\">Rob\u00f3tica humanoide:<\/b> El efector final principal para robots humanoides de alta gama que requieren una interacci\u00f3n similar a la humana.<\/p>\n<\/li>\n<li>\n<p data-path-to-node=\"10,1,0\"><b data-path-to-node=\"10,1,0\" data-index-in-node=\"0\">Investigaci\u00f3n sobre IA incorporada:<\/b> Una plataforma para laboratorios que entrenan redes neuronales en habilidades motoras finas y percepci\u00f3n t\u00e1ctil.<\/p>\n<\/li>\n<li>\n<p id=\"p-rc_cd3263de480c67f7-84\" data-path-to-node=\"10,2,0\"><b data-path-to-node=\"10,2,0\" data-index-in-node=\"0\"><span class=\"citation-100\">Automatizaci\u00f3n industrial:<\/span><\/b><span class=\"citation-100 citation-end-100\"> Manipulaci\u00f3n de componentes no est\u00e1ndar, fr\u00e1giles o complejos en el ensamblaje de componentes electr\u00f3nicos ligeros.<\/span><\/p>\n<\/li>\n<li>\n<p data-path-to-node=\"10,3,0\"><b data-path-to-node=\"10,3,0\" data-index-in-node=\"0\">Pr\u00f3tesis avanzadas:<\/b> Si bien el Revo 3 se comercializa principalmente para el sector de la rob\u00f3tica y los humanoides, su tecnolog\u00eda central sirve de base para las extremidades bi\u00f3nicas neurocontroladas de BrainCo, que cumplen con la normativa de la FDA.<\/p>\n<\/li>\n<\/ol>\n<p>&nbsp;<\/p>\n<h3 data-path-to-node=\"12\"><\/h3>\n<h3 data-path-to-node=\"12\">Por qu\u00e9 es importante<\/h3>\n<p id=\"p-rc_cd3263de480c67f7-85\" data-path-to-node=\"13\">El Revo 3 Touch representa un cambio de manos rob\u00f3ticas \u201cciegas\u201d a <b data-path-to-node=\"13\" data-index-in-node=\"66\">efectores finales perceptivos<\/b>. <span class=\"citation-99 citation-end-99\">Al integrar la visi\u00f3n directamente en las yemas de los dedos y los sensores t\u00e1ctiles en toda la palma de la mano, BrainCo ha resuelto uno de los problemas m\u00e1s dif\u00edciles de la rob\u00f3tica: el &quot;\u00faltimo cent\u00edmetro&quot; de interacci\u00f3n, donde la mayor\u00eda de los robots fallan por falta de datos sensoriales.<\/span><\/p>","protected":false},"excerpt":{"rendered":"<p data-path-to-node=\"0\"><span class=\"citation-107\">El <\/span><b data-path-to-node=\"0\" data-index-in-node=\"4\"><span class=\"citation-107\">BrainCo Revo 3 Touch<\/span><\/b><span class=\"citation-107 citation-end-107\"> Se trata de una mano inteligente y diestra de \u00faltima generaci\u00f3n dise\u00f1ada para la rob\u00f3tica humanoide, la investigaci\u00f3n y la automatizaci\u00f3n avanzada.<\/span> <span class=\"citation-106 citation-end-106\">Lanzado como una evoluci\u00f3n significativa de la serie Revo, va m\u00e1s all\u00e1 del simple agarre mec\u00e1nico para alcanzar un nivel de &quot;conciencia&quot; sensorial que refleja fielmente la capacidad humana.<\/span><\/p>\n<p data-path-to-node=\"1\">A diferencia de sus predecesores, el Revo 3 Touch est\u00e1 dise\u00f1ado no solo para moverse, sino para... <b data-path-to-node=\"1\" data-index-in-node=\"79\">percibir<\/b>, lo que la convierte en una opci\u00f3n de primer nivel para la rob\u00f3tica encarnada impulsada por IA.<\/p>","protected":false},"featured_media":26092,"comment_status":"open","ping_status":"closed","template":"","meta":[],"product_brand":[1383],"product_cat":[1041,1382,1381,1037],"product_tag":[],"class_list":{"0":"post-26094","1":"product","2":"type-product","3":"status-publish","4":"has-post-thumbnail","6":"product_brand-brainco","7":"product_cat-arms-grippers","8":"product_cat-bionic-dexterous-hands","9":"product_cat-brainco","10":"product_cat-robotics","12":"first","13":"onbackorder","14":"taxable","15":"shipping-taxable","16":"product-type-simple"},"yoast_head":"<!-- This site is optimized with the Yoast SEO plugin v27.4 - https:\/\/yoast.com\/product\/yoast-seo-wordpress\/ -->\n<title>BrainCo Revo 3 Touch Robot Hand - Ghostysky<\/title>\n<meta name=\"description\" content=\"The BrainCo Revo 3 Touch is a next-generation intelligent dexterous hand designed for humanoid robotics, research, and advanced automation. Launched as a significant evolution of the Revo series, it moves beyond simple mechanical grasping to achieve a level of sensory &quot;awareness&quot; that closely mirrors human capability. Unlike its predecessors, the Revo 3 Touch is designed not just to move, but to perceive, making it a top-tier choice for AI-driven embodied robotics.\" \/>\n<meta name=\"robots\" content=\"index, follow, max-snippet:-1, max-image-preview:large, max-video-preview:-1\" \/>\n<link rel=\"canonical\" href=\"https:\/\/www.ghostysky.com\/es\/producto-2\/brainco-revo-3-touch-robot-hand\/\" \/>\n<meta property=\"og:locale\" content=\"es_ES\" \/>\n<meta property=\"og:type\" content=\"article\" \/>\n<meta property=\"og:title\" content=\"BrainCo Revo 3 Touch Robot Hand - Ghostysky\" \/>\n<meta property=\"og:description\" content=\"The BrainCo Revo 3 Touch is a next-generation intelligent dexterous hand designed for humanoid robotics, research, and advanced automation. Launched as a significant evolution of the Revo series, it moves beyond simple mechanical grasping to achieve a level of sensory &quot;awareness&quot; that closely mirrors human capability. Unlike its predecessors, the Revo 3 Touch is designed not just to move, but to perceive, making it a top-tier choice for AI-driven embodied robotics.\" \/>\n<meta property=\"og:url\" content=\"https:\/\/www.ghostysky.com\/es\/producto-2\/brainco-revo-3-touch-robot-hand\/\" \/>\n<meta property=\"og:site_name\" content=\"Ghostysky\" \/>\n<meta property=\"article:publisher\" content=\"https:\/\/www.facebook.com\/people\/Ghostysky\/100057676170234\/\" \/>\n<meta property=\"article:modified_time\" content=\"2026-05-08T18:11:55+00:00\" \/>\n<meta property=\"og:image\" content=\"https:\/\/www.ghostysky.com\/wp-content\/uploads\/2026\/05\/GH_brainco-revo-3-21-basic-robot-hand-right.jpg\" \/>\n\t<meta property=\"og:image:width\" content=\"700\" \/>\n\t<meta property=\"og:image:height\" content=\"700\" \/>\n\t<meta property=\"og:image:type\" content=\"image\/jpeg\" \/>\n<meta name=\"twitter:card\" content=\"summary_large_image\" \/>\n<meta name=\"twitter:site\" content=\"@Gh0stysky\" \/>\n<meta name=\"twitter:label1\" content=\"Tiempo de lectura\" \/>\n\t<meta name=\"twitter:data1\" content=\"2 minutos\" \/>\n<script type=\"application\/ld+json\" class=\"yoast-schema-graph\">{\"@context\":\"https:\\\/\\\/schema.org\",\"@graph\":[{\"@type\":\"WebPage\",\"@id\":\"https:\\\/\\\/www.ghostysky.com\\\/product\\\/brainco-revo-3-touch-robot-hand\\\/\",\"url\":\"https:\\\/\\\/www.ghostysky.com\\\/product\\\/brainco-revo-3-touch-robot-hand\\\/\",\"name\":\"BrainCo Revo 3 Touch Robot Hand - Ghostysky\",\"isPartOf\":{\"@id\":\"https:\\\/\\\/www.ghostysky.com\\\/#website\"},\"primaryImageOfPage\":{\"@id\":\"https:\\\/\\\/www.ghostysky.com\\\/product\\\/brainco-revo-3-touch-robot-hand\\\/#primaryimage\"},\"image\":{\"@id\":\"https:\\\/\\\/www.ghostysky.com\\\/product\\\/brainco-revo-3-touch-robot-hand\\\/#primaryimage\"},\"thumbnailUrl\":\"https:\\\/\\\/www.ghostysky.com\\\/wp-content\\\/uploads\\\/2026\\\/05\\\/GH_brainco-revo-3-21-basic-robot-hand-right.jpg\",\"datePublished\":\"2026-05-08T18:07:12+00:00\",\"dateModified\":\"2026-05-08T18:11:55+00:00\",\"description\":\"The BrainCo Revo 3 Touch is a next-generation intelligent dexterous hand designed for humanoid robotics, research, and advanced automation. Launched as a significant evolution of the Revo series, it moves beyond simple mechanical grasping to achieve a level of sensory \\\"awareness\\\" that closely mirrors human capability. Unlike its predecessors, the Revo 3 Touch is designed not just to move, but to perceive, making it a top-tier choice for AI-driven embodied robotics.\",\"breadcrumb\":{\"@id\":\"https:\\\/\\\/www.ghostysky.com\\\/product\\\/brainco-revo-3-touch-robot-hand\\\/#breadcrumb\"},\"inLanguage\":\"es\",\"potentialAction\":[{\"@type\":\"ReadAction\",\"target\":[\"https:\\\/\\\/www.ghostysky.com\\\/product\\\/brainco-revo-3-touch-robot-hand\\\/\"]}]},{\"@type\":\"ImageObject\",\"inLanguage\":\"es\",\"@id\":\"https:\\\/\\\/www.ghostysky.com\\\/product\\\/brainco-revo-3-touch-robot-hand\\\/#primaryimage\",\"url\":\"https:\\\/\\\/www.ghostysky.com\\\/wp-content\\\/uploads\\\/2026\\\/05\\\/GH_brainco-revo-3-21-basic-robot-hand-right.jpg\",\"contentUrl\":\"https:\\\/\\\/www.ghostysky.com\\\/wp-content\\\/uploads\\\/2026\\\/05\\\/GH_brainco-revo-3-21-basic-robot-hand-right.jpg\",\"width\":700,\"height\":700},{\"@type\":\"BreadcrumbList\",\"@id\":\"https:\\\/\\\/www.ghostysky.com\\\/product\\\/brainco-revo-3-touch-robot-hand\\\/#breadcrumb\",\"itemListElement\":[{\"@type\":\"ListItem\",\"position\":1,\"name\":\"Home\",\"item\":\"https:\\\/\\\/www.ghostysky.com\\\/\"},{\"@type\":\"ListItem\",\"position\":2,\"name\":\"Shop\",\"item\":\"https:\\\/\\\/www.ghostysky.com\\\/shop\\\/\"},{\"@type\":\"ListItem\",\"position\":3,\"name\":\"BrainCo Revo 3 Touch Robot Hand\"}]},{\"@type\":\"WebSite\",\"@id\":\"https:\\\/\\\/www.ghostysky.com\\\/#website\",\"url\":\"https:\\\/\\\/www.ghostysky.com\\\/\",\"name\":\"Ghostysky\",\"description\":\"Delivering professional drones and robotics solutions\",\"publisher\":{\"@id\":\"https:\\\/\\\/www.ghostysky.com\\\/#organization\"},\"potentialAction\":[{\"@type\":\"SearchAction\",\"target\":{\"@type\":\"EntryPoint\",\"urlTemplate\":\"https:\\\/\\\/www.ghostysky.com\\\/?s={search_term_string}\"},\"query-input\":{\"@type\":\"PropertyValueSpecification\",\"valueRequired\":true,\"valueName\":\"search_term_string\"}}],\"inLanguage\":\"es\"},{\"@type\":\"Organization\",\"@id\":\"https:\\\/\\\/www.ghostysky.com\\\/#organization\",\"name\":\"Ghostysky\",\"url\":\"https:\\\/\\\/www.ghostysky.com\\\/\",\"logo\":{\"@type\":\"ImageObject\",\"inLanguage\":\"es\",\"@id\":\"https:\\\/\\\/www.ghostysky.com\\\/#\\\/schema\\\/logo\\\/image\\\/\",\"url\":\"https:\\\/\\\/www.ghostysky.com\\\/wp-content\\\/uploads\\\/2020\\\/06\\\/cropped-ghostyskylogo_text_white2.png\",\"contentUrl\":\"https:\\\/\\\/www.ghostysky.com\\\/wp-content\\\/uploads\\\/2020\\\/06\\\/cropped-ghostyskylogo_text_white2.png\",\"width\":169,\"height\":56,\"caption\":\"Ghostysky\"},\"image\":{\"@id\":\"https:\\\/\\\/www.ghostysky.com\\\/#\\\/schema\\\/logo\\\/image\\\/\"},\"sameAs\":[\"https:\\\/\\\/www.facebook.com\\\/people\\\/Ghostysky\\\/100057676170234\\\/\",\"https:\\\/\\\/x.com\\\/Gh0stysky\",\"https:\\\/\\\/www.linkedin.com\\\/company\\\/34739653\",\"https:\\\/\\\/www.instagram.com\\\/gh0stysky\"]}]}<\/script>\n<!-- \/ Yoast SEO plugin. -->","yoast_head_json":{"title":"Mano rob\u00f3tica t\u00e1ctil BrainCo Revo 3 - Ghostysky","description":"La BrainCo Revo 3 Touch es una mano inteligente y diestra de \u00faltima generaci\u00f3n dise\u00f1ada para la rob\u00f3tica humanoide, la investigaci\u00f3n y la automatizaci\u00f3n avanzada. Lanzada como una evoluci\u00f3n significativa de la serie Revo, va m\u00e1s all\u00e1 del simple agarre mec\u00e1nico para alcanzar un nivel de &quot;conciencia&quot; sensorial que se asemeja mucho a la capacidad humana. A diferencia de sus predecesoras, la Revo 3 Touch est\u00e1 dise\u00f1ada no solo para moverse, sino tambi\u00e9n para percibir, lo que la convierte en una opci\u00f3n de primer nivel para la rob\u00f3tica encarnada impulsada por IA.","robots":{"index":"index","follow":"follow","max-snippet":"max-snippet:-1","max-image-preview":"max-image-preview:large","max-video-preview":"max-video-preview:-1"},"canonical":"https:\/\/www.ghostysky.com\/es\/producto-2\/brainco-revo-3-touch-robot-hand\/","og_locale":"es_ES","og_type":"article","og_title":"BrainCo Revo 3 Touch Robot Hand - Ghostysky","og_description":"The BrainCo Revo 3 Touch is a next-generation intelligent dexterous hand designed for humanoid robotics, research, and advanced automation. Launched as a significant evolution of the Revo series, it moves beyond simple mechanical grasping to achieve a level of sensory \"awareness\" that closely mirrors human capability. Unlike its predecessors, the Revo 3 Touch is designed not just to move, but to perceive, making it a top-tier choice for AI-driven embodied robotics.","og_url":"https:\/\/www.ghostysky.com\/es\/producto-2\/brainco-revo-3-touch-robot-hand\/","og_site_name":"Ghostysky","article_publisher":"https:\/\/www.facebook.com\/people\/Ghostysky\/100057676170234\/","article_modified_time":"2026-05-08T18:11:55+00:00","og_image":[{"width":700,"height":700,"url":"https:\/\/www.ghostysky.com\/wp-content\/uploads\/2026\/05\/GH_brainco-revo-3-21-basic-robot-hand-right.jpg","type":"image\/jpeg"}],"twitter_card":"summary_large_image","twitter_site":"@Gh0stysky","twitter_misc":{"Tiempo de lectura":"2 minutos"},"schema":{"@context":"https:\/\/schema.org","@graph":[{"@type":"WebPage","@id":"https:\/\/www.ghostysky.com\/product\/brainco-revo-3-touch-robot-hand\/","url":"https:\/\/www.ghostysky.com\/product\/brainco-revo-3-touch-robot-hand\/","name":"Mano rob\u00f3tica t\u00e1ctil BrainCo Revo 3 - Ghostysky","isPartOf":{"@id":"https:\/\/www.ghostysky.com\/#website"},"primaryImageOfPage":{"@id":"https:\/\/www.ghostysky.com\/product\/brainco-revo-3-touch-robot-hand\/#primaryimage"},"image":{"@id":"https:\/\/www.ghostysky.com\/product\/brainco-revo-3-touch-robot-hand\/#primaryimage"},"thumbnailUrl":"https:\/\/www.ghostysky.com\/wp-content\/uploads\/2026\/05\/GH_brainco-revo-3-21-basic-robot-hand-right.jpg","datePublished":"2026-05-08T18:07:12+00:00","dateModified":"2026-05-08T18:11:55+00:00","description":"La BrainCo Revo 3 Touch es una mano inteligente y diestra de \u00faltima generaci\u00f3n dise\u00f1ada para la rob\u00f3tica humanoide, la investigaci\u00f3n y la automatizaci\u00f3n avanzada. Lanzada como una evoluci\u00f3n significativa de la serie Revo, va m\u00e1s all\u00e1 del simple agarre mec\u00e1nico para alcanzar un nivel de &quot;conciencia&quot; sensorial que se asemeja mucho a la capacidad humana. A diferencia de sus predecesoras, la Revo 3 Touch est\u00e1 dise\u00f1ada no solo para moverse, sino tambi\u00e9n para percibir, lo que la convierte en una opci\u00f3n de primer nivel para la rob\u00f3tica encarnada impulsada por IA.","breadcrumb":{"@id":"https:\/\/www.ghostysky.com\/product\/brainco-revo-3-touch-robot-hand\/#breadcrumb"},"inLanguage":"es","potentialAction":[{"@type":"ReadAction","target":["https:\/\/www.ghostysky.com\/product\/brainco-revo-3-touch-robot-hand\/"]}]},{"@type":"ImageObject","inLanguage":"es","@id":"https:\/\/www.ghostysky.com\/product\/brainco-revo-3-touch-robot-hand\/#primaryimage","url":"https:\/\/www.ghostysky.com\/wp-content\/uploads\/2026\/05\/GH_brainco-revo-3-21-basic-robot-hand-right.jpg","contentUrl":"https:\/\/www.ghostysky.com\/wp-content\/uploads\/2026\/05\/GH_brainco-revo-3-21-basic-robot-hand-right.jpg","width":700,"height":700},{"@type":"BreadcrumbList","@id":"https:\/\/www.ghostysky.com\/product\/brainco-revo-3-touch-robot-hand\/#breadcrumb","itemListElement":[{"@type":"ListItem","position":1,"name":"Home","item":"https:\/\/www.ghostysky.com\/"},{"@type":"ListItem","position":2,"name":"Shop","item":"https:\/\/www.ghostysky.com\/shop\/"},{"@type":"ListItem","position":3,"name":"BrainCo Revo 3 Touch Robot Hand"}]},{"@type":"WebSite","@id":"https:\/\/www.ghostysky.com\/#website","url":"https:\/\/www.ghostysky.com\/","name":"Ghostysky","description":"Ofrecemos soluciones profesionales de drones y rob\u00f3tica.","publisher":{"@id":"https:\/\/www.ghostysky.com\/#organization"},"potentialAction":[{"@type":"SearchAction","target":{"@type":"EntryPoint","urlTemplate":"https:\/\/www.ghostysky.com\/?s={search_term_string}"},"query-input":{"@type":"PropertyValueSpecification","valueRequired":true,"valueName":"search_term_string"}}],"inLanguage":"es"},{"@type":"Organization","@id":"https:\/\/www.ghostysky.com\/#organization","name":"Ghostysky","url":"https:\/\/www.ghostysky.com\/","logo":{"@type":"ImageObject","inLanguage":"es","@id":"https:\/\/www.ghostysky.com\/#\/schema\/logo\/image\/","url":"https:\/\/www.ghostysky.com\/wp-content\/uploads\/2020\/06\/cropped-ghostyskylogo_text_white2.png","contentUrl":"https:\/\/www.ghostysky.com\/wp-content\/uploads\/2020\/06\/cropped-ghostyskylogo_text_white2.png","width":169,"height":56,"caption":"Ghostysky"},"image":{"@id":"https:\/\/www.ghostysky.com\/#\/schema\/logo\/image\/"},"sameAs":["https:\/\/www.facebook.com\/people\/Ghostysky\/100057676170234\/","https:\/\/x.com\/Gh0stysky","https:\/\/www.linkedin.com\/company\/34739653","https:\/\/www.instagram.com\/gh0stysky"]}]}},"_links":{"self":[{"href":"https:\/\/www.ghostysky.com\/es\/wp-json\/wp\/v2\/product\/26094","targetHints":{"allow":["GET"]}}],"collection":[{"href":"https:\/\/www.ghostysky.com\/es\/wp-json\/wp\/v2\/product"}],"about":[{"href":"https:\/\/www.ghostysky.com\/es\/wp-json\/wp\/v2\/types\/product"}],"replies":[{"embeddable":true,"href":"https:\/\/www.ghostysky.com\/es\/wp-json\/wp\/v2\/comments?post=26094"}],"version-history":[{"count":1,"href":"https:\/\/www.ghostysky.com\/es\/wp-json\/wp\/v2\/product\/26094\/revisions"}],"predecessor-version":[{"id":26096,"href":"https:\/\/www.ghostysky.com\/es\/wp-json\/wp\/v2\/product\/26094\/revisions\/26096"}],"wp:featuredmedia":[{"embeddable":true,"href":"https:\/\/www.ghostysky.com\/es\/wp-json\/wp\/v2\/media\/26092"}],"wp:attachment":[{"href":"https:\/\/www.ghostysky.com\/es\/wp-json\/wp\/v2\/media?parent=26094"}],"wp:term":[{"taxonomy":"product_brand","embeddable":true,"href":"https:\/\/www.ghostysky.com\/es\/wp-json\/wp\/v2\/product_brand?post=26094"},{"taxonomy":"product_cat","embeddable":true,"href":"https:\/\/www.ghostysky.com\/es\/wp-json\/wp\/v2\/product_cat?post=26094"},{"taxonomy":"product_tag","embeddable":true,"href":"https:\/\/www.ghostysky.com\/es\/wp-json\/wp\/v2\/product_tag?post=26094"}],"curies":[{"name":"wp","href":"https:\/\/api.w.org\/{rel}","templated":true}]}}