{"id":26095,"date":"2026-05-08T18:11:44","date_gmt":"2026-05-08T18:11:44","guid":{"rendered":"https:\/\/www.ghostysky.com\/?post_type=product&#038;p=26095"},"modified":"2026-05-08T18:15:08","modified_gmt":"2026-05-08T18:15:08","slug":"brainco-revo-3-v-touch-robot-hand","status":"publish","type":"product","link":"https:\/\/www.ghostysky.com\/es\/product\/brainco-revo-3-v-touch-robot-hand\/","title":{"rendered":"Mano rob\u00f3tica BrainCo Revo 3 V-Touch"},"content":{"rendered":"<h3 data-path-to-node=\"2\">Descripci\u00f3n general del producto<\/h3>\n<p id=\"p-rc_6da3d4d5b9bee08d-94\" data-path-to-node=\"3\">El Revo 3 representa un salto significativo en la \u201cinteligencia incorporada\u201d.\u201d <span class=\"citation-131 citation-end-131\">Est\u00e1 dise\u00f1ado para imitar el rango de movimiento y la sensibilidad de la mano humana, lo que le permite realizar tareas que antes se consideraban imposibles para dispositivos no humanoides, como resolver un cubo de Rubik, realizar trucos con cuerdas o ejecutar delicados cortes con tijeras.<\/span><\/p>\n<h3 data-path-to-node=\"4\">Especificaciones y caracter\u00edsticas clave<\/h3>\n<ul data-path-to-node=\"5\">\n<li>\n<p id=\"p-rc_6da3d4d5b9bee08d-95\" data-path-to-node=\"5,0,0\"><b data-path-to-node=\"5,0,0\" data-index-in-node=\"0\"><span class=\"citation-130\">Sistema sensorial V-Touch:<\/span><\/b><span class=\"citation-130\"> La denominaci\u00f3n \u201cV-Touch\u201d se refiere a la integraci\u00f3n <\/span><b data-path-to-node=\"5,0,0\" data-index-in-node=\"75\"><span class=\"citation-130\">retroalimentaci\u00f3n t\u00e1ctil y visual<\/span><\/b><span class=\"citation-130 citation-end-130\"> sistema.<\/span> <span class=\"citation-129 citation-end-129\">Utiliza sensores ubicados en toda la palma de la mano y en las puntas de los dedos que perciben la dureza, la textura y la direcci\u00f3n de la fuerza.<\/span><\/p>\n<\/li>\n<li>\n<p id=\"p-rc_6da3d4d5b9bee08d-96\" data-path-to-node=\"5,1,0\"><b data-path-to-node=\"5,1,0\" data-index-in-node=\"0\"><span class=\"citation-128\">Destreza a alta velocidad:<\/span><\/b><span class=\"citation-128\"> Presenta una respuesta de alta frecuencia (hasta <\/span><b data-path-to-node=\"5,1,0\" data-index-in-node=\"64\"><span class=\"citation-128\">Velocidad de 3 Hz<\/span><\/b><span class=\"citation-128 citation-end-128\"> para gestos complejos), lo que permite movimientos fluidos y realistas.<\/span><\/p>\n<\/li>\n<li>\n<p data-path-to-node=\"5,2,0\"><b data-path-to-node=\"5,2,0\" data-index-in-node=\"0\">Construcci\u00f3n ultraligera:<\/b> Manteniendo el dise\u00f1o ligero caracter\u00edstico de BrainCo, minimiza la resistencia del brazo para los usuarios de pr\u00f3tesis al tiempo que maximiza la relaci\u00f3n carga \u00fatil-peso para los expertos en rob\u00f3tica.<\/p>\n<\/li>\n<li>\n<p id=\"p-rc_6da3d4d5b9bee08d-97\" data-path-to-node=\"5,3,0\"><b data-path-to-node=\"5,3,0\" data-index-in-node=\"0\"><span class=\"citation-127\">Control multimodal:<\/span><\/b><span class=\"citation-127\"> Compatible con el sistema no invasivo de BrainCo <\/span><b data-path-to-node=\"5,3,0\" data-index-in-node=\"60\"><span class=\"citation-127\">Interfaz cerebro-computadora (ICC)<\/span><\/b><span class=\"citation-127 citation-end-127\">, que lee las se\u00f1ales neuronales a trav\u00e9s de la piel para permitir la independencia de los dedos &quot;controlada por el pensamiento&quot;.<\/span><\/p>\n<p>&nbsp;<\/li>\n<\/ul>\n<h3 data-path-to-node=\"7\">Capacidades t\u00e9cnicas<\/h3>\n<table data-path-to-node=\"8\">\n<thead>\n<tr>\n<td><strong>Caracter\u00edstica<\/strong><\/td>\n<td><strong>Descripci\u00f3n<\/strong><\/td>\n<\/tr>\n<\/thead>\n<tbody>\n<tr>\n<td><span data-path-to-node=\"8,1,0,0\"><b data-path-to-node=\"8,1,0,0\" data-index-in-node=\"0\">Grados de libertad (GdL)<\/b><\/span><\/td>\n<td><span data-path-to-node=\"8,1,1,0\">Hasta 11 grados de libertad activos para un agarre equivalente al humano.<\/span><\/td>\n<\/tr>\n<tr>\n<td><span data-path-to-node=\"8,2,0,0\"><b data-path-to-node=\"8,2,0,0\" data-index-in-node=\"0\">Precisi\u00f3n t\u00e1ctil<\/b><\/span><\/td>\n<td><span data-path-to-node=\"8,2,1,0\">Sensor t\u00e1ctil 3D capaz de detectar fricci\u00f3n y proximidad.<\/span><\/td>\n<\/tr>\n<tr>\n<td><span data-path-to-node=\"8,3,0,0\"><b data-path-to-node=\"8,3,0,0\" data-index-in-node=\"0\">Durabilidad<\/b><\/span><\/td>\n<td><span data-path-to-node=\"8,3,1,0\">Fabricado con aluminio de calidad aeroespacial y pol\u00edmeros reforzados.<\/span><\/td>\n<\/tr>\n<tr>\n<td><span data-path-to-node=\"8,4,0,0\"><b data-path-to-node=\"8,4,0,0\" data-index-in-node=\"0\">Funcionamiento silencioso<\/b><\/span><\/td>\n<td><span data-path-to-node=\"8,4,1,0\">El ruido de funcionamiento se mantiene por debajo <b data-path-to-node=\"8,4,1,0\" data-index-in-node=\"30\">50 dB<\/b>, lo que lo hace adecuado para entornos de oficina o dom\u00e9sticos.<\/span><\/td>\n<\/tr>\n<tr>\n<td><span data-path-to-node=\"8,5,0,0\"><b data-path-to-node=\"8,5,0,0\" data-index-in-node=\"0\">Conectividad<\/b><\/span><\/td>\n<td><span data-path-to-node=\"8,5,1,0\">Admite EtherCAT y funciones de amplio voltaje mediante un SDK espec\u00edfico para desarrolladores.<\/span><\/td>\n<\/tr>\n<\/tbody>\n<\/table>\n<p>&nbsp;<\/p>\n<h3 data-path-to-node=\"10\">Casos de uso<\/h3>\n<ol start=\"1\" data-path-to-node=\"11\">\n<li>\n<p id=\"p-rc_6da3d4d5b9bee08d-98\" data-path-to-node=\"11,0,0\"><b data-path-to-node=\"11,0,0\" data-index-in-node=\"0\"><span class=\"citation-126\">Pr\u00f3tesis de \u00faltima generaci\u00f3n:<\/span><\/b><span class=\"citation-126 citation-end-126\"> Permite a las personas amputadas recuperar la motricidad fina, incluyendo tocar instrumentos musicales o practicar la caligraf\u00eda, sin necesidad de cirug\u00eda invasiva.<\/span><\/p>\n<\/li>\n<li>\n<p data-path-to-node=\"11,1,0\"><b data-path-to-node=\"11,1,0\" data-index-in-node=\"0\">Investigaci\u00f3n sobre humanoides:<\/b> Sirve como las &quot;manos&quot; para modelos avanzados de IA, proporcionando el hardware necesario para que los robots aprendan a manipular objetos de forma similar a los humanos.<\/p>\n<\/li>\n<li>\n<p id=\"p-rc_6da3d4d5b9bee08d-99\" data-path-to-node=\"11,2,0\"><b data-path-to-node=\"11,2,0\" data-index-in-node=\"0\"><span class=\"citation-125\">Automatizaci\u00f3n industrial:<\/span><\/b><span class=\"citation-125 citation-end-125\"> Ideal para l\u00edneas de montaje delicadas donde las pinzas tradicionales resultan demasiado aparatosas para componentes electr\u00f3nicos peque\u00f1os.<\/span><\/p>\n<\/li>\n<\/ol>","protected":false},"excerpt":{"rendered":"<p><span class=\"citation-132\">El <\/span><b data-path-to-node=\"0\" data-index-in-node=\"4\"><span class=\"citation-132\">BrainCo Revo 3 V-Touch<\/span><\/b><span class=\"citation-132 citation-end-132\"> Se trata de la \u00faltima evoluci\u00f3n en hardware rob\u00f3tico de alta precisi\u00f3n, que combina rob\u00f3tica de alto rendimiento con retroalimentaci\u00f3n sensorial avanzada.<\/span> Bas\u00e1ndose en el \u00e9xito del Revo 2, el Revo 3 est\u00e1 dise\u00f1ado tanto para pr\u00f3tesis avanzadas como para la manipulaci\u00f3n de robots humanoides de alta fidelidad.<\/p>","protected":false},"featured_media":26092,"comment_status":"open","ping_status":"closed","template":"","meta":[],"product_brand":[1383],"product_cat":[1041,1382,1381,1037],"product_tag":[],"class_list":{"0":"post-26095","1":"product","2":"type-product","3":"status-publish","4":"has-post-thumbnail","6":"product_brand-brainco","7":"product_cat-arms-grippers","8":"product_cat-bionic-dexterous-hands","9":"product_cat-brainco","10":"product_cat-robotics","12":"first","13":"onbackorder","14":"taxable","15":"shipping-taxable","16":"product-type-simple"},"yoast_head":"<!-- This site is optimized with the Yoast SEO plugin v27.4 - https:\/\/yoast.com\/product\/yoast-seo-wordpress\/ -->\n<title>BrainCo Revo 3 V-Touch Robot Hand - Ghostysky<\/title>\n<meta name=\"description\" content=\"The BrainCo Revo 3 V-Touch is the latest evolution in dexterous robotic hardware, merging high-performance robotics with advanced sensory feedback. Building on the success of the Revo 2, the Revo 3 is designed for both advanced prosthetics and high-fidelity humanoid robot manipulation.\" \/>\n<meta name=\"robots\" content=\"index, follow, max-snippet:-1, max-image-preview:large, max-video-preview:-1\" \/>\n<link rel=\"canonical\" href=\"https:\/\/www.ghostysky.com\/es\/producto-2\/brainco-revo-3-v-touch-robot-hand\/\" \/>\n<meta property=\"og:locale\" content=\"es_ES\" \/>\n<meta property=\"og:type\" content=\"article\" \/>\n<meta property=\"og:title\" content=\"BrainCo Revo 3 V-Touch Robot Hand - Ghostysky\" \/>\n<meta property=\"og:description\" content=\"The BrainCo Revo 3 V-Touch is the latest evolution in dexterous robotic hardware, merging high-performance robotics with advanced sensory feedback. Building on the success of the Revo 2, the Revo 3 is designed for both advanced prosthetics and high-fidelity humanoid robot manipulation.\" \/>\n<meta property=\"og:url\" content=\"https:\/\/www.ghostysky.com\/es\/producto-2\/brainco-revo-3-v-touch-robot-hand\/\" \/>\n<meta property=\"og:site_name\" content=\"Ghostysky\" \/>\n<meta property=\"article:publisher\" content=\"https:\/\/www.facebook.com\/people\/Ghostysky\/100057676170234\/\" \/>\n<meta property=\"article:modified_time\" content=\"2026-05-08T18:15:08+00:00\" \/>\n<meta property=\"og:image\" content=\"https:\/\/www.ghostysky.com\/wp-content\/uploads\/2026\/05\/GH_brainco-revo-3-21-basic-robot-hand-right.jpg\" \/>\n\t<meta property=\"og:image:width\" content=\"700\" \/>\n\t<meta property=\"og:image:height\" content=\"700\" \/>\n\t<meta property=\"og:image:type\" content=\"image\/jpeg\" \/>\n<meta name=\"twitter:card\" content=\"summary_large_image\" \/>\n<meta name=\"twitter:site\" content=\"@Gh0stysky\" \/>\n<meta name=\"twitter:label1\" content=\"Tiempo de lectura\" \/>\n\t<meta name=\"twitter:data1\" content=\"2 minutos\" \/>\n<script type=\"application\/ld+json\" class=\"yoast-schema-graph\">{\"@context\":\"https:\\\/\\\/schema.org\",\"@graph\":[{\"@type\":\"WebPage\",\"@id\":\"https:\\\/\\\/www.ghostysky.com\\\/product\\\/brainco-revo-3-v-touch-robot-hand\\\/\",\"url\":\"https:\\\/\\\/www.ghostysky.com\\\/product\\\/brainco-revo-3-v-touch-robot-hand\\\/\",\"name\":\"BrainCo Revo 3 V-Touch Robot Hand - Ghostysky\",\"isPartOf\":{\"@id\":\"https:\\\/\\\/www.ghostysky.com\\\/#website\"},\"primaryImageOfPage\":{\"@id\":\"https:\\\/\\\/www.ghostysky.com\\\/product\\\/brainco-revo-3-v-touch-robot-hand\\\/#primaryimage\"},\"image\":{\"@id\":\"https:\\\/\\\/www.ghostysky.com\\\/product\\\/brainco-revo-3-v-touch-robot-hand\\\/#primaryimage\"},\"thumbnailUrl\":\"https:\\\/\\\/www.ghostysky.com\\\/wp-content\\\/uploads\\\/2026\\\/05\\\/GH_brainco-revo-3-21-basic-robot-hand-right.jpg\",\"datePublished\":\"2026-05-08T18:11:44+00:00\",\"dateModified\":\"2026-05-08T18:15:08+00:00\",\"description\":\"The BrainCo Revo 3 V-Touch is the latest evolution in dexterous robotic hardware, merging high-performance robotics with advanced sensory feedback. Building on the success of the Revo 2, the Revo 3 is designed for both advanced prosthetics and high-fidelity humanoid robot manipulation.\",\"breadcrumb\":{\"@id\":\"https:\\\/\\\/www.ghostysky.com\\\/product\\\/brainco-revo-3-v-touch-robot-hand\\\/#breadcrumb\"},\"inLanguage\":\"es\",\"potentialAction\":[{\"@type\":\"ReadAction\",\"target\":[\"https:\\\/\\\/www.ghostysky.com\\\/product\\\/brainco-revo-3-v-touch-robot-hand\\\/\"]}]},{\"@type\":\"ImageObject\",\"inLanguage\":\"es\",\"@id\":\"https:\\\/\\\/www.ghostysky.com\\\/product\\\/brainco-revo-3-v-touch-robot-hand\\\/#primaryimage\",\"url\":\"https:\\\/\\\/www.ghostysky.com\\\/wp-content\\\/uploads\\\/2026\\\/05\\\/GH_brainco-revo-3-21-basic-robot-hand-right.jpg\",\"contentUrl\":\"https:\\\/\\\/www.ghostysky.com\\\/wp-content\\\/uploads\\\/2026\\\/05\\\/GH_brainco-revo-3-21-basic-robot-hand-right.jpg\",\"width\":700,\"height\":700},{\"@type\":\"BreadcrumbList\",\"@id\":\"https:\\\/\\\/www.ghostysky.com\\\/product\\\/brainco-revo-3-v-touch-robot-hand\\\/#breadcrumb\",\"itemListElement\":[{\"@type\":\"ListItem\",\"position\":1,\"name\":\"Home\",\"item\":\"https:\\\/\\\/www.ghostysky.com\\\/\"},{\"@type\":\"ListItem\",\"position\":2,\"name\":\"Shop\",\"item\":\"https:\\\/\\\/www.ghostysky.com\\\/shop\\\/\"},{\"@type\":\"ListItem\",\"position\":3,\"name\":\"BrainCo Revo 3 V-Touch Robot Hand\"}]},{\"@type\":\"WebSite\",\"@id\":\"https:\\\/\\\/www.ghostysky.com\\\/#website\",\"url\":\"https:\\\/\\\/www.ghostysky.com\\\/\",\"name\":\"Ghostysky\",\"description\":\"Delivering professional drones and robotics solutions\",\"publisher\":{\"@id\":\"https:\\\/\\\/www.ghostysky.com\\\/#organization\"},\"potentialAction\":[{\"@type\":\"SearchAction\",\"target\":{\"@type\":\"EntryPoint\",\"urlTemplate\":\"https:\\\/\\\/www.ghostysky.com\\\/?s={search_term_string}\"},\"query-input\":{\"@type\":\"PropertyValueSpecification\",\"valueRequired\":true,\"valueName\":\"search_term_string\"}}],\"inLanguage\":\"es\"},{\"@type\":\"Organization\",\"@id\":\"https:\\\/\\\/www.ghostysky.com\\\/#organization\",\"name\":\"Ghostysky\",\"url\":\"https:\\\/\\\/www.ghostysky.com\\\/\",\"logo\":{\"@type\":\"ImageObject\",\"inLanguage\":\"es\",\"@id\":\"https:\\\/\\\/www.ghostysky.com\\\/#\\\/schema\\\/logo\\\/image\\\/\",\"url\":\"https:\\\/\\\/www.ghostysky.com\\\/wp-content\\\/uploads\\\/2020\\\/06\\\/cropped-ghostyskylogo_text_white2.png\",\"contentUrl\":\"https:\\\/\\\/www.ghostysky.com\\\/wp-content\\\/uploads\\\/2020\\\/06\\\/cropped-ghostyskylogo_text_white2.png\",\"width\":169,\"height\":56,\"caption\":\"Ghostysky\"},\"image\":{\"@id\":\"https:\\\/\\\/www.ghostysky.com\\\/#\\\/schema\\\/logo\\\/image\\\/\"},\"sameAs\":[\"https:\\\/\\\/www.facebook.com\\\/people\\\/Ghostysky\\\/100057676170234\\\/\",\"https:\\\/\\\/x.com\\\/Gh0stysky\",\"https:\\\/\\\/www.linkedin.com\\\/company\\\/34739653\",\"https:\\\/\\\/www.instagram.com\\\/gh0stysky\"]}]}<\/script>\n<!-- \/ Yoast SEO plugin. -->","yoast_head_json":{"title":"Mano rob\u00f3tica BrainCo Revo 3 V-Touch - Ghostysky","description":"El BrainCo Revo 3 V-Touch representa la \u00faltima evoluci\u00f3n en hardware rob\u00f3tico de alta destreza, combinando rob\u00f3tica de alto rendimiento con retroalimentaci\u00f3n sensorial avanzada. Bas\u00e1ndose en el \u00e9xito del Revo 2, el Revo 3 est\u00e1 dise\u00f1ado tanto para pr\u00f3tesis avanzadas como para la manipulaci\u00f3n de robots humanoides de alta fidelidad.","robots":{"index":"index","follow":"follow","max-snippet":"max-snippet:-1","max-image-preview":"max-image-preview:large","max-video-preview":"max-video-preview:-1"},"canonical":"https:\/\/www.ghostysky.com\/es\/producto-2\/brainco-revo-3-v-touch-robot-hand\/","og_locale":"es_ES","og_type":"article","og_title":"BrainCo Revo 3 V-Touch Robot Hand - Ghostysky","og_description":"The BrainCo Revo 3 V-Touch is the latest evolution in dexterous robotic hardware, merging high-performance robotics with advanced sensory feedback. Building on the success of the Revo 2, the Revo 3 is designed for both advanced prosthetics and high-fidelity humanoid robot manipulation.","og_url":"https:\/\/www.ghostysky.com\/es\/producto-2\/brainco-revo-3-v-touch-robot-hand\/","og_site_name":"Ghostysky","article_publisher":"https:\/\/www.facebook.com\/people\/Ghostysky\/100057676170234\/","article_modified_time":"2026-05-08T18:15:08+00:00","og_image":[{"width":700,"height":700,"url":"https:\/\/www.ghostysky.com\/wp-content\/uploads\/2026\/05\/GH_brainco-revo-3-21-basic-robot-hand-right.jpg","type":"image\/jpeg"}],"twitter_card":"summary_large_image","twitter_site":"@Gh0stysky","twitter_misc":{"Tiempo de lectura":"2 minutos"},"schema":{"@context":"https:\/\/schema.org","@graph":[{"@type":"WebPage","@id":"https:\/\/www.ghostysky.com\/product\/brainco-revo-3-v-touch-robot-hand\/","url":"https:\/\/www.ghostysky.com\/product\/brainco-revo-3-v-touch-robot-hand\/","name":"Mano rob\u00f3tica BrainCo Revo 3 V-Touch - Ghostysky","isPartOf":{"@id":"https:\/\/www.ghostysky.com\/#website"},"primaryImageOfPage":{"@id":"https:\/\/www.ghostysky.com\/product\/brainco-revo-3-v-touch-robot-hand\/#primaryimage"},"image":{"@id":"https:\/\/www.ghostysky.com\/product\/brainco-revo-3-v-touch-robot-hand\/#primaryimage"},"thumbnailUrl":"https:\/\/www.ghostysky.com\/wp-content\/uploads\/2026\/05\/GH_brainco-revo-3-21-basic-robot-hand-right.jpg","datePublished":"2026-05-08T18:11:44+00:00","dateModified":"2026-05-08T18:15:08+00:00","description":"El BrainCo Revo 3 V-Touch representa la \u00faltima evoluci\u00f3n en hardware rob\u00f3tico de alta destreza, combinando rob\u00f3tica de alto rendimiento con retroalimentaci\u00f3n sensorial avanzada. Bas\u00e1ndose en el \u00e9xito del Revo 2, el Revo 3 est\u00e1 dise\u00f1ado tanto para pr\u00f3tesis avanzadas como para la manipulaci\u00f3n de robots humanoides de alta fidelidad.","breadcrumb":{"@id":"https:\/\/www.ghostysky.com\/product\/brainco-revo-3-v-touch-robot-hand\/#breadcrumb"},"inLanguage":"es","potentialAction":[{"@type":"ReadAction","target":["https:\/\/www.ghostysky.com\/product\/brainco-revo-3-v-touch-robot-hand\/"]}]},{"@type":"ImageObject","inLanguage":"es","@id":"https:\/\/www.ghostysky.com\/product\/brainco-revo-3-v-touch-robot-hand\/#primaryimage","url":"https:\/\/www.ghostysky.com\/wp-content\/uploads\/2026\/05\/GH_brainco-revo-3-21-basic-robot-hand-right.jpg","contentUrl":"https:\/\/www.ghostysky.com\/wp-content\/uploads\/2026\/05\/GH_brainco-revo-3-21-basic-robot-hand-right.jpg","width":700,"height":700},{"@type":"BreadcrumbList","@id":"https:\/\/www.ghostysky.com\/product\/brainco-revo-3-v-touch-robot-hand\/#breadcrumb","itemListElement":[{"@type":"ListItem","position":1,"name":"Home","item":"https:\/\/www.ghostysky.com\/"},{"@type":"ListItem","position":2,"name":"Shop","item":"https:\/\/www.ghostysky.com\/shop\/"},{"@type":"ListItem","position":3,"name":"BrainCo Revo 3 V-Touch Robot Hand"}]},{"@type":"WebSite","@id":"https:\/\/www.ghostysky.com\/#website","url":"https:\/\/www.ghostysky.com\/","name":"Ghostysky","description":"Ofrecemos soluciones profesionales de drones y rob\u00f3tica.","publisher":{"@id":"https:\/\/www.ghostysky.com\/#organization"},"potentialAction":[{"@type":"SearchAction","target":{"@type":"EntryPoint","urlTemplate":"https:\/\/www.ghostysky.com\/?s={search_term_string}"},"query-input":{"@type":"PropertyValueSpecification","valueRequired":true,"valueName":"search_term_string"}}],"inLanguage":"es"},{"@type":"Organization","@id":"https:\/\/www.ghostysky.com\/#organization","name":"Ghostysky","url":"https:\/\/www.ghostysky.com\/","logo":{"@type":"ImageObject","inLanguage":"es","@id":"https:\/\/www.ghostysky.com\/#\/schema\/logo\/image\/","url":"https:\/\/www.ghostysky.com\/wp-content\/uploads\/2020\/06\/cropped-ghostyskylogo_text_white2.png","contentUrl":"https:\/\/www.ghostysky.com\/wp-content\/uploads\/2020\/06\/cropped-ghostyskylogo_text_white2.png","width":169,"height":56,"caption":"Ghostysky"},"image":{"@id":"https:\/\/www.ghostysky.com\/#\/schema\/logo\/image\/"},"sameAs":["https:\/\/www.facebook.com\/people\/Ghostysky\/100057676170234\/","https:\/\/x.com\/Gh0stysky","https:\/\/www.linkedin.com\/company\/34739653","https:\/\/www.instagram.com\/gh0stysky"]}]}},"_links":{"self":[{"href":"https:\/\/www.ghostysky.com\/es\/wp-json\/wp\/v2\/product\/26095","targetHints":{"allow":["GET"]}}],"collection":[{"href":"https:\/\/www.ghostysky.com\/es\/wp-json\/wp\/v2\/product"}],"about":[{"href":"https:\/\/www.ghostysky.com\/es\/wp-json\/wp\/v2\/types\/product"}],"replies":[{"embeddable":true,"href":"https:\/\/www.ghostysky.com\/es\/wp-json\/wp\/v2\/comments?post=26095"}],"version-history":[{"count":1,"href":"https:\/\/www.ghostysky.com\/es\/wp-json\/wp\/v2\/product\/26095\/revisions"}],"predecessor-version":[{"id":26097,"href":"https:\/\/www.ghostysky.com\/es\/wp-json\/wp\/v2\/product\/26095\/revisions\/26097"}],"wp:featuredmedia":[{"embeddable":true,"href":"https:\/\/www.ghostysky.com\/es\/wp-json\/wp\/v2\/media\/26092"}],"wp:attachment":[{"href":"https:\/\/www.ghostysky.com\/es\/wp-json\/wp\/v2\/media?parent=26095"}],"wp:term":[{"taxonomy":"product_brand","embeddable":true,"href":"https:\/\/www.ghostysky.com\/es\/wp-json\/wp\/v2\/product_brand?post=26095"},{"taxonomy":"product_cat","embeddable":true,"href":"https:\/\/www.ghostysky.com\/es\/wp-json\/wp\/v2\/product_cat?post=26095"},{"taxonomy":"product_tag","embeddable":true,"href":"https:\/\/www.ghostysky.com\/es\/wp-json\/wp\/v2\/product_tag?post=26095"}],"curies":[{"name":"wp","href":"https:\/\/api.w.org\/{rel}","templated":true}]}}