{"id":26104,"date":"2026-05-08T18:30:27","date_gmt":"2026-05-08T18:30:27","guid":{"rendered":"https:\/\/www.ghostysky.com\/?post_type=product&#038;p=26104"},"modified":"2026-05-08T18:31:02","modified_gmt":"2026-05-08T18:31:02","slug":"dji-rs5","status":"publish","type":"product","link":"https:\/\/www.ghostysky.com\/es\/product\/dji-rs5\/","title":{"rendered":"DJI RS5"},"content":{"rendered":"<h3 data-path-to-node=\"2\"><b data-path-to-node=\"2\" data-index-in-node=\"0\">Caracter\u00edsticas principales de un vistazo<\/b><\/h3>\n<ul data-path-to-node=\"3\">\n<li>\n<p id=\"p-rc_e0d7de5dd55127ca-110\" data-path-to-node=\"3,0,0\"><b data-path-to-node=\"3,0,0\" data-index-in-node=\"0\"><span class=\"citation-162\">Algoritmo de estabilizaci\u00f3n de quinta generaci\u00f3n:<\/span><\/b><span class=\"citation-162 citation-end-162\"> Presenta un aumento del par m\u00e1ximo del motor de 50% en comparaci\u00f3n con el RS 4.<\/span> <span class=\"citation-161 citation-end-161\">Este nuevo sistema utiliza inteligencia artificial predictiva para distinguir entre movimientos intencionados (como caminar o correr) y temblores accidentales, lo que proporciona grabaciones m\u00e1s fluidas en situaciones de mucha acci\u00f3n.<\/span><\/p>\n<\/li>\n<li>\n<p id=\"p-rc_e0d7de5dd55127ca-111\" data-path-to-node=\"3,1,0\"><b data-path-to-node=\"3,1,0\" data-index-in-node=\"0\">M\u00f3dulo de seguimiento inteligente mejorado:<\/b><span class=\"citation-160 citation-end-160\"> Este nuevo accesorio magn\u00e9tico permite la selecci\u00f3n de temas mediante pantalla t\u00e1ctil.<\/span> <span class=\"citation-159 citation-end-159\">Es compatible con ActiveTrack para personas, veh\u00edculos y mascotas directamente desde la interfaz del estabilizador, sin necesidad de un tel\u00e9fono.<\/span><\/p>\n<\/li>\n<li>\n<p id=\"p-rc_e0d7de5dd55127ca-112\" data-path-to-node=\"3,2,0\"><b data-path-to-node=\"3,2,0\" data-index-in-node=\"0\">Disparo vertical nativo:<\/b><span class=\"citation-158 citation-end-158\"> Optimizado para TikTok y Reels, el RS 5 permite un cambio perfecto al modo vertical sin necesidad de accesorios de montaje adicionales.<\/span><\/p>\n<\/li>\n<li>\n<p id=\"p-rc_e0d7de5dd55127ca-113\" data-path-to-node=\"3,3,0\"><b data-path-to-node=\"3,3,0\" data-index-in-node=\"0\">Equilibrado de nivel profesional:<\/b><span class=\"citation-157\"> Incluye perillas de ajuste fino en cada eje y un nuevo <\/span><b data-path-to-node=\"3,3,0\" data-index-in-node=\"72\"><span class=\"citation-157\">Indicador del eje Z<\/span><\/b><span class=\"citation-157 citation-end-157\"> para proporcionar informaci\u00f3n en tiempo real sobre el movimiento vertical, ayud\u00e1ndote a lograr un equilibrio perfecto m\u00e1s r\u00e1pidamente.<\/span><\/p>\n<p>&nbsp;<\/li>\n<\/ul>\n<h3 data-path-to-node=\"5\"><b data-path-to-node=\"5\" data-index-in-node=\"0\">Especificaciones t\u00e9cnicas<\/b><\/h3>\n<table data-path-to-node=\"6\">\n<thead>\n<tr>\n<td><strong>Caracter\u00edstica<\/strong><\/td>\n<td><strong>Especificaci\u00f3n<\/strong><\/td>\n<\/tr>\n<\/thead>\n<tbody>\n<tr>\n<td><span data-path-to-node=\"6,1,0,0\"><b data-path-to-node=\"6,1,0,0\" data-index-in-node=\"0\">Carga \u00fatil probada<\/b><\/span><\/td>\n<td><span data-path-to-node=\"6,1,1,0\">3,0 kg (6,6 libras)<\/span><\/td>\n<\/tr>\n<tr>\n<td><span data-path-to-node=\"6,2,0,0\"><b data-path-to-node=\"6,2,0,0\" data-index-in-node=\"0\">Peso del card\u00e1n<\/b><\/span><\/td>\n<td><span data-path-to-node=\"6,2,1,0\">Aprox. 1,2 kg (solo el estabilizador)<\/span><\/td>\n<\/tr>\n<tr>\n<td><span data-path-to-node=\"6,3,0,0\"><b data-path-to-node=\"6,3,0,0\" data-index-in-node=\"0\">Duraci\u00f3n de la bater\u00eda<\/b><\/span><\/td>\n<td><span data-path-to-node=\"6,3,1,0\">Hasta 14 horas (est\u00e1ndar) \/ Hasta 30 horas (con empu\u00f1adura BG70)<\/span><\/td>\n<\/tr>\n<tr>\n<td><span data-path-to-node=\"6,4,0,0\"><b data-path-to-node=\"6,4,0,0\" data-index-in-node=\"0\">Tiempo de carga<\/b><\/span><\/td>\n<td><span data-path-to-node=\"6,4,1,0\">1 hora (0-100% mediante carga r\u00e1pida PD de 45 W)<\/span><\/td>\n<\/tr>\n<tr>\n<td><span data-path-to-node=\"6,5,0,0\"><b data-path-to-node=\"6,5,0,0\" data-index-in-node=\"0\">Conectividad<\/b><\/span><\/td>\n<td><span data-path-to-node=\"6,5,1,0\">Bluetooth 5.0, USB-C (Control\/Multifunci\u00f3n), Puertos NATO<\/span><\/td>\n<\/tr>\n<tr>\n<td><span data-path-to-node=\"6,6,0,0\"><b data-path-to-node=\"6,6,0,0\" data-index-in-node=\"0\">Temperatura de funcionamiento<\/b><\/span><\/td>\n<td><span data-path-to-node=\"6,6,1,0\">-20\u00b0 a 45\u00b0C (-4\u00b0 a 113\u00b0F)<\/span><\/td>\n<\/tr>\n<\/tbody>\n<\/table>\n<p>&nbsp;<\/p>\n<h3 data-path-to-node=\"8\"><b data-path-to-node=\"8\" data-index-in-node=\"0\">Nuevas mejoras en la calidad de vida<\/b><\/h3>\n<ul data-path-to-node=\"9\">\n<li>\n<p id=\"p-rc_e0d7de5dd55127ca-114\" data-path-to-node=\"9,0,0\"><b data-path-to-node=\"9,0,0\" data-index-in-node=\"0\"><span class=\"citation-156\">Bloqueos de eje automatizados de segunda generaci\u00f3n:<\/span><\/b><span class=\"citation-156 citation-end-156\"> El estabilizador se despliega y se bloquea\/desbloquea autom\u00e1ticamente al encenderlo o apagarlo, lo que reduce significativamente el tiempo de configuraci\u00f3n entre diferentes ubicaciones.<\/span><\/p>\n<\/li>\n<li>\n<p id=\"p-rc_e0d7de5dd55127ca-115\" data-path-to-node=\"9,1,0\"><b data-path-to-node=\"9,1,0\" data-index-in-node=\"0\">Asa electr\u00f3nica para malet\u00edn:<\/b><span class=\"citation-155 citation-end-155\"> El mango actualizado ahora incluye un joystick integrado, botones y una peque\u00f1a pantalla, lo que te brinda un control total del estabilizador al grabar desde \u00e1ngulos bajos.<\/span><\/p>\n<\/li>\n<li>\n<p id=\"p-rc_e0d7de5dd55127ca-116\" data-path-to-node=\"9,2,0\"><b data-path-to-node=\"9,2,0\" data-index-in-node=\"0\"><span class=\"citation-154\">Brazos recubiertos de tefl\u00f3n\u2122:<\/span><\/b><span class=\"citation-154 citation-end-154\"> Los brazos cuentan con un revestimiento de baja fricci\u00f3n que hace que el deslizamiento de los ejes para el equilibrado sea mucho m\u00e1s suave y preciso.<\/span><\/p>\n<\/li>\n<\/ul>\n<h3 data-path-to-node=\"10\"><b data-path-to-node=\"10\" data-index-in-node=\"0\">El veredicto<\/b><\/h3>\n<p data-path-to-node=\"11\">El DJI RS 5 es la opci\u00f3n inteligente para 2026. Combina la facilidad de uso para el consumidor con la estabilidad profesional. Si grabas con una c\u00e1mara sin espejo (como una Sony A7S III o una Canon R6 II) y priorizas la movilidad y el seguimiento asistido por IA, esta es la herramienta m\u00e1s eficiente de la gama Ronin.<\/p>\n<blockquote data-path-to-node=\"12\">\n<p id=\"p-rc_e0d7de5dd55127ca-117\" data-path-to-node=\"12,0\"><b data-path-to-node=\"12,0\" data-index-in-node=\"0\"><span class=\"citation-153\">Nota para usuarios Pro:<\/span><\/b><span class=\"citation-153 citation-end-153\"> Si bien la RS 5 es m\u00e1s inteligente y r\u00e1pida que la anterior RS 4 Pro, tiene un l\u00edmite de carga \u00fatil inferior (3 kg frente a 4,5 kg).<\/span> Si utiliza equipos de cine pesados o requiere enfoque autom\u00e1tico LiDAR, es posible que desee esperar a la <b data-path-to-node=\"12,0\" data-index-in-node=\"221\">RS 5 Pro<\/b> o qu\u00e9date con el RS 4 Pro.<\/p>\n<\/blockquote>","protected":false},"excerpt":{"rendered":"<p><span class=\"citation-164\">El <\/span><b data-path-to-node=\"0\" data-index-in-node=\"4\"><span class=\"citation-164\">DJI RS 5<\/span><\/b><span class=\"citation-164 citation-end-164\">, Lanzado en enero de 2026, es un estabilizador ligero de \u00faltima generaci\u00f3n dise\u00f1ado espec\u00edficamente para creadores de contenido individuales y vide\u00f3grafos de redes sociales.<\/span> <span class=\"citation-163 citation-end-163\">Si bien conserva el formato compacto de sus predecesores, introduce un salto significativo en la potencia del motor y en la estabilizaci\u00f3n mediante inteligencia artificial.<\/span><\/p>","protected":false},"featured_media":26106,"comment_status":"open","ping_status":"closed","template":"","meta":[],"product_brand":[1031],"product_cat":[1301,1452],"product_tag":[42,1454],"class_list":{"0":"post-26104","1":"product","2":"type-product","3":"status-publish","4":"has-post-thumbnail","6":"product_brand-dji","7":"product_cat-dji-handled","8":"product_cat-rs5","9":"product_tag-dji","10":"product_tag-dji-rs5","12":"first","13":"outofstock","14":"taxable","15":"shipping-taxable","16":"purchasable","17":"product-type-simple"},"yoast_head":"<!-- This site is optimized with the Yoast SEO plugin v27.4 - https:\/\/yoast.com\/product\/yoast-seo-wordpress\/ -->\n<title>DJI RS5 - Ghostysky<\/title>\n<meta name=\"description\" content=\"The DJI RS 5, released in January 2026, is a next-generation lightweight gimbal designed specifically for solo content creators and social media videographers. While it retains the compact form factor of its predecessors, it introduces a significant leap in motor power and AI-driven stabilization.\" \/>\n<meta name=\"robots\" content=\"index, follow, max-snippet:-1, max-image-preview:large, max-video-preview:-1\" \/>\n<link rel=\"canonical\" href=\"https:\/\/www.ghostysky.com\/es\/producto-2\/dji-rs5\/\" \/>\n<meta property=\"og:locale\" content=\"es_ES\" \/>\n<meta property=\"og:type\" content=\"article\" \/>\n<meta property=\"og:title\" content=\"DJI RS5 - Ghostysky\" \/>\n<meta property=\"og:description\" content=\"The DJI RS 5, released in January 2026, is a next-generation lightweight gimbal designed specifically for solo content creators and social media videographers. While it retains the compact form factor of its predecessors, it introduces a significant leap in motor power and AI-driven stabilization.\" \/>\n<meta property=\"og:url\" content=\"https:\/\/www.ghostysky.com\/es\/producto-2\/dji-rs5\/\" \/>\n<meta property=\"og:site_name\" content=\"Ghostysky\" \/>\n<meta property=\"article:publisher\" content=\"https:\/\/www.facebook.com\/people\/Ghostysky\/100057676170234\/\" \/>\n<meta property=\"article:modified_time\" content=\"2026-05-08T18:31:02+00:00\" \/>\n<meta property=\"og:image\" content=\"https:\/\/www.ghostysky.com\/wp-content\/uploads\/2026\/05\/GH_DJI_RS5_1.jpg\" \/>\n\t<meta property=\"og:image:width\" content=\"1308\" \/>\n\t<meta property=\"og:image:height\" content=\"1308\" \/>\n\t<meta property=\"og:image:type\" content=\"image\/jpeg\" \/>\n<meta name=\"twitter:card\" content=\"summary_large_image\" \/>\n<meta name=\"twitter:site\" content=\"@Gh0stysky\" \/>\n<meta name=\"twitter:label1\" content=\"Tiempo de lectura\" \/>\n\t<meta name=\"twitter:data1\" content=\"2 minutos\" \/>\n<script type=\"application\/ld+json\" class=\"yoast-schema-graph\">{\"@context\":\"https:\\\/\\\/schema.org\",\"@graph\":[{\"@type\":\"WebPage\",\"@id\":\"https:\\\/\\\/www.ghostysky.com\\\/product\\\/dji-rs5\\\/\",\"url\":\"https:\\\/\\\/www.ghostysky.com\\\/product\\\/dji-rs5\\\/\",\"name\":\"DJI RS5 - Ghostysky\",\"isPartOf\":{\"@id\":\"https:\\\/\\\/www.ghostysky.com\\\/#website\"},\"primaryImageOfPage\":{\"@id\":\"https:\\\/\\\/www.ghostysky.com\\\/product\\\/dji-rs5\\\/#primaryimage\"},\"image\":{\"@id\":\"https:\\\/\\\/www.ghostysky.com\\\/product\\\/dji-rs5\\\/#primaryimage\"},\"thumbnailUrl\":\"https:\\\/\\\/www.ghostysky.com\\\/wp-content\\\/uploads\\\/2026\\\/05\\\/GH_DJI_RS5_1.jpg\",\"datePublished\":\"2026-05-08T18:30:27+00:00\",\"dateModified\":\"2026-05-08T18:31:02+00:00\",\"description\":\"The DJI RS 5, released in January 2026, is a next-generation lightweight gimbal designed specifically for solo content creators and social media videographers. While it retains the compact form factor of its predecessors, it introduces a significant leap in motor power and AI-driven stabilization.\",\"breadcrumb\":{\"@id\":\"https:\\\/\\\/www.ghostysky.com\\\/product\\\/dji-rs5\\\/#breadcrumb\"},\"inLanguage\":\"es\",\"potentialAction\":[{\"@type\":\"ReadAction\",\"target\":[\"https:\\\/\\\/www.ghostysky.com\\\/product\\\/dji-rs5\\\/\"]}]},{\"@type\":\"ImageObject\",\"inLanguage\":\"es\",\"@id\":\"https:\\\/\\\/www.ghostysky.com\\\/product\\\/dji-rs5\\\/#primaryimage\",\"url\":\"https:\\\/\\\/www.ghostysky.com\\\/wp-content\\\/uploads\\\/2026\\\/05\\\/GH_DJI_RS5_1.jpg\",\"contentUrl\":\"https:\\\/\\\/www.ghostysky.com\\\/wp-content\\\/uploads\\\/2026\\\/05\\\/GH_DJI_RS5_1.jpg\",\"width\":1308,\"height\":1308},{\"@type\":\"BreadcrumbList\",\"@id\":\"https:\\\/\\\/www.ghostysky.com\\\/product\\\/dji-rs5\\\/#breadcrumb\",\"itemListElement\":[{\"@type\":\"ListItem\",\"position\":1,\"name\":\"Home\",\"item\":\"https:\\\/\\\/www.ghostysky.com\\\/\"},{\"@type\":\"ListItem\",\"position\":2,\"name\":\"Shop\",\"item\":\"https:\\\/\\\/www.ghostysky.com\\\/shop\\\/\"},{\"@type\":\"ListItem\",\"position\":3,\"name\":\"DJI RS5\"}]},{\"@type\":\"WebSite\",\"@id\":\"https:\\\/\\\/www.ghostysky.com\\\/#website\",\"url\":\"https:\\\/\\\/www.ghostysky.com\\\/\",\"name\":\"Ghostysky\",\"description\":\"Delivering professional drones and robotics solutions\",\"publisher\":{\"@id\":\"https:\\\/\\\/www.ghostysky.com\\\/#organization\"},\"potentialAction\":[{\"@type\":\"SearchAction\",\"target\":{\"@type\":\"EntryPoint\",\"urlTemplate\":\"https:\\\/\\\/www.ghostysky.com\\\/?s={search_term_string}\"},\"query-input\":{\"@type\":\"PropertyValueSpecification\",\"valueRequired\":true,\"valueName\":\"search_term_string\"}}],\"inLanguage\":\"es\"},{\"@type\":\"Organization\",\"@id\":\"https:\\\/\\\/www.ghostysky.com\\\/#organization\",\"name\":\"Ghostysky\",\"url\":\"https:\\\/\\\/www.ghostysky.com\\\/\",\"logo\":{\"@type\":\"ImageObject\",\"inLanguage\":\"es\",\"@id\":\"https:\\\/\\\/www.ghostysky.com\\\/#\\\/schema\\\/logo\\\/image\\\/\",\"url\":\"https:\\\/\\\/www.ghostysky.com\\\/wp-content\\\/uploads\\\/2020\\\/06\\\/cropped-ghostyskylogo_text_white2.png\",\"contentUrl\":\"https:\\\/\\\/www.ghostysky.com\\\/wp-content\\\/uploads\\\/2020\\\/06\\\/cropped-ghostyskylogo_text_white2.png\",\"width\":169,\"height\":56,\"caption\":\"Ghostysky\"},\"image\":{\"@id\":\"https:\\\/\\\/www.ghostysky.com\\\/#\\\/schema\\\/logo\\\/image\\\/\"},\"sameAs\":[\"https:\\\/\\\/www.facebook.com\\\/people\\\/Ghostysky\\\/100057676170234\\\/\",\"https:\\\/\\\/x.com\\\/Gh0stysky\",\"https:\\\/\\\/www.linkedin.com\\\/company\\\/34739653\",\"https:\\\/\\\/www.instagram.com\\\/gh0stysky\"]}]}<\/script>\n<!-- \/ Yoast SEO plugin. -->","yoast_head_json":{"title":"DJI RS5 - Ghostysky","description":"El DJI RS 5, lanzado en enero de 2026, es un estabilizador ligero de \u00faltima generaci\u00f3n dise\u00f1ado espec\u00edficamente para creadores de contenido independientes y vide\u00f3grafos de redes sociales. Si bien conserva el formato compacto de sus predecesores, introduce un salto significativo en la potencia del motor y la estabilizaci\u00f3n mediante inteligencia artificial.","robots":{"index":"index","follow":"follow","max-snippet":"max-snippet:-1","max-image-preview":"max-image-preview:large","max-video-preview":"max-video-preview:-1"},"canonical":"https:\/\/www.ghostysky.com\/es\/producto-2\/dji-rs5\/","og_locale":"es_ES","og_type":"article","og_title":"DJI RS5 - Ghostysky","og_description":"The DJI RS 5, released in January 2026, is a next-generation lightweight gimbal designed specifically for solo content creators and social media videographers. While it retains the compact form factor of its predecessors, it introduces a significant leap in motor power and AI-driven stabilization.","og_url":"https:\/\/www.ghostysky.com\/es\/producto-2\/dji-rs5\/","og_site_name":"Ghostysky","article_publisher":"https:\/\/www.facebook.com\/people\/Ghostysky\/100057676170234\/","article_modified_time":"2026-05-08T18:31:02+00:00","og_image":[{"width":1308,"height":1308,"url":"https:\/\/www.ghostysky.com\/wp-content\/uploads\/2026\/05\/GH_DJI_RS5_1.jpg","type":"image\/jpeg"}],"twitter_card":"summary_large_image","twitter_site":"@Gh0stysky","twitter_misc":{"Tiempo de lectura":"2 minutos"},"schema":{"@context":"https:\/\/schema.org","@graph":[{"@type":"WebPage","@id":"https:\/\/www.ghostysky.com\/product\/dji-rs5\/","url":"https:\/\/www.ghostysky.com\/product\/dji-rs5\/","name":"DJI RS5 - Ghostysky","isPartOf":{"@id":"https:\/\/www.ghostysky.com\/#website"},"primaryImageOfPage":{"@id":"https:\/\/www.ghostysky.com\/product\/dji-rs5\/#primaryimage"},"image":{"@id":"https:\/\/www.ghostysky.com\/product\/dji-rs5\/#primaryimage"},"thumbnailUrl":"https:\/\/www.ghostysky.com\/wp-content\/uploads\/2026\/05\/GH_DJI_RS5_1.jpg","datePublished":"2026-05-08T18:30:27+00:00","dateModified":"2026-05-08T18:31:02+00:00","description":"El DJI RS 5, lanzado en enero de 2026, es un estabilizador ligero de \u00faltima generaci\u00f3n dise\u00f1ado espec\u00edficamente para creadores de contenido independientes y vide\u00f3grafos de redes sociales. Si bien conserva el formato compacto de sus predecesores, introduce un salto significativo en la potencia del motor y la estabilizaci\u00f3n mediante inteligencia artificial.","breadcrumb":{"@id":"https:\/\/www.ghostysky.com\/product\/dji-rs5\/#breadcrumb"},"inLanguage":"es","potentialAction":[{"@type":"ReadAction","target":["https:\/\/www.ghostysky.com\/product\/dji-rs5\/"]}]},{"@type":"ImageObject","inLanguage":"es","@id":"https:\/\/www.ghostysky.com\/product\/dji-rs5\/#primaryimage","url":"https:\/\/www.ghostysky.com\/wp-content\/uploads\/2026\/05\/GH_DJI_RS5_1.jpg","contentUrl":"https:\/\/www.ghostysky.com\/wp-content\/uploads\/2026\/05\/GH_DJI_RS5_1.jpg","width":1308,"height":1308},{"@type":"BreadcrumbList","@id":"https:\/\/www.ghostysky.com\/product\/dji-rs5\/#breadcrumb","itemListElement":[{"@type":"ListItem","position":1,"name":"Home","item":"https:\/\/www.ghostysky.com\/"},{"@type":"ListItem","position":2,"name":"Shop","item":"https:\/\/www.ghostysky.com\/shop\/"},{"@type":"ListItem","position":3,"name":"DJI RS5"}]},{"@type":"WebSite","@id":"https:\/\/www.ghostysky.com\/#website","url":"https:\/\/www.ghostysky.com\/","name":"Ghostysky","description":"Ofrecemos soluciones profesionales de drones y rob\u00f3tica.","publisher":{"@id":"https:\/\/www.ghostysky.com\/#organization"},"potentialAction":[{"@type":"SearchAction","target":{"@type":"EntryPoint","urlTemplate":"https:\/\/www.ghostysky.com\/?s={search_term_string}"},"query-input":{"@type":"PropertyValueSpecification","valueRequired":true,"valueName":"search_term_string"}}],"inLanguage":"es"},{"@type":"Organization","@id":"https:\/\/www.ghostysky.com\/#organization","name":"Ghostysky","url":"https:\/\/www.ghostysky.com\/","logo":{"@type":"ImageObject","inLanguage":"es","@id":"https:\/\/www.ghostysky.com\/#\/schema\/logo\/image\/","url":"https:\/\/www.ghostysky.com\/wp-content\/uploads\/2020\/06\/cropped-ghostyskylogo_text_white2.png","contentUrl":"https:\/\/www.ghostysky.com\/wp-content\/uploads\/2020\/06\/cropped-ghostyskylogo_text_white2.png","width":169,"height":56,"caption":"Ghostysky"},"image":{"@id":"https:\/\/www.ghostysky.com\/#\/schema\/logo\/image\/"},"sameAs":["https:\/\/www.facebook.com\/people\/Ghostysky\/100057676170234\/","https:\/\/x.com\/Gh0stysky","https:\/\/www.linkedin.com\/company\/34739653","https:\/\/www.instagram.com\/gh0stysky"]}]}},"_links":{"self":[{"href":"https:\/\/www.ghostysky.com\/es\/wp-json\/wp\/v2\/product\/26104","targetHints":{"allow":["GET"]}}],"collection":[{"href":"https:\/\/www.ghostysky.com\/es\/wp-json\/wp\/v2\/product"}],"about":[{"href":"https:\/\/www.ghostysky.com\/es\/wp-json\/wp\/v2\/types\/product"}],"replies":[{"embeddable":true,"href":"https:\/\/www.ghostysky.com\/es\/wp-json\/wp\/v2\/comments?post=26104"}],"version-history":[{"count":1,"href":"https:\/\/www.ghostysky.com\/es\/wp-json\/wp\/v2\/product\/26104\/revisions"}],"predecessor-version":[{"id":26107,"href":"https:\/\/www.ghostysky.com\/es\/wp-json\/wp\/v2\/product\/26104\/revisions\/26107"}],"wp:featuredmedia":[{"embeddable":true,"href":"https:\/\/www.ghostysky.com\/es\/wp-json\/wp\/v2\/media\/26106"}],"wp:attachment":[{"href":"https:\/\/www.ghostysky.com\/es\/wp-json\/wp\/v2\/media?parent=26104"}],"wp:term":[{"taxonomy":"product_brand","embeddable":true,"href":"https:\/\/www.ghostysky.com\/es\/wp-json\/wp\/v2\/product_brand?post=26104"},{"taxonomy":"product_cat","embeddable":true,"href":"https:\/\/www.ghostysky.com\/es\/wp-json\/wp\/v2\/product_cat?post=26104"},{"taxonomy":"product_tag","embeddable":true,"href":"https:\/\/www.ghostysky.com\/es\/wp-json\/wp\/v2\/product_tag?post=26104"}],"curies":[{"name":"wp","href":"https:\/\/api.w.org\/{rel}","templated":true}]}}