{"id":26109,"date":"2026-05-08T18:33:30","date_gmt":"2026-05-08T18:33:30","guid":{"rendered":"https:\/\/www.ghostysky.com\/?post_type=product&#038;p=26109"},"modified":"2026-05-08T18:39:13","modified_gmt":"2026-05-08T18:39:13","slug":"dji-rs-5-combo","status":"publish","type":"product","link":"https:\/\/www.ghostysky.com\/es\/product\/dji-rs-5-combo\/","title":{"rendered":"DJI RS 5 Combo"},"content":{"rendered":"<h3 data-path-to-node=\"2\"><b data-path-to-node=\"2\" data-index-in-node=\"0\">Descripci\u00f3n general: La eficiencia se une a la inteligencia.<\/b><\/h3>\n<p id=\"p-rc_50e25a9004559d12-132\" data-path-to-node=\"3\"><span class=\"citation-208\">El RS 5 supone un salto significativo respecto al RS 4, ya que cuenta con un <\/span><b data-path-to-node=\"3\" data-index-in-node=\"61\"><span class=\"citation-208\">50% aumento del par m\u00e1ximo del motor<\/span><\/b><span class=\"citation-208\"> y el debut de la <\/span><b data-path-to-node=\"3\" data-index-in-node=\"116\"><span class=\"citation-208\">Algoritmo de estabilizaci\u00f3n RS de quinta generaci\u00f3n<\/span><\/b><span class=\"citation-208 citation-end-208\">.<\/span> <span class=\"citation-207\">El Combo eleva este hardware con el <\/span><b data-path-to-node=\"3\" data-index-in-node=\"194\"><span class=\"citation-207\">M\u00f3dulo de seguimiento inteligente mejorado<\/span><\/b><span class=\"citation-207 citation-end-207\">, lo que te permite seleccionar y seguir sujetos directamente desde la pantalla t\u00e1ctil integrada del estabilizador sin necesidad de un monitor externo.<\/span><\/p>\n<h3 data-path-to-node=\"4\"><b data-path-to-node=\"4\" data-index-in-node=\"0\">Caracter\u00edsticas clave<\/b><\/h3>\n<ul data-path-to-node=\"5\">\n<li>\n<p id=\"p-rc_50e25a9004559d12-133\" data-path-to-node=\"5,0,0\"><b data-path-to-node=\"5,0,0\" data-index-in-node=\"0\"><span class=\"citation-206 citation-end-206\">Carga \u00fatil de 3,0 kg (6,6 libras):<\/span><\/b><span class=\"citation-205\"> Transporta f\u00e1cilmente configuraciones sin espejo convencionales (por ejemplo, Sony A7S III + 24-70 mm f\/2.8) a pesar de pesar solo <\/span><b data-path-to-node=\"5,0,0\" data-index-in-node=\"129\"><span class=\"citation-205\">1,46 kg<\/span><\/b><span class=\"citation-205 citation-end-205\">.<\/span><\/p>\n<\/li>\n<li>\n<p id=\"p-rc_50e25a9004559d12-134\" data-path-to-node=\"5,1,0\"><b data-path-to-node=\"5,1,0\" data-index-in-node=\"0\"><span class=\"citation-204\">Seguimiento inteligente mejorado:<\/span><\/b><span class=\"citation-204 citation-end-204\"> M\u00f3dulo de IA magn\u00e9tica que rastrea personas, veh\u00edculos y mascotas a distancias de hasta 10 metros.<\/span><\/p>\n<\/li>\n<li>\n<p id=\"p-rc_50e25a9004559d12-135\" data-path-to-node=\"5,2,0\"><b data-path-to-node=\"5,2,0\" data-index-in-node=\"0\"><span class=\"citation-203\">Bloqueos de eje automatizados de segunda generaci\u00f3n:<\/span><\/b><span class=\"citation-203 citation-end-203\"> El estabilizador se despliega\/pliega y se bloquea autom\u00e1ticamente al encenderlo o apagarlo, lo que hace que las transiciones sean pr\u00e1cticamente instant\u00e1neas.<\/span><\/p>\n<\/li>\n<li>\n<p id=\"p-rc_50e25a9004559d12-136\" data-path-to-node=\"5,3,0\"><b data-path-to-node=\"5,3,0\" data-index-in-node=\"0\">Disparo vertical nativo de tercera generaci\u00f3n:<\/b><span class=\"citation-202 citation-end-202\"> Cambia al modo vertical para TikTok o Reels en segundos simplemente volviendo a montar la placa horizontal; no se necesitan accesorios adicionales.<\/span><\/p>\n<\/li>\n<li>\n<p id=\"p-rc_50e25a9004559d12-137\" data-path-to-node=\"5,4,0\"><b data-path-to-node=\"5,4,0\" data-index-in-node=\"0\"><span class=\"citation-201\">Indicador del eje Z:<\/span><\/b><span class=\"citation-201 citation-end-201\"> Un nuevo sistema de retroalimentaci\u00f3n visual en la pantalla que te ayuda a ajustar tu forma de andar para eliminar el &quot;rebote al caminar&quot; en tus grabaciones.<\/span><\/p>\n<p>&nbsp;<\/li>\n<\/ul>\n<h3 data-path-to-node=\"7\"><b data-path-to-node=\"7\" data-index-in-node=\"0\">\u00bfQu\u00e9 contiene el \u201ccombo\u201d?<\/b><\/h3>\n<p data-path-to-node=\"8\">Si bien el RS 5 est\u00e1ndar incluye lo b\u00e1sico, el <b data-path-to-node=\"8\" data-index-in-node=\"49\">Combo<\/b> Es la versi\u00f3n \u201clista para producci\u00f3n\u201d. Incluye varios accesorios esenciales:<\/p>\n<table data-path-to-node=\"9\">\n<thead>\n<tr>\n<td><strong>Accesorio<\/strong><\/td>\n<td><strong>Objetivo<\/strong><\/td>\n<\/tr>\n<\/thead>\n<tbody>\n<tr>\n<td><span data-path-to-node=\"9,1,0,0\"><b data-path-to-node=\"9,1,0,0\" data-index-in-node=\"0\">M\u00f3dulo de seguimiento inteligente mejorado<\/b><\/span><\/td>\n<td><span data-path-to-node=\"9,1,1,0\">Permite la selecci\u00f3n y el seguimiento de sujetos mediante IA directamente en la pantalla del estabilizador.<\/span><\/td>\n<\/tr>\n<tr>\n<td><span data-path-to-node=\"9,2,0,0\"><b data-path-to-node=\"9,2,0,0\" data-index-in-node=\"0\">Asa electr\u00f3nica para malet\u00edn<\/b><\/span><\/td>\n<td><span data-path-to-node=\"9,2,1,0\">Proporciona ergonom\u00eda para \u00e1ngulos bajos y control remoto del estabilizador\/c\u00e1mara mediante un joystick integrado.<\/span><\/td>\n<\/tr>\n<tr>\n<td><span data-path-to-node=\"9,3,0,0\"><b data-path-to-node=\"9,3,0,0\" data-index-in-node=\"0\">Motor Focus Pro (Compatibilidad)<\/b><\/span><\/td>\n<td><span data-path-to-node=\"9,3,1,0\">Admite configuraciones de doble motor para el control simult\u00e1neo del zoom y el enfoque.<\/span><\/td>\n<\/tr>\n<tr>\n<td><span data-path-to-node=\"9,4,0,0\"><b data-path-to-node=\"9,4,0,0\" data-index-in-node=\"0\">Estuche de transporte<\/b><\/span><\/td>\n<td><span data-path-to-node=\"9,4,1,0\">Un estuche acolchado espec\u00edfico para el estabilizador y todos los accesorios incluidos.<\/span><\/td>\n<\/tr>\n<tr>\n<td><span data-path-to-node=\"9,5,0,0\"><b data-path-to-node=\"9,5,0,0\" data-index-in-node=\"0\">Cable de control multic\u00e1mara en forma de L<\/b><\/span><\/td>\n<td><span data-path-to-node=\"9,5,1,0\">Optimizado para una gesti\u00f3n de cables m\u00e1s limpia.<\/span><\/td>\n<\/tr>\n<\/tbody>\n<\/table>\n<p>&nbsp;<\/p>\n<h3 data-path-to-node=\"11\"><b data-path-to-node=\"11\" data-index-in-node=\"0\">Bater\u00eda y energ\u00eda<\/b><\/h3>\n<p id=\"p-rc_50e25a9004559d12-138\" data-path-to-node=\"12\"><span class=\"citation-200 citation-end-200\">El RS 5 cuenta con un sistema de alimentaci\u00f3n refinado que prioriza los tiempos de respuesta r\u00e1pidos:<\/span><\/p>\n<ul data-path-to-node=\"13\">\n<li>\n<p id=\"p-rc_50e25a9004559d12-139\" data-path-to-node=\"13,0,0\"><b data-path-to-node=\"13,0,0\" data-index-in-node=\"0\"><span class=\"citation-199\">Duraci\u00f3n de 14 horas:<\/span><\/b><span class=\"citation-199 citation-end-199\"> Proporcionado por la empu\u00f1adura de bater\u00eda est\u00e1ndar BG33.<\/span><\/p>\n<\/li>\n<li>\n<p id=\"p-rc_50e25a9004559d12-140\" data-path-to-node=\"13,1,0\"><b data-path-to-node=\"13,1,0\" data-index-in-node=\"0\">Carga r\u00e1pida:<\/b><span class=\"citation-198\"> Alcanza un <\/span><b data-path-to-node=\"13,1,0\" data-index-in-node=\"25\"><span class=\"citation-198\">El 100% se carga en solo 1 hora.<\/span><\/b><span class=\"citation-198 citation-end-198\"> (una mejora del 60% con respecto a la generaci\u00f3n anterior).<\/span><\/p>\n<\/li>\n<li>\n<p id=\"p-rc_50e25a9004559d12-141\" data-path-to-node=\"13,2,0\"><b data-path-to-node=\"13,2,0\" data-index-in-node=\"0\"><span class=\"citation-197\">Opci\u00f3n de alta capacidad:<\/span><\/b><span class=\"citation-197\"> Compatible con la empu\u00f1adura RS BG70, que extiende el tiempo de funcionamiento a una enorme <\/span><b data-path-to-node=\"13,2,0\" data-index-in-node=\"91\"><span class=\"citation-197\">30 horas<\/span><\/b><span class=\"citation-197 citation-end-197\">.<\/span><\/p>\n<p>&nbsp;<\/li>\n<\/ul>\n<h3 data-path-to-node=\"15\"><b data-path-to-node=\"15\" data-index-in-node=\"0\">Apoyo ampliado al ecosistema<\/b><\/h3>\n<p id=\"p-rc_50e25a9004559d12-142\" data-path-to-node=\"16\">El RS 5 Combo act\u00faa como un centro neur\u00e1lgico para todo tu sistema. <span class=\"citation-196\">Ahora cuenta con <\/span><b data-path-to-node=\"16\" data-index-in-node=\"66\"><span class=\"citation-196\">Compatibilidad con obturador Bluetooth<\/span><\/b><span class=\"citation-196\"> para m\u00e1s marcas, incluyendo <\/span><b data-path-to-node=\"16\" data-index-in-node=\"119\"><span class=\"citation-196\">Panasonic y Fujifilm<\/span><\/b><span class=\"citation-196 citation-end-196\">, junto con Sony, Canon y Nikon.<\/span> <span class=\"citation-195\">Tambi\u00e9n se integra de forma nativa con el <\/span><b data-path-to-node=\"16\" data-index-in-node=\"214\"><span class=\"citation-195\">Transmisi\u00f3n DJI SDR<\/span><\/b><span class=\"citation-195 citation-end-195\"> Sistema para monitorizaci\u00f3n en directo de alta definici\u00f3n y control remoto del card\u00e1n.<\/span><\/p>","protected":false},"excerpt":{"rendered":"<p><span class=\"citation-210\">El <\/span><b data-path-to-node=\"0\" data-index-in-node=\"4\"><span class=\"citation-210\">DJI RS 5 Combo<\/span><\/b><span class=\"citation-210 citation-end-210\"> Se trata de la versi\u00f3n profesional del estabilizador comercial ligero de DJI, que se lanzar\u00e1 a principios de 2026.<\/span> <span class=\"citation-209 citation-end-209\">Este kit est\u00e1 dise\u00f1ado espec\u00edficamente para creadores independientes y jugadores que utilizan sistemas de disparo h\u00edbridos y que necesitan algo m\u00e1s que estabilizaci\u00f3n: a\u00f1ade seguimiento mediante IA avanzado y herramientas de control ergon\u00f3micas que no est\u00e1n incluidas en la versi\u00f3n independiente.<\/span><\/p>","protected":false},"featured_media":26110,"comment_status":"open","ping_status":"closed","template":"","meta":[],"product_brand":[1031],"product_cat":[1301,1452],"product_tag":[42,1454],"class_list":{"0":"post-26109","1":"product","2":"type-product","3":"status-publish","4":"has-post-thumbnail","6":"product_brand-dji","7":"product_cat-dji-handled","8":"product_cat-rs5","9":"product_tag-dji","10":"product_tag-dji-rs5","12":"first","13":"outofstock","14":"taxable","15":"shipping-taxable","16":"purchasable","17":"product-type-simple"},"yoast_head":"<!-- This site is optimized with the Yoast SEO plugin v27.4 - https:\/\/yoast.com\/product\/yoast-seo-wordpress\/ -->\n<title>DJI RS 5 Combo - Ghostysky<\/title>\n<meta name=\"description\" content=\"The DJI RS 5 Combo is the professional expansion of DJI\u2019s lightweight commercial stabilizer, released in early 2026. This kit is specifically designed for solo creators and hybrid shooters who need more than just stabilization\u2014it adds advanced AI tracking and ergonomic control tools that aren&#039;t included in the standalone version.\" \/>\n<meta name=\"robots\" content=\"index, follow, max-snippet:-1, max-image-preview:large, max-video-preview:-1\" \/>\n<link rel=\"canonical\" href=\"https:\/\/www.ghostysky.com\/es\/producto-2\/dji-rs-5-combo\/\" \/>\n<meta property=\"og:locale\" content=\"es_ES\" \/>\n<meta property=\"og:type\" content=\"article\" \/>\n<meta property=\"og:title\" content=\"DJI RS 5 Combo - Ghostysky\" \/>\n<meta property=\"og:description\" content=\"The DJI RS 5 Combo is the professional expansion of DJI\u2019s lightweight commercial stabilizer, released in early 2026. This kit is specifically designed for solo creators and hybrid shooters who need more than just stabilization\u2014it adds advanced AI tracking and ergonomic control tools that aren&#039;t included in the standalone version.\" \/>\n<meta property=\"og:url\" content=\"https:\/\/www.ghostysky.com\/es\/producto-2\/dji-rs-5-combo\/\" \/>\n<meta property=\"og:site_name\" content=\"Ghostysky\" \/>\n<meta property=\"article:publisher\" content=\"https:\/\/www.facebook.com\/people\/Ghostysky\/100057676170234\/\" \/>\n<meta property=\"article:modified_time\" content=\"2026-05-08T18:39:13+00:00\" \/>\n<meta property=\"og:image\" content=\"https:\/\/www.ghostysky.com\/wp-content\/uploads\/2026\/05\/GH_DJI_RS5_Combo_1.jpg\" \/>\n\t<meta property=\"og:image:width\" content=\"1308\" \/>\n\t<meta property=\"og:image:height\" content=\"1308\" \/>\n\t<meta property=\"og:image:type\" content=\"image\/jpeg\" \/>\n<meta name=\"twitter:card\" content=\"summary_large_image\" \/>\n<meta name=\"twitter:site\" content=\"@Gh0stysky\" \/>\n<meta name=\"twitter:label1\" content=\"Tiempo de lectura\" \/>\n\t<meta name=\"twitter:data1\" content=\"2 minutos\" \/>\n<script type=\"application\/ld+json\" class=\"yoast-schema-graph\">{\"@context\":\"https:\\\/\\\/schema.org\",\"@graph\":[{\"@type\":\"WebPage\",\"@id\":\"https:\\\/\\\/www.ghostysky.com\\\/product\\\/dji-rs-5-combo\\\/\",\"url\":\"https:\\\/\\\/www.ghostysky.com\\\/product\\\/dji-rs-5-combo\\\/\",\"name\":\"DJI RS 5 Combo - Ghostysky\",\"isPartOf\":{\"@id\":\"https:\\\/\\\/www.ghostysky.com\\\/#website\"},\"primaryImageOfPage\":{\"@id\":\"https:\\\/\\\/www.ghostysky.com\\\/product\\\/dji-rs-5-combo\\\/#primaryimage\"},\"image\":{\"@id\":\"https:\\\/\\\/www.ghostysky.com\\\/product\\\/dji-rs-5-combo\\\/#primaryimage\"},\"thumbnailUrl\":\"https:\\\/\\\/www.ghostysky.com\\\/wp-content\\\/uploads\\\/2026\\\/05\\\/GH_DJI_RS5_Combo_1.jpg\",\"datePublished\":\"2026-05-08T18:33:30+00:00\",\"dateModified\":\"2026-05-08T18:39:13+00:00\",\"description\":\"The DJI RS 5 Combo is the professional expansion of DJI\u2019s lightweight commercial stabilizer, released in early 2026. This kit is specifically designed for solo creators and hybrid shooters who need more than just stabilization\u2014it adds advanced AI tracking and ergonomic control tools that aren't included in the standalone version.\",\"breadcrumb\":{\"@id\":\"https:\\\/\\\/www.ghostysky.com\\\/product\\\/dji-rs-5-combo\\\/#breadcrumb\"},\"inLanguage\":\"es\",\"potentialAction\":[{\"@type\":\"ReadAction\",\"target\":[\"https:\\\/\\\/www.ghostysky.com\\\/product\\\/dji-rs-5-combo\\\/\"]}]},{\"@type\":\"ImageObject\",\"inLanguage\":\"es\",\"@id\":\"https:\\\/\\\/www.ghostysky.com\\\/product\\\/dji-rs-5-combo\\\/#primaryimage\",\"url\":\"https:\\\/\\\/www.ghostysky.com\\\/wp-content\\\/uploads\\\/2026\\\/05\\\/GH_DJI_RS5_Combo_1.jpg\",\"contentUrl\":\"https:\\\/\\\/www.ghostysky.com\\\/wp-content\\\/uploads\\\/2026\\\/05\\\/GH_DJI_RS5_Combo_1.jpg\",\"width\":1308,\"height\":1308},{\"@type\":\"BreadcrumbList\",\"@id\":\"https:\\\/\\\/www.ghostysky.com\\\/product\\\/dji-rs-5-combo\\\/#breadcrumb\",\"itemListElement\":[{\"@type\":\"ListItem\",\"position\":1,\"name\":\"Home\",\"item\":\"https:\\\/\\\/www.ghostysky.com\\\/\"},{\"@type\":\"ListItem\",\"position\":2,\"name\":\"Shop\",\"item\":\"https:\\\/\\\/www.ghostysky.com\\\/shop\\\/\"},{\"@type\":\"ListItem\",\"position\":3,\"name\":\"DJI RS 5 Combo\"}]},{\"@type\":\"WebSite\",\"@id\":\"https:\\\/\\\/www.ghostysky.com\\\/#website\",\"url\":\"https:\\\/\\\/www.ghostysky.com\\\/\",\"name\":\"Ghostysky\",\"description\":\"Delivering professional drones and robotics solutions\",\"publisher\":{\"@id\":\"https:\\\/\\\/www.ghostysky.com\\\/#organization\"},\"potentialAction\":[{\"@type\":\"SearchAction\",\"target\":{\"@type\":\"EntryPoint\",\"urlTemplate\":\"https:\\\/\\\/www.ghostysky.com\\\/?s={search_term_string}\"},\"query-input\":{\"@type\":\"PropertyValueSpecification\",\"valueRequired\":true,\"valueName\":\"search_term_string\"}}],\"inLanguage\":\"es\"},{\"@type\":\"Organization\",\"@id\":\"https:\\\/\\\/www.ghostysky.com\\\/#organization\",\"name\":\"Ghostysky\",\"url\":\"https:\\\/\\\/www.ghostysky.com\\\/\",\"logo\":{\"@type\":\"ImageObject\",\"inLanguage\":\"es\",\"@id\":\"https:\\\/\\\/www.ghostysky.com\\\/#\\\/schema\\\/logo\\\/image\\\/\",\"url\":\"https:\\\/\\\/www.ghostysky.com\\\/wp-content\\\/uploads\\\/2020\\\/06\\\/cropped-ghostyskylogo_text_white2.png\",\"contentUrl\":\"https:\\\/\\\/www.ghostysky.com\\\/wp-content\\\/uploads\\\/2020\\\/06\\\/cropped-ghostyskylogo_text_white2.png\",\"width\":169,\"height\":56,\"caption\":\"Ghostysky\"},\"image\":{\"@id\":\"https:\\\/\\\/www.ghostysky.com\\\/#\\\/schema\\\/logo\\\/image\\\/\"},\"sameAs\":[\"https:\\\/\\\/www.facebook.com\\\/people\\\/Ghostysky\\\/100057676170234\\\/\",\"https:\\\/\\\/x.com\\\/Gh0stysky\",\"https:\\\/\\\/www.linkedin.com\\\/company\\\/34739653\",\"https:\\\/\\\/www.instagram.com\\\/gh0stysky\"]}]}<\/script>\n<!-- \/ Yoast SEO plugin. -->","yoast_head_json":{"title":"DJI RS 5 Combo - Ghostysky","description":"El DJI RS 5 Combo es la versi\u00f3n profesional del estabilizador comercial ligero de DJI, que se lanzar\u00e1 a principios de 2026. Este kit est\u00e1 dise\u00f1ado espec\u00edficamente para creadores independientes y vide\u00f3grafos h\u00edbridos que necesitan m\u00e1s que solo estabilizaci\u00f3n: a\u00f1ade seguimiento avanzado con IA y herramientas de control ergon\u00f3micas que no est\u00e1n incluidas en la versi\u00f3n independiente.","robots":{"index":"index","follow":"follow","max-snippet":"max-snippet:-1","max-image-preview":"max-image-preview:large","max-video-preview":"max-video-preview:-1"},"canonical":"https:\/\/www.ghostysky.com\/es\/producto-2\/dji-rs-5-combo\/","og_locale":"es_ES","og_type":"article","og_title":"DJI RS 5 Combo - Ghostysky","og_description":"The DJI RS 5 Combo is the professional expansion of DJI\u2019s lightweight commercial stabilizer, released in early 2026. This kit is specifically designed for solo creators and hybrid shooters who need more than just stabilization\u2014it adds advanced AI tracking and ergonomic control tools that aren't included in the standalone version.","og_url":"https:\/\/www.ghostysky.com\/es\/producto-2\/dji-rs-5-combo\/","og_site_name":"Ghostysky","article_publisher":"https:\/\/www.facebook.com\/people\/Ghostysky\/100057676170234\/","article_modified_time":"2026-05-08T18:39:13+00:00","og_image":[{"width":1308,"height":1308,"url":"https:\/\/www.ghostysky.com\/wp-content\/uploads\/2026\/05\/GH_DJI_RS5_Combo_1.jpg","type":"image\/jpeg"}],"twitter_card":"summary_large_image","twitter_site":"@Gh0stysky","twitter_misc":{"Tiempo de lectura":"2 minutos"},"schema":{"@context":"https:\/\/schema.org","@graph":[{"@type":"WebPage","@id":"https:\/\/www.ghostysky.com\/product\/dji-rs-5-combo\/","url":"https:\/\/www.ghostysky.com\/product\/dji-rs-5-combo\/","name":"DJI RS 5 Combo - Ghostysky","isPartOf":{"@id":"https:\/\/www.ghostysky.com\/#website"},"primaryImageOfPage":{"@id":"https:\/\/www.ghostysky.com\/product\/dji-rs-5-combo\/#primaryimage"},"image":{"@id":"https:\/\/www.ghostysky.com\/product\/dji-rs-5-combo\/#primaryimage"},"thumbnailUrl":"https:\/\/www.ghostysky.com\/wp-content\/uploads\/2026\/05\/GH_DJI_RS5_Combo_1.jpg","datePublished":"2026-05-08T18:33:30+00:00","dateModified":"2026-05-08T18:39:13+00:00","description":"El DJI RS 5 Combo es la versi\u00f3n profesional del estabilizador comercial ligero de DJI, que se lanzar\u00e1 a principios de 2026. Este kit est\u00e1 dise\u00f1ado espec\u00edficamente para creadores independientes y vide\u00f3grafos h\u00edbridos que necesitan m\u00e1s que solo estabilizaci\u00f3n: a\u00f1ade seguimiento avanzado con IA y herramientas de control ergon\u00f3micas que no est\u00e1n incluidas en la versi\u00f3n independiente.","breadcrumb":{"@id":"https:\/\/www.ghostysky.com\/product\/dji-rs-5-combo\/#breadcrumb"},"inLanguage":"es","potentialAction":[{"@type":"ReadAction","target":["https:\/\/www.ghostysky.com\/product\/dji-rs-5-combo\/"]}]},{"@type":"ImageObject","inLanguage":"es","@id":"https:\/\/www.ghostysky.com\/product\/dji-rs-5-combo\/#primaryimage","url":"https:\/\/www.ghostysky.com\/wp-content\/uploads\/2026\/05\/GH_DJI_RS5_Combo_1.jpg","contentUrl":"https:\/\/www.ghostysky.com\/wp-content\/uploads\/2026\/05\/GH_DJI_RS5_Combo_1.jpg","width":1308,"height":1308},{"@type":"BreadcrumbList","@id":"https:\/\/www.ghostysky.com\/product\/dji-rs-5-combo\/#breadcrumb","itemListElement":[{"@type":"ListItem","position":1,"name":"Home","item":"https:\/\/www.ghostysky.com\/"},{"@type":"ListItem","position":2,"name":"Shop","item":"https:\/\/www.ghostysky.com\/shop\/"},{"@type":"ListItem","position":3,"name":"DJI RS 5 Combo"}]},{"@type":"WebSite","@id":"https:\/\/www.ghostysky.com\/#website","url":"https:\/\/www.ghostysky.com\/","name":"Ghostysky","description":"Ofrecemos soluciones profesionales de drones y rob\u00f3tica.","publisher":{"@id":"https:\/\/www.ghostysky.com\/#organization"},"potentialAction":[{"@type":"SearchAction","target":{"@type":"EntryPoint","urlTemplate":"https:\/\/www.ghostysky.com\/?s={search_term_string}"},"query-input":{"@type":"PropertyValueSpecification","valueRequired":true,"valueName":"search_term_string"}}],"inLanguage":"es"},{"@type":"Organization","@id":"https:\/\/www.ghostysky.com\/#organization","name":"Ghostysky","url":"https:\/\/www.ghostysky.com\/","logo":{"@type":"ImageObject","inLanguage":"es","@id":"https:\/\/www.ghostysky.com\/#\/schema\/logo\/image\/","url":"https:\/\/www.ghostysky.com\/wp-content\/uploads\/2020\/06\/cropped-ghostyskylogo_text_white2.png","contentUrl":"https:\/\/www.ghostysky.com\/wp-content\/uploads\/2020\/06\/cropped-ghostyskylogo_text_white2.png","width":169,"height":56,"caption":"Ghostysky"},"image":{"@id":"https:\/\/www.ghostysky.com\/#\/schema\/logo\/image\/"},"sameAs":["https:\/\/www.facebook.com\/people\/Ghostysky\/100057676170234\/","https:\/\/x.com\/Gh0stysky","https:\/\/www.linkedin.com\/company\/34739653","https:\/\/www.instagram.com\/gh0stysky"]}]}},"_links":{"self":[{"href":"https:\/\/www.ghostysky.com\/es\/wp-json\/wp\/v2\/product\/26109","targetHints":{"allow":["GET"]}}],"collection":[{"href":"https:\/\/www.ghostysky.com\/es\/wp-json\/wp\/v2\/product"}],"about":[{"href":"https:\/\/www.ghostysky.com\/es\/wp-json\/wp\/v2\/types\/product"}],"replies":[{"embeddable":true,"href":"https:\/\/www.ghostysky.com\/es\/wp-json\/wp\/v2\/comments?post=26109"}],"version-history":[{"count":1,"href":"https:\/\/www.ghostysky.com\/es\/wp-json\/wp\/v2\/product\/26109\/revisions"}],"predecessor-version":[{"id":26112,"href":"https:\/\/www.ghostysky.com\/es\/wp-json\/wp\/v2\/product\/26109\/revisions\/26112"}],"wp:featuredmedia":[{"embeddable":true,"href":"https:\/\/www.ghostysky.com\/es\/wp-json\/wp\/v2\/media\/26110"}],"wp:attachment":[{"href":"https:\/\/www.ghostysky.com\/es\/wp-json\/wp\/v2\/media?parent=26109"}],"wp:term":[{"taxonomy":"product_brand","embeddable":true,"href":"https:\/\/www.ghostysky.com\/es\/wp-json\/wp\/v2\/product_brand?post=26109"},{"taxonomy":"product_cat","embeddable":true,"href":"https:\/\/www.ghostysky.com\/es\/wp-json\/wp\/v2\/product_cat?post=26109"},{"taxonomy":"product_tag","embeddable":true,"href":"https:\/\/www.ghostysky.com\/es\/wp-json\/wp\/v2\/product_tag?post=26109"}],"curies":[{"name":"wp","href":"https:\/\/api.w.org\/{rel}","templated":true}]}}