{"id":3052,"date":"2022-01-12T10:53:41","date_gmt":"2022-01-12T10:53:41","guid":{"rendered":"https:\/\/www.ghostysky.com\/?post_type=product&#038;p=3052"},"modified":"2023-08-29T10:27:37","modified_gmt":"2023-08-29T10:27:37","slug":"autel-evo-ii-dual-rugged-bundle-640t-v2","status":"publish","type":"product","link":"https:\/\/www.ghostysky.com\/es\/product\/autel-evo-ii-dual-rugged-bundle-640t-v2\/","title":{"rendered":"Paquete reforzado doble Autel EVO II (640T) V2"},"content":{"rendered":"<p>EVO II Dual admite hasta 10 paletas t\u00e9rmicas para hacer frente a una variedad de entornos de disparo y escenarios de misi\u00f3n complejos.<\/p>\n<p>&nbsp;<\/p>\n<p><strong>Modo de imagen en imagen<\/strong><\/p>\n<p>La imagen t\u00e9rmica se integra en la imagen RGB est\u00e1ndar al mismo tiempo. Esto permite al usuario obtener datos visuales y t\u00e9rmicos al mismo tiempo y facilita el posicionamiento y el seguimiento del sujeto.<\/p>\n<ul>\n<li>Resoluci\u00f3n 640\u00d7512, Frecuencia de actualizaci\u00f3n: 30Hz<\/li>\n<li>Modo de imagen en imagen, 10 paletas de colores t\u00e9rmicos<\/li>\n<li>8K permite capturar y conservar hasta el m\u00e1s m\u00ednimo detalle<\/li>\n<li>Video 8K, claridad inigualable<\/li>\n<\/ul>\n<p>Autel Evo II Dual graba en resoluciones de hasta 7680\u00d74320. Con 4 veces m\u00e1s p\u00edxeles en comparaci\u00f3n con 4k (y 16 veces en comparaci\u00f3n con HD), los videos de 8k redefinen la claridad y profundidad de la imagen.<\/p>\n<p><strong>C\u00e1mara de 48MP<\/strong><\/p>\n<p>El sensor de 48MP del Evo II Dual captura todos los detalles forenses relevantes para ayudar en la captura precisa de evidencia. Tanto las im\u00e1genes t\u00e9rmicas como las RGB se proporcionan con metadatos integrados, lo que convierte al EVOII Dual en la herramienta de seguridad p\u00fablica definitiva.<\/p>\n<p><strong>Zoom de p\u00e9rdida 4X<\/strong><\/p>\n<p>La alta resoluci\u00f3n brinda la capacidad de ampliar profundamente una escena y recortar una imagen o video a 4k sin p\u00e9rdida de calidad. Capture una escena, haga zoom y vuelva a enmarcar sus tomas con facilidad.<\/p>\n<p><strong>4K HDR para un mayor rango din\u00e1mico<\/strong><\/p>\n<p>4K HDR ofrece mayor detalle en luces y sombras, brindando im\u00e1genes de mayor calidad de los entornos m\u00e1s exigentes.<\/p>\n<p>&nbsp;<\/p>\n<p><strong>Evitaci\u00f3n de obst\u00e1culos de 360\u00b0<\/strong><\/p>\n<p>Evitaci\u00f3n de obst\u00e1culos omnidireccional con 12 sensores visuales<\/p>\n<p>Equipado con 19 grupos de sensores, incluidos 12 sensores visuales, la c\u00e1mara principal, el ultrasonido, las IMU y otros sensores permiten la creaci\u00f3n de mapas tridimensionales y la planificaci\u00f3n de rutas en tiempo real.<\/p>\n<p>&nbsp;<\/p>\n<p><strong>Pista din\u00e1mica 2.0<\/strong><\/p>\n<p>EVO II puede modelar la ubicaci\u00f3n y la velocidad de los objetivos simult\u00e1neamente, predecir su trayectoria con precisi\u00f3n y rastrearlos continuamente mientras identifica hasta 64 objetos al mismo tiempo.<\/p>\n<p>&nbsp;<\/p>\n<p><strong>Aplicaciones<\/strong><\/p>\n<ul>\n<li>Inspecciones de l\u00ednea: reduzca costos, aumente la seguridad y mejore el flujo de trabajo de inspecci\u00f3n.<\/li>\n<li>Extinci\u00f3n de incendios: ubique puntos cr\u00edticos, brinde supervisi\u00f3n y reduzca los tiempos de respuesta.<\/li>\n<li>Cumplimiento de la ley: realice vigilancia, reconstrucci\u00f3n de la escena del accidente, an\u00e1lisis forense y monitoreo de multitudes.<\/li>\n<li>B\u00fasqueda y rescate: identifique sujetos, reduzca los tiempos de respuesta y maximice el \u00e1rea de b\u00fasqueda con la planificaci\u00f3n automatizada de misiones.<\/li>\n<li>Qu\u00edmico: inspeccione las plantas de manera m\u00e1s eficiente al mismo tiempo que mejora la seguridad de los trabajadores y reduce los costos de inspecci\u00f3n.<\/li>\n<li>Aumente la eficiencia de la inspecci\u00f3n de parques solares con la planificaci\u00f3n automatizada de misiones para reducir el tiempo de campo y permitir la inspecci\u00f3n t\u00e9rmica a trav\u00e9s de la carga \u00fatil t\u00e9rmica y el software de terceros para identificar defectos o hardware defectuoso.<\/li>\n<\/ul>\n<p>&nbsp;<\/p>\n<p><strong>Dise\u00f1o modular Expansi\u00f3n ilimitada<\/strong><\/p>\n<ul>\n<li>Las cargas \u00fatiles intercambiables ofrecen capacidad de expansi\u00f3n<\/li>\n<li>Distribuci\u00f3n de video en tiempo real<\/li>\n<li>LiveDeck permite a los pilotos compartir videos a\u00e9reos en vivo y en tiempo real a trav\u00e9s de redes p\u00fablicas o privadas, compartiendo datos con puestos de comando, partes interesadas o presentaciones en l\u00ednea.<\/li>\n<li>SDK abierto<\/li>\n<li>Cree servicios personalizados, aplicaciones, acceso y otras caracter\u00edsticas<\/li>\n<\/ul>\n<p>&nbsp;<\/p>\n<p><strong>Excelente actuaci\u00f3n<\/strong><\/p>\n<ul>\n<li>38 minutos de duraci\u00f3n de la bater\u00eda<\/li>\n<li>Rango de transmisi\u00f3n de 5.5 millas<\/li>\n<li>Resistencia al viento de nivel 8<\/li>\n<li>Velocidad m\u00e1xima de vuelo de 45 mph<\/li>\n<li>arquitectura magal<\/li>\n<li>Certificaci\u00f3n GGB4943.<\/li>\n<\/ul>\n<p>&nbsp;<\/p>\n<p><strong>El EVO II incluye:<\/strong><br \/>\n\u2022 EVO II Dual 640<br \/>\n\u2022 Control remoto<br \/>\n\u2022 H\u00e9lices<br \/>\n\u2022 Cargador<br \/>\n\u2022 Cargador de coche<br \/>\n\u2022 HUB de carga (para hasta 4 bater\u00edas)<br \/>\n\u2022 Caso<br \/>\n\u2022 Cables OTG Micro USB y OTG USB-C<br \/>\n\u2022 Cable micro USB (usado para cargar el controlador)<br \/>\n\u2022 Documentos de seguridad y de inicio r\u00e1pido<\/p>","protected":false},"excerpt":{"rendered":"<p>El dron t\u00e9rmico compacto m\u00e1s potente del mundo<\/p>\n<p>Presentamos la primera y \u00fanica c\u00e1mara t\u00e9rmica de alta resoluci\u00f3n de la industria en una plataforma compacta<\/p>\n<p>El sensor FLIR Boson 640\u00d7512 proporciona una resoluci\u00f3n mayor que cualquier c\u00e1mara de su clase, lo que permite a los pilotos ver detalles profundos en entornos oscuros.<\/p>\n<p>EVO II Dual incorpora un sensor de im\u00e1genes t\u00e9rmicas FLIR Boson con resoluciones de hasta 640 \u00d7 512, lo que permite al piloto de EVO II Dual capturar sujetos con gran detalle desde hasta 146 metros, 4 veces m\u00e1s que cualquier avi\u00f3n de su clase.<\/p>","protected":false},"featured_media":3053,"comment_status":"open","ping_status":"closed","template":"","meta":[],"product_brand":[],"product_cat":[220,364,29],"product_tag":[226,223,225,224],"class_list":{"0":"post-3052","1":"product","2":"type-product","3":"status-publish","4":"has-post-thumbnail","6":"product_cat-autel","7":"product_cat-bundles-autel","8":"product_cat-drones","9":"product_tag-640t","10":"product_tag-autel","11":"product_tag-autel-bundle","12":"product_tag-autel-evo-ii","14":"first","15":"onbackorder","16":"taxable","17":"shipping-taxable","18":"product-type-simple"},"yoast_head":"<!-- This site is optimized with the Yoast SEO plugin v27.4 - https:\/\/yoast.com\/product\/yoast-seo-wordpress\/ -->\n<title>Autel EVO II Dual Rugged Bundle (640T) V2 -<\/title>\n<meta name=\"description\" content=\"The World&#039;s Most Powerful, Compact Thermal DroneIntroducing the industry&#039;s first and only high-resolution thermal camera in a compact platform\" \/>\n<meta name=\"robots\" content=\"index, follow, max-snippet:-1, max-image-preview:large, max-video-preview:-1\" \/>\n<link rel=\"canonical\" href=\"https:\/\/www.ghostysky.com\/es\/producto-2\/autel-evo-ii-dual-rugged-bundle-640t-v2\/\" \/>\n<meta property=\"og:locale\" content=\"es_ES\" \/>\n<meta property=\"og:type\" content=\"article\" \/>\n<meta property=\"og:title\" content=\"Autel EVO II Dual Rugged Bundle (640T) V2 -\" \/>\n<meta property=\"og:description\" content=\"The World&#039;s Most Powerful, Compact Thermal DroneIntroducing the industry&#039;s first and only high-resolution thermal camera in a compact platform\" \/>\n<meta property=\"og:url\" content=\"https:\/\/www.ghostysky.com\/es\/producto-2\/autel-evo-ii-dual-rugged-bundle-640t-v2\/\" \/>\n<meta property=\"og:site_name\" content=\"Ghostysky\" \/>\n<meta property=\"article:publisher\" content=\"https:\/\/www.facebook.com\/people\/Ghostysky\/100057676170234\/\" \/>\n<meta property=\"article:modified_time\" content=\"2023-08-29T10:27:37+00:00\" \/>\n<meta property=\"og:image\" content=\"https:\/\/www.ghostysky.com\/wp-content\/uploads\/2022\/01\/eng_pl_Autel-EVO-II-Dual-Rugged-Bundle-640T-30hz-V2-12476_2.jpg\" \/>\n\t<meta property=\"og:image:width\" content=\"600\" \/>\n\t<meta property=\"og:image:height\" content=\"600\" \/>\n\t<meta property=\"og:image:type\" content=\"image\/jpeg\" \/>\n<meta name=\"twitter:card\" content=\"summary_large_image\" \/>\n<meta name=\"twitter:site\" content=\"@Gh0stysky\" \/>\n<meta name=\"twitter:label1\" content=\"Tiempo de lectura\" \/>\n\t<meta name=\"twitter:data1\" content=\"3 minutos\" \/>\n<script type=\"application\/ld+json\" class=\"yoast-schema-graph\">{\"@context\":\"https:\\\/\\\/schema.org\",\"@graph\":[{\"@type\":\"WebPage\",\"@id\":\"https:\\\/\\\/www.ghostysky.com\\\/product\\\/autel-evo-ii-dual-rugged-bundle-640t-v2\\\/\",\"url\":\"https:\\\/\\\/www.ghostysky.com\\\/product\\\/autel-evo-ii-dual-rugged-bundle-640t-v2\\\/\",\"name\":\"Autel EVO II Dual Rugged Bundle (640T) V2 -\",\"isPartOf\":{\"@id\":\"https:\\\/\\\/www.ghostysky.com\\\/#website\"},\"primaryImageOfPage\":{\"@id\":\"https:\\\/\\\/www.ghostysky.com\\\/product\\\/autel-evo-ii-dual-rugged-bundle-640t-v2\\\/#primaryimage\"},\"image\":{\"@id\":\"https:\\\/\\\/www.ghostysky.com\\\/product\\\/autel-evo-ii-dual-rugged-bundle-640t-v2\\\/#primaryimage\"},\"thumbnailUrl\":\"https:\\\/\\\/www.ghostysky.com\\\/wp-content\\\/uploads\\\/2022\\\/01\\\/eng_pl_Autel-EVO-II-Dual-Rugged-Bundle-640T-30hz-V2-12476_2.jpg\",\"datePublished\":\"2022-01-12T10:53:41+00:00\",\"dateModified\":\"2023-08-29T10:27:37+00:00\",\"description\":\"The World's Most Powerful, Compact Thermal DroneIntroducing the industry's first and only high-resolution thermal camera in a compact platform\",\"breadcrumb\":{\"@id\":\"https:\\\/\\\/www.ghostysky.com\\\/product\\\/autel-evo-ii-dual-rugged-bundle-640t-v2\\\/#breadcrumb\"},\"inLanguage\":\"es\",\"potentialAction\":[{\"@type\":\"ReadAction\",\"target\":[\"https:\\\/\\\/www.ghostysky.com\\\/product\\\/autel-evo-ii-dual-rugged-bundle-640t-v2\\\/\"]}]},{\"@type\":\"ImageObject\",\"inLanguage\":\"es\",\"@id\":\"https:\\\/\\\/www.ghostysky.com\\\/product\\\/autel-evo-ii-dual-rugged-bundle-640t-v2\\\/#primaryimage\",\"url\":\"https:\\\/\\\/www.ghostysky.com\\\/wp-content\\\/uploads\\\/2022\\\/01\\\/eng_pl_Autel-EVO-II-Dual-Rugged-Bundle-640T-30hz-V2-12476_2.jpg\",\"contentUrl\":\"https:\\\/\\\/www.ghostysky.com\\\/wp-content\\\/uploads\\\/2022\\\/01\\\/eng_pl_Autel-EVO-II-Dual-Rugged-Bundle-640T-30hz-V2-12476_2.jpg\",\"width\":600,\"height\":600},{\"@type\":\"BreadcrumbList\",\"@id\":\"https:\\\/\\\/www.ghostysky.com\\\/product\\\/autel-evo-ii-dual-rugged-bundle-640t-v2\\\/#breadcrumb\",\"itemListElement\":[{\"@type\":\"ListItem\",\"position\":1,\"name\":\"Home\",\"item\":\"https:\\\/\\\/www.ghostysky.com\\\/\"},{\"@type\":\"ListItem\",\"position\":2,\"name\":\"Shop\",\"item\":\"https:\\\/\\\/www.ghostysky.com\\\/shop\\\/\"},{\"@type\":\"ListItem\",\"position\":3,\"name\":\"Autel EVO II Dual Rugged Bundle (640T) V2\"}]},{\"@type\":\"WebSite\",\"@id\":\"https:\\\/\\\/www.ghostysky.com\\\/#website\",\"url\":\"https:\\\/\\\/www.ghostysky.com\\\/\",\"name\":\"Ghostysky\",\"description\":\"Delivering professional drones and robotics solutions\",\"publisher\":{\"@id\":\"https:\\\/\\\/www.ghostysky.com\\\/#organization\"},\"potentialAction\":[{\"@type\":\"SearchAction\",\"target\":{\"@type\":\"EntryPoint\",\"urlTemplate\":\"https:\\\/\\\/www.ghostysky.com\\\/?s={search_term_string}\"},\"query-input\":{\"@type\":\"PropertyValueSpecification\",\"valueRequired\":true,\"valueName\":\"search_term_string\"}}],\"inLanguage\":\"es\"},{\"@type\":\"Organization\",\"@id\":\"https:\\\/\\\/www.ghostysky.com\\\/#organization\",\"name\":\"Ghostysky\",\"url\":\"https:\\\/\\\/www.ghostysky.com\\\/\",\"logo\":{\"@type\":\"ImageObject\",\"inLanguage\":\"es\",\"@id\":\"https:\\\/\\\/www.ghostysky.com\\\/#\\\/schema\\\/logo\\\/image\\\/\",\"url\":\"https:\\\/\\\/www.ghostysky.com\\\/wp-content\\\/uploads\\\/2020\\\/06\\\/cropped-ghostyskylogo_text_white2.png\",\"contentUrl\":\"https:\\\/\\\/www.ghostysky.com\\\/wp-content\\\/uploads\\\/2020\\\/06\\\/cropped-ghostyskylogo_text_white2.png\",\"width\":169,\"height\":56,\"caption\":\"Ghostysky\"},\"image\":{\"@id\":\"https:\\\/\\\/www.ghostysky.com\\\/#\\\/schema\\\/logo\\\/image\\\/\"},\"sameAs\":[\"https:\\\/\\\/www.facebook.com\\\/people\\\/Ghostysky\\\/100057676170234\\\/\",\"https:\\\/\\\/x.com\\\/Gh0stysky\",\"https:\\\/\\\/www.linkedin.com\\\/company\\\/34739653\",\"https:\\\/\\\/www.instagram.com\\\/gh0stysky\"]}]}<\/script>\n<!-- \/ Yoast SEO plugin. -->","yoast_head_json":{"title":"Paquete resistente doble Autel EVO II (640T) V2 -","description":"El dron t\u00e9rmico compacto m\u00e1s potente del mundoPresentamos la primera y \u00fanica c\u00e1mara t\u00e9rmica de alta resoluci\u00f3n de la industria en una plataforma compacta","robots":{"index":"index","follow":"follow","max-snippet":"max-snippet:-1","max-image-preview":"max-image-preview:large","max-video-preview":"max-video-preview:-1"},"canonical":"https:\/\/www.ghostysky.com\/es\/producto-2\/autel-evo-ii-dual-rugged-bundle-640t-v2\/","og_locale":"es_ES","og_type":"article","og_title":"Autel EVO II Dual Rugged Bundle (640T) V2 -","og_description":"The World's Most Powerful, Compact Thermal DroneIntroducing the industry's first and only high-resolution thermal camera in a compact platform","og_url":"https:\/\/www.ghostysky.com\/es\/producto-2\/autel-evo-ii-dual-rugged-bundle-640t-v2\/","og_site_name":"Ghostysky","article_publisher":"https:\/\/www.facebook.com\/people\/Ghostysky\/100057676170234\/","article_modified_time":"2023-08-29T10:27:37+00:00","og_image":[{"width":600,"height":600,"url":"https:\/\/www.ghostysky.com\/wp-content\/uploads\/2022\/01\/eng_pl_Autel-EVO-II-Dual-Rugged-Bundle-640T-30hz-V2-12476_2.jpg","type":"image\/jpeg"}],"twitter_card":"summary_large_image","twitter_site":"@Gh0stysky","twitter_misc":{"Tiempo de lectura":"3 minutos"},"schema":{"@context":"https:\/\/schema.org","@graph":[{"@type":"WebPage","@id":"https:\/\/www.ghostysky.com\/product\/autel-evo-ii-dual-rugged-bundle-640t-v2\/","url":"https:\/\/www.ghostysky.com\/product\/autel-evo-ii-dual-rugged-bundle-640t-v2\/","name":"Paquete resistente doble Autel EVO II (640T) V2 -","isPartOf":{"@id":"https:\/\/www.ghostysky.com\/#website"},"primaryImageOfPage":{"@id":"https:\/\/www.ghostysky.com\/product\/autel-evo-ii-dual-rugged-bundle-640t-v2\/#primaryimage"},"image":{"@id":"https:\/\/www.ghostysky.com\/product\/autel-evo-ii-dual-rugged-bundle-640t-v2\/#primaryimage"},"thumbnailUrl":"https:\/\/www.ghostysky.com\/wp-content\/uploads\/2022\/01\/eng_pl_Autel-EVO-II-Dual-Rugged-Bundle-640T-30hz-V2-12476_2.jpg","datePublished":"2022-01-12T10:53:41+00:00","dateModified":"2023-08-29T10:27:37+00:00","description":"El dron t\u00e9rmico compacto m\u00e1s potente del mundoPresentamos la primera y \u00fanica c\u00e1mara t\u00e9rmica de alta resoluci\u00f3n de la industria en una plataforma compacta","breadcrumb":{"@id":"https:\/\/www.ghostysky.com\/product\/autel-evo-ii-dual-rugged-bundle-640t-v2\/#breadcrumb"},"inLanguage":"es","potentialAction":[{"@type":"ReadAction","target":["https:\/\/www.ghostysky.com\/product\/autel-evo-ii-dual-rugged-bundle-640t-v2\/"]}]},{"@type":"ImageObject","inLanguage":"es","@id":"https:\/\/www.ghostysky.com\/product\/autel-evo-ii-dual-rugged-bundle-640t-v2\/#primaryimage","url":"https:\/\/www.ghostysky.com\/wp-content\/uploads\/2022\/01\/eng_pl_Autel-EVO-II-Dual-Rugged-Bundle-640T-30hz-V2-12476_2.jpg","contentUrl":"https:\/\/www.ghostysky.com\/wp-content\/uploads\/2022\/01\/eng_pl_Autel-EVO-II-Dual-Rugged-Bundle-640T-30hz-V2-12476_2.jpg","width":600,"height":600},{"@type":"BreadcrumbList","@id":"https:\/\/www.ghostysky.com\/product\/autel-evo-ii-dual-rugged-bundle-640t-v2\/#breadcrumb","itemListElement":[{"@type":"ListItem","position":1,"name":"Home","item":"https:\/\/www.ghostysky.com\/"},{"@type":"ListItem","position":2,"name":"Shop","item":"https:\/\/www.ghostysky.com\/shop\/"},{"@type":"ListItem","position":3,"name":"Autel EVO II Dual Rugged Bundle (640T) V2"}]},{"@type":"WebSite","@id":"https:\/\/www.ghostysky.com\/#website","url":"https:\/\/www.ghostysky.com\/","name":"Ghostysky","description":"Ofrecemos soluciones profesionales de drones y rob\u00f3tica.","publisher":{"@id":"https:\/\/www.ghostysky.com\/#organization"},"potentialAction":[{"@type":"SearchAction","target":{"@type":"EntryPoint","urlTemplate":"https:\/\/www.ghostysky.com\/?s={search_term_string}"},"query-input":{"@type":"PropertyValueSpecification","valueRequired":true,"valueName":"search_term_string"}}],"inLanguage":"es"},{"@type":"Organization","@id":"https:\/\/www.ghostysky.com\/#organization","name":"Ghostysky","url":"https:\/\/www.ghostysky.com\/","logo":{"@type":"ImageObject","inLanguage":"es","@id":"https:\/\/www.ghostysky.com\/#\/schema\/logo\/image\/","url":"https:\/\/www.ghostysky.com\/wp-content\/uploads\/2020\/06\/cropped-ghostyskylogo_text_white2.png","contentUrl":"https:\/\/www.ghostysky.com\/wp-content\/uploads\/2020\/06\/cropped-ghostyskylogo_text_white2.png","width":169,"height":56,"caption":"Ghostysky"},"image":{"@id":"https:\/\/www.ghostysky.com\/#\/schema\/logo\/image\/"},"sameAs":["https:\/\/www.facebook.com\/people\/Ghostysky\/100057676170234\/","https:\/\/x.com\/Gh0stysky","https:\/\/www.linkedin.com\/company\/34739653","https:\/\/www.instagram.com\/gh0stysky"]}]}},"_links":{"self":[{"href":"https:\/\/www.ghostysky.com\/es\/wp-json\/wp\/v2\/product\/3052","targetHints":{"allow":["GET"]}}],"collection":[{"href":"https:\/\/www.ghostysky.com\/es\/wp-json\/wp\/v2\/product"}],"about":[{"href":"https:\/\/www.ghostysky.com\/es\/wp-json\/wp\/v2\/types\/product"}],"replies":[{"embeddable":true,"href":"https:\/\/www.ghostysky.com\/es\/wp-json\/wp\/v2\/comments?post=3052"}],"version-history":[{"count":0,"href":"https:\/\/www.ghostysky.com\/es\/wp-json\/wp\/v2\/product\/3052\/revisions"}],"wp:featuredmedia":[{"embeddable":true,"href":"https:\/\/www.ghostysky.com\/es\/wp-json\/wp\/v2\/media\/3053"}],"wp:attachment":[{"href":"https:\/\/www.ghostysky.com\/es\/wp-json\/wp\/v2\/media?parent=3052"}],"wp:term":[{"taxonomy":"product_brand","embeddable":true,"href":"https:\/\/www.ghostysky.com\/es\/wp-json\/wp\/v2\/product_brand?post=3052"},{"taxonomy":"product_cat","embeddable":true,"href":"https:\/\/www.ghostysky.com\/es\/wp-json\/wp\/v2\/product_cat?post=3052"},{"taxonomy":"product_tag","embeddable":true,"href":"https:\/\/www.ghostysky.com\/es\/wp-json\/wp\/v2\/product_tag?post=3052"}],"curies":[{"name":"wp","href":"https:\/\/api.w.org\/{rel}","templated":true}]}}