{"id":3082,"date":"2022-01-12T11:09:44","date_gmt":"2022-01-12T11:09:44","guid":{"rendered":"https:\/\/www.ghostysky.com\/?post_type=product&#038;p=3082"},"modified":"2023-04-01T20:22:03","modified_gmt":"2023-04-01T20:22:03","slug":"autel-evo-ii-pro-v2-6k","status":"publish","type":"product","link":"https:\/\/www.ghostysky.com\/es\/product\/autel-evo-ii-pro-v2-6k\/","title":{"rendered":"Autel EVO II PRO V2 6K"},"content":{"rendered":"<div class=\"evo2-banner-box autel-iframe-media-box\">\n<div class=\"evo2-banner-content center-content evo2-pro-detail-content2 slide-in-2\">\n<div class=\"evo2-banner-p\">\n<p><strong>El primer dron plegable 6K de Autel Robotics<\/strong><\/p>\n<\/div>\n<div class=\"pc-img\">\n<div class=\"autel-video-link-box\"><span class=\"autel-video-link open-media-button\">\u00a0<\/span><\/div>\n<\/div>\n<\/div>\n<\/div>\n<div class=\"evo2-banner-box\">\n<p><img decoding=\"async\" class=\"pc-img lazyload\" src=\"datos:imagen\/gif;base64,R0lGODlhAQABAAAAACH5BAEKAAEALAAAAAABAAEAAAICTAEAOw==\" border=\"0\" data-src=\"datos:imagen\/gif;base64,R0lGODlhAQABAAAAACH5BAEKAAEALAAAAAABAAEAAAICTAEAOw==\"><\/p>\n<div class=\"evo2-banner-content center-content evo2-pro-detail-content\">\n<div class=\"page-width\">\n<h2>Calidad de imagen superior en condiciones de iluminaci\u00f3n escasa y limitada<\/h2>\n<div>\n<p>Compatible con resoluciones de video de hasta 6K con un mayor rango din\u00e1mico y una mayor reducci\u00f3n de ruido, el EVO II Pro utiliza la \u00faltima generaci\u00f3n de sensores CMOS supersensibles de Sony para lograr impresionantes fotograf\u00edas con poca luz.<\/p>\n<\/div>\n<\/div>\n<\/div>\n<\/div>\n<div class=\"evo2-banner-box\">\n<p><img decoding=\"async\" class=\"pc-img lazyload\" src=\"datos:imagen\/gif;base64,R0lGODlhAQABAAAAACH5BAEKAAEALAAAAAABAAEAAAICTAEAOw==\" border=\"0\" data-src=\"datos:imagen\/gif;base64,R0lGODlhAQABAAAAACH5BAEKAAEALAAAAAABAAEAAAICTAEAOw==\"><\/p>\n<div class=\"evo2-banner-content left-content\">\n<div class=\"page-width\">\n<h2 class=\"left-text\">Adaptabilidad y versatilidad para cada entorno de iluminaci\u00f3n<\/h2>\n<div>\n<p class=\"left-text\">Las configuraciones avanzadas de la c\u00e1mara de la EVO II Pro incluyen un rango de apertura ajustable de f2.8 a f11 y un ISO m\u00e1ximo de 12,800 que permite al fot\u00f3grafo producir im\u00e1genes de excepcional precisi\u00f3n y nitidez.<\/p>\n<\/div>\n<\/div>\n<\/div>\n<\/div>\n<div class=\"text-and-image-box page-width\">\n<div class=\"text-and-image\">\n<div class=\"text-and-image-header\">\n<h2>Flexibilidad de posproducci\u00f3n<\/h2>\n<p>10 bits permite que el EVO II Pro grabe hasta mil millones de colores. El EVO II Pro conserva la riqueza de detalles en sombras y luces, lo que permite una mayor flexibilidad en la posproducci\u00f3n.<\/p>\n<\/div>\n<p><img decoding=\"async\" src=\"datos:imagen\/gif;base64,R0lGODlhAQABAAAAACH5BAEKAAEALAAAAAABAAEAAAICTAEAOw==\" alt=\"\" border=\"0\" class=\"lazyload\" data-src=\"datos:imagen\/gif;base64,R0lGODlhAQABAAAAACH5BAEKAAEALAAAAAABAAEAAAICTAEAOw==\">\u00a0<img decoding=\"async\" class=\"pc-img lazyload\" src=\"datos:imagen\/gif;base64,R0lGODlhAQABAAAAACH5BAEKAAEALAAAAAABAAEAAAICTAEAOw==\" border=\"0\" data-src=\"datos:imagen\/gif;base64,R0lGODlhAQABAAAAACH5BAEKAAEALAAAAAABAAEAAAICTAEAOw==\"><\/p>\n<\/div>\n<div class=\"text-and-image\">\n<div class=\"text-and-image-header\">\n<h2>HDR 4K<\/h2>\n<p>EVO II admite grabaci\u00f3n 4K HDR para mejorar el contraste y el color.<\/p>\n<\/div>\n<p><img decoding=\"async\" class=\"pc-img lazyload\" src=\"datos:imagen\/gif;base64,R0lGODlhAQABAAAAACH5BAEKAAEALAAAAAABAAEAAAICTAEAOw==\" border=\"0\" data-src=\"datos:imagen\/gif;base64,R0lGODlhAQABAAAAACH5BAEKAAEALAAAAAABAAEAAAICTAEAOw==\"><\/p>\n<\/div>\n<\/div>\n<div class=\"page-width-1020 grid-section-box\">\n<div class=\"grid-section-item\">\n<div class=\"grid-long-item\"><img decoding=\"async\" class=\"pc-img lazyload\" src=\"datos:imagen\/gif;base64,R0lGODlhAQABAAAAACH5BAEKAAEALAAAAAABAAEAAAICTAEAOw==\" width=\"1279\" border=\"0\" data-src=\"datos:imagen\/gif;base64,R0lGODlhAQABAAAAACH5BAEKAAEALAAAAAABAAEAAAICTAEAOw==\"><\/div>\n<div class=\"grid-short-item gray-bg-box hei420\">\n<h2>capturar el<br \/>\nmundo de la noche<\/h2>\n<p>Funci\u00f3n hiperligera dise\u00f1ada para disparar en condiciones de poca luz con reducci\u00f3n de ruido 2D y 3D que suaviza el desenfoque de movimiento y reduce el ruido.<\/p>\n<\/div>\n<\/div>\n<div class=\"grid-section-item\">\n<div class=\"grid-short-item\"><\/div>\n<div class=\"grid-long-item\"><img fetchpriority=\"high\" decoding=\"async\" class=\"pc-img lazyload\" src=\"datos:imagen\/gif;base64,R0lGODlhAQABAAAAACH5BAEKAAEALAAAAAABAAEAAAICTAEAOw==\" width=\"1280\" height=\"1020\" border=\"0\" data-src=\"datos:imagen\/gif;base64,R0lGODlhAQABAAAAACH5BAEKAAEALAAAAAABAAEAAAICTAEAOw==\"><\/div>\n<\/div>\n<div class=\"pc-img grid-section-item text-section-item\">\n<div class=\"grid-short-item\">\n<h2>LiveDeck: transmite en cualquier lugar<\/h2>\n<\/div>\n<div class=\"grid-long-item\">\n<h2>Nadie m\u00e1s que Autel ofrece fotograf\u00eda Hyper-lapse en 6K<\/h2>\n<\/div>\n<\/div>\n<div class=\"pc-img grid-section-item text-section-item\">\n<div class=\"grid-short-item\">\n<p>EVO II admite salida en tiempo real HDMI multipuerto para cumplir con los requisitos de monitoreo de proyecci\u00f3n y transmisi\u00f3n en vivo.<\/p>\n<\/div>\n<div class=\"grid-long-item\">\n<p>Puede disfrutar de sus momentos favoritos en cualquier momento, sin procesamiento posterior, ya que el lapso de tiempo m\u00f3vil de 8K, ya que el video se puede exportar inmediatamente despu\u00e9s de la grabaci\u00f3n, y tambi\u00e9n se admiten los formatos JPEG\/RAW.<\/p>\n<\/div>\n<\/div>\n<\/div>\n<div class=\"full-banner-box\">\n<div class=\"full-banner-item autel-iframe-media-box\">\n<p><img decoding=\"async\" class=\"pc-img lazyload\" src=\"datos:imagen\/gif;base64,R0lGODlhAQABAAAAACH5BAEKAAEALAAAAAABAAEAAAICTAEAOw==\" border=\"0\" data-src=\"datos:imagen\/gif;base64,R0lGODlhAQABAAAAACH5BAEKAAEALAAAAAABAAEAAAICTAEAOw==\"><\/p>\n<div class=\"full-banner-content first-banner-content\">\n<div class=\"first-banner-content-up\">\n<h2>Evitaci\u00f3n de obst\u00e1culos de 360\u00b0<\/h2>\n<div class=\"autel-video-link-box\"><span class=\"autel-video-link open-media-button\">Ver el v\u00eddeo<\/span><\/div>\n<\/div>\n<\/div>\n<\/div>\n<\/div>\n<div class=\"evo2-pro-detail-page specification-toggle\">\n<div class=\"full-banner-box\">\n<div class=\"full-banner-item autel-iframe-media-box\">\n<div class=\"full-banner-content first-banner-content\">\n<div class=\"first-banner-content-up\">\n<div class=\"autel-video-link-box\"><\/div>\n<\/div>\n<div class=\"first-banner-content-down\">\n<p>Equipado con 19 grupos de sensores, incluidos 12 sensores visuales, la c\u00e1mara principal, el ultrasonido, las IMU y otros sensores permiten la creaci\u00f3n de mapas tridimensionales y la planificaci\u00f3n de rutas en tiempo real.<\/p>\n<\/div>\n<\/div>\n<\/div>\n<div class=\"full-banner-item\">\n<p><img decoding=\"async\" class=\"pc-img lazyload\" src=\"datos:imagen\/gif;base64,R0lGODlhAQABAAAAACH5BAEKAAEALAAAAAABAAEAAAICTAEAOw==\" border=\"0\" data-src=\"datos:imagen\/gif;base64,R0lGODlhAQABAAAAACH5BAEKAAEALAAAAAABAAEAAAICTAEAOw==\"><\/p>\n<div class=\"full-banner-content second-banner-content\">\n<h3>Pista din\u00e1mica 2.0<\/h3>\n<p>EVO II puede modelar la ubicaci\u00f3n y la velocidad de los objetivos simult\u00e1neamente, predecir su trayectoria con precisi\u00f3n y rastrearlos continuamente mientras identifica hasta 64 objetos al mismo tiempo.<\/p>\n<\/div>\n<\/div>\n<div class=\"full-banner-item\">\n<p><img decoding=\"async\" id=\"vtpPicture\" class=\"pc-img lazyload\" src=\"datos:imagen\/gif;base64,R0lGODlhAQABAAAAACH5BAEKAAEALAAAAAABAAEAAAICTAEAOw==\" border=\"0\" data-src=\"datos:imagen\/gif;base64,R0lGODlhAQABAAAAACH5BAEKAAEALAAAAAABAAEAAAICTAEAOw==\"><\/p>\n<div class=\"full-banner-content thirdly-banner-content\">\n<h2>Rendimiento m\u00e1ximo<\/h2>\n<ul class=\"thirdly-banner-content-down\">\n<li>Tiempo de vuelo: 40 minutos\n<ul class=\"thirdly-banner-content-down\">\n<li>La serie EVO II vuela hasta 40 minutos.<\/li>\n<\/ul>\n<\/li>\n<li>Rango de Transmisi\u00f3n \u2013 8.8 Km\n<ul class=\"thirdly-banner-content-down\">\n<li>Vuele hasta 5,5 millas (9 km) de la ubicaci\u00f3n del piloto con confianza en la transmisi\u00f3n de video y telemetr\u00eda.<\/li>\n<\/ul>\n<\/li>\n<li>Resistencia al viento \u2013 61,2 km\/h (17 m\/s)\n<ul class=\"thirdly-banner-content-down\">\n<li>Vuele en pr\u00e1cticamente cualquier condici\u00f3n de viento (urbano o rural) con confianza, asegurando una misi\u00f3n exitosa.<\/li>\n<\/ul>\n<\/li>\n<li>Velocidad de vuelo: 72 km\/h (20 m\/s)\n<ul class=\"thirdly-banner-content-down\">\n<li>Con velocidades de hasta 72 km\/h (20 m\/s), el EvoII llega r\u00e1pida y eficientemente.<\/li>\n<\/ul>\n<\/li>\n<\/ul>\n<\/div>\n<\/div>\n<\/div>\n<div class=\"accessories-box\">\n<div>\n<h3>Accesorios<\/h3>\n<p class=\"autel-video-link-box\">EVO II Pro<\/p>\n<\/div>\n<p><img decoding=\"async\" class=\"pc-img lazyload\" src=\"datos:imagen\/gif;base64,R0lGODlhAQABAAAAACH5BAEKAAEALAAAAAABAAEAAAICTAEAOw==\" border=\"0\" data-src=\"datos:imagen\/gif;base64,R0lGODlhAQABAAAAACH5BAEKAAEALAAAAAABAAEAAAICTAEAOw==\"><\/p>\n<\/div>\n<\/div>\n<div id=\"shopify-section-autel-footer\" class=\"shopify-section\">\n<footer class=\"site-footer autel-site-footer\">\n<div class=\"page-width\">\n<div class=\"site-footer__content\">\n<div class=\"site-footer__item site-footer__item--one-quarter\">\n<div class=\"site-footer__item-inner site-footer__item-inner--link_list\">\n<p class=\"h4 nav-title\">\n<\/div>\n<\/div>\n<\/div>\n<\/div>\n<\/footer>\n<\/div>","protected":false},"excerpt":{"rendered":"<p><strong>Autel EVO II PRO V2\u00a0<\/strong><\/p>\n<p>L\u00edder en calidad de imagen<br \/>\ne inteligencia de vuelo<\/p>","protected":false},"featured_media":3083,"comment_status":"open","ping_status":"closed","template":"","meta":[],"product_brand":[],"product_cat":[220,29,294],"product_tag":[228,223,227],"class_list":{"0":"post-3082","1":"product","2":"type-product","3":"status-publish","4":"has-post-thumbnail","6":"product_cat-autel","7":"product_cat-drones","8":"product_cat-drone-autel","9":"product_tag-6k","10":"product_tag-autel","11":"product_tag-autel-evo-ii-pro","13":"first","14":"onbackorder","15":"taxable","16":"shipping-taxable","17":"product-type-simple"},"yoast_head":"<!-- This site is optimized with the Yoast SEO plugin v27.1.1 - https:\/\/yoast.com\/product\/yoast-seo-wordpress\/ -->\n<title>Autel EVO II PRO V2 6K -<\/title>\n<meta name=\"description\" content=\"Autel EVO II PRO V2\u00a0Leader in picture qualityand flight intelligence\" \/>\n<meta name=\"robots\" content=\"index, follow, max-snippet:-1, max-image-preview:large, max-video-preview:-1\" \/>\n<link rel=\"canonical\" href=\"https:\/\/www.ghostysky.com\/es\/producto-2\/autel-evo-ii-pro-v2-6k\/\" \/>\n<meta property=\"og:locale\" content=\"es_ES\" \/>\n<meta property=\"og:type\" content=\"article\" \/>\n<meta property=\"og:title\" content=\"Autel EVO II PRO V2 6K -\" \/>\n<meta property=\"og:description\" content=\"Autel EVO II PRO V2\u00a0Leader in picture qualityand flight intelligence\" \/>\n<meta property=\"og:url\" content=\"https:\/\/www.ghostysky.com\/es\/producto-2\/autel-evo-ii-pro-v2-6k\/\" \/>\n<meta property=\"og:site_name\" content=\"Ghostysky\" \/>\n<meta property=\"article:publisher\" content=\"https:\/\/www.facebook.com\/people\/Ghostysky\/100057676170234\/\" \/>\n<meta property=\"article:modified_time\" content=\"2023-04-01T20:22:03+00:00\" \/>\n<meta property=\"og:image\" content=\"https:\/\/www.ghostysky.com\/wp-content\/uploads\/2022\/01\/eng_pl_Autel-EVO-II-PRO-V2-6K-12735_1.jpg\" \/>\n\t<meta property=\"og:image:width\" content=\"750\" \/>\n\t<meta property=\"og:image:height\" content=\"315\" \/>\n\t<meta property=\"og:image:type\" content=\"image\/jpeg\" \/>\n<meta name=\"twitter:card\" content=\"summary_large_image\" \/>\n<meta name=\"twitter:site\" content=\"@Gh0stysky\" \/>\n<meta name=\"twitter:label1\" content=\"Tiempo de lectura\" \/>\n\t<meta name=\"twitter:data1\" content=\"4 minutos\" \/>\n<script type=\"application\/ld+json\" class=\"yoast-schema-graph\">{\"@context\":\"https:\/\/schema.org\",\"@graph\":[{\"@type\":\"WebPage\",\"@id\":\"https:\/\/www.ghostysky.com\/product\/autel-evo-ii-pro-v2-6k\/\",\"url\":\"https:\/\/www.ghostysky.com\/product\/autel-evo-ii-pro-v2-6k\/\",\"name\":\"Autel EVO II PRO V2 6K -\",\"isPartOf\":{\"@id\":\"https:\/\/www.ghostysky.com\/#website\"},\"primaryImageOfPage\":{\"@id\":\"https:\/\/www.ghostysky.com\/product\/autel-evo-ii-pro-v2-6k\/#primaryimage\"},\"image\":{\"@id\":\"https:\/\/www.ghostysky.com\/product\/autel-evo-ii-pro-v2-6k\/#primaryimage\"},\"thumbnailUrl\":\"https:\/\/www.ghostysky.com\/wp-content\/uploads\/2022\/01\/eng_pl_Autel-EVO-II-PRO-V2-6K-12735_1.jpg\",\"datePublished\":\"2022-01-12T11:09:44+00:00\",\"dateModified\":\"2023-04-01T20:22:03+00:00\",\"description\":\"Autel EVO II PRO V2\u00a0Leader in picture qualityand flight intelligence\",\"breadcrumb\":{\"@id\":\"https:\/\/www.ghostysky.com\/product\/autel-evo-ii-pro-v2-6k\/#breadcrumb\"},\"inLanguage\":\"es\",\"potentialAction\":[{\"@type\":\"ReadAction\",\"target\":[\"https:\/\/www.ghostysky.com\/product\/autel-evo-ii-pro-v2-6k\/\"]}]},{\"@type\":\"ImageObject\",\"inLanguage\":\"es\",\"@id\":\"https:\/\/www.ghostysky.com\/product\/autel-evo-ii-pro-v2-6k\/#primaryimage\",\"url\":\"https:\/\/www.ghostysky.com\/wp-content\/uploads\/2022\/01\/eng_pl_Autel-EVO-II-PRO-V2-6K-12735_1.jpg\",\"contentUrl\":\"https:\/\/www.ghostysky.com\/wp-content\/uploads\/2022\/01\/eng_pl_Autel-EVO-II-PRO-V2-6K-12735_1.jpg\",\"width\":750,\"height\":315},{\"@type\":\"BreadcrumbList\",\"@id\":\"https:\/\/www.ghostysky.com\/product\/autel-evo-ii-pro-v2-6k\/#breadcrumb\",\"itemListElement\":[{\"@type\":\"ListItem\",\"position\":1,\"name\":\"Home\",\"item\":\"https:\/\/www.ghostysky.com\/\"},{\"@type\":\"ListItem\",\"position\":2,\"name\":\"Shop\",\"item\":\"https:\/\/www.ghostysky.com\/shop\/\"},{\"@type\":\"ListItem\",\"position\":3,\"name\":\"Autel EVO II PRO V2 6K\"}]},{\"@type\":\"WebSite\",\"@id\":\"https:\/\/www.ghostysky.com\/#website\",\"url\":\"https:\/\/www.ghostysky.com\/\",\"name\":\"Ghostysky\",\"description\":\"Delivering professional drones and services\",\"publisher\":{\"@id\":\"https:\/\/www.ghostysky.com\/#organization\"},\"potentialAction\":[{\"@type\":\"SearchAction\",\"target\":{\"@type\":\"EntryPoint\",\"urlTemplate\":\"https:\/\/www.ghostysky.com\/?s={search_term_string}\"},\"query-input\":{\"@type\":\"PropertyValueSpecification\",\"valueRequired\":true,\"valueName\":\"search_term_string\"}}],\"inLanguage\":\"es\"},{\"@type\":\"Organization\",\"@id\":\"https:\/\/www.ghostysky.com\/#organization\",\"name\":\"Ghostysky\",\"url\":\"https:\/\/www.ghostysky.com\/\",\"logo\":{\"@type\":\"ImageObject\",\"inLanguage\":\"es\",\"@id\":\"https:\/\/www.ghostysky.com\/#\/schema\/logo\/image\/\",\"url\":\"https:\/\/www.ghostysky.com\/wp-content\/uploads\/2020\/06\/cropped-ghostyskylogo_text_white2.png\",\"contentUrl\":\"https:\/\/www.ghostysky.com\/wp-content\/uploads\/2020\/06\/cropped-ghostyskylogo_text_white2.png\",\"width\":169,\"height\":56,\"caption\":\"Ghostysky\"},\"image\":{\"@id\":\"https:\/\/www.ghostysky.com\/#\/schema\/logo\/image\/\"},\"sameAs\":[\"https:\/\/www.facebook.com\/people\/Ghostysky\/100057676170234\/\",\"https:\/\/x.com\/Gh0stysky\",\"https:\/\/www.linkedin.com\/company\/34739653\",\"https:\/\/www.instagram.com\/gh0stysky\"]}]}<\/script>\n<!-- \/ Yoast SEO plugin. -->","yoast_head_json":{"title":"Autel EVO II PRO V2 6K -","description":"Autel EVO II PRO V2 L\u00edder en calidad de imagen e inteligencia de vuelo","robots":{"index":"index","follow":"follow","max-snippet":"max-snippet:-1","max-image-preview":"max-image-preview:large","max-video-preview":"max-video-preview:-1"},"canonical":"https:\/\/www.ghostysky.com\/es\/producto-2\/autel-evo-ii-pro-v2-6k\/","og_locale":"es_ES","og_type":"article","og_title":"Autel EVO II PRO V2 6K -","og_description":"Autel EVO II PRO V2\u00a0Leader in picture qualityand flight intelligence","og_url":"https:\/\/www.ghostysky.com\/es\/producto-2\/autel-evo-ii-pro-v2-6k\/","og_site_name":"Ghostysky","article_publisher":"https:\/\/www.facebook.com\/people\/Ghostysky\/100057676170234\/","article_modified_time":"2023-04-01T20:22:03+00:00","og_image":[{"width":750,"height":315,"url":"https:\/\/www.ghostysky.com\/wp-content\/uploads\/2022\/01\/eng_pl_Autel-EVO-II-PRO-V2-6K-12735_1.jpg","type":"image\/jpeg"}],"twitter_card":"summary_large_image","twitter_site":"@Gh0stysky","twitter_misc":{"Tiempo de lectura":"4 minutos"},"schema":{"@context":"https:\/\/schema.org","@graph":[{"@type":"WebPage","@id":"https:\/\/www.ghostysky.com\/product\/autel-evo-ii-pro-v2-6k\/","url":"https:\/\/www.ghostysky.com\/product\/autel-evo-ii-pro-v2-6k\/","name":"Autel EVO II PRO V2 6K -","isPartOf":{"@id":"https:\/\/www.ghostysky.com\/#website"},"primaryImageOfPage":{"@id":"https:\/\/www.ghostysky.com\/product\/autel-evo-ii-pro-v2-6k\/#primaryimage"},"image":{"@id":"https:\/\/www.ghostysky.com\/product\/autel-evo-ii-pro-v2-6k\/#primaryimage"},"thumbnailUrl":"https:\/\/www.ghostysky.com\/wp-content\/uploads\/2022\/01\/eng_pl_Autel-EVO-II-PRO-V2-6K-12735_1.jpg","datePublished":"2022-01-12T11:09:44+00:00","dateModified":"2023-04-01T20:22:03+00:00","description":"Autel EVO II PRO V2 L\u00edder en calidad de imagen e inteligencia de vuelo","breadcrumb":{"@id":"https:\/\/www.ghostysky.com\/product\/autel-evo-ii-pro-v2-6k\/#breadcrumb"},"inLanguage":"es","potentialAction":[{"@type":"ReadAction","target":["https:\/\/www.ghostysky.com\/product\/autel-evo-ii-pro-v2-6k\/"]}]},{"@type":"ImageObject","inLanguage":"es","@id":"https:\/\/www.ghostysky.com\/product\/autel-evo-ii-pro-v2-6k\/#primaryimage","url":"https:\/\/www.ghostysky.com\/wp-content\/uploads\/2022\/01\/eng_pl_Autel-EVO-II-PRO-V2-6K-12735_1.jpg","contentUrl":"https:\/\/www.ghostysky.com\/wp-content\/uploads\/2022\/01\/eng_pl_Autel-EVO-II-PRO-V2-6K-12735_1.jpg","width":750,"height":315},{"@type":"BreadcrumbList","@id":"https:\/\/www.ghostysky.com\/product\/autel-evo-ii-pro-v2-6k\/#breadcrumb","itemListElement":[{"@type":"ListItem","position":1,"name":"Home","item":"https:\/\/www.ghostysky.com\/"},{"@type":"ListItem","position":2,"name":"Shop","item":"https:\/\/www.ghostysky.com\/shop\/"},{"@type":"ListItem","position":3,"name":"Autel EVO II PRO V2 6K"}]},{"@type":"WebSite","@id":"https:\/\/www.ghostysky.com\/#website","url":"https:\/\/www.ghostysky.com\/","name":"Ghostysky","description":"Entrega de drones y servicios profesionales","publisher":{"@id":"https:\/\/www.ghostysky.com\/#organization"},"potentialAction":[{"@type":"SearchAction","target":{"@type":"EntryPoint","urlTemplate":"https:\/\/www.ghostysky.com\/?s={search_term_string}"},"query-input":{"@type":"PropertyValueSpecification","valueRequired":true,"valueName":"search_term_string"}}],"inLanguage":"es"},{"@type":"Organization","@id":"https:\/\/www.ghostysky.com\/#organization","name":"Ghostysky","url":"https:\/\/www.ghostysky.com\/","logo":{"@type":"ImageObject","inLanguage":"es","@id":"https:\/\/www.ghostysky.com\/#\/schema\/logo\/image\/","url":"https:\/\/www.ghostysky.com\/wp-content\/uploads\/2020\/06\/cropped-ghostyskylogo_text_white2.png","contentUrl":"https:\/\/www.ghostysky.com\/wp-content\/uploads\/2020\/06\/cropped-ghostyskylogo_text_white2.png","width":169,"height":56,"caption":"Ghostysky"},"image":{"@id":"https:\/\/www.ghostysky.com\/#\/schema\/logo\/image\/"},"sameAs":["https:\/\/www.facebook.com\/people\/Ghostysky\/100057676170234\/","https:\/\/x.com\/Gh0stysky","https:\/\/www.linkedin.com\/company\/34739653","https:\/\/www.instagram.com\/gh0stysky"]}]}},"_links":{"self":[{"href":"https:\/\/www.ghostysky.com\/es\/wp-json\/wp\/v2\/product\/3082","targetHints":{"allow":["GET"]}}],"collection":[{"href":"https:\/\/www.ghostysky.com\/es\/wp-json\/wp\/v2\/product"}],"about":[{"href":"https:\/\/www.ghostysky.com\/es\/wp-json\/wp\/v2\/types\/product"}],"replies":[{"embeddable":true,"href":"https:\/\/www.ghostysky.com\/es\/wp-json\/wp\/v2\/comments?post=3082"}],"wp:featuredmedia":[{"embeddable":true,"href":"https:\/\/www.ghostysky.com\/es\/wp-json\/wp\/v2\/media\/3083"}],"wp:attachment":[{"href":"https:\/\/www.ghostysky.com\/es\/wp-json\/wp\/v2\/media?parent=3082"}],"wp:term":[{"taxonomy":"product_brand","embeddable":true,"href":"https:\/\/www.ghostysky.com\/es\/wp-json\/wp\/v2\/product_brand?post=3082"},{"taxonomy":"product_cat","embeddable":true,"href":"https:\/\/www.ghostysky.com\/es\/wp-json\/wp\/v2\/product_cat?post=3082"},{"taxonomy":"product_tag","embeddable":true,"href":"https:\/\/www.ghostysky.com\/es\/wp-json\/wp\/v2\/product_tag?post=3082"}],"curies":[{"name":"wp","href":"https:\/\/api.w.org\/{rel}","templated":true}]}}