{"id":3087,"date":"2022-01-12T11:20:48","date_gmt":"2022-01-12T11:20:48","guid":{"rendered":"https:\/\/www.ghostysky.com\/?post_type=product&#038;p=3087"},"modified":"2023-08-29T10:27:16","modified_gmt":"2023-08-29T10:27:16","slug":"autel-evo-ii-rugged-bundle-v2","status":"publish","type":"product","link":"https:\/\/www.ghostysky.com\/es\/product\/autel-evo-ii-rugged-bundle-v2\/","title":{"rendered":"Paquete resistente Autel EVO II V2"},"content":{"rendered":"<p>La evoluci\u00f3n del vuelo ha llegado. EVO es una unidad plegable compacta dise\u00f1ada para ir a donde te lleve tu aventura. Equipado en la parte delantera, EVO ofrece una c\u00e1mara potente en un card\u00e1n estabilizador de 3 ejes que graba video a una resoluci\u00f3n de 6K y una velocidad de grabaci\u00f3n de hasta 100 Mbps en un c\u00f3dec H.264 o H.265. Usando \u00f3ptica de vidrio real, EVO captura fotos impresionantes a 12 megap\u00edxeles con un amplio rango din\u00e1mico para obtener m\u00e1s detalles y color. Los sistemas avanzados integrados de visi\u00f3n por computadora brindan evitaci\u00f3n de obst\u00e1culos delanteros, detecci\u00f3n de obst\u00e1culos traseros y sensores inferiores para aterrizajes m\u00e1s precisos y vuelos interiores estables. EVO cuenta con tiempos de vuelo de hasta 30 minutos con un alcance de hasta 5 km. Adem\u00e1s, EVO ofrece funciones a prueba de fallas que le permiten saber cu\u00e1ndo la bater\u00eda est\u00e1 baja y es hora de regresar a casa.<\/p>\n<p>EVO incluye un control remoto que alberga una pantalla OLED de 3,3 pulgadas que le brinda informaci\u00f3n cr\u00edtica de vuelo o una transmisi\u00f3n de video HD de 720p en vivo que le permite ver la vista de la c\u00e1mara sin la necesidad de un dispositivo m\u00f3vil.<\/p>\n<p>Descargue la aplicaci\u00f3n gratuita Autel Explorer disponible para dispositivos Apple iOS o Android y con\u00e9ctese al control remoto y obtenga acceso a configuraciones m\u00e1s avanzadas y funciones de vuelo aut\u00f3nomo como Dynamic Track, Viewpoint, Orbit, VR en primera persona y planificaci\u00f3n de misiones Waypoint.<\/p>\n<p><strong>El paquete resistente EVO incluye:<\/strong><\/p>\n<ul>\n<li>EVO (Aeronave, Bater\u00eda, H\u00e9lices)<\/li>\n<li>Control remoto<\/li>\n<li>3 pares de h\u00e9lices<\/li>\n<li>Cargador<\/li>\n<li>Cables OTG Micro USB y OTG USB-C<\/li>\n<li>Cable micro USB (usado para cargar el controlador)<\/li>\n<li>dos bater\u00edas<\/li>\n<li>Estuche duro<\/li>\n<li>Documentos de seguridad y de inicio r\u00e1pido<\/li>\n<\/ul>","protected":false},"excerpt":{"rendered":"<p>Kit EVO Rugged Bundle dise\u00f1ado pensando en los socorristas, las fuerzas del orden y las aplicaciones comerciales. Este Rugged Bundle ofrece un estuche r\u00edgido de grado militar SKB, con clasificaci\u00f3n MIL-C-4150J, que protege su equipo del agua y el polvo. El inserto de espuma de dise\u00f1o personalizado de GPC deja espacio para transportar su avi\u00f3n EVO, hasta tres bater\u00edas adicionales, control remoto, cargador, h\u00e9lices y una tableta de hasta 10\u2033.<\/p>","protected":false},"featured_media":3088,"comment_status":"open","ping_status":"closed","template":"","meta":[],"product_brand":[],"product_cat":[220,364,29],"product_tag":[223,225,224],"class_list":{"0":"post-3087","1":"product","2":"type-product","3":"status-publish","4":"has-post-thumbnail","6":"product_cat-autel","7":"product_cat-bundles-autel","8":"product_cat-drones","9":"product_tag-autel","10":"product_tag-autel-bundle","11":"product_tag-autel-evo-ii","13":"first","14":"onbackorder","15":"taxable","16":"shipping-taxable","17":"product-type-simple"},"yoast_head":"<!-- This site is optimized with the Yoast SEO plugin v27.1.1 - https:\/\/yoast.com\/product\/yoast-seo-wordpress\/ -->\n<title>Autel EVO II Rugged Bundle V2 -<\/title>\n<meta name=\"description\" content=\"EVO Rugged Bundle kit designed with First-Responders, Law Enforcement, and Commercial application in mind. This Rugged Bundle offers an SKB military-grade hard case, rated MIL-C-4150J, that protects your gear from water and dust.\" \/>\n<meta name=\"robots\" content=\"index, follow, max-snippet:-1, max-image-preview:large, max-video-preview:-1\" \/>\n<link rel=\"canonical\" href=\"https:\/\/www.ghostysky.com\/es\/producto-2\/autel-evo-ii-rugged-bundle-v2\/\" \/>\n<meta property=\"og:locale\" content=\"es_ES\" \/>\n<meta property=\"og:type\" content=\"article\" \/>\n<meta property=\"og:title\" content=\"Autel EVO II Rugged Bundle V2 -\" \/>\n<meta property=\"og:description\" content=\"EVO Rugged Bundle kit designed with First-Responders, Law Enforcement, and Commercial application in mind. This Rugged Bundle offers an SKB military-grade hard case, rated MIL-C-4150J, that protects your gear from water and dust.\" \/>\n<meta property=\"og:url\" content=\"https:\/\/www.ghostysky.com\/es\/producto-2\/autel-evo-ii-rugged-bundle-v2\/\" \/>\n<meta property=\"og:site_name\" content=\"Ghostysky\" \/>\n<meta property=\"article:publisher\" content=\"https:\/\/www.facebook.com\/people\/Ghostysky\/100057676170234\/\" \/>\n<meta property=\"article:modified_time\" content=\"2023-08-29T10:27:16+00:00\" \/>\n<meta property=\"og:image\" content=\"https:\/\/www.ghostysky.com\/wp-content\/uploads\/2022\/01\/eng_pl_Autel-EVO-II-Rugged-Bundle-V2-12118_1.jpg\" \/>\n\t<meta property=\"og:image:width\" content=\"750\" \/>\n\t<meta property=\"og:image:height\" content=\"310\" \/>\n\t<meta property=\"og:image:type\" content=\"image\/jpeg\" \/>\n<meta name=\"twitter:card\" content=\"summary_large_image\" \/>\n<meta name=\"twitter:site\" content=\"@Gh0stysky\" \/>\n<meta name=\"twitter:label1\" content=\"Tiempo de lectura\" \/>\n\t<meta name=\"twitter:data1\" content=\"2 minutos\" \/>\n<script type=\"application\/ld+json\" class=\"yoast-schema-graph\">{\"@context\":\"https:\/\/schema.org\",\"@graph\":[{\"@type\":\"WebPage\",\"@id\":\"https:\/\/www.ghostysky.com\/product\/autel-evo-ii-rugged-bundle-v2\/\",\"url\":\"https:\/\/www.ghostysky.com\/product\/autel-evo-ii-rugged-bundle-v2\/\",\"name\":\"Autel EVO II Rugged Bundle V2 -\",\"isPartOf\":{\"@id\":\"https:\/\/www.ghostysky.com\/#website\"},\"primaryImageOfPage\":{\"@id\":\"https:\/\/www.ghostysky.com\/product\/autel-evo-ii-rugged-bundle-v2\/#primaryimage\"},\"image\":{\"@id\":\"https:\/\/www.ghostysky.com\/product\/autel-evo-ii-rugged-bundle-v2\/#primaryimage\"},\"thumbnailUrl\":\"https:\/\/www.ghostysky.com\/wp-content\/uploads\/2022\/01\/eng_pl_Autel-EVO-II-Rugged-Bundle-V2-12118_1.jpg\",\"datePublished\":\"2022-01-12T11:20:48+00:00\",\"dateModified\":\"2023-08-29T10:27:16+00:00\",\"description\":\"EVO Rugged Bundle kit designed with First-Responders, Law Enforcement, and Commercial application in mind. This Rugged Bundle offers an SKB military-grade hard case, rated MIL-C-4150J, that protects your gear from water and dust.\",\"breadcrumb\":{\"@id\":\"https:\/\/www.ghostysky.com\/product\/autel-evo-ii-rugged-bundle-v2\/#breadcrumb\"},\"inLanguage\":\"es\",\"potentialAction\":[{\"@type\":\"ReadAction\",\"target\":[\"https:\/\/www.ghostysky.com\/product\/autel-evo-ii-rugged-bundle-v2\/\"]}]},{\"@type\":\"ImageObject\",\"inLanguage\":\"es\",\"@id\":\"https:\/\/www.ghostysky.com\/product\/autel-evo-ii-rugged-bundle-v2\/#primaryimage\",\"url\":\"https:\/\/www.ghostysky.com\/wp-content\/uploads\/2022\/01\/eng_pl_Autel-EVO-II-Rugged-Bundle-V2-12118_1.jpg\",\"contentUrl\":\"https:\/\/www.ghostysky.com\/wp-content\/uploads\/2022\/01\/eng_pl_Autel-EVO-II-Rugged-Bundle-V2-12118_1.jpg\",\"width\":750,\"height\":310},{\"@type\":\"BreadcrumbList\",\"@id\":\"https:\/\/www.ghostysky.com\/product\/autel-evo-ii-rugged-bundle-v2\/#breadcrumb\",\"itemListElement\":[{\"@type\":\"ListItem\",\"position\":1,\"name\":\"Home\",\"item\":\"https:\/\/www.ghostysky.com\/\"},{\"@type\":\"ListItem\",\"position\":2,\"name\":\"Shop\",\"item\":\"https:\/\/www.ghostysky.com\/shop\/\"},{\"@type\":\"ListItem\",\"position\":3,\"name\":\"Autel EVO II Rugged Bundle V2\"}]},{\"@type\":\"WebSite\",\"@id\":\"https:\/\/www.ghostysky.com\/#website\",\"url\":\"https:\/\/www.ghostysky.com\/\",\"name\":\"Ghostysky\",\"description\":\"Delivering professional drones and services\",\"publisher\":{\"@id\":\"https:\/\/www.ghostysky.com\/#organization\"},\"potentialAction\":[{\"@type\":\"SearchAction\",\"target\":{\"@type\":\"EntryPoint\",\"urlTemplate\":\"https:\/\/www.ghostysky.com\/?s={search_term_string}\"},\"query-input\":{\"@type\":\"PropertyValueSpecification\",\"valueRequired\":true,\"valueName\":\"search_term_string\"}}],\"inLanguage\":\"es\"},{\"@type\":\"Organization\",\"@id\":\"https:\/\/www.ghostysky.com\/#organization\",\"name\":\"Ghostysky\",\"url\":\"https:\/\/www.ghostysky.com\/\",\"logo\":{\"@type\":\"ImageObject\",\"inLanguage\":\"es\",\"@id\":\"https:\/\/www.ghostysky.com\/#\/schema\/logo\/image\/\",\"url\":\"https:\/\/www.ghostysky.com\/wp-content\/uploads\/2020\/06\/cropped-ghostyskylogo_text_white2.png\",\"contentUrl\":\"https:\/\/www.ghostysky.com\/wp-content\/uploads\/2020\/06\/cropped-ghostyskylogo_text_white2.png\",\"width\":169,\"height\":56,\"caption\":\"Ghostysky\"},\"image\":{\"@id\":\"https:\/\/www.ghostysky.com\/#\/schema\/logo\/image\/\"},\"sameAs\":[\"https:\/\/www.facebook.com\/people\/Ghostysky\/100057676170234\/\",\"https:\/\/x.com\/Gh0stysky\",\"https:\/\/www.linkedin.com\/company\/34739653\",\"https:\/\/www.instagram.com\/gh0stysky\"]}]}<\/script>\n<!-- \/ Yoast SEO plugin. -->","yoast_head_json":{"title":"Paquete resistente Autel EVO II V2 -","description":"Kit EVO Rugged Bundle dise\u00f1ado pensando en los socorristas, las fuerzas del orden y las aplicaciones comerciales. Este paquete resistente ofrece un estuche r\u00edgido SKB de grado militar, con clasificaci\u00f3n MIL-C-4150J, que protege su equipo del agua y el polvo.","robots":{"index":"index","follow":"follow","max-snippet":"max-snippet:-1","max-image-preview":"max-image-preview:large","max-video-preview":"max-video-preview:-1"},"canonical":"https:\/\/www.ghostysky.com\/es\/producto-2\/autel-evo-ii-rugged-bundle-v2\/","og_locale":"es_ES","og_type":"article","og_title":"Autel EVO II Rugged Bundle V2 -","og_description":"EVO Rugged Bundle kit designed with First-Responders, Law Enforcement, and Commercial application in mind. This Rugged Bundle offers an SKB military-grade hard case, rated MIL-C-4150J, that protects your gear from water and dust.","og_url":"https:\/\/www.ghostysky.com\/es\/producto-2\/autel-evo-ii-rugged-bundle-v2\/","og_site_name":"Ghostysky","article_publisher":"https:\/\/www.facebook.com\/people\/Ghostysky\/100057676170234\/","article_modified_time":"2023-08-29T10:27:16+00:00","og_image":[{"width":750,"height":310,"url":"https:\/\/www.ghostysky.com\/wp-content\/uploads\/2022\/01\/eng_pl_Autel-EVO-II-Rugged-Bundle-V2-12118_1.jpg","type":"image\/jpeg"}],"twitter_card":"summary_large_image","twitter_site":"@Gh0stysky","twitter_misc":{"Tiempo de lectura":"2 minutos"},"schema":{"@context":"https:\/\/schema.org","@graph":[{"@type":"WebPage","@id":"https:\/\/www.ghostysky.com\/product\/autel-evo-ii-rugged-bundle-v2\/","url":"https:\/\/www.ghostysky.com\/product\/autel-evo-ii-rugged-bundle-v2\/","name":"Paquete resistente Autel EVO II V2 -","isPartOf":{"@id":"https:\/\/www.ghostysky.com\/#website"},"primaryImageOfPage":{"@id":"https:\/\/www.ghostysky.com\/product\/autel-evo-ii-rugged-bundle-v2\/#primaryimage"},"image":{"@id":"https:\/\/www.ghostysky.com\/product\/autel-evo-ii-rugged-bundle-v2\/#primaryimage"},"thumbnailUrl":"https:\/\/www.ghostysky.com\/wp-content\/uploads\/2022\/01\/eng_pl_Autel-EVO-II-Rugged-Bundle-V2-12118_1.jpg","datePublished":"2022-01-12T11:20:48+00:00","dateModified":"2023-08-29T10:27:16+00:00","description":"Kit EVO Rugged Bundle dise\u00f1ado pensando en los socorristas, las fuerzas del orden y las aplicaciones comerciales. Este paquete resistente ofrece un estuche r\u00edgido SKB de grado militar, con clasificaci\u00f3n MIL-C-4150J, que protege su equipo del agua y el polvo.","breadcrumb":{"@id":"https:\/\/www.ghostysky.com\/product\/autel-evo-ii-rugged-bundle-v2\/#breadcrumb"},"inLanguage":"es","potentialAction":[{"@type":"ReadAction","target":["https:\/\/www.ghostysky.com\/product\/autel-evo-ii-rugged-bundle-v2\/"]}]},{"@type":"ImageObject","inLanguage":"es","@id":"https:\/\/www.ghostysky.com\/product\/autel-evo-ii-rugged-bundle-v2\/#primaryimage","url":"https:\/\/www.ghostysky.com\/wp-content\/uploads\/2022\/01\/eng_pl_Autel-EVO-II-Rugged-Bundle-V2-12118_1.jpg","contentUrl":"https:\/\/www.ghostysky.com\/wp-content\/uploads\/2022\/01\/eng_pl_Autel-EVO-II-Rugged-Bundle-V2-12118_1.jpg","width":750,"height":310},{"@type":"BreadcrumbList","@id":"https:\/\/www.ghostysky.com\/product\/autel-evo-ii-rugged-bundle-v2\/#breadcrumb","itemListElement":[{"@type":"ListItem","position":1,"name":"Home","item":"https:\/\/www.ghostysky.com\/"},{"@type":"ListItem","position":2,"name":"Shop","item":"https:\/\/www.ghostysky.com\/shop\/"},{"@type":"ListItem","position":3,"name":"Autel EVO II Rugged Bundle V2"}]},{"@type":"WebSite","@id":"https:\/\/www.ghostysky.com\/#website","url":"https:\/\/www.ghostysky.com\/","name":"Ghostysky","description":"Entrega de drones y servicios profesionales","publisher":{"@id":"https:\/\/www.ghostysky.com\/#organization"},"potentialAction":[{"@type":"SearchAction","target":{"@type":"EntryPoint","urlTemplate":"https:\/\/www.ghostysky.com\/?s={search_term_string}"},"query-input":{"@type":"PropertyValueSpecification","valueRequired":true,"valueName":"search_term_string"}}],"inLanguage":"es"},{"@type":"Organization","@id":"https:\/\/www.ghostysky.com\/#organization","name":"Ghostysky","url":"https:\/\/www.ghostysky.com\/","logo":{"@type":"ImageObject","inLanguage":"es","@id":"https:\/\/www.ghostysky.com\/#\/schema\/logo\/image\/","url":"https:\/\/www.ghostysky.com\/wp-content\/uploads\/2020\/06\/cropped-ghostyskylogo_text_white2.png","contentUrl":"https:\/\/www.ghostysky.com\/wp-content\/uploads\/2020\/06\/cropped-ghostyskylogo_text_white2.png","width":169,"height":56,"caption":"Ghostysky"},"image":{"@id":"https:\/\/www.ghostysky.com\/#\/schema\/logo\/image\/"},"sameAs":["https:\/\/www.facebook.com\/people\/Ghostysky\/100057676170234\/","https:\/\/x.com\/Gh0stysky","https:\/\/www.linkedin.com\/company\/34739653","https:\/\/www.instagram.com\/gh0stysky"]}]}},"_links":{"self":[{"href":"https:\/\/www.ghostysky.com\/es\/wp-json\/wp\/v2\/product\/3087","targetHints":{"allow":["GET"]}}],"collection":[{"href":"https:\/\/www.ghostysky.com\/es\/wp-json\/wp\/v2\/product"}],"about":[{"href":"https:\/\/www.ghostysky.com\/es\/wp-json\/wp\/v2\/types\/product"}],"replies":[{"embeddable":true,"href":"https:\/\/www.ghostysky.com\/es\/wp-json\/wp\/v2\/comments?post=3087"}],"wp:featuredmedia":[{"embeddable":true,"href":"https:\/\/www.ghostysky.com\/es\/wp-json\/wp\/v2\/media\/3088"}],"wp:attachment":[{"href":"https:\/\/www.ghostysky.com\/es\/wp-json\/wp\/v2\/media?parent=3087"}],"wp:term":[{"taxonomy":"product_brand","embeddable":true,"href":"https:\/\/www.ghostysky.com\/es\/wp-json\/wp\/v2\/product_brand?post=3087"},{"taxonomy":"product_cat","embeddable":true,"href":"https:\/\/www.ghostysky.com\/es\/wp-json\/wp\/v2\/product_cat?post=3087"},{"taxonomy":"product_tag","embeddable":true,"href":"https:\/\/www.ghostysky.com\/es\/wp-json\/wp\/v2\/product_tag?post=3087"}],"curies":[{"name":"wp","href":"https:\/\/api.w.org\/{rel}","templated":true}]}}