{"id":3107,"date":"2022-01-12T11:28:40","date_gmt":"2022-01-12T11:28:40","guid":{"rendered":"https:\/\/www.ghostysky.com\/?post_type=product&#038;p=3107"},"modified":"2023-08-29T10:27:07","modified_gmt":"2023-08-29T10:27:07","slug":"autel-evo-ii-v2-8k","status":"publish","type":"product","link":"https:\/\/www.ghostysky.com\/es\/product\/autel-evo-ii-v2-8k\/","title":{"rendered":"Autel EVO II V2 8K"},"content":{"rendered":"<div class=\"text-and-image-box page-width\">\n<div class=\"text-and-image\">\n<div class=\"text-and-image-header\">\n<h2>La vida en 33 millones de p\u00edxeles<\/h2>\n<p>Autel EVO II 8k graba en resoluciones de hasta 7680\u00d74320. Con 16 veces m\u00e1s p\u00edxeles en comparaci\u00f3n con HD y 4 veces m\u00e1s p\u00edxeles en comparaci\u00f3n con 4k, el video de 8k redefine los detalles de la imagen. La alta resoluci\u00f3n permite la capacidad de hacer zoom en una escena, recortar una imagen o video a 4k sin p\u00e9rdida de calidad y llevar el color m\u00e1s lejos que nunca.<\/p>\n<\/div>\n<p><img decoding=\"async\" id=\"vtpPicture\" src=\"data:image\/gif;base64,R0lGODlhAQABAAAAACH5BAEKAAEALAAAAAABAAEAAAICTAEAOw==\" border=\"0\" class=\"lazyload\" data-src=\"https:\/\/cdn.shopify.com\/s\/files\/1\/1538\/0803\/files\/evo13.png?v=1591865401\"><\/p>\n<\/div>\n<\/div>\n<div class=\"evo2-single-banner-box\">\n<div class=\"evo2-banner-box evo2-detail-content2-box f1-bg\">\n<p><img decoding=\"async\" class=\"pc-img lazyload\" src=\"data:image\/gif;base64,R0lGODlhAQABAAAAACH5BAEKAAEALAAAAAABAAEAAAICTAEAOw==\" border=\"0\" data-src=\"https:\/\/cdn.shopify.com\/s\/files\/1\/1538\/0803\/files\/evo8k_3_1.jpg?v=1591865395\"><\/p>\n<div class=\"evo2-banner-content evo2-detail-content2\">\n<h1>Capture cada detalle<\/h1>\n<div class=\"evo2-banner-p\">\n<p>En asociaci\u00f3n con Sony, el sensor de 48 megap\u00edxeles de Autel EVO II es superior a cualquier c\u00e1mara a\u00e9rea al proporcionar im\u00e1genes m\u00e1s n\u00edtidas, m\u00e1s detalladas y con colores m\u00e1s ricos.<\/p>\n<\/div>\n<\/div>\n<\/div>\n<\/div>\n<div class=\"text-and-image-box page-width mb8\">\n<div class=\"text-and-image\">\n<div class=\"text-and-image-header evo2-detail-header\">\n<h2 class=\"pc-img\">4K, HDR DE 10 BITS<\/h2>\n<p>El video 4K HDR con control de 16 valores de exposici\u00f3n (EV) combina exposiciones de largo, mediano y corto plazo en un solo cuadro que agrega rango din\u00e1mico. La profundidad de color de 10 bits captura m\u00e1s de mil millones de colores para brindar una mayor flexibilidad en la posproducci\u00f3n y, al mismo tiempo, conservar los detalles ricos en las sombras y las luces.<\/p>\n<\/div>\n<p><img decoding=\"async\" class=\"pc-img lazyload\" src=\"data:image\/gif;base64,R0lGODlhAQABAAAAACH5BAEKAAEALAAAAAABAAEAAAICTAEAOw==\" border=\"0\" data-src=\"https:\/\/cdn.shopify.com\/s\/files\/1\/1538\/0803\/files\/evo10.jpg?v=1591865398\"><\/p>\n<\/div>\n<\/div>\n<div class=\"pc-img page-width-1020 grid-section-box\">\n<div class=\"grid-section-item\">\n<div class=\"grid-long-item\"><img fetchpriority=\"high\" decoding=\"async\" id=\"vtpPicture\" src=\"data:image\/gif;base64,R0lGODlhAQABAAAAACH5BAEKAAEALAAAAAABAAEAAAICTAEAOw==\" width=\"1287\" height=\"966\" border=\"0\" class=\"lazyload\" data-src=\"https:\/\/cdn.shopify.com\/s\/files\/1\/1538\/0803\/files\/evo8k_5_1.jpg?v=1591865395\"><\/div>\n<div class=\"grid-short-item gray-bg-box\">\n<h3>Solo Autel ofrece fotograf\u00eda Hyperlapse en 8K<\/h3>\n<p>Con el modo Hyperlapse, no se requiere procesamiento posterior. Las im\u00e1genes de 8K se pueden tomar directamente del dron y se pueden compartir de inmediato. Los archivos JPEG y RAW se graban simult\u00e1neamente. Cree rutas de vuelo perfectas y obtenga videos de hiperlapso precisos y repetibles con solo un clic.<\/p>\n<\/div>\n<\/div>\n<div class=\"grid-section-item\">\n<div class=\"grid-long-item\"><img decoding=\"async\" id=\"vtpPicture\" src=\"data:image\/gif;base64,R0lGODlhAQABAAAAACH5BAEKAAEALAAAAAABAAEAAAICTAEAOw==\" width=\"1287\" height=\"966\" border=\"0\" class=\"lazyload\" data-src=\"https:\/\/cdn.shopify.com\/s\/files\/1\/0261\/1721\/0159\/files\/evo8k_6.jpg?v=1587714100\"><\/div>\n<\/div>\n<div class=\"grid-section-item text-section-item\">\n<div class=\"grid-short-item\">\n<h2>LiveDeck: transmite en cualquier lugar<\/h2>\n<\/div>\n<div class=\"grid-long-item\">\n<h2>Enfoque autom\u00e1tico de detecci\u00f3n de fase<\/h2>\n<\/div>\n<\/div>\n<div class=\"grid-section-item text-section-item\">\n<div class=\"grid-short-item\">\n<p>EVO II con LiveDeck Admite salida HDMI multipuerto en tiempo real para cumplir con los requisitos de monitoreo de escenas y transmisi\u00f3n en vivo.<\/p>\n<\/div>\n<div class=\"grid-long-item\">\n<p>La detecci\u00f3n de fase es un enfoque autom\u00e1tico de precisi\u00f3n que permite el seguimiento preciso de sujetos que se mueven r\u00e1pidamente.<\/p>\n<\/div>\n<\/div>\n<\/div>\n<div class=\"full-banner-box\">\n<div class=\"full-banner-item autel-iframe-media-box\">\n<p><img decoding=\"async\" class=\"pc-img lazyload\" src=\"data:image\/gif;base64,R0lGODlhAQABAAAAACH5BAEKAAEALAAAAAABAAEAAAICTAEAOw==\" border=\"0\" data-src=\"https:\/\/cdn.shopify.com\/s\/files\/1\/1538\/0803\/files\/evo1.png?v=1591865401\"><\/p>\n<div class=\"full-banner-content first-banner-content\">\n<div class=\"first-banner-content-up\">\n<h2>Evitaci\u00f3n de obst\u00e1culos de 360\u00b0<\/h2>\n<div class=\"autel-video-link-box\"><span class=\"autel-video-link open-media-button\">Ver el v\u00eddeo<\/span><\/div>\n<\/div>\n<\/div>\n<\/div>\n<\/div>\n<div class=\"evo2-detail-page specification-toggle\">\n<div class=\"full-banner-box\">\n<div class=\"full-banner-item autel-iframe-media-box\">\n<div class=\"full-banner-content first-banner-content\">\n<div class=\"first-banner-content-up\">\n<div class=\"autel-video-link-box\"><\/div>\n<\/div>\n<div class=\"first-banner-content-down\">\n<p>Equipado con 19 grupos de sensores, incluidos 12 sensores visuales, la c\u00e1mara principal, el ultrasonido, las IMU y otros sensores permiten la creaci\u00f3n de mapas tridimensionales y la planificaci\u00f3n de rutas en tiempo real.<\/p>\n<\/div>\n<\/div>\n<\/div>\n<div class=\"full-banner-item\">\n<p><img decoding=\"async\" class=\"pc-img lazyload\" src=\"data:image\/gif;base64,R0lGODlhAQABAAAAACH5BAEKAAEALAAAAAABAAEAAAICTAEAOw==\" border=\"0\" data-src=\"https:\/\/cdn.shopify.com\/s\/files\/1\/1538\/0803\/files\/evo7.jpg?v=1591865399\"><\/p>\n<div class=\"full-banner-content second-banner-content\">\n<h3>Pista din\u00e1mica 2.0<\/h3>\n<p>EVO II puede modelar la ubicaci\u00f3n y la velocidad de los objetivos simult\u00e1neamente, predecir su trayectoria con precisi\u00f3n y rastrearlos continuamente mientras identifica hasta 64 objetos al mismo tiempo.<\/p>\n<\/div>\n<\/div>\n<div class=\"full-banner-item\">\n<p><img decoding=\"async\" id=\"vtpPicture\" class=\"pc-img lazyload\" src=\"data:image\/gif;base64,R0lGODlhAQABAAAAACH5BAEKAAEALAAAAAABAAEAAAICTAEAOw==\" border=\"0\" data-src=\"https:\/\/cdn.shopify.com\/s\/files\/1\/1538\/0803\/files\/EVO_II_cf6c8b4f-bb00-47ff-b65b-dec387d9f1c3.jpg?v=1596198642\"><\/p>\n<div class=\"full-banner-content thirdly-banner-content\">\n<h2>M\u00e1ximo rendimiento, infinitas posibilidades<\/h2>\n<ul class=\"thirdly-banner-content-down\">\n<li>Tiempo de vuelo: 40 minutos\n<ul class=\"thirdly-banner-content-down\">\n<li>La serie EVO II vuela hasta 40 minutos.<\/li>\n<\/ul>\n<\/li>\n<li>Alcance de transmisi\u00f3n: 8,8 km\n<ul class=\"thirdly-banner-content-down\">\n<li>Vuele a una distancia de hasta 8,8 km de la ubicaci\u00f3n del piloto con confianza en la transmisi\u00f3n de video y telemetr\u00eda.<\/li>\n<\/ul>\n<\/li>\n<li>Resistencia al viento: 61 km\/h (17 m\/s)\n<ul class=\"thirdly-banner-content-down\">\n<li>Vuele en pr\u00e1cticamente cualquier condici\u00f3n de viento (urbano o rural) con confianza, asegurando una misi\u00f3n exitosa.<\/li>\n<\/ul>\n<\/li>\n<li>Velocidad de vuelo: 72 km\/h (20 m\/s)\n<ul class=\"thirdly-banner-content-down\">\n<li>Con velocidades de hasta 72 km\/h (20 m\/s), el EVO II llega r\u00e1pida y eficientemente.<\/li>\n<\/ul>\n<\/li>\n<\/ul>\n<\/div>\n<\/div>\n<\/div>\n<div class=\"accessories-box\">\n<div>\n<h3>Accesorios<\/h3>\n<\/div>\n<p><img decoding=\"async\" class=\"pc-img lazyload\" src=\"data:image\/gif;base64,R0lGODlhAQABAAAAACH5BAEKAAEALAAAAAABAAEAAAICTAEAOw==\" border=\"0\" data-src=\"https:\/\/cdn.shopify.com\/s\/files\/1\/1538\/0803\/files\/1_1f587be0-3047-4fff-9b8c-05e2cf81d611.jpg?v=1596190186\"><\/p>\n<\/div>\n<\/div>","protected":false},"excerpt":{"rendered":"<p><strong>Ir m\u00e1s all\u00e1 de los l\u00edmites de la fotograf\u00eda a\u00e9rea<\/strong><\/p>\n<p>El primer dron plegable de 8k del mundo<\/p>\n<p>&nbsp;<\/p>","protected":false},"featured_media":3108,"comment_status":"open","ping_status":"closed","template":"","meta":[],"product_brand":[],"product_cat":[220,29,294],"product_tag":[229,223,224],"class_list":{"0":"post-3107","1":"product","2":"type-product","3":"status-publish","4":"has-post-thumbnail","6":"product_cat-autel","7":"product_cat-drones","8":"product_cat-drone-autel","9":"product_tag-8k","10":"product_tag-autel","11":"product_tag-autel-evo-ii","13":"first","14":"onbackorder","15":"taxable","16":"shipping-taxable","17":"product-type-simple"},"yoast_head":"<!-- This site is optimized with the Yoast SEO plugin v27.1.1 - https:\/\/yoast.com\/product\/yoast-seo-wordpress\/ -->\n<title>Autel EVO II V2 8K -<\/title>\n<meta name=\"description\" content=\"Go beyond the boundaries of aerial photographyThe world\u2019s first foldable 8k drone\" \/>\n<meta name=\"robots\" content=\"index, follow, max-snippet:-1, max-image-preview:large, max-video-preview:-1\" \/>\n<link rel=\"canonical\" href=\"https:\/\/www.ghostysky.com\/es\/producto-2\/autel-evo-ii-v2-8k\/\" \/>\n<meta property=\"og:locale\" content=\"es_ES\" \/>\n<meta property=\"og:type\" content=\"article\" \/>\n<meta property=\"og:title\" content=\"Autel EVO II V2 8K -\" \/>\n<meta property=\"og:description\" content=\"Go beyond the boundaries of aerial photographyThe world\u2019s first foldable 8k drone\" \/>\n<meta property=\"og:url\" content=\"https:\/\/www.ghostysky.com\/es\/producto-2\/autel-evo-ii-v2-8k\/\" \/>\n<meta property=\"og:site_name\" content=\"Ghostysky\" \/>\n<meta property=\"article:publisher\" content=\"https:\/\/www.facebook.com\/people\/Ghostysky\/100057676170234\/\" \/>\n<meta property=\"article:modified_time\" content=\"2023-08-29T10:27:07+00:00\" \/>\n<meta property=\"og:image\" content=\"https:\/\/www.ghostysky.com\/wp-content\/uploads\/2022\/01\/eng_pl_Autel-EVO-II-V2-8K-12734_7.jpg\" \/>\n\t<meta property=\"og:image:width\" content=\"600\" \/>\n\t<meta property=\"og:image:height\" content=\"600\" \/>\n\t<meta property=\"og:image:type\" content=\"image\/jpeg\" \/>\n<meta name=\"twitter:card\" content=\"summary_large_image\" \/>\n<meta name=\"twitter:site\" content=\"@Gh0stysky\" \/>\n<meta name=\"twitter:label1\" content=\"Tiempo de lectura\" \/>\n\t<meta name=\"twitter:data1\" content=\"4 minutos\" \/>\n<script type=\"application\/ld+json\" class=\"yoast-schema-graph\">{\"@context\":\"https:\/\/schema.org\",\"@graph\":[{\"@type\":\"WebPage\",\"@id\":\"https:\/\/www.ghostysky.com\/product\/autel-evo-ii-v2-8k\/\",\"url\":\"https:\/\/www.ghostysky.com\/product\/autel-evo-ii-v2-8k\/\",\"name\":\"Autel EVO II V2 8K -\",\"isPartOf\":{\"@id\":\"https:\/\/www.ghostysky.com\/#website\"},\"primaryImageOfPage\":{\"@id\":\"https:\/\/www.ghostysky.com\/product\/autel-evo-ii-v2-8k\/#primaryimage\"},\"image\":{\"@id\":\"https:\/\/www.ghostysky.com\/product\/autel-evo-ii-v2-8k\/#primaryimage\"},\"thumbnailUrl\":\"https:\/\/www.ghostysky.com\/wp-content\/uploads\/2022\/01\/eng_pl_Autel-EVO-II-V2-8K-12734_7.jpg\",\"datePublished\":\"2022-01-12T11:28:40+00:00\",\"dateModified\":\"2023-08-29T10:27:07+00:00\",\"description\":\"Go beyond the boundaries of aerial photographyThe world\u2019s first foldable 8k drone\",\"breadcrumb\":{\"@id\":\"https:\/\/www.ghostysky.com\/product\/autel-evo-ii-v2-8k\/#breadcrumb\"},\"inLanguage\":\"es\",\"potentialAction\":[{\"@type\":\"ReadAction\",\"target\":[\"https:\/\/www.ghostysky.com\/product\/autel-evo-ii-v2-8k\/\"]}]},{\"@type\":\"ImageObject\",\"inLanguage\":\"es\",\"@id\":\"https:\/\/www.ghostysky.com\/product\/autel-evo-ii-v2-8k\/#primaryimage\",\"url\":\"https:\/\/www.ghostysky.com\/wp-content\/uploads\/2022\/01\/eng_pl_Autel-EVO-II-V2-8K-12734_7.jpg\",\"contentUrl\":\"https:\/\/www.ghostysky.com\/wp-content\/uploads\/2022\/01\/eng_pl_Autel-EVO-II-V2-8K-12734_7.jpg\",\"width\":600,\"height\":600},{\"@type\":\"BreadcrumbList\",\"@id\":\"https:\/\/www.ghostysky.com\/product\/autel-evo-ii-v2-8k\/#breadcrumb\",\"itemListElement\":[{\"@type\":\"ListItem\",\"position\":1,\"name\":\"Home\",\"item\":\"https:\/\/www.ghostysky.com\/\"},{\"@type\":\"ListItem\",\"position\":2,\"name\":\"Shop\",\"item\":\"https:\/\/www.ghostysky.com\/shop\/\"},{\"@type\":\"ListItem\",\"position\":3,\"name\":\"Autel EVO II V2 8K\"}]},{\"@type\":\"WebSite\",\"@id\":\"https:\/\/www.ghostysky.com\/#website\",\"url\":\"https:\/\/www.ghostysky.com\/\",\"name\":\"Ghostysky\",\"description\":\"Delivering professional drones and services\",\"publisher\":{\"@id\":\"https:\/\/www.ghostysky.com\/#organization\"},\"potentialAction\":[{\"@type\":\"SearchAction\",\"target\":{\"@type\":\"EntryPoint\",\"urlTemplate\":\"https:\/\/www.ghostysky.com\/?s={search_term_string}\"},\"query-input\":{\"@type\":\"PropertyValueSpecification\",\"valueRequired\":true,\"valueName\":\"search_term_string\"}}],\"inLanguage\":\"es\"},{\"@type\":\"Organization\",\"@id\":\"https:\/\/www.ghostysky.com\/#organization\",\"name\":\"Ghostysky\",\"url\":\"https:\/\/www.ghostysky.com\/\",\"logo\":{\"@type\":\"ImageObject\",\"inLanguage\":\"es\",\"@id\":\"https:\/\/www.ghostysky.com\/#\/schema\/logo\/image\/\",\"url\":\"https:\/\/www.ghostysky.com\/wp-content\/uploads\/2020\/06\/cropped-ghostyskylogo_text_white2.png\",\"contentUrl\":\"https:\/\/www.ghostysky.com\/wp-content\/uploads\/2020\/06\/cropped-ghostyskylogo_text_white2.png\",\"width\":169,\"height\":56,\"caption\":\"Ghostysky\"},\"image\":{\"@id\":\"https:\/\/www.ghostysky.com\/#\/schema\/logo\/image\/\"},\"sameAs\":[\"https:\/\/www.facebook.com\/people\/Ghostysky\/100057676170234\/\",\"https:\/\/x.com\/Gh0stysky\",\"https:\/\/www.linkedin.com\/company\/34739653\",\"https:\/\/www.instagram.com\/gh0stysky\"]}]}<\/script>\n<!-- \/ Yoast SEO plugin. -->","yoast_head_json":{"title":"Autel EVO II V2 8K -","description":"Vaya m\u00e1s all\u00e1 de los l\u00edmites de la fotograf\u00eda a\u00e9reaEl primer dron plegable de 8k del mundo","robots":{"index":"index","follow":"follow","max-snippet":"max-snippet:-1","max-image-preview":"max-image-preview:large","max-video-preview":"max-video-preview:-1"},"canonical":"https:\/\/www.ghostysky.com\/es\/producto-2\/autel-evo-ii-v2-8k\/","og_locale":"es_ES","og_type":"article","og_title":"Autel EVO II V2 8K -","og_description":"Go beyond the boundaries of aerial photographyThe world\u2019s first foldable 8k drone","og_url":"https:\/\/www.ghostysky.com\/es\/producto-2\/autel-evo-ii-v2-8k\/","og_site_name":"Ghostysky","article_publisher":"https:\/\/www.facebook.com\/people\/Ghostysky\/100057676170234\/","article_modified_time":"2023-08-29T10:27:07+00:00","og_image":[{"width":600,"height":600,"url":"https:\/\/www.ghostysky.com\/wp-content\/uploads\/2022\/01\/eng_pl_Autel-EVO-II-V2-8K-12734_7.jpg","type":"image\/jpeg"}],"twitter_card":"summary_large_image","twitter_site":"@Gh0stysky","twitter_misc":{"Tiempo de lectura":"4 minutos"},"schema":{"@context":"https:\/\/schema.org","@graph":[{"@type":"WebPage","@id":"https:\/\/www.ghostysky.com\/product\/autel-evo-ii-v2-8k\/","url":"https:\/\/www.ghostysky.com\/product\/autel-evo-ii-v2-8k\/","name":"Autel EVO II V2 8K -","isPartOf":{"@id":"https:\/\/www.ghostysky.com\/#website"},"primaryImageOfPage":{"@id":"https:\/\/www.ghostysky.com\/product\/autel-evo-ii-v2-8k\/#primaryimage"},"image":{"@id":"https:\/\/www.ghostysky.com\/product\/autel-evo-ii-v2-8k\/#primaryimage"},"thumbnailUrl":"https:\/\/www.ghostysky.com\/wp-content\/uploads\/2022\/01\/eng_pl_Autel-EVO-II-V2-8K-12734_7.jpg","datePublished":"2022-01-12T11:28:40+00:00","dateModified":"2023-08-29T10:27:07+00:00","description":"Vaya m\u00e1s all\u00e1 de los l\u00edmites de la fotograf\u00eda a\u00e9reaEl primer dron plegable de 8k del mundo","breadcrumb":{"@id":"https:\/\/www.ghostysky.com\/product\/autel-evo-ii-v2-8k\/#breadcrumb"},"inLanguage":"es","potentialAction":[{"@type":"ReadAction","target":["https:\/\/www.ghostysky.com\/product\/autel-evo-ii-v2-8k\/"]}]},{"@type":"ImageObject","inLanguage":"es","@id":"https:\/\/www.ghostysky.com\/product\/autel-evo-ii-v2-8k\/#primaryimage","url":"https:\/\/www.ghostysky.com\/wp-content\/uploads\/2022\/01\/eng_pl_Autel-EVO-II-V2-8K-12734_7.jpg","contentUrl":"https:\/\/www.ghostysky.com\/wp-content\/uploads\/2022\/01\/eng_pl_Autel-EVO-II-V2-8K-12734_7.jpg","width":600,"height":600},{"@type":"BreadcrumbList","@id":"https:\/\/www.ghostysky.com\/product\/autel-evo-ii-v2-8k\/#breadcrumb","itemListElement":[{"@type":"ListItem","position":1,"name":"Home","item":"https:\/\/www.ghostysky.com\/"},{"@type":"ListItem","position":2,"name":"Shop","item":"https:\/\/www.ghostysky.com\/shop\/"},{"@type":"ListItem","position":3,"name":"Autel EVO II V2 8K"}]},{"@type":"WebSite","@id":"https:\/\/www.ghostysky.com\/#website","url":"https:\/\/www.ghostysky.com\/","name":"Ghostysky","description":"Entrega de drones y servicios profesionales","publisher":{"@id":"https:\/\/www.ghostysky.com\/#organization"},"potentialAction":[{"@type":"SearchAction","target":{"@type":"EntryPoint","urlTemplate":"https:\/\/www.ghostysky.com\/?s={search_term_string}"},"query-input":{"@type":"PropertyValueSpecification","valueRequired":true,"valueName":"search_term_string"}}],"inLanguage":"es"},{"@type":"Organization","@id":"https:\/\/www.ghostysky.com\/#organization","name":"Ghostysky","url":"https:\/\/www.ghostysky.com\/","logo":{"@type":"ImageObject","inLanguage":"es","@id":"https:\/\/www.ghostysky.com\/#\/schema\/logo\/image\/","url":"https:\/\/www.ghostysky.com\/wp-content\/uploads\/2020\/06\/cropped-ghostyskylogo_text_white2.png","contentUrl":"https:\/\/www.ghostysky.com\/wp-content\/uploads\/2020\/06\/cropped-ghostyskylogo_text_white2.png","width":169,"height":56,"caption":"Ghostysky"},"image":{"@id":"https:\/\/www.ghostysky.com\/#\/schema\/logo\/image\/"},"sameAs":["https:\/\/www.facebook.com\/people\/Ghostysky\/100057676170234\/","https:\/\/x.com\/Gh0stysky","https:\/\/www.linkedin.com\/company\/34739653","https:\/\/www.instagram.com\/gh0stysky"]}]}},"_links":{"self":[{"href":"https:\/\/www.ghostysky.com\/es\/wp-json\/wp\/v2\/product\/3107","targetHints":{"allow":["GET"]}}],"collection":[{"href":"https:\/\/www.ghostysky.com\/es\/wp-json\/wp\/v2\/product"}],"about":[{"href":"https:\/\/www.ghostysky.com\/es\/wp-json\/wp\/v2\/types\/product"}],"replies":[{"embeddable":true,"href":"https:\/\/www.ghostysky.com\/es\/wp-json\/wp\/v2\/comments?post=3107"}],"wp:featuredmedia":[{"embeddable":true,"href":"https:\/\/www.ghostysky.com\/es\/wp-json\/wp\/v2\/media\/3108"}],"wp:attachment":[{"href":"https:\/\/www.ghostysky.com\/es\/wp-json\/wp\/v2\/media?parent=3107"}],"wp:term":[{"taxonomy":"product_brand","embeddable":true,"href":"https:\/\/www.ghostysky.com\/es\/wp-json\/wp\/v2\/product_brand?post=3107"},{"taxonomy":"product_cat","embeddable":true,"href":"https:\/\/www.ghostysky.com\/es\/wp-json\/wp\/v2\/product_cat?post=3107"},{"taxonomy":"product_tag","embeddable":true,"href":"https:\/\/www.ghostysky.com\/es\/wp-json\/wp\/v2\/product_tag?post=3107"}],"curies":[{"name":"wp","href":"https:\/\/api.w.org\/{rel}","templated":true}]}}