{"id":3189,"date":"2022-01-12T19:57:49","date_gmt":"2022-01-12T19:57:49","guid":{"rendered":"https:\/\/www.ghostysky.com\/?post_type=product&#038;p=3189"},"modified":"2024-10-28T09:10:44","modified_gmt":"2024-10-28T09:10:44","slug":"autel-smart-controller-v2","status":"publish","type":"product","link":"https:\/\/www.ghostysky.com\/es\/product\/autel-smart-controller-v2\/","title":{"rendered":"Controlador inteligente Autel V2"},"content":{"rendered":"<p><img decoding=\"async\" src=\"datos:imagen\/gif;base64,R0lGODlhAQABAAAAACH5BAEKAAEALAAAAAABAAEAAAICTAEAOw==\" alt=\"\" width=\"100%\" border=\"0\" class=\"lazyload\" data-src=\"datos:imagen\/gif;base64,R0lGODlhAQABAAAAACH5BAEKAAEALAAAAAABAAEAAAICTAEAOw==\"><br \/>\n<img decoding=\"async\" src=\"datos:imagen\/gif;base64,R0lGODlhAQABAAAAACH5BAEKAAEALAAAAAABAAEAAAICTAEAOw==\" alt=\"\" width=\"100%\" border=\"0\" class=\"lazyload\" data-src=\"datos:imagen\/gif;base64,R0lGODlhAQABAAAAACH5BAEKAAEALAAAAAABAAEAAAICTAEAOw==\"><br \/>\n<img decoding=\"async\" src=\"datos:imagen\/gif;base64,R0lGODlhAQABAAAAACH5BAEKAAEALAAAAAABAAEAAAICTAEAOw==\" alt=\"\" width=\"100%\" border=\"0\" class=\"lazyload\" data-src=\"datos:imagen\/gif;base64,R0lGODlhAQABAAAAACH5BAEKAAEALAAAAAABAAEAAAICTAEAOw==\"><br \/>\n<img decoding=\"async\" src=\"datos:imagen\/gif;base64,R0lGODlhAQABAAAAACH5BAEKAAEALAAAAAABAAEAAAICTAEAOw==\" alt=\"\" width=\"100%\" border=\"0\" class=\"lazyload\" data-src=\"datos:imagen\/gif;base64,R0lGODlhAQABAAAAACH5BAEKAAEALAAAAAABAAEAAAICTAEAOw==\"><br \/>\n<img decoding=\"async\" src=\"datos:imagen\/gif;base64,R0lGODlhAQABAAAAACH5BAEKAAEALAAAAAABAAEAAAICTAEAOw==\" alt=\"\" width=\"100%\" border=\"0\" class=\"lazyload\" data-src=\"datos:imagen\/gif;base64,R0lGODlhAQABAAAAACH5BAEKAAEALAAAAAABAAEAAAICTAEAOw==\"><br \/>\n<img decoding=\"async\" src=\"datos:imagen\/gif;base64,R0lGODlhAQABAAAAACH5BAEKAAEALAAAAAABAAEAAAICTAEAOw==\" alt=\"\" width=\"100%\" border=\"0\" class=\"lazyload\" data-src=\"datos:imagen\/gif;base64,R0lGODlhAQABAAAAACH5BAEKAAEALAAAAAABAAEAAAICTAEAOw==\"><br \/>\n<img decoding=\"async\" src=\"datos:imagen\/gif;base64,R0lGODlhAQABAAAAACH5BAEKAAEALAAAAAABAAEAAAICTAEAOw==\" alt=\"\" width=\"100%\" border=\"0\" class=\"lazyload\" data-src=\"datos:imagen\/gif;base64,R0lGODlhAQABAAAAACH5BAEKAAEALAAAAAABAAEAAAICTAEAOw==\"><\/p>\n<div class=\"specification-table\">\n<div class=\"page-width\">\n<div class=\"table-header\">\n<p>&nbsp;<\/p>\n<p><strong>ESPECIFICACI\u00d3N<\/strong><\/p>\n<p>&nbsp;<\/p>\n<p><strong>Transmisi\u00f3n de im\u00e1genes<\/strong><\/p>\n<\/div>\n<div class=\"toggle-table\">\n<table border=\"0\">\n<tbody>\n<tr>\n<td>*Frecuencia de trabajo<\/td>\n<td>902-928 MHz; 2,400-2,4835 GHz; 5,725-5,850 GHz<\/td>\n<\/tr>\n<tr>\n<td>Distancia m\u00e1xima de transmisi\u00f3n de se\u00f1al (sin interferencias, sin obst\u00e1culos)<\/td>\n<td>FCC: 13 km; CE: 7 km<\/td>\n<\/tr>\n<tr>\n<td>Potencia del transmisor (EIRP)<\/td>\n<td>902-928 MHz<br \/>\nFCC:\u226430dBm<br \/>\n2,400-2,4835 GHz<br \/>\nFCC:\u226430dBm<br \/>\nCE: \u226420dBm<br \/>\n5.725-5.850 GHz<br \/>\nCE:\u226414dBm<\/td>\n<\/tr>\n<\/tbody>\n<\/table>\n<\/div>\n<\/div>\n<\/div>\n<div class=\"specification-table\">\n<div class=\"page-width\">\n<div class=\"table-header\">\n<p class=\"toggle-botton open\"><strong>Transmisi\u00f3n Digital<\/strong><\/p>\n<\/div>\n<table class=\"toggle-table\" border=\"0\">\n<tbody>\n<tr>\n<td>*Frecuencia de trabajo<\/td>\n<td>5.725 \u2013 5.755 GHz<\/td>\n<\/tr>\n<tr>\n<td>Potencia del transmisor (EIRP)<\/td>\n<td>FCC:\u226420dBm<br \/>\nCE:\u226414dBm<\/td>\n<\/tr>\n<\/tbody>\n<\/table>\n<\/div>\n<\/div>\n<div class=\"specification-table\">\n<div class=\"page-width\">\n<div class=\"table-header\">\n<p class=\"toggle-botton open\"><strong>Wifi<\/strong><\/p>\n<\/div>\n<table class=\"toggle-table\" border=\"0\">\n<tbody>\n<tr>\n<td>Protocolo<\/td>\n<td>Wi-Fi directo;<br \/>\npantalla wifi;<br \/>\n802.11a\/g\/n\/ac;<br \/>\nWifi con 2\u00d72 MIMO<\/td>\n<\/tr>\n<tr>\n<td>*Frecuencia de trabajo<\/td>\n<td>2,400 \u2013 2,4835 GHz; 5,150 \u2013 5,250 GHz; 5,725 \u2013 5,850 GHz<\/td>\n<\/tr>\n<tr>\n<td>Potencia del transmisor (EIRP)<\/td>\n<td>2,400-2,4835 GHz<br \/>\nFCC\/CE:\u226420dBm<br \/>\n5.150-5.250 GHz<br \/>\nFCC:\u226417dBm<br \/>\n5.725-5.850 GHz<br \/>\nFCC:\u226417dBm<br \/>\nCE:\u226414dBm<\/td>\n<\/tr>\n<\/tbody>\n<\/table>\n<\/div>\n<\/div>\n<div class=\"specification-table\">\n<div class=\"page-width\">\n<div class=\"table-header\">\n<p class=\"toggle-botton open\"><strong>Bater\u00eda<\/strong><\/p>\n<\/div>\n<table class=\"toggle-table\" border=\"0\">\n<tbody>\n<tr>\n<td>Tipo de Bater\u00eda<\/td>\n<td>Li-ion<\/td>\n<\/tr>\n<tr>\n<td>Capacidad<\/td>\n<td>5800mAh<\/td>\n<\/tr>\n<tr>\n<td>Voltaje<\/td>\n<td>11,55 V<\/td>\n<\/tr>\n<tr>\n<td>Energ\u00eda de la bater\u00eda<\/td>\n<td>67 Wh<\/td>\n<\/tr>\n<tr>\n<td>Tiempo de carga<\/td>\n<td>120 minutos<\/td>\n<\/tr>\n<\/tbody>\n<\/table>\n<\/div>\n<\/div>\n<div class=\"specification-table\">\n<div class=\"page-width\">\n<div class=\"table-header\">\n<p class=\"toggle-botton open\"><strong>Otras especificaciones<\/strong><\/p>\n<\/div>\n<div class=\"toggle-table\">\n<table border=\"0\">\n<tbody>\n<tr>\n<td>Horas de funcionamiento<\/td>\n<td>~ 3h (brillo m\u00e1ximo)<br \/>\n~ 4,5 h (50% Brillo)<\/td>\n<\/tr>\n<tr>\n<td>Almacenamiento interno<\/td>\n<td>128GB<\/td>\n<\/tr>\n<tr>\n<td>Puerto de salida de v\u00eddeo<\/td>\n<td>Puerto HDMI<\/td>\n<\/tr>\n<tr>\n<td>Tensi\u00f3n\/corriente USB-A<\/td>\n<td>5V \/ 2A<\/td>\n<\/tr>\n<tr>\n<td>Temperatura de funcionamiento<\/td>\n<td>-4\u00b0 a 104\u00b0 F (-20 \u2103 a 40 \u2103)<\/td>\n<\/tr>\n<tr>\n<td>Temperatura de carga<\/td>\n<td>41\u00b0 a 113\u00b0 F (5 \u2103 a 45 \u2103)<\/td>\n<\/tr>\n<tr>\n<td>Rango de temperatura de almacenamiento<\/td>\n<td>&lt; 1 mes: -4\u00b0 a 113\u00b0 F (-20\u00b0 a 45\u00b0 C)<br \/>\n1-3 meses: 32\u00b0 a 86\u00b0 F (0\u00b0 a 30\u00b0 C)<br \/>\n3-12 meses: 59\u00b0 a 77\u00b0 F (15\u00b0 a 25\u00b0 C)<\/td>\n<\/tr>\n<tr>\n<td>**Aeronaves admitidas<\/td>\n<td>Serie EVO II<br \/>\nSerie EVO II RTK<br \/>\nEmpresa EVO II<\/td>\n<\/tr>\n<tr>\n<td>M\u00f3dulo de posicionamiento satelital<\/td>\n<td>GPS+GLONASS+Galileo<\/td>\n<\/tr>\n<tr>\n<td>Dimensiones<\/td>\n<td>303*190*87 mm (antenas plegadas)<br \/>\n303*273*87 mm (antenas desplegadas)<\/td>\n<\/tr>\n<tr>\n<td>Peso<\/td>\n<td>1150g (sin funda protectora)<br \/>\n1250g (con funda protectora)<\/td>\n<\/tr>\n<\/tbody>\n<\/table>\n<div class=\"table-footer\">\n<p>Nota:<br \/>\n*La banda de frecuencia de trabajo var\u00eda seg\u00fan los diferentes pa\u00edses y modelos.<br \/>\n** Admitiremos m\u00e1s aeronaves de Autel Robotics en el futuro.<\/p>\n<\/div>\n<\/div>\n<\/div>\n<\/div>","protected":false},"excerpt":{"rendered":"<p>Controlador inteligente Autel V2 de 7,9\u201d<\/p>","protected":false},"featured_media":3190,"comment_status":"open","ping_status":"closed","template":"","meta":[],"product_brand":[],"product_cat":[221,220,29],"product_tag":[223,237],"class_list":{"0":"post-3189","1":"product","2":"type-product","3":"status-publish","4":"has-post-thumbnail","6":"product_cat-accessories","7":"product_cat-autel","8":"product_cat-drones","9":"product_tag-autel","10":"product_tag-autel-smart-controller","12":"first","13":"onbackorder","14":"taxable","15":"shipping-taxable","16":"product-type-simple"},"yoast_head":"<!-- This site is optimized with the Yoast SEO plugin v27.1.1 - https:\/\/yoast.com\/product\/yoast-seo-wordpress\/ -->\n<title>Autel Smart Controller V2 -<\/title>\n<meta name=\"description\" content=\"7,9&#039;&#039; Autel Smart Controller V2\" \/>\n<meta name=\"robots\" content=\"index, follow, max-snippet:-1, max-image-preview:large, max-video-preview:-1\" \/>\n<link rel=\"canonical\" href=\"https:\/\/www.ghostysky.com\/es\/producto-2\/autel-smart-controller-v2\/\" \/>\n<meta property=\"og:locale\" content=\"es_ES\" \/>\n<meta property=\"og:type\" content=\"article\" \/>\n<meta property=\"og:title\" content=\"Autel Smart Controller V2 -\" \/>\n<meta property=\"og:description\" content=\"7,9&#039;&#039; Autel Smart Controller V2\" \/>\n<meta property=\"og:url\" content=\"https:\/\/www.ghostysky.com\/es\/producto-2\/autel-smart-controller-v2\/\" \/>\n<meta property=\"og:site_name\" content=\"Ghostysky\" \/>\n<meta property=\"article:publisher\" content=\"https:\/\/www.facebook.com\/people\/Ghostysky\/100057676170234\/\" \/>\n<meta property=\"article:modified_time\" content=\"2024-10-28T09:10:44+00:00\" \/>\n<meta property=\"og:image\" content=\"https:\/\/www.ghostysky.com\/wp-content\/uploads\/2022\/01\/eng_pm_7-9-Autel-Smart-Controller-V2-12793_1.jpg\" \/>\n\t<meta property=\"og:image:width\" content=\"450\" \/>\n\t<meta property=\"og:image:height\" content=\"450\" \/>\n\t<meta property=\"og:image:type\" content=\"image\/jpeg\" \/>\n<meta name=\"twitter:card\" content=\"summary_large_image\" \/>\n<meta name=\"twitter:site\" content=\"@Gh0stysky\" \/>\n<meta name=\"twitter:label1\" content=\"Tiempo de lectura\" \/>\n\t<meta name=\"twitter:data1\" content=\"3 minutos\" \/>\n<script type=\"application\/ld+json\" class=\"yoast-schema-graph\">{\"@context\":\"https:\/\/schema.org\",\"@graph\":[{\"@type\":\"WebPage\",\"@id\":\"https:\/\/www.ghostysky.com\/product\/autel-smart-controller-v2\/\",\"url\":\"https:\/\/www.ghostysky.com\/product\/autel-smart-controller-v2\/\",\"name\":\"Autel Smart Controller V2 -\",\"isPartOf\":{\"@id\":\"https:\/\/www.ghostysky.com\/#website\"},\"primaryImageOfPage\":{\"@id\":\"https:\/\/www.ghostysky.com\/product\/autel-smart-controller-v2\/#primaryimage\"},\"image\":{\"@id\":\"https:\/\/www.ghostysky.com\/product\/autel-smart-controller-v2\/#primaryimage\"},\"thumbnailUrl\":\"https:\/\/www.ghostysky.com\/wp-content\/uploads\/2022\/01\/eng_pm_7-9-Autel-Smart-Controller-V2-12793_1.jpg\",\"datePublished\":\"2022-01-12T19:57:49+00:00\",\"dateModified\":\"2024-10-28T09:10:44+00:00\",\"description\":\"7,9'' Autel Smart Controller V2\",\"breadcrumb\":{\"@id\":\"https:\/\/www.ghostysky.com\/product\/autel-smart-controller-v2\/#breadcrumb\"},\"inLanguage\":\"es\",\"potentialAction\":[{\"@type\":\"ReadAction\",\"target\":[\"https:\/\/www.ghostysky.com\/product\/autel-smart-controller-v2\/\"]}]},{\"@type\":\"ImageObject\",\"inLanguage\":\"es\",\"@id\":\"https:\/\/www.ghostysky.com\/product\/autel-smart-controller-v2\/#primaryimage\",\"url\":\"https:\/\/www.ghostysky.com\/wp-content\/uploads\/2022\/01\/eng_pm_7-9-Autel-Smart-Controller-V2-12793_1.jpg\",\"contentUrl\":\"https:\/\/www.ghostysky.com\/wp-content\/uploads\/2022\/01\/eng_pm_7-9-Autel-Smart-Controller-V2-12793_1.jpg\",\"width\":450,\"height\":450},{\"@type\":\"BreadcrumbList\",\"@id\":\"https:\/\/www.ghostysky.com\/product\/autel-smart-controller-v2\/#breadcrumb\",\"itemListElement\":[{\"@type\":\"ListItem\",\"position\":1,\"name\":\"Home\",\"item\":\"https:\/\/www.ghostysky.com\/\"},{\"@type\":\"ListItem\",\"position\":2,\"name\":\"Shop\",\"item\":\"https:\/\/www.ghostysky.com\/shop\/\"},{\"@type\":\"ListItem\",\"position\":3,\"name\":\"Autel Smart Controller V2\"}]},{\"@type\":\"WebSite\",\"@id\":\"https:\/\/www.ghostysky.com\/#website\",\"url\":\"https:\/\/www.ghostysky.com\/\",\"name\":\"Ghostysky\",\"description\":\"Delivering professional drones and services\",\"publisher\":{\"@id\":\"https:\/\/www.ghostysky.com\/#organization\"},\"potentialAction\":[{\"@type\":\"SearchAction\",\"target\":{\"@type\":\"EntryPoint\",\"urlTemplate\":\"https:\/\/www.ghostysky.com\/?s={search_term_string}\"},\"query-input\":{\"@type\":\"PropertyValueSpecification\",\"valueRequired\":true,\"valueName\":\"search_term_string\"}}],\"inLanguage\":\"es\"},{\"@type\":\"Organization\",\"@id\":\"https:\/\/www.ghostysky.com\/#organization\",\"name\":\"Ghostysky\",\"url\":\"https:\/\/www.ghostysky.com\/\",\"logo\":{\"@type\":\"ImageObject\",\"inLanguage\":\"es\",\"@id\":\"https:\/\/www.ghostysky.com\/#\/schema\/logo\/image\/\",\"url\":\"https:\/\/www.ghostysky.com\/wp-content\/uploads\/2020\/06\/cropped-ghostyskylogo_text_white2.png\",\"contentUrl\":\"https:\/\/www.ghostysky.com\/wp-content\/uploads\/2020\/06\/cropped-ghostyskylogo_text_white2.png\",\"width\":169,\"height\":56,\"caption\":\"Ghostysky\"},\"image\":{\"@id\":\"https:\/\/www.ghostysky.com\/#\/schema\/logo\/image\/\"},\"sameAs\":[\"https:\/\/www.facebook.com\/people\/Ghostysky\/100057676170234\/\",\"https:\/\/x.com\/Gh0stysky\",\"https:\/\/www.linkedin.com\/company\/34739653\",\"https:\/\/www.instagram.com\/gh0stysky\"]}]}<\/script>\n<!-- \/ Yoast SEO plugin. -->","yoast_head_json":{"title":"Controlador inteligente Autel V2 -","description":"Controlador inteligente Autel V2 de 7,9&#039;&#039;","robots":{"index":"index","follow":"follow","max-snippet":"max-snippet:-1","max-image-preview":"max-image-preview:large","max-video-preview":"max-video-preview:-1"},"canonical":"https:\/\/www.ghostysky.com\/es\/producto-2\/autel-smart-controller-v2\/","og_locale":"es_ES","og_type":"article","og_title":"Autel Smart Controller V2 -","og_description":"7,9'' Autel Smart Controller V2","og_url":"https:\/\/www.ghostysky.com\/es\/producto-2\/autel-smart-controller-v2\/","og_site_name":"Ghostysky","article_publisher":"https:\/\/www.facebook.com\/people\/Ghostysky\/100057676170234\/","article_modified_time":"2024-10-28T09:10:44+00:00","og_image":[{"width":450,"height":450,"url":"https:\/\/www.ghostysky.com\/wp-content\/uploads\/2022\/01\/eng_pm_7-9-Autel-Smart-Controller-V2-12793_1.jpg","type":"image\/jpeg"}],"twitter_card":"summary_large_image","twitter_site":"@Gh0stysky","twitter_misc":{"Tiempo de lectura":"3 minutos"},"schema":{"@context":"https:\/\/schema.org","@graph":[{"@type":"WebPage","@id":"https:\/\/www.ghostysky.com\/product\/autel-smart-controller-v2\/","url":"https:\/\/www.ghostysky.com\/product\/autel-smart-controller-v2\/","name":"Controlador inteligente Autel V2 -","isPartOf":{"@id":"https:\/\/www.ghostysky.com\/#website"},"primaryImageOfPage":{"@id":"https:\/\/www.ghostysky.com\/product\/autel-smart-controller-v2\/#primaryimage"},"image":{"@id":"https:\/\/www.ghostysky.com\/product\/autel-smart-controller-v2\/#primaryimage"},"thumbnailUrl":"https:\/\/www.ghostysky.com\/wp-content\/uploads\/2022\/01\/eng_pm_7-9-Autel-Smart-Controller-V2-12793_1.jpg","datePublished":"2022-01-12T19:57:49+00:00","dateModified":"2024-10-28T09:10:44+00:00","description":"Controlador inteligente Autel V2 de 7,9&#039;&#039;","breadcrumb":{"@id":"https:\/\/www.ghostysky.com\/product\/autel-smart-controller-v2\/#breadcrumb"},"inLanguage":"es","potentialAction":[{"@type":"ReadAction","target":["https:\/\/www.ghostysky.com\/product\/autel-smart-controller-v2\/"]}]},{"@type":"ImageObject","inLanguage":"es","@id":"https:\/\/www.ghostysky.com\/product\/autel-smart-controller-v2\/#primaryimage","url":"https:\/\/www.ghostysky.com\/wp-content\/uploads\/2022\/01\/eng_pm_7-9-Autel-Smart-Controller-V2-12793_1.jpg","contentUrl":"https:\/\/www.ghostysky.com\/wp-content\/uploads\/2022\/01\/eng_pm_7-9-Autel-Smart-Controller-V2-12793_1.jpg","width":450,"height":450},{"@type":"BreadcrumbList","@id":"https:\/\/www.ghostysky.com\/product\/autel-smart-controller-v2\/#breadcrumb","itemListElement":[{"@type":"ListItem","position":1,"name":"Home","item":"https:\/\/www.ghostysky.com\/"},{"@type":"ListItem","position":2,"name":"Shop","item":"https:\/\/www.ghostysky.com\/shop\/"},{"@type":"ListItem","position":3,"name":"Autel Smart Controller V2"}]},{"@type":"WebSite","@id":"https:\/\/www.ghostysky.com\/#website","url":"https:\/\/www.ghostysky.com\/","name":"Ghostysky","description":"Entrega de drones y servicios profesionales","publisher":{"@id":"https:\/\/www.ghostysky.com\/#organization"},"potentialAction":[{"@type":"SearchAction","target":{"@type":"EntryPoint","urlTemplate":"https:\/\/www.ghostysky.com\/?s={search_term_string}"},"query-input":{"@type":"PropertyValueSpecification","valueRequired":true,"valueName":"search_term_string"}}],"inLanguage":"es"},{"@type":"Organization","@id":"https:\/\/www.ghostysky.com\/#organization","name":"Ghostysky","url":"https:\/\/www.ghostysky.com\/","logo":{"@type":"ImageObject","inLanguage":"es","@id":"https:\/\/www.ghostysky.com\/#\/schema\/logo\/image\/","url":"https:\/\/www.ghostysky.com\/wp-content\/uploads\/2020\/06\/cropped-ghostyskylogo_text_white2.png","contentUrl":"https:\/\/www.ghostysky.com\/wp-content\/uploads\/2020\/06\/cropped-ghostyskylogo_text_white2.png","width":169,"height":56,"caption":"Ghostysky"},"image":{"@id":"https:\/\/www.ghostysky.com\/#\/schema\/logo\/image\/"},"sameAs":["https:\/\/www.facebook.com\/people\/Ghostysky\/100057676170234\/","https:\/\/x.com\/Gh0stysky","https:\/\/www.linkedin.com\/company\/34739653","https:\/\/www.instagram.com\/gh0stysky"]}]}},"_links":{"self":[{"href":"https:\/\/www.ghostysky.com\/es\/wp-json\/wp\/v2\/product\/3189","targetHints":{"allow":["GET"]}}],"collection":[{"href":"https:\/\/www.ghostysky.com\/es\/wp-json\/wp\/v2\/product"}],"about":[{"href":"https:\/\/www.ghostysky.com\/es\/wp-json\/wp\/v2\/types\/product"}],"replies":[{"embeddable":true,"href":"https:\/\/www.ghostysky.com\/es\/wp-json\/wp\/v2\/comments?post=3189"}],"wp:featuredmedia":[{"embeddable":true,"href":"https:\/\/www.ghostysky.com\/es\/wp-json\/wp\/v2\/media\/3190"}],"wp:attachment":[{"href":"https:\/\/www.ghostysky.com\/es\/wp-json\/wp\/v2\/media?parent=3189"}],"wp:term":[{"taxonomy":"product_brand","embeddable":true,"href":"https:\/\/www.ghostysky.com\/es\/wp-json\/wp\/v2\/product_brand?post=3189"},{"taxonomy":"product_cat","embeddable":true,"href":"https:\/\/www.ghostysky.com\/es\/wp-json\/wp\/v2\/product_cat?post=3189"},{"taxonomy":"product_tag","embeddable":true,"href":"https:\/\/www.ghostysky.com\/es\/wp-json\/wp\/v2\/product_tag?post=3189"}],"curies":[{"name":"wp","href":"https:\/\/api.w.org\/{rel}","templated":true}]}}