{"id":5095,"date":"2022-03-18T16:17:39","date_gmt":"2022-03-18T16:17:39","guid":{"rendered":"https:\/\/www.ghostysky.com\/?post_type=product&#038;p=5095"},"modified":"2024-05-22T09:03:22","modified_gmt":"2024-05-22T09:03:22","slug":"pix4d-training","status":"publish","type":"product","link":"https:\/\/www.ghostysky.com\/es\/product\/pix4d-training\/","title":{"rendered":"Entrenamiento Pix4D"},"content":{"rendered":"<header class=\"section__headings\">\n<h2 class=\"section__heading section__heading___d0cf3\">Talleres dirigidos por un instructor<\/h2>\n<\/header>\n<div class=\"section__body\">\n<p>Disponible en sitio y en l\u00ednea.<\/p>\n<ul>\n<li>Aprenda sobre la teor\u00eda y luego p\u00f3ngala en pr\u00e1ctica con ejercicios pr\u00e1cticos.<\/li>\n<li>Red con otros profesionales en su campo.<\/li>\n<\/ul>\n<\/div>\n<header class=\"section__headings\">\n<h2 class=\"section__heading section__heading___7e449\">Cursos online<\/h2>\n<\/header>\n<div class=\"section__body\">\n<p>Aprende a tu ritmo, desde cualquier parte del mundo, con nuestros cursos online.<\/p>\n<ul>\n<li>100% a su propio ritmo.<\/li>\n<li>V\u00eddeos con cuestionarios y ejercicios pr\u00e1cticos.<\/li>\n<\/ul>\n<header class=\"section__headings\">\n<h2 class=\"section__heading section__heading___c3bf4\">Consulta personal<\/h2>\n<\/header>\n<div class=\"section__body\">\n<p>Obtenga resultados en un entorno privado con una clase que se adapta a usted y a su empresa.<\/p>\n<ul>\n<li>Entrenando en tu ubicaci\u00f3n ideal.<\/li>\n<li>Entrenamientos individuales o grupales.<\/li>\n<li>Identifique y conozca las herramientas y los flujos de trabajo \u00f3ptimos que se ajustan a sus necesidades.<\/li>\n<\/ul>\n<\/div>\n<\/div>","protected":false},"excerpt":{"rendered":"<h3>Lo que vas a aprender<\/h3>\n<table>\n<tbody>\n<tr>\n<td><\/td>\n<td>El curso en l\u00ednea PIX4Dmapper Essentials le presentar\u00e1 los flujos de trabajo cr\u00edticos de PIX4Dmapper.<\/td>\n<\/tr>\n<tr>\n<td><\/td>\n<td>Aprender\u00e1 las mejores pr\u00e1cticas para capturar im\u00e1genes RGB y crear, administrar, analizar y compartir representaciones 2D y 3D de la realidad.<\/td>\n<\/tr>\n<tr>\n<td><\/td>\n<td>Una serie de ejercicios pr\u00e1cticos demostrar\u00e1 c\u00f3mo trabajar de manera efectiva con PIX4Dmapper y PIX4Dcloud Advanced.<\/td>\n<\/tr>\n<\/tbody>\n<\/table>","protected":false},"featured_media":5096,"comment_status":"open","ping_status":"closed","template":"","meta":[],"product_brand":[],"product_cat":[100,31],"product_tag":[291,102,49],"class_list":{"0":"post-5095","1":"product","2":"type-product","3":"status-publish","4":"has-post-thumbnail","6":"product_cat-pix4d","7":"product_cat-software","8":"product_tag-courses","9":"product_tag-pix4d","10":"product_tag-training-classes","12":"first","13":"onbackorder","14":"taxable","15":"shipping-taxable","16":"product-type-simple"},"yoast_head":"<!-- This site is optimized with the Yoast SEO plugin v27.1.1 - https:\/\/yoast.com\/product\/yoast-seo-wordpress\/ -->\n<title>Pix4D Training -<\/title>\n<meta name=\"description\" content=\"The PIX4Dmapper Essentials online course will introduce you to critical PIX4Dmapper workflows.\" \/>\n<meta name=\"robots\" content=\"index, follow, max-snippet:-1, max-image-preview:large, max-video-preview:-1\" \/>\n<link rel=\"canonical\" href=\"https:\/\/www.ghostysky.com\/es\/producto-2\/pix4d-training\/\" \/>\n<meta property=\"og:locale\" content=\"es_ES\" \/>\n<meta property=\"og:type\" content=\"article\" \/>\n<meta property=\"og:title\" content=\"Pix4D Training -\" \/>\n<meta property=\"og:description\" content=\"The PIX4Dmapper Essentials online course will introduce you to critical PIX4Dmapper workflows.\" \/>\n<meta property=\"og:url\" content=\"https:\/\/www.ghostysky.com\/es\/producto-2\/pix4d-training\/\" \/>\n<meta property=\"og:site_name\" content=\"Ghostysky\" \/>\n<meta property=\"article:publisher\" content=\"https:\/\/www.facebook.com\/people\/Ghostysky\/100057676170234\/\" \/>\n<meta property=\"article:modified_time\" content=\"2024-05-22T09:03:22+00:00\" \/>\n<meta property=\"og:image\" content=\"https:\/\/www.ghostysky.com\/wp-content\/uploads\/2022\/03\/bbugRHMQuWP2Kd9WJosQ_IMA_EDU_ONLINE_COURSE_Pix4Dmapper__1_.webp\" \/>\n\t<meta property=\"og:image:width\" content=\"800\" \/>\n\t<meta property=\"og:image:height\" content=\"450\" \/>\n\t<meta property=\"og:image:type\" content=\"image\/webp\" \/>\n<meta name=\"twitter:card\" content=\"summary_large_image\" \/>\n<meta name=\"twitter:site\" content=\"@Gh0stysky\" \/>\n<meta name=\"twitter:label1\" content=\"Tiempo de lectura\" \/>\n\t<meta name=\"twitter:data1\" content=\"1 minuto\" \/>\n<script type=\"application\/ld+json\" class=\"yoast-schema-graph\">{\"@context\":\"https:\/\/schema.org\",\"@graph\":[{\"@type\":\"WebPage\",\"@id\":\"https:\/\/www.ghostysky.com\/product\/pix4d-training\/\",\"url\":\"https:\/\/www.ghostysky.com\/product\/pix4d-training\/\",\"name\":\"Pix4D Training -\",\"isPartOf\":{\"@id\":\"https:\/\/www.ghostysky.com\/#website\"},\"primaryImageOfPage\":{\"@id\":\"https:\/\/www.ghostysky.com\/product\/pix4d-training\/#primaryimage\"},\"image\":{\"@id\":\"https:\/\/www.ghostysky.com\/product\/pix4d-training\/#primaryimage\"},\"thumbnailUrl\":\"https:\/\/www.ghostysky.com\/wp-content\/uploads\/2022\/03\/bbugRHMQuWP2Kd9WJosQ_IMA_EDU_ONLINE_COURSE_Pix4Dmapper__1_.webp\",\"datePublished\":\"2022-03-18T16:17:39+00:00\",\"dateModified\":\"2024-05-22T09:03:22+00:00\",\"description\":\"The PIX4Dmapper Essentials online course will introduce you to critical PIX4Dmapper workflows.\",\"breadcrumb\":{\"@id\":\"https:\/\/www.ghostysky.com\/product\/pix4d-training\/#breadcrumb\"},\"inLanguage\":\"es\",\"potentialAction\":[{\"@type\":\"ReadAction\",\"target\":[\"https:\/\/www.ghostysky.com\/product\/pix4d-training\/\"]}]},{\"@type\":\"ImageObject\",\"inLanguage\":\"es\",\"@id\":\"https:\/\/www.ghostysky.com\/product\/pix4d-training\/#primaryimage\",\"url\":\"https:\/\/www.ghostysky.com\/wp-content\/uploads\/2022\/03\/bbugRHMQuWP2Kd9WJosQ_IMA_EDU_ONLINE_COURSE_Pix4Dmapper__1_.webp\",\"contentUrl\":\"https:\/\/www.ghostysky.com\/wp-content\/uploads\/2022\/03\/bbugRHMQuWP2Kd9WJosQ_IMA_EDU_ONLINE_COURSE_Pix4Dmapper__1_.webp\",\"width\":800,\"height\":450},{\"@type\":\"BreadcrumbList\",\"@id\":\"https:\/\/www.ghostysky.com\/product\/pix4d-training\/#breadcrumb\",\"itemListElement\":[{\"@type\":\"ListItem\",\"position\":1,\"name\":\"Home\",\"item\":\"https:\/\/www.ghostysky.com\/\"},{\"@type\":\"ListItem\",\"position\":2,\"name\":\"Shop\",\"item\":\"https:\/\/www.ghostysky.com\/shop\/\"},{\"@type\":\"ListItem\",\"position\":3,\"name\":\"Pix4D Training\"}]},{\"@type\":\"WebSite\",\"@id\":\"https:\/\/www.ghostysky.com\/#website\",\"url\":\"https:\/\/www.ghostysky.com\/\",\"name\":\"Ghostysky\",\"description\":\"Delivering professional drones and services\",\"publisher\":{\"@id\":\"https:\/\/www.ghostysky.com\/#organization\"},\"potentialAction\":[{\"@type\":\"SearchAction\",\"target\":{\"@type\":\"EntryPoint\",\"urlTemplate\":\"https:\/\/www.ghostysky.com\/?s={search_term_string}\"},\"query-input\":{\"@type\":\"PropertyValueSpecification\",\"valueRequired\":true,\"valueName\":\"search_term_string\"}}],\"inLanguage\":\"es\"},{\"@type\":\"Organization\",\"@id\":\"https:\/\/www.ghostysky.com\/#organization\",\"name\":\"Ghostysky\",\"url\":\"https:\/\/www.ghostysky.com\/\",\"logo\":{\"@type\":\"ImageObject\",\"inLanguage\":\"es\",\"@id\":\"https:\/\/www.ghostysky.com\/#\/schema\/logo\/image\/\",\"url\":\"https:\/\/www.ghostysky.com\/wp-content\/uploads\/2020\/06\/cropped-ghostyskylogo_text_white2.png\",\"contentUrl\":\"https:\/\/www.ghostysky.com\/wp-content\/uploads\/2020\/06\/cropped-ghostyskylogo_text_white2.png\",\"width\":169,\"height\":56,\"caption\":\"Ghostysky\"},\"image\":{\"@id\":\"https:\/\/www.ghostysky.com\/#\/schema\/logo\/image\/\"},\"sameAs\":[\"https:\/\/www.facebook.com\/people\/Ghostysky\/100057676170234\/\",\"https:\/\/x.com\/Gh0stysky\",\"https:\/\/www.linkedin.com\/company\/34739653\",\"https:\/\/www.instagram.com\/gh0stysky\"]}]}<\/script>\n<!-- \/ Yoast SEO plugin. -->","yoast_head_json":{"title":"Formaci\u00f3n Pix4D -","description":"El curso en l\u00ednea PIX4Dmapper Essentials le presentar\u00e1 los flujos de trabajo cr\u00edticos de PIX4Dmapper.","robots":{"index":"index","follow":"follow","max-snippet":"max-snippet:-1","max-image-preview":"max-image-preview:large","max-video-preview":"max-video-preview:-1"},"canonical":"https:\/\/www.ghostysky.com\/es\/producto-2\/pix4d-training\/","og_locale":"es_ES","og_type":"article","og_title":"Pix4D Training -","og_description":"The PIX4Dmapper Essentials online course will introduce you to critical PIX4Dmapper workflows.","og_url":"https:\/\/www.ghostysky.com\/es\/producto-2\/pix4d-training\/","og_site_name":"Ghostysky","article_publisher":"https:\/\/www.facebook.com\/people\/Ghostysky\/100057676170234\/","article_modified_time":"2024-05-22T09:03:22+00:00","og_image":[{"width":800,"height":450,"url":"https:\/\/www.ghostysky.com\/wp-content\/uploads\/2022\/03\/bbugRHMQuWP2Kd9WJosQ_IMA_EDU_ONLINE_COURSE_Pix4Dmapper__1_.webp","type":"image\/webp"}],"twitter_card":"summary_large_image","twitter_site":"@Gh0stysky","twitter_misc":{"Tiempo de lectura":"1 minuto"},"schema":{"@context":"https:\/\/schema.org","@graph":[{"@type":"WebPage","@id":"https:\/\/www.ghostysky.com\/product\/pix4d-training\/","url":"https:\/\/www.ghostysky.com\/product\/pix4d-training\/","name":"Formaci\u00f3n Pix4D -","isPartOf":{"@id":"https:\/\/www.ghostysky.com\/#website"},"primaryImageOfPage":{"@id":"https:\/\/www.ghostysky.com\/product\/pix4d-training\/#primaryimage"},"image":{"@id":"https:\/\/www.ghostysky.com\/product\/pix4d-training\/#primaryimage"},"thumbnailUrl":"https:\/\/www.ghostysky.com\/wp-content\/uploads\/2022\/03\/bbugRHMQuWP2Kd9WJosQ_IMA_EDU_ONLINE_COURSE_Pix4Dmapper__1_.webp","datePublished":"2022-03-18T16:17:39+00:00","dateModified":"2024-05-22T09:03:22+00:00","description":"El curso en l\u00ednea PIX4Dmapper Essentials le presentar\u00e1 los flujos de trabajo cr\u00edticos de PIX4Dmapper.","breadcrumb":{"@id":"https:\/\/www.ghostysky.com\/product\/pix4d-training\/#breadcrumb"},"inLanguage":"es","potentialAction":[{"@type":"ReadAction","target":["https:\/\/www.ghostysky.com\/product\/pix4d-training\/"]}]},{"@type":"ImageObject","inLanguage":"es","@id":"https:\/\/www.ghostysky.com\/product\/pix4d-training\/#primaryimage","url":"https:\/\/www.ghostysky.com\/wp-content\/uploads\/2022\/03\/bbugRHMQuWP2Kd9WJosQ_IMA_EDU_ONLINE_COURSE_Pix4Dmapper__1_.webp","contentUrl":"https:\/\/www.ghostysky.com\/wp-content\/uploads\/2022\/03\/bbugRHMQuWP2Kd9WJosQ_IMA_EDU_ONLINE_COURSE_Pix4Dmapper__1_.webp","width":800,"height":450},{"@type":"BreadcrumbList","@id":"https:\/\/www.ghostysky.com\/product\/pix4d-training\/#breadcrumb","itemListElement":[{"@type":"ListItem","position":1,"name":"Home","item":"https:\/\/www.ghostysky.com\/"},{"@type":"ListItem","position":2,"name":"Shop","item":"https:\/\/www.ghostysky.com\/shop\/"},{"@type":"ListItem","position":3,"name":"Pix4D Training"}]},{"@type":"WebSite","@id":"https:\/\/www.ghostysky.com\/#website","url":"https:\/\/www.ghostysky.com\/","name":"Ghostysky","description":"Entrega de drones y servicios profesionales","publisher":{"@id":"https:\/\/www.ghostysky.com\/#organization"},"potentialAction":[{"@type":"SearchAction","target":{"@type":"EntryPoint","urlTemplate":"https:\/\/www.ghostysky.com\/?s={search_term_string}"},"query-input":{"@type":"PropertyValueSpecification","valueRequired":true,"valueName":"search_term_string"}}],"inLanguage":"es"},{"@type":"Organization","@id":"https:\/\/www.ghostysky.com\/#organization","name":"Ghostysky","url":"https:\/\/www.ghostysky.com\/","logo":{"@type":"ImageObject","inLanguage":"es","@id":"https:\/\/www.ghostysky.com\/#\/schema\/logo\/image\/","url":"https:\/\/www.ghostysky.com\/wp-content\/uploads\/2020\/06\/cropped-ghostyskylogo_text_white2.png","contentUrl":"https:\/\/www.ghostysky.com\/wp-content\/uploads\/2020\/06\/cropped-ghostyskylogo_text_white2.png","width":169,"height":56,"caption":"Ghostysky"},"image":{"@id":"https:\/\/www.ghostysky.com\/#\/schema\/logo\/image\/"},"sameAs":["https:\/\/www.facebook.com\/people\/Ghostysky\/100057676170234\/","https:\/\/x.com\/Gh0stysky","https:\/\/www.linkedin.com\/company\/34739653","https:\/\/www.instagram.com\/gh0stysky"]}]}},"_links":{"self":[{"href":"https:\/\/www.ghostysky.com\/es\/wp-json\/wp\/v2\/product\/5095","targetHints":{"allow":["GET"]}}],"collection":[{"href":"https:\/\/www.ghostysky.com\/es\/wp-json\/wp\/v2\/product"}],"about":[{"href":"https:\/\/www.ghostysky.com\/es\/wp-json\/wp\/v2\/types\/product"}],"replies":[{"embeddable":true,"href":"https:\/\/www.ghostysky.com\/es\/wp-json\/wp\/v2\/comments?post=5095"}],"wp:featuredmedia":[{"embeddable":true,"href":"https:\/\/www.ghostysky.com\/es\/wp-json\/wp\/v2\/media\/5096"}],"wp:attachment":[{"href":"https:\/\/www.ghostysky.com\/es\/wp-json\/wp\/v2\/media?parent=5095"}],"wp:term":[{"taxonomy":"product_brand","embeddable":true,"href":"https:\/\/www.ghostysky.com\/es\/wp-json\/wp\/v2\/product_brand?post=5095"},{"taxonomy":"product_cat","embeddable":true,"href":"https:\/\/www.ghostysky.com\/es\/wp-json\/wp\/v2\/product_cat?post=5095"},{"taxonomy":"product_tag","embeddable":true,"href":"https:\/\/www.ghostysky.com\/es\/wp-json\/wp\/v2\/product_tag?post=5095"}],"curies":[{"name":"wp","href":"https:\/\/api.w.org\/{rel}","templated":true}]}}