{"id":6014,"date":"2022-03-22T11:04:10","date_gmt":"2022-03-22T11:04:10","guid":{"rendered":"https:\/\/www.ghostysky.com\/?post_type=product&#038;p=6014"},"modified":"2023-04-02T12:52:18","modified_gmt":"2023-04-02T12:52:18","slug":"swellpro-splashdrone-4-and-fac-fhd-1080p-bundle","status":"publish","type":"product","link":"https:\/\/www.ghostysky.com\/es\/product\/swellpro-splashdrone-4-and-fac-fhd-1080p-bundle\/","title":{"rendered":"Paquete Swellpro SplashDrone 4 y FAC (FHD\/1080P)"},"content":{"rendered":"<p>Ha llegado la quinta generaci\u00f3n de drones impermeables Swellpro, y es\u00a0<strong>mejor que nunca<\/strong>.<\/p>\n<p>El SD4 representa m\u00e1s de siete a\u00f1os de mejoras en el dise\u00f1o y experiencia, lo que da como resultado la plataforma flotante y voladora totalmente digital m\u00e1s poderosa de Swellpro hasta la fecha.<\/p>\n<p>Sin duda, se ha vuelto a establecer un nuevo punto de referencia para los Drones a prueba de agua, simplemente no hay ning\u00fan dron en el mundo como este.<\/p>\n<ul>\n<li>Dron resistente al agua con clasificaci\u00f3n IP67<\/li>\n<li>Controlador con clasificaci\u00f3n IP66: ahora con la opci\u00f3n de montar un tel\u00e9fono inteligente o una tableta<\/li>\n<li>Rango de transmisi\u00f3n de imagen de 5 km en las antenas est\u00e1ndar<\/li>\n<li>Tiempo de vuelo mejorado de 30 minutos<\/li>\n<li>Capacidad de carga \u00fatil de 2 kg<\/li>\n<li>Bater\u00eda inteligente deslizable<\/li>\n<\/ul>\n<p><img fetchpriority=\"high\" decoding=\"async\" class=\"\" src=\"https:\/\/cdn.shopify.com\/s\/files\/1\/2536\/9450\/files\/drone-intelligent-battery.jpg?v=1624103430\" alt=\"bater\u00eda impermeable para drones\" width=\"503\" height=\"234\" \/><\/p>\n<p>El SD4 viene repleto de muchas m\u00e1s funciones y una gama a\u00fan mayor de cargas \u00fatiles, incluida la c\u00e1mara card\u00e1n de tres ejes establecida, que ahora graba archivos RAW.<\/p>\n<p>Todav\u00eda est\u00e1 disponible una colecci\u00f3n de mecanismos de liberaci\u00f3n de carga \u00fatil, as\u00ed como una opci\u00f3n de c\u00e1mara termogr\u00e1fica que cambia el juego. El Splashdrone 4 tambi\u00e9n viene equipado con una potente aplicaci\u00f3n m\u00f3vil nueva y mejorada.<\/p>\n<p><strong>Caracter\u00edsticas<\/strong><br \/>\nCuerpo a prueba de agua de mar con protecci\u00f3n IP67, Mando a distancia resistente al agua con protecci\u00f3n IP66, Transmisi\u00f3n de imagen hasta 5 km, Cambio autom\u00e1tico de energ\u00eda, Capacidad de carga \u00fatil hasta 2 kg, Autonom\u00eda de vuelo hasta 30 min, Bater\u00eda inteligente extra\u00edble y caracter\u00edsticas como Dynamic Return to Piloto y m\u00e1s.<\/p>\n<p>SplashDrone 4 es el dron impermeable de quinta generaci\u00f3n que representa los 7 a\u00f1os de conocimiento de SwellPro en tecnolog\u00eda de impermeabilizaci\u00f3n de drones.<\/p>\n<p><strong>SplashDrone 4 est\u00e1 dise\u00f1ado para tener la mejor tecnolog\u00eda de impermeabilizaci\u00f3n de la industria.<\/strong><br \/>\nEl fuselaje r\u00edgido y fuerte est\u00e1 hecho de ABS de grado industrial. Cada SplashDrone 4 est\u00e1 sellado de f\u00e1brica hasta el m\u00e1s m\u00ednimo detalle y se somete a pruebas de presi\u00f3n de aire para nuestra exclusiva garant\u00eda de impermeabilidad 100% con protecci\u00f3n IP67. Los motores a prueba de agua y la electr\u00f3nica interna tambi\u00e9n est\u00e1n recubiertos con un recubrimiento resistente a la corrosi\u00f3n que agrega una capa adicional de protecci\u00f3n.<\/p>\n<p><strong>Nuevo mando a distancia SplashDrone 4<\/strong><br \/>\nMando a distancia resistente al agua, incluso puedes tirarlo al agua o enjuagar la arena acumulada, el mando a distancia flota, estar\u00e1s seguro con su protecci\u00f3n IP66. El GPS incorporado ofrece una variedad de funciones nuevas, que incluyen seguimiento en tiempo real, retorno din\u00e1mico al piloto y m\u00e1s. Adem\u00e1s, ahora es capaz de ofrecer conexi\u00f3n a m\u00faltiples dispositivos.<br \/>\nEl control de vuelo innovador y patentado Smooth+ permite al piloto ajustar con precisi\u00f3n el balanceo y la gui\u00f1ada del SplashDrone 4.<\/p>\n<p><strong>Opciones de carga \u00fatil multifuncional<\/strong><br \/>\nNuevo sistema de carga \u00fatil modular multifuncional y su dise\u00f1o de interfaz abierta, el SplashDrone 4 se puede adaptar r\u00e1pidamente a diferentes misiones.<br \/>\nEl SD4 permite agregar uno de los m\u00f3dulos de c\u00e1mara (GC3-S o GC3-T o GC2-S o GC1-S o FAC) y al mismo tiempo el m\u00f3dulo de liberaci\u00f3n de carga \u00fatil (PL1-S), que se utiliza para transportar y liberar un flotador, cebo, chaleco,\u2026 con una capacidad de carga total de hasta 2kg.<br \/>\nEsto significa que el m\u00f3dulo PL1-S (liberaci\u00f3n de carga) se puede acoplar con cualquiera de los m\u00f3dulos de c\u00e1mara (GC3-S o GC3-T o GC2-S o GC1-S o FAC) al mismo tiempo.<\/p>\n<p><strong>Sistema de accionamiento de rendimiento inigualable<\/strong><br \/>\nCon motores de 740 Kv m\u00e1s potentes, 40A ESC junto con un dise\u00f1o aerodin\u00e1mico optimizado permiten un control estricto, sensible y completo del SplashDrone 4 en cualquier condici\u00f3n clim\u00e1tica. El SD4 es resistente a vientos de fuerza 7 beaufort (33 nudos \u2013 60 km\/h \u2013 31 mph). Y con capacidad para cargar hasta 2Kg de peso.<\/p>\n<p><strong>Bater\u00eda inteligente (IB4)<\/strong><br \/>\nLa nueva bater\u00eda IB4 es extra\u00edble, lo que permite un reemplazo r\u00e1pido de la bater\u00eda. La nueva bater\u00eda IB4 dispone de un sistema de gesti\u00f3n interno para gestionar la energ\u00eda (tanto de carga como de descarga). Las celdas de tecnolog\u00eda de litio de 6600 mAh de alto rendimiento proporcionan al SD4 hasta 30 minutos de tiempo de vuelo.<\/p>\n<h2 class=\"product_title entry-title\">C\u00e1mara de \u00e1ngulo fijo (FAC)<\/h2>\n<p><img decoding=\"async\" class=\"\" src=\"https:\/\/eswellpro.com\/web\/wp-content\/uploads\/SP-SD4-B105-FAC_04.jpg\" width=\"328\" height=\"328\" \/><\/p>\n<table>\n<tbody>\n<tr>\n<td>C\u00e1mara de \u00e1ngulo fijo (FAC)<\/td>\n<td><\/td>\n<\/tr>\n<tr>\n<td>Impermeable:<\/td>\n<td>IP67<\/td>\n<\/tr>\n<tr>\n<td>Peso:<\/td>\n<td>Aprox.85g<\/td>\n<\/tr>\n<tr>\n<td>Tama\u00f1o:<\/td>\n<td>45*44*40mm<\/td>\n<\/tr>\n<tr>\n<td><\/td>\n<td><\/td>\n<\/tr>\n<tr>\n<td>Sensor de imagen:<\/td>\n<td>1\/2.7\u2033 2M CMOS SONY<\/td>\n<\/tr>\n<tr>\n<td>Lente:<\/td>\n<td>F2,2 mm f\/5,06, campo de visi\u00f3n: 130\u00b0<\/td>\n<\/tr>\n<tr>\n<td>Explosi\u00f3n:<\/td>\n<td>Cerrar\/3\/5\/10 piezas<\/td>\n<\/tr>\n<tr>\n<td>Intervalo<\/td>\n<td>1\/3\/5\/10 s<\/td>\n<\/tr>\n<tr>\n<td>Resoluci\u00f3n de video:<\/td>\n<td>FHD\uff1a1920*1080 30\/60p\uff0cHD\uff1a1280*720 120\/60p<\/td>\n<\/tr>\n<tr>\n<td>Transmisi\u00f3n m\u00e1xima de video:<\/td>\n<td>64Mbps<\/td>\n<\/tr>\n<tr>\n<td>Formato de imagen:<\/td>\n<td>jpeg<\/td>\n<\/tr>\n<tr>\n<td>Formato de video:<\/td>\n<td>MP4\/MOV<\/td>\n<\/tr>\n<tr>\n<td>Soporte de tarjeta de memoria:<\/td>\n<td>Se admiten TARJETAS Micro SD con una capacidad m\u00e1xima de 128 GB, velocidad de escritura \u226515 MB\/s y velocidad de transmisi\u00f3n de Clase 10 o superior o clasificaci\u00f3n UHS-1<\/td>\n<\/tr>\n<tr>\n<td>Temperatura de trabajo:<\/td>\n<td>-10 \u2103 a 40 \u2103<\/td>\n<\/tr>\n<\/tbody>\n<\/table>\n<h3><span class=\"JLqJ4b ChMk0b\" data-language-for-alternatives=\"en\" data-language-to-translate-into=\"es\" data-phrase-index=\"2\" data-number-of-phrases=\"6\">El Splash Drone 4 incluye los siguientes elementos:<\/span><\/h3>\n<ul>\n<li class=\"oBOnKe\"><span class=\"JLqJ4b ChMk0b\" data-language-for-alternatives=\"en\" data-language-to-translate-into=\"es\" data-phrase-index=\"4\" data-number-of-phrases=\"6\">\u00d71 Dron Splash 4 Dron<\/span><\/li>\n<li><span class=\"JLqJ4b ChMk0b\" data-language-for-alternatives=\"en\" data-language-to-translate-into=\"es\" data-phrase-index=\"4\" data-number-of-phrases=\"6\">\u00d71 C\u00e1mara de \u00e1ngulo fijo (FAC)<\/span><\/li>\n<li class=\"oBOnKe\"><span class=\"JLqJ4b ChMk0b\" data-language-for-alternatives=\"en\" data-language-to-translate-into=\"es\" data-phrase-index=\"4\" data-number-of-phrases=\"6\">\u00d71 mando a distancia SD4<\/span><\/li>\n<li class=\"oBOnKe\"><span class=\"JLqJ4b ChMk0b\" data-language-for-alternatives=\"en\" data-language-to-translate-into=\"es\" data-phrase-index=\"4\" data-number-of-phrases=\"6\">\u00d72 par de h\u00e9lices<\/span><\/li>\n<li class=\"oBOnKe\"><span class=\"JLqJ4b ChMk0b\" data-language-for-alternatives=\"en\" data-language-to-translate-into=\"es\" data-phrase-index=\"4\" data-number-of-phrases=\"6\">\u00d71 bater\u00eda inteligente (IB4)<\/span><\/li>\n<li class=\"oBOnKe\"><span class=\"JLqJ4b ChMk0b\" data-language-for-alternatives=\"en\" data-language-to-translate-into=\"es\" data-phrase-index=\"4\" data-number-of-phrases=\"6\">\u00d71 cargador para IB4<\/span><\/li>\n<li class=\"oBOnKe\"><span class=\"JLqJ4b ChMk0b\" data-language-for-alternatives=\"en\" data-language-to-translate-into=\"es\" data-phrase-index=\"4\" data-number-of-phrases=\"6\">\u00d71 cable de alimentaci\u00f3n de CA<\/span><\/li>\n<li class=\"oBOnKe\"><span class=\"JLqJ4b ChMk0b\" data-language-for-alternatives=\"en\" data-language-to-translate-into=\"es\" data-phrase-index=\"4\" data-number-of-phrases=\"6\">\u00d71 cable de alimentaci\u00f3n para control remoto<\/span><\/li>\n<li class=\"oBOnKe\"><span class=\"JLqJ4b ChMk0b\" data-language-for-alternatives=\"en\" data-language-to-translate-into=\"es\" data-phrase-index=\"4\" data-number-of-phrases=\"6\">\u00d7<\/span>\u00a0<span class=\"JLqJ4b ChMk0b\" data-language-for-alternatives=\"en\" data-language-to-translate-into=\"es\" data-phrase-index=\"5\" data-number-of-phrases=\"6\">1 cable micro USB<\/span><\/li>\n<li class=\"oBOnKe\"><span class=\"JLqJ4b ChMk0b\" data-language-for-alternatives=\"en\" data-language-to-translate-into=\"es\" data-phrase-index=\"5\" data-number-of-phrases=\"6\">\u00d71 destornillador hexagonal<\/span><\/li>\n<li class=\"oBOnKe\"><span class=\"JLqJ4b ChMk0b\" data-language-for-alternatives=\"en\" data-language-to-translate-into=\"es\" data-phrase-index=\"5\" data-number-of-phrases=\"6\">\u00d72 tornillos hexagonales<\/span><\/li>\n<li class=\"oBOnKe\"><span class=\"JLqJ4b ChMk0b\" data-language-for-alternatives=\"en\" data-language-to-translate-into=\"es\" data-phrase-index=\"5\" data-number-of-phrases=\"6\">\u00d71 ventilaci\u00f3n barom\u00e9trica (extra)<\/span><\/li>\n<li class=\"oBOnKe\"><span class=\"JLqJ4b ChMk0b\" data-language-for-alternatives=\"en\" data-language-to-translate-into=\"es\" data-phrase-index=\"5\" data-number-of-phrases=\"6\">\u00d71 manual de usuario<\/span><\/li>\n<li class=\"oBOnKe\"><span class=\"JLqJ4b ChMk0b\" data-language-for-alternatives=\"en\" data-language-to-translate-into=\"es\" data-phrase-index=\"5\" data-number-of-phrases=\"6\">\u00d71 Certificado<\/span><\/li>\n<li class=\"oBOnKe\"><span class=\"JLqJ4b ChMk0b\" data-language-for-alternatives=\"en\" data-language-to-translate-into=\"es\" data-phrase-index=\"5\" data-number-of-phrases=\"6\">\u00d71 Gu\u00eda de mantenimiento<\/span><\/li>\n<li class=\"oBOnKe\"><span class=\"JLqJ4b ChMk0b\" data-language-for-alternatives=\"en\" data-language-to-translate-into=\"es\" data-phrase-index=\"5\" data-number-of-phrases=\"6\">\u00d71 Estuche de transporte.<\/span><\/li>\n<\/ul>","protected":false},"excerpt":{"rendered":"<p><strong>SplashDrone 4 es la quinta generaci\u00f3n<\/strong> dron a prueba de agua que representa los 7 a\u00f1os de conocimiento y comprensi\u00f3n de SwellPro sobre la tecnolog\u00eda de impermeabilizaci\u00f3n de drones.<\/p>\n<p>SplashDrone 4 es la nueva plataforma impermeable de vuelo y flotaci\u00f3n dise\u00f1ada para operaciones multiprop\u00f3sito en cualquier entorno hostil.<\/p>\n<p>El paquete incluye Swellpro&#039;s <strong>C\u00e1mara de \u00e1ngulo fijo FAC\u00a0<\/strong>C\u00e1mara.<\/p>","protected":false},"featured_media":6015,"comment_status":"open","ping_status":"closed","template":"","meta":[],"product_brand":[],"product_cat":[314,29,278],"product_tag":[62,320,319,310,279],"class_list":{"0":"post-6014","1":"product","2":"type-product","3":"status-publish","4":"has-post-thumbnail","6":"product_cat-bundle-swellpro","7":"product_cat-drones","8":"product_cat-swellpro","9":"product_tag-camera","10":"product_tag-fac","11":"product_tag-fullhd","12":"product_tag-sd4","13":"product_tag-swellpro","15":"first","16":"instock","17":"taxable","18":"shipping-taxable","19":"product-type-simple"},"yoast_head":"<!-- This site is optimized with the Yoast SEO plugin v27.1.1 - https:\/\/yoast.com\/product\/yoast-seo-wordpress\/ -->\n<title>Swellpro SplashDrone 4 and FAC (FHD\/1080P) Bundle -<\/title>\n<meta name=\"description\" content=\"SplashDrone 4 is the 5th generation waterproof drone representing SwellPro&#039;s 7 years of knowledge and understanding of drone waterproofing technology.\" \/>\n<meta name=\"robots\" content=\"index, follow, max-snippet:-1, max-image-preview:large, max-video-preview:-1\" \/>\n<link rel=\"canonical\" href=\"https:\/\/www.ghostysky.com\/es\/producto-2\/swellpro-splashdrone-4-and-fac-fhd-1080p-bundle\/\" \/>\n<meta property=\"og:locale\" content=\"es_ES\" \/>\n<meta property=\"og:type\" content=\"article\" \/>\n<meta property=\"og:title\" content=\"Swellpro SplashDrone 4 and FAC (FHD\/1080P) Bundle -\" \/>\n<meta property=\"og:description\" content=\"SplashDrone 4 is the 5th generation waterproof drone representing SwellPro&#039;s 7 years of knowledge and understanding of drone waterproofing technology.\" \/>\n<meta property=\"og:url\" content=\"https:\/\/www.ghostysky.com\/es\/producto-2\/swellpro-splashdrone-4-and-fac-fhd-1080p-bundle\/\" \/>\n<meta property=\"og:site_name\" content=\"Ghostysky\" \/>\n<meta property=\"article:publisher\" content=\"https:\/\/www.facebook.com\/people\/Ghostysky\/100057676170234\/\" \/>\n<meta property=\"article:modified_time\" content=\"2023-04-02T12:52:18+00:00\" \/>\n<meta property=\"og:image\" content=\"https:\/\/www.ghostysky.com\/wp-content\/uploads\/2022\/03\/SP-SD4-A100_14-FACPL1.jpg\" \/>\n\t<meta property=\"og:image:width\" content=\"1200\" \/>\n\t<meta property=\"og:image:height\" content=\"1200\" \/>\n\t<meta property=\"og:image:type\" content=\"image\/jpeg\" \/>\n<meta name=\"twitter:card\" content=\"summary_large_image\" \/>\n<meta name=\"twitter:site\" content=\"@Gh0stysky\" \/>\n<meta name=\"twitter:label1\" content=\"Tiempo de lectura\" \/>\n\t<meta name=\"twitter:data1\" content=\"4 minutos\" \/>\n<script type=\"application\/ld+json\" class=\"yoast-schema-graph\">{\"@context\":\"https:\/\/schema.org\",\"@graph\":[{\"@type\":\"WebPage\",\"@id\":\"https:\/\/www.ghostysky.com\/product\/swellpro-splashdrone-4-and-fac-fhd-1080p-bundle\/\",\"url\":\"https:\/\/www.ghostysky.com\/product\/swellpro-splashdrone-4-and-fac-fhd-1080p-bundle\/\",\"name\":\"Swellpro SplashDrone 4 and FAC (FHD\/1080P) Bundle -\",\"isPartOf\":{\"@id\":\"https:\/\/www.ghostysky.com\/#website\"},\"primaryImageOfPage\":{\"@id\":\"https:\/\/www.ghostysky.com\/product\/swellpro-splashdrone-4-and-fac-fhd-1080p-bundle\/#primaryimage\"},\"image\":{\"@id\":\"https:\/\/www.ghostysky.com\/product\/swellpro-splashdrone-4-and-fac-fhd-1080p-bundle\/#primaryimage\"},\"thumbnailUrl\":\"https:\/\/www.ghostysky.com\/wp-content\/uploads\/2022\/03\/SP-SD4-A100_14-FACPL1.jpg\",\"datePublished\":\"2022-03-22T11:04:10+00:00\",\"dateModified\":\"2023-04-02T12:52:18+00:00\",\"description\":\"SplashDrone 4 is the 5th generation waterproof drone representing SwellPro's 7 years of knowledge and understanding of drone waterproofing technology.\",\"breadcrumb\":{\"@id\":\"https:\/\/www.ghostysky.com\/product\/swellpro-splashdrone-4-and-fac-fhd-1080p-bundle\/#breadcrumb\"},\"inLanguage\":\"es\",\"potentialAction\":[{\"@type\":\"ReadAction\",\"target\":[\"https:\/\/www.ghostysky.com\/product\/swellpro-splashdrone-4-and-fac-fhd-1080p-bundle\/\"]}]},{\"@type\":\"ImageObject\",\"inLanguage\":\"es\",\"@id\":\"https:\/\/www.ghostysky.com\/product\/swellpro-splashdrone-4-and-fac-fhd-1080p-bundle\/#primaryimage\",\"url\":\"https:\/\/www.ghostysky.com\/wp-content\/uploads\/2022\/03\/SP-SD4-A100_14-FACPL1.jpg\",\"contentUrl\":\"https:\/\/www.ghostysky.com\/wp-content\/uploads\/2022\/03\/SP-SD4-A100_14-FACPL1.jpg\",\"width\":1200,\"height\":1200},{\"@type\":\"BreadcrumbList\",\"@id\":\"https:\/\/www.ghostysky.com\/product\/swellpro-splashdrone-4-and-fac-fhd-1080p-bundle\/#breadcrumb\",\"itemListElement\":[{\"@type\":\"ListItem\",\"position\":1,\"name\":\"Home\",\"item\":\"https:\/\/www.ghostysky.com\/\"},{\"@type\":\"ListItem\",\"position\":2,\"name\":\"Shop\",\"item\":\"https:\/\/www.ghostysky.com\/shop\/\"},{\"@type\":\"ListItem\",\"position\":3,\"name\":\"Swellpro SplashDrone 4 and FAC (FHD\/1080P) Bundle\"}]},{\"@type\":\"WebSite\",\"@id\":\"https:\/\/www.ghostysky.com\/#website\",\"url\":\"https:\/\/www.ghostysky.com\/\",\"name\":\"Ghostysky\",\"description\":\"Delivering professional drones and services\",\"publisher\":{\"@id\":\"https:\/\/www.ghostysky.com\/#organization\"},\"potentialAction\":[{\"@type\":\"SearchAction\",\"target\":{\"@type\":\"EntryPoint\",\"urlTemplate\":\"https:\/\/www.ghostysky.com\/?s={search_term_string}\"},\"query-input\":{\"@type\":\"PropertyValueSpecification\",\"valueRequired\":true,\"valueName\":\"search_term_string\"}}],\"inLanguage\":\"es\"},{\"@type\":\"Organization\",\"@id\":\"https:\/\/www.ghostysky.com\/#organization\",\"name\":\"Ghostysky\",\"url\":\"https:\/\/www.ghostysky.com\/\",\"logo\":{\"@type\":\"ImageObject\",\"inLanguage\":\"es\",\"@id\":\"https:\/\/www.ghostysky.com\/#\/schema\/logo\/image\/\",\"url\":\"https:\/\/www.ghostysky.com\/wp-content\/uploads\/2020\/06\/cropped-ghostyskylogo_text_white2.png\",\"contentUrl\":\"https:\/\/www.ghostysky.com\/wp-content\/uploads\/2020\/06\/cropped-ghostyskylogo_text_white2.png\",\"width\":169,\"height\":56,\"caption\":\"Ghostysky\"},\"image\":{\"@id\":\"https:\/\/www.ghostysky.com\/#\/schema\/logo\/image\/\"},\"sameAs\":[\"https:\/\/www.facebook.com\/people\/Ghostysky\/100057676170234\/\",\"https:\/\/x.com\/Gh0stysky\",\"https:\/\/www.linkedin.com\/company\/34739653\",\"https:\/\/www.instagram.com\/gh0stysky\"]}]}<\/script>\n<!-- \/ Yoast SEO plugin. -->","yoast_head_json":{"title":"Paquete Swellpro SplashDrone 4 y FAC (FHD\/1080P) -","description":"SplashDrone 4 es el dron impermeable de quinta generaci\u00f3n que representa los 7 a\u00f1os de conocimiento y comprensi\u00f3n de SwellPro sobre la tecnolog\u00eda de impermeabilizaci\u00f3n de drones.","robots":{"index":"index","follow":"follow","max-snippet":"max-snippet:-1","max-image-preview":"max-image-preview:large","max-video-preview":"max-video-preview:-1"},"canonical":"https:\/\/www.ghostysky.com\/es\/producto-2\/swellpro-splashdrone-4-and-fac-fhd-1080p-bundle\/","og_locale":"es_ES","og_type":"article","og_title":"Swellpro SplashDrone 4 and FAC (FHD\/1080P) Bundle -","og_description":"SplashDrone 4 is the 5th generation waterproof drone representing SwellPro's 7 years of knowledge and understanding of drone waterproofing technology.","og_url":"https:\/\/www.ghostysky.com\/es\/producto-2\/swellpro-splashdrone-4-and-fac-fhd-1080p-bundle\/","og_site_name":"Ghostysky","article_publisher":"https:\/\/www.facebook.com\/people\/Ghostysky\/100057676170234\/","article_modified_time":"2023-04-02T12:52:18+00:00","og_image":[{"width":1200,"height":1200,"url":"https:\/\/www.ghostysky.com\/wp-content\/uploads\/2022\/03\/SP-SD4-A100_14-FACPL1.jpg","type":"image\/jpeg"}],"twitter_card":"summary_large_image","twitter_site":"@Gh0stysky","twitter_misc":{"Tiempo de lectura":"4 minutos"},"schema":{"@context":"https:\/\/schema.org","@graph":[{"@type":"WebPage","@id":"https:\/\/www.ghostysky.com\/product\/swellpro-splashdrone-4-and-fac-fhd-1080p-bundle\/","url":"https:\/\/www.ghostysky.com\/product\/swellpro-splashdrone-4-and-fac-fhd-1080p-bundle\/","name":"Paquete Swellpro SplashDrone 4 y FAC (FHD\/1080P) -","isPartOf":{"@id":"https:\/\/www.ghostysky.com\/#website"},"primaryImageOfPage":{"@id":"https:\/\/www.ghostysky.com\/product\/swellpro-splashdrone-4-and-fac-fhd-1080p-bundle\/#primaryimage"},"image":{"@id":"https:\/\/www.ghostysky.com\/product\/swellpro-splashdrone-4-and-fac-fhd-1080p-bundle\/#primaryimage"},"thumbnailUrl":"https:\/\/www.ghostysky.com\/wp-content\/uploads\/2022\/03\/SP-SD4-A100_14-FACPL1.jpg","datePublished":"2022-03-22T11:04:10+00:00","dateModified":"2023-04-02T12:52:18+00:00","description":"SplashDrone 4 es el dron impermeable de quinta generaci\u00f3n que representa los 7 a\u00f1os de conocimiento y comprensi\u00f3n de SwellPro sobre la tecnolog\u00eda de impermeabilizaci\u00f3n de drones.","breadcrumb":{"@id":"https:\/\/www.ghostysky.com\/product\/swellpro-splashdrone-4-and-fac-fhd-1080p-bundle\/#breadcrumb"},"inLanguage":"es","potentialAction":[{"@type":"ReadAction","target":["https:\/\/www.ghostysky.com\/product\/swellpro-splashdrone-4-and-fac-fhd-1080p-bundle\/"]}]},{"@type":"ImageObject","inLanguage":"es","@id":"https:\/\/www.ghostysky.com\/product\/swellpro-splashdrone-4-and-fac-fhd-1080p-bundle\/#primaryimage","url":"https:\/\/www.ghostysky.com\/wp-content\/uploads\/2022\/03\/SP-SD4-A100_14-FACPL1.jpg","contentUrl":"https:\/\/www.ghostysky.com\/wp-content\/uploads\/2022\/03\/SP-SD4-A100_14-FACPL1.jpg","width":1200,"height":1200},{"@type":"BreadcrumbList","@id":"https:\/\/www.ghostysky.com\/product\/swellpro-splashdrone-4-and-fac-fhd-1080p-bundle\/#breadcrumb","itemListElement":[{"@type":"ListItem","position":1,"name":"Home","item":"https:\/\/www.ghostysky.com\/"},{"@type":"ListItem","position":2,"name":"Shop","item":"https:\/\/www.ghostysky.com\/shop\/"},{"@type":"ListItem","position":3,"name":"Swellpro SplashDrone 4 and FAC (FHD\/1080P) Bundle"}]},{"@type":"WebSite","@id":"https:\/\/www.ghostysky.com\/#website","url":"https:\/\/www.ghostysky.com\/","name":"Ghostysky","description":"Entrega de drones y servicios profesionales","publisher":{"@id":"https:\/\/www.ghostysky.com\/#organization"},"potentialAction":[{"@type":"SearchAction","target":{"@type":"EntryPoint","urlTemplate":"https:\/\/www.ghostysky.com\/?s={search_term_string}"},"query-input":{"@type":"PropertyValueSpecification","valueRequired":true,"valueName":"search_term_string"}}],"inLanguage":"es"},{"@type":"Organization","@id":"https:\/\/www.ghostysky.com\/#organization","name":"Ghostysky","url":"https:\/\/www.ghostysky.com\/","logo":{"@type":"ImageObject","inLanguage":"es","@id":"https:\/\/www.ghostysky.com\/#\/schema\/logo\/image\/","url":"https:\/\/www.ghostysky.com\/wp-content\/uploads\/2020\/06\/cropped-ghostyskylogo_text_white2.png","contentUrl":"https:\/\/www.ghostysky.com\/wp-content\/uploads\/2020\/06\/cropped-ghostyskylogo_text_white2.png","width":169,"height":56,"caption":"Ghostysky"},"image":{"@id":"https:\/\/www.ghostysky.com\/#\/schema\/logo\/image\/"},"sameAs":["https:\/\/www.facebook.com\/people\/Ghostysky\/100057676170234\/","https:\/\/x.com\/Gh0stysky","https:\/\/www.linkedin.com\/company\/34739653","https:\/\/www.instagram.com\/gh0stysky"]}]}},"_links":{"self":[{"href":"https:\/\/www.ghostysky.com\/es\/wp-json\/wp\/v2\/product\/6014","targetHints":{"allow":["GET"]}}],"collection":[{"href":"https:\/\/www.ghostysky.com\/es\/wp-json\/wp\/v2\/product"}],"about":[{"href":"https:\/\/www.ghostysky.com\/es\/wp-json\/wp\/v2\/types\/product"}],"replies":[{"embeddable":true,"href":"https:\/\/www.ghostysky.com\/es\/wp-json\/wp\/v2\/comments?post=6014"}],"wp:featuredmedia":[{"embeddable":true,"href":"https:\/\/www.ghostysky.com\/es\/wp-json\/wp\/v2\/media\/6015"}],"wp:attachment":[{"href":"https:\/\/www.ghostysky.com\/es\/wp-json\/wp\/v2\/media?parent=6014"}],"wp:term":[{"taxonomy":"product_brand","embeddable":true,"href":"https:\/\/www.ghostysky.com\/es\/wp-json\/wp\/v2\/product_brand?post=6014"},{"taxonomy":"product_cat","embeddable":true,"href":"https:\/\/www.ghostysky.com\/es\/wp-json\/wp\/v2\/product_cat?post=6014"},{"taxonomy":"product_tag","embeddable":true,"href":"https:\/\/www.ghostysky.com\/es\/wp-json\/wp\/v2\/product_tag?post=6014"}],"curies":[{"name":"wp","href":"https:\/\/api.w.org\/{rel}","templated":true}]}}