{"id":6229,"date":"2022-03-23T13:24:34","date_gmt":"2022-03-23T13:24:34","guid":{"rendered":"https:\/\/www.ghostysky.com\/?post_type=product&#038;p=6229"},"modified":"2025-10-14T11:30:17","modified_gmt":"2025-10-14T11:30:17","slug":"gc3-t-4k-3-axis-gimbal-thermal-camera","status":"publish","type":"product","link":"https:\/\/www.ghostysky.com\/es\/product\/gc3-t-4k-3-axis-gimbal-thermal-camera\/","title":{"rendered":"C\u00e1mara t\u00e9rmica card\u00e1n de 3 ejes 4K GC3-T"},"content":{"rendered":"<p><img decoding=\"async\" src=\"datos:imagen\/gif;base64,R0lGODlhAQABAAAAACH5BAEKAAEALAAAAAABAAEAAAICTAEAOw==\" alt=\"C\u00e1mara t\u00e9rmica impermeable\" class=\"lazyload\" data-src=\"datos:imagen\/gif;base64,R0lGODlhAQABAAAAACH5BAEKAAEALAAAAAABAAEAAAICTAEAOw==\"><\/p>\n<p>La c\u00e1mara t\u00e9rmica impermeable de 3 ejes de Swellpro combina una c\u00e1mara infrarroja t\u00e9rmica de alta resoluci\u00f3n y una c\u00e1mara Full HD para condiciones de poca luz con una linterna LED regulable, que puede proporcionar im\u00e1genes de luz visible e infrarroja simult\u00e1neamente.<\/p>\n<p>Use la imagen t\u00e9rmica para identificar objetos de inter\u00e9s, luego cambie r\u00e1pidamente al modo de poca luz para identificar mejor el objeto con m\u00e1s detalle. La integraci\u00f3n del GC3-T con el\u00a0<a href=\"https:\/\/www.ghostysky.com\/es\/producto-2\/swellpro-splashdrone-4-multifunctional-waterproof-drone\/\" target=\"_blank\" rel=\"noopener\">SD4<\/a>\u00a0empodera a muchas industrias para cumplir sus misiones de manera m\u00e1s inteligente y r\u00e1pida con mucho menos riesgo y costo.<\/p>\n<p>Las im\u00e1genes t\u00e9rmicas a\u00e9reas pueden ayudar a los bomberos a ver a trav\u00e9s del humo y a los agricultores a monitorear la salud de los cultivos desde arriba, o ayudar en las operaciones de b\u00fasqueda y rescate.<\/p>\n<p><img decoding=\"async\" class=\"aligncenter lazyload\" src=\"datos:imagen\/gif;base64,R0lGODlhAQABAAAAACH5BAEKAAEALAAAAAABAAEAAAICTAEAOw==\" alt=\"\" data-src=\"datos:imagen\/gif;base64,R0lGODlhAQABAAAAACH5BAEKAAEALAAAAAABAAEAAAICTAEAOw==\"><\/p>\n<p><img decoding=\"async\" class=\"aligncenter lazyload\" src=\"datos:imagen\/gif;base64,R0lGODlhAQABAAAAACH5BAEKAAEALAAAAAABAAEAAAICTAEAOw==\" alt=\"\" data-src=\"datos:imagen\/gif;base64,R0lGODlhAQABAAAAACH5BAEKAAEALAAAAAABAAEAAAICTAEAOw==\">\u00a0<img decoding=\"async\" class=\"aligncenter lazyload\" src=\"datos:imagen\/gif;base64,R0lGODlhAQABAAAAACH5BAEKAAEALAAAAAABAAEAAAICTAEAOw==\" alt=\"\" data-src=\"datos:imagen\/gif;base64,R0lGODlhAQABAAAAACH5BAEKAAEALAAAAAABAAEAAAICTAEAOw==\"><\/p>\n<table width=\"1089\">\n<tbody>\n<tr>\n<td width=\"313\">\n<h3>C\u00e1mara t\u00e9rmica card\u00e1n de 3 ejes (GC3-T)<\/h3>\n<\/td>\n<\/tr>\n<\/tbody>\n<\/table>\n<table width=\"1089\">\n<tbody>\n<tr>\n<td width=\"313\"><\/td>\n<td width=\"776\"><\/td>\n<\/tr>\n<tr>\n<td>Impermeable:<\/td>\n<td>IP67<\/td>\n<\/tr>\n<tr>\n<td>Eje:<\/td>\n<td>3 ejes (cabeceo, balanceo, gui\u00f1ada)<\/td>\n<\/tr>\n<tr>\n<td>\u00c1ngulo de lanzamiento:<\/td>\n<td>-90\u00b0 a 0\u00b0<\/td>\n<\/tr>\n<tr>\n<td>Velocidad m\u00e1xima de control:<\/td>\n<td>Lanzamiento 60\u00b0\/s<\/td>\n<\/tr>\n<tr>\n<td>Peso:<\/td>\n<td>Aprox. 450g<\/td>\n<\/tr>\n<tr>\n<td>Tama\u00f1o:<\/td>\n<td>110*100*115mm<\/td>\n<\/tr>\n<tr>\n<td><\/td>\n<td><\/td>\n<\/tr>\n<tr>\n<td><strong>C\u00e1mara con poca luz<\/strong><\/td>\n<td><\/td>\n<\/tr>\n<tr>\n<td width=\"313\">Sensor de imagen:<\/td>\n<td>CMOS Starlight de 1\/2\u2033 2M<\/td>\n<\/tr>\n<tr>\n<td width=\"313\">Lente:<\/td>\n<td>campo de visi\u00f3n: 66\u00b0<\/td>\n<\/tr>\n<tr>\n<td>Foto de r\u00e1faga:<\/td>\n<td>Cerrar\/3\/5\/10 piezas<\/td>\n<\/tr>\n<tr>\n<td>Foto de intervalo:<\/td>\n<td>Cerrar\/1\/3\/5\/10s<\/td>\n<\/tr>\n<tr>\n<td width=\"313\">Resoluci\u00f3n de video:<\/td>\n<td>FHD: 1920*1080 30\/60p | HD: 1280*720 120\/60p<\/td>\n<\/tr>\n<tr>\n<td width=\"313\">Transmisi\u00f3n m\u00e1xima de video:<\/td>\n<td>64Mbps<\/td>\n<\/tr>\n<tr>\n<td width=\"313\">Formato de imagen:<\/td>\n<td>jpeg<\/td>\n<\/tr>\n<tr>\n<td width=\"313\">Formato de video:<\/td>\n<td>MP4\/MOV<\/td>\n<\/tr>\n<tr>\n<td width=\"313\">Soporte de tarjeta de memoria:<\/td>\n<td width=\"776\">Se admiten TARJETAS Micro SD con una capacidad m\u00e1xima de 128 GB, velocidad de escritura \u226515 MB\/s y velocidad de transmisi\u00f3n de Clase 10 o superior o clasificaci\u00f3n UHS-1<\/td>\n<\/tr>\n<tr>\n<td>Temperatura de trabajo:<\/td>\n<td>-10 \u2103 a 40 \u2103<\/td>\n<\/tr>\n<tr>\n<td><\/td>\n<td><\/td>\n<\/tr>\n<tr>\n<td><strong>C\u00e1mara de infrarrojos<\/strong><\/td>\n<td><\/td>\n<\/tr>\n<tr>\n<td>Sensor de imagen:<\/td>\n<td>Detector de plano focal infrarrojo no refrigerado de \u00f3xido de vanadio<\/td>\n<\/tr>\n<tr>\n<td>Lente:<\/td>\n<td>19 mm\/25 mm<\/td>\n<\/tr>\n<tr>\n<td>Resoluci\u00f3n a velocidad de fotogramas:<\/td>\n<td>640*512 @30p\/48p\/50p<\/td>\n<\/tr>\n<tr>\n<td>Paleta:<\/td>\n<td width=\"776\">Calor blanco\/caliente negro\/arco\u00edris\/arco\u00edris de alto contraste\/rojo hierro\/lava\/cielo\/gris medio\/gris rojo\/naranja p\u00farpura\/especial 1\/rojo advertencia\/fuego hielo\/rojo cian\/especial 2\/rojo degradado\/verde degradado\/gradiente azul \/ advertencia verde \/ advertencia azul<\/td>\n<\/tr>\n<tr>\n<td>punto de mira:<\/td>\n<td>Mostrar (predeterminado), ocultar, mover<\/td>\n<\/tr>\n<tr>\n<td>Relaci\u00f3n de contraste:<\/td>\n<td>Ajuste del control deslizante (0-255), valor medio predeterminado<\/td>\n<\/tr>\n<tr>\n<td>Brillo:<\/td>\n<td>Ajuste del control deslizante (0-511), valor medio predeterminado<\/td>\n<\/tr>\n<tr>\n<td>Engranaje DDE (mejora de imagen):<\/td>\n<td>Desactivado \/ Activado (predeterminado activado)<\/td>\n<\/tr>\n<tr>\n<td>Medici\u00f3n de temperatura OSD encendido\/apagado:<\/td>\n<td>Apagado \/ Encendido (el valor predeterminado muestra las temperaturas m\u00e1s alta, m\u00e1s baja y del punto central)<\/td>\n<\/tr>\n<tr>\n<td>Unidad de medida de temperatura:<\/td>\n<td>Cent\u00edgrados, Kelvin, Fahrenheit<\/td>\n<\/tr>\n<tr>\n<td>Alarma de medici\u00f3n de temperatura:<\/td>\n<td>Apagado, alarma de temperatura baja, alarma de temperatura alta, alarma de temperatura alta y baja<\/td>\n<\/tr>\n<tr>\n<td>Ajuste de alarma de baja temperatura:<\/td>\n<td>-20\u2103~+150\u2103<\/td>\n<\/tr>\n<tr>\n<td>Configuraci\u00f3n de alarma de alta temperatura:<\/td>\n<td>-20\u2103~+150\u2103<\/td>\n<\/tr>\n<\/tbody>\n<\/table>\n<p>&nbsp;<\/p>","protected":false},"excerpt":{"rendered":"<p><strong>GC3-T<\/strong> es un <strong>c\u00e1mara t\u00e9rmica con card\u00e1n de 3 v\u00edas<\/strong> con las caracter\u00edsticas de una c\u00e1mara t\u00e9rmica de alto rendimiento.<\/p>\n<p>C\u00e1mara compatible con <strong>abej\u00f3n impermeable Splash 4<\/strong>.<\/p>\n<ul>\n<li>Resistente al agua con protecci\u00f3n IP67.<\/li>\n<li>Gimbal de 3 ejes (inclinaci\u00f3n\/equilibrio\/giro).<\/li>\n<li>C\u00e1mara t\u00e9rmica, C\u00e1mara de alta sensibilidad (temporada de luz) y Foco LED.<\/li>\n<\/ul>","protected":false},"featured_media":6230,"comment_status":"open","ping_status":"closed","template":"","meta":[],"product_brand":[],"product_cat":[304,29,278],"product_tag":[325,312,62,280,279,59],"class_list":{"0":"post-6229","1":"product","2":"type-product","3":"status-publish","4":"has-post-thumbnail","6":"product_cat-cameras-sweelpro","7":"product_cat-drones","8":"product_cat-swellpro","9":"product_tag-3-axis-gimbal","10":"product_tag-4k","11":"product_tag-camera","12":"product_tag-gc3-t","13":"product_tag-swellpro","14":"product_tag-thermal-camera","16":"first","17":"onbackorder","18":"taxable","19":"shipping-taxable","20":"product-type-simple"},"yoast_head":"<!-- This site is optimized with the Yoast SEO plugin v27.4 - https:\/\/yoast.com\/product\/yoast-seo-wordpress\/ -->\n<title>GC3-T 4K 3-Axis Gimbal Thermal Camera -<\/title>\n<meta name=\"description\" content=\"GC3-T is a thermal camera with 3-way gimbal with the features of a high-performance thermal camera.Camera compatible with waterproof Splash Drone 4.\" \/>\n<meta name=\"robots\" content=\"index, follow, max-snippet:-1, max-image-preview:large, max-video-preview:-1\" \/>\n<link rel=\"canonical\" href=\"https:\/\/www.ghostysky.com\/es\/producto-2\/gc3-t-4k-3-axis-gimbal-thermal-camera\/\" \/>\n<meta property=\"og:locale\" content=\"es_ES\" \/>\n<meta property=\"og:type\" content=\"article\" \/>\n<meta property=\"og:title\" content=\"GC3-T 4K 3-Axis Gimbal Thermal Camera -\" \/>\n<meta property=\"og:description\" content=\"GC3-T is a thermal camera with 3-way gimbal with the features of a high-performance thermal camera.Camera compatible with waterproof Splash Drone 4.\" \/>\n<meta property=\"og:url\" content=\"https:\/\/www.ghostysky.com\/es\/producto-2\/gc3-t-4k-3-axis-gimbal-thermal-camera\/\" \/>\n<meta property=\"og:site_name\" content=\"Ghostysky\" \/>\n<meta property=\"article:publisher\" content=\"https:\/\/www.facebook.com\/people\/Ghostysky\/100057676170234\/\" \/>\n<meta property=\"article:modified_time\" content=\"2025-10-14T11:30:17+00:00\" \/>\n<meta property=\"og:image\" content=\"https:\/\/www.ghostysky.com\/wp-content\/uploads\/2022\/03\/SP-SD4-B104-GC3T_03.jpg\" \/>\n\t<meta property=\"og:image:width\" content=\"1200\" \/>\n\t<meta property=\"og:image:height\" content=\"1200\" \/>\n\t<meta property=\"og:image:type\" content=\"image\/jpeg\" \/>\n<meta name=\"twitter:card\" content=\"summary_large_image\" \/>\n<meta name=\"twitter:site\" content=\"@Gh0stysky\" \/>\n<meta name=\"twitter:label1\" content=\"Tiempo de lectura\" \/>\n\t<meta name=\"twitter:data1\" content=\"3 minutos\" \/>\n<script type=\"application\/ld+json\" class=\"yoast-schema-graph\">{\"@context\":\"https:\\\/\\\/schema.org\",\"@graph\":[{\"@type\":\"WebPage\",\"@id\":\"https:\\\/\\\/www.ghostysky.com\\\/product\\\/gc3-t-4k-3-axis-gimbal-thermal-camera\\\/\",\"url\":\"https:\\\/\\\/www.ghostysky.com\\\/product\\\/gc3-t-4k-3-axis-gimbal-thermal-camera\\\/\",\"name\":\"GC3-T 4K 3-Axis Gimbal Thermal Camera -\",\"isPartOf\":{\"@id\":\"https:\\\/\\\/www.ghostysky.com\\\/#website\"},\"primaryImageOfPage\":{\"@id\":\"https:\\\/\\\/www.ghostysky.com\\\/product\\\/gc3-t-4k-3-axis-gimbal-thermal-camera\\\/#primaryimage\"},\"image\":{\"@id\":\"https:\\\/\\\/www.ghostysky.com\\\/product\\\/gc3-t-4k-3-axis-gimbal-thermal-camera\\\/#primaryimage\"},\"thumbnailUrl\":\"https:\\\/\\\/www.ghostysky.com\\\/wp-content\\\/uploads\\\/2022\\\/03\\\/SP-SD4-B104-GC3T_03.jpg\",\"datePublished\":\"2022-03-23T13:24:34+00:00\",\"dateModified\":\"2025-10-14T11:30:17+00:00\",\"description\":\"GC3-T is a thermal camera with 3-way gimbal with the features of a high-performance thermal camera.Camera compatible with waterproof Splash Drone 4.\",\"breadcrumb\":{\"@id\":\"https:\\\/\\\/www.ghostysky.com\\\/product\\\/gc3-t-4k-3-axis-gimbal-thermal-camera\\\/#breadcrumb\"},\"inLanguage\":\"es\",\"potentialAction\":[{\"@type\":\"ReadAction\",\"target\":[\"https:\\\/\\\/www.ghostysky.com\\\/product\\\/gc3-t-4k-3-axis-gimbal-thermal-camera\\\/\"]}]},{\"@type\":\"ImageObject\",\"inLanguage\":\"es\",\"@id\":\"https:\\\/\\\/www.ghostysky.com\\\/product\\\/gc3-t-4k-3-axis-gimbal-thermal-camera\\\/#primaryimage\",\"url\":\"https:\\\/\\\/www.ghostysky.com\\\/wp-content\\\/uploads\\\/2022\\\/03\\\/SP-SD4-B104-GC3T_03.jpg\",\"contentUrl\":\"https:\\\/\\\/www.ghostysky.com\\\/wp-content\\\/uploads\\\/2022\\\/03\\\/SP-SD4-B104-GC3T_03.jpg\",\"width\":1200,\"height\":1200},{\"@type\":\"BreadcrumbList\",\"@id\":\"https:\\\/\\\/www.ghostysky.com\\\/product\\\/gc3-t-4k-3-axis-gimbal-thermal-camera\\\/#breadcrumb\",\"itemListElement\":[{\"@type\":\"ListItem\",\"position\":1,\"name\":\"Home\",\"item\":\"https:\\\/\\\/www.ghostysky.com\\\/\"},{\"@type\":\"ListItem\",\"position\":2,\"name\":\"Shop\",\"item\":\"https:\\\/\\\/www.ghostysky.com\\\/shop\\\/\"},{\"@type\":\"ListItem\",\"position\":3,\"name\":\"GC3-T 4K 3-Axis Gimbal Thermal Camera\"}]},{\"@type\":\"WebSite\",\"@id\":\"https:\\\/\\\/www.ghostysky.com\\\/#website\",\"url\":\"https:\\\/\\\/www.ghostysky.com\\\/\",\"name\":\"Ghostysky\",\"description\":\"Delivering professional drones and robotics solutions\",\"publisher\":{\"@id\":\"https:\\\/\\\/www.ghostysky.com\\\/#organization\"},\"potentialAction\":[{\"@type\":\"SearchAction\",\"target\":{\"@type\":\"EntryPoint\",\"urlTemplate\":\"https:\\\/\\\/www.ghostysky.com\\\/?s={search_term_string}\"},\"query-input\":{\"@type\":\"PropertyValueSpecification\",\"valueRequired\":true,\"valueName\":\"search_term_string\"}}],\"inLanguage\":\"es\"},{\"@type\":\"Organization\",\"@id\":\"https:\\\/\\\/www.ghostysky.com\\\/#organization\",\"name\":\"Ghostysky\",\"url\":\"https:\\\/\\\/www.ghostysky.com\\\/\",\"logo\":{\"@type\":\"ImageObject\",\"inLanguage\":\"es\",\"@id\":\"https:\\\/\\\/www.ghostysky.com\\\/#\\\/schema\\\/logo\\\/image\\\/\",\"url\":\"https:\\\/\\\/www.ghostysky.com\\\/wp-content\\\/uploads\\\/2020\\\/06\\\/cropped-ghostyskylogo_text_white2.png\",\"contentUrl\":\"https:\\\/\\\/www.ghostysky.com\\\/wp-content\\\/uploads\\\/2020\\\/06\\\/cropped-ghostyskylogo_text_white2.png\",\"width\":169,\"height\":56,\"caption\":\"Ghostysky\"},\"image\":{\"@id\":\"https:\\\/\\\/www.ghostysky.com\\\/#\\\/schema\\\/logo\\\/image\\\/\"},\"sameAs\":[\"https:\\\/\\\/www.facebook.com\\\/people\\\/Ghostysky\\\/100057676170234\\\/\",\"https:\\\/\\\/x.com\\\/Gh0stysky\",\"https:\\\/\\\/www.linkedin.com\\\/company\\\/34739653\",\"https:\\\/\\\/www.instagram.com\\\/gh0stysky\"]}]}<\/script>\n<!-- \/ Yoast SEO plugin. -->","yoast_head_json":{"title":"C\u00e1mara t\u00e9rmica con card\u00e1n de 3 ejes GC3-T 4K -","description":"GC3-T es una c\u00e1mara t\u00e9rmica con card\u00e1n de 3 v\u00edas con las caracter\u00edsticas de una c\u00e1mara t\u00e9rmica de alto rendimiento. C\u00e1mara compatible con Splash Drone 4 resistente al agua.","robots":{"index":"index","follow":"follow","max-snippet":"max-snippet:-1","max-image-preview":"max-image-preview:large","max-video-preview":"max-video-preview:-1"},"canonical":"https:\/\/www.ghostysky.com\/es\/producto-2\/gc3-t-4k-3-axis-gimbal-thermal-camera\/","og_locale":"es_ES","og_type":"article","og_title":"GC3-T 4K 3-Axis Gimbal Thermal Camera -","og_description":"GC3-T is a thermal camera with 3-way gimbal with the features of a high-performance thermal camera.Camera compatible with waterproof Splash Drone 4.","og_url":"https:\/\/www.ghostysky.com\/es\/producto-2\/gc3-t-4k-3-axis-gimbal-thermal-camera\/","og_site_name":"Ghostysky","article_publisher":"https:\/\/www.facebook.com\/people\/Ghostysky\/100057676170234\/","article_modified_time":"2025-10-14T11:30:17+00:00","og_image":[{"width":1200,"height":1200,"url":"https:\/\/www.ghostysky.com\/wp-content\/uploads\/2022\/03\/SP-SD4-B104-GC3T_03.jpg","type":"image\/jpeg"}],"twitter_card":"summary_large_image","twitter_site":"@Gh0stysky","twitter_misc":{"Tiempo de lectura":"3 minutos"},"schema":{"@context":"https:\/\/schema.org","@graph":[{"@type":"WebPage","@id":"https:\/\/www.ghostysky.com\/product\/gc3-t-4k-3-axis-gimbal-thermal-camera\/","url":"https:\/\/www.ghostysky.com\/product\/gc3-t-4k-3-axis-gimbal-thermal-camera\/","name":"C\u00e1mara t\u00e9rmica con card\u00e1n de 3 ejes GC3-T 4K -","isPartOf":{"@id":"https:\/\/www.ghostysky.com\/#website"},"primaryImageOfPage":{"@id":"https:\/\/www.ghostysky.com\/product\/gc3-t-4k-3-axis-gimbal-thermal-camera\/#primaryimage"},"image":{"@id":"https:\/\/www.ghostysky.com\/product\/gc3-t-4k-3-axis-gimbal-thermal-camera\/#primaryimage"},"thumbnailUrl":"https:\/\/www.ghostysky.com\/wp-content\/uploads\/2022\/03\/SP-SD4-B104-GC3T_03.jpg","datePublished":"2022-03-23T13:24:34+00:00","dateModified":"2025-10-14T11:30:17+00:00","description":"GC3-T es una c\u00e1mara t\u00e9rmica con card\u00e1n de 3 v\u00edas con las caracter\u00edsticas de una c\u00e1mara t\u00e9rmica de alto rendimiento. C\u00e1mara compatible con Splash Drone 4 resistente al agua.","breadcrumb":{"@id":"https:\/\/www.ghostysky.com\/product\/gc3-t-4k-3-axis-gimbal-thermal-camera\/#breadcrumb"},"inLanguage":"es","potentialAction":[{"@type":"ReadAction","target":["https:\/\/www.ghostysky.com\/product\/gc3-t-4k-3-axis-gimbal-thermal-camera\/"]}]},{"@type":"ImageObject","inLanguage":"es","@id":"https:\/\/www.ghostysky.com\/product\/gc3-t-4k-3-axis-gimbal-thermal-camera\/#primaryimage","url":"https:\/\/www.ghostysky.com\/wp-content\/uploads\/2022\/03\/SP-SD4-B104-GC3T_03.jpg","contentUrl":"https:\/\/www.ghostysky.com\/wp-content\/uploads\/2022\/03\/SP-SD4-B104-GC3T_03.jpg","width":1200,"height":1200},{"@type":"BreadcrumbList","@id":"https:\/\/www.ghostysky.com\/product\/gc3-t-4k-3-axis-gimbal-thermal-camera\/#breadcrumb","itemListElement":[{"@type":"ListItem","position":1,"name":"Home","item":"https:\/\/www.ghostysky.com\/"},{"@type":"ListItem","position":2,"name":"Shop","item":"https:\/\/www.ghostysky.com\/shop\/"},{"@type":"ListItem","position":3,"name":"GC3-T 4K 3-Axis Gimbal Thermal Camera"}]},{"@type":"WebSite","@id":"https:\/\/www.ghostysky.com\/#website","url":"https:\/\/www.ghostysky.com\/","name":"Ghostysky","description":"Ofrecemos soluciones profesionales de drones y rob\u00f3tica.","publisher":{"@id":"https:\/\/www.ghostysky.com\/#organization"},"potentialAction":[{"@type":"SearchAction","target":{"@type":"EntryPoint","urlTemplate":"https:\/\/www.ghostysky.com\/?s={search_term_string}"},"query-input":{"@type":"PropertyValueSpecification","valueRequired":true,"valueName":"search_term_string"}}],"inLanguage":"es"},{"@type":"Organization","@id":"https:\/\/www.ghostysky.com\/#organization","name":"Ghostysky","url":"https:\/\/www.ghostysky.com\/","logo":{"@type":"ImageObject","inLanguage":"es","@id":"https:\/\/www.ghostysky.com\/#\/schema\/logo\/image\/","url":"https:\/\/www.ghostysky.com\/wp-content\/uploads\/2020\/06\/cropped-ghostyskylogo_text_white2.png","contentUrl":"https:\/\/www.ghostysky.com\/wp-content\/uploads\/2020\/06\/cropped-ghostyskylogo_text_white2.png","width":169,"height":56,"caption":"Ghostysky"},"image":{"@id":"https:\/\/www.ghostysky.com\/#\/schema\/logo\/image\/"},"sameAs":["https:\/\/www.facebook.com\/people\/Ghostysky\/100057676170234\/","https:\/\/x.com\/Gh0stysky","https:\/\/www.linkedin.com\/company\/34739653","https:\/\/www.instagram.com\/gh0stysky"]}]}},"_links":{"self":[{"href":"https:\/\/www.ghostysky.com\/es\/wp-json\/wp\/v2\/product\/6229","targetHints":{"allow":["GET"]}}],"collection":[{"href":"https:\/\/www.ghostysky.com\/es\/wp-json\/wp\/v2\/product"}],"about":[{"href":"https:\/\/www.ghostysky.com\/es\/wp-json\/wp\/v2\/types\/product"}],"replies":[{"embeddable":true,"href":"https:\/\/www.ghostysky.com\/es\/wp-json\/wp\/v2\/comments?post=6229"}],"version-history":[{"count":0,"href":"https:\/\/www.ghostysky.com\/es\/wp-json\/wp\/v2\/product\/6229\/revisions"}],"wp:featuredmedia":[{"embeddable":true,"href":"https:\/\/www.ghostysky.com\/es\/wp-json\/wp\/v2\/media\/6230"}],"wp:attachment":[{"href":"https:\/\/www.ghostysky.com\/es\/wp-json\/wp\/v2\/media?parent=6229"}],"wp:term":[{"taxonomy":"product_brand","embeddable":true,"href":"https:\/\/www.ghostysky.com\/es\/wp-json\/wp\/v2\/product_brand?post=6229"},{"taxonomy":"product_cat","embeddable":true,"href":"https:\/\/www.ghostysky.com\/es\/wp-json\/wp\/v2\/product_cat?post=6229"},{"taxonomy":"product_tag","embeddable":true,"href":"https:\/\/www.ghostysky.com\/es\/wp-json\/wp\/v2\/product_tag?post=6229"}],"curies":[{"name":"wp","href":"https:\/\/api.w.org\/{rel}","templated":true}]}}