{"id":6235,"date":"2022-03-23T13:34:20","date_gmt":"2022-03-23T13:34:20","guid":{"rendered":"https:\/\/www.ghostysky.com\/?post_type=product&#038;p=6235"},"modified":"2025-10-14T11:29:25","modified_gmt":"2025-10-14T11:29:25","slug":"gc3-s-waterproof-3-axis-gimbal-4k-camera","status":"publish","type":"product","link":"https:\/\/www.ghostysky.com\/es\/product\/gc3-s-waterproof-3-axis-gimbal-4k-camera\/","title":{"rendered":"C\u00e1mara 4K card\u00e1n de 3 ejes a prueba de agua GC3-S"},"content":{"rendered":"<table id=\"product-attribute-specs-table\" class=\"data-table table\">\n<tbody>\n<tr class=\"first odd\">\n<th class=\"label\" style=\"text-align: left; width: 90.671875px;\">Descripci\u00f3n general<\/th>\n<td class=\"data last\" style=\"width: 444.328125px;\">GC3-S es una c\u00e1mara Gimbal 4K de 3 ejes dise\u00f1ada para tomar im\u00e1genes a\u00e9reas ultra suaves y estables con gran detalle.<\/td>\n<\/tr>\n<tr class=\"first odd\">\n<th class=\"label\" style=\"text-align: left; width: 90.671875px;\">Reflejos<\/th>\n<td class=\"data last\" style=\"width: 444.328125px;\">IP67 a prueba de agua.<br \/>\nApoyar la foto en bruto.<br \/>\nV\u00eddeo 4K\/30 fps | foto de 12 MP.<br \/>\nGimbal de 3 ejes (inclinaci\u00f3n\/rotaci\u00f3n\/panor\u00e1mica).<br \/>\nLente intercambiable para diferentes condiciones de iluminaci\u00f3n.<\/td>\n<\/tr>\n<tr class=\"first odd\">\n<th class=\"label\" style=\"text-align: left; width: 90.671875px;\">Especificaci\u00f3n<\/th>\n<td class=\"data last\" style=\"width: 444.328125px;\">Impermeable: IP67<br \/>\nEje: 3 ejes (cabeceo, balanceo, gui\u00f1ada)<br \/>\n\u00c1ngulo de lanzamiento: -90\u00b0 a 0\u00b0<br \/>\nVelocidad m\u00e1xima de control: Cabeceo 60\u00b0\/s<br \/>\nPeso aproximado. 320g<br \/>\nTama\u00f1o: 113*92*110mm<br \/>\nSensor de imagen: 1\/2.3\u2033 12M SONY CMOS<br \/>\nLente: F4.53mm f\/2.65<br \/>\ncampo de visi\u00f3n: 92,6\u00b0<br \/>\nRango ISO: 100 \u2013 3200<br \/>\nVelocidad de obturaci\u00f3n: 16 \u2013 1\/16000 s<br \/>\nResoluci\u00f3n de imagen: 4:3\/16:9 12M<br \/>\nModo de disparo de fotos: un solo disparo<br \/>\nR\u00e1faga: Cerrar\/3\/5\/10 piezas<br \/>\nIntervalo: Cerrar\/1\/3\/5\/10s<br \/>\nResoluci\u00f3n de v\u00eddeo: 4K: 3840*2160\/30P | 2.7K: 2704*1520\/60P | FHD: 1920*1080 30\/60\/120p | HD: 1280*720\/240p<br \/>\nTransmisi\u00f3n m\u00e1xima de video: 64mbps<br \/>\nFormato de imagen: JPEG \/ RAW<br \/>\nFormato de v\u00eddeo: MP4\/MOV<br \/>\nAdmite tarjeta de memoria: se admiten TARJETAS Micro SD con una capacidad m\u00e1xima de 128 GB, velocidad de escritura \u226515 MB\/s y velocidad de transmisi\u00f3n de clase 10 o superior o clasificaci\u00f3n UHS-1<br \/>\nTemperatura de trabajo: -10 \u2103 a 40 \u2103<\/td>\n<\/tr>\n<tr class=\"first odd\">\n<th class=\"label\" style=\"text-align: left; width: 90.671875px;\">En el cuadro<\/th>\n<td class=\"data last\" style=\"width: 444.328125px;\">GC3-S \u00d7 1<\/td>\n<\/tr>\n<tr class=\"first odd\">\n<th class=\"label\" style=\"text-align: left; width: 90.671875px;\">Compatibilidad<\/th>\n<td class=\"data last\" style=\"width: 444.328125px;\">Splash Drone 4<\/td>\n<\/tr>\n<\/tbody>\n<\/table>","protected":false},"excerpt":{"rendered":"<p class=\"translation-block\"><strong>GC3-S<\/strong> es una <strong>c\u00e1mara gimble de 3 ejes: c\u00e1mara 4K<\/strong> dise\u00f1ada para tomar im\u00e1genes a\u00e9reas ultra suaves y estables con gran detalle.<\/p>\n<p>C\u00e1mara compatible con <strong>abej\u00f3n impermeable Splash 4<\/strong>.<\/p>\n<ul>\n<li>Resistente al agua con protecci\u00f3n IP67.<\/li>\n<li>Formatea fotos sin procesar (RAW).<\/li>\n<li>V\u00eddeo 4K \/ 30fps | Fotos de 12 MP.<\/li>\n<li>Gimbal de 3 ejes (inclinaci\u00f3n\/equilibrio\/giro).<\/li>\n<li>Lente intercambiable para diferentes condiciones de iluminaci\u00f3n.<\/li>\n<\/ul>","protected":false},"featured_media":6236,"comment_status":"open","ping_status":"closed","template":"","meta":[],"product_brand":[],"product_cat":[304,29,278],"product_tag":[325,312,62,311],"class_list":{"0":"post-6235","1":"product","2":"type-product","3":"status-publish","4":"has-post-thumbnail","6":"product_cat-cameras-sweelpro","7":"product_cat-drones","8":"product_cat-swellpro","9":"product_tag-3-axis-gimbal","10":"product_tag-4k","11":"product_tag-camera","12":"product_tag-gc3-s","14":"first","15":"onbackorder","16":"taxable","17":"shipping-taxable","18":"product-type-simple"},"yoast_head":"<!-- This site is optimized with the Yoast SEO plugin v27.1.1 - https:\/\/yoast.com\/product\/yoast-seo-wordpress\/ -->\n<title>GC3-S Waterproof 3-Axis Gimbal 4K Camera -<\/title>\n<meta name=\"description\" content=\"GC3-S is a 3-axis gimble - 4K camera designed to take ultra smooth and stable aerial images with great details.Camera compatible with waterproof Splash Drone 4.\" \/>\n<meta name=\"robots\" content=\"index, follow, max-snippet:-1, max-image-preview:large, max-video-preview:-1\" \/>\n<link rel=\"canonical\" href=\"https:\/\/www.ghostysky.com\/es\/producto-2\/gc3-s-waterproof-3-axis-gimbal-4k-camera\/\" \/>\n<meta property=\"og:locale\" content=\"es_ES\" \/>\n<meta property=\"og:type\" content=\"article\" \/>\n<meta property=\"og:title\" content=\"GC3-S Waterproof 3-Axis Gimbal 4K Camera -\" \/>\n<meta property=\"og:description\" content=\"GC3-S is a 3-axis gimble - 4K camera designed to take ultra smooth and stable aerial images with great details.Camera compatible with waterproof Splash Drone 4.\" \/>\n<meta property=\"og:url\" content=\"https:\/\/www.ghostysky.com\/es\/producto-2\/gc3-s-waterproof-3-axis-gimbal-4k-camera\/\" \/>\n<meta property=\"og:site_name\" content=\"Ghostysky\" \/>\n<meta property=\"article:publisher\" content=\"https:\/\/www.facebook.com\/people\/Ghostysky\/100057676170234\/\" \/>\n<meta property=\"article:modified_time\" content=\"2025-10-14T11:29:25+00:00\" \/>\n<meta property=\"og:image\" content=\"https:\/\/www.ghostysky.com\/wp-content\/uploads\/2022\/03\/SP-SD4-B103-GC3_01-1.jpg\" \/>\n\t<meta property=\"og:image:width\" content=\"1200\" \/>\n\t<meta property=\"og:image:height\" content=\"1200\" \/>\n\t<meta property=\"og:image:type\" content=\"image\/jpeg\" \/>\n<meta name=\"twitter:card\" content=\"summary_large_image\" \/>\n<meta name=\"twitter:site\" content=\"@Gh0stysky\" \/>\n<meta name=\"twitter:label1\" content=\"Tiempo de lectura\" \/>\n\t<meta name=\"twitter:data1\" content=\"1 minuto\" \/>\n<script type=\"application\/ld+json\" class=\"yoast-schema-graph\">{\"@context\":\"https:\/\/schema.org\",\"@graph\":[{\"@type\":\"WebPage\",\"@id\":\"https:\/\/www.ghostysky.com\/product\/gc3-s-waterproof-3-axis-gimbal-4k-camera\/\",\"url\":\"https:\/\/www.ghostysky.com\/product\/gc3-s-waterproof-3-axis-gimbal-4k-camera\/\",\"name\":\"GC3-S Waterproof 3-Axis Gimbal 4K Camera -\",\"isPartOf\":{\"@id\":\"https:\/\/www.ghostysky.com\/#website\"},\"primaryImageOfPage\":{\"@id\":\"https:\/\/www.ghostysky.com\/product\/gc3-s-waterproof-3-axis-gimbal-4k-camera\/#primaryimage\"},\"image\":{\"@id\":\"https:\/\/www.ghostysky.com\/product\/gc3-s-waterproof-3-axis-gimbal-4k-camera\/#primaryimage\"},\"thumbnailUrl\":\"https:\/\/www.ghostysky.com\/wp-content\/uploads\/2022\/03\/SP-SD4-B103-GC3_01-1.jpg\",\"datePublished\":\"2022-03-23T13:34:20+00:00\",\"dateModified\":\"2025-10-14T11:29:25+00:00\",\"description\":\"GC3-S is a 3-axis gimble - 4K camera designed to take ultra smooth and stable aerial images with great details.Camera compatible with waterproof Splash Drone 4.\",\"breadcrumb\":{\"@id\":\"https:\/\/www.ghostysky.com\/product\/gc3-s-waterproof-3-axis-gimbal-4k-camera\/#breadcrumb\"},\"inLanguage\":\"es\",\"potentialAction\":[{\"@type\":\"ReadAction\",\"target\":[\"https:\/\/www.ghostysky.com\/product\/gc3-s-waterproof-3-axis-gimbal-4k-camera\/\"]}]},{\"@type\":\"ImageObject\",\"inLanguage\":\"es\",\"@id\":\"https:\/\/www.ghostysky.com\/product\/gc3-s-waterproof-3-axis-gimbal-4k-camera\/#primaryimage\",\"url\":\"https:\/\/www.ghostysky.com\/wp-content\/uploads\/2022\/03\/SP-SD4-B103-GC3_01-1.jpg\",\"contentUrl\":\"https:\/\/www.ghostysky.com\/wp-content\/uploads\/2022\/03\/SP-SD4-B103-GC3_01-1.jpg\",\"width\":1200,\"height\":1200},{\"@type\":\"BreadcrumbList\",\"@id\":\"https:\/\/www.ghostysky.com\/product\/gc3-s-waterproof-3-axis-gimbal-4k-camera\/#breadcrumb\",\"itemListElement\":[{\"@type\":\"ListItem\",\"position\":1,\"name\":\"Home\",\"item\":\"https:\/\/www.ghostysky.com\/\"},{\"@type\":\"ListItem\",\"position\":2,\"name\":\"Shop\",\"item\":\"https:\/\/www.ghostysky.com\/shop\/\"},{\"@type\":\"ListItem\",\"position\":3,\"name\":\"GC3-S Waterproof 3-Axis Gimbal 4K Camera\"}]},{\"@type\":\"WebSite\",\"@id\":\"https:\/\/www.ghostysky.com\/#website\",\"url\":\"https:\/\/www.ghostysky.com\/\",\"name\":\"Ghostysky\",\"description\":\"Delivering professional drones and services\",\"publisher\":{\"@id\":\"https:\/\/www.ghostysky.com\/#organization\"},\"potentialAction\":[{\"@type\":\"SearchAction\",\"target\":{\"@type\":\"EntryPoint\",\"urlTemplate\":\"https:\/\/www.ghostysky.com\/?s={search_term_string}\"},\"query-input\":{\"@type\":\"PropertyValueSpecification\",\"valueRequired\":true,\"valueName\":\"search_term_string\"}}],\"inLanguage\":\"es\"},{\"@type\":\"Organization\",\"@id\":\"https:\/\/www.ghostysky.com\/#organization\",\"name\":\"Ghostysky\",\"url\":\"https:\/\/www.ghostysky.com\/\",\"logo\":{\"@type\":\"ImageObject\",\"inLanguage\":\"es\",\"@id\":\"https:\/\/www.ghostysky.com\/#\/schema\/logo\/image\/\",\"url\":\"https:\/\/www.ghostysky.com\/wp-content\/uploads\/2020\/06\/cropped-ghostyskylogo_text_white2.png\",\"contentUrl\":\"https:\/\/www.ghostysky.com\/wp-content\/uploads\/2020\/06\/cropped-ghostyskylogo_text_white2.png\",\"width\":169,\"height\":56,\"caption\":\"Ghostysky\"},\"image\":{\"@id\":\"https:\/\/www.ghostysky.com\/#\/schema\/logo\/image\/\"},\"sameAs\":[\"https:\/\/www.facebook.com\/people\/Ghostysky\/100057676170234\/\",\"https:\/\/x.com\/Gh0stysky\",\"https:\/\/www.linkedin.com\/company\/34739653\",\"https:\/\/www.instagram.com\/gh0stysky\"]}]}<\/script>\n<!-- \/ Yoast SEO plugin. -->","yoast_head_json":{"title":"C\u00e1mara 4K con card\u00e1n de 3 ejes resistente al agua GC3-S -","description":"GC3-S es una c\u00e1mara gimble de 3 ejes - 4K dise\u00f1ada para tomar im\u00e1genes a\u00e9reas ultra suaves y estables con grandes detalles. C\u00e1mara compatible con Splash Drone 4 resistente al agua.","robots":{"index":"index","follow":"follow","max-snippet":"max-snippet:-1","max-image-preview":"max-image-preview:large","max-video-preview":"max-video-preview:-1"},"canonical":"https:\/\/www.ghostysky.com\/es\/producto-2\/gc3-s-waterproof-3-axis-gimbal-4k-camera\/","og_locale":"es_ES","og_type":"article","og_title":"GC3-S Waterproof 3-Axis Gimbal 4K Camera -","og_description":"GC3-S is a 3-axis gimble - 4K camera designed to take ultra smooth and stable aerial images with great details.Camera compatible with waterproof Splash Drone 4.","og_url":"https:\/\/www.ghostysky.com\/es\/producto-2\/gc3-s-waterproof-3-axis-gimbal-4k-camera\/","og_site_name":"Ghostysky","article_publisher":"https:\/\/www.facebook.com\/people\/Ghostysky\/100057676170234\/","article_modified_time":"2025-10-14T11:29:25+00:00","og_image":[{"width":1200,"height":1200,"url":"https:\/\/www.ghostysky.com\/wp-content\/uploads\/2022\/03\/SP-SD4-B103-GC3_01-1.jpg","type":"image\/jpeg"}],"twitter_card":"summary_large_image","twitter_site":"@Gh0stysky","twitter_misc":{"Tiempo de lectura":"1 minuto"},"schema":{"@context":"https:\/\/schema.org","@graph":[{"@type":"WebPage","@id":"https:\/\/www.ghostysky.com\/product\/gc3-s-waterproof-3-axis-gimbal-4k-camera\/","url":"https:\/\/www.ghostysky.com\/product\/gc3-s-waterproof-3-axis-gimbal-4k-camera\/","name":"C\u00e1mara 4K con card\u00e1n de 3 ejes resistente al agua GC3-S -","isPartOf":{"@id":"https:\/\/www.ghostysky.com\/#website"},"primaryImageOfPage":{"@id":"https:\/\/www.ghostysky.com\/product\/gc3-s-waterproof-3-axis-gimbal-4k-camera\/#primaryimage"},"image":{"@id":"https:\/\/www.ghostysky.com\/product\/gc3-s-waterproof-3-axis-gimbal-4k-camera\/#primaryimage"},"thumbnailUrl":"https:\/\/www.ghostysky.com\/wp-content\/uploads\/2022\/03\/SP-SD4-B103-GC3_01-1.jpg","datePublished":"2022-03-23T13:34:20+00:00","dateModified":"2025-10-14T11:29:25+00:00","description":"GC3-S es una c\u00e1mara gimble de 3 ejes - 4K dise\u00f1ada para tomar im\u00e1genes a\u00e9reas ultra suaves y estables con grandes detalles. C\u00e1mara compatible con Splash Drone 4 resistente al agua.","breadcrumb":{"@id":"https:\/\/www.ghostysky.com\/product\/gc3-s-waterproof-3-axis-gimbal-4k-camera\/#breadcrumb"},"inLanguage":"es","potentialAction":[{"@type":"ReadAction","target":["https:\/\/www.ghostysky.com\/product\/gc3-s-waterproof-3-axis-gimbal-4k-camera\/"]}]},{"@type":"ImageObject","inLanguage":"es","@id":"https:\/\/www.ghostysky.com\/product\/gc3-s-waterproof-3-axis-gimbal-4k-camera\/#primaryimage","url":"https:\/\/www.ghostysky.com\/wp-content\/uploads\/2022\/03\/SP-SD4-B103-GC3_01-1.jpg","contentUrl":"https:\/\/www.ghostysky.com\/wp-content\/uploads\/2022\/03\/SP-SD4-B103-GC3_01-1.jpg","width":1200,"height":1200},{"@type":"BreadcrumbList","@id":"https:\/\/www.ghostysky.com\/product\/gc3-s-waterproof-3-axis-gimbal-4k-camera\/#breadcrumb","itemListElement":[{"@type":"ListItem","position":1,"name":"Home","item":"https:\/\/www.ghostysky.com\/"},{"@type":"ListItem","position":2,"name":"Shop","item":"https:\/\/www.ghostysky.com\/shop\/"},{"@type":"ListItem","position":3,"name":"GC3-S Waterproof 3-Axis Gimbal 4K Camera"}]},{"@type":"WebSite","@id":"https:\/\/www.ghostysky.com\/#website","url":"https:\/\/www.ghostysky.com\/","name":"Ghostysky","description":"Entrega de drones y servicios profesionales","publisher":{"@id":"https:\/\/www.ghostysky.com\/#organization"},"potentialAction":[{"@type":"SearchAction","target":{"@type":"EntryPoint","urlTemplate":"https:\/\/www.ghostysky.com\/?s={search_term_string}"},"query-input":{"@type":"PropertyValueSpecification","valueRequired":true,"valueName":"search_term_string"}}],"inLanguage":"es"},{"@type":"Organization","@id":"https:\/\/www.ghostysky.com\/#organization","name":"Ghostysky","url":"https:\/\/www.ghostysky.com\/","logo":{"@type":"ImageObject","inLanguage":"es","@id":"https:\/\/www.ghostysky.com\/#\/schema\/logo\/image\/","url":"https:\/\/www.ghostysky.com\/wp-content\/uploads\/2020\/06\/cropped-ghostyskylogo_text_white2.png","contentUrl":"https:\/\/www.ghostysky.com\/wp-content\/uploads\/2020\/06\/cropped-ghostyskylogo_text_white2.png","width":169,"height":56,"caption":"Ghostysky"},"image":{"@id":"https:\/\/www.ghostysky.com\/#\/schema\/logo\/image\/"},"sameAs":["https:\/\/www.facebook.com\/people\/Ghostysky\/100057676170234\/","https:\/\/x.com\/Gh0stysky","https:\/\/www.linkedin.com\/company\/34739653","https:\/\/www.instagram.com\/gh0stysky"]}]}},"_links":{"self":[{"href":"https:\/\/www.ghostysky.com\/es\/wp-json\/wp\/v2\/product\/6235","targetHints":{"allow":["GET"]}}],"collection":[{"href":"https:\/\/www.ghostysky.com\/es\/wp-json\/wp\/v2\/product"}],"about":[{"href":"https:\/\/www.ghostysky.com\/es\/wp-json\/wp\/v2\/types\/product"}],"replies":[{"embeddable":true,"href":"https:\/\/www.ghostysky.com\/es\/wp-json\/wp\/v2\/comments?post=6235"}],"wp:featuredmedia":[{"embeddable":true,"href":"https:\/\/www.ghostysky.com\/es\/wp-json\/wp\/v2\/media\/6236"}],"wp:attachment":[{"href":"https:\/\/www.ghostysky.com\/es\/wp-json\/wp\/v2\/media?parent=6235"}],"wp:term":[{"taxonomy":"product_brand","embeddable":true,"href":"https:\/\/www.ghostysky.com\/es\/wp-json\/wp\/v2\/product_brand?post=6235"},{"taxonomy":"product_cat","embeddable":true,"href":"https:\/\/www.ghostysky.com\/es\/wp-json\/wp\/v2\/product_cat?post=6235"},{"taxonomy":"product_tag","embeddable":true,"href":"https:\/\/www.ghostysky.com\/es\/wp-json\/wp\/v2\/product_tag?post=6235"}],"curies":[{"name":"wp","href":"https:\/\/api.w.org\/{rel}","templated":true}]}}