{"id":6239,"date":"2022-03-23T14:54:00","date_gmt":"2022-03-23T14:54:00","guid":{"rendered":"https:\/\/www.ghostysky.com\/?post_type=product&#038;p=6239"},"modified":"2025-12-17T17:15:11","modified_gmt":"2025-12-17T17:15:11","slug":"gc2-s-waterproof-2-axis-gimbal-night-vision-camera","status":"publish","type":"product","link":"https:\/\/www.ghostysky.com\/es\/product\/gc2-s-waterproof-2-axis-gimbal-night-vision-camera\/","title":{"rendered":"C\u00e1mara de visi\u00f3n nocturna card\u00e1n de 2 ejes impermeable GC2-S"},"content":{"rendered":"<table id=\"product-attribute-specs-table\" class=\"data-table table\">\n<tbody>\n<tr class=\"first odd\">\n<th class=\"label\" style=\"text-align: left; width: 90.671875px;\">Descripci\u00f3n general<\/th>\n<td class=\"data last\" style=\"width: 444.328125px;\">GC2-S es la c\u00e1mara card\u00e1n de visi\u00f3n nocturna de 2 ejes especialmente dise\u00f1ada para cualquier operaci\u00f3n con poca luz.<\/td>\n<\/tr>\n<tr class=\"first odd\">\n<th class=\"label\" style=\"text-align: left; width: 90.671875px;\">Reflejos<\/th>\n<td class=\"data last\" style=\"width: 444.328125px;\">IP67 a prueba de agua.<br \/>\nGrabaci\u00f3n de video 1080P\/60fps con poca luz.<br \/>\n2 focos orientables incorporados.<\/td>\n<\/tr>\n<tr class=\"first odd\">\n<th class=\"label\" style=\"text-align: left; width: 90.671875px;\">Especificaci\u00f3n<\/th>\n<td class=\"data last\" style=\"width: 444.328125px;\">Impermeable: IP67<br \/>\nPeso aproximado. 220g<br \/>\nTama\u00f1o: 113*92*80mm<br \/>\nSensor de imagen: 1\/2\u2033 2M SONY Starlight CMOS<br \/>\ncampo de visi\u00f3n: 66\u00b0<br \/>\nVelocidad de obturaci\u00f3n: 16 \u2013 1\/16000 s<br \/>\nR\u00e1faga: Cerrar\/3\/5\/10 piezas<br \/>\nIntervalo: Cerrar\/1\/3\/5\/10s<br \/>\nResoluci\u00f3n de v\u00eddeo: FHD: 1920*1080 30\/60p | HD: 1280*720 120\/60p<br \/>\nTransmisi\u00f3n m\u00e1xima de video: 64mbps<br \/>\nFormato de imagen: JPEG<br \/>\nFormato de v\u00eddeo: MP4\/MOV<br \/>\nAdmite tarjeta de memoria: se admiten TARJETAS Micro SD con una capacidad m\u00e1xima de 128 GB, velocidad de escritura \u226515 MB\/s y velocidad de transmisi\u00f3n de clase 10 o superior o clasificaci\u00f3n UHS-1<br \/>\nTemperatura de trabajo: -10 \u2103 a 40 \u2103<\/td>\n<\/tr>\n<tr class=\"first odd\">\n<th class=\"label\" style=\"text-align: left; width: 90.671875px;\">En el cuadro<\/th>\n<td class=\"data last\" style=\"width: 444.328125px;\">GC2-S \u00d7 1<\/td>\n<\/tr>\n<tr class=\"first odd\">\n<th class=\"label\" style=\"text-align: left; width: 90.671875px;\">Compatibilidad<\/th>\n<td class=\"data last\" style=\"width: 444.328125px;\">Splash Drone 4<\/td>\n<\/tr>\n<\/tbody>\n<\/table>","protected":false},"excerpt":{"rendered":"<p class=\"translation-block\"><strong>GC2-S<\/strong> es un m\u00f3dulo con <strong>c\u00e1mara de visi\u00f3n nocturna de 2 ejes<\/strong> especialmente dise\u00f1ado para operaciones con poca luz.<\/p>\n<p>C\u00e1mara compatible con <strong>abej\u00f3n impermeable Splash 4<\/strong>.<\/p>\n<ul>\n<li>Resistente al agua con protecci\u00f3n IP67.<\/li>\n<li>Grabaci\u00f3n de v\u00eddeo con poca luz 1080P\/60fps.<\/li>\n<li>Incluye foco LED incorporado.<\/li>\n<\/ul>","protected":false},"featured_media":6240,"comment_status":"open","ping_status":"closed","template":"","meta":[],"product_brand":[],"product_cat":[304,29,278],"product_tag":[316,62,315,279],"class_list":{"0":"post-6239","1":"product","2":"type-product","3":"status-publish","4":"has-post-thumbnail","6":"product_cat-cameras-sweelpro","7":"product_cat-drones","8":"product_cat-swellpro","9":"product_tag-1080p","10":"product_tag-camera","11":"product_tag-night-vision","12":"product_tag-swellpro","14":"first","15":"instock","16":"sale","17":"taxable","18":"shipping-taxable","19":"purchasable","20":"product-type-simple"},"yoast_head":"<!-- This site is optimized with the Yoast SEO plugin v27.1.1 - https:\/\/yoast.com\/product\/yoast-seo-wordpress\/ -->\n<title>GC2-S Waterproof 2-Axis Gimbal Night-vision Camera -<\/title>\n<meta name=\"description\" content=\"GC2-S is a module with a 2-axis night vision camera specially designed for operations with low light.Camera compatible with waterproof Splash Drone 4.\" \/>\n<meta name=\"robots\" content=\"index, follow, max-snippet:-1, max-image-preview:large, max-video-preview:-1\" \/>\n<link rel=\"canonical\" href=\"https:\/\/www.ghostysky.com\/es\/producto-2\/gc2-s-waterproof-2-axis-gimbal-night-vision-camera\/\" \/>\n<meta property=\"og:locale\" content=\"es_ES\" \/>\n<meta property=\"og:type\" content=\"article\" \/>\n<meta property=\"og:title\" content=\"GC2-S Waterproof 2-Axis Gimbal Night-vision Camera -\" \/>\n<meta property=\"og:description\" content=\"GC2-S is a module with a 2-axis night vision camera specially designed for operations with low light.Camera compatible with waterproof Splash Drone 4.\" \/>\n<meta property=\"og:url\" content=\"https:\/\/www.ghostysky.com\/es\/producto-2\/gc2-s-waterproof-2-axis-gimbal-night-vision-camera\/\" \/>\n<meta property=\"og:site_name\" content=\"Ghostysky\" \/>\n<meta property=\"article:publisher\" content=\"https:\/\/www.facebook.com\/people\/Ghostysky\/100057676170234\/\" \/>\n<meta property=\"article:modified_time\" content=\"2025-12-17T17:15:11+00:00\" \/>\n<meta property=\"og:image\" content=\"https:\/\/www.ghostysky.com\/wp-content\/uploads\/2022\/03\/2-axis-night-vision-camera-1_1500x.webp\" \/>\n\t<meta property=\"og:image:width\" content=\"800\" \/>\n\t<meta property=\"og:image:height\" content=\"800\" \/>\n\t<meta property=\"og:image:type\" content=\"image\/webp\" \/>\n<meta name=\"twitter:card\" content=\"summary_large_image\" \/>\n<meta name=\"twitter:site\" content=\"@Gh0stysky\" \/>\n<meta name=\"twitter:label1\" content=\"Tiempo de lectura\" \/>\n\t<meta name=\"twitter:data1\" content=\"1 minuto\" \/>\n<script type=\"application\/ld+json\" class=\"yoast-schema-graph\">{\"@context\":\"https:\/\/schema.org\",\"@graph\":[{\"@type\":\"WebPage\",\"@id\":\"https:\/\/www.ghostysky.com\/product\/gc2-s-waterproof-2-axis-gimbal-night-vision-camera\/\",\"url\":\"https:\/\/www.ghostysky.com\/product\/gc2-s-waterproof-2-axis-gimbal-night-vision-camera\/\",\"name\":\"GC2-S Waterproof 2-Axis Gimbal Night-vision Camera -\",\"isPartOf\":{\"@id\":\"https:\/\/www.ghostysky.com\/#website\"},\"primaryImageOfPage\":{\"@id\":\"https:\/\/www.ghostysky.com\/product\/gc2-s-waterproof-2-axis-gimbal-night-vision-camera\/#primaryimage\"},\"image\":{\"@id\":\"https:\/\/www.ghostysky.com\/product\/gc2-s-waterproof-2-axis-gimbal-night-vision-camera\/#primaryimage\"},\"thumbnailUrl\":\"https:\/\/www.ghostysky.com\/wp-content\/uploads\/2022\/03\/2-axis-night-vision-camera-1_1500x.webp\",\"datePublished\":\"2022-03-23T14:54:00+00:00\",\"dateModified\":\"2025-12-17T17:15:11+00:00\",\"description\":\"GC2-S is a module with a 2-axis night vision camera specially designed for operations with low light.Camera compatible with waterproof Splash Drone 4.\",\"breadcrumb\":{\"@id\":\"https:\/\/www.ghostysky.com\/product\/gc2-s-waterproof-2-axis-gimbal-night-vision-camera\/#breadcrumb\"},\"inLanguage\":\"es\",\"potentialAction\":[{\"@type\":\"ReadAction\",\"target\":[\"https:\/\/www.ghostysky.com\/product\/gc2-s-waterproof-2-axis-gimbal-night-vision-camera\/\"]}]},{\"@type\":\"ImageObject\",\"inLanguage\":\"es\",\"@id\":\"https:\/\/www.ghostysky.com\/product\/gc2-s-waterproof-2-axis-gimbal-night-vision-camera\/#primaryimage\",\"url\":\"https:\/\/www.ghostysky.com\/wp-content\/uploads\/2022\/03\/2-axis-night-vision-camera-1_1500x.webp\",\"contentUrl\":\"https:\/\/www.ghostysky.com\/wp-content\/uploads\/2022\/03\/2-axis-night-vision-camera-1_1500x.webp\",\"width\":800,\"height\":800},{\"@type\":\"BreadcrumbList\",\"@id\":\"https:\/\/www.ghostysky.com\/product\/gc2-s-waterproof-2-axis-gimbal-night-vision-camera\/#breadcrumb\",\"itemListElement\":[{\"@type\":\"ListItem\",\"position\":1,\"name\":\"Home\",\"item\":\"https:\/\/www.ghostysky.com\/\"},{\"@type\":\"ListItem\",\"position\":2,\"name\":\"Shop\",\"item\":\"https:\/\/www.ghostysky.com\/shop\/\"},{\"@type\":\"ListItem\",\"position\":3,\"name\":\"GC2-S Waterproof 2-Axis Gimbal Night-vision Camera\"}]},{\"@type\":\"WebSite\",\"@id\":\"https:\/\/www.ghostysky.com\/#website\",\"url\":\"https:\/\/www.ghostysky.com\/\",\"name\":\"Ghostysky\",\"description\":\"Delivering professional drones and services\",\"publisher\":{\"@id\":\"https:\/\/www.ghostysky.com\/#organization\"},\"potentialAction\":[{\"@type\":\"SearchAction\",\"target\":{\"@type\":\"EntryPoint\",\"urlTemplate\":\"https:\/\/www.ghostysky.com\/?s={search_term_string}\"},\"query-input\":{\"@type\":\"PropertyValueSpecification\",\"valueRequired\":true,\"valueName\":\"search_term_string\"}}],\"inLanguage\":\"es\"},{\"@type\":\"Organization\",\"@id\":\"https:\/\/www.ghostysky.com\/#organization\",\"name\":\"Ghostysky\",\"url\":\"https:\/\/www.ghostysky.com\/\",\"logo\":{\"@type\":\"ImageObject\",\"inLanguage\":\"es\",\"@id\":\"https:\/\/www.ghostysky.com\/#\/schema\/logo\/image\/\",\"url\":\"https:\/\/www.ghostysky.com\/wp-content\/uploads\/2020\/06\/cropped-ghostyskylogo_text_white2.png\",\"contentUrl\":\"https:\/\/www.ghostysky.com\/wp-content\/uploads\/2020\/06\/cropped-ghostyskylogo_text_white2.png\",\"width\":169,\"height\":56,\"caption\":\"Ghostysky\"},\"image\":{\"@id\":\"https:\/\/www.ghostysky.com\/#\/schema\/logo\/image\/\"},\"sameAs\":[\"https:\/\/www.facebook.com\/people\/Ghostysky\/100057676170234\/\",\"https:\/\/x.com\/Gh0stysky\",\"https:\/\/www.linkedin.com\/company\/34739653\",\"https:\/\/www.instagram.com\/gh0stysky\"]}]}<\/script>\n<!-- \/ Yoast SEO plugin. -->","yoast_head_json":{"title":"C\u00e1mara de visi\u00f3n nocturna con card\u00e1n de 2 ejes resistente al agua GC2-S -","description":"GC2-S es un m\u00f3dulo con c\u00e1mara de visi\u00f3n nocturna de 2 ejes especialmente dise\u00f1ado para operaciones con poca luz. C\u00e1mara compatible con Splash Drone 4 resistente al agua.","robots":{"index":"index","follow":"follow","max-snippet":"max-snippet:-1","max-image-preview":"max-image-preview:large","max-video-preview":"max-video-preview:-1"},"canonical":"https:\/\/www.ghostysky.com\/es\/producto-2\/gc2-s-waterproof-2-axis-gimbal-night-vision-camera\/","og_locale":"es_ES","og_type":"article","og_title":"GC2-S Waterproof 2-Axis Gimbal Night-vision Camera -","og_description":"GC2-S is a module with a 2-axis night vision camera specially designed for operations with low light.Camera compatible with waterproof Splash Drone 4.","og_url":"https:\/\/www.ghostysky.com\/es\/producto-2\/gc2-s-waterproof-2-axis-gimbal-night-vision-camera\/","og_site_name":"Ghostysky","article_publisher":"https:\/\/www.facebook.com\/people\/Ghostysky\/100057676170234\/","article_modified_time":"2025-12-17T17:15:11+00:00","og_image":[{"width":800,"height":800,"url":"https:\/\/www.ghostysky.com\/wp-content\/uploads\/2022\/03\/2-axis-night-vision-camera-1_1500x.webp","type":"image\/webp"}],"twitter_card":"summary_large_image","twitter_site":"@Gh0stysky","twitter_misc":{"Tiempo de lectura":"1 minuto"},"schema":{"@context":"https:\/\/schema.org","@graph":[{"@type":"WebPage","@id":"https:\/\/www.ghostysky.com\/product\/gc2-s-waterproof-2-axis-gimbal-night-vision-camera\/","url":"https:\/\/www.ghostysky.com\/product\/gc2-s-waterproof-2-axis-gimbal-night-vision-camera\/","name":"C\u00e1mara de visi\u00f3n nocturna con card\u00e1n de 2 ejes resistente al agua GC2-S -","isPartOf":{"@id":"https:\/\/www.ghostysky.com\/#website"},"primaryImageOfPage":{"@id":"https:\/\/www.ghostysky.com\/product\/gc2-s-waterproof-2-axis-gimbal-night-vision-camera\/#primaryimage"},"image":{"@id":"https:\/\/www.ghostysky.com\/product\/gc2-s-waterproof-2-axis-gimbal-night-vision-camera\/#primaryimage"},"thumbnailUrl":"https:\/\/www.ghostysky.com\/wp-content\/uploads\/2022\/03\/2-axis-night-vision-camera-1_1500x.webp","datePublished":"2022-03-23T14:54:00+00:00","dateModified":"2025-12-17T17:15:11+00:00","description":"GC2-S es un m\u00f3dulo con c\u00e1mara de visi\u00f3n nocturna de 2 ejes especialmente dise\u00f1ado para operaciones con poca luz. C\u00e1mara compatible con Splash Drone 4 resistente al agua.","breadcrumb":{"@id":"https:\/\/www.ghostysky.com\/product\/gc2-s-waterproof-2-axis-gimbal-night-vision-camera\/#breadcrumb"},"inLanguage":"es","potentialAction":[{"@type":"ReadAction","target":["https:\/\/www.ghostysky.com\/product\/gc2-s-waterproof-2-axis-gimbal-night-vision-camera\/"]}]},{"@type":"ImageObject","inLanguage":"es","@id":"https:\/\/www.ghostysky.com\/product\/gc2-s-waterproof-2-axis-gimbal-night-vision-camera\/#primaryimage","url":"https:\/\/www.ghostysky.com\/wp-content\/uploads\/2022\/03\/2-axis-night-vision-camera-1_1500x.webp","contentUrl":"https:\/\/www.ghostysky.com\/wp-content\/uploads\/2022\/03\/2-axis-night-vision-camera-1_1500x.webp","width":800,"height":800},{"@type":"BreadcrumbList","@id":"https:\/\/www.ghostysky.com\/product\/gc2-s-waterproof-2-axis-gimbal-night-vision-camera\/#breadcrumb","itemListElement":[{"@type":"ListItem","position":1,"name":"Home","item":"https:\/\/www.ghostysky.com\/"},{"@type":"ListItem","position":2,"name":"Shop","item":"https:\/\/www.ghostysky.com\/shop\/"},{"@type":"ListItem","position":3,"name":"GC2-S Waterproof 2-Axis Gimbal Night-vision Camera"}]},{"@type":"WebSite","@id":"https:\/\/www.ghostysky.com\/#website","url":"https:\/\/www.ghostysky.com\/","name":"Ghostysky","description":"Entrega de drones y servicios profesionales","publisher":{"@id":"https:\/\/www.ghostysky.com\/#organization"},"potentialAction":[{"@type":"SearchAction","target":{"@type":"EntryPoint","urlTemplate":"https:\/\/www.ghostysky.com\/?s={search_term_string}"},"query-input":{"@type":"PropertyValueSpecification","valueRequired":true,"valueName":"search_term_string"}}],"inLanguage":"es"},{"@type":"Organization","@id":"https:\/\/www.ghostysky.com\/#organization","name":"Ghostysky","url":"https:\/\/www.ghostysky.com\/","logo":{"@type":"ImageObject","inLanguage":"es","@id":"https:\/\/www.ghostysky.com\/#\/schema\/logo\/image\/","url":"https:\/\/www.ghostysky.com\/wp-content\/uploads\/2020\/06\/cropped-ghostyskylogo_text_white2.png","contentUrl":"https:\/\/www.ghostysky.com\/wp-content\/uploads\/2020\/06\/cropped-ghostyskylogo_text_white2.png","width":169,"height":56,"caption":"Ghostysky"},"image":{"@id":"https:\/\/www.ghostysky.com\/#\/schema\/logo\/image\/"},"sameAs":["https:\/\/www.facebook.com\/people\/Ghostysky\/100057676170234\/","https:\/\/x.com\/Gh0stysky","https:\/\/www.linkedin.com\/company\/34739653","https:\/\/www.instagram.com\/gh0stysky"]}]}},"_links":{"self":[{"href":"https:\/\/www.ghostysky.com\/es\/wp-json\/wp\/v2\/product\/6239","targetHints":{"allow":["GET"]}}],"collection":[{"href":"https:\/\/www.ghostysky.com\/es\/wp-json\/wp\/v2\/product"}],"about":[{"href":"https:\/\/www.ghostysky.com\/es\/wp-json\/wp\/v2\/types\/product"}],"replies":[{"embeddable":true,"href":"https:\/\/www.ghostysky.com\/es\/wp-json\/wp\/v2\/comments?post=6239"}],"wp:featuredmedia":[{"embeddable":true,"href":"https:\/\/www.ghostysky.com\/es\/wp-json\/wp\/v2\/media\/6240"}],"wp:attachment":[{"href":"https:\/\/www.ghostysky.com\/es\/wp-json\/wp\/v2\/media?parent=6239"}],"wp:term":[{"taxonomy":"product_brand","embeddable":true,"href":"https:\/\/www.ghostysky.com\/es\/wp-json\/wp\/v2\/product_brand?post=6239"},{"taxonomy":"product_cat","embeddable":true,"href":"https:\/\/www.ghostysky.com\/es\/wp-json\/wp\/v2\/product_cat?post=6239"},{"taxonomy":"product_tag","embeddable":true,"href":"https:\/\/www.ghostysky.com\/es\/wp-json\/wp\/v2\/product_tag?post=6239"}],"curies":[{"name":"wp","href":"https:\/\/api.w.org\/{rel}","templated":true}]}}