{"id":6253,"date":"2022-03-23T15:57:19","date_gmt":"2022-03-23T15:57:19","guid":{"rendered":"https:\/\/www.ghostysky.com\/?post_type=product&#038;p=6253"},"modified":"2023-12-20T08:03:36","modified_gmt":"2023-12-20T08:03:36","slug":"swellpro-smart-car-charger","status":"publish","type":"product","link":"https:\/\/www.ghostysky.com\/es\/product\/swellpro-smart-car-charger\/","title":{"rendered":"Cargador de coche inteligente Swellpro"},"content":{"rendered":"<p><img fetchpriority=\"high\" decoding=\"async\" src=\"datos:imagen\/gif;base64,R0lGODlhAQABAAAAACH5BAEKAAEALAAAAAABAAEAAAICTAEAOw==\" alt=\"\" width=\"594\" height=\"336\" class=\"lazyload\" data-src=\"datos:imagen\/gif;base64,R0lGODlhAQABAAAAACH5BAEKAAEALAAAAAABAAEAAAICTAEAOw==\"><\/p>\n<div class=\"table-wrapper\">\n<table id=\"product-attribute-specs-table\" class=\"data-table table\">\n<tbody>\n<tr class=\"first odd\">\n<th class=\"label\" style=\"text-align: left; width: 90.671875px;\">Descripci\u00f3n general<\/th>\n<td class=\"data last translation-block\" style=\"width: 444.328125px;\"><strong>El cargador de autom\u00f3vil inteligente Swellpro<\/strong> ofrece una soluci\u00f3n rentable para ayudarlo a mantener la bater\u00eda de su dron en las mejores condiciones, aumentar la vida \u00fatil de la bater\u00eda y darse cuenta de que puede <strong>cargar libremente la bater\u00eda del dron en cualquier lugar<\/strong> .<\/td>\n<\/tr>\n<tr class=\"first odd\">\n<th class=\"label\" style=\"text-align: left; width: 90.671875px;\">Especificaci\u00f3n<\/th>\n<td class=\"data last\" style=\"width: 444.328125px;\">Voltaje de entrada: 10-30V CC<br \/>\nVoltaje de salida: 1,0-30,0 V CC<br \/>\nm\u00e1x. corriente de entrada: 9A<br \/>\nCorriente de equilibrio: 0,5 A\/celda m\u00e1x.<br \/>\nCorriente de carga: 0,1 \u2013 8,0 A<br \/>\nCorriente de descarga: 0,1 \u2013 1,0 A<br \/>\nm\u00e1x. potencia de carga: 200 W<br \/>\nm\u00e1x. potencia de descarga: 10 W<br \/>\nAlarma de voltaje anormal: Soporte<br \/>\nAlarma de configuraci\u00f3n de conteo de celdas incorrecta: Soporte<br \/>\nTipos de bater\u00eda y celda compatibles: LiFe, LiIon, LiPo, LiHv 1~6S;<br \/>\nPb 1~12S; NiMH\/Cd 1~16S<br \/>\nTemperatura de trabajo: 0 \u2013 40 \u2103<br \/>\nTemperatura de almacenamiento: -20 \u2013 60 \u2103<br \/>\nDimensi\u00f3n: 72x72x32 mm<br \/>\nPeso: 120g<br \/>\nLongitud del cable: 2 m<\/td>\n<\/tr>\n<tr class=\"first odd\">\n<th class=\"label\" style=\"text-align: left; width: 90.671875px;\">Importante<\/th>\n<td class=\"data last\" style=\"width: 444.328125px;\">Mantenga el motor del autom\u00f3vil en marcha mientras carga la bater\u00eda del dron con el cargador del autom\u00f3vil para evitar que se agote la bater\u00eda del autom\u00f3vil.<\/td>\n<\/tr>\n<tr class=\"first odd\">\n<th class=\"label\" style=\"text-align: left; width: 90.671875px;\">En el cuadro<\/th>\n<td class=\"data last\" style=\"width: 444.328125px;\">Cargador de coche inteligente x 1 juego<\/td>\n<\/tr>\n<tr class=\"first odd\">\n<th class=\"label\" style=\"text-align: left; width: 90.671875px;\">Compatibilidad<\/th>\n<td class=\"data last\" style=\"width: 444.328125px;\">SplashDrone 4, pescador FD1<\/td>\n<\/tr>\n<\/tbody>\n<\/table>\n<\/div>","protected":false},"excerpt":{"rendered":"<p class=\"translation-block\"><strong>El cargador de autom\u00f3vil inteligente Swellpro<\/strong> ofrece una soluci\u00f3n rentable para ayudarlo a mantener la bater\u00eda de su dron en las mejores condiciones, aumentar la vida \u00fatil de la bater\u00eda y darse cuenta de que puede <strong>cargar libremente la bater\u00eda del dron en cualquier lugar<\/strong> .<\/p>","protected":false},"featured_media":6256,"comment_status":"open","ping_status":"closed","template":"","meta":[],"product_brand":[],"product_cat":[305,29,278],"product_tag":[69,329,279],"class_list":{"0":"post-6253","1":"product","2":"type-product","3":"status-publish","4":"has-post-thumbnail","6":"product_cat-accessories-swellpro","7":"product_cat-drones","8":"product_cat-swellpro","9":"product_tag-battery","10":"product_tag-car-charger","11":"product_tag-swellpro","13":"first","14":"onbackorder","15":"taxable","16":"shipping-taxable","17":"product-type-simple"},"yoast_head":"<!-- This site is optimized with the Yoast SEO plugin v27.1.1 - https:\/\/yoast.com\/product\/yoast-seo-wordpress\/ -->\n<title>Swellpro Smart Car Charger -<\/title>\n<meta name=\"description\" content=\"Swellpro smart car charger offers a cost-effective solution to assist in keeping your drone battery in top condition, increasing the lifespan of the battery, and realizing that you can freely charge the drone battery at any location.\" \/>\n<meta name=\"robots\" content=\"index, follow, max-snippet:-1, max-image-preview:large, max-video-preview:-1\" \/>\n<link rel=\"canonical\" href=\"https:\/\/www.ghostysky.com\/es\/producto-2\/swellpro-smart-car-charger\/\" \/>\n<meta property=\"og:locale\" content=\"es_ES\" \/>\n<meta property=\"og:type\" content=\"article\" \/>\n<meta property=\"og:title\" content=\"Swellpro Smart Car Charger -\" \/>\n<meta property=\"og:description\" content=\"Swellpro smart car charger offers a cost-effective solution to assist in keeping your drone battery in top condition, increasing the lifespan of the battery, and realizing that you can freely charge the drone battery at any location.\" \/>\n<meta property=\"og:url\" content=\"https:\/\/www.ghostysky.com\/es\/producto-2\/swellpro-smart-car-charger\/\" \/>\n<meta property=\"og:site_name\" content=\"Ghostysky\" \/>\n<meta property=\"article:publisher\" content=\"https:\/\/www.facebook.com\/people\/Ghostysky\/100057676170234\/\" \/>\n<meta property=\"article:modified_time\" content=\"2023-12-20T08:03:36+00:00\" \/>\n<meta property=\"og:image\" content=\"https:\/\/www.ghostysky.com\/wp-content\/uploads\/2022\/03\/Swellpro-Shopify-Smart-Car-Charger-main-photos-04_1500x.webp\" \/>\n\t<meta property=\"og:image:width\" content=\"1000\" \/>\n\t<meta property=\"og:image:height\" content=\"1000\" \/>\n\t<meta property=\"og:image:type\" content=\"image\/webp\" \/>\n<meta name=\"twitter:card\" content=\"summary_large_image\" \/>\n<meta name=\"twitter:site\" content=\"@Gh0stysky\" \/>\n<meta name=\"twitter:label1\" content=\"Tiempo de lectura\" \/>\n\t<meta name=\"twitter:data1\" content=\"1 minuto\" \/>\n<script type=\"application\/ld+json\" class=\"yoast-schema-graph\">{\"@context\":\"https:\/\/schema.org\",\"@graph\":[{\"@type\":\"WebPage\",\"@id\":\"https:\/\/www.ghostysky.com\/product\/swellpro-smart-car-charger\/\",\"url\":\"https:\/\/www.ghostysky.com\/product\/swellpro-smart-car-charger\/\",\"name\":\"Swellpro Smart Car Charger -\",\"isPartOf\":{\"@id\":\"https:\/\/www.ghostysky.com\/#website\"},\"primaryImageOfPage\":{\"@id\":\"https:\/\/www.ghostysky.com\/product\/swellpro-smart-car-charger\/#primaryimage\"},\"image\":{\"@id\":\"https:\/\/www.ghostysky.com\/product\/swellpro-smart-car-charger\/#primaryimage\"},\"thumbnailUrl\":\"https:\/\/www.ghostysky.com\/wp-content\/uploads\/2022\/03\/Swellpro-Shopify-Smart-Car-Charger-main-photos-04_1500x.webp\",\"datePublished\":\"2022-03-23T15:57:19+00:00\",\"dateModified\":\"2023-12-20T08:03:36+00:00\",\"description\":\"Swellpro smart car charger offers a cost-effective solution to assist in keeping your drone battery in top condition, increasing the lifespan of the battery, and realizing that you can freely charge the drone battery at any location.\",\"breadcrumb\":{\"@id\":\"https:\/\/www.ghostysky.com\/product\/swellpro-smart-car-charger\/#breadcrumb\"},\"inLanguage\":\"es\",\"potentialAction\":[{\"@type\":\"ReadAction\",\"target\":[\"https:\/\/www.ghostysky.com\/product\/swellpro-smart-car-charger\/\"]}]},{\"@type\":\"ImageObject\",\"inLanguage\":\"es\",\"@id\":\"https:\/\/www.ghostysky.com\/product\/swellpro-smart-car-charger\/#primaryimage\",\"url\":\"https:\/\/www.ghostysky.com\/wp-content\/uploads\/2022\/03\/Swellpro-Shopify-Smart-Car-Charger-main-photos-04_1500x.webp\",\"contentUrl\":\"https:\/\/www.ghostysky.com\/wp-content\/uploads\/2022\/03\/Swellpro-Shopify-Smart-Car-Charger-main-photos-04_1500x.webp\",\"width\":1000,\"height\":1000},{\"@type\":\"BreadcrumbList\",\"@id\":\"https:\/\/www.ghostysky.com\/product\/swellpro-smart-car-charger\/#breadcrumb\",\"itemListElement\":[{\"@type\":\"ListItem\",\"position\":1,\"name\":\"Home\",\"item\":\"https:\/\/www.ghostysky.com\/\"},{\"@type\":\"ListItem\",\"position\":2,\"name\":\"Shop\",\"item\":\"https:\/\/www.ghostysky.com\/shop\/\"},{\"@type\":\"ListItem\",\"position\":3,\"name\":\"Swellpro Smart Car Charger\"}]},{\"@type\":\"WebSite\",\"@id\":\"https:\/\/www.ghostysky.com\/#website\",\"url\":\"https:\/\/www.ghostysky.com\/\",\"name\":\"Ghostysky\",\"description\":\"Delivering professional drones and services\",\"publisher\":{\"@id\":\"https:\/\/www.ghostysky.com\/#organization\"},\"potentialAction\":[{\"@type\":\"SearchAction\",\"target\":{\"@type\":\"EntryPoint\",\"urlTemplate\":\"https:\/\/www.ghostysky.com\/?s={search_term_string}\"},\"query-input\":{\"@type\":\"PropertyValueSpecification\",\"valueRequired\":true,\"valueName\":\"search_term_string\"}}],\"inLanguage\":\"es\"},{\"@type\":\"Organization\",\"@id\":\"https:\/\/www.ghostysky.com\/#organization\",\"name\":\"Ghostysky\",\"url\":\"https:\/\/www.ghostysky.com\/\",\"logo\":{\"@type\":\"ImageObject\",\"inLanguage\":\"es\",\"@id\":\"https:\/\/www.ghostysky.com\/#\/schema\/logo\/image\/\",\"url\":\"https:\/\/www.ghostysky.com\/wp-content\/uploads\/2020\/06\/cropped-ghostyskylogo_text_white2.png\",\"contentUrl\":\"https:\/\/www.ghostysky.com\/wp-content\/uploads\/2020\/06\/cropped-ghostyskylogo_text_white2.png\",\"width\":169,\"height\":56,\"caption\":\"Ghostysky\"},\"image\":{\"@id\":\"https:\/\/www.ghostysky.com\/#\/schema\/logo\/image\/\"},\"sameAs\":[\"https:\/\/www.facebook.com\/people\/Ghostysky\/100057676170234\/\",\"https:\/\/x.com\/Gh0stysky\",\"https:\/\/www.linkedin.com\/company\/34739653\",\"https:\/\/www.instagram.com\/gh0stysky\"]}]}<\/script>\n<!-- \/ Yoast SEO plugin. -->","yoast_head_json":{"title":"Cargador de coche inteligente Swellpro -","description":"El cargador para autom\u00f3vil inteligente Swellpro ofrece una soluci\u00f3n rentable para ayudar a mantener la bater\u00eda de su dron en \u00f3ptimas condiciones, aumentar la vida \u00fatil de la bater\u00eda y darse cuenta de que puede cargar libremente la bater\u00eda del dron en cualquier lugar.","robots":{"index":"index","follow":"follow","max-snippet":"max-snippet:-1","max-image-preview":"max-image-preview:large","max-video-preview":"max-video-preview:-1"},"canonical":"https:\/\/www.ghostysky.com\/es\/producto-2\/swellpro-smart-car-charger\/","og_locale":"es_ES","og_type":"article","og_title":"Swellpro Smart Car Charger -","og_description":"Swellpro smart car charger offers a cost-effective solution to assist in keeping your drone battery in top condition, increasing the lifespan of the battery, and realizing that you can freely charge the drone battery at any location.","og_url":"https:\/\/www.ghostysky.com\/es\/producto-2\/swellpro-smart-car-charger\/","og_site_name":"Ghostysky","article_publisher":"https:\/\/www.facebook.com\/people\/Ghostysky\/100057676170234\/","article_modified_time":"2023-12-20T08:03:36+00:00","og_image":[{"width":1000,"height":1000,"url":"https:\/\/www.ghostysky.com\/wp-content\/uploads\/2022\/03\/Swellpro-Shopify-Smart-Car-Charger-main-photos-04_1500x.webp","type":"image\/webp"}],"twitter_card":"summary_large_image","twitter_site":"@Gh0stysky","twitter_misc":{"Tiempo de lectura":"1 minuto"},"schema":{"@context":"https:\/\/schema.org","@graph":[{"@type":"WebPage","@id":"https:\/\/www.ghostysky.com\/product\/swellpro-smart-car-charger\/","url":"https:\/\/www.ghostysky.com\/product\/swellpro-smart-car-charger\/","name":"Cargador de coche inteligente Swellpro -","isPartOf":{"@id":"https:\/\/www.ghostysky.com\/#website"},"primaryImageOfPage":{"@id":"https:\/\/www.ghostysky.com\/product\/swellpro-smart-car-charger\/#primaryimage"},"image":{"@id":"https:\/\/www.ghostysky.com\/product\/swellpro-smart-car-charger\/#primaryimage"},"thumbnailUrl":"https:\/\/www.ghostysky.com\/wp-content\/uploads\/2022\/03\/Swellpro-Shopify-Smart-Car-Charger-main-photos-04_1500x.webp","datePublished":"2022-03-23T15:57:19+00:00","dateModified":"2023-12-20T08:03:36+00:00","description":"El cargador para autom\u00f3vil inteligente Swellpro ofrece una soluci\u00f3n rentable para ayudar a mantener la bater\u00eda de su dron en \u00f3ptimas condiciones, aumentar la vida \u00fatil de la bater\u00eda y darse cuenta de que puede cargar libremente la bater\u00eda del dron en cualquier lugar.","breadcrumb":{"@id":"https:\/\/www.ghostysky.com\/product\/swellpro-smart-car-charger\/#breadcrumb"},"inLanguage":"es","potentialAction":[{"@type":"ReadAction","target":["https:\/\/www.ghostysky.com\/product\/swellpro-smart-car-charger\/"]}]},{"@type":"ImageObject","inLanguage":"es","@id":"https:\/\/www.ghostysky.com\/product\/swellpro-smart-car-charger\/#primaryimage","url":"https:\/\/www.ghostysky.com\/wp-content\/uploads\/2022\/03\/Swellpro-Shopify-Smart-Car-Charger-main-photos-04_1500x.webp","contentUrl":"https:\/\/www.ghostysky.com\/wp-content\/uploads\/2022\/03\/Swellpro-Shopify-Smart-Car-Charger-main-photos-04_1500x.webp","width":1000,"height":1000},{"@type":"BreadcrumbList","@id":"https:\/\/www.ghostysky.com\/product\/swellpro-smart-car-charger\/#breadcrumb","itemListElement":[{"@type":"ListItem","position":1,"name":"Home","item":"https:\/\/www.ghostysky.com\/"},{"@type":"ListItem","position":2,"name":"Shop","item":"https:\/\/www.ghostysky.com\/shop\/"},{"@type":"ListItem","position":3,"name":"Swellpro Smart Car Charger"}]},{"@type":"WebSite","@id":"https:\/\/www.ghostysky.com\/#website","url":"https:\/\/www.ghostysky.com\/","name":"Ghostysky","description":"Entrega de drones y servicios profesionales","publisher":{"@id":"https:\/\/www.ghostysky.com\/#organization"},"potentialAction":[{"@type":"SearchAction","target":{"@type":"EntryPoint","urlTemplate":"https:\/\/www.ghostysky.com\/?s={search_term_string}"},"query-input":{"@type":"PropertyValueSpecification","valueRequired":true,"valueName":"search_term_string"}}],"inLanguage":"es"},{"@type":"Organization","@id":"https:\/\/www.ghostysky.com\/#organization","name":"Ghostysky","url":"https:\/\/www.ghostysky.com\/","logo":{"@type":"ImageObject","inLanguage":"es","@id":"https:\/\/www.ghostysky.com\/#\/schema\/logo\/image\/","url":"https:\/\/www.ghostysky.com\/wp-content\/uploads\/2020\/06\/cropped-ghostyskylogo_text_white2.png","contentUrl":"https:\/\/www.ghostysky.com\/wp-content\/uploads\/2020\/06\/cropped-ghostyskylogo_text_white2.png","width":169,"height":56,"caption":"Ghostysky"},"image":{"@id":"https:\/\/www.ghostysky.com\/#\/schema\/logo\/image\/"},"sameAs":["https:\/\/www.facebook.com\/people\/Ghostysky\/100057676170234\/","https:\/\/x.com\/Gh0stysky","https:\/\/www.linkedin.com\/company\/34739653","https:\/\/www.instagram.com\/gh0stysky"]}]}},"_links":{"self":[{"href":"https:\/\/www.ghostysky.com\/es\/wp-json\/wp\/v2\/product\/6253","targetHints":{"allow":["GET"]}}],"collection":[{"href":"https:\/\/www.ghostysky.com\/es\/wp-json\/wp\/v2\/product"}],"about":[{"href":"https:\/\/www.ghostysky.com\/es\/wp-json\/wp\/v2\/types\/product"}],"replies":[{"embeddable":true,"href":"https:\/\/www.ghostysky.com\/es\/wp-json\/wp\/v2\/comments?post=6253"}],"wp:featuredmedia":[{"embeddable":true,"href":"https:\/\/www.ghostysky.com\/es\/wp-json\/wp\/v2\/media\/6256"}],"wp:attachment":[{"href":"https:\/\/www.ghostysky.com\/es\/wp-json\/wp\/v2\/media?parent=6253"}],"wp:term":[{"taxonomy":"product_brand","embeddable":true,"href":"https:\/\/www.ghostysky.com\/es\/wp-json\/wp\/v2\/product_brand?post=6253"},{"taxonomy":"product_cat","embeddable":true,"href":"https:\/\/www.ghostysky.com\/es\/wp-json\/wp\/v2\/product_cat?post=6253"},{"taxonomy":"product_tag","embeddable":true,"href":"https:\/\/www.ghostysky.com\/es\/wp-json\/wp\/v2\/product_tag?post=6253"}],"curies":[{"name":"wp","href":"https:\/\/api.w.org\/{rel}","templated":true}]}}