{"id":6260,"date":"2022-03-23T16:09:04","date_gmt":"2022-03-23T16:09:04","guid":{"rendered":"https:\/\/www.ghostysky.com\/?post_type=product&#038;p=6260"},"modified":"2025-12-17T16:52:10","modified_gmt":"2025-12-17T16:52:10","slug":"swellpro-automatic-inflatable-lifebuoy","status":"publish","type":"product","link":"https:\/\/www.ghostysky.com\/es\/product\/swellpro-automatic-inflatable-lifebuoy\/","title":{"rendered":"Aro salvavidas inflable autom\u00e1tico Swellpro"},"content":{"rendered":"<table id=\"product-attribute-specs-table\" class=\"data-table table\">\n<tbody>\n<tr class=\"first odd\">\n<th class=\"label\">Descripci\u00f3n general<\/th>\n<td class=\"data last\">Aro salvavidas ligero y duradero especialmente dise\u00f1ado para drones Swellpro.<br \/>\nMucho m\u00e1s eficiente en comparaci\u00f3n con el chaleco salvavidas.<\/td>\n<\/tr>\n<tr class=\"first odd\">\n<th class=\"label\">Especificaciones<\/th>\n<td class=\"data last\">Peso: 366g<br \/>\nTama\u00f1o: 205*100*65mm<br \/>\nMaterial: Poli\u00e9ster Oxford neopreno<br \/>\nMaterial de la bolsa de aire: nailon + TPU.<br \/>\nTiempo de inflaci\u00f3n: menos de 5 s<br \/>\nFlotabilidad: 150 N<br \/>\nTiempo de flotabilidad: m\u00e1s de 48 horas<br \/>\nP\u00e9rdida de flotabilidad despu\u00e9s de 24 horas: \u22645%<br \/>\nPeso del di\u00f3xido de carbono: 3 \/ 8-24UNF, 24 g<\/td>\n<\/tr>\n<tr class=\"first odd\">\n<th class=\"label\">En el cuadro<\/th>\n<td class=\"data last\">Boya salvavidas sin botella de gas \u00d7 1<\/td>\n<\/tr>\n<tr class=\"first odd\">\n<th class=\"label\">Compatibilidad<\/th>\n<td class=\"data last\">Splashdrone 4, Pescador FD1, Spry+<\/td>\n<\/tr>\n<\/tbody>\n<\/table>","protected":false},"excerpt":{"rendered":"<p class=\"translation-block\"><strong>Anillo salvavidas<\/strong> ligero y duradero especialmente dise\u00f1ado para ser transportado con drones.<\/p>\n<ul>\n<li>Plegado autom\u00e1tico en contacto con el agua.<\/li>\n<li>Ideal para soltar desde un dron.<\/li>\n<li>Correa para sujeci\u00f3n al cuerpo.<\/li>\n<li>Ideal para rescate en aguas abiertas.<\/li>\n<li>Construido con materiales resistentes para mejorar la durabilidad.<\/li>\n<li>Muy ligero.<\/li>\n<\/ul>\n<p class=\"translation-block\">La boya no incluye <strong>cartuchos de carga de CO2 para el sistema de autoinflado<\/strong> , pero es compatible con los cartuchos de CO2 (16g) Restube.<\/p>","protected":false},"featured_media":6261,"comment_status":"open","ping_status":"closed","template":"","meta":[],"product_brand":[1310],"product_cat":[305,29,278],"product_tag":[331,330,279],"class_list":{"0":"post-6260","1":"product","2":"type-product","3":"status-publish","4":"has-post-thumbnail","6":"product_brand-swellpro","7":"product_cat-accessories-swellpro","8":"product_cat-drones","9":"product_cat-swellpro","10":"product_tag-inflatable-lifebuoy","11":"product_tag-lifeguard","12":"product_tag-swellpro","14":"first","15":"instock","16":"sale","17":"taxable","18":"shipping-taxable","19":"purchasable","20":"product-type-simple"},"yoast_head":"<!-- This site is optimized with the Yoast SEO plugin v27.1.1 - https:\/\/yoast.com\/product\/yoast-seo-wordpress\/ -->\n<title>Swellpro automatic Inflatable Lifebuoy -<\/title>\n<meta name=\"description\" content=\"Light and durable lifeguard ring specially designed to be transported with drones.Automatic folding in contact with water.\" \/>\n<meta name=\"robots\" content=\"index, follow, max-snippet:-1, max-image-preview:large, max-video-preview:-1\" \/>\n<link rel=\"canonical\" href=\"https:\/\/www.ghostysky.com\/es\/producto-2\/swellpro-automatic-inflatable-lifebuoy\/\" \/>\n<meta property=\"og:locale\" content=\"es_ES\" \/>\n<meta property=\"og:type\" content=\"article\" \/>\n<meta property=\"og:title\" content=\"Swellpro automatic Inflatable Lifebuoy -\" \/>\n<meta property=\"og:description\" content=\"Light and durable lifeguard ring specially designed to be transported with drones.Automatic folding in contact with water.\" \/>\n<meta property=\"og:url\" content=\"https:\/\/www.ghostysky.com\/es\/producto-2\/swellpro-automatic-inflatable-lifebuoy\/\" \/>\n<meta property=\"og:site_name\" content=\"Ghostysky\" \/>\n<meta property=\"article:publisher\" content=\"https:\/\/www.facebook.com\/people\/Ghostysky\/100057676170234\/\" \/>\n<meta property=\"article:modified_time\" content=\"2025-12-17T16:52:10+00:00\" \/>\n<meta property=\"og:image\" content=\"https:\/\/www.ghostysky.com\/wp-content\/uploads\/2022\/03\/04_1500x.webp\" \/>\n\t<meta property=\"og:image:width\" content=\"1000\" \/>\n\t<meta property=\"og:image:height\" content=\"1000\" \/>\n\t<meta property=\"og:image:type\" content=\"image\/webp\" \/>\n<meta name=\"twitter:card\" content=\"summary_large_image\" \/>\n<meta name=\"twitter:site\" content=\"@Gh0stysky\" \/>\n<meta name=\"twitter:label1\" content=\"Tiempo de lectura\" \/>\n\t<meta name=\"twitter:data1\" content=\"1 minuto\" \/>\n<script type=\"application\/ld+json\" class=\"yoast-schema-graph\">{\"@context\":\"https:\/\/schema.org\",\"@graph\":[{\"@type\":\"WebPage\",\"@id\":\"https:\/\/www.ghostysky.com\/product\/swellpro-automatic-inflatable-lifebuoy\/\",\"url\":\"https:\/\/www.ghostysky.com\/product\/swellpro-automatic-inflatable-lifebuoy\/\",\"name\":\"Swellpro automatic Inflatable Lifebuoy -\",\"isPartOf\":{\"@id\":\"https:\/\/www.ghostysky.com\/#website\"},\"primaryImageOfPage\":{\"@id\":\"https:\/\/www.ghostysky.com\/product\/swellpro-automatic-inflatable-lifebuoy\/#primaryimage\"},\"image\":{\"@id\":\"https:\/\/www.ghostysky.com\/product\/swellpro-automatic-inflatable-lifebuoy\/#primaryimage\"},\"thumbnailUrl\":\"https:\/\/www.ghostysky.com\/wp-content\/uploads\/2022\/03\/04_1500x.webp\",\"datePublished\":\"2022-03-23T16:09:04+00:00\",\"dateModified\":\"2025-12-17T16:52:10+00:00\",\"description\":\"Light and durable lifeguard ring specially designed to be transported with drones.Automatic folding in contact with water.\",\"breadcrumb\":{\"@id\":\"https:\/\/www.ghostysky.com\/product\/swellpro-automatic-inflatable-lifebuoy\/#breadcrumb\"},\"inLanguage\":\"es\",\"potentialAction\":[{\"@type\":\"ReadAction\",\"target\":[\"https:\/\/www.ghostysky.com\/product\/swellpro-automatic-inflatable-lifebuoy\/\"]}]},{\"@type\":\"ImageObject\",\"inLanguage\":\"es\",\"@id\":\"https:\/\/www.ghostysky.com\/product\/swellpro-automatic-inflatable-lifebuoy\/#primaryimage\",\"url\":\"https:\/\/www.ghostysky.com\/wp-content\/uploads\/2022\/03\/04_1500x.webp\",\"contentUrl\":\"https:\/\/www.ghostysky.com\/wp-content\/uploads\/2022\/03\/04_1500x.webp\",\"width\":1000,\"height\":1000},{\"@type\":\"BreadcrumbList\",\"@id\":\"https:\/\/www.ghostysky.com\/product\/swellpro-automatic-inflatable-lifebuoy\/#breadcrumb\",\"itemListElement\":[{\"@type\":\"ListItem\",\"position\":1,\"name\":\"Home\",\"item\":\"https:\/\/www.ghostysky.com\/\"},{\"@type\":\"ListItem\",\"position\":2,\"name\":\"Shop\",\"item\":\"https:\/\/www.ghostysky.com\/shop\/\"},{\"@type\":\"ListItem\",\"position\":3,\"name\":\"Swellpro automatic Inflatable Lifebuoy\"}]},{\"@type\":\"WebSite\",\"@id\":\"https:\/\/www.ghostysky.com\/#website\",\"url\":\"https:\/\/www.ghostysky.com\/\",\"name\":\"Ghostysky\",\"description\":\"Delivering professional drones and services\",\"publisher\":{\"@id\":\"https:\/\/www.ghostysky.com\/#organization\"},\"potentialAction\":[{\"@type\":\"SearchAction\",\"target\":{\"@type\":\"EntryPoint\",\"urlTemplate\":\"https:\/\/www.ghostysky.com\/?s={search_term_string}\"},\"query-input\":{\"@type\":\"PropertyValueSpecification\",\"valueRequired\":true,\"valueName\":\"search_term_string\"}}],\"inLanguage\":\"es\"},{\"@type\":\"Organization\",\"@id\":\"https:\/\/www.ghostysky.com\/#organization\",\"name\":\"Ghostysky\",\"url\":\"https:\/\/www.ghostysky.com\/\",\"logo\":{\"@type\":\"ImageObject\",\"inLanguage\":\"es\",\"@id\":\"https:\/\/www.ghostysky.com\/#\/schema\/logo\/image\/\",\"url\":\"https:\/\/www.ghostysky.com\/wp-content\/uploads\/2020\/06\/cropped-ghostyskylogo_text_white2.png\",\"contentUrl\":\"https:\/\/www.ghostysky.com\/wp-content\/uploads\/2020\/06\/cropped-ghostyskylogo_text_white2.png\",\"width\":169,\"height\":56,\"caption\":\"Ghostysky\"},\"image\":{\"@id\":\"https:\/\/www.ghostysky.com\/#\/schema\/logo\/image\/\"},\"sameAs\":[\"https:\/\/www.facebook.com\/people\/Ghostysky\/100057676170234\/\",\"https:\/\/x.com\/Gh0stysky\",\"https:\/\/www.linkedin.com\/company\/34739653\",\"https:\/\/www.instagram.com\/gh0stysky\"]}]}<\/script>\n<!-- \/ Yoast SEO plugin. -->","yoast_head_json":{"title":"Aro salvavidas inflable autom\u00e1tico Swellpro -","description":"Anilla salvavidas ligera y duradera especialmente dise\u00f1ada para ser transportada con drones. Plegado autom\u00e1tico en contacto con el agua.","robots":{"index":"index","follow":"follow","max-snippet":"max-snippet:-1","max-image-preview":"max-image-preview:large","max-video-preview":"max-video-preview:-1"},"canonical":"https:\/\/www.ghostysky.com\/es\/producto-2\/swellpro-automatic-inflatable-lifebuoy\/","og_locale":"es_ES","og_type":"article","og_title":"Swellpro automatic Inflatable Lifebuoy -","og_description":"Light and durable lifeguard ring specially designed to be transported with drones.Automatic folding in contact with water.","og_url":"https:\/\/www.ghostysky.com\/es\/producto-2\/swellpro-automatic-inflatable-lifebuoy\/","og_site_name":"Ghostysky","article_publisher":"https:\/\/www.facebook.com\/people\/Ghostysky\/100057676170234\/","article_modified_time":"2025-12-17T16:52:10+00:00","og_image":[{"width":1000,"height":1000,"url":"https:\/\/www.ghostysky.com\/wp-content\/uploads\/2022\/03\/04_1500x.webp","type":"image\/webp"}],"twitter_card":"summary_large_image","twitter_site":"@Gh0stysky","twitter_misc":{"Tiempo de lectura":"1 minuto"},"schema":{"@context":"https:\/\/schema.org","@graph":[{"@type":"WebPage","@id":"https:\/\/www.ghostysky.com\/product\/swellpro-automatic-inflatable-lifebuoy\/","url":"https:\/\/www.ghostysky.com\/product\/swellpro-automatic-inflatable-lifebuoy\/","name":"Aro salvavidas inflable autom\u00e1tico Swellpro -","isPartOf":{"@id":"https:\/\/www.ghostysky.com\/#website"},"primaryImageOfPage":{"@id":"https:\/\/www.ghostysky.com\/product\/swellpro-automatic-inflatable-lifebuoy\/#primaryimage"},"image":{"@id":"https:\/\/www.ghostysky.com\/product\/swellpro-automatic-inflatable-lifebuoy\/#primaryimage"},"thumbnailUrl":"https:\/\/www.ghostysky.com\/wp-content\/uploads\/2022\/03\/04_1500x.webp","datePublished":"2022-03-23T16:09:04+00:00","dateModified":"2025-12-17T16:52:10+00:00","description":"Anilla salvavidas ligera y duradera especialmente dise\u00f1ada para ser transportada con drones. Plegado autom\u00e1tico en contacto con el agua.","breadcrumb":{"@id":"https:\/\/www.ghostysky.com\/product\/swellpro-automatic-inflatable-lifebuoy\/#breadcrumb"},"inLanguage":"es","potentialAction":[{"@type":"ReadAction","target":["https:\/\/www.ghostysky.com\/product\/swellpro-automatic-inflatable-lifebuoy\/"]}]},{"@type":"ImageObject","inLanguage":"es","@id":"https:\/\/www.ghostysky.com\/product\/swellpro-automatic-inflatable-lifebuoy\/#primaryimage","url":"https:\/\/www.ghostysky.com\/wp-content\/uploads\/2022\/03\/04_1500x.webp","contentUrl":"https:\/\/www.ghostysky.com\/wp-content\/uploads\/2022\/03\/04_1500x.webp","width":1000,"height":1000},{"@type":"BreadcrumbList","@id":"https:\/\/www.ghostysky.com\/product\/swellpro-automatic-inflatable-lifebuoy\/#breadcrumb","itemListElement":[{"@type":"ListItem","position":1,"name":"Home","item":"https:\/\/www.ghostysky.com\/"},{"@type":"ListItem","position":2,"name":"Shop","item":"https:\/\/www.ghostysky.com\/shop\/"},{"@type":"ListItem","position":3,"name":"Swellpro automatic Inflatable Lifebuoy"}]},{"@type":"WebSite","@id":"https:\/\/www.ghostysky.com\/#website","url":"https:\/\/www.ghostysky.com\/","name":"Ghostysky","description":"Entrega de drones y servicios profesionales","publisher":{"@id":"https:\/\/www.ghostysky.com\/#organization"},"potentialAction":[{"@type":"SearchAction","target":{"@type":"EntryPoint","urlTemplate":"https:\/\/www.ghostysky.com\/?s={search_term_string}"},"query-input":{"@type":"PropertyValueSpecification","valueRequired":true,"valueName":"search_term_string"}}],"inLanguage":"es"},{"@type":"Organization","@id":"https:\/\/www.ghostysky.com\/#organization","name":"Ghostysky","url":"https:\/\/www.ghostysky.com\/","logo":{"@type":"ImageObject","inLanguage":"es","@id":"https:\/\/www.ghostysky.com\/#\/schema\/logo\/image\/","url":"https:\/\/www.ghostysky.com\/wp-content\/uploads\/2020\/06\/cropped-ghostyskylogo_text_white2.png","contentUrl":"https:\/\/www.ghostysky.com\/wp-content\/uploads\/2020\/06\/cropped-ghostyskylogo_text_white2.png","width":169,"height":56,"caption":"Ghostysky"},"image":{"@id":"https:\/\/www.ghostysky.com\/#\/schema\/logo\/image\/"},"sameAs":["https:\/\/www.facebook.com\/people\/Ghostysky\/100057676170234\/","https:\/\/x.com\/Gh0stysky","https:\/\/www.linkedin.com\/company\/34739653","https:\/\/www.instagram.com\/gh0stysky"]}]}},"_links":{"self":[{"href":"https:\/\/www.ghostysky.com\/es\/wp-json\/wp\/v2\/product\/6260","targetHints":{"allow":["GET"]}}],"collection":[{"href":"https:\/\/www.ghostysky.com\/es\/wp-json\/wp\/v2\/product"}],"about":[{"href":"https:\/\/www.ghostysky.com\/es\/wp-json\/wp\/v2\/types\/product"}],"replies":[{"embeddable":true,"href":"https:\/\/www.ghostysky.com\/es\/wp-json\/wp\/v2\/comments?post=6260"}],"wp:featuredmedia":[{"embeddable":true,"href":"https:\/\/www.ghostysky.com\/es\/wp-json\/wp\/v2\/media\/6261"}],"wp:attachment":[{"href":"https:\/\/www.ghostysky.com\/es\/wp-json\/wp\/v2\/media?parent=6260"}],"wp:term":[{"taxonomy":"product_brand","embeddable":true,"href":"https:\/\/www.ghostysky.com\/es\/wp-json\/wp\/v2\/product_brand?post=6260"},{"taxonomy":"product_cat","embeddable":true,"href":"https:\/\/www.ghostysky.com\/es\/wp-json\/wp\/v2\/product_cat?post=6260"},{"taxonomy":"product_tag","embeddable":true,"href":"https:\/\/www.ghostysky.com\/es\/wp-json\/wp\/v2\/product_tag?post=6260"}],"curies":[{"name":"wp","href":"https:\/\/api.w.org\/{rel}","templated":true}]}}