{"id":6295,"date":"2022-03-23T17:02:32","date_gmt":"2022-03-23T17:02:32","guid":{"rendered":"https:\/\/www.ghostysky.com\/?post_type=product&#038;p=6295"},"modified":"2025-12-17T16:55:57","modified_gmt":"2025-12-17T16:55:57","slug":"swellpro-splashdrone-4-gimbal-extension-bar","status":"publish","type":"product","link":"https:\/\/www.ghostysky.com\/es\/product\/swellpro-splashdrone-4-gimbal-extension-bar\/","title":{"rendered":"Barra de extensi\u00f3n de card\u00e1n SwellPro SplashDrone 4"},"content":{"rendered":"<table id=\"product-attribute-specs-table\" class=\"data-table table\">\n<tbody>\n<tr class=\"first odd\">\n<th class=\"label\" style=\"text-align: left; width: 90.671875px;\">Descripci\u00f3n general<\/th>\n<td class=\"data last\" style=\"width: 444.328125px;\">La barra de extensi\u00f3n Gimbal est\u00e1 especialmente dise\u00f1ada para que Splashdrone 4 dispare libremente bajo el agua.<\/td>\n<\/tr>\n<tr class=\"first odd\">\n<th class=\"label\" style=\"text-align: left; width: 90.671875px;\">Peso<\/th>\n<td class=\"data last\" style=\"width: 444.328125px;\">366 gramos<\/td>\n<\/tr>\n<tr class=\"first odd\">\n<th class=\"label\" style=\"text-align: left; width: 90.671875px;\">Longitud<\/th>\n<td class=\"data last\" style=\"width: 444.328125px;\">40cm<\/td>\n<\/tr>\n<tr class=\"first odd\">\n<th class=\"label\" style=\"text-align: left; width: 90.671875px;\">Material<\/th>\n<td class=\"data last\" style=\"width: 444.328125px;\">Tubo de fibra de carbono y base de aluminio.<\/td>\n<\/tr>\n<tr class=\"first odd\">\n<th class=\"label\" style=\"text-align: left; width: 90.671875px;\">En el cuadro<\/th>\n<td class=\"data last\" style=\"width: 444.328125px;\">Barra de extensi\u00f3n de card\u00e1n x 1 Uds.<\/td>\n<\/tr>\n<tr class=\"first odd\">\n<th class=\"label\" style=\"text-align: left; width: 90.671875px;\">Compatibilidad<\/th>\n<td class=\"data last\" style=\"width: 444.328125px;\">Splash Drone 4<\/td>\n<\/tr>\n<\/tbody>\n<\/table>","protected":false},"excerpt":{"rendered":"<p><strong>Barra de extensi\u00f3n de card\u00e1n<\/strong> que est\u00e1 dise\u00f1ado espec\u00edficamente para <strong>el SplashDrone 4<\/strong>.<\/p>\n<p>le permite filmar pel\u00edculas y tomar fotos bajo el agua con facilidad, especialmente con el kit Boat adjunto.<\/p>\n<p><strong>Especificaci\u00f3n<\/strong><\/p>\n<ul>\n<li>Clasificaci\u00f3n IP67 a prueba de agua<\/li>\n<li>Peso: 366g<\/li>\n<li>Longitud: 40 cm<\/li>\n<li>Material: fibra de carbono y aluminio.<\/li>\n<\/ul>\n<p>&nbsp;<\/p>","protected":false},"featured_media":6296,"comment_status":"open","ping_status":"closed","template":"","meta":[],"product_brand":[1310],"product_cat":[305,29,278],"product_tag":[62,332,328],"class_list":{"0":"post-6295","1":"product","2":"type-product","3":"status-publish","4":"has-post-thumbnail","6":"product_brand-swellpro","7":"product_cat-accessories-swellpro","8":"product_cat-drones","9":"product_cat-swellpro","10":"product_tag-camera","11":"product_tag-gimbal-extension","12":"product_tag-splashdrone4","14":"first","15":"instock","16":"sale","17":"taxable","18":"shipping-taxable","19":"purchasable","20":"product-type-simple"},"yoast_head":"<!-- This site is optimized with the Yoast SEO plugin v27.1.1 - https:\/\/yoast.com\/product\/yoast-seo-wordpress\/ -->\n<title>SwellPro SplashDrone 4 Gimbal Extension Bar -<\/title>\n<meta name=\"description\" content=\"Gimbal Extension Bar that is specifically designed for the SplashDrone 4.it allows you to shoot film and take photo&#039;s underwater with ease, especially with the Boat kit attached.\" \/>\n<meta name=\"robots\" content=\"index, follow, max-snippet:-1, max-image-preview:large, max-video-preview:-1\" \/>\n<link rel=\"canonical\" href=\"https:\/\/www.ghostysky.com\/es\/producto-2\/swellpro-splashdrone-4-gimbal-extension-bar\/\" \/>\n<meta property=\"og:locale\" content=\"es_ES\" \/>\n<meta property=\"og:type\" content=\"article\" \/>\n<meta property=\"og:title\" content=\"SwellPro SplashDrone 4 Gimbal Extension Bar -\" \/>\n<meta property=\"og:description\" content=\"Gimbal Extension Bar that is specifically designed for the SplashDrone 4.it allows you to shoot film and take photo&#039;s underwater with ease, especially with the Boat kit attached.\" \/>\n<meta property=\"og:url\" content=\"https:\/\/www.ghostysky.com\/es\/producto-2\/swellpro-splashdrone-4-gimbal-extension-bar\/\" \/>\n<meta property=\"og:site_name\" content=\"Ghostysky\" \/>\n<meta property=\"article:publisher\" content=\"https:\/\/www.facebook.com\/people\/Ghostysky\/100057676170234\/\" \/>\n<meta property=\"article:modified_time\" content=\"2025-12-17T16:55:57+00:00\" \/>\n<meta property=\"og:image\" content=\"https:\/\/www.ghostysky.com\/wp-content\/uploads\/2022\/03\/SD4-accessory-gimbal-extension-bar-01_1500x.webp\" \/>\n\t<meta property=\"og:image:width\" content=\"800\" \/>\n\t<meta property=\"og:image:height\" content=\"800\" \/>\n\t<meta property=\"og:image:type\" content=\"image\/webp\" \/>\n<meta name=\"twitter:card\" content=\"summary_large_image\" \/>\n<meta name=\"twitter:site\" content=\"@Gh0stysky\" \/>\n<meta name=\"twitter:label1\" content=\"Tiempo de lectura\" \/>\n\t<meta name=\"twitter:data1\" content=\"1 minuto\" \/>\n<script type=\"application\/ld+json\" class=\"yoast-schema-graph\">{\"@context\":\"https:\/\/schema.org\",\"@graph\":[{\"@type\":\"WebPage\",\"@id\":\"https:\/\/www.ghostysky.com\/product\/swellpro-splashdrone-4-gimbal-extension-bar\/\",\"url\":\"https:\/\/www.ghostysky.com\/product\/swellpro-splashdrone-4-gimbal-extension-bar\/\",\"name\":\"SwellPro SplashDrone 4 Gimbal Extension Bar -\",\"isPartOf\":{\"@id\":\"https:\/\/www.ghostysky.com\/#website\"},\"primaryImageOfPage\":{\"@id\":\"https:\/\/www.ghostysky.com\/product\/swellpro-splashdrone-4-gimbal-extension-bar\/#primaryimage\"},\"image\":{\"@id\":\"https:\/\/www.ghostysky.com\/product\/swellpro-splashdrone-4-gimbal-extension-bar\/#primaryimage\"},\"thumbnailUrl\":\"https:\/\/www.ghostysky.com\/wp-content\/uploads\/2022\/03\/SD4-accessory-gimbal-extension-bar-01_1500x.webp\",\"datePublished\":\"2022-03-23T17:02:32+00:00\",\"dateModified\":\"2025-12-17T16:55:57+00:00\",\"description\":\"Gimbal Extension Bar that is specifically designed for the SplashDrone 4.it allows you to shoot film and take photo's underwater with ease, especially with the Boat kit attached.\",\"breadcrumb\":{\"@id\":\"https:\/\/www.ghostysky.com\/product\/swellpro-splashdrone-4-gimbal-extension-bar\/#breadcrumb\"},\"inLanguage\":\"es\",\"potentialAction\":[{\"@type\":\"ReadAction\",\"target\":[\"https:\/\/www.ghostysky.com\/product\/swellpro-splashdrone-4-gimbal-extension-bar\/\"]}]},{\"@type\":\"ImageObject\",\"inLanguage\":\"es\",\"@id\":\"https:\/\/www.ghostysky.com\/product\/swellpro-splashdrone-4-gimbal-extension-bar\/#primaryimage\",\"url\":\"https:\/\/www.ghostysky.com\/wp-content\/uploads\/2022\/03\/SD4-accessory-gimbal-extension-bar-01_1500x.webp\",\"contentUrl\":\"https:\/\/www.ghostysky.com\/wp-content\/uploads\/2022\/03\/SD4-accessory-gimbal-extension-bar-01_1500x.webp\",\"width\":800,\"height\":800},{\"@type\":\"BreadcrumbList\",\"@id\":\"https:\/\/www.ghostysky.com\/product\/swellpro-splashdrone-4-gimbal-extension-bar\/#breadcrumb\",\"itemListElement\":[{\"@type\":\"ListItem\",\"position\":1,\"name\":\"Home\",\"item\":\"https:\/\/www.ghostysky.com\/\"},{\"@type\":\"ListItem\",\"position\":2,\"name\":\"Shop\",\"item\":\"https:\/\/www.ghostysky.com\/shop\/\"},{\"@type\":\"ListItem\",\"position\":3,\"name\":\"SwellPro SplashDrone 4 Gimbal Extension Bar\"}]},{\"@type\":\"WebSite\",\"@id\":\"https:\/\/www.ghostysky.com\/#website\",\"url\":\"https:\/\/www.ghostysky.com\/\",\"name\":\"Ghostysky\",\"description\":\"Delivering professional drones and services\",\"publisher\":{\"@id\":\"https:\/\/www.ghostysky.com\/#organization\"},\"potentialAction\":[{\"@type\":\"SearchAction\",\"target\":{\"@type\":\"EntryPoint\",\"urlTemplate\":\"https:\/\/www.ghostysky.com\/?s={search_term_string}\"},\"query-input\":{\"@type\":\"PropertyValueSpecification\",\"valueRequired\":true,\"valueName\":\"search_term_string\"}}],\"inLanguage\":\"es\"},{\"@type\":\"Organization\",\"@id\":\"https:\/\/www.ghostysky.com\/#organization\",\"name\":\"Ghostysky\",\"url\":\"https:\/\/www.ghostysky.com\/\",\"logo\":{\"@type\":\"ImageObject\",\"inLanguage\":\"es\",\"@id\":\"https:\/\/www.ghostysky.com\/#\/schema\/logo\/image\/\",\"url\":\"https:\/\/www.ghostysky.com\/wp-content\/uploads\/2020\/06\/cropped-ghostyskylogo_text_white2.png\",\"contentUrl\":\"https:\/\/www.ghostysky.com\/wp-content\/uploads\/2020\/06\/cropped-ghostyskylogo_text_white2.png\",\"width\":169,\"height\":56,\"caption\":\"Ghostysky\"},\"image\":{\"@id\":\"https:\/\/www.ghostysky.com\/#\/schema\/logo\/image\/\"},\"sameAs\":[\"https:\/\/www.facebook.com\/people\/Ghostysky\/100057676170234\/\",\"https:\/\/x.com\/Gh0stysky\",\"https:\/\/www.linkedin.com\/company\/34739653\",\"https:\/\/www.instagram.com\/gh0stysky\"]}]}<\/script>\n<!-- \/ Yoast SEO plugin. -->","yoast_head_json":{"title":"Barra de extensi\u00f3n de card\u00e1n SwellPro SplashDrone 4 -","description":"Barra de extensi\u00f3n de card\u00e1n dise\u00f1ada espec\u00edficamente para SplashDrone 4. Le permite filmar pel\u00edculas y tomar fotograf\u00edas bajo el agua con facilidad, especialmente con el kit de barco adjunto.","robots":{"index":"index","follow":"follow","max-snippet":"max-snippet:-1","max-image-preview":"max-image-preview:large","max-video-preview":"max-video-preview:-1"},"canonical":"https:\/\/www.ghostysky.com\/es\/producto-2\/swellpro-splashdrone-4-gimbal-extension-bar\/","og_locale":"es_ES","og_type":"article","og_title":"SwellPro SplashDrone 4 Gimbal Extension Bar -","og_description":"Gimbal Extension Bar that is specifically designed for the SplashDrone 4.it allows you to shoot film and take photo's underwater with ease, especially with the Boat kit attached.","og_url":"https:\/\/www.ghostysky.com\/es\/producto-2\/swellpro-splashdrone-4-gimbal-extension-bar\/","og_site_name":"Ghostysky","article_publisher":"https:\/\/www.facebook.com\/people\/Ghostysky\/100057676170234\/","article_modified_time":"2025-12-17T16:55:57+00:00","og_image":[{"width":800,"height":800,"url":"https:\/\/www.ghostysky.com\/wp-content\/uploads\/2022\/03\/SD4-accessory-gimbal-extension-bar-01_1500x.webp","type":"image\/webp"}],"twitter_card":"summary_large_image","twitter_site":"@Gh0stysky","twitter_misc":{"Tiempo de lectura":"1 minuto"},"schema":{"@context":"https:\/\/schema.org","@graph":[{"@type":"WebPage","@id":"https:\/\/www.ghostysky.com\/product\/swellpro-splashdrone-4-gimbal-extension-bar\/","url":"https:\/\/www.ghostysky.com\/product\/swellpro-splashdrone-4-gimbal-extension-bar\/","name":"Barra de extensi\u00f3n de card\u00e1n SwellPro SplashDrone 4 -","isPartOf":{"@id":"https:\/\/www.ghostysky.com\/#website"},"primaryImageOfPage":{"@id":"https:\/\/www.ghostysky.com\/product\/swellpro-splashdrone-4-gimbal-extension-bar\/#primaryimage"},"image":{"@id":"https:\/\/www.ghostysky.com\/product\/swellpro-splashdrone-4-gimbal-extension-bar\/#primaryimage"},"thumbnailUrl":"https:\/\/www.ghostysky.com\/wp-content\/uploads\/2022\/03\/SD4-accessory-gimbal-extension-bar-01_1500x.webp","datePublished":"2022-03-23T17:02:32+00:00","dateModified":"2025-12-17T16:55:57+00:00","description":"Barra de extensi\u00f3n de card\u00e1n dise\u00f1ada espec\u00edficamente para SplashDrone 4. Le permite filmar pel\u00edculas y tomar fotograf\u00edas bajo el agua con facilidad, especialmente con el kit de barco adjunto.","breadcrumb":{"@id":"https:\/\/www.ghostysky.com\/product\/swellpro-splashdrone-4-gimbal-extension-bar\/#breadcrumb"},"inLanguage":"es","potentialAction":[{"@type":"ReadAction","target":["https:\/\/www.ghostysky.com\/product\/swellpro-splashdrone-4-gimbal-extension-bar\/"]}]},{"@type":"ImageObject","inLanguage":"es","@id":"https:\/\/www.ghostysky.com\/product\/swellpro-splashdrone-4-gimbal-extension-bar\/#primaryimage","url":"https:\/\/www.ghostysky.com\/wp-content\/uploads\/2022\/03\/SD4-accessory-gimbal-extension-bar-01_1500x.webp","contentUrl":"https:\/\/www.ghostysky.com\/wp-content\/uploads\/2022\/03\/SD4-accessory-gimbal-extension-bar-01_1500x.webp","width":800,"height":800},{"@type":"BreadcrumbList","@id":"https:\/\/www.ghostysky.com\/product\/swellpro-splashdrone-4-gimbal-extension-bar\/#breadcrumb","itemListElement":[{"@type":"ListItem","position":1,"name":"Home","item":"https:\/\/www.ghostysky.com\/"},{"@type":"ListItem","position":2,"name":"Shop","item":"https:\/\/www.ghostysky.com\/shop\/"},{"@type":"ListItem","position":3,"name":"SwellPro SplashDrone 4 Gimbal Extension Bar"}]},{"@type":"WebSite","@id":"https:\/\/www.ghostysky.com\/#website","url":"https:\/\/www.ghostysky.com\/","name":"Ghostysky","description":"Entrega de drones y servicios profesionales","publisher":{"@id":"https:\/\/www.ghostysky.com\/#organization"},"potentialAction":[{"@type":"SearchAction","target":{"@type":"EntryPoint","urlTemplate":"https:\/\/www.ghostysky.com\/?s={search_term_string}"},"query-input":{"@type":"PropertyValueSpecification","valueRequired":true,"valueName":"search_term_string"}}],"inLanguage":"es"},{"@type":"Organization","@id":"https:\/\/www.ghostysky.com\/#organization","name":"Ghostysky","url":"https:\/\/www.ghostysky.com\/","logo":{"@type":"ImageObject","inLanguage":"es","@id":"https:\/\/www.ghostysky.com\/#\/schema\/logo\/image\/","url":"https:\/\/www.ghostysky.com\/wp-content\/uploads\/2020\/06\/cropped-ghostyskylogo_text_white2.png","contentUrl":"https:\/\/www.ghostysky.com\/wp-content\/uploads\/2020\/06\/cropped-ghostyskylogo_text_white2.png","width":169,"height":56,"caption":"Ghostysky"},"image":{"@id":"https:\/\/www.ghostysky.com\/#\/schema\/logo\/image\/"},"sameAs":["https:\/\/www.facebook.com\/people\/Ghostysky\/100057676170234\/","https:\/\/x.com\/Gh0stysky","https:\/\/www.linkedin.com\/company\/34739653","https:\/\/www.instagram.com\/gh0stysky"]}]}},"_links":{"self":[{"href":"https:\/\/www.ghostysky.com\/es\/wp-json\/wp\/v2\/product\/6295","targetHints":{"allow":["GET"]}}],"collection":[{"href":"https:\/\/www.ghostysky.com\/es\/wp-json\/wp\/v2\/product"}],"about":[{"href":"https:\/\/www.ghostysky.com\/es\/wp-json\/wp\/v2\/types\/product"}],"replies":[{"embeddable":true,"href":"https:\/\/www.ghostysky.com\/es\/wp-json\/wp\/v2\/comments?post=6295"}],"wp:featuredmedia":[{"embeddable":true,"href":"https:\/\/www.ghostysky.com\/es\/wp-json\/wp\/v2\/media\/6296"}],"wp:attachment":[{"href":"https:\/\/www.ghostysky.com\/es\/wp-json\/wp\/v2\/media?parent=6295"}],"wp:term":[{"taxonomy":"product_brand","embeddable":true,"href":"https:\/\/www.ghostysky.com\/es\/wp-json\/wp\/v2\/product_brand?post=6295"},{"taxonomy":"product_cat","embeddable":true,"href":"https:\/\/www.ghostysky.com\/es\/wp-json\/wp\/v2\/product_cat?post=6295"},{"taxonomy":"product_tag","embeddable":true,"href":"https:\/\/www.ghostysky.com\/es\/wp-json\/wp\/v2\/product_tag?post=6295"}],"curies":[{"name":"wp","href":"https:\/\/api.w.org\/{rel}","templated":true}]}}