{"id":6311,"date":"2022-03-23T17:27:41","date_gmt":"2022-03-23T17:27:41","guid":{"rendered":"https:\/\/www.ghostysky.com\/?post_type=product&#038;p=6311"},"modified":"2023-12-20T08:05:56","modified_gmt":"2023-12-20T08:05:56","slug":"high-gain-patch-antenna-for-splashdrone-4","status":"publish","type":"product","link":"https:\/\/www.ghostysky.com\/es\/product\/high-gain-patch-antenna-for-splashdrone-4\/","title":{"rendered":"Antena de parche de alta ganancia para SplashDrone 4"},"content":{"rendered":"<table id=\"product-attribute-specs-table\" class=\"data-table table\">\n<tbody>\n<tr class=\"first odd\">\n<th class=\"label\" style=\"text-align: left; width: 90.671875px;\">Descripci\u00f3n general<\/th>\n<td class=\"data last\" style=\"width: 444.328125px;\">Esta antena de parche de 17dBi proporciona una conexi\u00f3n r\u00e1pida y confiable entre el SplashDrone 4 y el control remoto con capacidad antiinterferencias. Extiende el rango de control y el rango de transmisi\u00f3n de video de SplashDrone 4 hasta 8 km \/ 5 millas.<\/td>\n<\/tr>\n<tr class=\"first odd\">\n<th class=\"label\" style=\"text-align: left; width: 90.671875px;\">Especificaci\u00f3n<\/th>\n<td class=\"data last\" style=\"width: 444.328125px;\">Frecuencia: 5100-5900 GHz<br \/>\nGanancia: 17dBi<br \/>\nMaterial: ABS+PTEF<br \/>\nTama\u00f1o: 74 mm * 60 mm * 23 mm<\/td>\n<\/tr>\n<tr class=\"first odd\">\n<th class=\"label\" style=\"text-align: left; width: 90.671875px;\">En el cuadro<\/th>\n<td class=\"data last\" style=\"width: 444.328125px;\">Antena de parche x 1 juego<\/td>\n<\/tr>\n<tr class=\"first odd\">\n<th class=\"label\" style=\"text-align: left; width: 90.671875px;\">Compatibilidad<\/th>\n<td class=\"data last\" style=\"width: 444.328125px;\">Splash Drone 4<\/td>\n<\/tr>\n<\/tbody>\n<\/table>","protected":false},"excerpt":{"rendered":"<p class=\"translation-block\">Complemento para mejorar la <strong>se\u00f1al del Splash Drone 4<\/strong> .<\/p>\n<p class=\"translation-block\">Esta antena <strong>de 17dBi<\/strong> proporciona una conexi\u00f3n r\u00e1pida y confiable entre el <strong>SplashDrone 4<\/strong> y su control remoto con capacidad antiinterferencias.<br> Extiende el rango de control y el rango de transmisi\u00f3n de video de SplashDrone de 4 <strong>a 8 km (en buenas condiciones)<\/strong> .<\/p>","protected":false},"featured_media":6312,"comment_status":"open","ping_status":"closed","template":"","meta":[],"product_brand":[],"product_cat":[305,29,278],"product_tag":[334,335,279],"class_list":{"0":"post-6311","1":"product","2":"type-product","3":"status-publish","4":"has-post-thumbnail","6":"product_cat-accessories-swellpro","7":"product_cat-drones","8":"product_cat-swellpro","9":"product_tag-high-gain-antenna","10":"product_tag-splashdrone-4","11":"product_tag-swellpro","13":"first","14":"onbackorder","15":"taxable","16":"shipping-taxable","17":"product-type-simple"},"yoast_head":"<!-- This site is optimized with the Yoast SEO plugin v27.1.1 - https:\/\/yoast.com\/product\/yoast-seo-wordpress\/ -->\n<title>High Gain Patch Antenna for SplashDrone 4 -<\/title>\n<meta name=\"description\" content=\"Add-on to improve the Splash Drone 4 signal.This 17dBi antenna provides a fast and reliable connection between the SplashDrone 4 and its remote control with anti-interference capability.\" \/>\n<meta name=\"robots\" content=\"index, follow, max-snippet:-1, max-image-preview:large, max-video-preview:-1\" \/>\n<link rel=\"canonical\" href=\"https:\/\/www.ghostysky.com\/es\/producto-2\/high-gain-patch-antenna-for-splashdrone-4\/\" \/>\n<meta property=\"og:locale\" content=\"es_ES\" \/>\n<meta property=\"og:type\" content=\"article\" \/>\n<meta property=\"og:title\" content=\"High Gain Patch Antenna for SplashDrone 4 -\" \/>\n<meta property=\"og:description\" content=\"Add-on to improve the Splash Drone 4 signal.This 17dBi antenna provides a fast and reliable connection between the SplashDrone 4 and its remote control with anti-interference capability.\" \/>\n<meta property=\"og:url\" content=\"https:\/\/www.ghostysky.com\/es\/producto-2\/high-gain-patch-antenna-for-splashdrone-4\/\" \/>\n<meta property=\"og:site_name\" content=\"Ghostysky\" \/>\n<meta property=\"article:publisher\" content=\"https:\/\/www.facebook.com\/people\/Ghostysky\/100057676170234\/\" \/>\n<meta property=\"article:modified_time\" content=\"2023-12-20T08:05:56+00:00\" \/>\n<meta property=\"og:image\" content=\"https:\/\/www.ghostysky.com\/wp-content\/uploads\/2022\/03\/Shopify-SD4-accessory-patchantenna-main-photo-4_1500x.webp\" \/>\n\t<meta property=\"og:image:width\" content=\"1000\" \/>\n\t<meta property=\"og:image:height\" content=\"1000\" \/>\n\t<meta property=\"og:image:type\" content=\"image\/webp\" \/>\n<meta name=\"twitter:card\" content=\"summary_large_image\" \/>\n<meta name=\"twitter:site\" content=\"@Gh0stysky\" \/>\n<meta name=\"twitter:label1\" content=\"Tiempo de lectura\" \/>\n\t<meta name=\"twitter:data1\" content=\"1 minuto\" \/>\n<script type=\"application\/ld+json\" class=\"yoast-schema-graph\">{\"@context\":\"https:\/\/schema.org\",\"@graph\":[{\"@type\":\"WebPage\",\"@id\":\"https:\/\/www.ghostysky.com\/product\/high-gain-patch-antenna-for-splashdrone-4\/\",\"url\":\"https:\/\/www.ghostysky.com\/product\/high-gain-patch-antenna-for-splashdrone-4\/\",\"name\":\"High Gain Patch Antenna for SplashDrone 4 -\",\"isPartOf\":{\"@id\":\"https:\/\/www.ghostysky.com\/#website\"},\"primaryImageOfPage\":{\"@id\":\"https:\/\/www.ghostysky.com\/product\/high-gain-patch-antenna-for-splashdrone-4\/#primaryimage\"},\"image\":{\"@id\":\"https:\/\/www.ghostysky.com\/product\/high-gain-patch-antenna-for-splashdrone-4\/#primaryimage\"},\"thumbnailUrl\":\"https:\/\/www.ghostysky.com\/wp-content\/uploads\/2022\/03\/Shopify-SD4-accessory-patchantenna-main-photo-4_1500x.webp\",\"datePublished\":\"2022-03-23T17:27:41+00:00\",\"dateModified\":\"2023-12-20T08:05:56+00:00\",\"description\":\"Add-on to improve the Splash Drone 4 signal.This 17dBi antenna provides a fast and reliable connection between the SplashDrone 4 and its remote control with anti-interference capability.\",\"breadcrumb\":{\"@id\":\"https:\/\/www.ghostysky.com\/product\/high-gain-patch-antenna-for-splashdrone-4\/#breadcrumb\"},\"inLanguage\":\"es\",\"potentialAction\":[{\"@type\":\"ReadAction\",\"target\":[\"https:\/\/www.ghostysky.com\/product\/high-gain-patch-antenna-for-splashdrone-4\/\"]}]},{\"@type\":\"ImageObject\",\"inLanguage\":\"es\",\"@id\":\"https:\/\/www.ghostysky.com\/product\/high-gain-patch-antenna-for-splashdrone-4\/#primaryimage\",\"url\":\"https:\/\/www.ghostysky.com\/wp-content\/uploads\/2022\/03\/Shopify-SD4-accessory-patchantenna-main-photo-4_1500x.webp\",\"contentUrl\":\"https:\/\/www.ghostysky.com\/wp-content\/uploads\/2022\/03\/Shopify-SD4-accessory-patchantenna-main-photo-4_1500x.webp\",\"width\":1000,\"height\":1000},{\"@type\":\"BreadcrumbList\",\"@id\":\"https:\/\/www.ghostysky.com\/product\/high-gain-patch-antenna-for-splashdrone-4\/#breadcrumb\",\"itemListElement\":[{\"@type\":\"ListItem\",\"position\":1,\"name\":\"Home\",\"item\":\"https:\/\/www.ghostysky.com\/\"},{\"@type\":\"ListItem\",\"position\":2,\"name\":\"Shop\",\"item\":\"https:\/\/www.ghostysky.com\/shop\/\"},{\"@type\":\"ListItem\",\"position\":3,\"name\":\"High Gain Patch Antenna for SplashDrone 4\"}]},{\"@type\":\"WebSite\",\"@id\":\"https:\/\/www.ghostysky.com\/#website\",\"url\":\"https:\/\/www.ghostysky.com\/\",\"name\":\"Ghostysky\",\"description\":\"Delivering professional drones and services\",\"publisher\":{\"@id\":\"https:\/\/www.ghostysky.com\/#organization\"},\"potentialAction\":[{\"@type\":\"SearchAction\",\"target\":{\"@type\":\"EntryPoint\",\"urlTemplate\":\"https:\/\/www.ghostysky.com\/?s={search_term_string}\"},\"query-input\":{\"@type\":\"PropertyValueSpecification\",\"valueRequired\":true,\"valueName\":\"search_term_string\"}}],\"inLanguage\":\"es\"},{\"@type\":\"Organization\",\"@id\":\"https:\/\/www.ghostysky.com\/#organization\",\"name\":\"Ghostysky\",\"url\":\"https:\/\/www.ghostysky.com\/\",\"logo\":{\"@type\":\"ImageObject\",\"inLanguage\":\"es\",\"@id\":\"https:\/\/www.ghostysky.com\/#\/schema\/logo\/image\/\",\"url\":\"https:\/\/www.ghostysky.com\/wp-content\/uploads\/2020\/06\/cropped-ghostyskylogo_text_white2.png\",\"contentUrl\":\"https:\/\/www.ghostysky.com\/wp-content\/uploads\/2020\/06\/cropped-ghostyskylogo_text_white2.png\",\"width\":169,\"height\":56,\"caption\":\"Ghostysky\"},\"image\":{\"@id\":\"https:\/\/www.ghostysky.com\/#\/schema\/logo\/image\/\"},\"sameAs\":[\"https:\/\/www.facebook.com\/people\/Ghostysky\/100057676170234\/\",\"https:\/\/x.com\/Gh0stysky\",\"https:\/\/www.linkedin.com\/company\/34739653\",\"https:\/\/www.instagram.com\/gh0stysky\"]}]}<\/script>\n<!-- \/ Yoast SEO plugin. -->","yoast_head_json":{"title":"Antena Patch de alta ganancia para SplashDrone 4 -","description":"Complemento para mejorar la se\u00f1al del Splash Drone 4. Esta antena de 17dBi proporciona una conexi\u00f3n r\u00e1pida y fiable entre el SplashDrone 4 y su mando a distancia con capacidad antiinterferencias.","robots":{"index":"index","follow":"follow","max-snippet":"max-snippet:-1","max-image-preview":"max-image-preview:large","max-video-preview":"max-video-preview:-1"},"canonical":"https:\/\/www.ghostysky.com\/es\/producto-2\/high-gain-patch-antenna-for-splashdrone-4\/","og_locale":"es_ES","og_type":"article","og_title":"High Gain Patch Antenna for SplashDrone 4 -","og_description":"Add-on to improve the Splash Drone 4 signal.This 17dBi antenna provides a fast and reliable connection between the SplashDrone 4 and its remote control with anti-interference capability.","og_url":"https:\/\/www.ghostysky.com\/es\/producto-2\/high-gain-patch-antenna-for-splashdrone-4\/","og_site_name":"Ghostysky","article_publisher":"https:\/\/www.facebook.com\/people\/Ghostysky\/100057676170234\/","article_modified_time":"2023-12-20T08:05:56+00:00","og_image":[{"width":1000,"height":1000,"url":"https:\/\/www.ghostysky.com\/wp-content\/uploads\/2022\/03\/Shopify-SD4-accessory-patchantenna-main-photo-4_1500x.webp","type":"image\/webp"}],"twitter_card":"summary_large_image","twitter_site":"@Gh0stysky","twitter_misc":{"Tiempo de lectura":"1 minuto"},"schema":{"@context":"https:\/\/schema.org","@graph":[{"@type":"WebPage","@id":"https:\/\/www.ghostysky.com\/product\/high-gain-patch-antenna-for-splashdrone-4\/","url":"https:\/\/www.ghostysky.com\/product\/high-gain-patch-antenna-for-splashdrone-4\/","name":"Antena Patch de alta ganancia para SplashDrone 4 -","isPartOf":{"@id":"https:\/\/www.ghostysky.com\/#website"},"primaryImageOfPage":{"@id":"https:\/\/www.ghostysky.com\/product\/high-gain-patch-antenna-for-splashdrone-4\/#primaryimage"},"image":{"@id":"https:\/\/www.ghostysky.com\/product\/high-gain-patch-antenna-for-splashdrone-4\/#primaryimage"},"thumbnailUrl":"https:\/\/www.ghostysky.com\/wp-content\/uploads\/2022\/03\/Shopify-SD4-accessory-patchantenna-main-photo-4_1500x.webp","datePublished":"2022-03-23T17:27:41+00:00","dateModified":"2023-12-20T08:05:56+00:00","description":"Complemento para mejorar la se\u00f1al del Splash Drone 4. Esta antena de 17dBi proporciona una conexi\u00f3n r\u00e1pida y fiable entre el SplashDrone 4 y su mando a distancia con capacidad antiinterferencias.","breadcrumb":{"@id":"https:\/\/www.ghostysky.com\/product\/high-gain-patch-antenna-for-splashdrone-4\/#breadcrumb"},"inLanguage":"es","potentialAction":[{"@type":"ReadAction","target":["https:\/\/www.ghostysky.com\/product\/high-gain-patch-antenna-for-splashdrone-4\/"]}]},{"@type":"ImageObject","inLanguage":"es","@id":"https:\/\/www.ghostysky.com\/product\/high-gain-patch-antenna-for-splashdrone-4\/#primaryimage","url":"https:\/\/www.ghostysky.com\/wp-content\/uploads\/2022\/03\/Shopify-SD4-accessory-patchantenna-main-photo-4_1500x.webp","contentUrl":"https:\/\/www.ghostysky.com\/wp-content\/uploads\/2022\/03\/Shopify-SD4-accessory-patchantenna-main-photo-4_1500x.webp","width":1000,"height":1000},{"@type":"BreadcrumbList","@id":"https:\/\/www.ghostysky.com\/product\/high-gain-patch-antenna-for-splashdrone-4\/#breadcrumb","itemListElement":[{"@type":"ListItem","position":1,"name":"Home","item":"https:\/\/www.ghostysky.com\/"},{"@type":"ListItem","position":2,"name":"Shop","item":"https:\/\/www.ghostysky.com\/shop\/"},{"@type":"ListItem","position":3,"name":"High Gain Patch Antenna for SplashDrone 4"}]},{"@type":"WebSite","@id":"https:\/\/www.ghostysky.com\/#website","url":"https:\/\/www.ghostysky.com\/","name":"Ghostysky","description":"Entrega de drones y servicios profesionales","publisher":{"@id":"https:\/\/www.ghostysky.com\/#organization"},"potentialAction":[{"@type":"SearchAction","target":{"@type":"EntryPoint","urlTemplate":"https:\/\/www.ghostysky.com\/?s={search_term_string}"},"query-input":{"@type":"PropertyValueSpecification","valueRequired":true,"valueName":"search_term_string"}}],"inLanguage":"es"},{"@type":"Organization","@id":"https:\/\/www.ghostysky.com\/#organization","name":"Ghostysky","url":"https:\/\/www.ghostysky.com\/","logo":{"@type":"ImageObject","inLanguage":"es","@id":"https:\/\/www.ghostysky.com\/#\/schema\/logo\/image\/","url":"https:\/\/www.ghostysky.com\/wp-content\/uploads\/2020\/06\/cropped-ghostyskylogo_text_white2.png","contentUrl":"https:\/\/www.ghostysky.com\/wp-content\/uploads\/2020\/06\/cropped-ghostyskylogo_text_white2.png","width":169,"height":56,"caption":"Ghostysky"},"image":{"@id":"https:\/\/www.ghostysky.com\/#\/schema\/logo\/image\/"},"sameAs":["https:\/\/www.facebook.com\/people\/Ghostysky\/100057676170234\/","https:\/\/x.com\/Gh0stysky","https:\/\/www.linkedin.com\/company\/34739653","https:\/\/www.instagram.com\/gh0stysky"]}]}},"_links":{"self":[{"href":"https:\/\/www.ghostysky.com\/es\/wp-json\/wp\/v2\/product\/6311","targetHints":{"allow":["GET"]}}],"collection":[{"href":"https:\/\/www.ghostysky.com\/es\/wp-json\/wp\/v2\/product"}],"about":[{"href":"https:\/\/www.ghostysky.com\/es\/wp-json\/wp\/v2\/types\/product"}],"replies":[{"embeddable":true,"href":"https:\/\/www.ghostysky.com\/es\/wp-json\/wp\/v2\/comments?post=6311"}],"wp:featuredmedia":[{"embeddable":true,"href":"https:\/\/www.ghostysky.com\/es\/wp-json\/wp\/v2\/media\/6312"}],"wp:attachment":[{"href":"https:\/\/www.ghostysky.com\/es\/wp-json\/wp\/v2\/media?parent=6311"}],"wp:term":[{"taxonomy":"product_brand","embeddable":true,"href":"https:\/\/www.ghostysky.com\/es\/wp-json\/wp\/v2\/product_brand?post=6311"},{"taxonomy":"product_cat","embeddable":true,"href":"https:\/\/www.ghostysky.com\/es\/wp-json\/wp\/v2\/product_cat?post=6311"},{"taxonomy":"product_tag","embeddable":true,"href":"https:\/\/www.ghostysky.com\/es\/wp-json\/wp\/v2\/product_tag?post=6311"}],"curies":[{"name":"wp","href":"https:\/\/api.w.org\/{rel}","templated":true}]}}