{"id":6327,"date":"2022-03-23T17:59:57","date_gmt":"2022-03-23T17:59:57","guid":{"rendered":"https:\/\/www.ghostysky.com\/?post_type=product&#038;p=6327"},"modified":"2025-11-12T13:54:27","modified_gmt":"2025-11-12T13:54:27","slug":"pl1-s-payload-release-for-splashdrone-4","status":"publish","type":"product","link":"https:\/\/www.ghostysky.com\/es\/product\/pl1-s-payload-release-for-splashdrone-4\/","title":{"rendered":"Lanzamiento de carga \u00fatil PL1-S para SplashDrone 4"},"content":{"rendered":"<table id=\"product-attribute-specs-table\" class=\"data-table table\">\n<tbody>\n<tr class=\"first odd\">\n<th class=\"label\" style=\"text-align: left; width: 90.671875px;\">Descripci\u00f3n general<\/th>\n<td class=\"data last\" style=\"width: 444.328125px;\">PL1-S es un m\u00f3dulo de liberaci\u00f3n de carga \u00fatil dise\u00f1ado para SplashDrone 4. Se puede usar para dejar caer cebos de pesca, aros salvavidas y otros art\u00edculos en ubicaciones espec\u00edficas sobre el agua.<\/td>\n<\/tr>\n<tr class=\"first odd\">\n<th class=\"label\" style=\"text-align: left; width: 90.671875px;\">Reflejos<\/th>\n<td class=\"data last\" style=\"width: 444.328125px;\">Resistente al agua IP67, fabricado en aluminio CNC de alta precisi\u00f3n y acero inoxidable.<br \/>\nSin interferencias con la conexi\u00f3n de radio, la transmisi\u00f3n de video y la precisi\u00f3n del GPS.<br \/>\nPeso m\u00e1ximo de carga de 2 kg.<\/td>\n<\/tr>\n<tr class=\"first odd\">\n<th class=\"label\" style=\"text-align: left; width: 90.671875px;\">En el cuadro<\/th>\n<td class=\"data last\" style=\"width: 444.328125px;\">PL1-S \u00d7 1<\/td>\n<\/tr>\n<tr class=\"first odd\">\n<th class=\"label\" style=\"text-align: left; width: 90.671875px;\">Compatibilidad<\/th>\n<td class=\"data last\" style=\"width: 444.328125px;\">Splash Drone 4<\/td>\n<\/tr>\n<\/tbody>\n<\/table>","protected":false},"excerpt":{"rendered":"<p><strong>Funciones principales<\/strong><\/p>\n<ul>\n<li>Clasificaci\u00f3n IP67 a prueba de agua<\/li>\n<li>L\u00edmite de carga \u00fatil de 2 kg<\/li>\n<li>rango de 4 km<\/li>\n<\/ul>\n<p class=\"translation-block\">El <strong>lanzamiento de la carga \u00fatil PL1-S convierte al SplashDrone 4<\/strong> en un sistema de lanzamiento de cebo a\u00e9reo que puede <strong>entregar 2 kg de cebo y dejarlo caer<\/strong> en ubicaciones espec\u00edficas de hasta 4 km. El PL-1 se puede montar junto con su elecci\u00f3n de accesorios de c\u00e1mara para la liberaci\u00f3n de carga \u00fatil espec\u00edfica. Con la aplicaci\u00f3n SwellPro NaviFLy, puede programar la ca\u00edda del cebo o reproducir vuelos a lugares de pesca exitosos.<\/p>\n<p><strong>Especificaci\u00f3n<\/strong><\/p>\n<ul>\n<li>Impermeable: IP67<\/li>\n<li>Dimensiones: 59*38*50mm<\/li>\n<li>Peso: 96g<\/li>\n<li>m\u00e1x. peso de carga: 2Kg<\/li>\n<\/ul>","protected":false},"featured_media":6328,"comment_status":"open","ping_status":"closed","template":"","meta":[],"product_brand":[],"product_cat":[305,29,278],"product_tag":[338,335,279],"class_list":{"0":"post-6327","1":"product","2":"type-product","3":"status-publish","4":"has-post-thumbnail","6":"product_cat-accessories-swellpro","7":"product_cat-drones","8":"product_cat-swellpro","9":"product_tag-pl1-s-payload-release","10":"product_tag-splashdrone-4","11":"product_tag-swellpro","13":"first","14":"instock","15":"taxable","16":"shipping-taxable","17":"purchasable","18":"product-type-simple"},"yoast_head":"<!-- This site is optimized with the Yoast SEO plugin v27.1.1 - https:\/\/yoast.com\/product\/yoast-seo-wordpress\/ -->\n<title>PL1-S Payload Release for SplashDrone 4 -<\/title>\n<meta name=\"description\" content=\"The PL1-S payload release turns the SplashDrone 4 into an aerial bait dropping system that can deliver 2KG of bait and drop the bait at targeted locations up to 4km.\" \/>\n<meta name=\"robots\" content=\"index, follow, max-snippet:-1, max-image-preview:large, max-video-preview:-1\" \/>\n<link rel=\"canonical\" href=\"https:\/\/www.ghostysky.com\/es\/producto-2\/pl1-s-payload-release-for-splashdrone-4\/\" \/>\n<meta property=\"og:locale\" content=\"es_ES\" \/>\n<meta property=\"og:type\" content=\"article\" \/>\n<meta property=\"og:title\" content=\"PL1-S Payload Release for SplashDrone 4 -\" \/>\n<meta property=\"og:description\" content=\"The PL1-S payload release turns the SplashDrone 4 into an aerial bait dropping system that can deliver 2KG of bait and drop the bait at targeted locations up to 4km.\" \/>\n<meta property=\"og:url\" content=\"https:\/\/www.ghostysky.com\/es\/producto-2\/pl1-s-payload-release-for-splashdrone-4\/\" \/>\n<meta property=\"og:site_name\" content=\"Ghostysky\" \/>\n<meta property=\"article:publisher\" content=\"https:\/\/www.facebook.com\/people\/Ghostysky\/100057676170234\/\" \/>\n<meta property=\"article:modified_time\" content=\"2025-11-12T13:54:27+00:00\" \/>\n<meta property=\"og:image\" content=\"https:\/\/www.ghostysky.com\/wp-content\/uploads\/2022\/03\/SP-SD4-B106-PL1_01.jpg\" \/>\n\t<meta property=\"og:image:width\" content=\"1200\" \/>\n\t<meta property=\"og:image:height\" content=\"1200\" \/>\n\t<meta property=\"og:image:type\" content=\"image\/jpeg\" \/>\n<meta name=\"twitter:card\" content=\"summary_large_image\" \/>\n<meta name=\"twitter:site\" content=\"@Gh0stysky\" \/>\n<meta name=\"twitter:label1\" content=\"Tiempo de lectura\" \/>\n\t<meta name=\"twitter:data1\" content=\"1 minuto\" \/>\n<script type=\"application\/ld+json\" class=\"yoast-schema-graph\">{\"@context\":\"https:\/\/schema.org\",\"@graph\":[{\"@type\":\"WebPage\",\"@id\":\"https:\/\/www.ghostysky.com\/product\/pl1-s-payload-release-for-splashdrone-4\/\",\"url\":\"https:\/\/www.ghostysky.com\/product\/pl1-s-payload-release-for-splashdrone-4\/\",\"name\":\"PL1-S Payload Release for SplashDrone 4 -\",\"isPartOf\":{\"@id\":\"https:\/\/www.ghostysky.com\/#website\"},\"primaryImageOfPage\":{\"@id\":\"https:\/\/www.ghostysky.com\/product\/pl1-s-payload-release-for-splashdrone-4\/#primaryimage\"},\"image\":{\"@id\":\"https:\/\/www.ghostysky.com\/product\/pl1-s-payload-release-for-splashdrone-4\/#primaryimage\"},\"thumbnailUrl\":\"https:\/\/www.ghostysky.com\/wp-content\/uploads\/2022\/03\/SP-SD4-B106-PL1_01.jpg\",\"datePublished\":\"2022-03-23T17:59:57+00:00\",\"dateModified\":\"2025-11-12T13:54:27+00:00\",\"description\":\"The PL1-S payload release turns the SplashDrone 4 into an aerial bait dropping system that can deliver 2KG of bait and drop the bait at targeted locations up to 4km.\",\"breadcrumb\":{\"@id\":\"https:\/\/www.ghostysky.com\/product\/pl1-s-payload-release-for-splashdrone-4\/#breadcrumb\"},\"inLanguage\":\"es\",\"potentialAction\":[{\"@type\":\"ReadAction\",\"target\":[\"https:\/\/www.ghostysky.com\/product\/pl1-s-payload-release-for-splashdrone-4\/\"]}]},{\"@type\":\"ImageObject\",\"inLanguage\":\"es\",\"@id\":\"https:\/\/www.ghostysky.com\/product\/pl1-s-payload-release-for-splashdrone-4\/#primaryimage\",\"url\":\"https:\/\/www.ghostysky.com\/wp-content\/uploads\/2022\/03\/SP-SD4-B106-PL1_01.jpg\",\"contentUrl\":\"https:\/\/www.ghostysky.com\/wp-content\/uploads\/2022\/03\/SP-SD4-B106-PL1_01.jpg\",\"width\":1200,\"height\":1200},{\"@type\":\"BreadcrumbList\",\"@id\":\"https:\/\/www.ghostysky.com\/product\/pl1-s-payload-release-for-splashdrone-4\/#breadcrumb\",\"itemListElement\":[{\"@type\":\"ListItem\",\"position\":1,\"name\":\"Home\",\"item\":\"https:\/\/www.ghostysky.com\/\"},{\"@type\":\"ListItem\",\"position\":2,\"name\":\"Shop\",\"item\":\"https:\/\/www.ghostysky.com\/shop\/\"},{\"@type\":\"ListItem\",\"position\":3,\"name\":\"PL1-S Payload Release for SplashDrone 4\"}]},{\"@type\":\"WebSite\",\"@id\":\"https:\/\/www.ghostysky.com\/#website\",\"url\":\"https:\/\/www.ghostysky.com\/\",\"name\":\"Ghostysky\",\"description\":\"Delivering professional drones and services\",\"publisher\":{\"@id\":\"https:\/\/www.ghostysky.com\/#organization\"},\"potentialAction\":[{\"@type\":\"SearchAction\",\"target\":{\"@type\":\"EntryPoint\",\"urlTemplate\":\"https:\/\/www.ghostysky.com\/?s={search_term_string}\"},\"query-input\":{\"@type\":\"PropertyValueSpecification\",\"valueRequired\":true,\"valueName\":\"search_term_string\"}}],\"inLanguage\":\"es\"},{\"@type\":\"Organization\",\"@id\":\"https:\/\/www.ghostysky.com\/#organization\",\"name\":\"Ghostysky\",\"url\":\"https:\/\/www.ghostysky.com\/\",\"logo\":{\"@type\":\"ImageObject\",\"inLanguage\":\"es\",\"@id\":\"https:\/\/www.ghostysky.com\/#\/schema\/logo\/image\/\",\"url\":\"https:\/\/www.ghostysky.com\/wp-content\/uploads\/2020\/06\/cropped-ghostyskylogo_text_white2.png\",\"contentUrl\":\"https:\/\/www.ghostysky.com\/wp-content\/uploads\/2020\/06\/cropped-ghostyskylogo_text_white2.png\",\"width\":169,\"height\":56,\"caption\":\"Ghostysky\"},\"image\":{\"@id\":\"https:\/\/www.ghostysky.com\/#\/schema\/logo\/image\/\"},\"sameAs\":[\"https:\/\/www.facebook.com\/people\/Ghostysky\/100057676170234\/\",\"https:\/\/x.com\/Gh0stysky\",\"https:\/\/www.linkedin.com\/company\/34739653\",\"https:\/\/www.instagram.com\/gh0stysky\"]}]}<\/script>\n<!-- \/ Yoast SEO plugin. -->","yoast_head_json":{"title":"Lanzamiento de carga \u00fatil PL1-S para SplashDrone 4 -","description":"La liberaci\u00f3n de carga \u00fatil PL1-S convierte el SplashDrone 4 en un sistema a\u00e9reo de lanzamiento de cebo que puede entregar 2 kg de cebo y dejarlo caer en lugares espec\u00edficos de hasta 4 km.","robots":{"index":"index","follow":"follow","max-snippet":"max-snippet:-1","max-image-preview":"max-image-preview:large","max-video-preview":"max-video-preview:-1"},"canonical":"https:\/\/www.ghostysky.com\/es\/producto-2\/pl1-s-payload-release-for-splashdrone-4\/","og_locale":"es_ES","og_type":"article","og_title":"PL1-S Payload Release for SplashDrone 4 -","og_description":"The PL1-S payload release turns the SplashDrone 4 into an aerial bait dropping system that can deliver 2KG of bait and drop the bait at targeted locations up to 4km.","og_url":"https:\/\/www.ghostysky.com\/es\/producto-2\/pl1-s-payload-release-for-splashdrone-4\/","og_site_name":"Ghostysky","article_publisher":"https:\/\/www.facebook.com\/people\/Ghostysky\/100057676170234\/","article_modified_time":"2025-11-12T13:54:27+00:00","og_image":[{"width":1200,"height":1200,"url":"https:\/\/www.ghostysky.com\/wp-content\/uploads\/2022\/03\/SP-SD4-B106-PL1_01.jpg","type":"image\/jpeg"}],"twitter_card":"summary_large_image","twitter_site":"@Gh0stysky","twitter_misc":{"Tiempo de lectura":"1 minuto"},"schema":{"@context":"https:\/\/schema.org","@graph":[{"@type":"WebPage","@id":"https:\/\/www.ghostysky.com\/product\/pl1-s-payload-release-for-splashdrone-4\/","url":"https:\/\/www.ghostysky.com\/product\/pl1-s-payload-release-for-splashdrone-4\/","name":"Lanzamiento de carga \u00fatil PL1-S para SplashDrone 4 -","isPartOf":{"@id":"https:\/\/www.ghostysky.com\/#website"},"primaryImageOfPage":{"@id":"https:\/\/www.ghostysky.com\/product\/pl1-s-payload-release-for-splashdrone-4\/#primaryimage"},"image":{"@id":"https:\/\/www.ghostysky.com\/product\/pl1-s-payload-release-for-splashdrone-4\/#primaryimage"},"thumbnailUrl":"https:\/\/www.ghostysky.com\/wp-content\/uploads\/2022\/03\/SP-SD4-B106-PL1_01.jpg","datePublished":"2022-03-23T17:59:57+00:00","dateModified":"2025-11-12T13:54:27+00:00","description":"La liberaci\u00f3n de carga \u00fatil PL1-S convierte el SplashDrone 4 en un sistema a\u00e9reo de lanzamiento de cebo que puede entregar 2 kg de cebo y dejarlo caer en lugares espec\u00edficos de hasta 4 km.","breadcrumb":{"@id":"https:\/\/www.ghostysky.com\/product\/pl1-s-payload-release-for-splashdrone-4\/#breadcrumb"},"inLanguage":"es","potentialAction":[{"@type":"ReadAction","target":["https:\/\/www.ghostysky.com\/product\/pl1-s-payload-release-for-splashdrone-4\/"]}]},{"@type":"ImageObject","inLanguage":"es","@id":"https:\/\/www.ghostysky.com\/product\/pl1-s-payload-release-for-splashdrone-4\/#primaryimage","url":"https:\/\/www.ghostysky.com\/wp-content\/uploads\/2022\/03\/SP-SD4-B106-PL1_01.jpg","contentUrl":"https:\/\/www.ghostysky.com\/wp-content\/uploads\/2022\/03\/SP-SD4-B106-PL1_01.jpg","width":1200,"height":1200},{"@type":"BreadcrumbList","@id":"https:\/\/www.ghostysky.com\/product\/pl1-s-payload-release-for-splashdrone-4\/#breadcrumb","itemListElement":[{"@type":"ListItem","position":1,"name":"Home","item":"https:\/\/www.ghostysky.com\/"},{"@type":"ListItem","position":2,"name":"Shop","item":"https:\/\/www.ghostysky.com\/shop\/"},{"@type":"ListItem","position":3,"name":"PL1-S Payload Release for SplashDrone 4"}]},{"@type":"WebSite","@id":"https:\/\/www.ghostysky.com\/#website","url":"https:\/\/www.ghostysky.com\/","name":"Ghostysky","description":"Entrega de drones y servicios profesionales","publisher":{"@id":"https:\/\/www.ghostysky.com\/#organization"},"potentialAction":[{"@type":"SearchAction","target":{"@type":"EntryPoint","urlTemplate":"https:\/\/www.ghostysky.com\/?s={search_term_string}"},"query-input":{"@type":"PropertyValueSpecification","valueRequired":true,"valueName":"search_term_string"}}],"inLanguage":"es"},{"@type":"Organization","@id":"https:\/\/www.ghostysky.com\/#organization","name":"Ghostysky","url":"https:\/\/www.ghostysky.com\/","logo":{"@type":"ImageObject","inLanguage":"es","@id":"https:\/\/www.ghostysky.com\/#\/schema\/logo\/image\/","url":"https:\/\/www.ghostysky.com\/wp-content\/uploads\/2020\/06\/cropped-ghostyskylogo_text_white2.png","contentUrl":"https:\/\/www.ghostysky.com\/wp-content\/uploads\/2020\/06\/cropped-ghostyskylogo_text_white2.png","width":169,"height":56,"caption":"Ghostysky"},"image":{"@id":"https:\/\/www.ghostysky.com\/#\/schema\/logo\/image\/"},"sameAs":["https:\/\/www.facebook.com\/people\/Ghostysky\/100057676170234\/","https:\/\/x.com\/Gh0stysky","https:\/\/www.linkedin.com\/company\/34739653","https:\/\/www.instagram.com\/gh0stysky"]}]}},"_links":{"self":[{"href":"https:\/\/www.ghostysky.com\/es\/wp-json\/wp\/v2\/product\/6327","targetHints":{"allow":["GET"]}}],"collection":[{"href":"https:\/\/www.ghostysky.com\/es\/wp-json\/wp\/v2\/product"}],"about":[{"href":"https:\/\/www.ghostysky.com\/es\/wp-json\/wp\/v2\/types\/product"}],"replies":[{"embeddable":true,"href":"https:\/\/www.ghostysky.com\/es\/wp-json\/wp\/v2\/comments?post=6327"}],"wp:featuredmedia":[{"embeddable":true,"href":"https:\/\/www.ghostysky.com\/es\/wp-json\/wp\/v2\/media\/6328"}],"wp:attachment":[{"href":"https:\/\/www.ghostysky.com\/es\/wp-json\/wp\/v2\/media?parent=6327"}],"wp:term":[{"taxonomy":"product_brand","embeddable":true,"href":"https:\/\/www.ghostysky.com\/es\/wp-json\/wp\/v2\/product_brand?post=6327"},{"taxonomy":"product_cat","embeddable":true,"href":"https:\/\/www.ghostysky.com\/es\/wp-json\/wp\/v2\/product_cat?post=6327"},{"taxonomy":"product_tag","embeddable":true,"href":"https:\/\/www.ghostysky.com\/es\/wp-json\/wp\/v2\/product_tag?post=6327"}],"curies":[{"name":"wp","href":"https:\/\/api.w.org\/{rel}","templated":true}]}}