{"id":6347,"date":"2022-03-23T18:38:48","date_gmt":"2022-03-23T18:38:48","guid":{"rendered":"https:\/\/www.ghostysky.com\/?post_type=product&#038;p=6347"},"modified":"2024-05-06T18:25:31","modified_gmt":"2024-05-06T18:25:31","slug":"sandisk-extreme-uhs-i-microsdxc-c10-a2-128gb","status":"publish","type":"product","link":"https:\/\/www.ghostysky.com\/es\/product\/sandisk-extreme-uhs-i-microsdxc-c10-a2-128gb\/","title":{"rendered":"SanDisk Extreme UHS-I microSDXC C10 A2 128GB"},"content":{"rendered":"<table class=\"a-normal\">\n<tbody>\n<tr>\n<td class=\"comparison-column\">\n<h3 class=\"aplus-p3 a-text-bold\">Calidad de video<\/h3>\n<p class=\"aplus-p3\">Capture video 4K UHD y Full HD sin saltar cuadros<\/p>\n<\/td>\n<td class=\"comparison-column\">\n<h3 class=\"aplus-p3 a-text-bold\">Mover archivos r\u00e1pido<\/h3>\n<p class=\"aplus-p3\">10 veces m\u00e1s r\u00e1pido que con lectores USB 2.0(6) con el rendimiento de USB 3.0<\/p>\n<\/td>\n<td class=\"comparison-column\">\n<h3 class=\"aplus-p3 a-text-bold\">Capture video de alta resoluci\u00f3n r\u00e1pidamente<\/h3>\n<p class=\"aplus-p3\">Capture video 4K UHD ininterrumpido en cualquier momento y en cualquier lugar<\/p>\n<\/td>\n<\/tr>\n<tr>\n<td class=\"comparison-column\">\n<h3 class=\"aplus-p3 a-text-bold\">Velocidad de lectura<\/h3>\n<p class=\"aplus-p3\">Hasta 160 MB\/s* significa tiempos de espera m\u00e1s cortos al transferir archivos<\/p>\n<\/td>\n<td class=\"comparison-column\">\n<h3 class=\"aplus-p3 a-text-bold\">Velocidad de lectura<\/h3>\n<p class=\"aplus-p3\">Hasta 160 MB\/s* para que pueda mover archivos grandes (o muchos archivos) r\u00e1pidamente<\/p>\n<\/td>\n<td class=\"comparison-column\">\n<h3 class=\"aplus-p3 a-text-bold\">Velocidad de lectura<\/h3>\n<p class=\"aplus-p3\">Hasta 160 MB\/s* para que pueda mover archivos r\u00e1pidamente<\/p>\n<\/td>\n<\/tr>\n<tr>\n<td class=\"comparison-column\">\n<h3 class=\"aplus-p3 a-text-bold\">Velocidad de escritura<\/h3>\n<p class=\"aplus-p3\">Hasta 90 MB\/s* le permite capturar la acci\u00f3n r\u00e1pida con todo detalle<\/p>\n<\/td>\n<td class=\"comparison-column\">\n<h3 class=\"aplus-p3 a-text-bold\">Compacto y duradero<\/h3>\n<p class=\"aplus-p3\">Ll\u00e9valo a cualquier lugar: construido para sostenerse solo cuando lo arrojas en tu bolso<\/p>\n<\/td>\n<td class=\"comparison-column\"><\/td>\n<\/tr>\n<tr>\n<td class=\"comparison-column\">\n<h3 class=\"aplus-p3 a-text-bold\">Clasificaci\u00f3n de Rendimiento<\/h3>\n<p class=\"aplus-p3\">Graba y dispara m\u00e1s r\u00e1pido con C10, U3 y V30, y carga aplicaciones m\u00e1s r\u00e1pido con A2<\/p>\n<\/td>\n<td class=\"comparison-column\">\n<h3 class=\"aplus-p3 a-text-bold\">Compatible con USB 3.0<\/h3>\n<p class=\"aplus-p3\">El lector es compatible con USB 3.0 y retrocompatible con USB 2.0<\/p>\n<\/td>\n<\/tr>\n<\/tbody>\n<\/table>","protected":false},"excerpt":{"rendered":"<ul class=\"a-unordered-list a-vertical a-spacing-mini\">\n<li><span class=\"a-list-item\">Velocidades de lectura de hasta 160 MB\/s y de escritura de 90 MB\/s para capturas y transferencias r\u00e1pidas. Temperatura de funcionamiento : -25\u00baC a 85\u00baC<\/span><\/li>\n<li><span class=\"a-list-item\">Clasificaci\u00f3n A2 para una carga m\u00e1s r\u00e1pida y un rendimiento en la aplicaci\u00f3n<\/span><\/li>\n<li><span class=\"a-list-item\">Listo para 4K UHD con UHS Speed Class 3 (U3) y Video Speed Class 30 (V30)<\/span><\/li>\n<li>Compatible con drones SwellPro<\/li>\n<\/ul>","protected":false},"featured_media":6348,"comment_status":"open","ping_status":"closed","template":"","meta":[],"product_brand":[],"product_cat":[305,29,278],"product_tag":[343,342,279],"class_list":{"0":"post-6347","1":"product","2":"type-product","3":"status-publish","4":"has-post-thumbnail","6":"product_cat-accessories-swellpro","7":"product_cat-drones","8":"product_cat-swellpro","9":"product_tag-microsd-card","10":"product_tag-sandisk","11":"product_tag-swellpro","13":"first","14":"onbackorder","15":"taxable","16":"shipping-taxable","17":"purchasable","18":"product-type-simple"},"yoast_head":"<!-- This site is optimized with the Yoast SEO plugin v27.4 - https:\/\/yoast.com\/product\/yoast-seo-wordpress\/ -->\n<title>SanDisk Extreme UHS-I microSDXC C10 A2 128GB -<\/title>\n<meta name=\"description\" content=\"Up to 160MB\/s read and 90MB\/s write speeds for fast shooting and transfers. Operating temperature : -25\u00baC to 85\u00baC\" \/>\n<meta name=\"robots\" content=\"index, follow, max-snippet:-1, max-image-preview:large, max-video-preview:-1\" \/>\n<link rel=\"canonical\" href=\"https:\/\/www.ghostysky.com\/es\/producto-2\/sandisk-extreme-uhs-i-microsdxc-c10-a2-128gb\/\" \/>\n<meta property=\"og:locale\" content=\"es_ES\" \/>\n<meta property=\"og:type\" content=\"article\" \/>\n<meta property=\"og:title\" content=\"SanDisk Extreme UHS-I microSDXC C10 A2 128GB -\" \/>\n<meta property=\"og:description\" content=\"Up to 160MB\/s read and 90MB\/s write speeds for fast shooting and transfers. Operating temperature : -25\u00baC to 85\u00baC\" \/>\n<meta property=\"og:url\" content=\"https:\/\/www.ghostysky.com\/es\/producto-2\/sandisk-extreme-uhs-i-microsdxc-c10-a2-128gb\/\" \/>\n<meta property=\"og:site_name\" content=\"Ghostysky\" \/>\n<meta property=\"article:publisher\" content=\"https:\/\/www.facebook.com\/people\/Ghostysky\/100057676170234\/\" \/>\n<meta property=\"article:modified_time\" content=\"2024-05-06T18:25:31+00:00\" \/>\n<meta property=\"og:image\" content=\"https:\/\/www.ghostysky.com\/wp-content\/uploads\/2022\/03\/product-p017091-52870_1.jpg\" \/>\n\t<meta property=\"og:image:width\" content=\"700\" \/>\n\t<meta property=\"og:image:height\" content=\"420\" \/>\n\t<meta property=\"og:image:type\" content=\"image\/jpeg\" \/>\n<meta name=\"twitter:card\" content=\"summary_large_image\" \/>\n<meta name=\"twitter:site\" content=\"@Gh0stysky\" \/>\n<meta name=\"twitter:label1\" content=\"Tiempo de lectura\" \/>\n\t<meta name=\"twitter:data1\" content=\"1 minuto\" \/>\n<script type=\"application\/ld+json\" class=\"yoast-schema-graph\">{\"@context\":\"https:\\\/\\\/schema.org\",\"@graph\":[{\"@type\":\"WebPage\",\"@id\":\"https:\\\/\\\/www.ghostysky.com\\\/product\\\/sandisk-extreme-uhs-i-microsdxc-c10-a2-128gb\\\/\",\"url\":\"https:\\\/\\\/www.ghostysky.com\\\/product\\\/sandisk-extreme-uhs-i-microsdxc-c10-a2-128gb\\\/\",\"name\":\"SanDisk Extreme UHS-I microSDXC C10 A2 128GB -\",\"isPartOf\":{\"@id\":\"https:\\\/\\\/www.ghostysky.com\\\/#website\"},\"primaryImageOfPage\":{\"@id\":\"https:\\\/\\\/www.ghostysky.com\\\/product\\\/sandisk-extreme-uhs-i-microsdxc-c10-a2-128gb\\\/#primaryimage\"},\"image\":{\"@id\":\"https:\\\/\\\/www.ghostysky.com\\\/product\\\/sandisk-extreme-uhs-i-microsdxc-c10-a2-128gb\\\/#primaryimage\"},\"thumbnailUrl\":\"https:\\\/\\\/www.ghostysky.com\\\/wp-content\\\/uploads\\\/2022\\\/03\\\/product-p017091-52870_1.jpg\",\"datePublished\":\"2022-03-23T18:38:48+00:00\",\"dateModified\":\"2024-05-06T18:25:31+00:00\",\"description\":\"Up to 160MB\\\/s read and 90MB\\\/s write speeds for fast shooting and transfers. Operating temperature : -25\u00baC to 85\u00baC\",\"breadcrumb\":{\"@id\":\"https:\\\/\\\/www.ghostysky.com\\\/product\\\/sandisk-extreme-uhs-i-microsdxc-c10-a2-128gb\\\/#breadcrumb\"},\"inLanguage\":\"es\",\"potentialAction\":[{\"@type\":\"ReadAction\",\"target\":[\"https:\\\/\\\/www.ghostysky.com\\\/product\\\/sandisk-extreme-uhs-i-microsdxc-c10-a2-128gb\\\/\"]}]},{\"@type\":\"ImageObject\",\"inLanguage\":\"es\",\"@id\":\"https:\\\/\\\/www.ghostysky.com\\\/product\\\/sandisk-extreme-uhs-i-microsdxc-c10-a2-128gb\\\/#primaryimage\",\"url\":\"https:\\\/\\\/www.ghostysky.com\\\/wp-content\\\/uploads\\\/2022\\\/03\\\/product-p017091-52870_1.jpg\",\"contentUrl\":\"https:\\\/\\\/www.ghostysky.com\\\/wp-content\\\/uploads\\\/2022\\\/03\\\/product-p017091-52870_1.jpg\",\"width\":700,\"height\":420},{\"@type\":\"BreadcrumbList\",\"@id\":\"https:\\\/\\\/www.ghostysky.com\\\/product\\\/sandisk-extreme-uhs-i-microsdxc-c10-a2-128gb\\\/#breadcrumb\",\"itemListElement\":[{\"@type\":\"ListItem\",\"position\":1,\"name\":\"Home\",\"item\":\"https:\\\/\\\/www.ghostysky.com\\\/\"},{\"@type\":\"ListItem\",\"position\":2,\"name\":\"Shop\",\"item\":\"https:\\\/\\\/www.ghostysky.com\\\/shop\\\/\"},{\"@type\":\"ListItem\",\"position\":3,\"name\":\"SanDisk Extreme UHS-I microSDXC C10 A2 128GB\"}]},{\"@type\":\"WebSite\",\"@id\":\"https:\\\/\\\/www.ghostysky.com\\\/#website\",\"url\":\"https:\\\/\\\/www.ghostysky.com\\\/\",\"name\":\"Ghostysky\",\"description\":\"Delivering professional drones and robotics solutions\",\"publisher\":{\"@id\":\"https:\\\/\\\/www.ghostysky.com\\\/#organization\"},\"potentialAction\":[{\"@type\":\"SearchAction\",\"target\":{\"@type\":\"EntryPoint\",\"urlTemplate\":\"https:\\\/\\\/www.ghostysky.com\\\/?s={search_term_string}\"},\"query-input\":{\"@type\":\"PropertyValueSpecification\",\"valueRequired\":true,\"valueName\":\"search_term_string\"}}],\"inLanguage\":\"es\"},{\"@type\":\"Organization\",\"@id\":\"https:\\\/\\\/www.ghostysky.com\\\/#organization\",\"name\":\"Ghostysky\",\"url\":\"https:\\\/\\\/www.ghostysky.com\\\/\",\"logo\":{\"@type\":\"ImageObject\",\"inLanguage\":\"es\",\"@id\":\"https:\\\/\\\/www.ghostysky.com\\\/#\\\/schema\\\/logo\\\/image\\\/\",\"url\":\"https:\\\/\\\/www.ghostysky.com\\\/wp-content\\\/uploads\\\/2020\\\/06\\\/cropped-ghostyskylogo_text_white2.png\",\"contentUrl\":\"https:\\\/\\\/www.ghostysky.com\\\/wp-content\\\/uploads\\\/2020\\\/06\\\/cropped-ghostyskylogo_text_white2.png\",\"width\":169,\"height\":56,\"caption\":\"Ghostysky\"},\"image\":{\"@id\":\"https:\\\/\\\/www.ghostysky.com\\\/#\\\/schema\\\/logo\\\/image\\\/\"},\"sameAs\":[\"https:\\\/\\\/www.facebook.com\\\/people\\\/Ghostysky\\\/100057676170234\\\/\",\"https:\\\/\\\/x.com\\\/Gh0stysky\",\"https:\\\/\\\/www.linkedin.com\\\/company\\\/34739653\",\"https:\\\/\\\/www.instagram.com\\\/gh0stysky\"]}]}<\/script>\n<!-- \/ Yoast SEO plugin. -->","yoast_head_json":{"title":"SanDisk Extreme UHS-I microSDXC C10 A2 128GB -","description":"Velocidades de lectura de hasta 160 MB\/s y de escritura de 90 MB\/s para capturas y transferencias r\u00e1pidas. Temperatura de funcionamiento : -25\u00baC a 85\u00baC","robots":{"index":"index","follow":"follow","max-snippet":"max-snippet:-1","max-image-preview":"max-image-preview:large","max-video-preview":"max-video-preview:-1"},"canonical":"https:\/\/www.ghostysky.com\/es\/producto-2\/sandisk-extreme-uhs-i-microsdxc-c10-a2-128gb\/","og_locale":"es_ES","og_type":"article","og_title":"SanDisk Extreme UHS-I microSDXC C10 A2 128GB -","og_description":"Up to 160MB\/s read and 90MB\/s write speeds for fast shooting and transfers. Operating temperature : -25\u00baC to 85\u00baC","og_url":"https:\/\/www.ghostysky.com\/es\/producto-2\/sandisk-extreme-uhs-i-microsdxc-c10-a2-128gb\/","og_site_name":"Ghostysky","article_publisher":"https:\/\/www.facebook.com\/people\/Ghostysky\/100057676170234\/","article_modified_time":"2024-05-06T18:25:31+00:00","og_image":[{"width":700,"height":420,"url":"https:\/\/www.ghostysky.com\/wp-content\/uploads\/2022\/03\/product-p017091-52870_1.jpg","type":"image\/jpeg"}],"twitter_card":"summary_large_image","twitter_site":"@Gh0stysky","twitter_misc":{"Tiempo de lectura":"1 minuto"},"schema":{"@context":"https:\/\/schema.org","@graph":[{"@type":"WebPage","@id":"https:\/\/www.ghostysky.com\/product\/sandisk-extreme-uhs-i-microsdxc-c10-a2-128gb\/","url":"https:\/\/www.ghostysky.com\/product\/sandisk-extreme-uhs-i-microsdxc-c10-a2-128gb\/","name":"SanDisk Extreme UHS-I microSDXC C10 A2 128GB -","isPartOf":{"@id":"https:\/\/www.ghostysky.com\/#website"},"primaryImageOfPage":{"@id":"https:\/\/www.ghostysky.com\/product\/sandisk-extreme-uhs-i-microsdxc-c10-a2-128gb\/#primaryimage"},"image":{"@id":"https:\/\/www.ghostysky.com\/product\/sandisk-extreme-uhs-i-microsdxc-c10-a2-128gb\/#primaryimage"},"thumbnailUrl":"https:\/\/www.ghostysky.com\/wp-content\/uploads\/2022\/03\/product-p017091-52870_1.jpg","datePublished":"2022-03-23T18:38:48+00:00","dateModified":"2024-05-06T18:25:31+00:00","description":"Velocidades de lectura de hasta 160 MB\/s y de escritura de 90 MB\/s para capturas y transferencias r\u00e1pidas. Temperatura de funcionamiento : -25\u00baC a 85\u00baC","breadcrumb":{"@id":"https:\/\/www.ghostysky.com\/product\/sandisk-extreme-uhs-i-microsdxc-c10-a2-128gb\/#breadcrumb"},"inLanguage":"es","potentialAction":[{"@type":"ReadAction","target":["https:\/\/www.ghostysky.com\/product\/sandisk-extreme-uhs-i-microsdxc-c10-a2-128gb\/"]}]},{"@type":"ImageObject","inLanguage":"es","@id":"https:\/\/www.ghostysky.com\/product\/sandisk-extreme-uhs-i-microsdxc-c10-a2-128gb\/#primaryimage","url":"https:\/\/www.ghostysky.com\/wp-content\/uploads\/2022\/03\/product-p017091-52870_1.jpg","contentUrl":"https:\/\/www.ghostysky.com\/wp-content\/uploads\/2022\/03\/product-p017091-52870_1.jpg","width":700,"height":420},{"@type":"BreadcrumbList","@id":"https:\/\/www.ghostysky.com\/product\/sandisk-extreme-uhs-i-microsdxc-c10-a2-128gb\/#breadcrumb","itemListElement":[{"@type":"ListItem","position":1,"name":"Home","item":"https:\/\/www.ghostysky.com\/"},{"@type":"ListItem","position":2,"name":"Shop","item":"https:\/\/www.ghostysky.com\/shop\/"},{"@type":"ListItem","position":3,"name":"SanDisk Extreme UHS-I microSDXC C10 A2 128GB"}]},{"@type":"WebSite","@id":"https:\/\/www.ghostysky.com\/#website","url":"https:\/\/www.ghostysky.com\/","name":"Ghostysky","description":"Ofrecemos soluciones profesionales de drones y rob\u00f3tica.","publisher":{"@id":"https:\/\/www.ghostysky.com\/#organization"},"potentialAction":[{"@type":"SearchAction","target":{"@type":"EntryPoint","urlTemplate":"https:\/\/www.ghostysky.com\/?s={search_term_string}"},"query-input":{"@type":"PropertyValueSpecification","valueRequired":true,"valueName":"search_term_string"}}],"inLanguage":"es"},{"@type":"Organization","@id":"https:\/\/www.ghostysky.com\/#organization","name":"Ghostysky","url":"https:\/\/www.ghostysky.com\/","logo":{"@type":"ImageObject","inLanguage":"es","@id":"https:\/\/www.ghostysky.com\/#\/schema\/logo\/image\/","url":"https:\/\/www.ghostysky.com\/wp-content\/uploads\/2020\/06\/cropped-ghostyskylogo_text_white2.png","contentUrl":"https:\/\/www.ghostysky.com\/wp-content\/uploads\/2020\/06\/cropped-ghostyskylogo_text_white2.png","width":169,"height":56,"caption":"Ghostysky"},"image":{"@id":"https:\/\/www.ghostysky.com\/#\/schema\/logo\/image\/"},"sameAs":["https:\/\/www.facebook.com\/people\/Ghostysky\/100057676170234\/","https:\/\/x.com\/Gh0stysky","https:\/\/www.linkedin.com\/company\/34739653","https:\/\/www.instagram.com\/gh0stysky"]}]}},"_links":{"self":[{"href":"https:\/\/www.ghostysky.com\/es\/wp-json\/wp\/v2\/product\/6347","targetHints":{"allow":["GET"]}}],"collection":[{"href":"https:\/\/www.ghostysky.com\/es\/wp-json\/wp\/v2\/product"}],"about":[{"href":"https:\/\/www.ghostysky.com\/es\/wp-json\/wp\/v2\/types\/product"}],"replies":[{"embeddable":true,"href":"https:\/\/www.ghostysky.com\/es\/wp-json\/wp\/v2\/comments?post=6347"}],"version-history":[{"count":0,"href":"https:\/\/www.ghostysky.com\/es\/wp-json\/wp\/v2\/product\/6347\/revisions"}],"wp:featuredmedia":[{"embeddable":true,"href":"https:\/\/www.ghostysky.com\/es\/wp-json\/wp\/v2\/media\/6348"}],"wp:attachment":[{"href":"https:\/\/www.ghostysky.com\/es\/wp-json\/wp\/v2\/media?parent=6347"}],"wp:term":[{"taxonomy":"product_brand","embeddable":true,"href":"https:\/\/www.ghostysky.com\/es\/wp-json\/wp\/v2\/product_brand?post=6347"},{"taxonomy":"product_cat","embeddable":true,"href":"https:\/\/www.ghostysky.com\/es\/wp-json\/wp\/v2\/product_cat?post=6347"},{"taxonomy":"product_tag","embeddable":true,"href":"https:\/\/www.ghostysky.com\/es\/wp-json\/wp\/v2\/product_tag?post=6347"}],"curies":[{"name":"wp","href":"https:\/\/api.w.org\/{rel}","templated":true}]}}