{"id":6350,"date":"2022-03-23T18:46:45","date_gmt":"2022-03-23T18:46:45","guid":{"rendered":"https:\/\/www.ghostysky.com\/?post_type=product&#038;p=6350"},"modified":"2024-05-06T18:25:24","modified_gmt":"2024-05-06T18:25:24","slug":"carbon-fiber-propellers-1-pair","status":"publish","type":"product","link":"https:\/\/www.ghostysky.com\/es\/product\/carbon-fiber-propellers-1-pair\/","title":{"rendered":"H\u00e9lices de fibra de carbono (1 par)"},"content":{"rendered":"<table id=\"product-attribute-specs-table\" class=\"data-table table\">\n<tbody>\n<tr class=\"first odd\">\n<th class=\"label\" style=\"text-align: left; width: 90.671875px;\">Descripci\u00f3n general<\/th>\n<td class=\"data last\" style=\"width: 444.328125px;\">La h\u00e9lice de fibra de carbono de liberaci\u00f3n r\u00e1pida 1242 est\u00e1 especialmente dise\u00f1ada para el SplashDrone.<\/td>\n<\/tr>\n<tr class=\"first odd\">\n<th class=\"label\" style=\"text-align: left; width: 90.671875px;\">Reflejos<\/th>\n<td class=\"data last\" style=\"width: 444.328125px;\">Mejor eficiencia aerodin\u00e1mica y mayor capacidad de elevaci\u00f3n.<br \/>\nFibra de carbono completa, fuerte, duradera, confiable y liviana.<br \/>\nF\u00e1cil de instalar y quitar.<\/td>\n<\/tr>\n<tr class=\"first odd\">\n<th class=\"label\" style=\"text-align: left; width: 90.671875px;\">En el cuadro<\/th>\n<td class=\"data last\" style=\"width: 444.328125px;\">Par de h\u00e9lices \u00d7 1<\/td>\n<\/tr>\n<tr class=\"first odd\">\n<th class=\"label\" style=\"text-align: left; width: 90.671875px;\">Compatibilidad<\/th>\n<td class=\"data last\" style=\"width: 444.328125px;\">SplashDrone 3\/3+, SplashDrone 4, Pescador FD1<\/td>\n<\/tr>\n<\/tbody>\n<\/table>","protected":false},"excerpt":{"rendered":"<p><strong>H\u00e9lices de fibra de carbono con sistema de liberaci\u00f3n r\u00e1pida para Splash Drone 3\/3+\/4<\/strong><\/p>\n<p>H\u00e9lices de fibra de carbono de liberaci\u00f3n r\u00e1pida #1242- 12\u2033<\/p>\n<ul>\n<li>F\u00e1cil y r\u00e1pido de instalar y quitar.<\/li>\n<li>H\u00e9lices dise\u00f1adas con eficiencia aerodin\u00e1mica y mayor capacidad de elevaci\u00f3n.<\/li>\n<li>Fabricado con fibra de carbono: muy resistente, duradero, fiable y ligero.<\/li>\n<li>Compatible con <strong>Splash Drone 3, Splash Drone 3+ y Splash Drone 4<\/strong>.<\/li>\n<li>Paquete en pares, incluyendo una h\u00e9lice CW y una h\u00e9lice CCW.<\/li>\n<\/ul>","protected":false},"featured_media":6351,"comment_status":"open","ping_status":"closed","template":"","meta":[],"product_brand":[],"product_cat":[305,29,278],"product_tag":[344,279],"class_list":{"0":"post-6350","1":"product","2":"type-product","3":"status-publish","4":"has-post-thumbnail","6":"product_cat-accessories-swellpro","7":"product_cat-drones","8":"product_cat-swellpro","9":"product_tag-carbon-fiber-propellers","10":"product_tag-swellpro","12":"first","13":"onbackorder","14":"taxable","15":"shipping-taxable","16":"purchasable","17":"product-type-simple"},"yoast_head":"<!-- This site is optimized with the Yoast SEO plugin v27.4 - https:\/\/yoast.com\/product\/yoast-seo-wordpress\/ -->\n<title>Carbon Fiber Propellers ( 1 Pair ) -<\/title>\n<meta name=\"description\" content=\"Carbon fiber propellers with quick release system for Splash Drone 3\/3+\/4Quick release carbon fiber propellers #1242- 12\u2033\" \/>\n<meta name=\"robots\" content=\"index, follow, max-snippet:-1, max-image-preview:large, max-video-preview:-1\" \/>\n<link rel=\"canonical\" href=\"https:\/\/www.ghostysky.com\/es\/producto-2\/carbon-fiber-propellers-1-pair\/\" \/>\n<meta property=\"og:locale\" content=\"es_ES\" \/>\n<meta property=\"og:type\" content=\"article\" \/>\n<meta property=\"og:title\" content=\"Carbon Fiber Propellers ( 1 Pair ) -\" \/>\n<meta property=\"og:description\" content=\"Carbon fiber propellers with quick release system for Splash Drone 3\/3+\/4Quick release carbon fiber propellers #1242- 12\u2033\" \/>\n<meta property=\"og:url\" content=\"https:\/\/www.ghostysky.com\/es\/producto-2\/carbon-fiber-propellers-1-pair\/\" \/>\n<meta property=\"og:site_name\" content=\"Ghostysky\" \/>\n<meta property=\"article:publisher\" content=\"https:\/\/www.facebook.com\/people\/Ghostysky\/100057676170234\/\" \/>\n<meta property=\"article:modified_time\" content=\"2024-05-06T18:25:24+00:00\" \/>\n<meta property=\"og:image\" content=\"https:\/\/www.ghostysky.com\/wp-content\/uploads\/2022\/03\/splash-drone-propellers_800x.webp\" \/>\n\t<meta property=\"og:image:width\" content=\"800\" \/>\n\t<meta property=\"og:image:height\" content=\"800\" \/>\n\t<meta property=\"og:image:type\" content=\"image\/webp\" \/>\n<meta name=\"twitter:card\" content=\"summary_large_image\" \/>\n<meta name=\"twitter:site\" content=\"@Gh0stysky\" \/>\n<meta name=\"twitter:label1\" content=\"Tiempo de lectura\" \/>\n\t<meta name=\"twitter:data1\" content=\"1 minuto\" \/>\n<script type=\"application\/ld+json\" class=\"yoast-schema-graph\">{\"@context\":\"https:\\\/\\\/schema.org\",\"@graph\":[{\"@type\":\"WebPage\",\"@id\":\"https:\\\/\\\/www.ghostysky.com\\\/product\\\/carbon-fiber-propellers-1-pair\\\/\",\"url\":\"https:\\\/\\\/www.ghostysky.com\\\/product\\\/carbon-fiber-propellers-1-pair\\\/\",\"name\":\"Carbon Fiber Propellers ( 1 Pair ) -\",\"isPartOf\":{\"@id\":\"https:\\\/\\\/www.ghostysky.com\\\/#website\"},\"primaryImageOfPage\":{\"@id\":\"https:\\\/\\\/www.ghostysky.com\\\/product\\\/carbon-fiber-propellers-1-pair\\\/#primaryimage\"},\"image\":{\"@id\":\"https:\\\/\\\/www.ghostysky.com\\\/product\\\/carbon-fiber-propellers-1-pair\\\/#primaryimage\"},\"thumbnailUrl\":\"https:\\\/\\\/www.ghostysky.com\\\/wp-content\\\/uploads\\\/2022\\\/03\\\/splash-drone-propellers_800x.webp\",\"datePublished\":\"2022-03-23T18:46:45+00:00\",\"dateModified\":\"2024-05-06T18:25:24+00:00\",\"description\":\"Carbon fiber propellers with quick release system for Splash Drone 3\\\/3+\\\/4Quick release carbon fiber propellers #1242- 12\u2033\",\"breadcrumb\":{\"@id\":\"https:\\\/\\\/www.ghostysky.com\\\/product\\\/carbon-fiber-propellers-1-pair\\\/#breadcrumb\"},\"inLanguage\":\"es\",\"potentialAction\":[{\"@type\":\"ReadAction\",\"target\":[\"https:\\\/\\\/www.ghostysky.com\\\/product\\\/carbon-fiber-propellers-1-pair\\\/\"]}]},{\"@type\":\"ImageObject\",\"inLanguage\":\"es\",\"@id\":\"https:\\\/\\\/www.ghostysky.com\\\/product\\\/carbon-fiber-propellers-1-pair\\\/#primaryimage\",\"url\":\"https:\\\/\\\/www.ghostysky.com\\\/wp-content\\\/uploads\\\/2022\\\/03\\\/splash-drone-propellers_800x.webp\",\"contentUrl\":\"https:\\\/\\\/www.ghostysky.com\\\/wp-content\\\/uploads\\\/2022\\\/03\\\/splash-drone-propellers_800x.webp\",\"width\":800,\"height\":800},{\"@type\":\"BreadcrumbList\",\"@id\":\"https:\\\/\\\/www.ghostysky.com\\\/product\\\/carbon-fiber-propellers-1-pair\\\/#breadcrumb\",\"itemListElement\":[{\"@type\":\"ListItem\",\"position\":1,\"name\":\"Home\",\"item\":\"https:\\\/\\\/www.ghostysky.com\\\/\"},{\"@type\":\"ListItem\",\"position\":2,\"name\":\"Shop\",\"item\":\"https:\\\/\\\/www.ghostysky.com\\\/shop\\\/\"},{\"@type\":\"ListItem\",\"position\":3,\"name\":\"Carbon Fiber Propellers ( 1 Pair )\"}]},{\"@type\":\"WebSite\",\"@id\":\"https:\\\/\\\/www.ghostysky.com\\\/#website\",\"url\":\"https:\\\/\\\/www.ghostysky.com\\\/\",\"name\":\"Ghostysky\",\"description\":\"Delivering professional drones and robotics solutions\",\"publisher\":{\"@id\":\"https:\\\/\\\/www.ghostysky.com\\\/#organization\"},\"potentialAction\":[{\"@type\":\"SearchAction\",\"target\":{\"@type\":\"EntryPoint\",\"urlTemplate\":\"https:\\\/\\\/www.ghostysky.com\\\/?s={search_term_string}\"},\"query-input\":{\"@type\":\"PropertyValueSpecification\",\"valueRequired\":true,\"valueName\":\"search_term_string\"}}],\"inLanguage\":\"es\"},{\"@type\":\"Organization\",\"@id\":\"https:\\\/\\\/www.ghostysky.com\\\/#organization\",\"name\":\"Ghostysky\",\"url\":\"https:\\\/\\\/www.ghostysky.com\\\/\",\"logo\":{\"@type\":\"ImageObject\",\"inLanguage\":\"es\",\"@id\":\"https:\\\/\\\/www.ghostysky.com\\\/#\\\/schema\\\/logo\\\/image\\\/\",\"url\":\"https:\\\/\\\/www.ghostysky.com\\\/wp-content\\\/uploads\\\/2020\\\/06\\\/cropped-ghostyskylogo_text_white2.png\",\"contentUrl\":\"https:\\\/\\\/www.ghostysky.com\\\/wp-content\\\/uploads\\\/2020\\\/06\\\/cropped-ghostyskylogo_text_white2.png\",\"width\":169,\"height\":56,\"caption\":\"Ghostysky\"},\"image\":{\"@id\":\"https:\\\/\\\/www.ghostysky.com\\\/#\\\/schema\\\/logo\\\/image\\\/\"},\"sameAs\":[\"https:\\\/\\\/www.facebook.com\\\/people\\\/Ghostysky\\\/100057676170234\\\/\",\"https:\\\/\\\/x.com\\\/Gh0stysky\",\"https:\\\/\\\/www.linkedin.com\\\/company\\\/34739653\",\"https:\\\/\\\/www.instagram.com\\\/gh0stysky\"]}]}<\/script>\n<!-- \/ Yoast SEO plugin. -->","yoast_head_json":{"title":"H\u00e9lices de fibra de carbono ( 1 par ) -","description":"H\u00e9lices de fibra de carbono con sistema de liberaci\u00f3n r\u00e1pida para Splash Drone 3\/3+\/4H\u00e9lices de fibra de carbono de liberaci\u00f3n r\u00e1pida #1242- 12\u2033","robots":{"index":"index","follow":"follow","max-snippet":"max-snippet:-1","max-image-preview":"max-image-preview:large","max-video-preview":"max-video-preview:-1"},"canonical":"https:\/\/www.ghostysky.com\/es\/producto-2\/carbon-fiber-propellers-1-pair\/","og_locale":"es_ES","og_type":"article","og_title":"Carbon Fiber Propellers ( 1 Pair ) -","og_description":"Carbon fiber propellers with quick release system for Splash Drone 3\/3+\/4Quick release carbon fiber propellers #1242- 12\u2033","og_url":"https:\/\/www.ghostysky.com\/es\/producto-2\/carbon-fiber-propellers-1-pair\/","og_site_name":"Ghostysky","article_publisher":"https:\/\/www.facebook.com\/people\/Ghostysky\/100057676170234\/","article_modified_time":"2024-05-06T18:25:24+00:00","og_image":[{"width":800,"height":800,"url":"https:\/\/www.ghostysky.com\/wp-content\/uploads\/2022\/03\/splash-drone-propellers_800x.webp","type":"image\/webp"}],"twitter_card":"summary_large_image","twitter_site":"@Gh0stysky","twitter_misc":{"Tiempo de lectura":"1 minuto"},"schema":{"@context":"https:\/\/schema.org","@graph":[{"@type":"WebPage","@id":"https:\/\/www.ghostysky.com\/product\/carbon-fiber-propellers-1-pair\/","url":"https:\/\/www.ghostysky.com\/product\/carbon-fiber-propellers-1-pair\/","name":"H\u00e9lices de fibra de carbono ( 1 par ) -","isPartOf":{"@id":"https:\/\/www.ghostysky.com\/#website"},"primaryImageOfPage":{"@id":"https:\/\/www.ghostysky.com\/product\/carbon-fiber-propellers-1-pair\/#primaryimage"},"image":{"@id":"https:\/\/www.ghostysky.com\/product\/carbon-fiber-propellers-1-pair\/#primaryimage"},"thumbnailUrl":"https:\/\/www.ghostysky.com\/wp-content\/uploads\/2022\/03\/splash-drone-propellers_800x.webp","datePublished":"2022-03-23T18:46:45+00:00","dateModified":"2024-05-06T18:25:24+00:00","description":"H\u00e9lices de fibra de carbono con sistema de liberaci\u00f3n r\u00e1pida para Splash Drone 3\/3+\/4H\u00e9lices de fibra de carbono de liberaci\u00f3n r\u00e1pida #1242- 12\u2033","breadcrumb":{"@id":"https:\/\/www.ghostysky.com\/product\/carbon-fiber-propellers-1-pair\/#breadcrumb"},"inLanguage":"es","potentialAction":[{"@type":"ReadAction","target":["https:\/\/www.ghostysky.com\/product\/carbon-fiber-propellers-1-pair\/"]}]},{"@type":"ImageObject","inLanguage":"es","@id":"https:\/\/www.ghostysky.com\/product\/carbon-fiber-propellers-1-pair\/#primaryimage","url":"https:\/\/www.ghostysky.com\/wp-content\/uploads\/2022\/03\/splash-drone-propellers_800x.webp","contentUrl":"https:\/\/www.ghostysky.com\/wp-content\/uploads\/2022\/03\/splash-drone-propellers_800x.webp","width":800,"height":800},{"@type":"BreadcrumbList","@id":"https:\/\/www.ghostysky.com\/product\/carbon-fiber-propellers-1-pair\/#breadcrumb","itemListElement":[{"@type":"ListItem","position":1,"name":"Home","item":"https:\/\/www.ghostysky.com\/"},{"@type":"ListItem","position":2,"name":"Shop","item":"https:\/\/www.ghostysky.com\/shop\/"},{"@type":"ListItem","position":3,"name":"Carbon Fiber Propellers ( 1 Pair )"}]},{"@type":"WebSite","@id":"https:\/\/www.ghostysky.com\/#website","url":"https:\/\/www.ghostysky.com\/","name":"Ghostysky","description":"Ofrecemos soluciones profesionales de drones y rob\u00f3tica.","publisher":{"@id":"https:\/\/www.ghostysky.com\/#organization"},"potentialAction":[{"@type":"SearchAction","target":{"@type":"EntryPoint","urlTemplate":"https:\/\/www.ghostysky.com\/?s={search_term_string}"},"query-input":{"@type":"PropertyValueSpecification","valueRequired":true,"valueName":"search_term_string"}}],"inLanguage":"es"},{"@type":"Organization","@id":"https:\/\/www.ghostysky.com\/#organization","name":"Ghostysky","url":"https:\/\/www.ghostysky.com\/","logo":{"@type":"ImageObject","inLanguage":"es","@id":"https:\/\/www.ghostysky.com\/#\/schema\/logo\/image\/","url":"https:\/\/www.ghostysky.com\/wp-content\/uploads\/2020\/06\/cropped-ghostyskylogo_text_white2.png","contentUrl":"https:\/\/www.ghostysky.com\/wp-content\/uploads\/2020\/06\/cropped-ghostyskylogo_text_white2.png","width":169,"height":56,"caption":"Ghostysky"},"image":{"@id":"https:\/\/www.ghostysky.com\/#\/schema\/logo\/image\/"},"sameAs":["https:\/\/www.facebook.com\/people\/Ghostysky\/100057676170234\/","https:\/\/x.com\/Gh0stysky","https:\/\/www.linkedin.com\/company\/34739653","https:\/\/www.instagram.com\/gh0stysky"]}]}},"_links":{"self":[{"href":"https:\/\/www.ghostysky.com\/es\/wp-json\/wp\/v2\/product\/6350","targetHints":{"allow":["GET"]}}],"collection":[{"href":"https:\/\/www.ghostysky.com\/es\/wp-json\/wp\/v2\/product"}],"about":[{"href":"https:\/\/www.ghostysky.com\/es\/wp-json\/wp\/v2\/types\/product"}],"replies":[{"embeddable":true,"href":"https:\/\/www.ghostysky.com\/es\/wp-json\/wp\/v2\/comments?post=6350"}],"version-history":[{"count":0,"href":"https:\/\/www.ghostysky.com\/es\/wp-json\/wp\/v2\/product\/6350\/revisions"}],"wp:featuredmedia":[{"embeddable":true,"href":"https:\/\/www.ghostysky.com\/es\/wp-json\/wp\/v2\/media\/6351"}],"wp:attachment":[{"href":"https:\/\/www.ghostysky.com\/es\/wp-json\/wp\/v2\/media?parent=6350"}],"wp:term":[{"taxonomy":"product_brand","embeddable":true,"href":"https:\/\/www.ghostysky.com\/es\/wp-json\/wp\/v2\/product_brand?post=6350"},{"taxonomy":"product_cat","embeddable":true,"href":"https:\/\/www.ghostysky.com\/es\/wp-json\/wp\/v2\/product_cat?post=6350"},{"taxonomy":"product_tag","embeddable":true,"href":"https:\/\/www.ghostysky.com\/es\/wp-json\/wp\/v2\/product_tag?post=6350"}],"curies":[{"name":"wp","href":"https:\/\/api.w.org\/{rel}","templated":true}]}}