{"id":6361,"date":"2022-03-23T19:02:04","date_gmt":"2022-03-23T19:02:04","guid":{"rendered":"https:\/\/www.ghostysky.com\/?post_type=product&#038;p=6361"},"modified":"2025-12-16T16:37:38","modified_gmt":"2025-12-16T16:37:38","slug":"dual-usage-fpv-screen-goggle-gl1","status":"publish","type":"product","link":"https:\/\/www.ghostysky.com\/es\/product\/dual-usage-fpv-screen-goggle-gl1\/","title":{"rendered":"Pantalla y gafas FPV de uso dual (GL1)"},"content":{"rendered":"<table id=\"product-attribute-specs-table\" class=\"data-table table\">\n<tbody>\n<tr class=\"first odd\">\n<th class=\"label\" style=\"text-align: left; width: 90.671875px;\">Descripci\u00f3n general<\/th>\n<td class=\"data last\" style=\"width: 444.328125px;\">GL-1 es una m\u00e1scara FPV especialmente dise\u00f1ada para Fisherman FD1, Spry+ y Splashdrone 4, permite una mejor experiencia inmersiva y sin fricciones para filmaci\u00f3n a\u00e9rea, pesca y carreras FPV.<\/td>\n<\/tr>\n<tr class=\"first odd\">\n<th class=\"label\" style=\"text-align: left; width: 90.671875px;\">Reflejos<\/th>\n<td class=\"data last\" style=\"width: 444.328125px;\">Vista en vivo inmersiva<br \/>\nGrabaci\u00f3n en tiempo real<br \/>\nRecepci\u00f3n de radio dual confiable<br \/>\nAlta resoluci\u00f3n y brillo<\/td>\n<\/tr>\n<tr class=\"first odd\">\n<th class=\"label\" style=\"text-align: left; width: 90.671875px;\">Especificaci\u00f3n<\/th>\n<td class=\"data last\" style=\"width: 444.328125px;\">Tama\u00f1o de pantalla: 5\u201d<br \/>\nResoluci\u00f3n: 800*480<br \/>\nRelaci\u00f3n de visualizaci\u00f3n: 16:9<br \/>\nBrillo: 300cd\/m\u00b2<br \/>\nRetardo de video: menos de 20ms<br \/>\nLente: lente Fresnel 8x con una transmisi\u00f3n de luz de 92%<br \/>\nAntena: RP-SMA macho x2<br \/>\nUSB: solo carga (la corriente m\u00e1xima es de 500 mA)<br \/>\nRanura para tarjeta: tarjeta TF con un soporte m\u00e1ximo de 64G (recomendado C10)<br \/>\nResoluci\u00f3n de grabaci\u00f3n: VGA\/D1\/HD configurable<br \/>\nVelocidad de fotogramas: 30 fotogramas<br \/>\nFormato de compresi\u00f3n: MJPEG<br \/>\nFormato de v\u00eddeo: AVI<br \/>\nBater\u00eda: 3,7 V\/2000 mAh<br \/>\nDimensiones: 180* 140*84mm<br \/>\nPeso: 393g<\/td>\n<\/tr>\n<tr class=\"first odd\">\n<th class=\"label\" style=\"text-align: left; width: 90.671875px;\">En el cuadro<\/th>\n<td class=\"data last\" style=\"width: 444.328125px;\">Pantalla y gafas FPV (GL1) \u00d7 1<\/td>\n<\/tr>\n<tr class=\"first odd\">\n<th class=\"label\" style=\"text-align: left; width: 90.671875px;\">Compatibilidad<\/th>\n<td class=\"data last\" style=\"width: 444.328125px;\">Spry+, pescador FD1, Splashdrone 4<\/td>\n<\/tr>\n<\/tbody>\n<\/table>","protected":false},"excerpt":{"rendered":"<p class=\"translation-block\"><strong>GL-1 es una m\u00e1scara FPV<\/strong> especialmente dise\u00f1ada para <strong>SwellPro Fisherman, Spry+ y Splashdrone 4<\/strong> , permite una mejor experiencia inmersiva y sin fricciones para filmaci\u00f3n a\u00e9rea, pesca y carreras FPV.<\/p>","protected":false},"featured_media":6362,"comment_status":"open","ping_status":"closed","template":"","meta":[],"product_brand":[],"product_cat":[305,29,278],"product_tag":[347,348,349,321,279],"class_list":{"0":"post-6361","1":"product","2":"type-product","3":"status-publish","4":"has-post-thumbnail","6":"product_cat-accessories-swellpro","7":"product_cat-drones","8":"product_cat-swellpro","9":"product_tag-dual-usage-fpv-screen-goggle-gl1","10":"product_tag-fisherman-fd1","11":"product_tag-splashdrone-3","12":"product_tag-spry","13":"product_tag-swellpro","15":"first","16":"instock","17":"taxable","18":"shipping-taxable","19":"purchasable","20":"product-type-simple"},"yoast_head":"<!-- This site is optimized with the Yoast SEO plugin v27.1.1 - https:\/\/yoast.com\/product\/yoast-seo-wordpress\/ -->\n<title>Dual Usage FPV screen &amp; goggle (GL1) -<\/title>\n<meta name=\"description\" content=\"GL-1 is an FPV goggle specially designed for SwellPro Fisherman, Spry+ and Splashdrone 4, allows for a better, immersive, frictionless experience for aerial filming, fishing and FPV racing.\" \/>\n<meta name=\"robots\" content=\"index, follow, max-snippet:-1, max-image-preview:large, max-video-preview:-1\" \/>\n<link rel=\"canonical\" href=\"https:\/\/www.ghostysky.com\/es\/producto-2\/dual-usage-fpv-screen-goggle-gl1\/\" \/>\n<meta property=\"og:locale\" content=\"es_ES\" \/>\n<meta property=\"og:type\" content=\"article\" \/>\n<meta property=\"og:title\" content=\"Dual Usage FPV screen &amp; goggle (GL1) -\" \/>\n<meta property=\"og:description\" content=\"GL-1 is an FPV goggle specially designed for SwellPro Fisherman, Spry+ and Splashdrone 4, allows for a better, immersive, frictionless experience for aerial filming, fishing and FPV racing.\" \/>\n<meta property=\"og:url\" content=\"https:\/\/www.ghostysky.com\/es\/producto-2\/dual-usage-fpv-screen-goggle-gl1\/\" \/>\n<meta property=\"og:site_name\" content=\"Ghostysky\" \/>\n<meta property=\"article:publisher\" content=\"https:\/\/www.facebook.com\/people\/Ghostysky\/100057676170234\/\" \/>\n<meta property=\"article:modified_time\" content=\"2025-12-16T16:37:38+00:00\" \/>\n<meta property=\"og:image\" content=\"https:\/\/www.ghostysky.com\/wp-content\/uploads\/2022\/03\/Swellpro-Fisherman-Spry_-SD3_-FPV-goggle-3_1500x.webp\" \/>\n\t<meta property=\"og:image:width\" content=\"1000\" \/>\n\t<meta property=\"og:image:height\" content=\"1000\" \/>\n\t<meta property=\"og:image:type\" content=\"image\/webp\" \/>\n<meta name=\"twitter:card\" content=\"summary_large_image\" \/>\n<meta name=\"twitter:site\" content=\"@Gh0stysky\" \/>\n<meta name=\"twitter:label1\" content=\"Tiempo de lectura\" \/>\n\t<meta name=\"twitter:data1\" content=\"1 minuto\" \/>\n<script type=\"application\/ld+json\" class=\"yoast-schema-graph\">{\"@context\":\"https:\/\/schema.org\",\"@graph\":[{\"@type\":\"WebPage\",\"@id\":\"https:\/\/www.ghostysky.com\/product\/dual-usage-fpv-screen-goggle-gl1\/\",\"url\":\"https:\/\/www.ghostysky.com\/product\/dual-usage-fpv-screen-goggle-gl1\/\",\"name\":\"Dual Usage FPV screen & goggle (GL1) -\",\"isPartOf\":{\"@id\":\"https:\/\/www.ghostysky.com\/#website\"},\"primaryImageOfPage\":{\"@id\":\"https:\/\/www.ghostysky.com\/product\/dual-usage-fpv-screen-goggle-gl1\/#primaryimage\"},\"image\":{\"@id\":\"https:\/\/www.ghostysky.com\/product\/dual-usage-fpv-screen-goggle-gl1\/#primaryimage\"},\"thumbnailUrl\":\"https:\/\/www.ghostysky.com\/wp-content\/uploads\/2022\/03\/Swellpro-Fisherman-Spry_-SD3_-FPV-goggle-3_1500x.webp\",\"datePublished\":\"2022-03-23T19:02:04+00:00\",\"dateModified\":\"2025-12-16T16:37:38+00:00\",\"description\":\"GL-1 is an FPV goggle specially designed for SwellPro Fisherman, Spry+ and Splashdrone 4, allows for a better, immersive, frictionless experience for aerial filming, fishing and FPV racing.\",\"breadcrumb\":{\"@id\":\"https:\/\/www.ghostysky.com\/product\/dual-usage-fpv-screen-goggle-gl1\/#breadcrumb\"},\"inLanguage\":\"es\",\"potentialAction\":[{\"@type\":\"ReadAction\",\"target\":[\"https:\/\/www.ghostysky.com\/product\/dual-usage-fpv-screen-goggle-gl1\/\"]}]},{\"@type\":\"ImageObject\",\"inLanguage\":\"es\",\"@id\":\"https:\/\/www.ghostysky.com\/product\/dual-usage-fpv-screen-goggle-gl1\/#primaryimage\",\"url\":\"https:\/\/www.ghostysky.com\/wp-content\/uploads\/2022\/03\/Swellpro-Fisherman-Spry_-SD3_-FPV-goggle-3_1500x.webp\",\"contentUrl\":\"https:\/\/www.ghostysky.com\/wp-content\/uploads\/2022\/03\/Swellpro-Fisherman-Spry_-SD3_-FPV-goggle-3_1500x.webp\",\"width\":1000,\"height\":1000},{\"@type\":\"BreadcrumbList\",\"@id\":\"https:\/\/www.ghostysky.com\/product\/dual-usage-fpv-screen-goggle-gl1\/#breadcrumb\",\"itemListElement\":[{\"@type\":\"ListItem\",\"position\":1,\"name\":\"Home\",\"item\":\"https:\/\/www.ghostysky.com\/\"},{\"@type\":\"ListItem\",\"position\":2,\"name\":\"Shop\",\"item\":\"https:\/\/www.ghostysky.com\/shop\/\"},{\"@type\":\"ListItem\",\"position\":3,\"name\":\"Dual Usage FPV screen &#038; goggle (GL1)\"}]},{\"@type\":\"WebSite\",\"@id\":\"https:\/\/www.ghostysky.com\/#website\",\"url\":\"https:\/\/www.ghostysky.com\/\",\"name\":\"Ghostysky\",\"description\":\"Delivering professional drones and services\",\"publisher\":{\"@id\":\"https:\/\/www.ghostysky.com\/#organization\"},\"potentialAction\":[{\"@type\":\"SearchAction\",\"target\":{\"@type\":\"EntryPoint\",\"urlTemplate\":\"https:\/\/www.ghostysky.com\/?s={search_term_string}\"},\"query-input\":{\"@type\":\"PropertyValueSpecification\",\"valueRequired\":true,\"valueName\":\"search_term_string\"}}],\"inLanguage\":\"es\"},{\"@type\":\"Organization\",\"@id\":\"https:\/\/www.ghostysky.com\/#organization\",\"name\":\"Ghostysky\",\"url\":\"https:\/\/www.ghostysky.com\/\",\"logo\":{\"@type\":\"ImageObject\",\"inLanguage\":\"es\",\"@id\":\"https:\/\/www.ghostysky.com\/#\/schema\/logo\/image\/\",\"url\":\"https:\/\/www.ghostysky.com\/wp-content\/uploads\/2020\/06\/cropped-ghostyskylogo_text_white2.png\",\"contentUrl\":\"https:\/\/www.ghostysky.com\/wp-content\/uploads\/2020\/06\/cropped-ghostyskylogo_text_white2.png\",\"width\":169,\"height\":56,\"caption\":\"Ghostysky\"},\"image\":{\"@id\":\"https:\/\/www.ghostysky.com\/#\/schema\/logo\/image\/\"},\"sameAs\":[\"https:\/\/www.facebook.com\/people\/Ghostysky\/100057676170234\/\",\"https:\/\/x.com\/Gh0stysky\",\"https:\/\/www.linkedin.com\/company\/34739653\",\"https:\/\/www.instagram.com\/gh0stysky\"]}]}<\/script>\n<!-- \/ Yoast SEO plugin. -->","yoast_head_json":{"title":"Pantalla y gafas FPV de doble uso (GL1) -","description":"GL-1 es una gafa FPV especialmente dise\u00f1ada para SwellPro Fisherman, Spry+ y Splashdrone 4, que permite una experiencia mejor, inmersiva y sin fricci\u00f3n para filmaci\u00f3n a\u00e9rea, pesca y carreras FPV.","robots":{"index":"index","follow":"follow","max-snippet":"max-snippet:-1","max-image-preview":"max-image-preview:large","max-video-preview":"max-video-preview:-1"},"canonical":"https:\/\/www.ghostysky.com\/es\/producto-2\/dual-usage-fpv-screen-goggle-gl1\/","og_locale":"es_ES","og_type":"article","og_title":"Dual Usage FPV screen & goggle (GL1) -","og_description":"GL-1 is an FPV goggle specially designed for SwellPro Fisherman, Spry+ and Splashdrone 4, allows for a better, immersive, frictionless experience for aerial filming, fishing and FPV racing.","og_url":"https:\/\/www.ghostysky.com\/es\/producto-2\/dual-usage-fpv-screen-goggle-gl1\/","og_site_name":"Ghostysky","article_publisher":"https:\/\/www.facebook.com\/people\/Ghostysky\/100057676170234\/","article_modified_time":"2025-12-16T16:37:38+00:00","og_image":[{"width":1000,"height":1000,"url":"https:\/\/www.ghostysky.com\/wp-content\/uploads\/2022\/03\/Swellpro-Fisherman-Spry_-SD3_-FPV-goggle-3_1500x.webp","type":"image\/webp"}],"twitter_card":"summary_large_image","twitter_site":"@Gh0stysky","twitter_misc":{"Tiempo de lectura":"1 minuto"},"schema":{"@context":"https:\/\/schema.org","@graph":[{"@type":"WebPage","@id":"https:\/\/www.ghostysky.com\/product\/dual-usage-fpv-screen-goggle-gl1\/","url":"https:\/\/www.ghostysky.com\/product\/dual-usage-fpv-screen-goggle-gl1\/","name":"Pantalla y gafas FPV de doble uso (GL1) -","isPartOf":{"@id":"https:\/\/www.ghostysky.com\/#website"},"primaryImageOfPage":{"@id":"https:\/\/www.ghostysky.com\/product\/dual-usage-fpv-screen-goggle-gl1\/#primaryimage"},"image":{"@id":"https:\/\/www.ghostysky.com\/product\/dual-usage-fpv-screen-goggle-gl1\/#primaryimage"},"thumbnailUrl":"https:\/\/www.ghostysky.com\/wp-content\/uploads\/2022\/03\/Swellpro-Fisherman-Spry_-SD3_-FPV-goggle-3_1500x.webp","datePublished":"2022-03-23T19:02:04+00:00","dateModified":"2025-12-16T16:37:38+00:00","description":"GL-1 es una gafa FPV especialmente dise\u00f1ada para SwellPro Fisherman, Spry+ y Splashdrone 4, que permite una experiencia mejor, inmersiva y sin fricci\u00f3n para filmaci\u00f3n a\u00e9rea, pesca y carreras FPV.","breadcrumb":{"@id":"https:\/\/www.ghostysky.com\/product\/dual-usage-fpv-screen-goggle-gl1\/#breadcrumb"},"inLanguage":"es","potentialAction":[{"@type":"ReadAction","target":["https:\/\/www.ghostysky.com\/product\/dual-usage-fpv-screen-goggle-gl1\/"]}]},{"@type":"ImageObject","inLanguage":"es","@id":"https:\/\/www.ghostysky.com\/product\/dual-usage-fpv-screen-goggle-gl1\/#primaryimage","url":"https:\/\/www.ghostysky.com\/wp-content\/uploads\/2022\/03\/Swellpro-Fisherman-Spry_-SD3_-FPV-goggle-3_1500x.webp","contentUrl":"https:\/\/www.ghostysky.com\/wp-content\/uploads\/2022\/03\/Swellpro-Fisherman-Spry_-SD3_-FPV-goggle-3_1500x.webp","width":1000,"height":1000},{"@type":"BreadcrumbList","@id":"https:\/\/www.ghostysky.com\/product\/dual-usage-fpv-screen-goggle-gl1\/#breadcrumb","itemListElement":[{"@type":"ListItem","position":1,"name":"Home","item":"https:\/\/www.ghostysky.com\/"},{"@type":"ListItem","position":2,"name":"Shop","item":"https:\/\/www.ghostysky.com\/shop\/"},{"@type":"ListItem","position":3,"name":"Dual Usage FPV screen &#038; goggle (GL1)"}]},{"@type":"WebSite","@id":"https:\/\/www.ghostysky.com\/#website","url":"https:\/\/www.ghostysky.com\/","name":"Ghostysky","description":"Entrega de drones y servicios profesionales","publisher":{"@id":"https:\/\/www.ghostysky.com\/#organization"},"potentialAction":[{"@type":"SearchAction","target":{"@type":"EntryPoint","urlTemplate":"https:\/\/www.ghostysky.com\/?s={search_term_string}"},"query-input":{"@type":"PropertyValueSpecification","valueRequired":true,"valueName":"search_term_string"}}],"inLanguage":"es"},{"@type":"Organization","@id":"https:\/\/www.ghostysky.com\/#organization","name":"Ghostysky","url":"https:\/\/www.ghostysky.com\/","logo":{"@type":"ImageObject","inLanguage":"es","@id":"https:\/\/www.ghostysky.com\/#\/schema\/logo\/image\/","url":"https:\/\/www.ghostysky.com\/wp-content\/uploads\/2020\/06\/cropped-ghostyskylogo_text_white2.png","contentUrl":"https:\/\/www.ghostysky.com\/wp-content\/uploads\/2020\/06\/cropped-ghostyskylogo_text_white2.png","width":169,"height":56,"caption":"Ghostysky"},"image":{"@id":"https:\/\/www.ghostysky.com\/#\/schema\/logo\/image\/"},"sameAs":["https:\/\/www.facebook.com\/people\/Ghostysky\/100057676170234\/","https:\/\/x.com\/Gh0stysky","https:\/\/www.linkedin.com\/company\/34739653","https:\/\/www.instagram.com\/gh0stysky"]}]}},"_links":{"self":[{"href":"https:\/\/www.ghostysky.com\/es\/wp-json\/wp\/v2\/product\/6361","targetHints":{"allow":["GET"]}}],"collection":[{"href":"https:\/\/www.ghostysky.com\/es\/wp-json\/wp\/v2\/product"}],"about":[{"href":"https:\/\/www.ghostysky.com\/es\/wp-json\/wp\/v2\/types\/product"}],"replies":[{"embeddable":true,"href":"https:\/\/www.ghostysky.com\/es\/wp-json\/wp\/v2\/comments?post=6361"}],"wp:featuredmedia":[{"embeddable":true,"href":"https:\/\/www.ghostysky.com\/es\/wp-json\/wp\/v2\/media\/6362"}],"wp:attachment":[{"href":"https:\/\/www.ghostysky.com\/es\/wp-json\/wp\/v2\/media?parent=6361"}],"wp:term":[{"taxonomy":"product_brand","embeddable":true,"href":"https:\/\/www.ghostysky.com\/es\/wp-json\/wp\/v2\/product_brand?post=6361"},{"taxonomy":"product_cat","embeddable":true,"href":"https:\/\/www.ghostysky.com\/es\/wp-json\/wp\/v2\/product_cat?post=6361"},{"taxonomy":"product_tag","embeddable":true,"href":"https:\/\/www.ghostysky.com\/es\/wp-json\/wp\/v2\/product_tag?post=6361"}],"curies":[{"name":"wp","href":"https:\/\/api.w.org\/{rel}","templated":true}]}}