{"id":6380,"date":"2022-03-24T00:10:20","date_gmt":"2022-03-24T00:10:20","guid":{"rendered":"https:\/\/www.ghostysky.com\/?post_type=product&#038;p=6380"},"modified":"2023-12-20T08:10:20","modified_gmt":"2023-12-20T08:10:20","slug":"video-link-only-for-repairing-uses","status":"publish","type":"product","link":"https:\/\/www.ghostysky.com\/es\/product\/video-link-only-for-repairing-uses\/","title":{"rendered":"Video Link (Solo para usos de reparaci\u00f3n)"},"content":{"rendered":"<table id=\"product-attribute-specs-table\" class=\"data-table table\">\n<tbody>\n<tr class=\"first odd\">\n<th class=\"label\">Descripci\u00f3n general<\/th>\n<td class=\"data last\">El enlace de video ya est\u00e1 integrado en el dron para transmitir videos desde el dron al control remoto. Los clientes solo lo necesitan solo cuando reparan.<br \/>\nEl transmisor de video Mi600C 5.8G FPV est\u00e1 sellado en un cuerpo de aluminio; y es compatible con todos los receptores anal\u00f3gicos del mercado. El Mi600C utiliza un enchufe de 5 pines y un cable de datos plano, lo que lo hace m\u00e1s c\u00f3modo de usar.<\/td>\n<\/tr>\n<tr class=\"first odd\">\n<th class=\"label\">En el cuadro<\/th>\n<td class=\"data last\">ENLACE DE V\u00cdDEO\u00d7 1<\/td>\n<\/tr>\n<tr class=\"first odd\">\n<th class=\"label\">Especificaciones<\/th>\n<td class=\"data last\">Potencia de transmisi\u00f3n: 600mw<br \/>\nFrecuencia: 5.8G<br \/>\nCanal: 40CH<br \/>\nVoltaje de entrada: 7,4 V-28 V<br \/>\nGanancia de antena: 2db~3db<br \/>\nCorriente de trabajo: 220mA @12V<br \/>\nTemperatura de funcionamiento: -20-60 \u2103<br \/>\nFormato de video: NTSC\/PAL Autom\u00e1tico<br \/>\nAncho de banda de v\u00eddeo: 8M<br \/>\nPeso neto: 20g<br \/>\nTama\u00f1o f\u00edsico: 31*23*9mm<br \/>\nRango de se\u00f1al: hasta 2-3 KM<\/td>\n<\/tr>\n<tr class=\"first odd\">\n<th class=\"label\">Compatibilidad<\/th>\n<td class=\"data last\">pescador<\/td>\n<\/tr>\n<\/tbody>\n<\/table>","protected":false},"excerpt":{"rendered":"<ul>\n<li>Dise\u00f1o compacto: encaja perfectamente en el <strong>FD1<\/strong><\/li>\n<li><strong>40 canales diferentes<\/strong>: Compatible con todos los receptores anal\u00f3gicos de 5,8G.<\/li>\n<li>Antena de alta calidad: <strong>Transmisi\u00f3n estable de largo alcance<\/strong>.<\/li>\n<li>Cable de 5 pines incorporado: Conexi\u00f3n hembra &quot;JST&quot; para fuente de alimentaci\u00f3n.<\/li>\n<\/ul>","protected":false},"featured_media":6431,"comment_status":"open","ping_status":"closed","template":"","meta":[],"product_brand":[],"product_cat":[305,29,278],"product_tag":[279,352],"class_list":{"0":"post-6380","1":"product","2":"type-product","3":"status-publish","4":"has-post-thumbnail","6":"product_cat-accessories-swellpro","7":"product_cat-drones","8":"product_cat-swellpro","9":"product_tag-swellpro","10":"product_tag-video-link","12":"first","13":"onbackorder","14":"taxable","15":"shipping-taxable","16":"product-type-simple"},"yoast_head":"<!-- This site is optimized with the Yoast SEO plugin v27.4 - https:\/\/yoast.com\/product\/yoast-seo-wordpress\/ -->\n<title>Video Link (Only for repairing uses) -<\/title>\n<meta name=\"description\" content=\"Compact Design: Fits perfectly in the FD140 different channels: Compatible with all 5.8G analog Receivers.High quality antenna: Long range stable transmission.\" \/>\n<meta name=\"robots\" content=\"index, follow, max-snippet:-1, max-image-preview:large, max-video-preview:-1\" \/>\n<link rel=\"canonical\" href=\"https:\/\/www.ghostysky.com\/es\/producto-2\/video-link-only-for-repairing-uses\/\" \/>\n<meta property=\"og:locale\" content=\"es_ES\" \/>\n<meta property=\"og:type\" content=\"article\" \/>\n<meta property=\"og:title\" content=\"Video Link (Only for repairing uses) -\" \/>\n<meta property=\"og:description\" content=\"Compact Design: Fits perfectly in the FD140 different channels: Compatible with all 5.8G analog Receivers.High quality antenna: Long range stable transmission.\" \/>\n<meta property=\"og:url\" content=\"https:\/\/www.ghostysky.com\/es\/producto-2\/video-link-only-for-repairing-uses\/\" \/>\n<meta property=\"og:site_name\" content=\"Ghostysky\" \/>\n<meta property=\"article:publisher\" content=\"https:\/\/www.facebook.com\/people\/Ghostysky\/100057676170234\/\" \/>\n<meta property=\"article:modified_time\" content=\"2023-12-20T08:10:20+00:00\" \/>\n<meta property=\"og:image\" content=\"https:\/\/www.ghostysky.com\/wp-content\/uploads\/2022\/03\/video-link_1500x.webp\" \/>\n\t<meta property=\"og:image:width\" content=\"600\" \/>\n\t<meta property=\"og:image:height\" content=\"600\" \/>\n\t<meta property=\"og:image:type\" content=\"image\/webp\" \/>\n<meta name=\"twitter:card\" content=\"summary_large_image\" \/>\n<meta name=\"twitter:site\" content=\"@Gh0stysky\" \/>\n<meta name=\"twitter:label1\" content=\"Tiempo de lectura\" \/>\n\t<meta name=\"twitter:data1\" content=\"1 minuto\" \/>\n<script type=\"application\/ld+json\" class=\"yoast-schema-graph\">{\"@context\":\"https:\\\/\\\/schema.org\",\"@graph\":[{\"@type\":\"WebPage\",\"@id\":\"https:\\\/\\\/www.ghostysky.com\\\/product\\\/video-link-only-for-repairing-uses\\\/\",\"url\":\"https:\\\/\\\/www.ghostysky.com\\\/product\\\/video-link-only-for-repairing-uses\\\/\",\"name\":\"Video Link (Only for repairing uses) -\",\"isPartOf\":{\"@id\":\"https:\\\/\\\/www.ghostysky.com\\\/#website\"},\"primaryImageOfPage\":{\"@id\":\"https:\\\/\\\/www.ghostysky.com\\\/product\\\/video-link-only-for-repairing-uses\\\/#primaryimage\"},\"image\":{\"@id\":\"https:\\\/\\\/www.ghostysky.com\\\/product\\\/video-link-only-for-repairing-uses\\\/#primaryimage\"},\"thumbnailUrl\":\"https:\\\/\\\/www.ghostysky.com\\\/wp-content\\\/uploads\\\/2022\\\/03\\\/video-link_1500x.webp\",\"datePublished\":\"2022-03-24T00:10:20+00:00\",\"dateModified\":\"2023-12-20T08:10:20+00:00\",\"description\":\"Compact Design: Fits perfectly in the FD140 different channels: Compatible with all 5.8G analog Receivers.High quality antenna: Long range stable transmission.\",\"breadcrumb\":{\"@id\":\"https:\\\/\\\/www.ghostysky.com\\\/product\\\/video-link-only-for-repairing-uses\\\/#breadcrumb\"},\"inLanguage\":\"es\",\"potentialAction\":[{\"@type\":\"ReadAction\",\"target\":[\"https:\\\/\\\/www.ghostysky.com\\\/product\\\/video-link-only-for-repairing-uses\\\/\"]}]},{\"@type\":\"ImageObject\",\"inLanguage\":\"es\",\"@id\":\"https:\\\/\\\/www.ghostysky.com\\\/product\\\/video-link-only-for-repairing-uses\\\/#primaryimage\",\"url\":\"https:\\\/\\\/www.ghostysky.com\\\/wp-content\\\/uploads\\\/2022\\\/03\\\/video-link_1500x.webp\",\"contentUrl\":\"https:\\\/\\\/www.ghostysky.com\\\/wp-content\\\/uploads\\\/2022\\\/03\\\/video-link_1500x.webp\",\"width\":600,\"height\":600},{\"@type\":\"BreadcrumbList\",\"@id\":\"https:\\\/\\\/www.ghostysky.com\\\/product\\\/video-link-only-for-repairing-uses\\\/#breadcrumb\",\"itemListElement\":[{\"@type\":\"ListItem\",\"position\":1,\"name\":\"Home\",\"item\":\"https:\\\/\\\/www.ghostysky.com\\\/\"},{\"@type\":\"ListItem\",\"position\":2,\"name\":\"Shop\",\"item\":\"https:\\\/\\\/www.ghostysky.com\\\/shop\\\/\"},{\"@type\":\"ListItem\",\"position\":3,\"name\":\"Video Link (Only for repairing uses)\"}]},{\"@type\":\"WebSite\",\"@id\":\"https:\\\/\\\/www.ghostysky.com\\\/#website\",\"url\":\"https:\\\/\\\/www.ghostysky.com\\\/\",\"name\":\"Ghostysky\",\"description\":\"Delivering professional drones and robotics solutions\",\"publisher\":{\"@id\":\"https:\\\/\\\/www.ghostysky.com\\\/#organization\"},\"potentialAction\":[{\"@type\":\"SearchAction\",\"target\":{\"@type\":\"EntryPoint\",\"urlTemplate\":\"https:\\\/\\\/www.ghostysky.com\\\/?s={search_term_string}\"},\"query-input\":{\"@type\":\"PropertyValueSpecification\",\"valueRequired\":true,\"valueName\":\"search_term_string\"}}],\"inLanguage\":\"es\"},{\"@type\":\"Organization\",\"@id\":\"https:\\\/\\\/www.ghostysky.com\\\/#organization\",\"name\":\"Ghostysky\",\"url\":\"https:\\\/\\\/www.ghostysky.com\\\/\",\"logo\":{\"@type\":\"ImageObject\",\"inLanguage\":\"es\",\"@id\":\"https:\\\/\\\/www.ghostysky.com\\\/#\\\/schema\\\/logo\\\/image\\\/\",\"url\":\"https:\\\/\\\/www.ghostysky.com\\\/wp-content\\\/uploads\\\/2020\\\/06\\\/cropped-ghostyskylogo_text_white2.png\",\"contentUrl\":\"https:\\\/\\\/www.ghostysky.com\\\/wp-content\\\/uploads\\\/2020\\\/06\\\/cropped-ghostyskylogo_text_white2.png\",\"width\":169,\"height\":56,\"caption\":\"Ghostysky\"},\"image\":{\"@id\":\"https:\\\/\\\/www.ghostysky.com\\\/#\\\/schema\\\/logo\\\/image\\\/\"},\"sameAs\":[\"https:\\\/\\\/www.facebook.com\\\/people\\\/Ghostysky\\\/100057676170234\\\/\",\"https:\\\/\\\/x.com\\\/Gh0stysky\",\"https:\\\/\\\/www.linkedin.com\\\/company\\\/34739653\",\"https:\\\/\\\/www.instagram.com\\\/gh0stysky\"]}]}<\/script>\n<!-- \/ Yoast SEO plugin. -->","yoast_head_json":{"title":"Enlace de Video (Solo para usos de reparaci\u00f3n) -","description":"Dise\u00f1o compacto: Encaja perfectamente en los diferentes canales del FD140: Compatible con todos los receptores anal\u00f3gicos de 5,8G. Antena de alta calidad: Transmisi\u00f3n estable de largo alcance.","robots":{"index":"index","follow":"follow","max-snippet":"max-snippet:-1","max-image-preview":"max-image-preview:large","max-video-preview":"max-video-preview:-1"},"canonical":"https:\/\/www.ghostysky.com\/es\/producto-2\/video-link-only-for-repairing-uses\/","og_locale":"es_ES","og_type":"article","og_title":"Video Link (Only for repairing uses) -","og_description":"Compact Design: Fits perfectly in the FD140 different channels: Compatible with all 5.8G analog Receivers.High quality antenna: Long range stable transmission.","og_url":"https:\/\/www.ghostysky.com\/es\/producto-2\/video-link-only-for-repairing-uses\/","og_site_name":"Ghostysky","article_publisher":"https:\/\/www.facebook.com\/people\/Ghostysky\/100057676170234\/","article_modified_time":"2023-12-20T08:10:20+00:00","og_image":[{"width":600,"height":600,"url":"https:\/\/www.ghostysky.com\/wp-content\/uploads\/2022\/03\/video-link_1500x.webp","type":"image\/webp"}],"twitter_card":"summary_large_image","twitter_site":"@Gh0stysky","twitter_misc":{"Tiempo de lectura":"1 minuto"},"schema":{"@context":"https:\/\/schema.org","@graph":[{"@type":"WebPage","@id":"https:\/\/www.ghostysky.com\/product\/video-link-only-for-repairing-uses\/","url":"https:\/\/www.ghostysky.com\/product\/video-link-only-for-repairing-uses\/","name":"Enlace de Video (Solo para usos de reparaci\u00f3n) -","isPartOf":{"@id":"https:\/\/www.ghostysky.com\/#website"},"primaryImageOfPage":{"@id":"https:\/\/www.ghostysky.com\/product\/video-link-only-for-repairing-uses\/#primaryimage"},"image":{"@id":"https:\/\/www.ghostysky.com\/product\/video-link-only-for-repairing-uses\/#primaryimage"},"thumbnailUrl":"https:\/\/www.ghostysky.com\/wp-content\/uploads\/2022\/03\/video-link_1500x.webp","datePublished":"2022-03-24T00:10:20+00:00","dateModified":"2023-12-20T08:10:20+00:00","description":"Dise\u00f1o compacto: Encaja perfectamente en los diferentes canales del FD140: Compatible con todos los receptores anal\u00f3gicos de 5,8G. Antena de alta calidad: Transmisi\u00f3n estable de largo alcance.","breadcrumb":{"@id":"https:\/\/www.ghostysky.com\/product\/video-link-only-for-repairing-uses\/#breadcrumb"},"inLanguage":"es","potentialAction":[{"@type":"ReadAction","target":["https:\/\/www.ghostysky.com\/product\/video-link-only-for-repairing-uses\/"]}]},{"@type":"ImageObject","inLanguage":"es","@id":"https:\/\/www.ghostysky.com\/product\/video-link-only-for-repairing-uses\/#primaryimage","url":"https:\/\/www.ghostysky.com\/wp-content\/uploads\/2022\/03\/video-link_1500x.webp","contentUrl":"https:\/\/www.ghostysky.com\/wp-content\/uploads\/2022\/03\/video-link_1500x.webp","width":600,"height":600},{"@type":"BreadcrumbList","@id":"https:\/\/www.ghostysky.com\/product\/video-link-only-for-repairing-uses\/#breadcrumb","itemListElement":[{"@type":"ListItem","position":1,"name":"Home","item":"https:\/\/www.ghostysky.com\/"},{"@type":"ListItem","position":2,"name":"Shop","item":"https:\/\/www.ghostysky.com\/shop\/"},{"@type":"ListItem","position":3,"name":"Video Link (Only for repairing uses)"}]},{"@type":"WebSite","@id":"https:\/\/www.ghostysky.com\/#website","url":"https:\/\/www.ghostysky.com\/","name":"Ghostysky","description":"Ofrecemos soluciones profesionales de drones y rob\u00f3tica.","publisher":{"@id":"https:\/\/www.ghostysky.com\/#organization"},"potentialAction":[{"@type":"SearchAction","target":{"@type":"EntryPoint","urlTemplate":"https:\/\/www.ghostysky.com\/?s={search_term_string}"},"query-input":{"@type":"PropertyValueSpecification","valueRequired":true,"valueName":"search_term_string"}}],"inLanguage":"es"},{"@type":"Organization","@id":"https:\/\/www.ghostysky.com\/#organization","name":"Ghostysky","url":"https:\/\/www.ghostysky.com\/","logo":{"@type":"ImageObject","inLanguage":"es","@id":"https:\/\/www.ghostysky.com\/#\/schema\/logo\/image\/","url":"https:\/\/www.ghostysky.com\/wp-content\/uploads\/2020\/06\/cropped-ghostyskylogo_text_white2.png","contentUrl":"https:\/\/www.ghostysky.com\/wp-content\/uploads\/2020\/06\/cropped-ghostyskylogo_text_white2.png","width":169,"height":56,"caption":"Ghostysky"},"image":{"@id":"https:\/\/www.ghostysky.com\/#\/schema\/logo\/image\/"},"sameAs":["https:\/\/www.facebook.com\/people\/Ghostysky\/100057676170234\/","https:\/\/x.com\/Gh0stysky","https:\/\/www.linkedin.com\/company\/34739653","https:\/\/www.instagram.com\/gh0stysky"]}]}},"_links":{"self":[{"href":"https:\/\/www.ghostysky.com\/es\/wp-json\/wp\/v2\/product\/6380","targetHints":{"allow":["GET"]}}],"collection":[{"href":"https:\/\/www.ghostysky.com\/es\/wp-json\/wp\/v2\/product"}],"about":[{"href":"https:\/\/www.ghostysky.com\/es\/wp-json\/wp\/v2\/types\/product"}],"replies":[{"embeddable":true,"href":"https:\/\/www.ghostysky.com\/es\/wp-json\/wp\/v2\/comments?post=6380"}],"version-history":[{"count":0,"href":"https:\/\/www.ghostysky.com\/es\/wp-json\/wp\/v2\/product\/6380\/revisions"}],"wp:featuredmedia":[{"embeddable":true,"href":"https:\/\/www.ghostysky.com\/es\/wp-json\/wp\/v2\/media\/6431"}],"wp:attachment":[{"href":"https:\/\/www.ghostysky.com\/es\/wp-json\/wp\/v2\/media?parent=6380"}],"wp:term":[{"taxonomy":"product_brand","embeddable":true,"href":"https:\/\/www.ghostysky.com\/es\/wp-json\/wp\/v2\/product_brand?post=6380"},{"taxonomy":"product_cat","embeddable":true,"href":"https:\/\/www.ghostysky.com\/es\/wp-json\/wp\/v2\/product_cat?post=6380"},{"taxonomy":"product_tag","embeddable":true,"href":"https:\/\/www.ghostysky.com\/es\/wp-json\/wp\/v2\/product_tag?post=6380"}],"curies":[{"name":"wp","href":"https:\/\/api.w.org\/{rel}","templated":true}]}}