{"id":6432,"date":"2022-03-24T00:14:45","date_gmt":"2022-03-24T00:14:45","guid":{"rendered":"https:\/\/www.ghostysky.com\/?post_type=product&#038;p=6432"},"modified":"2024-12-26T17:51:19","modified_gmt":"2024-12-26T17:51:19","slug":"waterproof-barometric-membrane-for-fisherman-fd1","status":"publish","type":"product","link":"https:\/\/www.ghostysky.com\/es\/product\/waterproof-barometric-membrane-for-fisherman-fd1\/","title":{"rendered":"Membrana Barom\u00e9trica Impermeable para Fisherman FD1"},"content":{"rendered":"<div id=\"shopify-section-product-template\" class=\"shopify-section\">\n<div id=\"product-6631670251600\" class=\"product mzt-product\" data-allow-selecting-sold-out-variants=\"true\" data-enable-image-zoom=\"true\">\n<div class=\"page__content-wrapper page__content-wrapper--force-background\">\n<div class=\"container\">\n<div class=\"grid grid--large\">\n<div id=\"product_description\" class=\"product__description rte\">\n<div class=\"product__tabs tabs\">\n<div class=\"table-wrapper\">\n<table id=\"product-attribute-specs-table\" class=\"data-table table\">\n<tbody>\n<tr class=\"first odd\">\n<th class=\"label\">Descripci\u00f3n general<\/th>\n<td class=\"data last\">La membrana barom\u00e9trica impermeable es la tecnolog\u00eda destacada de SwellPro. Permite que el aire pase a trav\u00e9s de la c\u00e1mara interna de la aeronave para garantizar el correcto funcionamiento del bar\u00f3metro y, al mismo tiempo, evita que entre agua para garantizar el dise\u00f1o impermeable del Fisherman.<\/td>\n<\/tr>\n<tr class=\"first odd\">\n<th class=\"label\">Importante<\/th>\n<td class=\"data last\">Debe prestar especial atenci\u00f3n al uso adecuado de la membrana barom\u00e9trica impermeable durante su operaci\u00f3n.<br \/>\n\u2022 Enjuague bien la membrana barom\u00e9trica impermeable con agua dulce cada vez que vuele.<br \/>\n\u2022 Si la aeronave no vuela de manera estable durante el vuelo estacionario, o si la aeronave no vuela normalmente durante el ascenso o descenso, la membrana barom\u00e9trica a prueba de agua podr\u00eda estar da\u00f1ada. Retire la cubierta superior de la membrana barom\u00e9trica y reemplace la membrana barom\u00e9trica impermeable.<\/td>\n<\/tr>\n<tr class=\"first odd\">\n<th class=\"label\">Consejo<\/th>\n<td class=\"data last\">Para reemplazar la membrana barom\u00e9trica impermeable:<br \/>\n1. Use una herramienta afilada (como un cuchillo) para quitar el adhesivo y luego retire la cubierta superior.<br \/>\n2. Despegue la vieja membrana barom\u00e9trica impermeable. Limpie la ventilaci\u00f3n barom\u00e9trica de la superficie y aseg\u00farese de que no haya residuos en la superficie.<br \/>\n3. Retire el papel 3M de la membrana barom\u00e9trica a prueba de agua y presi\u00f3nelo firmemente sobre la ventilaci\u00f3n barom\u00e9trica para asegurar un sellado herm\u00e9tico.<br \/>\n4. Coloque el adhesivo en la cubierta superior y presi\u00f3nelo sobre la membrana barom\u00e9trica impermeable.<\/td>\n<\/tr>\n<tr class=\"first odd\">\n<th class=\"label\">En el cuadro<\/th>\n<td class=\"data last\">Adhesivo para membrana impermeable y m\u00f3dulo GPS x 1 juego<\/td>\n<\/tr>\n<tr class=\"first odd\">\n<th class=\"label\">Compatibilidad<\/th>\n<td class=\"data last\">Pescador FD1<\/td>\n<\/tr>\n<\/tbody>\n<\/table>\n<\/div>\n<\/div>\n<\/div>\n<\/div>\n<\/div>\n<\/div>\n<\/div>\n<div id=\"looxReviews\" class=\"loox-reviews-default\" data-product-id=\"6631670251600\"><\/div>\n<\/div>","protected":false},"excerpt":{"rendered":"<p>El <strong>membrana barom\u00e9trica impermeable<\/strong> es la tecnolog\u00eda destacada de SwellPro. Permite que el aire pase a trav\u00e9s de la c\u00e1mara interna de la aeronave para garantizar el correcto funcionamiento del bar\u00f3metro y, al mismo tiempo, evita que entre agua para garantizar el dise\u00f1o impermeable del Fisherman.<\/p>","protected":false},"featured_media":6433,"comment_status":"open","ping_status":"closed","template":"","meta":[],"product_brand":[],"product_cat":[305,29,278],"product_tag":[348,279,346],"class_list":{"0":"post-6432","1":"product","2":"type-product","3":"status-publish","4":"has-post-thumbnail","6":"product_cat-accessories-swellpro","7":"product_cat-drones","8":"product_cat-swellpro","9":"product_tag-fisherman-fd1","10":"product_tag-swellpro","11":"product_tag-waterproof-barometric-membrane","13":"first","14":"onbackorder","15":"taxable","16":"shipping-taxable","17":"product-type-simple"},"yoast_head":"<!-- This site is optimized with the Yoast SEO plugin v27.1.1 - https:\/\/yoast.com\/product\/yoast-seo-wordpress\/ -->\n<title>Waterproof Barometric Membrane for Fisherman FD1 -<\/title>\n<meta name=\"description\" content=\"The waterproof barometric membrane is SwellPro\u2019s featured technology. It allows air to pass through the internal chamber of the aircraft to ensure the barometer\u2019s proper functioning yet keeps the water from getting in to ensure the Fisherman\u2019s all waterproof design.\" \/>\n<meta name=\"robots\" content=\"index, follow, max-snippet:-1, max-image-preview:large, max-video-preview:-1\" \/>\n<link rel=\"canonical\" href=\"https:\/\/www.ghostysky.com\/es\/producto-2\/waterproof-barometric-membrane-for-fisherman-fd1\/\" \/>\n<meta property=\"og:locale\" content=\"es_ES\" \/>\n<meta property=\"og:type\" content=\"article\" \/>\n<meta property=\"og:title\" content=\"Waterproof Barometric Membrane for Fisherman FD1 -\" \/>\n<meta property=\"og:description\" content=\"The waterproof barometric membrane is SwellPro\u2019s featured technology. It allows air to pass through the internal chamber of the aircraft to ensure the barometer\u2019s proper functioning yet keeps the water from getting in to ensure the Fisherman\u2019s all waterproof design.\" \/>\n<meta property=\"og:url\" content=\"https:\/\/www.ghostysky.com\/es\/producto-2\/waterproof-barometric-membrane-for-fisherman-fd1\/\" \/>\n<meta property=\"og:site_name\" content=\"Ghostysky\" \/>\n<meta property=\"article:publisher\" content=\"https:\/\/www.facebook.com\/people\/Ghostysky\/100057676170234\/\" \/>\n<meta property=\"article:modified_time\" content=\"2024-12-26T17:51:19+00:00\" \/>\n<meta property=\"og:image\" content=\"https:\/\/www.ghostysky.com\/wp-content\/uploads\/2022\/03\/Fisherman-membrance-01_1500x.webp\" \/>\n\t<meta property=\"og:image:width\" content=\"600\" \/>\n\t<meta property=\"og:image:height\" content=\"600\" \/>\n\t<meta property=\"og:image:type\" content=\"image\/webp\" \/>\n<meta name=\"twitter:card\" content=\"summary_large_image\" \/>\n<meta name=\"twitter:site\" content=\"@Gh0stysky\" \/>\n<meta name=\"twitter:label1\" content=\"Tiempo de lectura\" \/>\n\t<meta name=\"twitter:data1\" content=\"1 minuto\" \/>\n<script type=\"application\/ld+json\" class=\"yoast-schema-graph\">{\"@context\":\"https:\/\/schema.org\",\"@graph\":[{\"@type\":\"WebPage\",\"@id\":\"https:\/\/www.ghostysky.com\/product\/waterproof-barometric-membrane-for-fisherman-fd1\/\",\"url\":\"https:\/\/www.ghostysky.com\/product\/waterproof-barometric-membrane-for-fisherman-fd1\/\",\"name\":\"Waterproof Barometric Membrane for Fisherman FD1 -\",\"isPartOf\":{\"@id\":\"https:\/\/www.ghostysky.com\/#website\"},\"primaryImageOfPage\":{\"@id\":\"https:\/\/www.ghostysky.com\/product\/waterproof-barometric-membrane-for-fisherman-fd1\/#primaryimage\"},\"image\":{\"@id\":\"https:\/\/www.ghostysky.com\/product\/waterproof-barometric-membrane-for-fisherman-fd1\/#primaryimage\"},\"thumbnailUrl\":\"https:\/\/www.ghostysky.com\/wp-content\/uploads\/2022\/03\/Fisherman-membrance-01_1500x.webp\",\"datePublished\":\"2022-03-24T00:14:45+00:00\",\"dateModified\":\"2024-12-26T17:51:19+00:00\",\"description\":\"The waterproof barometric membrane is SwellPro\u2019s featured technology. It allows air to pass through the internal chamber of the aircraft to ensure the barometer\u2019s proper functioning yet keeps the water from getting in to ensure the Fisherman\u2019s all waterproof design.\",\"breadcrumb\":{\"@id\":\"https:\/\/www.ghostysky.com\/product\/waterproof-barometric-membrane-for-fisherman-fd1\/#breadcrumb\"},\"inLanguage\":\"es\",\"potentialAction\":[{\"@type\":\"ReadAction\",\"target\":[\"https:\/\/www.ghostysky.com\/product\/waterproof-barometric-membrane-for-fisherman-fd1\/\"]}]},{\"@type\":\"ImageObject\",\"inLanguage\":\"es\",\"@id\":\"https:\/\/www.ghostysky.com\/product\/waterproof-barometric-membrane-for-fisherman-fd1\/#primaryimage\",\"url\":\"https:\/\/www.ghostysky.com\/wp-content\/uploads\/2022\/03\/Fisherman-membrance-01_1500x.webp\",\"contentUrl\":\"https:\/\/www.ghostysky.com\/wp-content\/uploads\/2022\/03\/Fisherman-membrance-01_1500x.webp\",\"width\":600,\"height\":600},{\"@type\":\"BreadcrumbList\",\"@id\":\"https:\/\/www.ghostysky.com\/product\/waterproof-barometric-membrane-for-fisherman-fd1\/#breadcrumb\",\"itemListElement\":[{\"@type\":\"ListItem\",\"position\":1,\"name\":\"Home\",\"item\":\"https:\/\/www.ghostysky.com\/\"},{\"@type\":\"ListItem\",\"position\":2,\"name\":\"Shop\",\"item\":\"https:\/\/www.ghostysky.com\/shop\/\"},{\"@type\":\"ListItem\",\"position\":3,\"name\":\"Waterproof Barometric Membrane for Fisherman FD1\"}]},{\"@type\":\"WebSite\",\"@id\":\"https:\/\/www.ghostysky.com\/#website\",\"url\":\"https:\/\/www.ghostysky.com\/\",\"name\":\"Ghostysky\",\"description\":\"Delivering professional drones and services\",\"publisher\":{\"@id\":\"https:\/\/www.ghostysky.com\/#organization\"},\"potentialAction\":[{\"@type\":\"SearchAction\",\"target\":{\"@type\":\"EntryPoint\",\"urlTemplate\":\"https:\/\/www.ghostysky.com\/?s={search_term_string}\"},\"query-input\":{\"@type\":\"PropertyValueSpecification\",\"valueRequired\":true,\"valueName\":\"search_term_string\"}}],\"inLanguage\":\"es\"},{\"@type\":\"Organization\",\"@id\":\"https:\/\/www.ghostysky.com\/#organization\",\"name\":\"Ghostysky\",\"url\":\"https:\/\/www.ghostysky.com\/\",\"logo\":{\"@type\":\"ImageObject\",\"inLanguage\":\"es\",\"@id\":\"https:\/\/www.ghostysky.com\/#\/schema\/logo\/image\/\",\"url\":\"https:\/\/www.ghostysky.com\/wp-content\/uploads\/2020\/06\/cropped-ghostyskylogo_text_white2.png\",\"contentUrl\":\"https:\/\/www.ghostysky.com\/wp-content\/uploads\/2020\/06\/cropped-ghostyskylogo_text_white2.png\",\"width\":169,\"height\":56,\"caption\":\"Ghostysky\"},\"image\":{\"@id\":\"https:\/\/www.ghostysky.com\/#\/schema\/logo\/image\/\"},\"sameAs\":[\"https:\/\/www.facebook.com\/people\/Ghostysky\/100057676170234\/\",\"https:\/\/x.com\/Gh0stysky\",\"https:\/\/www.linkedin.com\/company\/34739653\",\"https:\/\/www.instagram.com\/gh0stysky\"]}]}<\/script>\n<!-- \/ Yoast SEO plugin. -->","yoast_head_json":{"title":"Membrana Barom\u00e9trica Impermeable para Fisherman FD1 -","description":"La membrana barom\u00e9trica impermeable es la tecnolog\u00eda destacada de SwellPro. Permite que el aire pase a trav\u00e9s de la c\u00e1mara interna de la aeronave para garantizar el correcto funcionamiento del bar\u00f3metro y, al mismo tiempo, evita que entre agua para garantizar el dise\u00f1o impermeable del Fisherman.","robots":{"index":"index","follow":"follow","max-snippet":"max-snippet:-1","max-image-preview":"max-image-preview:large","max-video-preview":"max-video-preview:-1"},"canonical":"https:\/\/www.ghostysky.com\/es\/producto-2\/waterproof-barometric-membrane-for-fisherman-fd1\/","og_locale":"es_ES","og_type":"article","og_title":"Waterproof Barometric Membrane for Fisherman FD1 -","og_description":"The waterproof barometric membrane is SwellPro\u2019s featured technology. It allows air to pass through the internal chamber of the aircraft to ensure the barometer\u2019s proper functioning yet keeps the water from getting in to ensure the Fisherman\u2019s all waterproof design.","og_url":"https:\/\/www.ghostysky.com\/es\/producto-2\/waterproof-barometric-membrane-for-fisherman-fd1\/","og_site_name":"Ghostysky","article_publisher":"https:\/\/www.facebook.com\/people\/Ghostysky\/100057676170234\/","article_modified_time":"2024-12-26T17:51:19+00:00","og_image":[{"width":600,"height":600,"url":"https:\/\/www.ghostysky.com\/wp-content\/uploads\/2022\/03\/Fisherman-membrance-01_1500x.webp","type":"image\/webp"}],"twitter_card":"summary_large_image","twitter_site":"@Gh0stysky","twitter_misc":{"Tiempo de lectura":"1 minuto"},"schema":{"@context":"https:\/\/schema.org","@graph":[{"@type":"WebPage","@id":"https:\/\/www.ghostysky.com\/product\/waterproof-barometric-membrane-for-fisherman-fd1\/","url":"https:\/\/www.ghostysky.com\/product\/waterproof-barometric-membrane-for-fisherman-fd1\/","name":"Membrana Barom\u00e9trica Impermeable para Fisherman FD1 -","isPartOf":{"@id":"https:\/\/www.ghostysky.com\/#website"},"primaryImageOfPage":{"@id":"https:\/\/www.ghostysky.com\/product\/waterproof-barometric-membrane-for-fisherman-fd1\/#primaryimage"},"image":{"@id":"https:\/\/www.ghostysky.com\/product\/waterproof-barometric-membrane-for-fisherman-fd1\/#primaryimage"},"thumbnailUrl":"https:\/\/www.ghostysky.com\/wp-content\/uploads\/2022\/03\/Fisherman-membrance-01_1500x.webp","datePublished":"2022-03-24T00:14:45+00:00","dateModified":"2024-12-26T17:51:19+00:00","description":"La membrana barom\u00e9trica impermeable es la tecnolog\u00eda destacada de SwellPro. Permite que el aire pase a trav\u00e9s de la c\u00e1mara interna de la aeronave para garantizar el correcto funcionamiento del bar\u00f3metro y, al mismo tiempo, evita que entre agua para garantizar el dise\u00f1o impermeable del Fisherman.","breadcrumb":{"@id":"https:\/\/www.ghostysky.com\/product\/waterproof-barometric-membrane-for-fisherman-fd1\/#breadcrumb"},"inLanguage":"es","potentialAction":[{"@type":"ReadAction","target":["https:\/\/www.ghostysky.com\/product\/waterproof-barometric-membrane-for-fisherman-fd1\/"]}]},{"@type":"ImageObject","inLanguage":"es","@id":"https:\/\/www.ghostysky.com\/product\/waterproof-barometric-membrane-for-fisherman-fd1\/#primaryimage","url":"https:\/\/www.ghostysky.com\/wp-content\/uploads\/2022\/03\/Fisherman-membrance-01_1500x.webp","contentUrl":"https:\/\/www.ghostysky.com\/wp-content\/uploads\/2022\/03\/Fisherman-membrance-01_1500x.webp","width":600,"height":600},{"@type":"BreadcrumbList","@id":"https:\/\/www.ghostysky.com\/product\/waterproof-barometric-membrane-for-fisherman-fd1\/#breadcrumb","itemListElement":[{"@type":"ListItem","position":1,"name":"Home","item":"https:\/\/www.ghostysky.com\/"},{"@type":"ListItem","position":2,"name":"Shop","item":"https:\/\/www.ghostysky.com\/shop\/"},{"@type":"ListItem","position":3,"name":"Waterproof Barometric Membrane for Fisherman FD1"}]},{"@type":"WebSite","@id":"https:\/\/www.ghostysky.com\/#website","url":"https:\/\/www.ghostysky.com\/","name":"Ghostysky","description":"Entrega de drones y servicios profesionales","publisher":{"@id":"https:\/\/www.ghostysky.com\/#organization"},"potentialAction":[{"@type":"SearchAction","target":{"@type":"EntryPoint","urlTemplate":"https:\/\/www.ghostysky.com\/?s={search_term_string}"},"query-input":{"@type":"PropertyValueSpecification","valueRequired":true,"valueName":"search_term_string"}}],"inLanguage":"es"},{"@type":"Organization","@id":"https:\/\/www.ghostysky.com\/#organization","name":"Ghostysky","url":"https:\/\/www.ghostysky.com\/","logo":{"@type":"ImageObject","inLanguage":"es","@id":"https:\/\/www.ghostysky.com\/#\/schema\/logo\/image\/","url":"https:\/\/www.ghostysky.com\/wp-content\/uploads\/2020\/06\/cropped-ghostyskylogo_text_white2.png","contentUrl":"https:\/\/www.ghostysky.com\/wp-content\/uploads\/2020\/06\/cropped-ghostyskylogo_text_white2.png","width":169,"height":56,"caption":"Ghostysky"},"image":{"@id":"https:\/\/www.ghostysky.com\/#\/schema\/logo\/image\/"},"sameAs":["https:\/\/www.facebook.com\/people\/Ghostysky\/100057676170234\/","https:\/\/x.com\/Gh0stysky","https:\/\/www.linkedin.com\/company\/34739653","https:\/\/www.instagram.com\/gh0stysky"]}]}},"_links":{"self":[{"href":"https:\/\/www.ghostysky.com\/es\/wp-json\/wp\/v2\/product\/6432","targetHints":{"allow":["GET"]}}],"collection":[{"href":"https:\/\/www.ghostysky.com\/es\/wp-json\/wp\/v2\/product"}],"about":[{"href":"https:\/\/www.ghostysky.com\/es\/wp-json\/wp\/v2\/types\/product"}],"replies":[{"embeddable":true,"href":"https:\/\/www.ghostysky.com\/es\/wp-json\/wp\/v2\/comments?post=6432"}],"wp:featuredmedia":[{"embeddable":true,"href":"https:\/\/www.ghostysky.com\/es\/wp-json\/wp\/v2\/media\/6433"}],"wp:attachment":[{"href":"https:\/\/www.ghostysky.com\/es\/wp-json\/wp\/v2\/media?parent=6432"}],"wp:term":[{"taxonomy":"product_brand","embeddable":true,"href":"https:\/\/www.ghostysky.com\/es\/wp-json\/wp\/v2\/product_brand?post=6432"},{"taxonomy":"product_cat","embeddable":true,"href":"https:\/\/www.ghostysky.com\/es\/wp-json\/wp\/v2\/product_cat?post=6432"},{"taxonomy":"product_tag","embeddable":true,"href":"https:\/\/www.ghostysky.com\/es\/wp-json\/wp\/v2\/product_tag?post=6432"}],"curies":[{"name":"wp","href":"https:\/\/api.w.org\/{rel}","templated":true}]}}