{"id":6445,"date":"2022-03-24T00:40:06","date_gmt":"2022-03-24T00:40:06","guid":{"rendered":"https:\/\/www.ghostysky.com\/?post_type=product&#038;p=6445"},"modified":"2023-04-03T18:46:49","modified_gmt":"2023-04-03T18:46:49","slug":"swellpro-spry-spry-waterproof-remote-controller","status":"publish","type":"product","link":"https:\/\/www.ghostysky.com\/es\/product\/swellpro-spry-spry-waterproof-remote-controller\/","title":{"rendered":"Control remoto a prueba de agua SwellPro\u00ae Spry\/Spry+"},"content":{"rendered":"<table id=\"product-attribute-specs-table\" class=\"data-table table\">\n<tbody>\n<tr class=\"first odd\">\n<th class=\"label\">Descripci\u00f3n general<\/th>\n<td class=\"data last\">Rel\u00e1jese y disfrute de total libertad mientras filma, ya que su control remoto de la serie Spry se puede usar bajo la lluvia, el roc\u00edo del mar e incluso puede sumergirse en el agua. Las palancas de mando, el monitor integrado y todos los interruptores est\u00e1n protegidos contra las salpicaduras, pero funcionan con suavidad y precisi\u00f3n.<\/td>\n<\/tr>\n<tr class=\"first odd\">\n<th class=\"label\">Consejos<\/th>\n<td class=\"data last\">Para el servicio posventa, p\u00f3ngase en contacto con: info@ghostysky.com<\/td>\n<\/tr>\n<tr class=\"first odd\">\n<th class=\"label\">En el cuadro<\/th>\n<td class=\"data last\">Mando a distancia \u00d7 1<\/td>\n<\/tr>\n<tr class=\"first odd\">\n<th class=\"label\">Especificaciones<\/th>\n<td class=\"data last\">Nivel impermeable: IP67 (flotar en el agua)<br \/>\nPeso: 560 g (incluida la bater\u00eda)<br \/>\nBanda de frecuencia: 2405 ~ 2475HM<br \/>\nN\u00famero de canales: 8ch<br \/>\nRango de control: 0,8 KM<br \/>\nSensibilidad del receptor (1%PER): -105dbm<br \/>\nCorriente de trabajo: 120 mA<br \/>\nCapacidad de la bater\u00eda: Construido en 2S 2000mAh LiPo<br \/>\nHora de trabajo: 2 horas<br \/>\nTiempo de carga: 90 minutos<\/td>\n<\/tr>\n<tr class=\"first odd\">\n<th class=\"label\">Compatibilidad<\/th>\n<td class=\"data last\">Aerosol\/Aerosol+<\/td>\n<\/tr>\n<\/tbody>\n<\/table>","protected":false},"excerpt":{"rendered":"<p>Mando a distancia para el <strong>Dron Spry y Spry+<\/strong>, es completamente impermeable.<\/p>\n<p class=\"translation-block\">Especialmente dise\u00f1ado para <strong>Acro-Mode<\/strong> , acelera en modo carrera para un control preciso del piloto, para una experiencia de video o filmaci\u00f3n m\u00e1s emocionante. Permite manejar el dron Spry\/Spry+ a una distancia y altura establecidas, volviendo la funci\u00f3n a la posici\u00f3n del mando a distancia.<\/p>\n<p>Con el firmware avanzado del modo ACRO cargado en Spry+, el control remoto Acro mejora enormemente la experiencia de control para una sensaci\u00f3n m\u00e1s directa.<\/p>","protected":false},"featured_media":6446,"comment_status":"open","ping_status":"closed","template":"","meta":[],"product_brand":[],"product_cat":[305,29,278],"product_tag":[321,279,355],"class_list":{"0":"post-6445","1":"product","2":"type-product","3":"status-publish","4":"has-post-thumbnail","6":"product_cat-accessories-swellpro","7":"product_cat-drones","8":"product_cat-swellpro","9":"product_tag-spry","10":"product_tag-swellpro","11":"product_tag-waterproof-remote-controller","13":"first","14":"onbackorder","15":"taxable","16":"shipping-taxable","17":"product-type-simple"},"yoast_head":"<!-- This site is optimized with the Yoast SEO plugin v27.4 - https:\/\/yoast.com\/product\/yoast-seo-wordpress\/ -->\n<title>SwellPro\u00ae Spry\/Spry+ Waterproof Remote Controller -<\/title>\n<meta name=\"description\" content=\"Remote control for the Spry and Spry+ Drone, is completely waterproof.Specially designed for Acro-Mode, throttle in career mode for precise pilot control, for a more exciting video or filming experience.\" \/>\n<meta name=\"robots\" content=\"index, follow, max-snippet:-1, max-image-preview:large, max-video-preview:-1\" \/>\n<link rel=\"canonical\" href=\"https:\/\/www.ghostysky.com\/es\/producto-2\/swellpro-spry-spry-waterproof-remote-controller\/\" \/>\n<meta property=\"og:locale\" content=\"es_ES\" \/>\n<meta property=\"og:type\" content=\"article\" \/>\n<meta property=\"og:title\" content=\"SwellPro\u00ae Spry\/Spry+ Waterproof Remote Controller -\" \/>\n<meta property=\"og:description\" content=\"Remote control for the Spry and Spry+ Drone, is completely waterproof.Specially designed for Acro-Mode, throttle in career mode for precise pilot control, for a more exciting video or filming experience.\" \/>\n<meta property=\"og:url\" content=\"https:\/\/www.ghostysky.com\/es\/producto-2\/swellpro-spry-spry-waterproof-remote-controller\/\" \/>\n<meta property=\"og:site_name\" content=\"Ghostysky\" \/>\n<meta property=\"article:publisher\" content=\"https:\/\/www.facebook.com\/people\/Ghostysky\/100057676170234\/\" \/>\n<meta property=\"article:modified_time\" content=\"2023-04-03T18:46:49+00:00\" \/>\n<meta property=\"og:image\" content=\"https:\/\/www.ghostysky.com\/wp-content\/uploads\/2022\/03\/swellprowaterproofremote_1500x.webp\" \/>\n\t<meta property=\"og:image:width\" content=\"600\" \/>\n\t<meta property=\"og:image:height\" content=\"600\" \/>\n\t<meta property=\"og:image:type\" content=\"image\/webp\" \/>\n<meta name=\"twitter:card\" content=\"summary_large_image\" \/>\n<meta name=\"twitter:site\" content=\"@Gh0stysky\" \/>\n<meta name=\"twitter:label1\" content=\"Tiempo de lectura\" \/>\n\t<meta name=\"twitter:data1\" content=\"1 minuto\" \/>\n<script type=\"application\/ld+json\" class=\"yoast-schema-graph\">{\"@context\":\"https:\\\/\\\/schema.org\",\"@graph\":[{\"@type\":\"WebPage\",\"@id\":\"https:\\\/\\\/www.ghostysky.com\\\/product\\\/swellpro-spry-spry-waterproof-remote-controller\\\/\",\"url\":\"https:\\\/\\\/www.ghostysky.com\\\/product\\\/swellpro-spry-spry-waterproof-remote-controller\\\/\",\"name\":\"SwellPro\u00ae Spry\\\/Spry+ Waterproof Remote Controller -\",\"isPartOf\":{\"@id\":\"https:\\\/\\\/www.ghostysky.com\\\/#website\"},\"primaryImageOfPage\":{\"@id\":\"https:\\\/\\\/www.ghostysky.com\\\/product\\\/swellpro-spry-spry-waterproof-remote-controller\\\/#primaryimage\"},\"image\":{\"@id\":\"https:\\\/\\\/www.ghostysky.com\\\/product\\\/swellpro-spry-spry-waterproof-remote-controller\\\/#primaryimage\"},\"thumbnailUrl\":\"https:\\\/\\\/www.ghostysky.com\\\/wp-content\\\/uploads\\\/2022\\\/03\\\/swellprowaterproofremote_1500x.webp\",\"datePublished\":\"2022-03-24T00:40:06+00:00\",\"dateModified\":\"2023-04-03T18:46:49+00:00\",\"description\":\"Remote control for the Spry and Spry+ Drone, is completely waterproof.Specially designed for Acro-Mode, throttle in career mode for precise pilot control, for a more exciting video or filming experience.\",\"breadcrumb\":{\"@id\":\"https:\\\/\\\/www.ghostysky.com\\\/product\\\/swellpro-spry-spry-waterproof-remote-controller\\\/#breadcrumb\"},\"inLanguage\":\"es\",\"potentialAction\":[{\"@type\":\"ReadAction\",\"target\":[\"https:\\\/\\\/www.ghostysky.com\\\/product\\\/swellpro-spry-spry-waterproof-remote-controller\\\/\"]}]},{\"@type\":\"ImageObject\",\"inLanguage\":\"es\",\"@id\":\"https:\\\/\\\/www.ghostysky.com\\\/product\\\/swellpro-spry-spry-waterproof-remote-controller\\\/#primaryimage\",\"url\":\"https:\\\/\\\/www.ghostysky.com\\\/wp-content\\\/uploads\\\/2022\\\/03\\\/swellprowaterproofremote_1500x.webp\",\"contentUrl\":\"https:\\\/\\\/www.ghostysky.com\\\/wp-content\\\/uploads\\\/2022\\\/03\\\/swellprowaterproofremote_1500x.webp\",\"width\":600,\"height\":600},{\"@type\":\"BreadcrumbList\",\"@id\":\"https:\\\/\\\/www.ghostysky.com\\\/product\\\/swellpro-spry-spry-waterproof-remote-controller\\\/#breadcrumb\",\"itemListElement\":[{\"@type\":\"ListItem\",\"position\":1,\"name\":\"Home\",\"item\":\"https:\\\/\\\/www.ghostysky.com\\\/\"},{\"@type\":\"ListItem\",\"position\":2,\"name\":\"Shop\",\"item\":\"https:\\\/\\\/www.ghostysky.com\\\/shop\\\/\"},{\"@type\":\"ListItem\",\"position\":3,\"name\":\"SwellPro\u00ae Spry\\\/Spry+ Waterproof Remote Controller\"}]},{\"@type\":\"WebSite\",\"@id\":\"https:\\\/\\\/www.ghostysky.com\\\/#website\",\"url\":\"https:\\\/\\\/www.ghostysky.com\\\/\",\"name\":\"Ghostysky\",\"description\":\"Delivering professional drones and robotics solutions\",\"publisher\":{\"@id\":\"https:\\\/\\\/www.ghostysky.com\\\/#organization\"},\"potentialAction\":[{\"@type\":\"SearchAction\",\"target\":{\"@type\":\"EntryPoint\",\"urlTemplate\":\"https:\\\/\\\/www.ghostysky.com\\\/?s={search_term_string}\"},\"query-input\":{\"@type\":\"PropertyValueSpecification\",\"valueRequired\":true,\"valueName\":\"search_term_string\"}}],\"inLanguage\":\"es\"},{\"@type\":\"Organization\",\"@id\":\"https:\\\/\\\/www.ghostysky.com\\\/#organization\",\"name\":\"Ghostysky\",\"url\":\"https:\\\/\\\/www.ghostysky.com\\\/\",\"logo\":{\"@type\":\"ImageObject\",\"inLanguage\":\"es\",\"@id\":\"https:\\\/\\\/www.ghostysky.com\\\/#\\\/schema\\\/logo\\\/image\\\/\",\"url\":\"https:\\\/\\\/www.ghostysky.com\\\/wp-content\\\/uploads\\\/2020\\\/06\\\/cropped-ghostyskylogo_text_white2.png\",\"contentUrl\":\"https:\\\/\\\/www.ghostysky.com\\\/wp-content\\\/uploads\\\/2020\\\/06\\\/cropped-ghostyskylogo_text_white2.png\",\"width\":169,\"height\":56,\"caption\":\"Ghostysky\"},\"image\":{\"@id\":\"https:\\\/\\\/www.ghostysky.com\\\/#\\\/schema\\\/logo\\\/image\\\/\"},\"sameAs\":[\"https:\\\/\\\/www.facebook.com\\\/people\\\/Ghostysky\\\/100057676170234\\\/\",\"https:\\\/\\\/x.com\\\/Gh0stysky\",\"https:\\\/\\\/www.linkedin.com\\\/company\\\/34739653\",\"https:\\\/\\\/www.instagram.com\\\/gh0stysky\"]}]}<\/script>\n<!-- \/ Yoast SEO plugin. -->","yoast_head_json":{"title":"Controlador remoto impermeable SwellPro\u00ae Spry\/Spry+ -","description":"El control remoto para Spry y Spry+ Drone es completamente resistente al agua. Especialmente dise\u00f1ado para Acro-Mode, acelera en modo carrera para un control piloto preciso, para una experiencia de video o filmaci\u00f3n m\u00e1s emocionante.","robots":{"index":"index","follow":"follow","max-snippet":"max-snippet:-1","max-image-preview":"max-image-preview:large","max-video-preview":"max-video-preview:-1"},"canonical":"https:\/\/www.ghostysky.com\/es\/producto-2\/swellpro-spry-spry-waterproof-remote-controller\/","og_locale":"es_ES","og_type":"article","og_title":"SwellPro\u00ae Spry\/Spry+ Waterproof Remote Controller -","og_description":"Remote control for the Spry and Spry+ Drone, is completely waterproof.Specially designed for Acro-Mode, throttle in career mode for precise pilot control, for a more exciting video or filming experience.","og_url":"https:\/\/www.ghostysky.com\/es\/producto-2\/swellpro-spry-spry-waterproof-remote-controller\/","og_site_name":"Ghostysky","article_publisher":"https:\/\/www.facebook.com\/people\/Ghostysky\/100057676170234\/","article_modified_time":"2023-04-03T18:46:49+00:00","og_image":[{"width":600,"height":600,"url":"https:\/\/www.ghostysky.com\/wp-content\/uploads\/2022\/03\/swellprowaterproofremote_1500x.webp","type":"image\/webp"}],"twitter_card":"summary_large_image","twitter_site":"@Gh0stysky","twitter_misc":{"Tiempo de lectura":"1 minuto"},"schema":{"@context":"https:\/\/schema.org","@graph":[{"@type":"WebPage","@id":"https:\/\/www.ghostysky.com\/product\/swellpro-spry-spry-waterproof-remote-controller\/","url":"https:\/\/www.ghostysky.com\/product\/swellpro-spry-spry-waterproof-remote-controller\/","name":"Controlador remoto impermeable SwellPro\u00ae Spry\/Spry+ -","isPartOf":{"@id":"https:\/\/www.ghostysky.com\/#website"},"primaryImageOfPage":{"@id":"https:\/\/www.ghostysky.com\/product\/swellpro-spry-spry-waterproof-remote-controller\/#primaryimage"},"image":{"@id":"https:\/\/www.ghostysky.com\/product\/swellpro-spry-spry-waterproof-remote-controller\/#primaryimage"},"thumbnailUrl":"https:\/\/www.ghostysky.com\/wp-content\/uploads\/2022\/03\/swellprowaterproofremote_1500x.webp","datePublished":"2022-03-24T00:40:06+00:00","dateModified":"2023-04-03T18:46:49+00:00","description":"El control remoto para Spry y Spry+ Drone es completamente resistente al agua. Especialmente dise\u00f1ado para Acro-Mode, acelera en modo carrera para un control piloto preciso, para una experiencia de video o filmaci\u00f3n m\u00e1s emocionante.","breadcrumb":{"@id":"https:\/\/www.ghostysky.com\/product\/swellpro-spry-spry-waterproof-remote-controller\/#breadcrumb"},"inLanguage":"es","potentialAction":[{"@type":"ReadAction","target":["https:\/\/www.ghostysky.com\/product\/swellpro-spry-spry-waterproof-remote-controller\/"]}]},{"@type":"ImageObject","inLanguage":"es","@id":"https:\/\/www.ghostysky.com\/product\/swellpro-spry-spry-waterproof-remote-controller\/#primaryimage","url":"https:\/\/www.ghostysky.com\/wp-content\/uploads\/2022\/03\/swellprowaterproofremote_1500x.webp","contentUrl":"https:\/\/www.ghostysky.com\/wp-content\/uploads\/2022\/03\/swellprowaterproofremote_1500x.webp","width":600,"height":600},{"@type":"BreadcrumbList","@id":"https:\/\/www.ghostysky.com\/product\/swellpro-spry-spry-waterproof-remote-controller\/#breadcrumb","itemListElement":[{"@type":"ListItem","position":1,"name":"Home","item":"https:\/\/www.ghostysky.com\/"},{"@type":"ListItem","position":2,"name":"Shop","item":"https:\/\/www.ghostysky.com\/shop\/"},{"@type":"ListItem","position":3,"name":"SwellPro\u00ae Spry\/Spry+ Waterproof Remote Controller"}]},{"@type":"WebSite","@id":"https:\/\/www.ghostysky.com\/#website","url":"https:\/\/www.ghostysky.com\/","name":"Ghostysky","description":"Ofrecemos soluciones profesionales de drones y rob\u00f3tica.","publisher":{"@id":"https:\/\/www.ghostysky.com\/#organization"},"potentialAction":[{"@type":"SearchAction","target":{"@type":"EntryPoint","urlTemplate":"https:\/\/www.ghostysky.com\/?s={search_term_string}"},"query-input":{"@type":"PropertyValueSpecification","valueRequired":true,"valueName":"search_term_string"}}],"inLanguage":"es"},{"@type":"Organization","@id":"https:\/\/www.ghostysky.com\/#organization","name":"Ghostysky","url":"https:\/\/www.ghostysky.com\/","logo":{"@type":"ImageObject","inLanguage":"es","@id":"https:\/\/www.ghostysky.com\/#\/schema\/logo\/image\/","url":"https:\/\/www.ghostysky.com\/wp-content\/uploads\/2020\/06\/cropped-ghostyskylogo_text_white2.png","contentUrl":"https:\/\/www.ghostysky.com\/wp-content\/uploads\/2020\/06\/cropped-ghostyskylogo_text_white2.png","width":169,"height":56,"caption":"Ghostysky"},"image":{"@id":"https:\/\/www.ghostysky.com\/#\/schema\/logo\/image\/"},"sameAs":["https:\/\/www.facebook.com\/people\/Ghostysky\/100057676170234\/","https:\/\/x.com\/Gh0stysky","https:\/\/www.linkedin.com\/company\/34739653","https:\/\/www.instagram.com\/gh0stysky"]}]}},"_links":{"self":[{"href":"https:\/\/www.ghostysky.com\/es\/wp-json\/wp\/v2\/product\/6445","targetHints":{"allow":["GET"]}}],"collection":[{"href":"https:\/\/www.ghostysky.com\/es\/wp-json\/wp\/v2\/product"}],"about":[{"href":"https:\/\/www.ghostysky.com\/es\/wp-json\/wp\/v2\/types\/product"}],"replies":[{"embeddable":true,"href":"https:\/\/www.ghostysky.com\/es\/wp-json\/wp\/v2\/comments?post=6445"}],"version-history":[{"count":0,"href":"https:\/\/www.ghostysky.com\/es\/wp-json\/wp\/v2\/product\/6445\/revisions"}],"wp:featuredmedia":[{"embeddable":true,"href":"https:\/\/www.ghostysky.com\/es\/wp-json\/wp\/v2\/media\/6446"}],"wp:attachment":[{"href":"https:\/\/www.ghostysky.com\/es\/wp-json\/wp\/v2\/media?parent=6445"}],"wp:term":[{"taxonomy":"product_brand","embeddable":true,"href":"https:\/\/www.ghostysky.com\/es\/wp-json\/wp\/v2\/product_brand?post=6445"},{"taxonomy":"product_cat","embeddable":true,"href":"https:\/\/www.ghostysky.com\/es\/wp-json\/wp\/v2\/product_cat?post=6445"},{"taxonomy":"product_tag","embeddable":true,"href":"https:\/\/www.ghostysky.com\/es\/wp-json\/wp\/v2\/product_tag?post=6445"}],"curies":[{"name":"wp","href":"https:\/\/api.w.org\/{rel}","templated":true}]}}