{"id":7339,"date":"2022-05-25T23:57:11","date_gmt":"2022-05-25T23:57:11","guid":{"rendered":"https:\/\/www.ghostysky.com\/?post_type=product&#038;p=7339"},"modified":"2024-05-06T08:06:03","modified_gmt":"2024-05-06T08:06:03","slug":"south-h6","status":"publish","type":"product","link":"https:\/\/www.ghostysky.com\/es\/product\/south-h6\/","title":{"rendered":"South H6"},"content":{"rendered":"<h2 class=\"pro_name\">H6<\/h2>\n<ol>\u25cf Sistema operativo Android 8.1, ROM de 64 GB<\/ol>\n<ol>\u25cf Pantalla t\u00e1ctil de luz solar de 5\u2033<\/ol>\n<ol>\u25cf Teclado completo, entrada m\u00e1s r\u00e1pida<\/ol>\n<ol>\u25cf La bater\u00eda de gran capacidad de 9200 mAh funciona m\u00e1s tiempo<\/ol>\n<ol>\u25cf M\u00f3dulo celular 4G, ranura para tarjeta SIM dual<\/ol>\n<p>&nbsp;<\/p>","protected":false},"excerpt":{"rendered":"<p class=\"translation-block\"><a href=\"https:\/\/www.ghostysky.com\/es\/storage\/woocommerce_uploads\/2022\/05\/H6_brochure_EN_compressed-lsb83t.pdf\/\" target=\"_self\">H6<\/a> es el controlador Android profesional de nueva generaci\u00f3n del SUR. Tiene instalado el sistema operativo Android 8.1 y adopta un teclado QWERTY completo con teclas separadas para 26 letras y n\u00fameros, lo que hace que la entrada en el campo sea m\u00e1s r\u00e1pida para la mayor\u00eda de los top\u00f3grafos y, mientras tanto, los beneficia con una mayor eficiencia y una productividad mejorada.<\/p>\n<p>&nbsp;<\/p>","protected":false},"featured_media":7343,"comment_status":"open","ping_status":"closed","template":"","meta":[],"product_brand":[],"product_cat":[367,373,89,30,371],"product_tag":[380,374],"class_list":{"0":"post-7339","1":"product","2":"type-product","3":"status-publish","4":"has-post-thumbnail","6":"product_cat-accessories-emlid","7":"product_cat-accessories-south","8":"product_cat-emlid","9":"product_cat-mobile-station","10":"product_cat-south","11":"product_tag-h6","12":"product_tag-south","14":"first","15":"onbackorder","16":"downloadable","17":"taxable","18":"shipping-taxable","19":"purchasable","20":"product-type-simple"},"yoast_head":"<!-- This site is optimized with the Yoast SEO plugin v27.4 - https:\/\/yoast.com\/product\/yoast-seo-wordpress\/ -->\n<title>South H6 - Ghostysky<\/title>\n<meta name=\"description\" content=\"H6 is SOUTH new generation professional Android controller. It is installed Android 8.1 OS and adopts full QWERTY keypad with separate keys for 26 letters and numbers makes the input in the field more faster for most surveyors\" \/>\n<meta name=\"robots\" content=\"index, follow, max-snippet:-1, max-image-preview:large, max-video-preview:-1\" \/>\n<link rel=\"canonical\" href=\"https:\/\/www.ghostysky.com\/es\/producto-2\/south-h6\/\" \/>\n<meta property=\"og:locale\" content=\"es_ES\" \/>\n<meta property=\"og:type\" content=\"article\" \/>\n<meta property=\"og:title\" content=\"South H6 - Ghostysky\" \/>\n<meta property=\"og:description\" content=\"H6 is SOUTH new generation professional Android controller. It is installed Android 8.1 OS and adopts full QWERTY keypad with separate keys for 26 letters and numbers makes the input in the field more faster for most surveyors\" \/>\n<meta property=\"og:url\" content=\"https:\/\/www.ghostysky.com\/es\/producto-2\/south-h6\/\" \/>\n<meta property=\"og:site_name\" content=\"Ghostysky\" \/>\n<meta property=\"article:publisher\" content=\"https:\/\/www.facebook.com\/people\/Ghostysky\/100057676170234\/\" \/>\n<meta property=\"article:modified_time\" content=\"2024-05-06T08:06:03+00:00\" \/>\n<meta property=\"og:image\" content=\"https:\/\/www.ghostysky.com\/wp-content\/uploads\/2022\/05\/colector-de-datos-south-h6-con-soporte-a-jalon.png\" \/>\n\t<meta property=\"og:image:width\" content=\"800\" \/>\n\t<meta property=\"og:image:height\" content=\"1040\" \/>\n\t<meta property=\"og:image:type\" content=\"image\/png\" \/>\n<meta name=\"twitter:card\" content=\"summary_large_image\" \/>\n<meta name=\"twitter:site\" content=\"@Gh0stysky\" \/>\n<meta name=\"twitter:label1\" content=\"Tiempo de lectura\" \/>\n\t<meta name=\"twitter:data1\" content=\"1 minuto\" \/>\n<script type=\"application\/ld+json\" class=\"yoast-schema-graph\">{\"@context\":\"https:\\\/\\\/schema.org\",\"@graph\":[{\"@type\":\"WebPage\",\"@id\":\"https:\\\/\\\/www.ghostysky.com\\\/product\\\/south-h6\\\/\",\"url\":\"https:\\\/\\\/www.ghostysky.com\\\/product\\\/south-h6\\\/\",\"name\":\"South H6 - Ghostysky\",\"isPartOf\":{\"@id\":\"https:\\\/\\\/www.ghostysky.com\\\/#website\"},\"primaryImageOfPage\":{\"@id\":\"https:\\\/\\\/www.ghostysky.com\\\/product\\\/south-h6\\\/#primaryimage\"},\"image\":{\"@id\":\"https:\\\/\\\/www.ghostysky.com\\\/product\\\/south-h6\\\/#primaryimage\"},\"thumbnailUrl\":\"https:\\\/\\\/www.ghostysky.com\\\/wp-content\\\/uploads\\\/2022\\\/05\\\/colector-de-datos-south-h6-con-soporte-a-jalon.png\",\"datePublished\":\"2022-05-25T23:57:11+00:00\",\"dateModified\":\"2024-05-06T08:06:03+00:00\",\"description\":\"H6 is SOUTH new generation professional Android controller. It is installed Android 8.1 OS and adopts full QWERTY keypad with separate keys for 26 letters and numbers makes the input in the field more faster for most surveyors\",\"breadcrumb\":{\"@id\":\"https:\\\/\\\/www.ghostysky.com\\\/product\\\/south-h6\\\/#breadcrumb\"},\"inLanguage\":\"es\",\"potentialAction\":[{\"@type\":\"ReadAction\",\"target\":[\"https:\\\/\\\/www.ghostysky.com\\\/product\\\/south-h6\\\/\"]}]},{\"@type\":\"ImageObject\",\"inLanguage\":\"es\",\"@id\":\"https:\\\/\\\/www.ghostysky.com\\\/product\\\/south-h6\\\/#primaryimage\",\"url\":\"https:\\\/\\\/www.ghostysky.com\\\/wp-content\\\/uploads\\\/2022\\\/05\\\/colector-de-datos-south-h6-con-soporte-a-jalon.png\",\"contentUrl\":\"https:\\\/\\\/www.ghostysky.com\\\/wp-content\\\/uploads\\\/2022\\\/05\\\/colector-de-datos-south-h6-con-soporte-a-jalon.png\",\"width\":800,\"height\":1040},{\"@type\":\"BreadcrumbList\",\"@id\":\"https:\\\/\\\/www.ghostysky.com\\\/product\\\/south-h6\\\/#breadcrumb\",\"itemListElement\":[{\"@type\":\"ListItem\",\"position\":1,\"name\":\"Home\",\"item\":\"https:\\\/\\\/www.ghostysky.com\\\/\"},{\"@type\":\"ListItem\",\"position\":2,\"name\":\"Shop\",\"item\":\"https:\\\/\\\/www.ghostysky.com\\\/shop\\\/\"},{\"@type\":\"ListItem\",\"position\":3,\"name\":\"South H6\"}]},{\"@type\":\"WebSite\",\"@id\":\"https:\\\/\\\/www.ghostysky.com\\\/#website\",\"url\":\"https:\\\/\\\/www.ghostysky.com\\\/\",\"name\":\"Ghostysky\",\"description\":\"Delivering professional drones and robotics solutions\",\"publisher\":{\"@id\":\"https:\\\/\\\/www.ghostysky.com\\\/#organization\"},\"potentialAction\":[{\"@type\":\"SearchAction\",\"target\":{\"@type\":\"EntryPoint\",\"urlTemplate\":\"https:\\\/\\\/www.ghostysky.com\\\/?s={search_term_string}\"},\"query-input\":{\"@type\":\"PropertyValueSpecification\",\"valueRequired\":true,\"valueName\":\"search_term_string\"}}],\"inLanguage\":\"es\"},{\"@type\":\"Organization\",\"@id\":\"https:\\\/\\\/www.ghostysky.com\\\/#organization\",\"name\":\"Ghostysky\",\"url\":\"https:\\\/\\\/www.ghostysky.com\\\/\",\"logo\":{\"@type\":\"ImageObject\",\"inLanguage\":\"es\",\"@id\":\"https:\\\/\\\/www.ghostysky.com\\\/#\\\/schema\\\/logo\\\/image\\\/\",\"url\":\"https:\\\/\\\/www.ghostysky.com\\\/wp-content\\\/uploads\\\/2020\\\/06\\\/cropped-ghostyskylogo_text_white2.png\",\"contentUrl\":\"https:\\\/\\\/www.ghostysky.com\\\/wp-content\\\/uploads\\\/2020\\\/06\\\/cropped-ghostyskylogo_text_white2.png\",\"width\":169,\"height\":56,\"caption\":\"Ghostysky\"},\"image\":{\"@id\":\"https:\\\/\\\/www.ghostysky.com\\\/#\\\/schema\\\/logo\\\/image\\\/\"},\"sameAs\":[\"https:\\\/\\\/www.facebook.com\\\/people\\\/Ghostysky\\\/100057676170234\\\/\",\"https:\\\/\\\/x.com\\\/Gh0stysky\",\"https:\\\/\\\/www.linkedin.com\\\/company\\\/34739653\",\"https:\\\/\\\/www.instagram.com\\\/gh0stysky\"]}]}<\/script>\n<!-- \/ Yoast SEO plugin. -->","yoast_head_json":{"title":"Sur H6 - Ghostysky","description":"H6 es el controlador Android profesional de nueva generaci\u00f3n SOUTH. Tiene instalado el sistema operativo Android 8.1 y adopta un teclado QWERTY completo con teclas separadas para 26 letras y n\u00fameros, lo que hace que la entrada en el campo sea m\u00e1s r\u00e1pida para la mayor\u00eda de los top\u00f3grafos.","robots":{"index":"index","follow":"follow","max-snippet":"max-snippet:-1","max-image-preview":"max-image-preview:large","max-video-preview":"max-video-preview:-1"},"canonical":"https:\/\/www.ghostysky.com\/es\/producto-2\/south-h6\/","og_locale":"es_ES","og_type":"article","og_title":"South H6 - Ghostysky","og_description":"H6 is SOUTH new generation professional Android controller. It is installed Android 8.1 OS and adopts full QWERTY keypad with separate keys for 26 letters and numbers makes the input in the field more faster for most surveyors","og_url":"https:\/\/www.ghostysky.com\/es\/producto-2\/south-h6\/","og_site_name":"Ghostysky","article_publisher":"https:\/\/www.facebook.com\/people\/Ghostysky\/100057676170234\/","article_modified_time":"2024-05-06T08:06:03+00:00","og_image":[{"width":800,"height":1040,"url":"https:\/\/www.ghostysky.com\/wp-content\/uploads\/2022\/05\/colector-de-datos-south-h6-con-soporte-a-jalon.png","type":"image\/png"}],"twitter_card":"summary_large_image","twitter_site":"@Gh0stysky","twitter_misc":{"Tiempo de lectura":"1 minuto"},"schema":{"@context":"https:\/\/schema.org","@graph":[{"@type":"WebPage","@id":"https:\/\/www.ghostysky.com\/product\/south-h6\/","url":"https:\/\/www.ghostysky.com\/product\/south-h6\/","name":"Sur H6 - Ghostysky","isPartOf":{"@id":"https:\/\/www.ghostysky.com\/#website"},"primaryImageOfPage":{"@id":"https:\/\/www.ghostysky.com\/product\/south-h6\/#primaryimage"},"image":{"@id":"https:\/\/www.ghostysky.com\/product\/south-h6\/#primaryimage"},"thumbnailUrl":"https:\/\/www.ghostysky.com\/wp-content\/uploads\/2022\/05\/colector-de-datos-south-h6-con-soporte-a-jalon.png","datePublished":"2022-05-25T23:57:11+00:00","dateModified":"2024-05-06T08:06:03+00:00","description":"H6 es el controlador Android profesional de nueva generaci\u00f3n SOUTH. Tiene instalado el sistema operativo Android 8.1 y adopta un teclado QWERTY completo con teclas separadas para 26 letras y n\u00fameros, lo que hace que la entrada en el campo sea m\u00e1s r\u00e1pida para la mayor\u00eda de los top\u00f3grafos.","breadcrumb":{"@id":"https:\/\/www.ghostysky.com\/product\/south-h6\/#breadcrumb"},"inLanguage":"es","potentialAction":[{"@type":"ReadAction","target":["https:\/\/www.ghostysky.com\/product\/south-h6\/"]}]},{"@type":"ImageObject","inLanguage":"es","@id":"https:\/\/www.ghostysky.com\/product\/south-h6\/#primaryimage","url":"https:\/\/www.ghostysky.com\/wp-content\/uploads\/2022\/05\/colector-de-datos-south-h6-con-soporte-a-jalon.png","contentUrl":"https:\/\/www.ghostysky.com\/wp-content\/uploads\/2022\/05\/colector-de-datos-south-h6-con-soporte-a-jalon.png","width":800,"height":1040},{"@type":"BreadcrumbList","@id":"https:\/\/www.ghostysky.com\/product\/south-h6\/#breadcrumb","itemListElement":[{"@type":"ListItem","position":1,"name":"Home","item":"https:\/\/www.ghostysky.com\/"},{"@type":"ListItem","position":2,"name":"Shop","item":"https:\/\/www.ghostysky.com\/shop\/"},{"@type":"ListItem","position":3,"name":"South H6"}]},{"@type":"WebSite","@id":"https:\/\/www.ghostysky.com\/#website","url":"https:\/\/www.ghostysky.com\/","name":"Ghostysky","description":"Ofrecemos soluciones profesionales de drones y rob\u00f3tica.","publisher":{"@id":"https:\/\/www.ghostysky.com\/#organization"},"potentialAction":[{"@type":"SearchAction","target":{"@type":"EntryPoint","urlTemplate":"https:\/\/www.ghostysky.com\/?s={search_term_string}"},"query-input":{"@type":"PropertyValueSpecification","valueRequired":true,"valueName":"search_term_string"}}],"inLanguage":"es"},{"@type":"Organization","@id":"https:\/\/www.ghostysky.com\/#organization","name":"Ghostysky","url":"https:\/\/www.ghostysky.com\/","logo":{"@type":"ImageObject","inLanguage":"es","@id":"https:\/\/www.ghostysky.com\/#\/schema\/logo\/image\/","url":"https:\/\/www.ghostysky.com\/wp-content\/uploads\/2020\/06\/cropped-ghostyskylogo_text_white2.png","contentUrl":"https:\/\/www.ghostysky.com\/wp-content\/uploads\/2020\/06\/cropped-ghostyskylogo_text_white2.png","width":169,"height":56,"caption":"Ghostysky"},"image":{"@id":"https:\/\/www.ghostysky.com\/#\/schema\/logo\/image\/"},"sameAs":["https:\/\/www.facebook.com\/people\/Ghostysky\/100057676170234\/","https:\/\/x.com\/Gh0stysky","https:\/\/www.linkedin.com\/company\/34739653","https:\/\/www.instagram.com\/gh0stysky"]}]}},"_links":{"self":[{"href":"https:\/\/www.ghostysky.com\/es\/wp-json\/wp\/v2\/product\/7339","targetHints":{"allow":["GET"]}}],"collection":[{"href":"https:\/\/www.ghostysky.com\/es\/wp-json\/wp\/v2\/product"}],"about":[{"href":"https:\/\/www.ghostysky.com\/es\/wp-json\/wp\/v2\/types\/product"}],"replies":[{"embeddable":true,"href":"https:\/\/www.ghostysky.com\/es\/wp-json\/wp\/v2\/comments?post=7339"}],"version-history":[{"count":0,"href":"https:\/\/www.ghostysky.com\/es\/wp-json\/wp\/v2\/product\/7339\/revisions"}],"wp:featuredmedia":[{"embeddable":true,"href":"https:\/\/www.ghostysky.com\/es\/wp-json\/wp\/v2\/media\/7343"}],"wp:attachment":[{"href":"https:\/\/www.ghostysky.com\/es\/wp-json\/wp\/v2\/media?parent=7339"}],"wp:term":[{"taxonomy":"product_brand","embeddable":true,"href":"https:\/\/www.ghostysky.com\/es\/wp-json\/wp\/v2\/product_brand?post=7339"},{"taxonomy":"product_cat","embeddable":true,"href":"https:\/\/www.ghostysky.com\/es\/wp-json\/wp\/v2\/product_cat?post=7339"},{"taxonomy":"product_tag","embeddable":true,"href":"https:\/\/www.ghostysky.com\/es\/wp-json\/wp\/v2\/product_tag?post=7339"}],"curies":[{"name":"wp","href":"https:\/\/api.w.org\/{rel}","templated":true}]}}