{"id":7422,"date":"2022-07-01T09:13:17","date_gmt":"2022-07-01T09:13:17","guid":{"rendered":"https:\/\/www.ghostysky.com\/?post_type=product&#038;p=7422"},"modified":"2024-10-22T01:30:16","modified_gmt":"2024-10-22T01:30:16","slug":"entron300-drone-light-show-drone","status":"publish","type":"product","link":"https:\/\/www.ghostysky.com\/es\/product\/entron300-drone-light-show-drone\/","title":{"rendered":"Entron 300 \u2013 Dron para espect\u00e1culo de luces"},"content":{"rendered":"<h2>Entron 300 DRONES<\/h2>\n<p><img decoding=\"async\" style=\"height: 500px;\" src=\"datos:imagen\/gif;base64,R0lGODlhAQABAAAAACH5BAEKAAEALAAAAAABAAEAAAICTAEAOw==\" class=\"lazyload\" data-src=\"datos:imagen\/gif;base64,R0lGODlhAQABAAAAACH5BAEKAAEALAAAAAABAAEAAAICTAEAOw==\"><br \/>\n<img decoding=\"async\" style=\"height: 500px;\" src=\"datos:imagen\/gif;base64,R0lGODlhAQABAAAAACH5BAEKAAEALAAAAAABAAEAAAICTAEAOw==\" class=\"lazyload\" data-src=\"datos:imagen\/gif;base64,R0lGODlhAQABAAAAACH5BAEKAAEALAAAAAABAAEAAAICTAEAOw==\"><\/p>","protected":false},"excerpt":{"rendered":"<p>Los drones Entron 300 son una opci\u00f3n perfecta para los eventos de Drone Light Shows. Compacto, duradero y ligero, incorpora un piloto autom\u00e1tico Pixhawk compatible con todos los software Drone Light Show del mercado.<\/p>\n<p>Funciones destacadas<\/p>\n<ul>\n<li>UgCS DroneShowSoftware compatible<\/li>\n<li>Estructura de avi\u00f3n compacta, duradera y ligera<\/li>\n<li>Hasta 26 min de tiempo de vuelo<\/li>\n<li>Controlador de vuelo Pixhawk est\u00e1ndar que permite una configuraci\u00f3n y un desarrollo flexibles<\/li>\n<li>RTK GPS que permite una precisi\u00f3n de posicionamiento de nivel cm<\/li>\n<li>Enlaces de datos duales para comunicaci\u00f3n redundante<\/li>\n<li>LED RGB de 15W a todo color de alto brillo<\/li>\n<li>Jaulas de h\u00e9lice opcionales<\/li>\n<li>Puntales autoajustables o plegables<\/li>\n<\/ul>","protected":false},"featured_media":10520,"comment_status":"open","ping_status":"closed","template":"","meta":[],"product_brand":[],"product_cat":[29,584],"product_tag":[38,383,384,184,428],"class_list":{"0":"post-7422","1":"product","2":"type-product","3":"status-publish","4":"has-post-thumbnail","6":"product_cat-drones","7":"product_cat-outlet","8":"product_tag-drone","9":"product_tag-drone-light-show","10":"product_tag-drone-show-software","11":"product_tag-entron-300","12":"product_tag-other-applications","14":"first","15":"instock","16":"sale","17":"taxable","18":"shipping-taxable","19":"purchasable","20":"product-type-simple"},"yoast_head":"<!-- This site is optimized with the Yoast SEO plugin v27.4 - https:\/\/yoast.com\/product\/yoast-seo-wordpress\/ -->\n<title>Entron 300 - Drone Light Show drone -<\/title>\n<meta name=\"description\" content=\"Entron 300 drones are a perfect choice for Drone Light Shows events. Compact, durable and light-weight it incorporates a Pixhawk autopilot compatible with all Drone Light Show software in the market.\" \/>\n<meta name=\"robots\" content=\"index, follow, max-snippet:-1, max-image-preview:large, max-video-preview:-1\" \/>\n<link rel=\"canonical\" href=\"https:\/\/www.ghostysky.com\/es\/producto-2\/entron300-drone-light-show-drone\/\" \/>\n<meta property=\"og:locale\" content=\"es_ES\" \/>\n<meta property=\"og:type\" content=\"article\" \/>\n<meta property=\"og:title\" content=\"Entron 300 - Drone Light Show drone -\" \/>\n<meta property=\"og:description\" content=\"Entron 300 drones are a perfect choice for Drone Light Shows events. Compact, durable and light-weight it incorporates a Pixhawk autopilot compatible with all Drone Light Show software in the market.\" \/>\n<meta property=\"og:url\" content=\"https:\/\/www.ghostysky.com\/es\/producto-2\/entron300-drone-light-show-drone\/\" \/>\n<meta property=\"og:site_name\" content=\"Ghostysky\" \/>\n<meta property=\"article:publisher\" content=\"https:\/\/www.facebook.com\/people\/Ghostysky\/100057676170234\/\" \/>\n<meta property=\"article:modified_time\" content=\"2024-10-22T01:30:16+00:00\" \/>\n<meta property=\"og:image\" content=\"https:\/\/www.ghostysky.com\/wp-content\/uploads\/2022\/07\/Entron300_1.webp\" \/>\n\t<meta property=\"og:image:width\" content=\"1000\" \/>\n\t<meta property=\"og:image:height\" content=\"681\" \/>\n\t<meta property=\"og:image:type\" content=\"image\/webp\" \/>\n<meta name=\"twitter:card\" content=\"summary_large_image\" \/>\n<meta name=\"twitter:site\" content=\"@Gh0stysky\" \/>\n<meta name=\"twitter:label1\" content=\"Tiempo de lectura\" \/>\n\t<meta name=\"twitter:data1\" content=\"1 minuto\" \/>\n<script type=\"application\/ld+json\" class=\"yoast-schema-graph\">{\"@context\":\"https:\\\/\\\/schema.org\",\"@graph\":[{\"@type\":\"WebPage\",\"@id\":\"https:\\\/\\\/www.ghostysky.com\\\/product\\\/entron300-drone-light-show-drone\\\/\",\"url\":\"https:\\\/\\\/www.ghostysky.com\\\/product\\\/entron300-drone-light-show-drone\\\/\",\"name\":\"Entron 300 - Drone Light Show drone -\",\"isPartOf\":{\"@id\":\"https:\\\/\\\/www.ghostysky.com\\\/#website\"},\"primaryImageOfPage\":{\"@id\":\"https:\\\/\\\/www.ghostysky.com\\\/product\\\/entron300-drone-light-show-drone\\\/#primaryimage\"},\"image\":{\"@id\":\"https:\\\/\\\/www.ghostysky.com\\\/product\\\/entron300-drone-light-show-drone\\\/#primaryimage\"},\"thumbnailUrl\":\"https:\\\/\\\/www.ghostysky.com\\\/wp-content\\\/uploads\\\/2022\\\/07\\\/Entron300_1.webp\",\"datePublished\":\"2022-07-01T09:13:17+00:00\",\"dateModified\":\"2024-10-22T01:30:16+00:00\",\"description\":\"Entron 300 drones are a perfect choice for Drone Light Shows events. Compact, durable and light-weight it incorporates a Pixhawk autopilot compatible with all Drone Light Show software in the market.\",\"breadcrumb\":{\"@id\":\"https:\\\/\\\/www.ghostysky.com\\\/product\\\/entron300-drone-light-show-drone\\\/#breadcrumb\"},\"inLanguage\":\"es\",\"potentialAction\":[{\"@type\":\"ReadAction\",\"target\":[\"https:\\\/\\\/www.ghostysky.com\\\/product\\\/entron300-drone-light-show-drone\\\/\"]}]},{\"@type\":\"ImageObject\",\"inLanguage\":\"es\",\"@id\":\"https:\\\/\\\/www.ghostysky.com\\\/product\\\/entron300-drone-light-show-drone\\\/#primaryimage\",\"url\":\"https:\\\/\\\/www.ghostysky.com\\\/wp-content\\\/uploads\\\/2022\\\/07\\\/Entron300_1.webp\",\"contentUrl\":\"https:\\\/\\\/www.ghostysky.com\\\/wp-content\\\/uploads\\\/2022\\\/07\\\/Entron300_1.webp\",\"width\":1000,\"height\":681},{\"@type\":\"BreadcrumbList\",\"@id\":\"https:\\\/\\\/www.ghostysky.com\\\/product\\\/entron300-drone-light-show-drone\\\/#breadcrumb\",\"itemListElement\":[{\"@type\":\"ListItem\",\"position\":1,\"name\":\"Home\",\"item\":\"https:\\\/\\\/www.ghostysky.com\\\/\"},{\"@type\":\"ListItem\",\"position\":2,\"name\":\"Shop\",\"item\":\"https:\\\/\\\/www.ghostysky.com\\\/shop\\\/\"},{\"@type\":\"ListItem\",\"position\":3,\"name\":\"Entron 300 &#8211; Drone Light Show drone\"}]},{\"@type\":\"WebSite\",\"@id\":\"https:\\\/\\\/www.ghostysky.com\\\/#website\",\"url\":\"https:\\\/\\\/www.ghostysky.com\\\/\",\"name\":\"Ghostysky\",\"description\":\"Delivering professional drones and services\",\"publisher\":{\"@id\":\"https:\\\/\\\/www.ghostysky.com\\\/#organization\"},\"potentialAction\":[{\"@type\":\"SearchAction\",\"target\":{\"@type\":\"EntryPoint\",\"urlTemplate\":\"https:\\\/\\\/www.ghostysky.com\\\/?s={search_term_string}\"},\"query-input\":{\"@type\":\"PropertyValueSpecification\",\"valueRequired\":true,\"valueName\":\"search_term_string\"}}],\"inLanguage\":\"es\"},{\"@type\":\"Organization\",\"@id\":\"https:\\\/\\\/www.ghostysky.com\\\/#organization\",\"name\":\"Ghostysky\",\"url\":\"https:\\\/\\\/www.ghostysky.com\\\/\",\"logo\":{\"@type\":\"ImageObject\",\"inLanguage\":\"es\",\"@id\":\"https:\\\/\\\/www.ghostysky.com\\\/#\\\/schema\\\/logo\\\/image\\\/\",\"url\":\"https:\\\/\\\/www.ghostysky.com\\\/wp-content\\\/uploads\\\/2020\\\/06\\\/cropped-ghostyskylogo_text_white2.png\",\"contentUrl\":\"https:\\\/\\\/www.ghostysky.com\\\/wp-content\\\/uploads\\\/2020\\\/06\\\/cropped-ghostyskylogo_text_white2.png\",\"width\":169,\"height\":56,\"caption\":\"Ghostysky\"},\"image\":{\"@id\":\"https:\\\/\\\/www.ghostysky.com\\\/#\\\/schema\\\/logo\\\/image\\\/\"},\"sameAs\":[\"https:\\\/\\\/www.facebook.com\\\/people\\\/Ghostysky\\\/100057676170234\\\/\",\"https:\\\/\\\/x.com\\\/Gh0stysky\",\"https:\\\/\\\/www.linkedin.com\\\/company\\\/34739653\",\"https:\\\/\\\/www.instagram.com\\\/gh0stysky\"]}]}<\/script>\n<!-- \/ Yoast SEO plugin. -->","yoast_head_json":{"title":"Entron 300 - Dron con espect\u00e1culo de luces -","description":"Los drones Entron 300 son una opci\u00f3n perfecta para los eventos de Drone Light Shows. Compacto, duradero y ligero, incorpora un piloto autom\u00e1tico Pixhawk compatible con todos los software Drone Light Show del mercado.","robots":{"index":"index","follow":"follow","max-snippet":"max-snippet:-1","max-image-preview":"max-image-preview:large","max-video-preview":"max-video-preview:-1"},"canonical":"https:\/\/www.ghostysky.com\/es\/producto-2\/entron300-drone-light-show-drone\/","og_locale":"es_ES","og_type":"article","og_title":"Entron 300 - Drone Light Show drone -","og_description":"Entron 300 drones are a perfect choice for Drone Light Shows events. Compact, durable and light-weight it incorporates a Pixhawk autopilot compatible with all Drone Light Show software in the market.","og_url":"https:\/\/www.ghostysky.com\/es\/producto-2\/entron300-drone-light-show-drone\/","og_site_name":"Ghostysky","article_publisher":"https:\/\/www.facebook.com\/people\/Ghostysky\/100057676170234\/","article_modified_time":"2024-10-22T01:30:16+00:00","og_image":[{"width":1000,"height":681,"url":"https:\/\/www.ghostysky.com\/wp-content\/uploads\/2022\/07\/Entron300_1.webp","type":"image\/webp"}],"twitter_card":"summary_large_image","twitter_site":"@Gh0stysky","twitter_misc":{"Tiempo de lectura":"1 minuto"},"schema":{"@context":"https:\/\/schema.org","@graph":[{"@type":"WebPage","@id":"https:\/\/www.ghostysky.com\/product\/entron300-drone-light-show-drone\/","url":"https:\/\/www.ghostysky.com\/product\/entron300-drone-light-show-drone\/","name":"Entron 300 - Dron con espect\u00e1culo de luces -","isPartOf":{"@id":"https:\/\/www.ghostysky.com\/#website"},"primaryImageOfPage":{"@id":"https:\/\/www.ghostysky.com\/product\/entron300-drone-light-show-drone\/#primaryimage"},"image":{"@id":"https:\/\/www.ghostysky.com\/product\/entron300-drone-light-show-drone\/#primaryimage"},"thumbnailUrl":"https:\/\/www.ghostysky.com\/wp-content\/uploads\/2022\/07\/Entron300_1.webp","datePublished":"2022-07-01T09:13:17+00:00","dateModified":"2024-10-22T01:30:16+00:00","description":"Los drones Entron 300 son una opci\u00f3n perfecta para los eventos de Drone Light Shows. Compacto, duradero y ligero, incorpora un piloto autom\u00e1tico Pixhawk compatible con todos los software Drone Light Show del mercado.","breadcrumb":{"@id":"https:\/\/www.ghostysky.com\/product\/entron300-drone-light-show-drone\/#breadcrumb"},"inLanguage":"es","potentialAction":[{"@type":"ReadAction","target":["https:\/\/www.ghostysky.com\/product\/entron300-drone-light-show-drone\/"]}]},{"@type":"ImageObject","inLanguage":"es","@id":"https:\/\/www.ghostysky.com\/product\/entron300-drone-light-show-drone\/#primaryimage","url":"https:\/\/www.ghostysky.com\/wp-content\/uploads\/2022\/07\/Entron300_1.webp","contentUrl":"https:\/\/www.ghostysky.com\/wp-content\/uploads\/2022\/07\/Entron300_1.webp","width":1000,"height":681},{"@type":"BreadcrumbList","@id":"https:\/\/www.ghostysky.com\/product\/entron300-drone-light-show-drone\/#breadcrumb","itemListElement":[{"@type":"ListItem","position":1,"name":"Home","item":"https:\/\/www.ghostysky.com\/"},{"@type":"ListItem","position":2,"name":"Shop","item":"https:\/\/www.ghostysky.com\/shop\/"},{"@type":"ListItem","position":3,"name":"Entron 300 &#8211; Drone Light Show drone"}]},{"@type":"WebSite","@id":"https:\/\/www.ghostysky.com\/#website","url":"https:\/\/www.ghostysky.com\/","name":"Ghostysky","description":"Entrega de drones y servicios profesionales","publisher":{"@id":"https:\/\/www.ghostysky.com\/#organization"},"potentialAction":[{"@type":"SearchAction","target":{"@type":"EntryPoint","urlTemplate":"https:\/\/www.ghostysky.com\/?s={search_term_string}"},"query-input":{"@type":"PropertyValueSpecification","valueRequired":true,"valueName":"search_term_string"}}],"inLanguage":"es"},{"@type":"Organization","@id":"https:\/\/www.ghostysky.com\/#organization","name":"Ghostysky","url":"https:\/\/www.ghostysky.com\/","logo":{"@type":"ImageObject","inLanguage":"es","@id":"https:\/\/www.ghostysky.com\/#\/schema\/logo\/image\/","url":"https:\/\/www.ghostysky.com\/wp-content\/uploads\/2020\/06\/cropped-ghostyskylogo_text_white2.png","contentUrl":"https:\/\/www.ghostysky.com\/wp-content\/uploads\/2020\/06\/cropped-ghostyskylogo_text_white2.png","width":169,"height":56,"caption":"Ghostysky"},"image":{"@id":"https:\/\/www.ghostysky.com\/#\/schema\/logo\/image\/"},"sameAs":["https:\/\/www.facebook.com\/people\/Ghostysky\/100057676170234\/","https:\/\/x.com\/Gh0stysky","https:\/\/www.linkedin.com\/company\/34739653","https:\/\/www.instagram.com\/gh0stysky"]}]}},"_links":{"self":[{"href":"https:\/\/www.ghostysky.com\/es\/wp-json\/wp\/v2\/product\/7422","targetHints":{"allow":["GET"]}}],"collection":[{"href":"https:\/\/www.ghostysky.com\/es\/wp-json\/wp\/v2\/product"}],"about":[{"href":"https:\/\/www.ghostysky.com\/es\/wp-json\/wp\/v2\/types\/product"}],"replies":[{"embeddable":true,"href":"https:\/\/www.ghostysky.com\/es\/wp-json\/wp\/v2\/comments?post=7422"}],"version-history":[{"count":0,"href":"https:\/\/www.ghostysky.com\/es\/wp-json\/wp\/v2\/product\/7422\/revisions"}],"wp:featuredmedia":[{"embeddable":true,"href":"https:\/\/www.ghostysky.com\/es\/wp-json\/wp\/v2\/media\/10520"}],"wp:attachment":[{"href":"https:\/\/www.ghostysky.com\/es\/wp-json\/wp\/v2\/media?parent=7422"}],"wp:term":[{"taxonomy":"product_brand","embeddable":true,"href":"https:\/\/www.ghostysky.com\/es\/wp-json\/wp\/v2\/product_brand?post=7422"},{"taxonomy":"product_cat","embeddable":true,"href":"https:\/\/www.ghostysky.com\/es\/wp-json\/wp\/v2\/product_cat?post=7422"},{"taxonomy":"product_tag","embeddable":true,"href":"https:\/\/www.ghostysky.com\/es\/wp-json\/wp\/v2\/product_tag?post=7422"}],"curies":[{"name":"wp","href":"https:\/\/api.w.org\/{rel}","templated":true}]}}