{"id":7760,"date":"2022-07-29T16:54:56","date_gmt":"2022-07-29T16:54:56","guid":{"rendered":"https:\/\/www.ghostysky.com\/?post_type=product&#038;p=7760"},"modified":"2024-12-20T20:56:29","modified_gmt":"2024-12-20T20:56:29","slug":"yuneec-h850-rtk","status":"publish","type":"product","link":"https:\/\/www.ghostysky.com\/es\/product\/yuneec-h850-rtk\/","title":{"rendered":"Yuneec H850-RTK"},"content":{"rendered":"<div><a href=\"https:\/\/www.ghostysky.com\/wp-content\/uploads\/2022\/07\/Yuneec_H850_RTK_Web_02zeijJjvqMBkah_1280x1280.jpg\"><img fetchpriority=\"high\" decoding=\"async\" class=\"size-medium wp-image-7753 aligncenter lazyload\" src=\"datos:imagen\/gif;base64,R0lGODlhAQABAAAAACH5BAEKAAEALAAAAAABAAEAAAICTAEAOw==\" alt=\"\" width=\"300\" height=\"200\" sizes=\"(max-width: 300px) 100vw, 300px\" data-src=\"datos:imagen\/gif;base64,R0lGODlhAQABAAAAACH5BAEKAAEALAAAAAABAAEAAAICTAEAOw==\" data-srcset=\"\" srcset=\"\"><\/a><\/div>\n<p>&nbsp;<\/p>\n<div class=\"content--title\"><strong>El nuevo H850-RTK est\u00e1 dise\u00f1ado espec\u00edficamente para inspecciones, topograf\u00eda, aplicaciones de seguridad p\u00fablica y rescate de cervatillos.\u00a0<\/strong><\/div>\n<div class=\"product--description\">\n<p>Nuestro dise\u00f1o de hexac\u00f3ptero ofrece m\u00e1s seguridad, potencia, eficiencia, estabilidad y capacidad para transportar cargas \u00fatiles m\u00e1s pesadas.<br \/>\nDependiendo de la carga \u00fatil y las condiciones clim\u00e1ticas, son posibles tiempos de vuelo de hasta 65 minutos. Todas las cargas \u00fatiles del H520E son compatibles con el H850-RTK.<br \/>\nEsto le facilita el uso de nuestras cargas \u00fatiles en dos plataformas diferentes: el H520E y el H850.<\/p>\n<p>Adem\u00e1s del rendimiento y la flexibilidad de la carga \u00fatil, se puso gran \u00e9nfasis en el vuelo del H850 y la seguridad de los datos al desarrollarlo.<br \/>\nLos datos de vuelo te pertenecen a ti y a nadie m\u00e1s.<\/p>\n<p>El H850 est\u00e1 equipado con una IMU dual, br\u00fajula, bar\u00f3metro, antenas RTK duales y dos bater\u00edas inteligentes.<br \/>\nIncluso con solo cinco motores en marcha, puede aterrizar el H850 de forma segura.<br \/>\nPuede instalar con un clic el dispositivo Drone-Tag certificado por YCAP para identificaci\u00f3n remota, que ser\u00e1 obligatorio en Europa en 2023.<\/p>\n<p>&nbsp;<\/p>\n<p><a href=\"https:\/\/www.ghostysky.com\/wp-content\/uploads\/2022\/07\/DSC02031-scaled.jpg\"><img decoding=\"async\" class=\"size-medium wp-image-7766 aligncenter lazyload\" src=\"datos:imagen\/gif;base64,R0lGODlhAQABAAAAACH5BAEKAAEALAAAAAABAAEAAAICTAEAOw==\" alt=\"\" width=\"300\" height=\"200\" sizes=\"(max-width: 300px) 100vw, 300px\" data-src=\"datos:imagen\/gif;base64,R0lGODlhAQABAAAAACH5BAEKAAEALAAAAAABAAEAAAICTAEAOw==\" data-srcset=\"\" srcset=\"\"><\/a><\/p>\n<\/div>\n<div style=\"text-align: left;\">\n<p>&nbsp;<\/p>\n<p><strong>ESPECIFICACIONES<\/strong><\/p>\n<table class=\"cke_show_border\" border=\"0\">\n<tbody>\n<tr>\n<td>Peso:<\/td>\n<td>5800 gramos, incluidas 2 bater\u00edas de vuelo (sin carga \u00fatil)<\/td>\n<\/tr>\n<tr>\n<td>MTOW:<\/td>\n<td>8800g<\/td>\n<\/tr>\n<tr>\n<td>Peso m\u00e1ximo de carga \u00fatil:<\/td>\n<td>3000g<\/td>\n<\/tr>\n<tr>\n<td>Tama\u00f1o diagonal:<\/td>\n<td>850 mm<\/td>\n<\/tr>\n<tr>\n<td>Doblada:<\/td>\n<td>440\u00d7365\u00d7470mm<\/td>\n<\/tr>\n<tr>\n<td>Velocidad m\u00e1xima de ascenso:<\/td>\n<td>3 m\/s<\/td>\n<\/tr>\n<tr>\n<td>Velocidad m\u00e1xima de descenso:<\/td>\n<td>2,5 m\/s<\/td>\n<\/tr>\n<tr>\n<td>Velocidad Horizontal M\u00e1xima:<\/td>\n<td>20 m\/s<\/td>\n<\/tr>\n<tr>\n<td>Velocidad m\u00e1xima de vuelo:<\/td>\n<td>72 km\/h<\/td>\n<\/tr>\n<tr>\n<td>m\u00e1x. Techo de vuelo (MSL):<\/td>\n<td>5000m<\/td>\n<\/tr>\n<tr>\n<td>Tiempo m\u00e1ximo de vuelo:<\/td>\n<td>65 minutos (sin carga \u00fatil)<\/td>\n<\/tr>\n<tr>\n<td>Bater\u00eda 23,1 voltios:<\/td>\n<td>2x Li-ion HV, 6S, 12800mAh<\/td>\n<\/tr>\n<tr>\n<td>Sistema de posici\u00f3n:<\/td>\n<td>GPS, Glonass, Beidou y Galileo<\/td>\n<\/tr>\n<tr>\n<td rowspan=\"2\">Precisi\u00f3n de desplazamiento (\u00fanico):<\/td>\n<td>Horizonte:\u00b10.5m<\/td>\n<\/tr>\n<tr>\n<td>verticales: \u00b1 0,5 m<\/td>\n<\/tr>\n<tr>\n<td>Precisi\u00f3n RTK (RMS):<\/td>\n<td>1 cm + 1 ppm (altura); 1,5 cm + 1 ppm (V)<\/td>\n<\/tr>\n<tr>\n<td rowspan=\"2\">Temperatura de funcionamiento:<\/td>\n<td>-20 \u2103-50 \u2103<\/td>\n<\/tr>\n<tr>\n<td>-4 \u00b0F -122 \u00b0F<\/td>\n<\/tr>\n<tr>\n<td>Conector de carga \u00fatil:<\/td>\n<td>conector X<\/td>\n<\/tr>\n<tr>\n<td>Cargas \u00fatiles compatibles:<\/td>\n<td>E20TVx, E90X, E30Zx, ETx, S42x, lidar, Spotlight y altavoz digital<\/td>\n<\/tr>\n<tr>\n<td>Gimbal hacia arriba:<\/td>\n<td>Opcional<\/td>\n<\/tr>\n<tr>\n<td>Bater\u00edas y cargas \u00fatiles intercambiables en caliente:<\/td>\n<td>S\u00ed<\/td>\n<\/tr>\n<tr>\n<td>IP:<\/td>\n<td>x5<\/td>\n<\/tr>\n<tr>\n<td>Sistema de prevenci\u00f3n de colisiones:<\/td>\n<td>Radar de ondas milim\u00e9tricas (opcional)<\/td>\n<\/tr>\n<tr>\n<td>Control remoto:<\/td>\n<td>Tono<\/td>\n<\/tr>\n<tr>\n<td>Puertos de conectividad y fuente de alimentaci\u00f3n H850:<\/td>\n<td>GMAC 1000Mb, USB-C, USB-3 5Gbps, Aux 3.5 mm, Micro-SD, 2x Power 5v+GND, 2x PWM,2x GPIO, 5v,12v&amp;19,8-26,4v, para dispositivos externos con altos requerimientos de energ\u00eda.<\/td>\n<\/tr>\n<tr>\n<td>Frecuencia de operaci\u00f3n:<\/td>\n<td>2,4000-2,4835 GHz y 5,725-5,850 GHz<\/td>\n<\/tr>\n<tr>\n<td>Piloto autom\u00e1tico:<\/td>\n<td>Basado en PX4<\/td>\n<\/tr>\n<tr>\n<td>Dispositivo de identificaci\u00f3n remota de drones (UE):<\/td>\n<td>LTE+Bluetooth, incl. lista para aplicaciones y U-space (m\u00f3dulo opcional)<\/td>\n<\/tr>\n<\/tbody>\n<\/table>\n<\/div>\n<div class=\"product--description\">\n<p style=\"text-align: left;\"><a href=\"https:\/\/www.ghostysky.com\/wp-content\/uploads\/2022\/07\/H850_RTK_Side.jpg\"><img decoding=\"async\" class=\"size-medium wp-image-7743 aligncenter lazyload\" src=\"datos:imagen\/gif;base64,R0lGODlhAQABAAAAACH5BAEKAAEALAAAAAABAAEAAAICTAEAOw==\" alt=\"\" width=\"300\" height=\"264\" sizes=\"(max-width: 300px) 100vw, 300px\" data-src=\"datos:imagen\/gif;base64,R0lGODlhAQABAAAAACH5BAEKAAEALAAAAAABAAEAAAICTAEAOw==\" data-srcset=\"\" srcset=\"\"><\/a><\/p>\n<p><strong>RTK<\/strong><\/p>\n<ul>\n<li>M\u00f3dulo RTK (cinem\u00e1tica en tiempo real) para posicionamiento relativo de alta precisi\u00f3n: 1 cm + 1 ppm (H); 1,5 cm + 1 ppm (V)<\/li>\n<li>Antena RTK dual para posicionamiento de alta precisi\u00f3n. Las antenas duales en el H850-RTK aseguran que una antena siempre est\u00e9 transmitiendo en caso de que una se deshabilite<\/li>\n<li>Mantenga la precisi\u00f3n cm incluso en entornos desafiantes de GNSS<\/li>\n<li>Construido para un mapeo m\u00e1s r\u00e1pido y preciso (por ejemplo, topograf\u00eda compleja, inspecciones, mapeo, visualizaciones 3D)<\/li>\n<li>Tasa de actualizaci\u00f3n de posici\u00f3n, velocidad y tiempo de 5 Hz<\/li>\n<li>Todos los datos, incluidos los datos GNSS sin procesar y las soluciones en tiempo real, se pueden registrar a bordo, listos para PPK (cinem\u00e1tica posprocesada)<\/li>\n<li>Admite se\u00f1ales de hasta cuatro constelaciones GNSS entre GPS, GLONASS, Galileo y BeiDou<\/li>\n<li>Compatible con todas las cargas \u00fatiles de c\u00e1mara Yuneec H520E existentes<br \/>\n<strong><br \/>\n<\/strong><\/li>\n<\/ul>\n<p><a href=\"https:\/\/www.ghostysky.com\/wp-content\/uploads\/2022\/07\/T-one_frongMc5W1gE8zSow_600x600.jpg\"><img loading=\"lazy\" decoding=\"async\" class=\"size-medium wp-image-7744 aligncenter lazyload\" src=\"datos:imagen\/gif;base64,R0lGODlhAQABAAAAACH5BAEKAAEALAAAAAABAAEAAAICTAEAOw==\" alt=\"\" width=\"300\" height=\"264\" sizes=\"(max-width: 300px) 100vw, 300px\" data-src=\"datos:imagen\/gif;base64,R0lGODlhAQABAAAAACH5BAEKAAEALAAAAAABAAEAAAICTAEAOw==\" data-srcset=\"\" srcset=\"\"><\/a><\/p>\n<p>&nbsp;<\/p>\n<p><strong>Controlador T-One<\/strong><\/p>\n<div>\n<ul>\n<li>pantalla t\u00e1ctil de 7 pulgadas<\/li>\n<li>Resoluci\u00f3n de pantalla de 1920 \u00d7 1200<\/li>\n<li>Luminancia de 1000 nits<\/li>\n<li>15 km de autonom\u00eda Fcc<\/li>\n<li>Alcance de 8 km CE<\/li>\n<li>8 horas de tiempo de funcionamiento<\/li>\n<li>Bater\u00eda de 10.000 mAh\/7,4 voltios<\/li>\n<li>40 Mbps de doble banda<\/li>\n<li>Salto de frecuencia din\u00e1mico<\/li>\n<li>IP x4<\/li>\n<li>Procesador de alto rendimiento Cortex A72 y A53<\/li>\n<li>androide 10<\/li>\n<li>ROM de 32 GB \/ RAM de 4 GB<\/li>\n<li>HDMI<\/li>\n<li>USB-C, USB-3 y USB-2<\/li>\n<li>MicroSD<\/li>\n<li>1,2 kilos solamente<\/li>\n<li>Sin compartir datos<\/li>\n<\/ul>\n<p>&nbsp;<\/p>\n<p><a href=\"https:\/\/www.ghostysky.com\/wp-content\/uploads\/2022\/07\/Battery_-H850-2MB_600x600.png\"><img loading=\"lazy\" decoding=\"async\" class=\"size-medium wp-image-7763 aligncenter lazyload\" src=\"datos:imagen\/gif;base64,R0lGODlhAQABAAAAACH5BAEKAAEALAAAAAABAAEAAAICTAEAOw==\" alt=\"\" width=\"259\" height=\"300\" sizes=\"(max-width: 259px) 100vw, 259px\" data-src=\"datos:imagen\/gif;base64,R0lGODlhAQABAAAAACH5BAEKAAEALAAAAAABAAEAAAICTAEAOw==\" data-srcset=\"\" srcset=\"\"><\/a><\/p>\n<p>&nbsp;<\/p>\n<\/div>\n<p><strong>Bater\u00edas de vuelo\u00a0<\/strong><\/p>\n<p>Tama\u00f1o: 98 \u00d7 58 \u00d7 149 mm<br \/>\nCapacidad de la bater\u00eda: 12.800 mAh<br \/>\nPotencia de la bater\u00eda: 295,68 Wh<br \/>\nVoltaje est\u00e1ndar: 23,1 V (3,85 V\/celda)<br \/>\nVoltaje de carga: 26,4 v<br \/>\nTipo de bater\u00eda: Li-ion<br \/>\nCarga r\u00e1pida: 1C (10 amperios)<br \/>\nTiempo de carga: 1,5 horas<br \/>\nCorriente m\u00e1xima de descarga continua: 64A<br \/>\nCorriente m\u00e1xima de descarga: 128A<br \/>\nPeso: 1390 gramos<br \/>\nTemperatura de funcionamiento: 0 \u2103 + 45 \u2103<\/p>\n<p>&nbsp;<\/p>\n<p><a href=\"https:\/\/www.ghostysky.com\/wp-content\/uploads\/2022\/07\/DSC02009.jpg\"><img loading=\"lazy\" decoding=\"async\" class=\"size-medium wp-image-7765 aligncenter lazyload\" src=\"datos:imagen\/gif;base64,R0lGODlhAQABAAAAACH5BAEKAAEALAAAAAABAAEAAAICTAEAOw==\" alt=\"\" width=\"300\" height=\"200\" sizes=\"(max-width: 300px) 100vw, 300px\" data-src=\"datos:imagen\/gif;base64,R0lGODlhAQABAAAAACH5BAEKAAEALAAAAAABAAEAAAICTAEAOw==\" data-srcset=\"\" srcset=\"\"><\/a><\/p>\n<p>&nbsp;<\/p>\n<p><strong>CAJA DE CARGADOR DE ALIMENTACI\u00d3N<\/strong><\/p>\n<p>\u00a1Con el estuche de carga H850 Power, puede cargar cuatro bater\u00edas H850 y dos bater\u00edas T-one simult\u00e1neamente!<br \/>\nGracias al dise\u00f1o de estuche r\u00edgido, puede almacenar y transportar las bater\u00edas de manera segura.<br \/>\nEl dise\u00f1o compacto permite transportar f\u00e1cilmente el estuche de carga de energ\u00eda.<\/p>\n<div>\n<ul>\n<li>\u00a0Pantalla LCD a color de 3,5\u201d<\/li>\n<li>1140 vatios (200v-250v)<\/li>\n<li>220\/110 voltios<\/li>\n<li>Malet\u00edn de transporte<\/li>\n<li>F\u00e1cil de operar<\/li>\n<li>Alarma de zumbador<\/li>\n<li>Compacto (370\u00d7270\u00d7220mm)<\/li>\n<li>Protecci\u00f3n de la bater\u00eda de la cubierta de espuma<\/li>\n<\/ul>\n<\/div>\n<p><strong>Contenido de la caja:<\/strong><\/p>\n<ul>\n<li>1x H850-RTK<\/li>\n<li>2x bater\u00eda de vuelo<\/li>\n<li>1 controlador T-one<\/li>\n<li>1 bater\u00eda T-one<\/li>\n<li>1x Malet\u00edn de transporte<\/li>\n<li>1x estuche cargador<\/li>\n<li>1x kit de herramientas de reparaci\u00f3n<\/li>\n<li>1 gu\u00eda de inicio r\u00e1pido<\/li>\n<li>1x tarjeta de referencia<\/li>\n<\/ul>\n<\/div>","protected":false},"excerpt":{"rendered":"<p class=\"translation-block\">Presentamos la nueva <strong>serie Yuneec H850<\/strong> : un hexac\u00f3ptero comercial de alta capacidad de elevaci\u00f3n con rango de vuelo y capacidades extendidas. Dise\u00f1ado para profesionales: el Yuneec H850 est\u00e1 equipado con m\u00f3dulos GPS duales y RTK para navegaci\u00f3n GPS con antena dual y redundancia. El dise\u00f1o de doble bater\u00eda inteligente admite intercambio en caliente para reducir el tiempo de inactividad y los reinicios del sistema.<\/p>\n<p class=\"translation-block\">La serie H850 <strong>es compatible con todas las cargas \u00fatiles H520E existentes<\/strong> , pero tambi\u00e9n funcionar\u00e1 con una nueva l\u00ednea de cargas \u00fatiles que van desde LiDAR hasta sistemas de altavoces y focos.<\/p>","protected":false},"featured_media":7768,"comment_status":"open","ping_status":"closed","template":"","meta":[],"product_brand":[],"product_cat":[29,307,118],"product_tag":[425,424,389,423,426,54,427,422,121,540],"class_list":{"0":"post-7760","1":"product","2":"type-product","3":"status-publish","4":"has-post-thumbnail","6":"product_cat-drones","7":"product_cat-drones-yuneec","8":"product_cat-yuneec","9":"product_tag-agriculture-field","10":"product_tag-construction","11":"product_tag-h850","12":"product_tag-mining-aggregates","13":"product_tag-researchenvironment","14":"product_tag-rtk","15":"product_tag-searchrescue","16":"product_tag-surveying-gis","17":"product_tag-yuneec","18":"product_tag-yuneec-h850-rtk","20":"first","21":"onbackorder","22":"taxable","23":"shipping-taxable","24":"purchasable","25":"product-type-simple"},"yoast_head":"<!-- This site is optimized with the Yoast SEO plugin v27.1.1 - https:\/\/yoast.com\/product\/yoast-seo-wordpress\/ -->\n<title>Yuneec H850-RTK<\/title>\n<meta name=\"description\" content=\"Introducing the all-new Yuneec H850 series - a high lift-capacity commercial hexacopter with extended flight range and capabilities. More than 60 min of flight,\" \/>\n<meta name=\"robots\" content=\"index, follow, max-snippet:-1, max-image-preview:large, max-video-preview:-1\" \/>\n<link rel=\"canonical\" href=\"https:\/\/www.ghostysky.com\/es\/producto-2\/yuneec-h850-rtk\/\" \/>\n<meta property=\"og:locale\" content=\"es_ES\" \/>\n<meta property=\"og:type\" content=\"article\" \/>\n<meta property=\"og:title\" content=\"Yuneec H850-RTK\" \/>\n<meta property=\"og:description\" content=\"Introducing the all-new Yuneec H850 series - a high lift-capacity commercial hexacopter with extended flight range and capabilities. More than 60 min of flight,\" \/>\n<meta property=\"og:url\" content=\"https:\/\/www.ghostysky.com\/es\/producto-2\/yuneec-h850-rtk\/\" \/>\n<meta property=\"og:site_name\" content=\"Ghostysky\" \/>\n<meta property=\"article:publisher\" content=\"https:\/\/www.facebook.com\/people\/Ghostysky\/100057676170234\/\" \/>\n<meta property=\"article:modified_time\" content=\"2024-12-20T20:56:29+00:00\" \/>\n<meta property=\"og:image\" content=\"https:\/\/www.ghostysky.com\/wp-content\/uploads\/2022\/07\/Yuneec-H850-E20TVx.jpg\" \/>\n\t<meta property=\"og:image:width\" content=\"2430\" \/>\n\t<meta property=\"og:image:height\" content=\"1620\" \/>\n\t<meta property=\"og:image:type\" content=\"image\/jpeg\" \/>\n<meta name=\"twitter:card\" content=\"summary_large_image\" \/>\n<meta name=\"twitter:site\" content=\"@Gh0stysky\" \/>\n<meta name=\"twitter:label1\" content=\"Tiempo de lectura\" \/>\n\t<meta name=\"twitter:data1\" content=\"5 minutos\" \/>\n<script type=\"application\/ld+json\" class=\"yoast-schema-graph\">{\"@context\":\"https:\/\/schema.org\",\"@graph\":[{\"@type\":\"WebPage\",\"@id\":\"https:\/\/www.ghostysky.com\/product\/yuneec-h850-rtk\/\",\"url\":\"https:\/\/www.ghostysky.com\/product\/yuneec-h850-rtk\/\",\"name\":\"Yuneec H850-RTK\",\"isPartOf\":{\"@id\":\"https:\/\/www.ghostysky.com\/#website\"},\"primaryImageOfPage\":{\"@id\":\"https:\/\/www.ghostysky.com\/product\/yuneec-h850-rtk\/#primaryimage\"},\"image\":{\"@id\":\"https:\/\/www.ghostysky.com\/product\/yuneec-h850-rtk\/#primaryimage\"},\"thumbnailUrl\":\"https:\/\/www.ghostysky.com\/wp-content\/uploads\/2022\/07\/Yuneec-H850-E20TVx.jpg\",\"datePublished\":\"2022-07-29T16:54:56+00:00\",\"dateModified\":\"2024-12-20T20:56:29+00:00\",\"description\":\"Introducing the all-new Yuneec H850 series - a high lift-capacity commercial hexacopter with extended flight range and capabilities. More than 60 min of flight,\",\"breadcrumb\":{\"@id\":\"https:\/\/www.ghostysky.com\/product\/yuneec-h850-rtk\/#breadcrumb\"},\"inLanguage\":\"es\",\"potentialAction\":[{\"@type\":\"ReadAction\",\"target\":[\"https:\/\/www.ghostysky.com\/product\/yuneec-h850-rtk\/\"]}]},{\"@type\":\"ImageObject\",\"inLanguage\":\"es\",\"@id\":\"https:\/\/www.ghostysky.com\/product\/yuneec-h850-rtk\/#primaryimage\",\"url\":\"https:\/\/www.ghostysky.com\/wp-content\/uploads\/2022\/07\/Yuneec-H850-E20TVx.jpg\",\"contentUrl\":\"https:\/\/www.ghostysky.com\/wp-content\/uploads\/2022\/07\/Yuneec-H850-E20TVx.jpg\",\"width\":2430,\"height\":1620},{\"@type\":\"BreadcrumbList\",\"@id\":\"https:\/\/www.ghostysky.com\/product\/yuneec-h850-rtk\/#breadcrumb\",\"itemListElement\":[{\"@type\":\"ListItem\",\"position\":1,\"name\":\"Home\",\"item\":\"https:\/\/www.ghostysky.com\/\"},{\"@type\":\"ListItem\",\"position\":2,\"name\":\"Shop\",\"item\":\"https:\/\/www.ghostysky.com\/shop\/\"},{\"@type\":\"ListItem\",\"position\":3,\"name\":\"Yuneec H850-RTK\"}]},{\"@type\":\"WebSite\",\"@id\":\"https:\/\/www.ghostysky.com\/#website\",\"url\":\"https:\/\/www.ghostysky.com\/\",\"name\":\"Ghostysky\",\"description\":\"Delivering professional drones and services\",\"publisher\":{\"@id\":\"https:\/\/www.ghostysky.com\/#organization\"},\"potentialAction\":[{\"@type\":\"SearchAction\",\"target\":{\"@type\":\"EntryPoint\",\"urlTemplate\":\"https:\/\/www.ghostysky.com\/?s={search_term_string}\"},\"query-input\":{\"@type\":\"PropertyValueSpecification\",\"valueRequired\":true,\"valueName\":\"search_term_string\"}}],\"inLanguage\":\"es\"},{\"@type\":\"Organization\",\"@id\":\"https:\/\/www.ghostysky.com\/#organization\",\"name\":\"Ghostysky\",\"url\":\"https:\/\/www.ghostysky.com\/\",\"logo\":{\"@type\":\"ImageObject\",\"inLanguage\":\"es\",\"@id\":\"https:\/\/www.ghostysky.com\/#\/schema\/logo\/image\/\",\"url\":\"https:\/\/www.ghostysky.com\/wp-content\/uploads\/2020\/06\/cropped-ghostyskylogo_text_white2.png\",\"contentUrl\":\"https:\/\/www.ghostysky.com\/wp-content\/uploads\/2020\/06\/cropped-ghostyskylogo_text_white2.png\",\"width\":169,\"height\":56,\"caption\":\"Ghostysky\"},\"image\":{\"@id\":\"https:\/\/www.ghostysky.com\/#\/schema\/logo\/image\/\"},\"sameAs\":[\"https:\/\/www.facebook.com\/people\/Ghostysky\/100057676170234\/\",\"https:\/\/x.com\/Gh0stysky\",\"https:\/\/www.linkedin.com\/company\/34739653\",\"https:\/\/www.instagram.com\/gh0stysky\"]}]}<\/script>\n<!-- \/ Yoast SEO plugin. -->","yoast_head_json":{"title":"Yuneec H850-RTK","description":"Presentamos la nueva serie Yuneec H850: un hexac\u00f3ptero comercial de alta capacidad de elevaci\u00f3n con capacidades y rango de vuelo ampliados. M\u00e1s de 60 min de vuelo,","robots":{"index":"index","follow":"follow","max-snippet":"max-snippet:-1","max-image-preview":"max-image-preview:large","max-video-preview":"max-video-preview:-1"},"canonical":"https:\/\/www.ghostysky.com\/es\/producto-2\/yuneec-h850-rtk\/","og_locale":"es_ES","og_type":"article","og_title":"Yuneec H850-RTK","og_description":"Introducing the all-new Yuneec H850 series - a high lift-capacity commercial hexacopter with extended flight range and capabilities. More than 60 min of flight,","og_url":"https:\/\/www.ghostysky.com\/es\/producto-2\/yuneec-h850-rtk\/","og_site_name":"Ghostysky","article_publisher":"https:\/\/www.facebook.com\/people\/Ghostysky\/100057676170234\/","article_modified_time":"2024-12-20T20:56:29+00:00","og_image":[{"width":2430,"height":1620,"url":"https:\/\/www.ghostysky.com\/wp-content\/uploads\/2022\/07\/Yuneec-H850-E20TVx.jpg","type":"image\/jpeg"}],"twitter_card":"summary_large_image","twitter_site":"@Gh0stysky","twitter_misc":{"Tiempo de lectura":"5 minutos"},"schema":{"@context":"https:\/\/schema.org","@graph":[{"@type":"WebPage","@id":"https:\/\/www.ghostysky.com\/product\/yuneec-h850-rtk\/","url":"https:\/\/www.ghostysky.com\/product\/yuneec-h850-rtk\/","name":"Yuneec H850-RTK","isPartOf":{"@id":"https:\/\/www.ghostysky.com\/#website"},"primaryImageOfPage":{"@id":"https:\/\/www.ghostysky.com\/product\/yuneec-h850-rtk\/#primaryimage"},"image":{"@id":"https:\/\/www.ghostysky.com\/product\/yuneec-h850-rtk\/#primaryimage"},"thumbnailUrl":"https:\/\/www.ghostysky.com\/wp-content\/uploads\/2022\/07\/Yuneec-H850-E20TVx.jpg","datePublished":"2022-07-29T16:54:56+00:00","dateModified":"2024-12-20T20:56:29+00:00","description":"Presentamos la nueva serie Yuneec H850: un hexac\u00f3ptero comercial de alta capacidad de elevaci\u00f3n con capacidades y rango de vuelo ampliados. M\u00e1s de 60 min de vuelo,","breadcrumb":{"@id":"https:\/\/www.ghostysky.com\/product\/yuneec-h850-rtk\/#breadcrumb"},"inLanguage":"es","potentialAction":[{"@type":"ReadAction","target":["https:\/\/www.ghostysky.com\/product\/yuneec-h850-rtk\/"]}]},{"@type":"ImageObject","inLanguage":"es","@id":"https:\/\/www.ghostysky.com\/product\/yuneec-h850-rtk\/#primaryimage","url":"https:\/\/www.ghostysky.com\/wp-content\/uploads\/2022\/07\/Yuneec-H850-E20TVx.jpg","contentUrl":"https:\/\/www.ghostysky.com\/wp-content\/uploads\/2022\/07\/Yuneec-H850-E20TVx.jpg","width":2430,"height":1620},{"@type":"BreadcrumbList","@id":"https:\/\/www.ghostysky.com\/product\/yuneec-h850-rtk\/#breadcrumb","itemListElement":[{"@type":"ListItem","position":1,"name":"Home","item":"https:\/\/www.ghostysky.com\/"},{"@type":"ListItem","position":2,"name":"Shop","item":"https:\/\/www.ghostysky.com\/shop\/"},{"@type":"ListItem","position":3,"name":"Yuneec H850-RTK"}]},{"@type":"WebSite","@id":"https:\/\/www.ghostysky.com\/#website","url":"https:\/\/www.ghostysky.com\/","name":"Ghostysky","description":"Entrega de drones y servicios profesionales","publisher":{"@id":"https:\/\/www.ghostysky.com\/#organization"},"potentialAction":[{"@type":"SearchAction","target":{"@type":"EntryPoint","urlTemplate":"https:\/\/www.ghostysky.com\/?s={search_term_string}"},"query-input":{"@type":"PropertyValueSpecification","valueRequired":true,"valueName":"search_term_string"}}],"inLanguage":"es"},{"@type":"Organization","@id":"https:\/\/www.ghostysky.com\/#organization","name":"Ghostysky","url":"https:\/\/www.ghostysky.com\/","logo":{"@type":"ImageObject","inLanguage":"es","@id":"https:\/\/www.ghostysky.com\/#\/schema\/logo\/image\/","url":"https:\/\/www.ghostysky.com\/wp-content\/uploads\/2020\/06\/cropped-ghostyskylogo_text_white2.png","contentUrl":"https:\/\/www.ghostysky.com\/wp-content\/uploads\/2020\/06\/cropped-ghostyskylogo_text_white2.png","width":169,"height":56,"caption":"Ghostysky"},"image":{"@id":"https:\/\/www.ghostysky.com\/#\/schema\/logo\/image\/"},"sameAs":["https:\/\/www.facebook.com\/people\/Ghostysky\/100057676170234\/","https:\/\/x.com\/Gh0stysky","https:\/\/www.linkedin.com\/company\/34739653","https:\/\/www.instagram.com\/gh0stysky"]}]}},"_links":{"self":[{"href":"https:\/\/www.ghostysky.com\/es\/wp-json\/wp\/v2\/product\/7760","targetHints":{"allow":["GET"]}}],"collection":[{"href":"https:\/\/www.ghostysky.com\/es\/wp-json\/wp\/v2\/product"}],"about":[{"href":"https:\/\/www.ghostysky.com\/es\/wp-json\/wp\/v2\/types\/product"}],"replies":[{"embeddable":true,"href":"https:\/\/www.ghostysky.com\/es\/wp-json\/wp\/v2\/comments?post=7760"}],"wp:featuredmedia":[{"embeddable":true,"href":"https:\/\/www.ghostysky.com\/es\/wp-json\/wp\/v2\/media\/7768"}],"wp:attachment":[{"href":"https:\/\/www.ghostysky.com\/es\/wp-json\/wp\/v2\/media?parent=7760"}],"wp:term":[{"taxonomy":"product_brand","embeddable":true,"href":"https:\/\/www.ghostysky.com\/es\/wp-json\/wp\/v2\/product_brand?post=7760"},{"taxonomy":"product_cat","embeddable":true,"href":"https:\/\/www.ghostysky.com\/es\/wp-json\/wp\/v2\/product_cat?post=7760"},{"taxonomy":"product_tag","embeddable":true,"href":"https:\/\/www.ghostysky.com\/es\/wp-json\/wp\/v2\/product_tag?post=7760"}],"curies":[{"name":"wp","href":"https:\/\/api.w.org\/{rel}","templated":true}]}}