{"id":7782,"date":"2022-07-29T17:44:54","date_gmt":"2022-07-29T17:44:54","guid":{"rendered":"https:\/\/www.ghostysky.com\/?post_type=product&#038;p=7782"},"modified":"2024-05-26T10:27:50","modified_gmt":"2024-05-26T10:27:50","slug":"e20tvx-radiometric-thermal-camera-for-h520e-h850","status":"publish","type":"product","link":"https:\/\/www.ghostysky.com\/es\/product\/e20tvx-radiometric-thermal-camera-for-h520e-h850\/","title":{"rendered":"C\u00e1mara t\u00e9rmica radiom\u00e9trica E20Tvx para H520E y H850"},"content":{"rendered":"<div class=\"product--description\">\n<p><strong>TOTALMENTE RADIOM\u00c9TRICO<\/strong><\/p>\n<p>Gracias a la tecnolog\u00eda radiom\u00e9trica, la E20Tvx puede medir la temperatura de un \u00e1rea interpretando la intensidad de una se\u00f1al infrarroja que llega a la c\u00e1mara. Recopila los datos de cada p\u00edxel de la imagen, que luego se pueden cargar f\u00e1cilmente en el software est\u00e1ndar para obtener informes y an\u00e1lisis m\u00e1s precisos.<\/p>\n<p><img fetchpriority=\"high\" decoding=\"async\" src=\"datos:imagen\/gif;base64,R0lGODlhAQABAAAAACH5BAEKAAEALAAAAAABAAEAAAICTAEAOw==\" alt=\"Imagen t\u00e9rmica\" width=\"600\" height=\"341\" class=\"lazyload\" data-src=\"datos:imagen\/gif;base64,R0lGODlhAQABAAAAACH5BAEKAAEALAAAAAABAAEAAAICTAEAOw==\"><\/p>\n<p>&nbsp;<\/p>\n<p><strong>Caracter\u00edsticas clave:<\/strong><\/p>\n<ul>\n<li>Alta sensibilidad para un reconocimiento de objetivos claro y detallado.<\/li>\n<li>Medici\u00f3n de temperatura detallada y precisa para cada p\u00edxel.<\/li>\n<li>Paletas de colores ajustables a los requerimientos de la tarea.<\/li>\n<li>Modos de ganancia ajustables para cambiar el rango de temperatura medido.<\/li>\n<li>An\u00e1lisis preciso posterior al vuelo con datos cuantificables.<\/li>\n<li>Adecuado para tareas relacionadas con Inspecci\u00f3n (edificios, paneles solares y l\u00edneas el\u00e9ctricas), B\u00fasqueda y Rescate, Extinci\u00f3n de Incendios y Aplicaci\u00f3n de la Ley.<\/li>\n<li><strong>La c\u00e1mara es compatible con H520E y H850<\/strong><\/li>\n<\/ul>\n<p>&nbsp;<\/p>\n<\/div>\n<div class=\"product--properties panel has--border\">\n<table class=\"product--properties-table\">\n<tbody>\n<tr class=\"product--properties-row\">\n<td class=\"product--properties-label is--bold\">Peso de la c\u00e1mara:<\/td>\n<td class=\"product--properties-value\">358 gramos<\/td>\n<\/tr>\n<tr class=\"product--properties-row\">\n<td class=\"product--properties-label is--bold\">card\u00e1n:<\/td>\n<td class=\"product--properties-value\">\u2014\u2014\u2014\u2014\u2014<\/td>\n<\/tr>\n<tr class=\"product--properties-row\">\n<td class=\"product--properties-label is--bold\">Rango de vibraci\u00f3n angular:<\/td>\n<td class=\"product--properties-value\">\u00b10,02\u00b0<\/td>\n<\/tr>\n<tr class=\"product--properties-row\">\n<td class=\"product--properties-label is--bold\">Rango controlable:<\/td>\n<td class=\"product--properties-value\">Inclinaci\u00f3n: -110 \u00b0 a 30 \u00b0 \/ Pan: \u00b1 165 \u00b0<\/td>\n<\/tr>\n<tr class=\"product--properties-row\">\n<td class=\"product--properties-label is--bold\">m\u00e1x. Velocidad angular:<\/td>\n<td class=\"product--properties-value\">Inclinaci\u00f3n: 30\u00b0\/s, panor\u00e1mica: 120\u00b0\/s<\/td>\n<\/tr>\n<tr class=\"product--properties-row\">\n<td class=\"product--properties-label is--bold\">Temperatura de funcionamiento:<\/td>\n<td class=\"product--properties-value\">-10\u00b0C \u2013 40\u00b0C<\/td>\n<\/tr>\n<tr class=\"product--properties-row\">\n<td class=\"product--properties-label is--bold\">PARTE INFRARROJA:<\/td>\n<td class=\"product--properties-value\">\u2014\u2014\u2014\u2014\u2014<\/td>\n<\/tr>\n<tr class=\"product--properties-row\">\n<td class=\"product--properties-label is--bold\">campo de visi\u00f3n, diagonal:<\/td>\n<td class=\"product--properties-value\">41,4\u00b0<\/td>\n<\/tr>\n<tr class=\"product--properties-row\">\n<td class=\"product--properties-label is--bold\">campo de visi\u00f3n:<\/td>\n<td class=\"product--properties-value\">33\u00b0 x 26,6\u00b0<\/td>\n<\/tr>\n<tr class=\"product--properties-row\">\n<td class=\"product--properties-label is--bold\">Sensibilidad:<\/td>\n<td class=\"product--properties-value\">&lt; 50 mK<\/td>\n<\/tr>\n<tr class=\"product--properties-row\">\n<td class=\"product--properties-label is--bold\">Tama\u00f1o de p\u00edxel:<\/td>\n<td class=\"product--properties-value\">12um<\/td>\n<\/tr>\n<tr class=\"product--properties-row\">\n<td class=\"product--properties-label is--bold\">Longitud de onda LWIR:<\/td>\n<td class=\"product--properties-value\">8 \u2013 14 micras<\/td>\n<\/tr>\n<tr class=\"product--properties-row\">\n<td class=\"product--properties-label is--bold\">Frecuencia:<\/td>\n<td class=\"product--properties-value\">Velocidad de fotogramas completa: 25Hz<\/td>\n<\/tr>\n<tr class=\"product--properties-row\">\n<td class=\"product--properties-label is--bold\">Formato de foto:<\/td>\n<td class=\"product--properties-value\">jpeg<\/td>\n<\/tr>\n<tr class=\"product--properties-row\">\n<td class=\"product--properties-label is--bold\">Formato de video:<\/td>\n<td class=\"product--properties-value\">MP4<\/td>\n<\/tr>\n<tr class=\"product--properties-row\">\n<td class=\"product--properties-label is--bold\">Compensaci\u00f3n de temperatura:<\/td>\n<td class=\"product--properties-value\">Auto<\/td>\n<\/tr>\n<tr class=\"product--properties-row\">\n<td class=\"product--properties-label is--bold\">Resoluci\u00f3n:<\/td>\n<td class=\"product--properties-value\">640\u00d7512<\/td>\n<\/tr>\n<tr class=\"product--properties-row\">\n<td class=\"product--properties-label is--bold\">Rango de medici\u00f3n de temperatura:<\/td>\n<td class=\"product--properties-value\">Alta ganancia -20\u00b0-150\u00b0 Baja ganancia 100\u00b0-500\u00b0<\/td>\n<\/tr>\n<tr class=\"product--properties-row\">\n<td class=\"product--properties-label is--bold\">PARTE \u00d3PTICA:<\/td>\n<td class=\"product--properties-value\">\u2014\u2014\u2014\u2013<\/td>\n<\/tr>\n<tr class=\"product--properties-row\">\n<td class=\"product--properties-label is--bold\">Sensor:<\/td>\n<td class=\"product--properties-value\">1\/2.8\u2033 2.13MP<\/td>\n<\/tr>\n<tr class=\"product--properties-row\">\n<td class=\"product--properties-label is--bold\">Abertura:<\/td>\n<td class=\"product--properties-value\">F2.8<\/td>\n<\/tr>\n<tr class=\"product--properties-row\">\n<td class=\"product--properties-label is--bold\">Equivalente, distancia focal:<\/td>\n<td class=\"product--properties-value\">23 mm<\/td>\n<\/tr>\n<tr class=\"product--properties-row\">\n<td class=\"product--properties-label is--bold\">Campo de visi\u00f3n diagonal:<\/td>\n<td class=\"product--properties-value\">90\u00b0<\/td>\n<\/tr>\n<tr class=\"product--properties-row\">\n<td class=\"product--properties-label is--bold\">Rango ISO:<\/td>\n<td class=\"product--properties-value\">100-3200<\/td>\n<\/tr>\n<tr class=\"product--properties-row\">\n<td class=\"product--properties-label is--bold\">Velocidad de obturaci\u00f3n:<\/td>\n<td class=\"product--properties-value\">1\/30-1\/8000s<\/td>\n<\/tr>\n<tr class=\"product--properties-row\">\n<td class=\"product--properties-label is--bold\">Resoluci\u00f3n de video:<\/td>\n<td class=\"product--properties-value\">1920*1080p 60fps<\/td>\n<\/tr>\n<\/tbody>\n<\/table>\n<\/div>","protected":false},"excerpt":{"rendered":"<div class=\"content--title\"><strong>SOLUCI\u00d3N DE IM\u00c1GENES T\u00c9RMICAS PARA H520E Y H850<\/strong><\/div>\n<div class=\"product--description\">\n<p class=\"translation-block\">Nuestra nueva c\u00e1mara E20Tvx NETD para H520E y H850 viene con una resoluci\u00f3n de 640\u00d7512 y con la capacidad de<br> capturar datos de temperatura para la evaluaci\u00f3n cuantitativa. La c\u00e1mara RGB de luz residual tiene una sensibilidad 20 veces mayor<br> que el ojo humano y captura im\u00e1genes de alta calidad, incluso en condiciones de muy poca luz. Es peque\u00f1o, ligero y gracias.<br> a su alta sensibilidad; es una herramienta confiable que reconoce claramente los objetos de destino en detalle.<\/p>\n<\/div>","protected":false},"featured_media":7784,"comment_status":"open","ping_status":"closed","template":"","meta":[],"product_brand":[],"product_cat":[120,29,118],"product_tag":[390,131,389,392,391,121],"class_list":{"0":"post-7782","1":"product","2":"type-product","3":"status-publish","4":"has-post-thumbnail","6":"product_cat-yuneec-cameras","7":"product_cat-drones","8":"product_cat-yuneec","9":"product_tag-e20tvx","10":"product_tag-h520","11":"product_tag-h850","12":"product_tag-radiometric","13":"product_tag-thermal","14":"product_tag-yuneec","16":"first","17":"outofstock","18":"taxable","19":"shipping-taxable","20":"purchasable","21":"product-type-simple"},"yoast_head":"<!-- This site is optimized with the Yoast SEO plugin v27.4 - https:\/\/yoast.com\/product\/yoast-seo-wordpress\/ -->\n<title>E20Tvx Radiometric Thermal Camera for H520E &amp; H850 -<\/title>\n<meta name=\"description\" content=\"THERMAL IMAGING SOLUTION FOR H520E &amp; H850Our new E20Tvx NETD camera for the H520E &amp; H850 comes in 640x512 resolution and with the ability tocapture temperature data for quantitative assessment.\" \/>\n<meta name=\"robots\" content=\"index, follow, max-snippet:-1, max-image-preview:large, max-video-preview:-1\" \/>\n<link rel=\"canonical\" href=\"https:\/\/www.ghostysky.com\/es\/producto-2\/e20tvx-radiometric-thermal-camera-for-h520e-h850\/\" \/>\n<meta property=\"og:locale\" content=\"es_ES\" \/>\n<meta property=\"og:type\" content=\"article\" \/>\n<meta property=\"og:title\" content=\"E20Tvx Radiometric Thermal Camera for H520E &amp; H850 -\" \/>\n<meta property=\"og:description\" content=\"THERMAL IMAGING SOLUTION FOR H520E &amp; H850Our new E20Tvx NETD camera for the H520E &amp; H850 comes in 640x512 resolution and with the ability tocapture temperature data for quantitative assessment.\" \/>\n<meta property=\"og:url\" content=\"https:\/\/www.ghostysky.com\/es\/producto-2\/e20tvx-radiometric-thermal-camera-for-h520e-h850\/\" \/>\n<meta property=\"og:site_name\" content=\"Ghostysky\" \/>\n<meta property=\"article:publisher\" content=\"https:\/\/www.facebook.com\/people\/Ghostysky\/100057676170234\/\" \/>\n<meta property=\"article:modified_time\" content=\"2024-05-26T10:27:50+00:00\" \/>\n<meta property=\"og:image\" content=\"https:\/\/www.ghostysky.com\/wp-content\/uploads\/2022\/07\/E20TVX.jpg\" \/>\n\t<meta property=\"og:image:width\" content=\"600\" \/>\n\t<meta property=\"og:image:height\" content=\"600\" \/>\n\t<meta property=\"og:image:type\" content=\"image\/jpeg\" \/>\n<meta name=\"twitter:card\" content=\"summary_large_image\" \/>\n<meta name=\"twitter:site\" content=\"@Gh0stysky\" \/>\n<meta name=\"twitter:label1\" content=\"Tiempo de lectura\" \/>\n\t<meta name=\"twitter:data1\" content=\"2 minutos\" \/>\n<script type=\"application\/ld+json\" class=\"yoast-schema-graph\">{\"@context\":\"https:\\\/\\\/schema.org\",\"@graph\":[{\"@type\":\"WebPage\",\"@id\":\"https:\\\/\\\/www.ghostysky.com\\\/product\\\/e20tvx-radiometric-thermal-camera-for-h520e-h850\\\/\",\"url\":\"https:\\\/\\\/www.ghostysky.com\\\/product\\\/e20tvx-radiometric-thermal-camera-for-h520e-h850\\\/\",\"name\":\"E20Tvx Radiometric Thermal Camera for H520E & H850 -\",\"isPartOf\":{\"@id\":\"https:\\\/\\\/www.ghostysky.com\\\/#website\"},\"primaryImageOfPage\":{\"@id\":\"https:\\\/\\\/www.ghostysky.com\\\/product\\\/e20tvx-radiometric-thermal-camera-for-h520e-h850\\\/#primaryimage\"},\"image\":{\"@id\":\"https:\\\/\\\/www.ghostysky.com\\\/product\\\/e20tvx-radiometric-thermal-camera-for-h520e-h850\\\/#primaryimage\"},\"thumbnailUrl\":\"https:\\\/\\\/www.ghostysky.com\\\/wp-content\\\/uploads\\\/2022\\\/07\\\/E20TVX.jpg\",\"datePublished\":\"2022-07-29T17:44:54+00:00\",\"dateModified\":\"2024-05-26T10:27:50+00:00\",\"description\":\"THERMAL IMAGING SOLUTION FOR H520E & H850Our new E20Tvx NETD camera for the H520E & H850 comes in 640x512 resolution and with the ability tocapture temperature data for quantitative assessment.\",\"breadcrumb\":{\"@id\":\"https:\\\/\\\/www.ghostysky.com\\\/product\\\/e20tvx-radiometric-thermal-camera-for-h520e-h850\\\/#breadcrumb\"},\"inLanguage\":\"es\",\"potentialAction\":[{\"@type\":\"ReadAction\",\"target\":[\"https:\\\/\\\/www.ghostysky.com\\\/product\\\/e20tvx-radiometric-thermal-camera-for-h520e-h850\\\/\"]}]},{\"@type\":\"ImageObject\",\"inLanguage\":\"es\",\"@id\":\"https:\\\/\\\/www.ghostysky.com\\\/product\\\/e20tvx-radiometric-thermal-camera-for-h520e-h850\\\/#primaryimage\",\"url\":\"https:\\\/\\\/www.ghostysky.com\\\/wp-content\\\/uploads\\\/2022\\\/07\\\/E20TVX.jpg\",\"contentUrl\":\"https:\\\/\\\/www.ghostysky.com\\\/wp-content\\\/uploads\\\/2022\\\/07\\\/E20TVX.jpg\",\"width\":600,\"height\":600},{\"@type\":\"BreadcrumbList\",\"@id\":\"https:\\\/\\\/www.ghostysky.com\\\/product\\\/e20tvx-radiometric-thermal-camera-for-h520e-h850\\\/#breadcrumb\",\"itemListElement\":[{\"@type\":\"ListItem\",\"position\":1,\"name\":\"Home\",\"item\":\"https:\\\/\\\/www.ghostysky.com\\\/\"},{\"@type\":\"ListItem\",\"position\":2,\"name\":\"Shop\",\"item\":\"https:\\\/\\\/www.ghostysky.com\\\/shop\\\/\"},{\"@type\":\"ListItem\",\"position\":3,\"name\":\"E20Tvx Radiometric Thermal Camera for H520E &#038; H850\"}]},{\"@type\":\"WebSite\",\"@id\":\"https:\\\/\\\/www.ghostysky.com\\\/#website\",\"url\":\"https:\\\/\\\/www.ghostysky.com\\\/\",\"name\":\"Ghostysky\",\"description\":\"Delivering professional drones and robotics solutions\",\"publisher\":{\"@id\":\"https:\\\/\\\/www.ghostysky.com\\\/#organization\"},\"potentialAction\":[{\"@type\":\"SearchAction\",\"target\":{\"@type\":\"EntryPoint\",\"urlTemplate\":\"https:\\\/\\\/www.ghostysky.com\\\/?s={search_term_string}\"},\"query-input\":{\"@type\":\"PropertyValueSpecification\",\"valueRequired\":true,\"valueName\":\"search_term_string\"}}],\"inLanguage\":\"es\"},{\"@type\":\"Organization\",\"@id\":\"https:\\\/\\\/www.ghostysky.com\\\/#organization\",\"name\":\"Ghostysky\",\"url\":\"https:\\\/\\\/www.ghostysky.com\\\/\",\"logo\":{\"@type\":\"ImageObject\",\"inLanguage\":\"es\",\"@id\":\"https:\\\/\\\/www.ghostysky.com\\\/#\\\/schema\\\/logo\\\/image\\\/\",\"url\":\"https:\\\/\\\/www.ghostysky.com\\\/wp-content\\\/uploads\\\/2020\\\/06\\\/cropped-ghostyskylogo_text_white2.png\",\"contentUrl\":\"https:\\\/\\\/www.ghostysky.com\\\/wp-content\\\/uploads\\\/2020\\\/06\\\/cropped-ghostyskylogo_text_white2.png\",\"width\":169,\"height\":56,\"caption\":\"Ghostysky\"},\"image\":{\"@id\":\"https:\\\/\\\/www.ghostysky.com\\\/#\\\/schema\\\/logo\\\/image\\\/\"},\"sameAs\":[\"https:\\\/\\\/www.facebook.com\\\/people\\\/Ghostysky\\\/100057676170234\\\/\",\"https:\\\/\\\/x.com\\\/Gh0stysky\",\"https:\\\/\\\/www.linkedin.com\\\/company\\\/34739653\",\"https:\\\/\\\/www.instagram.com\\\/gh0stysky\"]}]}<\/script>\n<!-- \/ Yoast SEO plugin. -->","yoast_head_json":{"title":"C\u00e1mara t\u00e9rmica radiom\u00e9trica E20Tvx para H520E y H850 -","description":"SOLUCI\u00d3N DE IMAGEN T\u00c9RMICA PARA H520E y H850 Nuestra nueva c\u00e1mara E20Tvx NETD para H520E y H850 viene con una resoluci\u00f3n de 640x512 y con la capacidad de capturar datos de temperatura para una evaluaci\u00f3n cuantitativa.","robots":{"index":"index","follow":"follow","max-snippet":"max-snippet:-1","max-image-preview":"max-image-preview:large","max-video-preview":"max-video-preview:-1"},"canonical":"https:\/\/www.ghostysky.com\/es\/producto-2\/e20tvx-radiometric-thermal-camera-for-h520e-h850\/","og_locale":"es_ES","og_type":"article","og_title":"E20Tvx Radiometric Thermal Camera for H520E & H850 -","og_description":"THERMAL IMAGING SOLUTION FOR H520E & H850Our new E20Tvx NETD camera for the H520E & H850 comes in 640x512 resolution and with the ability tocapture temperature data for quantitative assessment.","og_url":"https:\/\/www.ghostysky.com\/es\/producto-2\/e20tvx-radiometric-thermal-camera-for-h520e-h850\/","og_site_name":"Ghostysky","article_publisher":"https:\/\/www.facebook.com\/people\/Ghostysky\/100057676170234\/","article_modified_time":"2024-05-26T10:27:50+00:00","og_image":[{"width":600,"height":600,"url":"https:\/\/www.ghostysky.com\/wp-content\/uploads\/2022\/07\/E20TVX.jpg","type":"image\/jpeg"}],"twitter_card":"summary_large_image","twitter_site":"@Gh0stysky","twitter_misc":{"Tiempo de lectura":"2 minutos"},"schema":{"@context":"https:\/\/schema.org","@graph":[{"@type":"WebPage","@id":"https:\/\/www.ghostysky.com\/product\/e20tvx-radiometric-thermal-camera-for-h520e-h850\/","url":"https:\/\/www.ghostysky.com\/product\/e20tvx-radiometric-thermal-camera-for-h520e-h850\/","name":"C\u00e1mara t\u00e9rmica radiom\u00e9trica E20Tvx para H520E y H850 -","isPartOf":{"@id":"https:\/\/www.ghostysky.com\/#website"},"primaryImageOfPage":{"@id":"https:\/\/www.ghostysky.com\/product\/e20tvx-radiometric-thermal-camera-for-h520e-h850\/#primaryimage"},"image":{"@id":"https:\/\/www.ghostysky.com\/product\/e20tvx-radiometric-thermal-camera-for-h520e-h850\/#primaryimage"},"thumbnailUrl":"https:\/\/www.ghostysky.com\/wp-content\/uploads\/2022\/07\/E20TVX.jpg","datePublished":"2022-07-29T17:44:54+00:00","dateModified":"2024-05-26T10:27:50+00:00","description":"SOLUCI\u00d3N DE IMAGEN T\u00c9RMICA PARA H520E y H850 Nuestra nueva c\u00e1mara E20Tvx NETD para H520E y H850 viene con una resoluci\u00f3n de 640x512 y con la capacidad de capturar datos de temperatura para una evaluaci\u00f3n cuantitativa.","breadcrumb":{"@id":"https:\/\/www.ghostysky.com\/product\/e20tvx-radiometric-thermal-camera-for-h520e-h850\/#breadcrumb"},"inLanguage":"es","potentialAction":[{"@type":"ReadAction","target":["https:\/\/www.ghostysky.com\/product\/e20tvx-radiometric-thermal-camera-for-h520e-h850\/"]}]},{"@type":"ImageObject","inLanguage":"es","@id":"https:\/\/www.ghostysky.com\/product\/e20tvx-radiometric-thermal-camera-for-h520e-h850\/#primaryimage","url":"https:\/\/www.ghostysky.com\/wp-content\/uploads\/2022\/07\/E20TVX.jpg","contentUrl":"https:\/\/www.ghostysky.com\/wp-content\/uploads\/2022\/07\/E20TVX.jpg","width":600,"height":600},{"@type":"BreadcrumbList","@id":"https:\/\/www.ghostysky.com\/product\/e20tvx-radiometric-thermal-camera-for-h520e-h850\/#breadcrumb","itemListElement":[{"@type":"ListItem","position":1,"name":"Home","item":"https:\/\/www.ghostysky.com\/"},{"@type":"ListItem","position":2,"name":"Shop","item":"https:\/\/www.ghostysky.com\/shop\/"},{"@type":"ListItem","position":3,"name":"E20Tvx Radiometric Thermal Camera for H520E &#038; H850"}]},{"@type":"WebSite","@id":"https:\/\/www.ghostysky.com\/#website","url":"https:\/\/www.ghostysky.com\/","name":"Ghostysky","description":"Ofrecemos soluciones profesionales de drones y rob\u00f3tica.","publisher":{"@id":"https:\/\/www.ghostysky.com\/#organization"},"potentialAction":[{"@type":"SearchAction","target":{"@type":"EntryPoint","urlTemplate":"https:\/\/www.ghostysky.com\/?s={search_term_string}"},"query-input":{"@type":"PropertyValueSpecification","valueRequired":true,"valueName":"search_term_string"}}],"inLanguage":"es"},{"@type":"Organization","@id":"https:\/\/www.ghostysky.com\/#organization","name":"Ghostysky","url":"https:\/\/www.ghostysky.com\/","logo":{"@type":"ImageObject","inLanguage":"es","@id":"https:\/\/www.ghostysky.com\/#\/schema\/logo\/image\/","url":"https:\/\/www.ghostysky.com\/wp-content\/uploads\/2020\/06\/cropped-ghostyskylogo_text_white2.png","contentUrl":"https:\/\/www.ghostysky.com\/wp-content\/uploads\/2020\/06\/cropped-ghostyskylogo_text_white2.png","width":169,"height":56,"caption":"Ghostysky"},"image":{"@id":"https:\/\/www.ghostysky.com\/#\/schema\/logo\/image\/"},"sameAs":["https:\/\/www.facebook.com\/people\/Ghostysky\/100057676170234\/","https:\/\/x.com\/Gh0stysky","https:\/\/www.linkedin.com\/company\/34739653","https:\/\/www.instagram.com\/gh0stysky"]}]}},"_links":{"self":[{"href":"https:\/\/www.ghostysky.com\/es\/wp-json\/wp\/v2\/product\/7782","targetHints":{"allow":["GET"]}}],"collection":[{"href":"https:\/\/www.ghostysky.com\/es\/wp-json\/wp\/v2\/product"}],"about":[{"href":"https:\/\/www.ghostysky.com\/es\/wp-json\/wp\/v2\/types\/product"}],"replies":[{"embeddable":true,"href":"https:\/\/www.ghostysky.com\/es\/wp-json\/wp\/v2\/comments?post=7782"}],"version-history":[{"count":0,"href":"https:\/\/www.ghostysky.com\/es\/wp-json\/wp\/v2\/product\/7782\/revisions"}],"wp:featuredmedia":[{"embeddable":true,"href":"https:\/\/www.ghostysky.com\/es\/wp-json\/wp\/v2\/media\/7784"}],"wp:attachment":[{"href":"https:\/\/www.ghostysky.com\/es\/wp-json\/wp\/v2\/media?parent=7782"}],"wp:term":[{"taxonomy":"product_brand","embeddable":true,"href":"https:\/\/www.ghostysky.com\/es\/wp-json\/wp\/v2\/product_brand?post=7782"},{"taxonomy":"product_cat","embeddable":true,"href":"https:\/\/www.ghostysky.com\/es\/wp-json\/wp\/v2\/product_cat?post=7782"},{"taxonomy":"product_tag","embeddable":true,"href":"https:\/\/www.ghostysky.com\/es\/wp-json\/wp\/v2\/product_tag?post=7782"}],"curies":[{"name":"wp","href":"https:\/\/api.w.org\/{rel}","templated":true}]}}