{"id":7789,"date":"2022-07-29T18:14:51","date_gmt":"2022-07-29T18:14:51","guid":{"rendered":"https:\/\/www.ghostysky.com\/?post_type=product&#038;p=7789"},"modified":"2024-05-26T10:41:05","modified_gmt":"2024-05-26T10:41:05","slug":"t-one-controller-for-h850-rtk","status":"publish","type":"product","link":"https:\/\/www.ghostysky.com\/es\/product\/t-one-controller-for-h850-rtk\/","title":{"rendered":"Controlador T-One para H850-RTK"},"content":{"rendered":"<div class=\"content--title\"><strong>ESPECIFICACIONES<\/strong><\/div>\n<div class=\"product--description\">\n<ul>\n<li>pantalla t\u00e1ctil de 7 pulgadas<\/li>\n<li>Resoluci\u00f3n de pantalla de 1920 \u00d7 1200<\/li>\n<li>Luminancia de 1000 nits<\/li>\n<li>15 km de autonom\u00eda Fcc<\/li>\n<li>Alcance de 8 km CE<\/li>\n<li>8 horas de tiempo de funcionamiento<\/li>\n<li>Bater\u00eda de 10.000 mAh\/7,4 voltios<\/li>\n<li>40 Mbps de doble banda<\/li>\n<li>Salto de frecuencia din\u00e1mico<\/li>\n<li>IP x4<\/li>\n<li>Procesador de alto rendimiento Cortex A72 y A53<\/li>\n<li>androide 10<\/li>\n<li>ROM de 32 GB \/ RAM de 4 GB<\/li>\n<li>HDMI<\/li>\n<li>USB-C, USB-3 y USB-2<\/li>\n<li>MicroSD<\/li>\n<li>1,2 kilos solamente<\/li>\n<li>Sin compartir datos<\/li>\n<li>Modo de equipo<\/li>\n<\/ul>\n<p><strong>CONTENIDO DE LA CAJA<\/strong><\/p>\n<ul>\n<li>Controlador T-One para H850<\/li>\n<li>Bater\u00eda 10.000 mAh\/7,4 voltios<\/li>\n<li>Cargador 220\/110 voltios<\/li>\n<li>Cable cargador USB\u2011C<\/li>\n<li>Correa para el cuello<\/li>\n<\/ul>\n<\/div>","protected":false},"excerpt":{"rendered":"<p>El control remoto Yuneec T-One cuenta con una pantalla t\u00e1ctil de ultra alta definici\u00f3n de 1920 \u00d7 1200 incorporada de 7 &quot;con un brillo de 1000 nit. El T-One viene equipado con un procesador Cortex-A72 y Cortex-A53 con un sistema operativo Android 10.0. La duraci\u00f3n de la bater\u00eda de 5 a 6 horas y el tiempo de arranque en fr\u00edo de &lt;30 segundos hacen que el T-One sea una actualizaci\u00f3n importante del ST16E anterior. Adem\u00e1s, la capacidad de salto de frecuencia din\u00e1mico inteligente de doble banda de 40 Mbps y la distancia de transmisi\u00f3n de hasta 9,3 millas (15 km) hacen que T-One Yuneec sea el transmisor mejor dise\u00f1ado hasta la fecha.<\/p>","protected":false},"featured_media":7792,"comment_status":"open","ping_status":"closed","template":"","meta":[],"product_brand":[],"product_cat":[119,29,118],"product_tag":[389,394,121],"class_list":{"0":"post-7789","1":"product","2":"type-product","3":"status-publish","4":"has-post-thumbnail","6":"product_cat-yuneec-accessories","7":"product_cat-drones","8":"product_cat-yuneec","9":"product_tag-h850","10":"product_tag-t-one-controller","11":"product_tag-yuneec","13":"first","14":"onbackorder","15":"taxable","16":"shipping-taxable","17":"purchasable","18":"product-type-simple"},"yoast_head":"<!-- This site is optimized with the Yoast SEO plugin v27.1.1 - https:\/\/yoast.com\/product\/yoast-seo-wordpress\/ -->\n<title>T-One Controller for H850-RTK -<\/title>\n<meta name=\"description\" content=\"The Yuneec T-One remote controller features a 7&#039;&#039; built-in 1920x1200 ultra high-definition touchscreen with 1000nit brightness.\" \/>\n<meta name=\"robots\" content=\"index, follow, max-snippet:-1, max-image-preview:large, max-video-preview:-1\" \/>\n<link rel=\"canonical\" href=\"https:\/\/www.ghostysky.com\/es\/producto-2\/t-one-controller-for-h850-rtk\/\" \/>\n<meta property=\"og:locale\" content=\"es_ES\" \/>\n<meta property=\"og:type\" content=\"article\" \/>\n<meta property=\"og:title\" content=\"T-One Controller for H850-RTK -\" \/>\n<meta property=\"og:description\" content=\"The Yuneec T-One remote controller features a 7&#039;&#039; built-in 1920x1200 ultra high-definition touchscreen with 1000nit brightness.\" \/>\n<meta property=\"og:url\" content=\"https:\/\/www.ghostysky.com\/es\/producto-2\/t-one-controller-for-h850-rtk\/\" \/>\n<meta property=\"og:site_name\" content=\"Ghostysky\" \/>\n<meta property=\"article:publisher\" content=\"https:\/\/www.facebook.com\/people\/Ghostysky\/100057676170234\/\" \/>\n<meta property=\"article:modified_time\" content=\"2024-05-26T10:41:05+00:00\" \/>\n<meta property=\"og:image\" content=\"https:\/\/www.ghostysky.com\/wp-content\/uploads\/2022\/07\/T-one_frongMc5W1gE8zSow.jpg\" \/>\n\t<meta property=\"og:image:width\" content=\"1704\" \/>\n\t<meta property=\"og:image:height\" content=\"1500\" \/>\n\t<meta property=\"og:image:type\" content=\"image\/jpeg\" \/>\n<meta name=\"twitter:card\" content=\"summary_large_image\" \/>\n<meta name=\"twitter:site\" content=\"@Gh0stysky\" \/>\n<meta name=\"twitter:label1\" content=\"Tiempo de lectura\" \/>\n\t<meta name=\"twitter:data1\" content=\"1 minuto\" \/>\n<script type=\"application\/ld+json\" class=\"yoast-schema-graph\">{\"@context\":\"https:\/\/schema.org\",\"@graph\":[{\"@type\":\"WebPage\",\"@id\":\"https:\/\/www.ghostysky.com\/product\/t-one-controller-for-h850-rtk\/\",\"url\":\"https:\/\/www.ghostysky.com\/product\/t-one-controller-for-h850-rtk\/\",\"name\":\"T-One Controller for H850-RTK -\",\"isPartOf\":{\"@id\":\"https:\/\/www.ghostysky.com\/#website\"},\"primaryImageOfPage\":{\"@id\":\"https:\/\/www.ghostysky.com\/product\/t-one-controller-for-h850-rtk\/#primaryimage\"},\"image\":{\"@id\":\"https:\/\/www.ghostysky.com\/product\/t-one-controller-for-h850-rtk\/#primaryimage\"},\"thumbnailUrl\":\"https:\/\/www.ghostysky.com\/wp-content\/uploads\/2022\/07\/T-one_frongMc5W1gE8zSow.jpg\",\"datePublished\":\"2022-07-29T18:14:51+00:00\",\"dateModified\":\"2024-05-26T10:41:05+00:00\",\"description\":\"The Yuneec T-One remote controller features a 7'' built-in 1920x1200 ultra high-definition touchscreen with 1000nit brightness.\",\"breadcrumb\":{\"@id\":\"https:\/\/www.ghostysky.com\/product\/t-one-controller-for-h850-rtk\/#breadcrumb\"},\"inLanguage\":\"es\",\"potentialAction\":[{\"@type\":\"ReadAction\",\"target\":[\"https:\/\/www.ghostysky.com\/product\/t-one-controller-for-h850-rtk\/\"]}]},{\"@type\":\"ImageObject\",\"inLanguage\":\"es\",\"@id\":\"https:\/\/www.ghostysky.com\/product\/t-one-controller-for-h850-rtk\/#primaryimage\",\"url\":\"https:\/\/www.ghostysky.com\/wp-content\/uploads\/2022\/07\/T-one_frongMc5W1gE8zSow.jpg\",\"contentUrl\":\"https:\/\/www.ghostysky.com\/wp-content\/uploads\/2022\/07\/T-one_frongMc5W1gE8zSow.jpg\",\"width\":1704,\"height\":1500},{\"@type\":\"BreadcrumbList\",\"@id\":\"https:\/\/www.ghostysky.com\/product\/t-one-controller-for-h850-rtk\/#breadcrumb\",\"itemListElement\":[{\"@type\":\"ListItem\",\"position\":1,\"name\":\"Home\",\"item\":\"https:\/\/www.ghostysky.com\/\"},{\"@type\":\"ListItem\",\"position\":2,\"name\":\"Shop\",\"item\":\"https:\/\/www.ghostysky.com\/shop\/\"},{\"@type\":\"ListItem\",\"position\":3,\"name\":\"T-One Controller for H850-RTK\"}]},{\"@type\":\"WebSite\",\"@id\":\"https:\/\/www.ghostysky.com\/#website\",\"url\":\"https:\/\/www.ghostysky.com\/\",\"name\":\"Ghostysky\",\"description\":\"Delivering professional drones and services\",\"publisher\":{\"@id\":\"https:\/\/www.ghostysky.com\/#organization\"},\"potentialAction\":[{\"@type\":\"SearchAction\",\"target\":{\"@type\":\"EntryPoint\",\"urlTemplate\":\"https:\/\/www.ghostysky.com\/?s={search_term_string}\"},\"query-input\":{\"@type\":\"PropertyValueSpecification\",\"valueRequired\":true,\"valueName\":\"search_term_string\"}}],\"inLanguage\":\"es\"},{\"@type\":\"Organization\",\"@id\":\"https:\/\/www.ghostysky.com\/#organization\",\"name\":\"Ghostysky\",\"url\":\"https:\/\/www.ghostysky.com\/\",\"logo\":{\"@type\":\"ImageObject\",\"inLanguage\":\"es\",\"@id\":\"https:\/\/www.ghostysky.com\/#\/schema\/logo\/image\/\",\"url\":\"https:\/\/www.ghostysky.com\/wp-content\/uploads\/2020\/06\/cropped-ghostyskylogo_text_white2.png\",\"contentUrl\":\"https:\/\/www.ghostysky.com\/wp-content\/uploads\/2020\/06\/cropped-ghostyskylogo_text_white2.png\",\"width\":169,\"height\":56,\"caption\":\"Ghostysky\"},\"image\":{\"@id\":\"https:\/\/www.ghostysky.com\/#\/schema\/logo\/image\/\"},\"sameAs\":[\"https:\/\/www.facebook.com\/people\/Ghostysky\/100057676170234\/\",\"https:\/\/x.com\/Gh0stysky\",\"https:\/\/www.linkedin.com\/company\/34739653\",\"https:\/\/www.instagram.com\/gh0stysky\"]}]}<\/script>\n<!-- \/ Yoast SEO plugin. -->","yoast_head_json":{"title":"Controlador T-One para H850-RTK -","description":"El control remoto Yuneec T-One cuenta con una pantalla t\u00e1ctil incorporada de ultra alta definici\u00f3n de 1920x1200 de 7&#039;&#039; con brillo de 1000nit.","robots":{"index":"index","follow":"follow","max-snippet":"max-snippet:-1","max-image-preview":"max-image-preview:large","max-video-preview":"max-video-preview:-1"},"canonical":"https:\/\/www.ghostysky.com\/es\/producto-2\/t-one-controller-for-h850-rtk\/","og_locale":"es_ES","og_type":"article","og_title":"T-One Controller for H850-RTK -","og_description":"The Yuneec T-One remote controller features a 7'' built-in 1920x1200 ultra high-definition touchscreen with 1000nit brightness.","og_url":"https:\/\/www.ghostysky.com\/es\/producto-2\/t-one-controller-for-h850-rtk\/","og_site_name":"Ghostysky","article_publisher":"https:\/\/www.facebook.com\/people\/Ghostysky\/100057676170234\/","article_modified_time":"2024-05-26T10:41:05+00:00","og_image":[{"width":1704,"height":1500,"url":"https:\/\/www.ghostysky.com\/wp-content\/uploads\/2022\/07\/T-one_frongMc5W1gE8zSow.jpg","type":"image\/jpeg"}],"twitter_card":"summary_large_image","twitter_site":"@Gh0stysky","twitter_misc":{"Tiempo de lectura":"1 minuto"},"schema":{"@context":"https:\/\/schema.org","@graph":[{"@type":"WebPage","@id":"https:\/\/www.ghostysky.com\/product\/t-one-controller-for-h850-rtk\/","url":"https:\/\/www.ghostysky.com\/product\/t-one-controller-for-h850-rtk\/","name":"Controlador T-One para H850-RTK -","isPartOf":{"@id":"https:\/\/www.ghostysky.com\/#website"},"primaryImageOfPage":{"@id":"https:\/\/www.ghostysky.com\/product\/t-one-controller-for-h850-rtk\/#primaryimage"},"image":{"@id":"https:\/\/www.ghostysky.com\/product\/t-one-controller-for-h850-rtk\/#primaryimage"},"thumbnailUrl":"https:\/\/www.ghostysky.com\/wp-content\/uploads\/2022\/07\/T-one_frongMc5W1gE8zSow.jpg","datePublished":"2022-07-29T18:14:51+00:00","dateModified":"2024-05-26T10:41:05+00:00","description":"El control remoto Yuneec T-One cuenta con una pantalla t\u00e1ctil incorporada de ultra alta definici\u00f3n de 1920x1200 de 7&#039;&#039; con brillo de 1000nit.","breadcrumb":{"@id":"https:\/\/www.ghostysky.com\/product\/t-one-controller-for-h850-rtk\/#breadcrumb"},"inLanguage":"es","potentialAction":[{"@type":"ReadAction","target":["https:\/\/www.ghostysky.com\/product\/t-one-controller-for-h850-rtk\/"]}]},{"@type":"ImageObject","inLanguage":"es","@id":"https:\/\/www.ghostysky.com\/product\/t-one-controller-for-h850-rtk\/#primaryimage","url":"https:\/\/www.ghostysky.com\/wp-content\/uploads\/2022\/07\/T-one_frongMc5W1gE8zSow.jpg","contentUrl":"https:\/\/www.ghostysky.com\/wp-content\/uploads\/2022\/07\/T-one_frongMc5W1gE8zSow.jpg","width":1704,"height":1500},{"@type":"BreadcrumbList","@id":"https:\/\/www.ghostysky.com\/product\/t-one-controller-for-h850-rtk\/#breadcrumb","itemListElement":[{"@type":"ListItem","position":1,"name":"Home","item":"https:\/\/www.ghostysky.com\/"},{"@type":"ListItem","position":2,"name":"Shop","item":"https:\/\/www.ghostysky.com\/shop\/"},{"@type":"ListItem","position":3,"name":"T-One Controller for H850-RTK"}]},{"@type":"WebSite","@id":"https:\/\/www.ghostysky.com\/#website","url":"https:\/\/www.ghostysky.com\/","name":"Ghostysky","description":"Entrega de drones y servicios profesionales","publisher":{"@id":"https:\/\/www.ghostysky.com\/#organization"},"potentialAction":[{"@type":"SearchAction","target":{"@type":"EntryPoint","urlTemplate":"https:\/\/www.ghostysky.com\/?s={search_term_string}"},"query-input":{"@type":"PropertyValueSpecification","valueRequired":true,"valueName":"search_term_string"}}],"inLanguage":"es"},{"@type":"Organization","@id":"https:\/\/www.ghostysky.com\/#organization","name":"Ghostysky","url":"https:\/\/www.ghostysky.com\/","logo":{"@type":"ImageObject","inLanguage":"es","@id":"https:\/\/www.ghostysky.com\/#\/schema\/logo\/image\/","url":"https:\/\/www.ghostysky.com\/wp-content\/uploads\/2020\/06\/cropped-ghostyskylogo_text_white2.png","contentUrl":"https:\/\/www.ghostysky.com\/wp-content\/uploads\/2020\/06\/cropped-ghostyskylogo_text_white2.png","width":169,"height":56,"caption":"Ghostysky"},"image":{"@id":"https:\/\/www.ghostysky.com\/#\/schema\/logo\/image\/"},"sameAs":["https:\/\/www.facebook.com\/people\/Ghostysky\/100057676170234\/","https:\/\/x.com\/Gh0stysky","https:\/\/www.linkedin.com\/company\/34739653","https:\/\/www.instagram.com\/gh0stysky"]}]}},"_links":{"self":[{"href":"https:\/\/www.ghostysky.com\/es\/wp-json\/wp\/v2\/product\/7789","targetHints":{"allow":["GET"]}}],"collection":[{"href":"https:\/\/www.ghostysky.com\/es\/wp-json\/wp\/v2\/product"}],"about":[{"href":"https:\/\/www.ghostysky.com\/es\/wp-json\/wp\/v2\/types\/product"}],"replies":[{"embeddable":true,"href":"https:\/\/www.ghostysky.com\/es\/wp-json\/wp\/v2\/comments?post=7789"}],"wp:featuredmedia":[{"embeddable":true,"href":"https:\/\/www.ghostysky.com\/es\/wp-json\/wp\/v2\/media\/7792"}],"wp:attachment":[{"href":"https:\/\/www.ghostysky.com\/es\/wp-json\/wp\/v2\/media?parent=7789"}],"wp:term":[{"taxonomy":"product_brand","embeddable":true,"href":"https:\/\/www.ghostysky.com\/es\/wp-json\/wp\/v2\/product_brand?post=7789"},{"taxonomy":"product_cat","embeddable":true,"href":"https:\/\/www.ghostysky.com\/es\/wp-json\/wp\/v2\/product_cat?post=7789"},{"taxonomy":"product_tag","embeddable":true,"href":"https:\/\/www.ghostysky.com\/es\/wp-json\/wp\/v2\/product_tag?post=7789"}],"curies":[{"name":"wp","href":"https:\/\/api.w.org\/{rel}","templated":true}]}}