{"id":7796,"date":"2022-07-29T18:29:17","date_gmt":"2022-07-29T18:29:17","guid":{"rendered":"https:\/\/www.ghostysky.com\/?post_type=product&#038;p=7796"},"modified":"2023-04-03T19:14:54","modified_gmt":"2023-04-03T19:14:54","slug":"yuneec-power-charging-box-h850","status":"publish","type":"product","link":"https:\/\/www.ghostysky.com\/es\/product\/yuneec-power-charging-box-h850\/","title":{"rendered":"Caja de carga de energ\u00eda para H850"},"content":{"rendered":"<div class=\"product--description\">\n<div>\n<p><strong>ESPECIFICACIONES T\u00c9CNICAS<\/strong><\/p>\n<ul>\n<li>\u00a0Pantalla LCD a color de 3,5\u201d<\/li>\n<li>1140 vatios (200v-250v)<\/li>\n<li>220\/110 voltios<\/li>\n<li>Malet\u00edn de transporte<\/li>\n<li>F\u00e1cil de operar<\/li>\n<li>Alarma de zumbador<\/li>\n<li>Compacto (370\u00d7270\u00d7220mm)<\/li>\n<li>Protecci\u00f3n de la bater\u00eda de la cubierta de espuma<\/li>\n<\/ul>\n<\/div>\n<\/div>","protected":false},"excerpt":{"rendered":"<div class=\"content--title\"><strong>\u00a1Con el estuche de carga H850 Power, puede cargar cuatro bater\u00edas H850 y dos bater\u00edas T-one simult\u00e1neamente!<\/strong><\/div>\n<div class=\"product--description\">\n<p>Gracias al dise\u00f1o de estuche r\u00edgido, puede almacenar y transportar las bater\u00edas de manera segura.<br \/>\nEl dise\u00f1o compacto permite transportar f\u00e1cilmente el estuche de carga de energ\u00eda.<\/p>\n<\/div>","protected":false},"featured_media":7797,"comment_status":"open","ping_status":"closed","template":"","meta":[],"product_brand":[],"product_cat":[119,29,118],"product_tag":[389,395,121],"class_list":{"0":"post-7796","1":"product","2":"type-product","3":"status-publish","4":"has-post-thumbnail","6":"product_cat-yuneec-accessories","7":"product_cat-drones","8":"product_cat-yuneec","9":"product_tag-h850","10":"product_tag-power-charging-case","11":"product_tag-yuneec","13":"first","14":"onbackorder","15":"taxable","16":"shipping-taxable","17":"purchasable","18":"product-type-simple"},"yoast_head":"<!-- This site is optimized with the Yoast SEO plugin v27.1.1 - https:\/\/yoast.com\/product\/yoast-seo-wordpress\/ -->\n<title>Power Charging Box for H850 -<\/title>\n<meta name=\"description\" content=\"With the H850 Power Charging Case, you are able to charge four H850 batteries and two T-one batteries simultaneously!\" \/>\n<meta name=\"robots\" content=\"index, follow, max-snippet:-1, max-image-preview:large, max-video-preview:-1\" \/>\n<link rel=\"canonical\" href=\"https:\/\/www.ghostysky.com\/es\/producto-2\/yuneec-power-charging-box-h850\/\" \/>\n<meta property=\"og:locale\" content=\"es_ES\" \/>\n<meta property=\"og:type\" content=\"article\" \/>\n<meta property=\"og:title\" content=\"Power Charging Box for H850 -\" \/>\n<meta property=\"og:description\" content=\"With the H850 Power Charging Case, you are able to charge four H850 batteries and two T-one batteries simultaneously!\" \/>\n<meta property=\"og:url\" content=\"https:\/\/www.ghostysky.com\/es\/producto-2\/yuneec-power-charging-box-h850\/\" \/>\n<meta property=\"og:site_name\" content=\"Ghostysky\" \/>\n<meta property=\"article:publisher\" content=\"https:\/\/www.facebook.com\/people\/Ghostysky\/100057676170234\/\" \/>\n<meta property=\"article:modified_time\" content=\"2023-04-03T19:14:54+00:00\" \/>\n<meta property=\"og:image\" content=\"https:\/\/www.ghostysky.com\/wp-content\/uploads\/2022\/07\/thumbnail-3.jpg\" \/>\n\t<meta property=\"og:image:width\" content=\"600\" \/>\n\t<meta property=\"og:image:height\" content=\"600\" \/>\n\t<meta property=\"og:image:type\" content=\"image\/jpeg\" \/>\n<meta name=\"twitter:card\" content=\"summary_large_image\" \/>\n<meta name=\"twitter:site\" content=\"@Gh0stysky\" \/>\n<meta name=\"twitter:label1\" content=\"Tiempo de lectura\" \/>\n\t<meta name=\"twitter:data1\" content=\"1 minuto\" \/>\n<script type=\"application\/ld+json\" class=\"yoast-schema-graph\">{\"@context\":\"https:\/\/schema.org\",\"@graph\":[{\"@type\":\"WebPage\",\"@id\":\"https:\/\/www.ghostysky.com\/product\/yuneec-power-charging-box-h850\/\",\"url\":\"https:\/\/www.ghostysky.com\/product\/yuneec-power-charging-box-h850\/\",\"name\":\"Power Charging Box for H850 -\",\"isPartOf\":{\"@id\":\"https:\/\/www.ghostysky.com\/#website\"},\"primaryImageOfPage\":{\"@id\":\"https:\/\/www.ghostysky.com\/product\/yuneec-power-charging-box-h850\/#primaryimage\"},\"image\":{\"@id\":\"https:\/\/www.ghostysky.com\/product\/yuneec-power-charging-box-h850\/#primaryimage\"},\"thumbnailUrl\":\"https:\/\/www.ghostysky.com\/wp-content\/uploads\/2022\/07\/thumbnail-3.jpg\",\"datePublished\":\"2022-07-29T18:29:17+00:00\",\"dateModified\":\"2023-04-03T19:14:54+00:00\",\"description\":\"With the H850 Power Charging Case, you are able to charge four H850 batteries and two T-one batteries simultaneously!\",\"breadcrumb\":{\"@id\":\"https:\/\/www.ghostysky.com\/product\/yuneec-power-charging-box-h850\/#breadcrumb\"},\"inLanguage\":\"es\",\"potentialAction\":[{\"@type\":\"ReadAction\",\"target\":[\"https:\/\/www.ghostysky.com\/product\/yuneec-power-charging-box-h850\/\"]}]},{\"@type\":\"ImageObject\",\"inLanguage\":\"es\",\"@id\":\"https:\/\/www.ghostysky.com\/product\/yuneec-power-charging-box-h850\/#primaryimage\",\"url\":\"https:\/\/www.ghostysky.com\/wp-content\/uploads\/2022\/07\/thumbnail-3.jpg\",\"contentUrl\":\"https:\/\/www.ghostysky.com\/wp-content\/uploads\/2022\/07\/thumbnail-3.jpg\",\"width\":600,\"height\":600},{\"@type\":\"BreadcrumbList\",\"@id\":\"https:\/\/www.ghostysky.com\/product\/yuneec-power-charging-box-h850\/#breadcrumb\",\"itemListElement\":[{\"@type\":\"ListItem\",\"position\":1,\"name\":\"Home\",\"item\":\"https:\/\/www.ghostysky.com\/\"},{\"@type\":\"ListItem\",\"position\":2,\"name\":\"Shop\",\"item\":\"https:\/\/www.ghostysky.com\/shop\/\"},{\"@type\":\"ListItem\",\"position\":3,\"name\":\"Power Charging Box for H850\"}]},{\"@type\":\"WebSite\",\"@id\":\"https:\/\/www.ghostysky.com\/#website\",\"url\":\"https:\/\/www.ghostysky.com\/\",\"name\":\"Ghostysky\",\"description\":\"Delivering professional drones and services\",\"publisher\":{\"@id\":\"https:\/\/www.ghostysky.com\/#organization\"},\"potentialAction\":[{\"@type\":\"SearchAction\",\"target\":{\"@type\":\"EntryPoint\",\"urlTemplate\":\"https:\/\/www.ghostysky.com\/?s={search_term_string}\"},\"query-input\":{\"@type\":\"PropertyValueSpecification\",\"valueRequired\":true,\"valueName\":\"search_term_string\"}}],\"inLanguage\":\"es\"},{\"@type\":\"Organization\",\"@id\":\"https:\/\/www.ghostysky.com\/#organization\",\"name\":\"Ghostysky\",\"url\":\"https:\/\/www.ghostysky.com\/\",\"logo\":{\"@type\":\"ImageObject\",\"inLanguage\":\"es\",\"@id\":\"https:\/\/www.ghostysky.com\/#\/schema\/logo\/image\/\",\"url\":\"https:\/\/www.ghostysky.com\/wp-content\/uploads\/2020\/06\/cropped-ghostyskylogo_text_white2.png\",\"contentUrl\":\"https:\/\/www.ghostysky.com\/wp-content\/uploads\/2020\/06\/cropped-ghostyskylogo_text_white2.png\",\"width\":169,\"height\":56,\"caption\":\"Ghostysky\"},\"image\":{\"@id\":\"https:\/\/www.ghostysky.com\/#\/schema\/logo\/image\/\"},\"sameAs\":[\"https:\/\/www.facebook.com\/people\/Ghostysky\/100057676170234\/\",\"https:\/\/x.com\/Gh0stysky\",\"https:\/\/www.linkedin.com\/company\/34739653\",\"https:\/\/www.instagram.com\/gh0stysky\"]}]}<\/script>\n<!-- \/ Yoast SEO plugin. -->","yoast_head_json":{"title":"Caja de carga de energ\u00eda para H850 -","description":"\u00a1Con el estuche de carga H850 Power, puede cargar cuatro bater\u00edas H850 y dos bater\u00edas T-one simult\u00e1neamente!","robots":{"index":"index","follow":"follow","max-snippet":"max-snippet:-1","max-image-preview":"max-image-preview:large","max-video-preview":"max-video-preview:-1"},"canonical":"https:\/\/www.ghostysky.com\/es\/producto-2\/yuneec-power-charging-box-h850\/","og_locale":"es_ES","og_type":"article","og_title":"Power Charging Box for H850 -","og_description":"With the H850 Power Charging Case, you are able to charge four H850 batteries and two T-one batteries simultaneously!","og_url":"https:\/\/www.ghostysky.com\/es\/producto-2\/yuneec-power-charging-box-h850\/","og_site_name":"Ghostysky","article_publisher":"https:\/\/www.facebook.com\/people\/Ghostysky\/100057676170234\/","article_modified_time":"2023-04-03T19:14:54+00:00","og_image":[{"width":600,"height":600,"url":"https:\/\/www.ghostysky.com\/wp-content\/uploads\/2022\/07\/thumbnail-3.jpg","type":"image\/jpeg"}],"twitter_card":"summary_large_image","twitter_site":"@Gh0stysky","twitter_misc":{"Tiempo de lectura":"1 minuto"},"schema":{"@context":"https:\/\/schema.org","@graph":[{"@type":"WebPage","@id":"https:\/\/www.ghostysky.com\/product\/yuneec-power-charging-box-h850\/","url":"https:\/\/www.ghostysky.com\/product\/yuneec-power-charging-box-h850\/","name":"Caja de carga de energ\u00eda para H850 -","isPartOf":{"@id":"https:\/\/www.ghostysky.com\/#website"},"primaryImageOfPage":{"@id":"https:\/\/www.ghostysky.com\/product\/yuneec-power-charging-box-h850\/#primaryimage"},"image":{"@id":"https:\/\/www.ghostysky.com\/product\/yuneec-power-charging-box-h850\/#primaryimage"},"thumbnailUrl":"https:\/\/www.ghostysky.com\/wp-content\/uploads\/2022\/07\/thumbnail-3.jpg","datePublished":"2022-07-29T18:29:17+00:00","dateModified":"2023-04-03T19:14:54+00:00","description":"\u00a1Con el estuche de carga H850 Power, puede cargar cuatro bater\u00edas H850 y dos bater\u00edas T-one simult\u00e1neamente!","breadcrumb":{"@id":"https:\/\/www.ghostysky.com\/product\/yuneec-power-charging-box-h850\/#breadcrumb"},"inLanguage":"es","potentialAction":[{"@type":"ReadAction","target":["https:\/\/www.ghostysky.com\/product\/yuneec-power-charging-box-h850\/"]}]},{"@type":"ImageObject","inLanguage":"es","@id":"https:\/\/www.ghostysky.com\/product\/yuneec-power-charging-box-h850\/#primaryimage","url":"https:\/\/www.ghostysky.com\/wp-content\/uploads\/2022\/07\/thumbnail-3.jpg","contentUrl":"https:\/\/www.ghostysky.com\/wp-content\/uploads\/2022\/07\/thumbnail-3.jpg","width":600,"height":600},{"@type":"BreadcrumbList","@id":"https:\/\/www.ghostysky.com\/product\/yuneec-power-charging-box-h850\/#breadcrumb","itemListElement":[{"@type":"ListItem","position":1,"name":"Home","item":"https:\/\/www.ghostysky.com\/"},{"@type":"ListItem","position":2,"name":"Shop","item":"https:\/\/www.ghostysky.com\/shop\/"},{"@type":"ListItem","position":3,"name":"Power Charging Box for H850"}]},{"@type":"WebSite","@id":"https:\/\/www.ghostysky.com\/#website","url":"https:\/\/www.ghostysky.com\/","name":"Ghostysky","description":"Entrega de drones y servicios profesionales","publisher":{"@id":"https:\/\/www.ghostysky.com\/#organization"},"potentialAction":[{"@type":"SearchAction","target":{"@type":"EntryPoint","urlTemplate":"https:\/\/www.ghostysky.com\/?s={search_term_string}"},"query-input":{"@type":"PropertyValueSpecification","valueRequired":true,"valueName":"search_term_string"}}],"inLanguage":"es"},{"@type":"Organization","@id":"https:\/\/www.ghostysky.com\/#organization","name":"Ghostysky","url":"https:\/\/www.ghostysky.com\/","logo":{"@type":"ImageObject","inLanguage":"es","@id":"https:\/\/www.ghostysky.com\/#\/schema\/logo\/image\/","url":"https:\/\/www.ghostysky.com\/wp-content\/uploads\/2020\/06\/cropped-ghostyskylogo_text_white2.png","contentUrl":"https:\/\/www.ghostysky.com\/wp-content\/uploads\/2020\/06\/cropped-ghostyskylogo_text_white2.png","width":169,"height":56,"caption":"Ghostysky"},"image":{"@id":"https:\/\/www.ghostysky.com\/#\/schema\/logo\/image\/"},"sameAs":["https:\/\/www.facebook.com\/people\/Ghostysky\/100057676170234\/","https:\/\/x.com\/Gh0stysky","https:\/\/www.linkedin.com\/company\/34739653","https:\/\/www.instagram.com\/gh0stysky"]}]}},"_links":{"self":[{"href":"https:\/\/www.ghostysky.com\/es\/wp-json\/wp\/v2\/product\/7796","targetHints":{"allow":["GET"]}}],"collection":[{"href":"https:\/\/www.ghostysky.com\/es\/wp-json\/wp\/v2\/product"}],"about":[{"href":"https:\/\/www.ghostysky.com\/es\/wp-json\/wp\/v2\/types\/product"}],"replies":[{"embeddable":true,"href":"https:\/\/www.ghostysky.com\/es\/wp-json\/wp\/v2\/comments?post=7796"}],"wp:featuredmedia":[{"embeddable":true,"href":"https:\/\/www.ghostysky.com\/es\/wp-json\/wp\/v2\/media\/7797"}],"wp:attachment":[{"href":"https:\/\/www.ghostysky.com\/es\/wp-json\/wp\/v2\/media?parent=7796"}],"wp:term":[{"taxonomy":"product_brand","embeddable":true,"href":"https:\/\/www.ghostysky.com\/es\/wp-json\/wp\/v2\/product_brand?post=7796"},{"taxonomy":"product_cat","embeddable":true,"href":"https:\/\/www.ghostysky.com\/es\/wp-json\/wp\/v2\/product_cat?post=7796"},{"taxonomy":"product_tag","embeddable":true,"href":"https:\/\/www.ghostysky.com\/es\/wp-json\/wp\/v2\/product_tag?post=7796"}],"curies":[{"name":"wp","href":"https:\/\/api.w.org\/{rel}","templated":true}]}}