{"id":7917,"date":"2022-08-01T15:43:19","date_gmt":"2022-08-01T15:43:19","guid":{"rendered":"https:\/\/www.ghostysky.com\/?post_type=product&#038;p=7917"},"modified":"2026-01-21T11:22:22","modified_gmt":"2026-01-21T11:22:22","slug":"emlid-reach-rs2-gnss-receiver","status":"publish","type":"product","link":"https:\/\/www.ghostysky.com\/es\/product\/emlid-reach-rs2-gnss-receiver\/","title":{"rendered":"Receptor Emlid Reach RS2+ GNSS"},"content":{"rendered":"<div class=\"nm-row nm-row-full vc_row wpb_row\">\n<div class=\"nm_column wpb_column vc_column_container col-sm-6 col-xs-6\">\n<div class=\"vc_column-inner\">\n<div class=\"wpb_wrapper\">\n<div class=\"wpb_raw_code wpb_content_element wpb_raw_html\"><\/div>\n<\/div>\n<\/div>\n<\/div>\n<\/div>\n<div class=\"nm-row nm-row-full vc_row wpb_row\">\n<div class=\"nm_column wpb_column vc_column_container col-sm-6 col-xs-6\">\n<div class=\"vc_column-inner\">\n<div class=\"wpb_wrapper\">\n<h3 class=\"vc_empty_space\" style=\"text-align: left;\"><strong>ESPECIFICACIONES T\u00c9CNICAS<\/strong><\/h3>\n<\/div>\n<\/div>\n<\/div>\n<\/div>\n<div class=\"nm-row nm-row-full vc_row wpb_row\">\n<div class=\"nm_column wpb_column vc_column_container col-sm-12\">\n<div class=\"vc_column-inner\">\n<div class=\"col-xs-12 col-md-6 col-lg-4 mt-30px\">\n<p class=\"h4\"><strong>Mec\u00e1nico<\/strong><\/p>\n<ul>\n<li>Dimensiones: 126 x 126 x 142 mm<\/li>\n<li>Peso: 950g<\/li>\n<li>T\u00aa de funcionamiento: -20 a +65 \u00baC<\/li>\n<li>Protecci\u00f3n de ingreso: IP67<\/li>\n<\/ul>\n<\/div>\n<div class=\"col-xs-12 col-md-6 col-lg-4 mt-30px\">\n<p class=\"h4\"><strong>El\u00e9ctrico<\/strong><\/p>\n<ul>\n<li>Autonom\u00eda: 16 hrs como rover LTE RTK,<br \/>\n22 horas de registro<\/li>\n<li>Bater\u00eda: LiFePO4 6400 mAh, 6,4 V<\/li>\n<li>Entrada de alimentaci\u00f3n externa: 6\u201340 V<\/li>\n<li>Carga: USB tipo C 5 V, 2 A<\/li>\n<li>Certificaci\u00f3n: FCC, CE<\/li>\n<\/ul>\n<\/div>\n<div class=\"col-xs-12 col-md-6 col-lg-4 mt-30px\">\n<p class=\"h4\"><strong>Posicionamiento<\/strong><\/p>\n<ul>\n<li>Est\u00e1ticaH: 4 mm + 0,5 ppm<br \/>\nV: 8 mm + 1 ppm<\/li>\n<li>PPKH: 5 mm + 0,5 ppm<br \/>\nV: 10 mm + 1 ppm<\/li>\n<li>RTKH: 7 mm + 1 ppm<br \/>\nV: 14 mm + 1 ppm<\/li>\n<li>Tiempo de convergencia ~ 5 s t\u00edpicamente<\/li>\n<\/ul>\n<\/div>\n<div class=\"col-xs-12 col-md-6 col-lg-4 mt-30px\">\n<p class=\"h4\"><strong>Conectividad<\/strong><\/p>\n<ul>\n<li class=\"no-border\">radio lora<\/li>\n<li class=\"no-border sub-spec\">Rango de frecuencia: 868\/915 MHz<\/li>\n<li class=\"no-border sub-spec\">Potencia: 0,1W<\/li>\n<li class=\"sub-spec\">Distancia: Hasta 8 km<\/li>\n<li class=\"no-border\">m\u00f3dem LTE<\/li>\n<li class=\"no-border sub-spec\">Regiones: Mundial<\/li>\n<li class=\"no-border sub-spec\">Bandas: FDD-LTE: 1,2,3,4,5,7,<br \/>\n8, 12, 13, 18, 19, 20,<br \/>\n26, 28, 66<br \/>\nTD-LTE: 38,40,41<br \/>\nUMTS (WCDMA\/FDD):<br \/>\n1,3,2,4,5,6, 8,19<br \/>\nCuatribanda, 850\/1900,<br \/>\n900\/1800 MHz<\/li>\n<li class=\"sub-spec\">SIM: tarjeta Nano-SIM<\/li>\n<li>WiFi 802.11 b\/g\/n<\/li>\n<li>Bluetooth: 4.0\/2.1 EDR<\/li>\n<li>Puertos: RS-232, USB tipo C<\/li>\n<\/ul>\n<\/div>\n<div class=\"col-xs-12 col-md-6 col-lg-4 mt-30px\">\n<p class=\"h4\"><strong>Datos<\/strong><\/p>\n<ul>\n<li>Correcciones: NTRIP, RTCM3<\/li>\n<li>Salida de posici\u00f3n: NMEA, LLH\/XYZ<\/li>\n<li>Registro de datos: RINEX<\/li>\n<li>Almacenamiento interno: 16GB<br \/>\nM\u00e1s de 160 d\u00edas de registro a 1 Hz<\/li>\n<\/ul>\n<\/div>\n<div class=\"col-xs-12 col-md-6 col-lg-4 mt-30px\">\n<p class=\"h4\"><strong>GNSS<\/strong><\/p>\n<ul>\n<li>Se\u00f1al rastreada: GPS\/QZSS L1C\/A, L2C<br \/>\nGLONASS L1OF, L2OF<br \/>\nBeidou B1I, B2I<br \/>\nGalileo E1B\/C, E5b<\/li>\n<li>N\u00famero de canales: 184<\/li>\n<li>Actualizaci\u00f3n: tarifa hasta 10 Hz<\/li>\n<li>IMU9DOF<\/li>\n<\/ul>\n<\/div>\n<\/div>\n<div><\/div>\n<h3 class=\"vc_empty_space\"><strong>EN EL CUADRO<\/strong><\/h3>\n<\/div>\n<\/div>\n<div class=\"nm-row nm-row-full vc_row wpb_row\">\n<div class=\"nm_column wpb_column vc_column_container col-sm-12\">\n<div class=\"vc_column-inner\">\n<div class=\"wpb_wrapper\">\n<div class=\"wpb_text_column wpb_content_element\">\n<div class=\"wpb_wrapper\">\n<p>\u2013 Alcanza RS2+<br \/>\n\u2013 Malet\u00edn de transporte con correa<br \/>\n\u2013 Antena de radio<br \/>\n\u2013 Cable USB tipo C<\/p>\n<\/div>\n<\/div>\n<\/div>\n<\/div>\n<\/div>\n<\/div>","protected":false},"excerpt":{"rendered":"<h3>Receptor RTK GNSS multibanda con precisi\u00f3n centim\u00e9trica<\/h3>\n<p>Para topograf\u00eda, cartograf\u00eda y navegaci\u00f3n. Viene con una aplicaci\u00f3n m\u00f3vil, ReachView3.<\/p>\n<ul>\n<li><strong>GNSS<\/strong> -GPS\/QZSS, GLONASS L1, L2; Beidou B1, B2; Galileo E1, E5<\/li>\n<li><strong>Radio de largo alcance<\/strong> \u2013 LoRa 868\/915 MHz, alcance hasta 8 km<\/li>\n<li><strong>16 horas como m\u00f3vil LTE RTK<\/strong> \u2013 Bater\u00eda LiFePO4, entrada de 6\u201340 V, carga USB tipo C<\/li>\n<li><strong>wifi y bluetooth<\/strong> \u2013 Para la conexi\u00f3n con otros dispositivos<\/li>\n<\/ul>","protected":false},"featured_media":16746,"comment_status":"open","ping_status":"closed","template":"","meta":[],"product_brand":[],"product_cat":[89,365],"product_tag":[58,1027,95],"class_list":{"0":"post-7917","1":"product","2":"type-product","3":"status-publish","4":"has-post-thumbnail","6":"product_cat-emlid","7":"product_cat-receivers-emlid","8":"product_tag-emlid","9":"product_tag-emlid-rs-series","10":"product_tag-rs2","12":"first","13":"onbackorder","14":"sale","15":"taxable","16":"shipping-taxable","17":"purchasable","18":"product-type-simple"},"yoast_head":"<!-- This site is optimized with the Yoast SEO plugin v27.1.1 - https:\/\/yoast.com\/product\/yoast-seo-wordpress\/ -->\n<title>Emlid Reach RS2+ GNSS Receiver -<\/title>\n<meta name=\"description\" content=\"Multi-band RTK GNSS receiver with centimeter precision\" \/>\n<meta name=\"robots\" content=\"index, follow, max-snippet:-1, max-image-preview:large, max-video-preview:-1\" \/>\n<link rel=\"canonical\" href=\"https:\/\/www.ghostysky.com\/es\/producto-2\/emlid-reach-rs2-gnss-receiver\/\" \/>\n<meta property=\"og:locale\" content=\"es_ES\" \/>\n<meta property=\"og:type\" content=\"article\" \/>\n<meta property=\"og:title\" content=\"Emlid Reach RS2+ GNSS Receiver -\" \/>\n<meta property=\"og:description\" content=\"Multi-band RTK GNSS receiver with centimeter precision\" \/>\n<meta property=\"og:url\" content=\"https:\/\/www.ghostysky.com\/es\/producto-2\/emlid-reach-rs2-gnss-receiver\/\" \/>\n<meta property=\"og:site_name\" content=\"Ghostysky\" \/>\n<meta property=\"article:publisher\" content=\"https:\/\/www.facebook.com\/people\/Ghostysky\/100057676170234\/\" \/>\n<meta property=\"article:modified_time\" content=\"2026-01-21T11:22:22+00:00\" \/>\n<meta property=\"og:image\" content=\"https:\/\/www.ghostysky.com\/wp-content\/uploads\/2023\/11\/Front-RS2-render.jpg\" \/>\n\t<meta property=\"og:image:width\" content=\"1600\" \/>\n\t<meta property=\"og:image:height\" content=\"1600\" \/>\n\t<meta property=\"og:image:type\" content=\"image\/jpeg\" \/>\n<meta name=\"twitter:card\" content=\"summary_large_image\" \/>\n<meta name=\"twitter:site\" content=\"@Gh0stysky\" \/>\n<meta name=\"twitter:label1\" content=\"Tiempo de lectura\" \/>\n\t<meta name=\"twitter:data1\" content=\"2 minutos\" \/>\n<script type=\"application\/ld+json\" class=\"yoast-schema-graph\">{\"@context\":\"https:\/\/schema.org\",\"@graph\":[{\"@type\":\"WebPage\",\"@id\":\"https:\/\/www.ghostysky.com\/product\/emlid-reach-rs2-gnss-receiver\/\",\"url\":\"https:\/\/www.ghostysky.com\/product\/emlid-reach-rs2-gnss-receiver\/\",\"name\":\"Emlid Reach RS2+ GNSS Receiver -\",\"isPartOf\":{\"@id\":\"https:\/\/www.ghostysky.com\/#website\"},\"primaryImageOfPage\":{\"@id\":\"https:\/\/www.ghostysky.com\/product\/emlid-reach-rs2-gnss-receiver\/#primaryimage\"},\"image\":{\"@id\":\"https:\/\/www.ghostysky.com\/product\/emlid-reach-rs2-gnss-receiver\/#primaryimage\"},\"thumbnailUrl\":\"https:\/\/www.ghostysky.com\/wp-content\/uploads\/2023\/11\/Front-RS2-render.jpg\",\"datePublished\":\"2022-08-01T15:43:19+00:00\",\"dateModified\":\"2026-01-21T11:22:22+00:00\",\"description\":\"Multi-band RTK GNSS receiver with centimeter precision\",\"breadcrumb\":{\"@id\":\"https:\/\/www.ghostysky.com\/product\/emlid-reach-rs2-gnss-receiver\/#breadcrumb\"},\"inLanguage\":\"es\",\"potentialAction\":[{\"@type\":\"ReadAction\",\"target\":[\"https:\/\/www.ghostysky.com\/product\/emlid-reach-rs2-gnss-receiver\/\"]}]},{\"@type\":\"ImageObject\",\"inLanguage\":\"es\",\"@id\":\"https:\/\/www.ghostysky.com\/product\/emlid-reach-rs2-gnss-receiver\/#primaryimage\",\"url\":\"https:\/\/www.ghostysky.com\/wp-content\/uploads\/2023\/11\/Front-RS2-render.jpg\",\"contentUrl\":\"https:\/\/www.ghostysky.com\/wp-content\/uploads\/2023\/11\/Front-RS2-render.jpg\",\"width\":1600,\"height\":1600},{\"@type\":\"BreadcrumbList\",\"@id\":\"https:\/\/www.ghostysky.com\/product\/emlid-reach-rs2-gnss-receiver\/#breadcrumb\",\"itemListElement\":[{\"@type\":\"ListItem\",\"position\":1,\"name\":\"Home\",\"item\":\"https:\/\/www.ghostysky.com\/\"},{\"@type\":\"ListItem\",\"position\":2,\"name\":\"Shop\",\"item\":\"https:\/\/www.ghostysky.com\/shop\/\"},{\"@type\":\"ListItem\",\"position\":3,\"name\":\"Emlid Reach RS2+ GNSS Receiver\"}]},{\"@type\":\"WebSite\",\"@id\":\"https:\/\/www.ghostysky.com\/#website\",\"url\":\"https:\/\/www.ghostysky.com\/\",\"name\":\"Ghostysky\",\"description\":\"Delivering professional drones and services\",\"publisher\":{\"@id\":\"https:\/\/www.ghostysky.com\/#organization\"},\"potentialAction\":[{\"@type\":\"SearchAction\",\"target\":{\"@type\":\"EntryPoint\",\"urlTemplate\":\"https:\/\/www.ghostysky.com\/?s={search_term_string}\"},\"query-input\":{\"@type\":\"PropertyValueSpecification\",\"valueRequired\":true,\"valueName\":\"search_term_string\"}}],\"inLanguage\":\"es\"},{\"@type\":\"Organization\",\"@id\":\"https:\/\/www.ghostysky.com\/#organization\",\"name\":\"Ghostysky\",\"url\":\"https:\/\/www.ghostysky.com\/\",\"logo\":{\"@type\":\"ImageObject\",\"inLanguage\":\"es\",\"@id\":\"https:\/\/www.ghostysky.com\/#\/schema\/logo\/image\/\",\"url\":\"https:\/\/www.ghostysky.com\/wp-content\/uploads\/2020\/06\/cropped-ghostyskylogo_text_white2.png\",\"contentUrl\":\"https:\/\/www.ghostysky.com\/wp-content\/uploads\/2020\/06\/cropped-ghostyskylogo_text_white2.png\",\"width\":169,\"height\":56,\"caption\":\"Ghostysky\"},\"image\":{\"@id\":\"https:\/\/www.ghostysky.com\/#\/schema\/logo\/image\/\"},\"sameAs\":[\"https:\/\/www.facebook.com\/people\/Ghostysky\/100057676170234\/\",\"https:\/\/x.com\/Gh0stysky\",\"https:\/\/www.linkedin.com\/company\/34739653\",\"https:\/\/www.instagram.com\/gh0stysky\"]}]}<\/script>\n<!-- \/ Yoast SEO plugin. -->","yoast_head_json":{"title":"Receptor GNSS Emlid Reach RS2+ -","description":"Receptor RTK GNSS multibanda con precisi\u00f3n centim\u00e9trica","robots":{"index":"index","follow":"follow","max-snippet":"max-snippet:-1","max-image-preview":"max-image-preview:large","max-video-preview":"max-video-preview:-1"},"canonical":"https:\/\/www.ghostysky.com\/es\/producto-2\/emlid-reach-rs2-gnss-receiver\/","og_locale":"es_ES","og_type":"article","og_title":"Emlid Reach RS2+ GNSS Receiver -","og_description":"Multi-band RTK GNSS receiver with centimeter precision","og_url":"https:\/\/www.ghostysky.com\/es\/producto-2\/emlid-reach-rs2-gnss-receiver\/","og_site_name":"Ghostysky","article_publisher":"https:\/\/www.facebook.com\/people\/Ghostysky\/100057676170234\/","article_modified_time":"2026-01-21T11:22:22+00:00","og_image":[{"width":1600,"height":1600,"url":"https:\/\/www.ghostysky.com\/wp-content\/uploads\/2023\/11\/Front-RS2-render.jpg","type":"image\/jpeg"}],"twitter_card":"summary_large_image","twitter_site":"@Gh0stysky","twitter_misc":{"Tiempo de lectura":"2 minutos"},"schema":{"@context":"https:\/\/schema.org","@graph":[{"@type":"WebPage","@id":"https:\/\/www.ghostysky.com\/product\/emlid-reach-rs2-gnss-receiver\/","url":"https:\/\/www.ghostysky.com\/product\/emlid-reach-rs2-gnss-receiver\/","name":"Receptor GNSS Emlid Reach RS2+ -","isPartOf":{"@id":"https:\/\/www.ghostysky.com\/#website"},"primaryImageOfPage":{"@id":"https:\/\/www.ghostysky.com\/product\/emlid-reach-rs2-gnss-receiver\/#primaryimage"},"image":{"@id":"https:\/\/www.ghostysky.com\/product\/emlid-reach-rs2-gnss-receiver\/#primaryimage"},"thumbnailUrl":"https:\/\/www.ghostysky.com\/wp-content\/uploads\/2023\/11\/Front-RS2-render.jpg","datePublished":"2022-08-01T15:43:19+00:00","dateModified":"2026-01-21T11:22:22+00:00","description":"Receptor RTK GNSS multibanda con precisi\u00f3n centim\u00e9trica","breadcrumb":{"@id":"https:\/\/www.ghostysky.com\/product\/emlid-reach-rs2-gnss-receiver\/#breadcrumb"},"inLanguage":"es","potentialAction":[{"@type":"ReadAction","target":["https:\/\/www.ghostysky.com\/product\/emlid-reach-rs2-gnss-receiver\/"]}]},{"@type":"ImageObject","inLanguage":"es","@id":"https:\/\/www.ghostysky.com\/product\/emlid-reach-rs2-gnss-receiver\/#primaryimage","url":"https:\/\/www.ghostysky.com\/wp-content\/uploads\/2023\/11\/Front-RS2-render.jpg","contentUrl":"https:\/\/www.ghostysky.com\/wp-content\/uploads\/2023\/11\/Front-RS2-render.jpg","width":1600,"height":1600},{"@type":"BreadcrumbList","@id":"https:\/\/www.ghostysky.com\/product\/emlid-reach-rs2-gnss-receiver\/#breadcrumb","itemListElement":[{"@type":"ListItem","position":1,"name":"Home","item":"https:\/\/www.ghostysky.com\/"},{"@type":"ListItem","position":2,"name":"Shop","item":"https:\/\/www.ghostysky.com\/shop\/"},{"@type":"ListItem","position":3,"name":"Emlid Reach RS2+ GNSS Receiver"}]},{"@type":"WebSite","@id":"https:\/\/www.ghostysky.com\/#website","url":"https:\/\/www.ghostysky.com\/","name":"Ghostysky","description":"Entrega de drones y servicios profesionales","publisher":{"@id":"https:\/\/www.ghostysky.com\/#organization"},"potentialAction":[{"@type":"SearchAction","target":{"@type":"EntryPoint","urlTemplate":"https:\/\/www.ghostysky.com\/?s={search_term_string}"},"query-input":{"@type":"PropertyValueSpecification","valueRequired":true,"valueName":"search_term_string"}}],"inLanguage":"es"},{"@type":"Organization","@id":"https:\/\/www.ghostysky.com\/#organization","name":"Ghostysky","url":"https:\/\/www.ghostysky.com\/","logo":{"@type":"ImageObject","inLanguage":"es","@id":"https:\/\/www.ghostysky.com\/#\/schema\/logo\/image\/","url":"https:\/\/www.ghostysky.com\/wp-content\/uploads\/2020\/06\/cropped-ghostyskylogo_text_white2.png","contentUrl":"https:\/\/www.ghostysky.com\/wp-content\/uploads\/2020\/06\/cropped-ghostyskylogo_text_white2.png","width":169,"height":56,"caption":"Ghostysky"},"image":{"@id":"https:\/\/www.ghostysky.com\/#\/schema\/logo\/image\/"},"sameAs":["https:\/\/www.facebook.com\/people\/Ghostysky\/100057676170234\/","https:\/\/x.com\/Gh0stysky","https:\/\/www.linkedin.com\/company\/34739653","https:\/\/www.instagram.com\/gh0stysky"]}]}},"_links":{"self":[{"href":"https:\/\/www.ghostysky.com\/es\/wp-json\/wp\/v2\/product\/7917","targetHints":{"allow":["GET"]}}],"collection":[{"href":"https:\/\/www.ghostysky.com\/es\/wp-json\/wp\/v2\/product"}],"about":[{"href":"https:\/\/www.ghostysky.com\/es\/wp-json\/wp\/v2\/types\/product"}],"replies":[{"embeddable":true,"href":"https:\/\/www.ghostysky.com\/es\/wp-json\/wp\/v2\/comments?post=7917"}],"wp:featuredmedia":[{"embeddable":true,"href":"https:\/\/www.ghostysky.com\/es\/wp-json\/wp\/v2\/media\/16746"}],"wp:attachment":[{"href":"https:\/\/www.ghostysky.com\/es\/wp-json\/wp\/v2\/media?parent=7917"}],"wp:term":[{"taxonomy":"product_brand","embeddable":true,"href":"https:\/\/www.ghostysky.com\/es\/wp-json\/wp\/v2\/product_brand?post=7917"},{"taxonomy":"product_cat","embeddable":true,"href":"https:\/\/www.ghostysky.com\/es\/wp-json\/wp\/v2\/product_cat?post=7917"},{"taxonomy":"product_tag","embeddable":true,"href":"https:\/\/www.ghostysky.com\/es\/wp-json\/wp\/v2\/product_tag?post=7917"}],"curies":[{"name":"wp","href":"https:\/\/api.w.org\/{rel}","templated":true}]}}