{"id":8609,"date":"2022-08-29T21:06:02","date_gmt":"2022-08-29T21:06:02","guid":{"rendered":"https:\/\/www.ghostysky.com\/?post_type=product&#038;p=8609"},"modified":"2025-10-14T11:31:24","modified_gmt":"2025-10-14T11:31:24","slug":"emlid-reach-rx","status":"publish","type":"product","link":"https:\/\/www.ghostysky.com\/es\/product\/emlid-reach-rx\/","title":{"rendered":"Emlid Reach RX"},"content":{"rendered":"<h2 class=\"h2-promo compact-text__title\">Compacto y resistente<\/h2>\n<div class=\"compact-text__elements\">\n<ul>\n<li class=\"compact-text__item\"><span class=\"promo-highligh compact-text-item__title\">250 gramos<\/span><\/li>\n<li class=\"compact-text__item\">172mm x 51mm x 51mm<\/li>\n<\/ul>\n<p>Pesa como el control remoto de un televisor y se puede llevar en el bolsillo.<\/p>\n<ul>\n<li><span class=\"promo-highligh compact-text-item__title\">-20 a +65 \u00b0C (-4 a 149 \u00b0F)<\/span><\/li>\n<\/ul>\n<p class=\"translation-block\">Probamos exhaustivamente el Reach RX en condiciones<br> que simulan los inviernos m\u00e1s fr\u00edos y los m\u00e1s calurosos<br> veranos<\/p>\n<ul>\n<li class=\"compact-text__item\"><span class=\"promo-highligh compact-text-item__title\">IP68<\/span><\/li>\n<\/ul>\n<div class=\"compact-text__item\">RX es resistente al agua hasta una profundidad de 1,5 m. El conector est\u00e1 sellado y protegido del agua y el polvo con un tap\u00f3n de silicona.<\/div>\n<div><\/div>\n<h2 class=\"compact-text__item\">Bater\u00eda confiable<\/h2>\n<\/div>\n<div>\n<div class=\"battery-text__elements\">\n<ul>\n<li class=\"battery-text__item\"><span class=\"promo-highligh battery-text-item__title\">16 horas de trabajo<\/span><\/li>\n<\/ul>\n<p>2 d\u00edas de trabajo por menos de 3 horas de carga. Puede cargar sobre la marcha desde cualquier puerto USB o banco de energ\u00eda.<\/p>\n<ul>\n<li class=\"battery-text__item\"><span class=\"promo-highligh battery-text-item__title\">bater\u00eda de iones de litio<\/span><\/li>\n<\/ul>\n<p>Una bater\u00eda industrial que aguanta bien tanto las altas como las bajas temperaturas.<\/p>\n<ul>\n<li class=\"battery-text__item\"><span class=\"promo-highligh battery-text-item__title\">2000+ ciclos <\/span>de carga y descarga manteniendo la capacidad original.<\/li>\n<\/ul>\n<h2>Especificaciones<\/h2>\n<\/div>\n<\/div>\n<h4>Mec\u00e1nico<\/h4>\n<p>Dimensiones: 172 x 51 x 51 mm<br \/>\nMontura: 5\/8\u201d-11 UNC<br \/>\nPeso: 250 g (8,81 onzas)<br \/>\nT\u00aa de funcionamiento: -20 a +65 \u00baC<br \/>\nProtecci\u00f3n de entrada: IP68 (profundidad m\u00e1xima de 1,5 metros hasta 30 minutos)<\/p>\n<h4>El\u00e9ctrico<\/h4>\n<p>Autonom\u00eda: Hasta 16 hrs<br \/>\nBater\u00eda: Li-Ion 5200 mAh, 3,6 V, 18,72 Wh<br \/>\nCarga: USB tipo C, 5V, 2A<br \/>\nCertificaci\u00f3n: FCC, CE, IC<\/p>\n<h4>Posicionamiento<\/h4>\n<p>RTK: H: 7 mm + 1 ppm \/ V: 14 mm + 1 ppm<br \/>\nTiempo de convergencia: ~5 s t\u00edpicamente<\/p>\n<h4>Conectividad<\/h4>\n<p>Interfaz de comunicaci\u00f3n: Bluetooth 4.2<br \/>\nPuertos: USB tipo C<\/p>\n<h4>Datos<\/h4>\n<p>Formato de datos de entrada: RTCM3<br \/>\nProtocolo de datos de entrada: NTRIP<br \/>\nFormato de datos de posici\u00f3n: NMEA<\/p>\n<h4>GNSS<\/h4>\n<p>Se\u00f1al rastreada: GPS\/QZSS L1C\/A, L2C, GLONASS L1OF, L2OF, BeiDou B1I, B2I, Galileo E1-B\/C, E5b<br \/>\nN\u00famero de canales: 184<br \/>\nTasa de actualizaci\u00f3n: 5 Hz<\/p>\n<div>\n<h2>El paquete incluye<\/h2>\n<p>\u2013 Alcance RX<br \/>\n\u2013 Cable USB tipo C<\/p>\n<\/div>","protected":false},"excerpt":{"rendered":"<div class=\"elementor-element elementor-element-e30b0ac ob-harakiri-inherit ob-has-background-overlay elementor-widget elementor-widget-heading ob-harakiri\" data-id=\"e30b0ac\" data-element_type=\"widget\" data-settings=\"{&quot;_ob_use_harakiri&quot;:&quot;yes&quot;,&quot;_ob_harakiri_writing_mode&quot;:&quot;inherit&quot;,&quot;_ob_harakiri_text_clip&quot;:&quot;none&quot;,&quot;_ob_perspektive_use&quot;:&quot;no&quot;,&quot;_ob_poopart_use&quot;:&quot;yes&quot;,&quot;_ob_shadough_use&quot;:&quot;no&quot;,&quot;_ob_allow_hoveranimator&quot;:&quot;no&quot;,&quot;_ob_widget_stalker_use&quot;:&quot;no&quot;}\" data-widget_type=\"heading.default\">\n<div class=\"elementor-widget-container\">\n<h4 class=\"elementor-heading-title elementor-size-default\">Emlid Reach RX, el receptor GNSS RTK liviano y f\u00e1cil de usar para medir puntos con precisi\u00f3n centim\u00e9trica<\/h4>\n<\/div>\n<\/div>\n<div class=\"elementor-element elementor-element-978c884 ob-harakiri-inherit ob-has-background-overlay elementor-widget elementor-widget-text-editor ob-harakiri\" data-id=\"978c884\" data-element_type=\"widget\" data-settings=\"{&quot;_ob_use_harakiri&quot;:&quot;yes&quot;,&quot;_ob_harakiri_writing_mode&quot;:&quot;inherit&quot;,&quot;_ob_postman_use&quot;:&quot;no&quot;,&quot;_ob_perspektive_use&quot;:&quot;no&quot;,&quot;_ob_poopart_use&quot;:&quot;yes&quot;,&quot;_ob_shadough_use&quot;:&quot;no&quot;,&quot;_ob_allow_hoveranimator&quot;:&quot;no&quot;,&quot;_ob_widget_stalker_use&quot;:&quot;no&quot;}\" data-widget_type=\"text-editor.default\">\n<div class=\"elementor-widget-container\">\n<p class=\"translation-block\"><span class=\"VIiyi\" lang=\"en\"><span class=\"JLqJ4b ChMk0b\" data-language-for-alternatives=\"en\" data-language-to-translate-into=\"fr\" data-phrase-index=\"0\" data-number-of-phrases=\"2\"><span class=\"Q4iAWc\">Dise\u00f1ado espec\u00edficamente para trabajar con correcciones NTRIP, EMLID Reach RX<\/span><\/span> <span class=\"JLqJ4b ChMk0b\" data-language-for-alternatives=\"en\" data-language-to-translate-into=\"fr\" data-phrase-index=\"1\" data-number-of-phrases=\"2\"><span class=\"Q4iAWc\">es la soluci\u00f3n de bolsillo ideal para levantamientos topogr\u00e1ficos, replanteos topogr\u00e1ficos y recopilaci\u00f3n de datos con precisi\u00f3n centim\u00e9trica.<\/span><\/span><\/span><\/p>\n<\/div>\n<\/div>","protected":false},"featured_media":8618,"comment_status":"open","ping_status":"closed","template":"","meta":[],"product_brand":[],"product_cat":[89,30,365],"product_tag":[58,1030,407,54],"class_list":{"0":"post-8609","1":"product","2":"type-product","3":"status-publish","4":"has-post-thumbnail","6":"product_cat-emlid","7":"product_cat-mobile-station","8":"product_cat-receivers-emlid","9":"product_tag-emlid","10":"product_tag-emlid-rx-series","11":"product_tag-reach-rx","12":"product_tag-rtk","14":"first","15":"instock","16":"sale","17":"taxable","18":"shipping-taxable","19":"purchasable","20":"product-type-simple"},"yoast_head":"<!-- This site is optimized with the Yoast SEO plugin v27.1.1 - https:\/\/yoast.com\/product\/yoast-seo-wordpress\/ -->\n<title>Emlid Reach RX -<\/title>\n<meta name=\"description\" content=\"Designed\u00a0specifically for work with NTRIP corrections, EMLID Reach RX is the ideal pocket-sized solution for surveying, topographic stakeouts and data collection with centimeter precision.\" \/>\n<meta name=\"robots\" content=\"index, follow, max-snippet:-1, max-image-preview:large, max-video-preview:-1\" \/>\n<link rel=\"canonical\" href=\"https:\/\/www.ghostysky.com\/es\/producto-2\/emlid-reach-rx\/\" \/>\n<meta property=\"og:locale\" content=\"es_ES\" \/>\n<meta property=\"og:type\" content=\"article\" \/>\n<meta property=\"og:title\" content=\"Emlid Reach RX -\" \/>\n<meta property=\"og:description\" content=\"Designed\u00a0specifically for work with NTRIP corrections, EMLID Reach RX is the ideal pocket-sized solution for surveying, topographic stakeouts and data collection with centimeter precision.\" \/>\n<meta property=\"og:url\" content=\"https:\/\/www.ghostysky.com\/es\/producto-2\/emlid-reach-rx\/\" \/>\n<meta property=\"og:site_name\" content=\"Ghostysky\" \/>\n<meta property=\"article:publisher\" content=\"https:\/\/www.facebook.com\/people\/Ghostysky\/100057676170234\/\" \/>\n<meta property=\"article:modified_time\" content=\"2025-10-14T11:31:24+00:00\" \/>\n<meta property=\"og:image\" content=\"https:\/\/www.ghostysky.com\/wp-content\/uploads\/2022\/08\/RX1_11.jpg\" \/>\n\t<meta property=\"og:image:width\" content=\"1024\" \/>\n\t<meta property=\"og:image:height\" content=\"1024\" \/>\n\t<meta property=\"og:image:type\" content=\"image\/jpeg\" \/>\n<meta name=\"twitter:card\" content=\"summary_large_image\" \/>\n<meta name=\"twitter:site\" content=\"@Gh0stysky\" \/>\n<meta name=\"twitter:label1\" content=\"Tiempo de lectura\" \/>\n\t<meta name=\"twitter:data1\" content=\"2 minutos\" \/>\n<script type=\"application\/ld+json\" class=\"yoast-schema-graph\">{\"@context\":\"https:\/\/schema.org\",\"@graph\":[{\"@type\":\"WebPage\",\"@id\":\"https:\/\/www.ghostysky.com\/product\/emlid-reach-rx\/\",\"url\":\"https:\/\/www.ghostysky.com\/product\/emlid-reach-rx\/\",\"name\":\"Emlid Reach RX -\",\"isPartOf\":{\"@id\":\"https:\/\/www.ghostysky.com\/#website\"},\"primaryImageOfPage\":{\"@id\":\"https:\/\/www.ghostysky.com\/product\/emlid-reach-rx\/#primaryimage\"},\"image\":{\"@id\":\"https:\/\/www.ghostysky.com\/product\/emlid-reach-rx\/#primaryimage\"},\"thumbnailUrl\":\"https:\/\/www.ghostysky.com\/wp-content\/uploads\/2022\/08\/RX1_11.jpg\",\"datePublished\":\"2022-08-29T21:06:02+00:00\",\"dateModified\":\"2025-10-14T11:31:24+00:00\",\"description\":\"Designed\u00a0specifically for work with NTRIP corrections, EMLID Reach RX is the ideal pocket-sized solution for surveying, topographic stakeouts and data collection with centimeter precision.\",\"breadcrumb\":{\"@id\":\"https:\/\/www.ghostysky.com\/product\/emlid-reach-rx\/#breadcrumb\"},\"inLanguage\":\"es\",\"potentialAction\":[{\"@type\":\"ReadAction\",\"target\":[\"https:\/\/www.ghostysky.com\/product\/emlid-reach-rx\/\"]}]},{\"@type\":\"ImageObject\",\"inLanguage\":\"es\",\"@id\":\"https:\/\/www.ghostysky.com\/product\/emlid-reach-rx\/#primaryimage\",\"url\":\"https:\/\/www.ghostysky.com\/wp-content\/uploads\/2022\/08\/RX1_11.jpg\",\"contentUrl\":\"https:\/\/www.ghostysky.com\/wp-content\/uploads\/2022\/08\/RX1_11.jpg\",\"width\":1024,\"height\":1024},{\"@type\":\"BreadcrumbList\",\"@id\":\"https:\/\/www.ghostysky.com\/product\/emlid-reach-rx\/#breadcrumb\",\"itemListElement\":[{\"@type\":\"ListItem\",\"position\":1,\"name\":\"Home\",\"item\":\"https:\/\/www.ghostysky.com\/\"},{\"@type\":\"ListItem\",\"position\":2,\"name\":\"Shop\",\"item\":\"https:\/\/www.ghostysky.com\/shop\/\"},{\"@type\":\"ListItem\",\"position\":3,\"name\":\"Emlid Reach RX\"}]},{\"@type\":\"WebSite\",\"@id\":\"https:\/\/www.ghostysky.com\/#website\",\"url\":\"https:\/\/www.ghostysky.com\/\",\"name\":\"Ghostysky\",\"description\":\"Delivering professional drones and services\",\"publisher\":{\"@id\":\"https:\/\/www.ghostysky.com\/#organization\"},\"potentialAction\":[{\"@type\":\"SearchAction\",\"target\":{\"@type\":\"EntryPoint\",\"urlTemplate\":\"https:\/\/www.ghostysky.com\/?s={search_term_string}\"},\"query-input\":{\"@type\":\"PropertyValueSpecification\",\"valueRequired\":true,\"valueName\":\"search_term_string\"}}],\"inLanguage\":\"es\"},{\"@type\":\"Organization\",\"@id\":\"https:\/\/www.ghostysky.com\/#organization\",\"name\":\"Ghostysky\",\"url\":\"https:\/\/www.ghostysky.com\/\",\"logo\":{\"@type\":\"ImageObject\",\"inLanguage\":\"es\",\"@id\":\"https:\/\/www.ghostysky.com\/#\/schema\/logo\/image\/\",\"url\":\"https:\/\/www.ghostysky.com\/wp-content\/uploads\/2020\/06\/cropped-ghostyskylogo_text_white2.png\",\"contentUrl\":\"https:\/\/www.ghostysky.com\/wp-content\/uploads\/2020\/06\/cropped-ghostyskylogo_text_white2.png\",\"width\":169,\"height\":56,\"caption\":\"Ghostysky\"},\"image\":{\"@id\":\"https:\/\/www.ghostysky.com\/#\/schema\/logo\/image\/\"},\"sameAs\":[\"https:\/\/www.facebook.com\/people\/Ghostysky\/100057676170234\/\",\"https:\/\/x.com\/Gh0stysky\",\"https:\/\/www.linkedin.com\/company\/34739653\",\"https:\/\/www.instagram.com\/gh0stysky\"]}]}<\/script>\n<!-- \/ Yoast SEO plugin. -->","yoast_head_json":{"title":"Emlid Alcance RX -","description":"Dise\u00f1ado espec\u00edficamente para trabajar con correcciones NTRIP, EMLID Reach RX es la soluci\u00f3n de bolsillo ideal para levantamientos, replanteos topogr\u00e1ficos y recopilaci\u00f3n de datos con precisi\u00f3n centim\u00e9trica.","robots":{"index":"index","follow":"follow","max-snippet":"max-snippet:-1","max-image-preview":"max-image-preview:large","max-video-preview":"max-video-preview:-1"},"canonical":"https:\/\/www.ghostysky.com\/es\/producto-2\/emlid-reach-rx\/","og_locale":"es_ES","og_type":"article","og_title":"Emlid Reach RX -","og_description":"Designed\u00a0specifically for work with NTRIP corrections, EMLID Reach RX is the ideal pocket-sized solution for surveying, topographic stakeouts and data collection with centimeter precision.","og_url":"https:\/\/www.ghostysky.com\/es\/producto-2\/emlid-reach-rx\/","og_site_name":"Ghostysky","article_publisher":"https:\/\/www.facebook.com\/people\/Ghostysky\/100057676170234\/","article_modified_time":"2025-10-14T11:31:24+00:00","og_image":[{"width":1024,"height":1024,"url":"https:\/\/www.ghostysky.com\/wp-content\/uploads\/2022\/08\/RX1_11.jpg","type":"image\/jpeg"}],"twitter_card":"summary_large_image","twitter_site":"@Gh0stysky","twitter_misc":{"Tiempo de lectura":"2 minutos"},"schema":{"@context":"https:\/\/schema.org","@graph":[{"@type":"WebPage","@id":"https:\/\/www.ghostysky.com\/product\/emlid-reach-rx\/","url":"https:\/\/www.ghostysky.com\/product\/emlid-reach-rx\/","name":"Emlid Alcance RX -","isPartOf":{"@id":"https:\/\/www.ghostysky.com\/#website"},"primaryImageOfPage":{"@id":"https:\/\/www.ghostysky.com\/product\/emlid-reach-rx\/#primaryimage"},"image":{"@id":"https:\/\/www.ghostysky.com\/product\/emlid-reach-rx\/#primaryimage"},"thumbnailUrl":"https:\/\/www.ghostysky.com\/wp-content\/uploads\/2022\/08\/RX1_11.jpg","datePublished":"2022-08-29T21:06:02+00:00","dateModified":"2025-10-14T11:31:24+00:00","description":"Dise\u00f1ado espec\u00edficamente para trabajar con correcciones NTRIP, EMLID Reach RX es la soluci\u00f3n de bolsillo ideal para levantamientos, replanteos topogr\u00e1ficos y recopilaci\u00f3n de datos con precisi\u00f3n centim\u00e9trica.","breadcrumb":{"@id":"https:\/\/www.ghostysky.com\/product\/emlid-reach-rx\/#breadcrumb"},"inLanguage":"es","potentialAction":[{"@type":"ReadAction","target":["https:\/\/www.ghostysky.com\/product\/emlid-reach-rx\/"]}]},{"@type":"ImageObject","inLanguage":"es","@id":"https:\/\/www.ghostysky.com\/product\/emlid-reach-rx\/#primaryimage","url":"https:\/\/www.ghostysky.com\/wp-content\/uploads\/2022\/08\/RX1_11.jpg","contentUrl":"https:\/\/www.ghostysky.com\/wp-content\/uploads\/2022\/08\/RX1_11.jpg","width":1024,"height":1024},{"@type":"BreadcrumbList","@id":"https:\/\/www.ghostysky.com\/product\/emlid-reach-rx\/#breadcrumb","itemListElement":[{"@type":"ListItem","position":1,"name":"Home","item":"https:\/\/www.ghostysky.com\/"},{"@type":"ListItem","position":2,"name":"Shop","item":"https:\/\/www.ghostysky.com\/shop\/"},{"@type":"ListItem","position":3,"name":"Emlid Reach RX"}]},{"@type":"WebSite","@id":"https:\/\/www.ghostysky.com\/#website","url":"https:\/\/www.ghostysky.com\/","name":"Ghostysky","description":"Entrega de drones y servicios profesionales","publisher":{"@id":"https:\/\/www.ghostysky.com\/#organization"},"potentialAction":[{"@type":"SearchAction","target":{"@type":"EntryPoint","urlTemplate":"https:\/\/www.ghostysky.com\/?s={search_term_string}"},"query-input":{"@type":"PropertyValueSpecification","valueRequired":true,"valueName":"search_term_string"}}],"inLanguage":"es"},{"@type":"Organization","@id":"https:\/\/www.ghostysky.com\/#organization","name":"Ghostysky","url":"https:\/\/www.ghostysky.com\/","logo":{"@type":"ImageObject","inLanguage":"es","@id":"https:\/\/www.ghostysky.com\/#\/schema\/logo\/image\/","url":"https:\/\/www.ghostysky.com\/wp-content\/uploads\/2020\/06\/cropped-ghostyskylogo_text_white2.png","contentUrl":"https:\/\/www.ghostysky.com\/wp-content\/uploads\/2020\/06\/cropped-ghostyskylogo_text_white2.png","width":169,"height":56,"caption":"Ghostysky"},"image":{"@id":"https:\/\/www.ghostysky.com\/#\/schema\/logo\/image\/"},"sameAs":["https:\/\/www.facebook.com\/people\/Ghostysky\/100057676170234\/","https:\/\/x.com\/Gh0stysky","https:\/\/www.linkedin.com\/company\/34739653","https:\/\/www.instagram.com\/gh0stysky"]}]}},"_links":{"self":[{"href":"https:\/\/www.ghostysky.com\/es\/wp-json\/wp\/v2\/product\/8609","targetHints":{"allow":["GET"]}}],"collection":[{"href":"https:\/\/www.ghostysky.com\/es\/wp-json\/wp\/v2\/product"}],"about":[{"href":"https:\/\/www.ghostysky.com\/es\/wp-json\/wp\/v2\/types\/product"}],"replies":[{"embeddable":true,"href":"https:\/\/www.ghostysky.com\/es\/wp-json\/wp\/v2\/comments?post=8609"}],"wp:featuredmedia":[{"embeddable":true,"href":"https:\/\/www.ghostysky.com\/es\/wp-json\/wp\/v2\/media\/8618"}],"wp:attachment":[{"href":"https:\/\/www.ghostysky.com\/es\/wp-json\/wp\/v2\/media?parent=8609"}],"wp:term":[{"taxonomy":"product_brand","embeddable":true,"href":"https:\/\/www.ghostysky.com\/es\/wp-json\/wp\/v2\/product_brand?post=8609"},{"taxonomy":"product_cat","embeddable":true,"href":"https:\/\/www.ghostysky.com\/es\/wp-json\/wp\/v2\/product_cat?post=8609"},{"taxonomy":"product_tag","embeddable":true,"href":"https:\/\/www.ghostysky.com\/es\/wp-json\/wp\/v2\/product_tag?post=8609"}],"curies":[{"name":"wp","href":"https:\/\/api.w.org\/{rel}","templated":true}]}}