{"id":8782,"date":"2020-08-15T11:05:09","date_gmt":"2020-08-15T11:05:09","guid":{"rendered":"https:\/\/www.ghostysky.com\/?post_type=product&#038;p=8782"},"modified":"2023-05-23T20:39:27","modified_gmt":"2023-05-23T20:39:27","slug":"wingtra-micasense-rededge-p","status":"publish","type":"product","link":"https:\/\/www.ghostysky.com\/es\/product\/wingtra-micasense-rededge-p\/","title":{"rendered":"Kit de carga \u00fatil Wingtra Micasense Rededge-P"},"content":{"rendered":"<p>Esta es la soluci\u00f3n definitiva para datos multiespectrales y RGB de alta resoluci\u00f3n. Con el sensor multiespectral RedEdge-P resistente, de alta calidad y potente, ahora puede proporcionar una resoluci\u00f3n de salida m\u00e1s alta de 2 cm (a 60 m), el doble que la de RedEdge-MX. Las im\u00e1genes multiespectrales y RGB se capturan con una sola c\u00e1mara con un campo de visi\u00f3n optimizado y una tasa de captura para un vuelo eficiente.<\/p>\n<p>El generador de im\u00e1genes a todo color de RedEdge-P se integra a la perfecci\u00f3n con generadores de im\u00e1genes multiespectrales sincronizados para permitir salidas alineadas con p\u00edxeles en resoluciones previamente inalcanzables, manteniendo la eficiencia y confiabilidad de RedEdge. Los datos sin procesar de RedEdge-P se pueden procesar con software dom\u00e9stico est\u00e1ndar de la industria.<\/p>\n<h3>Especificaciones<\/h3>\n<ul>\n<li><strong>Peso:<\/strong>\u00a0300 g (10,6 onzas) RedEdge-P + DLS 2<\/li>\n<li><strong>Dimensiones:<\/strong>\u00a08,2 x 6,2 x 5,4 cm (3,2 x 2,4 x 2,1 pulgadas)<\/li>\n<li><strong>Poder externo:<\/strong>\u00a07,0 V-25,2 V<\/li>\n<li><strong>Bandas espectrales:<\/strong>\u00a0Azul, verde, rojo, borde rojo, IR cercano (obturador global, banda estrecha)<\/li>\n<li><strong>Longitud de onda (nm):<\/strong>\u00a0Azul (centro de 475 nm, ancho de banda de 32 nm), verde (centro de 560 nm, ancho de banda de 27 nm), rojo (centro de 668 nm, ancho de banda de 14 nm), borde rojo (centro de 717 nm, ancho de banda de 12 nm), infrarrojo cercano (centro de 842 nm) , ancho de banda de 57 nm)<\/li>\n<li><strong>Salida RGB:<\/strong>\u00a05,1 MP (obturador global, alineado con todas las bandas)*<\/li>\n<li><strong>Distancia de muestra de tierra:<\/strong>\n<ul>\n<li>o7,7 cm por p\u00edxel (por banda MS) a 120 m AGL<\/li>\n<li>o3,98 cm por p\u00edxel (banda pancrom\u00e1tica) a 120 m AGL<\/li>\n<\/ul>\n<\/li>\n<li><strong>Tasa de captura:<\/strong>\u00a02-3 capturas por segundo DNG sin procesar<\/li>\n<li><strong>Interfaces:<\/strong>\u00a04 GPIO: entrada de disparador, parte superior del marco, salida 1 PPS, bot\u00f3n de host. Puerto USB 2.0 para WiFi, serie, ethernet 10\/100\/1000 y CF Express Storage.<\/li>\n<li><strong>Campo de visi\u00f3n:<\/strong>o49,6\u00b0 HFOV x 38,3\u00b0 VFOV (MS)o44,5\u00b0 HFOV x 37,7\u00b0 VFOV (PAN)<\/li>\n<li><strong>Opciones de activaci\u00f3n:<\/strong>\u00a0Modo de temporizador, modo de superposici\u00f3n, modo de disparo externo (opciones PWM, GPIO, serie y Ethernet), modo de captura manual<\/li>\n<li><strong>Calor:<\/strong>\u00a00-40C ambiente (sin flujo de aire); 0-50C ambiente con flujo de aire &gt;0.5m\/s<\/li>\n<\/ul>\n<p>&nbsp;<\/p>","protected":false},"excerpt":{"rendered":"<p class=\"translation-block\">Wingtra presenta la \u00faltima c\u00e1mara multiespectral: <strong>Micasense Rededge-P<\/strong> . Esto es lo que puedes obtener con \u00e9l:<\/p>\n<ul>\n<li>Resoluci\u00f3n panor\u00e1mica n\u00edtida de 2 cm\/p\u00edxel a 60 m, 4 cm\/p\u00edxel a 120 m<\/li>\n<li>Tasa de captura de 2-3 im\u00e1genes por segundo en tarjetas de almacenamiento CFexpress<\/li>\n<li>Cinco bandas espectrales de 1,6 MP cada una<\/li>\n<li>Sensor pancrom\u00e1tico de 5.1 MP<\/li>\n<\/ul>","protected":false},"featured_media":8783,"comment_status":"open","ping_status":"closed","template":"","meta":[],"product_brand":[],"product_cat":[29,167,36],"product_tag":[65,66,409,40],"class_list":{"0":"post-8782","1":"product","2":"type-product","3":"status-publish","4":"has-post-thumbnail","6":"product_cat-drones","7":"product_cat-sensors-wingtraone","8":"product_cat-wingtraone","9":"product_tag-micasense","10":"product_tag-multispectral-camera","11":"product_tag-rededge-p","12":"product_tag-wingtraone","14":"first","15":"onbackorder","16":"taxable","17":"shipping-taxable","18":"product-type-simple"},"yoast_head":"<!-- This site is optimized with the Yoast SEO plugin v27.4 - https:\/\/yoast.com\/product\/yoast-seo-wordpress\/ -->\n<title>Wingtra Micasense Rededge-P payload kit -<\/title>\n<meta name=\"description\" content=\"Wingtra unveils latest multispectral camera: Micasense Rededge-P. Pan-sharpened resolution of\u00a02cm\/pixel at 60m,\u00a04cm\/pixel at 120m\" \/>\n<meta name=\"robots\" content=\"index, follow, max-snippet:-1, max-image-preview:large, max-video-preview:-1\" \/>\n<link rel=\"canonical\" href=\"https:\/\/www.ghostysky.com\/es\/producto-2\/wingtra-micasense-rededge-p\/\" \/>\n<meta property=\"og:locale\" content=\"es_ES\" \/>\n<meta property=\"og:type\" content=\"article\" \/>\n<meta property=\"og:title\" content=\"Wingtra Micasense Rededge-P payload kit -\" \/>\n<meta property=\"og:description\" content=\"Wingtra unveils latest multispectral camera: Micasense Rededge-P. Pan-sharpened resolution of\u00a02cm\/pixel at 60m,\u00a04cm\/pixel at 120m\" \/>\n<meta property=\"og:url\" content=\"https:\/\/www.ghostysky.com\/es\/producto-2\/wingtra-micasense-rededge-p\/\" \/>\n<meta property=\"og:site_name\" content=\"Ghostysky\" \/>\n<meta property=\"article:publisher\" content=\"https:\/\/www.facebook.com\/people\/Ghostysky\/100057676170234\/\" \/>\n<meta property=\"article:modified_time\" content=\"2023-05-23T20:39:27+00:00\" \/>\n<meta property=\"og:image\" content=\"https:\/\/www.ghostysky.com\/wp-content\/uploads\/2022\/09\/Wingtra-Micasense-RE-P.webp\" \/>\n\t<meta property=\"og:image:width\" content=\"800\" \/>\n\t<meta property=\"og:image:height\" content=\"800\" \/>\n\t<meta property=\"og:image:type\" content=\"image\/webp\" \/>\n<meta name=\"twitter:card\" content=\"summary_large_image\" \/>\n<meta name=\"twitter:site\" content=\"@Gh0stysky\" \/>\n<meta name=\"twitter:label1\" content=\"Tiempo de lectura\" \/>\n\t<meta name=\"twitter:data1\" content=\"2 minutos\" \/>\n<script type=\"application\/ld+json\" class=\"yoast-schema-graph\">{\"@context\":\"https:\\\/\\\/schema.org\",\"@graph\":[{\"@type\":\"WebPage\",\"@id\":\"https:\\\/\\\/www.ghostysky.com\\\/product\\\/wingtra-micasense-rededge-p\\\/\",\"url\":\"https:\\\/\\\/www.ghostysky.com\\\/product\\\/wingtra-micasense-rededge-p\\\/\",\"name\":\"Wingtra Micasense Rededge-P payload kit -\",\"isPartOf\":{\"@id\":\"https:\\\/\\\/www.ghostysky.com\\\/#website\"},\"primaryImageOfPage\":{\"@id\":\"https:\\\/\\\/www.ghostysky.com\\\/product\\\/wingtra-micasense-rededge-p\\\/#primaryimage\"},\"image\":{\"@id\":\"https:\\\/\\\/www.ghostysky.com\\\/product\\\/wingtra-micasense-rededge-p\\\/#primaryimage\"},\"thumbnailUrl\":\"https:\\\/\\\/www.ghostysky.com\\\/wp-content\\\/uploads\\\/2022\\\/09\\\/Wingtra-Micasense-RE-P.webp\",\"datePublished\":\"2020-08-15T11:05:09+00:00\",\"dateModified\":\"2023-05-23T20:39:27+00:00\",\"description\":\"Wingtra unveils latest multispectral camera: Micasense Rededge-P. Pan-sharpened resolution of\u00a02cm\\\/pixel at 60m,\u00a04cm\\\/pixel at 120m\",\"breadcrumb\":{\"@id\":\"https:\\\/\\\/www.ghostysky.com\\\/product\\\/wingtra-micasense-rededge-p\\\/#breadcrumb\"},\"inLanguage\":\"es\",\"potentialAction\":[{\"@type\":\"ReadAction\",\"target\":[\"https:\\\/\\\/www.ghostysky.com\\\/product\\\/wingtra-micasense-rededge-p\\\/\"]}]},{\"@type\":\"ImageObject\",\"inLanguage\":\"es\",\"@id\":\"https:\\\/\\\/www.ghostysky.com\\\/product\\\/wingtra-micasense-rededge-p\\\/#primaryimage\",\"url\":\"https:\\\/\\\/www.ghostysky.com\\\/wp-content\\\/uploads\\\/2022\\\/09\\\/Wingtra-Micasense-RE-P.webp\",\"contentUrl\":\"https:\\\/\\\/www.ghostysky.com\\\/wp-content\\\/uploads\\\/2022\\\/09\\\/Wingtra-Micasense-RE-P.webp\",\"width\":800,\"height\":800},{\"@type\":\"BreadcrumbList\",\"@id\":\"https:\\\/\\\/www.ghostysky.com\\\/product\\\/wingtra-micasense-rededge-p\\\/#breadcrumb\",\"itemListElement\":[{\"@type\":\"ListItem\",\"position\":1,\"name\":\"Home\",\"item\":\"https:\\\/\\\/www.ghostysky.com\\\/\"},{\"@type\":\"ListItem\",\"position\":2,\"name\":\"Shop\",\"item\":\"https:\\\/\\\/www.ghostysky.com\\\/shop\\\/\"},{\"@type\":\"ListItem\",\"position\":3,\"name\":\"Wingtra Micasense Rededge-P payload kit\"}]},{\"@type\":\"WebSite\",\"@id\":\"https:\\\/\\\/www.ghostysky.com\\\/#website\",\"url\":\"https:\\\/\\\/www.ghostysky.com\\\/\",\"name\":\"Ghostysky\",\"description\":\"Delivering professional drones and services\",\"publisher\":{\"@id\":\"https:\\\/\\\/www.ghostysky.com\\\/#organization\"},\"potentialAction\":[{\"@type\":\"SearchAction\",\"target\":{\"@type\":\"EntryPoint\",\"urlTemplate\":\"https:\\\/\\\/www.ghostysky.com\\\/?s={search_term_string}\"},\"query-input\":{\"@type\":\"PropertyValueSpecification\",\"valueRequired\":true,\"valueName\":\"search_term_string\"}}],\"inLanguage\":\"es\"},{\"@type\":\"Organization\",\"@id\":\"https:\\\/\\\/www.ghostysky.com\\\/#organization\",\"name\":\"Ghostysky\",\"url\":\"https:\\\/\\\/www.ghostysky.com\\\/\",\"logo\":{\"@type\":\"ImageObject\",\"inLanguage\":\"es\",\"@id\":\"https:\\\/\\\/www.ghostysky.com\\\/#\\\/schema\\\/logo\\\/image\\\/\",\"url\":\"https:\\\/\\\/www.ghostysky.com\\\/wp-content\\\/uploads\\\/2020\\\/06\\\/cropped-ghostyskylogo_text_white2.png\",\"contentUrl\":\"https:\\\/\\\/www.ghostysky.com\\\/wp-content\\\/uploads\\\/2020\\\/06\\\/cropped-ghostyskylogo_text_white2.png\",\"width\":169,\"height\":56,\"caption\":\"Ghostysky\"},\"image\":{\"@id\":\"https:\\\/\\\/www.ghostysky.com\\\/#\\\/schema\\\/logo\\\/image\\\/\"},\"sameAs\":[\"https:\\\/\\\/www.facebook.com\\\/people\\\/Ghostysky\\\/100057676170234\\\/\",\"https:\\\/\\\/x.com\\\/Gh0stysky\",\"https:\\\/\\\/www.linkedin.com\\\/company\\\/34739653\",\"https:\\\/\\\/www.instagram.com\\\/gh0stysky\"]}]}<\/script>\n<!-- \/ Yoast SEO plugin. -->","yoast_head_json":{"title":"Kit de carga \u00fatil Wingtra Micasense Rededge-P -","description":"Wingtra presenta la \u00faltima c\u00e1mara multiespectral: Micasense Rededge-P. Resoluci\u00f3n panor\u00e1mica de 2 cm\/p\u00edxel a 60 m, 4 cm\/p\u00edxel a 120 m","robots":{"index":"index","follow":"follow","max-snippet":"max-snippet:-1","max-image-preview":"max-image-preview:large","max-video-preview":"max-video-preview:-1"},"canonical":"https:\/\/www.ghostysky.com\/es\/producto-2\/wingtra-micasense-rededge-p\/","og_locale":"es_ES","og_type":"article","og_title":"Wingtra Micasense Rededge-P payload kit -","og_description":"Wingtra unveils latest multispectral camera: Micasense Rededge-P. Pan-sharpened resolution of\u00a02cm\/pixel at 60m,\u00a04cm\/pixel at 120m","og_url":"https:\/\/www.ghostysky.com\/es\/producto-2\/wingtra-micasense-rededge-p\/","og_site_name":"Ghostysky","article_publisher":"https:\/\/www.facebook.com\/people\/Ghostysky\/100057676170234\/","article_modified_time":"2023-05-23T20:39:27+00:00","og_image":[{"width":800,"height":800,"url":"https:\/\/www.ghostysky.com\/wp-content\/uploads\/2022\/09\/Wingtra-Micasense-RE-P.webp","type":"image\/webp"}],"twitter_card":"summary_large_image","twitter_site":"@Gh0stysky","twitter_misc":{"Tiempo de lectura":"2 minutos"},"schema":{"@context":"https:\/\/schema.org","@graph":[{"@type":"WebPage","@id":"https:\/\/www.ghostysky.com\/product\/wingtra-micasense-rededge-p\/","url":"https:\/\/www.ghostysky.com\/product\/wingtra-micasense-rededge-p\/","name":"Kit de carga \u00fatil Wingtra Micasense Rededge-P -","isPartOf":{"@id":"https:\/\/www.ghostysky.com\/#website"},"primaryImageOfPage":{"@id":"https:\/\/www.ghostysky.com\/product\/wingtra-micasense-rededge-p\/#primaryimage"},"image":{"@id":"https:\/\/www.ghostysky.com\/product\/wingtra-micasense-rededge-p\/#primaryimage"},"thumbnailUrl":"https:\/\/www.ghostysky.com\/wp-content\/uploads\/2022\/09\/Wingtra-Micasense-RE-P.webp","datePublished":"2020-08-15T11:05:09+00:00","dateModified":"2023-05-23T20:39:27+00:00","description":"Wingtra presenta la \u00faltima c\u00e1mara multiespectral: Micasense Rededge-P. Resoluci\u00f3n panor\u00e1mica de 2 cm\/p\u00edxel a 60 m, 4 cm\/p\u00edxel a 120 m","breadcrumb":{"@id":"https:\/\/www.ghostysky.com\/product\/wingtra-micasense-rededge-p\/#breadcrumb"},"inLanguage":"es","potentialAction":[{"@type":"ReadAction","target":["https:\/\/www.ghostysky.com\/product\/wingtra-micasense-rededge-p\/"]}]},{"@type":"ImageObject","inLanguage":"es","@id":"https:\/\/www.ghostysky.com\/product\/wingtra-micasense-rededge-p\/#primaryimage","url":"https:\/\/www.ghostysky.com\/wp-content\/uploads\/2022\/09\/Wingtra-Micasense-RE-P.webp","contentUrl":"https:\/\/www.ghostysky.com\/wp-content\/uploads\/2022\/09\/Wingtra-Micasense-RE-P.webp","width":800,"height":800},{"@type":"BreadcrumbList","@id":"https:\/\/www.ghostysky.com\/product\/wingtra-micasense-rededge-p\/#breadcrumb","itemListElement":[{"@type":"ListItem","position":1,"name":"Home","item":"https:\/\/www.ghostysky.com\/"},{"@type":"ListItem","position":2,"name":"Shop","item":"https:\/\/www.ghostysky.com\/shop\/"},{"@type":"ListItem","position":3,"name":"Wingtra Micasense Rededge-P payload kit"}]},{"@type":"WebSite","@id":"https:\/\/www.ghostysky.com\/#website","url":"https:\/\/www.ghostysky.com\/","name":"Ghostysky","description":"Entrega de drones y servicios profesionales","publisher":{"@id":"https:\/\/www.ghostysky.com\/#organization"},"potentialAction":[{"@type":"SearchAction","target":{"@type":"EntryPoint","urlTemplate":"https:\/\/www.ghostysky.com\/?s={search_term_string}"},"query-input":{"@type":"PropertyValueSpecification","valueRequired":true,"valueName":"search_term_string"}}],"inLanguage":"es"},{"@type":"Organization","@id":"https:\/\/www.ghostysky.com\/#organization","name":"Ghostysky","url":"https:\/\/www.ghostysky.com\/","logo":{"@type":"ImageObject","inLanguage":"es","@id":"https:\/\/www.ghostysky.com\/#\/schema\/logo\/image\/","url":"https:\/\/www.ghostysky.com\/wp-content\/uploads\/2020\/06\/cropped-ghostyskylogo_text_white2.png","contentUrl":"https:\/\/www.ghostysky.com\/wp-content\/uploads\/2020\/06\/cropped-ghostyskylogo_text_white2.png","width":169,"height":56,"caption":"Ghostysky"},"image":{"@id":"https:\/\/www.ghostysky.com\/#\/schema\/logo\/image\/"},"sameAs":["https:\/\/www.facebook.com\/people\/Ghostysky\/100057676170234\/","https:\/\/x.com\/Gh0stysky","https:\/\/www.linkedin.com\/company\/34739653","https:\/\/www.instagram.com\/gh0stysky"]}]}},"_links":{"self":[{"href":"https:\/\/www.ghostysky.com\/es\/wp-json\/wp\/v2\/product\/8782","targetHints":{"allow":["GET"]}}],"collection":[{"href":"https:\/\/www.ghostysky.com\/es\/wp-json\/wp\/v2\/product"}],"about":[{"href":"https:\/\/www.ghostysky.com\/es\/wp-json\/wp\/v2\/types\/product"}],"replies":[{"embeddable":true,"href":"https:\/\/www.ghostysky.com\/es\/wp-json\/wp\/v2\/comments?post=8782"}],"version-history":[{"count":0,"href":"https:\/\/www.ghostysky.com\/es\/wp-json\/wp\/v2\/product\/8782\/revisions"}],"wp:featuredmedia":[{"embeddable":true,"href":"https:\/\/www.ghostysky.com\/es\/wp-json\/wp\/v2\/media\/8783"}],"wp:attachment":[{"href":"https:\/\/www.ghostysky.com\/es\/wp-json\/wp\/v2\/media?parent=8782"}],"wp:term":[{"taxonomy":"product_brand","embeddable":true,"href":"https:\/\/www.ghostysky.com\/es\/wp-json\/wp\/v2\/product_brand?post=8782"},{"taxonomy":"product_cat","embeddable":true,"href":"https:\/\/www.ghostysky.com\/es\/wp-json\/wp\/v2\/product_cat?post=8782"},{"taxonomy":"product_tag","embeddable":true,"href":"https:\/\/www.ghostysky.com\/es\/wp-json\/wp\/v2\/product_tag?post=8782"}],"curies":[{"name":"wp","href":"https:\/\/api.w.org\/{rel}","templated":true}]}}