{"id":8965,"date":"2022-09-22T18:02:15","date_gmt":"2022-09-22T18:02:15","guid":{"rendered":"https:\/\/www.ghostysky.com\/?post_type=product&#038;p=8965"},"modified":"2023-12-20T08:11:05","modified_gmt":"2023-12-20T08:11:05","slug":"landing-professional-waterproof-pad","status":"publish","type":"product","link":"https:\/\/www.ghostysky.com\/es\/product\/landing-professional-waterproof-pad\/","title":{"rendered":"Almohadilla de aterrizaje profesional e impermeable"},"content":{"rendered":"<h2>PLEGADO R\u00c1PIDO, LIGERO Y PORT\u00c1TIL<\/h2>\n<p>Dimensiones extendidas: 50 cm * 50 cm<br \/>\nDimensiones colapsadas: 25cm*17cm<\/p>\n<h2>Especificaciones<\/h2>\n<ul class=\"list-unstyled info-bk\">\n<li><b>Material<\/b>\n<ul class=\"list-unstyled info-bk\">\n<li>PU<\/li>\n<\/ul>\n<\/li>\n<li><b>Peso neto<\/b>\n<ul class=\"list-unstyled info-bk\">\n<li>352g<\/li>\n<\/ul>\n<\/li>\n<li><b>S<\/b><b>tama\u00f1o<\/b>\n<ul class=\"list-unstyled info-bk\">\n<li>262 mm * 174 mm * 25 mm<\/li>\n<\/ul>\n<\/li>\n<\/ul>","protected":false},"excerpt":{"rendered":"<ul>\n<li>Si se usa para vuelos al aire libre, puede evitar interferencias externas con el dron y las c\u00e1maras durante el despegue y el aterrizaje.<\/li>\n<li>Tambi\u00e9n puede evitar que la h\u00e9lice sople polvo y se ensucie.<\/li>\n<li>La plataforma de aterrizaje profesional est\u00e1 hecha de PU de doble cara con dise\u00f1o de dos colores, resistente al agua, protector solar, no se desvanece f\u00e1cilmente; Equipado con un bolsillo de paquete, f\u00e1cil de transportar y almacenar, f\u00e1cil de viajar.<\/li>\n<\/ul>","protected":false},"featured_media":8974,"comment_status":"open","ping_status":"closed","template":"","meta":[],"product_brand":[],"product_cat":[221,300,430,305,119,220,37,255,429,29,278,118],"product_tag":[417,418,419],"class_list":{"0":"post-8965","1":"product","2":"type-product","3":"status-publish","4":"has-post-thumbnail","6":"product_cat-accessories","7":"product_cat-accessories-dji-mavic2","8":"product_cat-accessories-dji-mavic3-ent","9":"product_cat-accessories-swellpro","10":"product_cat-yuneec-accessories","11":"product_cat-autel","12":"product_cat-dji","13":"product_cat-dji-mavic2","14":"product_cat-dji-mavic3-ent","15":"product_cat-drones","16":"product_cat-swellpro","17":"product_cat-yuneec","18":"product_tag-drone-pad","19":"product_tag-professional-pad","20":"product_tag-waterproof-pad","22":"first","23":"onbackorder","24":"taxable","25":"shipping-taxable","26":"product-type-simple"},"yoast_head":"<!-- This site is optimized with the Yoast SEO plugin v27.4 - https:\/\/yoast.com\/product\/yoast-seo-wordpress\/ -->\n<title>Landing Professional &amp; Waterproof Pad -<\/title>\n<meta name=\"description\" content=\"Using for the outdoor flight, it can prevent external interference with the drone and cameras during take-off and landing.It can also prevent the propeller from blowing dust and dirty.\" \/>\n<meta name=\"robots\" content=\"index, follow, max-snippet:-1, max-image-preview:large, max-video-preview:-1\" \/>\n<link rel=\"canonical\" href=\"https:\/\/www.ghostysky.com\/es\/producto-2\/landing-professional-waterproof-pad\/\" \/>\n<meta property=\"og:locale\" content=\"es_ES\" \/>\n<meta property=\"og:type\" content=\"article\" \/>\n<meta property=\"og:title\" content=\"Landing Professional &amp; Waterproof Pad -\" \/>\n<meta property=\"og:description\" content=\"Using for the outdoor flight, it can prevent external interference with the drone and cameras during take-off and landing.It can also prevent the propeller from blowing dust and dirty.\" \/>\n<meta property=\"og:url\" content=\"https:\/\/www.ghostysky.com\/es\/producto-2\/landing-professional-waterproof-pad\/\" \/>\n<meta property=\"og:site_name\" content=\"Ghostysky\" \/>\n<meta property=\"article:publisher\" content=\"https:\/\/www.facebook.com\/people\/Ghostysky\/100057676170234\/\" \/>\n<meta property=\"article:modified_time\" content=\"2023-12-20T08:11:05+00:00\" \/>\n<meta property=\"og:image\" content=\"https:\/\/www.ghostysky.com\/wp-content\/uploads\/2022\/09\/Pad1.webp\" \/>\n\t<meta property=\"og:image:width\" content=\"1000\" \/>\n\t<meta property=\"og:image:height\" content=\"1000\" \/>\n\t<meta property=\"og:image:type\" content=\"image\/webp\" \/>\n<meta name=\"twitter:card\" content=\"summary_large_image\" \/>\n<meta name=\"twitter:site\" content=\"@Gh0stysky\" \/>\n<meta name=\"twitter:label1\" content=\"Tiempo de lectura\" \/>\n\t<meta name=\"twitter:data1\" content=\"1 minuto\" \/>\n<script type=\"application\/ld+json\" class=\"yoast-schema-graph\">{\"@context\":\"https:\\\/\\\/schema.org\",\"@graph\":[{\"@type\":\"WebPage\",\"@id\":\"https:\\\/\\\/www.ghostysky.com\\\/product\\\/landing-professional-waterproof-pad\\\/\",\"url\":\"https:\\\/\\\/www.ghostysky.com\\\/product\\\/landing-professional-waterproof-pad\\\/\",\"name\":\"Landing Professional & Waterproof Pad -\",\"isPartOf\":{\"@id\":\"https:\\\/\\\/www.ghostysky.com\\\/#website\"},\"primaryImageOfPage\":{\"@id\":\"https:\\\/\\\/www.ghostysky.com\\\/product\\\/landing-professional-waterproof-pad\\\/#primaryimage\"},\"image\":{\"@id\":\"https:\\\/\\\/www.ghostysky.com\\\/product\\\/landing-professional-waterproof-pad\\\/#primaryimage\"},\"thumbnailUrl\":\"https:\\\/\\\/www.ghostysky.com\\\/wp-content\\\/uploads\\\/2022\\\/09\\\/Pad1.webp\",\"datePublished\":\"2022-09-22T18:02:15+00:00\",\"dateModified\":\"2023-12-20T08:11:05+00:00\",\"description\":\"Using for the outdoor flight, it can prevent external interference with the drone and cameras during take-off and landing.It can also prevent the propeller from blowing dust and dirty.\",\"breadcrumb\":{\"@id\":\"https:\\\/\\\/www.ghostysky.com\\\/product\\\/landing-professional-waterproof-pad\\\/#breadcrumb\"},\"inLanguage\":\"es\",\"potentialAction\":[{\"@type\":\"ReadAction\",\"target\":[\"https:\\\/\\\/www.ghostysky.com\\\/product\\\/landing-professional-waterproof-pad\\\/\"]}]},{\"@type\":\"ImageObject\",\"inLanguage\":\"es\",\"@id\":\"https:\\\/\\\/www.ghostysky.com\\\/product\\\/landing-professional-waterproof-pad\\\/#primaryimage\",\"url\":\"https:\\\/\\\/www.ghostysky.com\\\/wp-content\\\/uploads\\\/2022\\\/09\\\/Pad1.webp\",\"contentUrl\":\"https:\\\/\\\/www.ghostysky.com\\\/wp-content\\\/uploads\\\/2022\\\/09\\\/Pad1.webp\",\"width\":1000,\"height\":1000},{\"@type\":\"BreadcrumbList\",\"@id\":\"https:\\\/\\\/www.ghostysky.com\\\/product\\\/landing-professional-waterproof-pad\\\/#breadcrumb\",\"itemListElement\":[{\"@type\":\"ListItem\",\"position\":1,\"name\":\"Home\",\"item\":\"https:\\\/\\\/www.ghostysky.com\\\/\"},{\"@type\":\"ListItem\",\"position\":2,\"name\":\"Shop\",\"item\":\"https:\\\/\\\/www.ghostysky.com\\\/shop\\\/\"},{\"@type\":\"ListItem\",\"position\":3,\"name\":\"Landing Professional &#038; Waterproof Pad\"}]},{\"@type\":\"WebSite\",\"@id\":\"https:\\\/\\\/www.ghostysky.com\\\/#website\",\"url\":\"https:\\\/\\\/www.ghostysky.com\\\/\",\"name\":\"Ghostysky\",\"description\":\"Delivering professional drones and robotics solutions\",\"publisher\":{\"@id\":\"https:\\\/\\\/www.ghostysky.com\\\/#organization\"},\"potentialAction\":[{\"@type\":\"SearchAction\",\"target\":{\"@type\":\"EntryPoint\",\"urlTemplate\":\"https:\\\/\\\/www.ghostysky.com\\\/?s={search_term_string}\"},\"query-input\":{\"@type\":\"PropertyValueSpecification\",\"valueRequired\":true,\"valueName\":\"search_term_string\"}}],\"inLanguage\":\"es\"},{\"@type\":\"Organization\",\"@id\":\"https:\\\/\\\/www.ghostysky.com\\\/#organization\",\"name\":\"Ghostysky\",\"url\":\"https:\\\/\\\/www.ghostysky.com\\\/\",\"logo\":{\"@type\":\"ImageObject\",\"inLanguage\":\"es\",\"@id\":\"https:\\\/\\\/www.ghostysky.com\\\/#\\\/schema\\\/logo\\\/image\\\/\",\"url\":\"https:\\\/\\\/www.ghostysky.com\\\/wp-content\\\/uploads\\\/2020\\\/06\\\/cropped-ghostyskylogo_text_white2.png\",\"contentUrl\":\"https:\\\/\\\/www.ghostysky.com\\\/wp-content\\\/uploads\\\/2020\\\/06\\\/cropped-ghostyskylogo_text_white2.png\",\"width\":169,\"height\":56,\"caption\":\"Ghostysky\"},\"image\":{\"@id\":\"https:\\\/\\\/www.ghostysky.com\\\/#\\\/schema\\\/logo\\\/image\\\/\"},\"sameAs\":[\"https:\\\/\\\/www.facebook.com\\\/people\\\/Ghostysky\\\/100057676170234\\\/\",\"https:\\\/\\\/x.com\\\/Gh0stysky\",\"https:\\\/\\\/www.linkedin.com\\\/company\\\/34739653\",\"https:\\\/\\\/www.instagram.com\\\/gh0stysky\"]}]}<\/script>\n<!-- \/ Yoast SEO plugin. -->","yoast_head_json":{"title":"Plataforma de aterrizaje profesional e impermeable -","description":"Al usarlo para vuelos al aire libre, puede evitar interferencias externas con el dron y las c\u00e1maras durante el despegue y el aterrizaje. Tambi\u00e9n puede evitar que la h\u00e9lice sople polvo y suciedad.","robots":{"index":"index","follow":"follow","max-snippet":"max-snippet:-1","max-image-preview":"max-image-preview:large","max-video-preview":"max-video-preview:-1"},"canonical":"https:\/\/www.ghostysky.com\/es\/producto-2\/landing-professional-waterproof-pad\/","og_locale":"es_ES","og_type":"article","og_title":"Landing Professional & Waterproof Pad -","og_description":"Using for the outdoor flight, it can prevent external interference with the drone and cameras during take-off and landing.It can also prevent the propeller from blowing dust and dirty.","og_url":"https:\/\/www.ghostysky.com\/es\/producto-2\/landing-professional-waterproof-pad\/","og_site_name":"Ghostysky","article_publisher":"https:\/\/www.facebook.com\/people\/Ghostysky\/100057676170234\/","article_modified_time":"2023-12-20T08:11:05+00:00","og_image":[{"width":1000,"height":1000,"url":"https:\/\/www.ghostysky.com\/wp-content\/uploads\/2022\/09\/Pad1.webp","type":"image\/webp"}],"twitter_card":"summary_large_image","twitter_site":"@Gh0stysky","twitter_misc":{"Tiempo de lectura":"1 minuto"},"schema":{"@context":"https:\/\/schema.org","@graph":[{"@type":"WebPage","@id":"https:\/\/www.ghostysky.com\/product\/landing-professional-waterproof-pad\/","url":"https:\/\/www.ghostysky.com\/product\/landing-professional-waterproof-pad\/","name":"Plataforma de aterrizaje profesional e impermeable -","isPartOf":{"@id":"https:\/\/www.ghostysky.com\/#website"},"primaryImageOfPage":{"@id":"https:\/\/www.ghostysky.com\/product\/landing-professional-waterproof-pad\/#primaryimage"},"image":{"@id":"https:\/\/www.ghostysky.com\/product\/landing-professional-waterproof-pad\/#primaryimage"},"thumbnailUrl":"https:\/\/www.ghostysky.com\/wp-content\/uploads\/2022\/09\/Pad1.webp","datePublished":"2022-09-22T18:02:15+00:00","dateModified":"2023-12-20T08:11:05+00:00","description":"Al usarlo para vuelos al aire libre, puede evitar interferencias externas con el dron y las c\u00e1maras durante el despegue y el aterrizaje. Tambi\u00e9n puede evitar que la h\u00e9lice sople polvo y suciedad.","breadcrumb":{"@id":"https:\/\/www.ghostysky.com\/product\/landing-professional-waterproof-pad\/#breadcrumb"},"inLanguage":"es","potentialAction":[{"@type":"ReadAction","target":["https:\/\/www.ghostysky.com\/product\/landing-professional-waterproof-pad\/"]}]},{"@type":"ImageObject","inLanguage":"es","@id":"https:\/\/www.ghostysky.com\/product\/landing-professional-waterproof-pad\/#primaryimage","url":"https:\/\/www.ghostysky.com\/wp-content\/uploads\/2022\/09\/Pad1.webp","contentUrl":"https:\/\/www.ghostysky.com\/wp-content\/uploads\/2022\/09\/Pad1.webp","width":1000,"height":1000},{"@type":"BreadcrumbList","@id":"https:\/\/www.ghostysky.com\/product\/landing-professional-waterproof-pad\/#breadcrumb","itemListElement":[{"@type":"ListItem","position":1,"name":"Home","item":"https:\/\/www.ghostysky.com\/"},{"@type":"ListItem","position":2,"name":"Shop","item":"https:\/\/www.ghostysky.com\/shop\/"},{"@type":"ListItem","position":3,"name":"Landing Professional &#038; Waterproof Pad"}]},{"@type":"WebSite","@id":"https:\/\/www.ghostysky.com\/#website","url":"https:\/\/www.ghostysky.com\/","name":"Ghostysky","description":"Ofrecemos soluciones profesionales de drones y rob\u00f3tica.","publisher":{"@id":"https:\/\/www.ghostysky.com\/#organization"},"potentialAction":[{"@type":"SearchAction","target":{"@type":"EntryPoint","urlTemplate":"https:\/\/www.ghostysky.com\/?s={search_term_string}"},"query-input":{"@type":"PropertyValueSpecification","valueRequired":true,"valueName":"search_term_string"}}],"inLanguage":"es"},{"@type":"Organization","@id":"https:\/\/www.ghostysky.com\/#organization","name":"Ghostysky","url":"https:\/\/www.ghostysky.com\/","logo":{"@type":"ImageObject","inLanguage":"es","@id":"https:\/\/www.ghostysky.com\/#\/schema\/logo\/image\/","url":"https:\/\/www.ghostysky.com\/wp-content\/uploads\/2020\/06\/cropped-ghostyskylogo_text_white2.png","contentUrl":"https:\/\/www.ghostysky.com\/wp-content\/uploads\/2020\/06\/cropped-ghostyskylogo_text_white2.png","width":169,"height":56,"caption":"Ghostysky"},"image":{"@id":"https:\/\/www.ghostysky.com\/#\/schema\/logo\/image\/"},"sameAs":["https:\/\/www.facebook.com\/people\/Ghostysky\/100057676170234\/","https:\/\/x.com\/Gh0stysky","https:\/\/www.linkedin.com\/company\/34739653","https:\/\/www.instagram.com\/gh0stysky"]}]}},"_links":{"self":[{"href":"https:\/\/www.ghostysky.com\/es\/wp-json\/wp\/v2\/product\/8965","targetHints":{"allow":["GET"]}}],"collection":[{"href":"https:\/\/www.ghostysky.com\/es\/wp-json\/wp\/v2\/product"}],"about":[{"href":"https:\/\/www.ghostysky.com\/es\/wp-json\/wp\/v2\/types\/product"}],"replies":[{"embeddable":true,"href":"https:\/\/www.ghostysky.com\/es\/wp-json\/wp\/v2\/comments?post=8965"}],"version-history":[{"count":0,"href":"https:\/\/www.ghostysky.com\/es\/wp-json\/wp\/v2\/product\/8965\/revisions"}],"wp:featuredmedia":[{"embeddable":true,"href":"https:\/\/www.ghostysky.com\/es\/wp-json\/wp\/v2\/media\/8974"}],"wp:attachment":[{"href":"https:\/\/www.ghostysky.com\/es\/wp-json\/wp\/v2\/media?parent=8965"}],"wp:term":[{"taxonomy":"product_brand","embeddable":true,"href":"https:\/\/www.ghostysky.com\/es\/wp-json\/wp\/v2\/product_brand?post=8965"},{"taxonomy":"product_cat","embeddable":true,"href":"https:\/\/www.ghostysky.com\/es\/wp-json\/wp\/v2\/product_cat?post=8965"},{"taxonomy":"product_tag","embeddable":true,"href":"https:\/\/www.ghostysky.com\/es\/wp-json\/wp\/v2\/product_tag?post=8965"}],"curies":[{"name":"wp","href":"https:\/\/api.w.org\/{rel}","templated":true}]}}