{"id":4639,"date":"2022-03-14T01:20:22","date_gmt":"2022-03-14T01:20:22","guid":{"rendered":"https:\/\/www.ghostysky.com\/?page_id=4639"},"modified":"2023-07-15T11:35:16","modified_gmt":"2023-07-15T11:35:16","slug":"privacy-policy-2","status":"publish","type":"page","link":"https:\/\/www.ghostysky.com\/fr\/privacy-policy-2\/","title":{"rendered":"politique de confidentialit\u00e9"},"content":{"rendered":"<h6 class=\"wp-block-heading\" style=\"font-size:14px\">Derni\u00e8re mise \u00e0 jour\u00a0: 9 mars 2022<\/h6>\n\n\n\n<h6 class=\"wp-block-heading\" style=\"font-size:14px\">Ghostysky-Professional Unmanned Aerial Solutions (\u00ab nous \u00bb, \u00ab notre \u00bb ou \u00ab nos \u00bb) exploite le site Web Ghostysky-Professional Unmanned Aerial Solutions (le \u00ab Service \u00bb).<\/h6>\n\n\n\n<h6 class=\"wp-block-heading\" style=\"font-size:14px\">Cette page vous informe de nos politiques concernant la collecte, l&#039;utilisation et la divulgation des informations personnelles lorsque vous utilisez notre service.<\/h6>\n\n\n\n<h6 class=\"wp-block-heading\" style=\"font-size:14px\">Nous n&#039;utiliserons ni ne partagerons vos informations avec qui que ce soit, sauf comme d\u00e9crit dans la pr\u00e9sente politique de confidentialit\u00e9.<\/h6>\n\n\n\n<h6 class=\"wp-block-heading\" style=\"font-size:14px\">Nous utilisons vos informations personnelles pour fournir et am\u00e9liorer le Service. En utilisant le Service, vous acceptez la collecte et l&#039;utilisation de vos informations conform\u00e9ment \u00e0 la pr\u00e9sente politique. Sauf d\u00e9finition contraire dans la pr\u00e9sente Politique de confidentialit\u00e9, les termes utilis\u00e9s dans la pr\u00e9sente Politique de confidentialit\u00e9 ont la m\u00eame signification que dans nos Conditions g\u00e9n\u00e9rales, accessibles \u00e0 l&#039;adresse suivante\u00a0: <a href=\"https:\/\/www.ghostysky.com\/fr\/\">https:\/\/www.ghostysky.com<\/a><\/h6>\n\n\n\n<h5 class=\"wp-block-heading\"><strong>Collecte et utilisation des informations<\/strong><\/h5>\n\n\n\n<h5 class=\"wp-block-heading\" style=\"font-size:14px\">Lors de l&#039;utilisation de notre Service, nous pouvons vous demander de nous fournir certaines informations personnelles permettant de vous contacter ou de vous identifier. Ces informations personnelles (les \u00ab\u00a0Informations Personnelles\u00a0\u00bb) peuvent inclure, sans s&#039;y limiter\u00a0:<\/h5>\n\n\n\n<ul class=\"wp-block-list\" style=\"font-size:14px\">\n<li>Nom<\/li>\n\n\n\n<li>Adresse email<\/li>\n\n\n\n<li>Num\u00e9ro de t\u00e9l\u00e9phone<\/li>\n\n\n\n<li>Adresse<\/li>\n<\/ul>\n\n\n\n<h5 class=\"wp-block-heading\"><strong>Donn\u00e9es du journal<\/strong><\/h5>\n\n\n\n<h5 class=\"wp-block-heading\" style=\"font-size:14px\">Nous collectons les informations que votre navigateur envoie lorsque vous visitez notre Service (\u00ab\u00a0Donn\u00e9es de journal\u00a0\u00bb). Ces donn\u00e9es peuvent inclure des informations telles que l&#039;adresse IP de votre ordinateur, le type et la version de votre navigateur, les pages de notre Service que vous consultez, la date et l&#039;heure de votre visite, le temps pass\u00e9 sur ces pages et d&#039;autres statistiques.<\/h5>\n\n\n\n<h5 class=\"wp-block-heading\"><strong>Cookies<\/strong><\/h5>\n\n\n\n<h5 class=\"wp-block-heading\" style=\"font-size:14px\">Les cookies sont des fichiers contenant une petite quantit\u00e9 de donn\u00e9es, pouvant inclure un identifiant unique anonyme. Ils sont envoy\u00e9s \u00e0 votre navigateur par un site web et stock\u00e9s sur le disque dur de votre ordinateur.<\/h5>\n\n\n\n<h5 class=\"wp-block-heading\" style=\"font-size:14px\">Nous utilisons des cookies pour collecter des informations. Vous pouvez configurer votre navigateur pour qu&#039;il refuse tous les cookies ou vous avertisse lorsqu&#039;un cookie est envoy\u00e9. Cependant, si vous refusez les cookies, vous risquez de ne pas pouvoir utiliser certaines parties de notre Service.<\/h5>\n\n\n\n<h5 class=\"wp-block-heading\"><strong>Fournisseurs de services<\/strong><\/h5>\n\n\n\n<h5 class=\"wp-block-heading\" style=\"font-size:14px\">Nous pouvons employer des soci\u00e9t\u00e9s et des personnes tierces pour faciliter notre Service, pour fournir le Service en notre nom, pour ex\u00e9cuter des services li\u00e9s au Service ou pour nous aider \u00e0 analyser la mani\u00e8re dont notre Service est utilis\u00e9.<\/h5>\n\n\n\n<h5 class=\"wp-block-heading\" style=\"font-size:14px\">Ces tiers ont acc\u00e8s \u00e0 vos informations personnelles uniquement pour effectuer ces t\u00e2ches en notre nom et sont tenus de ne pas les divulguer ou les utiliser \u00e0 d&#039;autres fins.<\/h5>\n\n\n\n<h5 class=\"wp-block-heading\"><strong>S\u00e9curit\u00e9<\/strong><\/h5>\n\n\n\n<h5 class=\"wp-block-heading\" style=\"font-size:14px\">La s\u00e9curit\u00e9 de vos informations personnelles est notre priorit\u00e9. Cependant, n&#039;oubliez pas qu&#039;aucune m\u00e9thode de transmission sur Internet ni de stockage \u00e9lectronique n&#039;est totalement s\u00fbre. Bien que nous nous efforcions d&#039;utiliser des moyens commercialement acceptables pour prot\u00e9ger vos informations personnelles, nous ne pouvons garantir leur s\u00e9curit\u00e9 absolue.<\/h5>\n\n\n\n<h5 class=\"wp-block-heading\"><strong>Liens vers d&#039;autres sites<\/strong><\/h5>\n\n\n\n<h5 class=\"wp-block-heading\" style=\"font-size:14px\">Notre service peut contenir des liens vers d\u2019autres sites qui ne sont pas exploit\u00e9s par nous. <\/h5>\n\n\n\n<h5 class=\"wp-block-heading\" style=\"font-size:14px\">Si vous cliquez sur un lien tiers, vous serez redirig\u00e9 vers le site de ce tiers. Nous vous recommandons vivement de consulter la politique de confidentialit\u00e9 de chaque site que vous consultez. Nous n&#039;avons aucun contr\u00f4le sur le contenu, les politiques de confidentialit\u00e9 ou les pratiques des sites ou services tiers et d\u00e9clinons toute responsabilit\u00e9 \u00e0 leur \u00e9gard.<\/h5>\n\n\n\n<h5 class=\"wp-block-heading\"><strong>Confidentialit\u00e9 des enfants<\/strong><\/h5>\n\n\n\n<h5 class=\"wp-block-heading\" style=\"font-size:14px\">Notre service ne s&#039;adresse pas aux personnes de moins de 18 ans (\u00ab Enfants \u00bb).W<\/h5>\n\n\n\n<h5 class=\"wp-block-heading\" style=\"font-size:14px\">Nous ne collectons pas sciemment d&#039;informations personnelles identifiables aupr\u00e8s d&#039;enfants de moins de 18 ans. Si vous \u00eates parent ou tuteur et que vous savez que votre enfant nous a fourni des informations personnelles, veuillez nous contacter. Si nous d\u00e9couvrons qu&#039;un enfant de moins de 18 ans nous a fourni des informations personnelles, nous supprimerons imm\u00e9diatement ces informations de nos serveurs.<\/h5>\n\n\n\n<h5 class=\"wp-block-heading\"><strong>Conformit\u00e9 aux lois<\/strong><\/h5>\n\n\n\n<h5 class=\"wp-block-heading\" style=\"font-size:14px\">Nous divulguerons vos informations personnelles lorsque la loi ou une assignation \u00e0 compara\u00eetre l&#039;exige.<\/h5>\n\n\n\n<h5 class=\"wp-block-heading\"><strong>Modifications apport\u00e9es \u00e0 cette politique de confidentialit\u00e9<\/strong><\/h5>\n\n\n\n<h5 class=\"wp-block-heading\" style=\"font-size:14px\">Nous sommes susceptibles de mettre \u00e0 jour notre Politique de confidentialit\u00e9 de temps \u00e0 autre. Nous vous informerons de toute modification en publiant la nouvelle Politique de confidentialit\u00e9 sur cette page.<\/h5>\n\n\n\n<h5 class=\"wp-block-heading\" style=\"font-size:14px\">Nous vous conseillons de consulter r\u00e9guli\u00e8rement cette Politique de confidentialit\u00e9 pour prendre connaissance de toute modification. Les modifications apport\u00e9es \u00e0 cette Politique de confidentialit\u00e9 entrent en vigueur d\u00e8s leur publication sur cette page.<\/h5>\n\n\n\n<h5 class=\"wp-block-heading\"><strong>Contactez-nous<\/strong><\/h5>\n\n\n\n<h5 class=\"wp-block-heading\" style=\"font-size:14px\">Si vous avez des questions sur cette politique de confidentialit\u00e9, veuillez nous contacter \u2013 <a rel=\"noreferrer noopener\" href=\"mailto:info@ghostysky.com\" target=\"_blank\">info@ghostysky.com<\/a>.<\/h5>","protected":false},"excerpt":{"rendered":"<p>Last updated: March 9, 2022 Ghostysky-Professional Unmanned Aerial Solutions (\u201cus\u201d, \u201cwe\u201d, or \u201cour\u201d) operates the Ghostysky-Professional Unmanned Aerial Solutions website [&hellip;]<\/p>\n","protected":false},"author":27,"featured_media":0,"parent":0,"menu_order":0,"comment_status":"closed","ping_status":"closed","template":"page-templates\/template_fullwidth.php","meta":{"footnotes":""},"class_list":["post-4639","page","type-page","status-publish","hentry"],"yoast_head":"<!-- This site is optimized with the Yoast SEO plugin v27.4 - https:\/\/yoast.com\/product\/yoast-seo-wordpress\/ -->\n<title>Privacy Policy - Ghostysky<\/title>\n<meta name=\"description\" content=\"Private Policy of data registered and saved in Ghostysky website.\" \/>\n<meta name=\"robots\" content=\"index, follow, max-snippet:-1, max-image-preview:large, max-video-preview:-1\" \/>\n<link rel=\"canonical\" href=\"https:\/\/www.ghostysky.com\/fr\/privacy-policy-2\/\" \/>\n<meta property=\"og:locale\" content=\"fr_FR\" \/>\n<meta property=\"og:type\" content=\"article\" \/>\n<meta property=\"og:title\" content=\"Privacy Policy - Ghostysky\" \/>\n<meta property=\"og:description\" content=\"Private Policy of data registered and saved in Ghostysky website.\" \/>\n<meta property=\"og:url\" content=\"https:\/\/www.ghostysky.com\/fr\/privacy-policy-2\/\" \/>\n<meta property=\"og:site_name\" content=\"Ghostysky\" \/>\n<meta property=\"article:publisher\" content=\"https:\/\/www.facebook.com\/people\/Ghostysky\/100057676170234\/\" \/>\n<meta property=\"article:modified_time\" content=\"2023-07-15T11:35:16+00:00\" \/>\n<meta property=\"og:image\" content=\"https:\/\/www.ghostysky.com\/wp-content\/uploads\/2020\/06\/ghostyskylogo_text.png\" \/>\n\t<meta property=\"og:image:width\" content=\"1368\" \/>\n\t<meta property=\"og:image:height\" content=\"454\" \/>\n\t<meta property=\"og:image:type\" content=\"image\/png\" \/>\n<meta name=\"twitter:card\" content=\"summary_large_image\" \/>\n<meta name=\"twitter:site\" content=\"@Gh0stysky\" \/>\n<meta name=\"twitter:label1\" content=\"Dur\u00e9e de lecture estim\u00e9e\" \/>\n\t<meta name=\"twitter:data1\" content=\"3 minutes\" \/>\n<script type=\"application\/ld+json\" class=\"yoast-schema-graph\">{\"@context\":\"https:\\\/\\\/schema.org\",\"@graph\":[{\"@type\":\"WebPage\",\"@id\":\"https:\\\/\\\/www.ghostysky.com\\\/privacy-policy-2\\\/\",\"url\":\"https:\\\/\\\/www.ghostysky.com\\\/privacy-policy-2\\\/\",\"name\":\"Privacy Policy - Ghostysky\",\"isPartOf\":{\"@id\":\"https:\\\/\\\/www.ghostysky.com\\\/#website\"},\"datePublished\":\"2022-03-14T01:20:22+00:00\",\"dateModified\":\"2023-07-15T11:35:16+00:00\",\"description\":\"Private Policy of data registered and saved in Ghostysky website.\",\"breadcrumb\":{\"@id\":\"https:\\\/\\\/www.ghostysky.com\\\/privacy-policy-2\\\/#breadcrumb\"},\"inLanguage\":\"fr-FR\",\"potentialAction\":[{\"@type\":\"ReadAction\",\"target\":[\"https:\\\/\\\/www.ghostysky.com\\\/privacy-policy-2\\\/\"]}]},{\"@type\":\"BreadcrumbList\",\"@id\":\"https:\\\/\\\/www.ghostysky.com\\\/privacy-policy-2\\\/#breadcrumb\",\"itemListElement\":[{\"@type\":\"ListItem\",\"position\":1,\"name\":\"Home\",\"item\":\"https:\\\/\\\/www.ghostysky.com\\\/\"},{\"@type\":\"ListItem\",\"position\":2,\"name\":\"Privacy Policy\"}]},{\"@type\":\"WebSite\",\"@id\":\"https:\\\/\\\/www.ghostysky.com\\\/#website\",\"url\":\"https:\\\/\\\/www.ghostysky.com\\\/\",\"name\":\"Ghostysky\",\"description\":\"Delivering professional drones and robotics solutions\",\"publisher\":{\"@id\":\"https:\\\/\\\/www.ghostysky.com\\\/#organization\"},\"potentialAction\":[{\"@type\":\"SearchAction\",\"target\":{\"@type\":\"EntryPoint\",\"urlTemplate\":\"https:\\\/\\\/www.ghostysky.com\\\/?s={search_term_string}\"},\"query-input\":{\"@type\":\"PropertyValueSpecification\",\"valueRequired\":true,\"valueName\":\"search_term_string\"}}],\"inLanguage\":\"fr-FR\"},{\"@type\":\"Organization\",\"@id\":\"https:\\\/\\\/www.ghostysky.com\\\/#organization\",\"name\":\"Ghostysky\",\"url\":\"https:\\\/\\\/www.ghostysky.com\\\/\",\"logo\":{\"@type\":\"ImageObject\",\"inLanguage\":\"fr-FR\",\"@id\":\"https:\\\/\\\/www.ghostysky.com\\\/#\\\/schema\\\/logo\\\/image\\\/\",\"url\":\"https:\\\/\\\/www.ghostysky.com\\\/wp-content\\\/uploads\\\/2020\\\/06\\\/cropped-ghostyskylogo_text_white2.png\",\"contentUrl\":\"https:\\\/\\\/www.ghostysky.com\\\/wp-content\\\/uploads\\\/2020\\\/06\\\/cropped-ghostyskylogo_text_white2.png\",\"width\":169,\"height\":56,\"caption\":\"Ghostysky\"},\"image\":{\"@id\":\"https:\\\/\\\/www.ghostysky.com\\\/#\\\/schema\\\/logo\\\/image\\\/\"},\"sameAs\":[\"https:\\\/\\\/www.facebook.com\\\/people\\\/Ghostysky\\\/100057676170234\\\/\",\"https:\\\/\\\/x.com\\\/Gh0stysky\",\"https:\\\/\\\/www.linkedin.com\\\/company\\\/34739653\",\"https:\\\/\\\/www.instagram.com\\\/gh0stysky\"]}]}<\/script>\n<!-- \/ Yoast SEO plugin. -->","yoast_head_json":{"title":"Politique de confidentialit\u00e9 - Ghostysky","description":"Politique de confidentialit\u00e9 des donn\u00e9es enregistr\u00e9es et sauvegard\u00e9es sur le site Ghostysky.","robots":{"index":"index","follow":"follow","max-snippet":"max-snippet:-1","max-image-preview":"max-image-preview:large","max-video-preview":"max-video-preview:-1"},"canonical":"https:\/\/www.ghostysky.com\/fr\/privacy-policy-2\/","og_locale":"fr_FR","og_type":"article","og_title":"Privacy Policy - Ghostysky","og_description":"Private Policy of data registered and saved in Ghostysky website.","og_url":"https:\/\/www.ghostysky.com\/fr\/privacy-policy-2\/","og_site_name":"Ghostysky","article_publisher":"https:\/\/www.facebook.com\/people\/Ghostysky\/100057676170234\/","article_modified_time":"2023-07-15T11:35:16+00:00","og_image":[{"width":1368,"height":454,"url":"https:\/\/www.ghostysky.com\/wp-content\/uploads\/2020\/06\/ghostyskylogo_text.png","type":"image\/png"}],"twitter_card":"summary_large_image","twitter_site":"@Gh0stysky","twitter_misc":{"Dur\u00e9e de lecture estim\u00e9e":"3 minutes"},"schema":{"@context":"https:\/\/schema.org","@graph":[{"@type":"WebPage","@id":"https:\/\/www.ghostysky.com\/privacy-policy-2\/","url":"https:\/\/www.ghostysky.com\/privacy-policy-2\/","name":"Politique de confidentialit\u00e9 - Ghostysky","isPartOf":{"@id":"https:\/\/www.ghostysky.com\/#website"},"datePublished":"2022-03-14T01:20:22+00:00","dateModified":"2023-07-15T11:35:16+00:00","description":"Politique de confidentialit\u00e9 des donn\u00e9es enregistr\u00e9es et sauvegard\u00e9es sur le site Ghostysky.","breadcrumb":{"@id":"https:\/\/www.ghostysky.com\/privacy-policy-2\/#breadcrumb"},"inLanguage":"fr-FR","potentialAction":[{"@type":"ReadAction","target":["https:\/\/www.ghostysky.com\/privacy-policy-2\/"]}]},{"@type":"BreadcrumbList","@id":"https:\/\/www.ghostysky.com\/privacy-policy-2\/#breadcrumb","itemListElement":[{"@type":"ListItem","position":1,"name":"Home","item":"https:\/\/www.ghostysky.com\/"},{"@type":"ListItem","position":2,"name":"Privacy Policy"}]},{"@type":"WebSite","@id":"https:\/\/www.ghostysky.com\/#website","url":"https:\/\/www.ghostysky.com\/","name":"Ghostysky","description":"Fourniture de solutions professionnelles en mati\u00e8re de drones et de robotique","publisher":{"@id":"https:\/\/www.ghostysky.com\/#organization"},"potentialAction":[{"@type":"SearchAction","target":{"@type":"EntryPoint","urlTemplate":"https:\/\/www.ghostysky.com\/?s={search_term_string}"},"query-input":{"@type":"PropertyValueSpecification","valueRequired":true,"valueName":"search_term_string"}}],"inLanguage":"fr-FR"},{"@type":"Organization","@id":"https:\/\/www.ghostysky.com\/#organization","name":"Ghostysky","url":"https:\/\/www.ghostysky.com\/","logo":{"@type":"ImageObject","inLanguage":"fr-FR","@id":"https:\/\/www.ghostysky.com\/#\/schema\/logo\/image\/","url":"https:\/\/www.ghostysky.com\/wp-content\/uploads\/2020\/06\/cropped-ghostyskylogo_text_white2.png","contentUrl":"https:\/\/www.ghostysky.com\/wp-content\/uploads\/2020\/06\/cropped-ghostyskylogo_text_white2.png","width":169,"height":56,"caption":"Ghostysky"},"image":{"@id":"https:\/\/www.ghostysky.com\/#\/schema\/logo\/image\/"},"sameAs":["https:\/\/www.facebook.com\/people\/Ghostysky\/100057676170234\/","https:\/\/x.com\/Gh0stysky","https:\/\/www.linkedin.com\/company\/34739653","https:\/\/www.instagram.com\/gh0stysky"]}]}},"_links":{"self":[{"href":"https:\/\/www.ghostysky.com\/fr\/wp-json\/wp\/v2\/pages\/4639","targetHints":{"allow":["GET"]}}],"collection":[{"href":"https:\/\/www.ghostysky.com\/fr\/wp-json\/wp\/v2\/pages"}],"about":[{"href":"https:\/\/www.ghostysky.com\/fr\/wp-json\/wp\/v2\/types\/page"}],"author":[{"embeddable":true,"href":"https:\/\/www.ghostysky.com\/fr\/wp-json\/wp\/v2\/users\/27"}],"replies":[{"embeddable":true,"href":"https:\/\/www.ghostysky.com\/fr\/wp-json\/wp\/v2\/comments?post=4639"}],"version-history":[{"count":0,"href":"https:\/\/www.ghostysky.com\/fr\/wp-json\/wp\/v2\/pages\/4639\/revisions"}],"wp:attachment":[{"href":"https:\/\/www.ghostysky.com\/fr\/wp-json\/wp\/v2\/media?parent=4639"}],"curies":[{"name":"wp","href":"https:\/\/api.w.org\/{rel}","templated":true}]}}