{"id":10050,"date":"2022-10-03T19:17:12","date_gmt":"2022-10-03T19:17:12","guid":{"rendered":"https:\/\/www.ghostysky.com\/?post_type=product&#038;p=10050"},"modified":"2024-06-19T15:07:59","modified_gmt":"2024-06-19T15:07:59","slug":"dji-mavic-3-enterprise-plus-combo","status":"publish","type":"product","link":"https:\/\/www.ghostysky.com\/fr\/product\/dji-mavic-3-enterprise-plus-combo\/","title":{"rendered":"DJI Mavic 3E (Enterprise) Worry-Free Plus Combo \u2013 1 an"},"content":{"rendered":"<p><a href=\"https:\/\/www.ghostysky.com\/wp-content\/uploads\/2022\/10\/Mavic3Ent_1.jpg\"><img fetchpriority=\"high\" decoding=\"async\" class=\"alignnone wp-image-10056\" src=\"https:\/\/www.ghostysky.com\/wp-content\/uploads\/2022\/10\/Mavic3Ent_1-1024x492.jpg\" alt=\"\" width=\"588\" height=\"282\" srcset=\"https:\/\/www.ghostysky.com\/wp-content\/uploads\/2022\/10\/Mavic3Ent_1-1024x492.jpg 1024w, https:\/\/www.ghostysky.com\/wp-content\/uploads\/2022\/10\/Mavic3Ent_1-300x144.jpg 300w, https:\/\/www.ghostysky.com\/wp-content\/uploads\/2022\/10\/Mavic3Ent_1-768x369.jpg 768w, https:\/\/www.ghostysky.com\/wp-content\/uploads\/2022\/10\/Mavic3Ent_1-18x9.jpg 18w, https:\/\/www.ghostysky.com\/wp-content\/uploads\/2022\/10\/Mavic3Ent_1-720x346.jpg 720w, https:\/\/www.ghostysky.com\/wp-content\/uploads\/2022\/10\/Mavic3Ent_1-600x289.jpg 600w, https:\/\/www.ghostysky.com\/wp-content\/uploads\/2022\/10\/Mavic3Ent_1.jpg 1100w\" sizes=\"(max-width: 588px) 100vw, 588px\" \/><\/a><\/p>\n<p><strong>L\u00e9ger et portable<\/strong><\/p>\n<ul>\n<li>Une conception l\u00e9g\u00e8re, compacte et pliable le rend facile \u00e0 transporter pour une utilisation en solo, permettant des d\u00e9ploiements rapides pour plus de flexibilit\u00e9.<\/li>\n<\/ul>\n<p><strong>Volez plus longtemps, chargez plus vite<\/strong><\/p>\n<ul>\n<li>Une autonomie de vol de 45 minutes vous permet de parcourir plus de terrain en un seul vol pour une efficacit\u00e9 accrue. Les batteries se rechargent rapidement gr\u00e2ce \u00e0 une station de charge de 100 W.<\/li>\n<\/ul>\n<p><strong>D\u00e9tection omnidirectionnelle<\/strong><\/p>\n<ul>\n<li>\u00c9quip\u00e9 d&#039;objectifs grand angle sur tous les c\u00f4t\u00e9s et APAS 5.0 pour \u00e9viter les obstacles omnidirectionnels avec z\u00e9ro angle mort.<\/li>\n<\/ul>\n<p><strong>Options d&#039;extension infinies<\/strong><\/p>\n<ul>\n<li>Un haut-parleur en option, un module RTK, un dongle cellulaire DJI et d&#039;autres accessoires officiels sont disponibles pour en faire plus dans les airs.<\/li>\n<\/ul>\n<p><strong>Charges utiles puissantes<\/strong><\/p>\n<ul>\n<li>Une cam\u00e9ra zoom pour un zoom hybride 56x, une cam\u00e9ra grand angle CMOS 4\/3 pour une cartographie de haute pr\u00e9cision et une cam\u00e9ra thermique pour l&#039;inspection des sources de chaleur.<\/li>\n<\/ul>\n<p><strong>Dans la bo\u00eete<\/strong><\/p>\n<ul>\n<li>Avion Mavic 3 Enterprise -1x<\/li>\n<li>Batterie de vol intelligente Mavic 3 \u2013 1x<\/li>\n<li>Carte MicroSD 64 Go \u2013 1x<\/li>\n<li>Protecteur de cardan \u2013 1x<\/li>\n<li>H\u00e9lices Mavic 3 Enterprise Series (paire) \u2013 3x<\/li>\n<li>RC Pro Entreprise \u2013 1x<\/li>\n<li>Tournevis \u2013 1x<\/li>\n<li>Adaptateur secteur USB-C (100 W) \u2013 1x<\/li>\n<li>Adaptateur secteur 100 W avec c\u00e2ble CA \u2013 1x<\/li>\n<li>C\u00e2ble USB-C \u2013 1x<\/li>\n<li>C\u00e2ble USB-C vers USB-C \u2013 1x<\/li>\n<li>\u00c9tui de protection \u2013 1x<\/li>\n<li>Module RTK \u2013 1x<\/li>\n<li>Kit de batterie pour DJI Mavic 3 Enterprise Series \u2013 1x<\/li>\n<li>Mise \u00e0 niveau DJI Care Enterprise Plus \u2013 1x<\/li>\n<\/ul>","protected":false},"excerpt":{"rendered":"<ul>\n<li>Compact et portable, pesant seulement 915 g<\/li>\n<li>Cam\u00e9ra grand angle 4\/3 CMOS 20 MP avec obturateur m\u00e9canique<\/li>\n<li>Zoom hybride 56x<\/li>\n<li>Dur\u00e9e maximale du vol : 45 minutes<\/li>\n<li>Transmission d&#039;images DJI O3 Entreprise<\/li>\n<li>\u00c9vitement d&#039;obstacles omnidirectionnel<\/li>\n<\/ul>\n<p>-&gt; <strong>DJI Mavic 3E Worry-Free Basic Combo \u2013 1 an<\/strong><\/p>\n<p>-&gt; <strong>DJI Mavic 3E Worry-Free Basic Combo \u2013 2 ans<\/strong><\/p>\n<p>-&gt; <strong>Combo DJI Mavic 3E Worry-Free Plus<\/strong><\/p>","protected":false},"featured_media":10055,"comment_status":"open","ping_status":"closed","template":"","meta":[],"product_brand":[],"product_cat":[37,429,29,431],"product_tag":[42,434,432,433,618],"class_list":{"0":"post-10050","1":"product","2":"type-product","3":"status-publish","4":"has-post-thumbnail","6":"product_cat-dji","7":"product_cat-dji-mavic3-ent","8":"product_cat-drones","9":"product_cat-drones-dji-mavic3-ent","10":"product_tag-dji","11":"product_tag-dji-mavic-3-enterprise","12":"product_tag-dji-mavic3","13":"product_tag-dji-mavic3-drone","14":"product_tag-worry-free-plus-combo","16":"first","17":"instock","18":"taxable","19":"shipping-taxable","20":"purchasable","21":"product-type-simple"},"yoast_head":"<!-- This site is optimized with the Yoast SEO plugin v27.1.1 - https:\/\/yoast.com\/product\/yoast-seo-wordpress\/ -->\n<title>DJI Mavic 3E (Enterprise) Worry-Free Plus Combo \u2013 1 Year -<\/title>\n<meta name=\"description\" content=\"Compact and portable, weighing only 915 g4\/3 CMOS 20-MP wide cam with mechanical shutter56x hybrid zoom45-minute maximum flight time\" \/>\n<meta name=\"robots\" content=\"index, follow, max-snippet:-1, max-image-preview:large, max-video-preview:-1\" \/>\n<link rel=\"canonical\" href=\"https:\/\/www.ghostysky.com\/fr\/product\/dji-mavic-3-enterprise-plus-combo\/\" \/>\n<meta property=\"og:locale\" content=\"fr_FR\" \/>\n<meta property=\"og:type\" content=\"article\" \/>\n<meta property=\"og:title\" content=\"DJI Mavic 3E (Enterprise) Worry-Free Plus Combo \u2013 1 Year -\" \/>\n<meta property=\"og:description\" content=\"Compact and portable, weighing only 915 g4\/3 CMOS 20-MP wide cam with mechanical shutter56x hybrid zoom45-minute maximum flight time\" \/>\n<meta property=\"og:url\" content=\"https:\/\/www.ghostysky.com\/fr\/product\/dji-mavic-3-enterprise-plus-combo\/\" \/>\n<meta property=\"og:site_name\" content=\"Ghostysky\" \/>\n<meta property=\"article:publisher\" content=\"https:\/\/www.facebook.com\/people\/Ghostysky\/100057676170234\/\" \/>\n<meta property=\"article:modified_time\" content=\"2024-06-19T15:07:59+00:00\" \/>\n<meta property=\"og:image\" content=\"https:\/\/www.ghostysky.com\/wp-content\/uploads\/2022\/10\/mavic3_enterprise_1.webp\" \/>\n\t<meta property=\"og:image:width\" content=\"700\" \/>\n\t<meta property=\"og:image:height\" content=\"700\" \/>\n\t<meta property=\"og:image:type\" content=\"image\/webp\" \/>\n<meta name=\"twitter:card\" content=\"summary_large_image\" \/>\n<meta name=\"twitter:site\" content=\"@Gh0stysky\" \/>\n<meta name=\"twitter:label1\" content=\"Dur\u00e9e de lecture estim\u00e9e\" \/>\n\t<meta name=\"twitter:data1\" content=\"2 minutes\" \/>\n<script type=\"application\/ld+json\" class=\"yoast-schema-graph\">{\"@context\":\"https:\/\/schema.org\",\"@graph\":[{\"@type\":\"WebPage\",\"@id\":\"https:\/\/www.ghostysky.com\/product\/dji-mavic-3-enterprise-plus-combo\/\",\"url\":\"https:\/\/www.ghostysky.com\/product\/dji-mavic-3-enterprise-plus-combo\/\",\"name\":\"DJI Mavic 3E (Enterprise) Worry-Free Plus Combo \u2013 1 Year -\",\"isPartOf\":{\"@id\":\"https:\/\/www.ghostysky.com\/#website\"},\"primaryImageOfPage\":{\"@id\":\"https:\/\/www.ghostysky.com\/product\/dji-mavic-3-enterprise-plus-combo\/#primaryimage\"},\"image\":{\"@id\":\"https:\/\/www.ghostysky.com\/product\/dji-mavic-3-enterprise-plus-combo\/#primaryimage\"},\"thumbnailUrl\":\"https:\/\/www.ghostysky.com\/wp-content\/uploads\/2022\/10\/mavic3_enterprise_1.webp\",\"datePublished\":\"2022-10-03T19:17:12+00:00\",\"dateModified\":\"2024-06-19T15:07:59+00:00\",\"description\":\"Compact and portable, weighing only 915 g4\/3 CMOS 20-MP wide cam with mechanical shutter56x hybrid zoom45-minute maximum flight time\",\"breadcrumb\":{\"@id\":\"https:\/\/www.ghostysky.com\/product\/dji-mavic-3-enterprise-plus-combo\/#breadcrumb\"},\"inLanguage\":\"fr-FR\",\"potentialAction\":[{\"@type\":\"ReadAction\",\"target\":[\"https:\/\/www.ghostysky.com\/product\/dji-mavic-3-enterprise-plus-combo\/\"]}]},{\"@type\":\"ImageObject\",\"inLanguage\":\"fr-FR\",\"@id\":\"https:\/\/www.ghostysky.com\/product\/dji-mavic-3-enterprise-plus-combo\/#primaryimage\",\"url\":\"https:\/\/www.ghostysky.com\/wp-content\/uploads\/2022\/10\/mavic3_enterprise_1.webp\",\"contentUrl\":\"https:\/\/www.ghostysky.com\/wp-content\/uploads\/2022\/10\/mavic3_enterprise_1.webp\",\"width\":700,\"height\":700},{\"@type\":\"BreadcrumbList\",\"@id\":\"https:\/\/www.ghostysky.com\/product\/dji-mavic-3-enterprise-plus-combo\/#breadcrumb\",\"itemListElement\":[{\"@type\":\"ListItem\",\"position\":1,\"name\":\"Home\",\"item\":\"https:\/\/www.ghostysky.com\/\"},{\"@type\":\"ListItem\",\"position\":2,\"name\":\"Shop\",\"item\":\"https:\/\/www.ghostysky.com\/shop\/\"},{\"@type\":\"ListItem\",\"position\":3,\"name\":\"DJI Mavic 3E (Enterprise) Worry-Free Plus Combo \u2013 1 Year\"}]},{\"@type\":\"WebSite\",\"@id\":\"https:\/\/www.ghostysky.com\/#website\",\"url\":\"https:\/\/www.ghostysky.com\/\",\"name\":\"Ghostysky\",\"description\":\"Delivering professional drones and services\",\"publisher\":{\"@id\":\"https:\/\/www.ghostysky.com\/#organization\"},\"potentialAction\":[{\"@type\":\"SearchAction\",\"target\":{\"@type\":\"EntryPoint\",\"urlTemplate\":\"https:\/\/www.ghostysky.com\/?s={search_term_string}\"},\"query-input\":{\"@type\":\"PropertyValueSpecification\",\"valueRequired\":true,\"valueName\":\"search_term_string\"}}],\"inLanguage\":\"fr-FR\"},{\"@type\":\"Organization\",\"@id\":\"https:\/\/www.ghostysky.com\/#organization\",\"name\":\"Ghostysky\",\"url\":\"https:\/\/www.ghostysky.com\/\",\"logo\":{\"@type\":\"ImageObject\",\"inLanguage\":\"fr-FR\",\"@id\":\"https:\/\/www.ghostysky.com\/#\/schema\/logo\/image\/\",\"url\":\"https:\/\/www.ghostysky.com\/wp-content\/uploads\/2020\/06\/cropped-ghostyskylogo_text_white2.png\",\"contentUrl\":\"https:\/\/www.ghostysky.com\/wp-content\/uploads\/2020\/06\/cropped-ghostyskylogo_text_white2.png\",\"width\":169,\"height\":56,\"caption\":\"Ghostysky\"},\"image\":{\"@id\":\"https:\/\/www.ghostysky.com\/#\/schema\/logo\/image\/\"},\"sameAs\":[\"https:\/\/www.facebook.com\/people\/Ghostysky\/100057676170234\/\",\"https:\/\/x.com\/Gh0stysky\",\"https:\/\/www.linkedin.com\/company\/34739653\",\"https:\/\/www.instagram.com\/gh0stysky\"]}]}<\/script>\n<!-- \/ Yoast SEO plugin. -->","yoast_head_json":{"title":"DJI Mavic 3E (Enterprise) Worry-Free Plus Combo \u2013 1 an -","description":"Compact et portable, pesant seulement 915 gCam\u00e9ra grand angle 4\/3 CMOS 20 MP avec obturateur m\u00e9caniqueZoom hybride 56xTemps de vol maximal de 45 minutes","robots":{"index":"index","follow":"follow","max-snippet":"max-snippet:-1","max-image-preview":"max-image-preview:large","max-video-preview":"max-video-preview:-1"},"canonical":"https:\/\/www.ghostysky.com\/fr\/product\/dji-mavic-3-enterprise-plus-combo\/","og_locale":"fr_FR","og_type":"article","og_title":"DJI Mavic 3E (Enterprise) Worry-Free Plus Combo \u2013 1 Year -","og_description":"Compact and portable, weighing only 915 g4\/3 CMOS 20-MP wide cam with mechanical shutter56x hybrid zoom45-minute maximum flight time","og_url":"https:\/\/www.ghostysky.com\/fr\/product\/dji-mavic-3-enterprise-plus-combo\/","og_site_name":"Ghostysky","article_publisher":"https:\/\/www.facebook.com\/people\/Ghostysky\/100057676170234\/","article_modified_time":"2024-06-19T15:07:59+00:00","og_image":[{"width":700,"height":700,"url":"https:\/\/www.ghostysky.com\/wp-content\/uploads\/2022\/10\/mavic3_enterprise_1.webp","type":"image\/webp"}],"twitter_card":"summary_large_image","twitter_site":"@Gh0stysky","twitter_misc":{"Dur\u00e9e de lecture estim\u00e9e":"2 minutes"},"schema":{"@context":"https:\/\/schema.org","@graph":[{"@type":"WebPage","@id":"https:\/\/www.ghostysky.com\/product\/dji-mavic-3-enterprise-plus-combo\/","url":"https:\/\/www.ghostysky.com\/product\/dji-mavic-3-enterprise-plus-combo\/","name":"DJI Mavic 3E (Enterprise) Worry-Free Plus Combo \u2013 1 an -","isPartOf":{"@id":"https:\/\/www.ghostysky.com\/#website"},"primaryImageOfPage":{"@id":"https:\/\/www.ghostysky.com\/product\/dji-mavic-3-enterprise-plus-combo\/#primaryimage"},"image":{"@id":"https:\/\/www.ghostysky.com\/product\/dji-mavic-3-enterprise-plus-combo\/#primaryimage"},"thumbnailUrl":"https:\/\/www.ghostysky.com\/wp-content\/uploads\/2022\/10\/mavic3_enterprise_1.webp","datePublished":"2022-10-03T19:17:12+00:00","dateModified":"2024-06-19T15:07:59+00:00","description":"Compact et portable, pesant seulement 915 gCam\u00e9ra grand angle 4\/3 CMOS 20 MP avec obturateur m\u00e9caniqueZoom hybride 56xTemps de vol maximal de 45 minutes","breadcrumb":{"@id":"https:\/\/www.ghostysky.com\/product\/dji-mavic-3-enterprise-plus-combo\/#breadcrumb"},"inLanguage":"fr-FR","potentialAction":[{"@type":"ReadAction","target":["https:\/\/www.ghostysky.com\/product\/dji-mavic-3-enterprise-plus-combo\/"]}]},{"@type":"ImageObject","inLanguage":"fr-FR","@id":"https:\/\/www.ghostysky.com\/product\/dji-mavic-3-enterprise-plus-combo\/#primaryimage","url":"https:\/\/www.ghostysky.com\/wp-content\/uploads\/2022\/10\/mavic3_enterprise_1.webp","contentUrl":"https:\/\/www.ghostysky.com\/wp-content\/uploads\/2022\/10\/mavic3_enterprise_1.webp","width":700,"height":700},{"@type":"BreadcrumbList","@id":"https:\/\/www.ghostysky.com\/product\/dji-mavic-3-enterprise-plus-combo\/#breadcrumb","itemListElement":[{"@type":"ListItem","position":1,"name":"Home","item":"https:\/\/www.ghostysky.com\/"},{"@type":"ListItem","position":2,"name":"Shop","item":"https:\/\/www.ghostysky.com\/shop\/"},{"@type":"ListItem","position":3,"name":"DJI Mavic 3E (Enterprise) Worry-Free Plus Combo \u2013 1 Year"}]},{"@type":"WebSite","@id":"https:\/\/www.ghostysky.com\/#website","url":"https:\/\/www.ghostysky.com\/","name":"Ghostysky","description":"Livraison de drones et de services professionnels","publisher":{"@id":"https:\/\/www.ghostysky.com\/#organization"},"potentialAction":[{"@type":"SearchAction","target":{"@type":"EntryPoint","urlTemplate":"https:\/\/www.ghostysky.com\/?s={search_term_string}"},"query-input":{"@type":"PropertyValueSpecification","valueRequired":true,"valueName":"search_term_string"}}],"inLanguage":"fr-FR"},{"@type":"Organization","@id":"https:\/\/www.ghostysky.com\/#organization","name":"Ghostysky","url":"https:\/\/www.ghostysky.com\/","logo":{"@type":"ImageObject","inLanguage":"fr-FR","@id":"https:\/\/www.ghostysky.com\/#\/schema\/logo\/image\/","url":"https:\/\/www.ghostysky.com\/wp-content\/uploads\/2020\/06\/cropped-ghostyskylogo_text_white2.png","contentUrl":"https:\/\/www.ghostysky.com\/wp-content\/uploads\/2020\/06\/cropped-ghostyskylogo_text_white2.png","width":169,"height":56,"caption":"Ghostysky"},"image":{"@id":"https:\/\/www.ghostysky.com\/#\/schema\/logo\/image\/"},"sameAs":["https:\/\/www.facebook.com\/people\/Ghostysky\/100057676170234\/","https:\/\/x.com\/Gh0stysky","https:\/\/www.linkedin.com\/company\/34739653","https:\/\/www.instagram.com\/gh0stysky"]}]}},"_links":{"self":[{"href":"https:\/\/www.ghostysky.com\/fr\/wp-json\/wp\/v2\/product\/10050","targetHints":{"allow":["GET"]}}],"collection":[{"href":"https:\/\/www.ghostysky.com\/fr\/wp-json\/wp\/v2\/product"}],"about":[{"href":"https:\/\/www.ghostysky.com\/fr\/wp-json\/wp\/v2\/types\/product"}],"replies":[{"embeddable":true,"href":"https:\/\/www.ghostysky.com\/fr\/wp-json\/wp\/v2\/comments?post=10050"}],"wp:featuredmedia":[{"embeddable":true,"href":"https:\/\/www.ghostysky.com\/fr\/wp-json\/wp\/v2\/media\/10055"}],"wp:attachment":[{"href":"https:\/\/www.ghostysky.com\/fr\/wp-json\/wp\/v2\/media?parent=10050"}],"wp:term":[{"taxonomy":"product_brand","embeddable":true,"href":"https:\/\/www.ghostysky.com\/fr\/wp-json\/wp\/v2\/product_brand?post=10050"},{"taxonomy":"product_cat","embeddable":true,"href":"https:\/\/www.ghostysky.com\/fr\/wp-json\/wp\/v2\/product_cat?post=10050"},{"taxonomy":"product_tag","embeddable":true,"href":"https:\/\/www.ghostysky.com\/fr\/wp-json\/wp\/v2\/product_tag?post=10050"}],"curies":[{"name":"wp","href":"https:\/\/api.w.org\/{rel}","templated":true}]}}