{"id":10092,"date":"2022-10-03T20:01:56","date_gmt":"2022-10-03T20:01:56","guid":{"rendered":"https:\/\/www.ghostysky.com\/?post_type=product&#038;p=10092"},"modified":"2024-08-08T12:21:56","modified_gmt":"2024-08-08T12:21:56","slug":"dji-mavic-3-enterprise-series-speaker","status":"publish","type":"product","link":"https:\/\/www.ghostysky.com\/fr\/product\/dji-mavic-3-enterprise-series-speaker\/","title":{"rendered":"Haut-parleur DJI Mavic 3 Enterprise Series"},"content":{"rendered":"<table class=\"table table-responsive\">\n<tbody>\n<tr>\n<td>Aper\u00e7u<\/td>\n<td>Transmet le son sur de longues distances pour optimiser les op\u00e9rations de sauvetage et autres interventions d&#039;urgence. Permet de sauvegarder plusieurs enregistrements audio et prend en charge la lecture en boucle automatique.<\/td>\n<\/tr>\n<tr>\n<td>Points forts<\/td>\n<td>Transmet le son sur de longues distances pour optimiser les op\u00e9rations de sauvetage et autres interventions d&#039;urgence. Possibilit\u00e9 de sauvegarder des enregistrements audio et de les lire en boucle automatiquement.<\/td>\n<\/tr>\n<tr>\n<td>Conseils<\/td>\n<td>N&#039;utilisez PAS l&#039;enceinte trop pr\u00e8s de personnes ou dans des zones urbaines o\u00f9 sont concentr\u00e9es des structures sensibles au bruit, car le volume sonore pourrait entra\u00eener des accidents ou des blessures.<br \/>\nIl est recommand\u00e9 d&#039;utiliser la radiocommande DJI RC Pro Enterprise pour diffuser les voix ou d&#039;importer une source vocale pour un rendu optimal. Il est d\u00e9conseill\u00e9 de diffuser des sons monofr\u00e9quences, comme une alarme, afin d&#039;\u00e9viter des dommages irr\u00e9versibles au haut-parleur.<\/td>\n<\/tr>\n<tr>\n<td>Dans la bo\u00eete<\/td>\n<td>Haut-parleur \u00d71<\/td>\n<\/tr>\n<tr>\n<td>Caract\u00e9ristiques<\/td>\n<td>\n<ul>\n<li>Dimensions : 114,1 \u00d7 82,0 \u00d7 54,7 mm (L \u00d7 l \u00d7 H)<\/li>\n<li>Poids : 85\u00b12 g<\/li>\n<li>Interface : USB-C<\/li>\n<li>Puissance nominale : 3 W<\/li>\n<li>Volume maximal : 110 dB \u00e0 1 m*<\/li>\n<li>Distance de diffusion effective : 100 m \u00e0 70 dB*<\/li>\n<li>D\u00e9bit binaire : 16 Kbps\/32 Kbps<\/li>\n<li>Temp\u00e9rature de fonctionnement : -10\u00b0 \u00e0 40\u00b0C (14\u00b0 \u00e0 104\u00b0F)<\/li>\n<\/ul>\n<p>* Toutes les donn\u00e9es ont \u00e9t\u00e9 mesur\u00e9es en environnement exp\u00e9rimental et sont fournies \u00e0 titre indicatif uniquement. La situation r\u00e9elle peut varier l\u00e9g\u00e8rement en raison des diff\u00e9rentes versions de logiciels, sources sonores, types d&#039;environnement et autres conditions. Le r\u00e9sultat final d\u00e9pend de l&#039;utilisation r\u00e9elle.<\/td>\n<\/tr>\n<tr>\n<td>Compatibilit\u00e9<\/td>\n<td>\n<ul>\n<li>Avion DJI Mavic 3 Enterprise Series<\/li>\n<\/ul>\n<\/td>\n<\/tr>\n<\/tbody>\n<\/table>","protected":false},"excerpt":{"rendered":"<p>Transmet le son sur de longues distances pour optimiser les op\u00e9rations de sauvetage et autres interventions d&#039;urgence. Possibilit\u00e9 de sauvegarder des enregistrements audio et de les lire en boucle automatiquement.<\/p>","protected":false},"featured_media":10096,"comment_status":"open","ping_status":"closed","template":"","meta":[],"product_brand":[],"product_cat":[430,37,429,29],"product_tag":[42,434,435],"class_list":{"0":"post-10092","1":"product","2":"type-product","3":"status-publish","4":"has-post-thumbnail","6":"product_cat-accessories-dji-mavic3-ent","7":"product_cat-dji","8":"product_cat-dji-mavic3-ent","9":"product_cat-drones","10":"product_tag-dji","11":"product_tag-dji-mavic-3-enterprise","12":"product_tag-dji-mavic3-accessories","14":"first","15":"onbackorder","16":"taxable","17":"shipping-taxable","18":"purchasable","19":"product-type-simple"},"yoast_head":"<!-- This site is optimized with the Yoast SEO plugin v27.1.1 - https:\/\/yoast.com\/product\/yoast-seo-wordpress\/ -->\n<title>DJI Mavic 3 Enterprise Series Speaker -<\/title>\n<meta name=\"description\" content=\"Transmits sound over long distances to make rescue and other emergency missions more efficient. Can save audio recordings and auto loop playback.\" \/>\n<meta name=\"robots\" content=\"index, follow, max-snippet:-1, max-image-preview:large, max-video-preview:-1\" \/>\n<link rel=\"canonical\" href=\"https:\/\/www.ghostysky.com\/fr\/product\/dji-mavic-3-enterprise-series-speaker\/\" \/>\n<meta property=\"og:locale\" content=\"fr_FR\" \/>\n<meta property=\"og:type\" content=\"article\" \/>\n<meta property=\"og:title\" content=\"DJI Mavic 3 Enterprise Series Speaker -\" \/>\n<meta property=\"og:description\" content=\"Transmits sound over long distances to make rescue and other emergency missions more efficient. Can save audio recordings and auto loop playback.\" \/>\n<meta property=\"og:url\" content=\"https:\/\/www.ghostysky.com\/fr\/product\/dji-mavic-3-enterprise-series-speaker\/\" \/>\n<meta property=\"og:site_name\" content=\"Ghostysky\" \/>\n<meta property=\"article:publisher\" content=\"https:\/\/www.facebook.com\/people\/Ghostysky\/100057676170234\/\" \/>\n<meta property=\"article:modified_time\" content=\"2024-08-08T12:21:56+00:00\" \/>\n<meta property=\"og:image\" content=\"https:\/\/www.ghostysky.com\/wp-content\/uploads\/2022\/10\/dji-mavic-3-enterprise-series-speaker.jpg\" \/>\n\t<meta property=\"og:image:width\" content=\"800\" \/>\n\t<meta property=\"og:image:height\" content=\"800\" \/>\n\t<meta property=\"og:image:type\" content=\"image\/jpeg\" \/>\n<meta name=\"twitter:card\" content=\"summary_large_image\" \/>\n<meta name=\"twitter:site\" content=\"@Gh0stysky\" \/>\n<meta name=\"twitter:label1\" content=\"Dur\u00e9e de lecture estim\u00e9e\" \/>\n\t<meta name=\"twitter:data1\" content=\"2 minutes\" \/>\n<script type=\"application\/ld+json\" class=\"yoast-schema-graph\">{\"@context\":\"https:\/\/schema.org\",\"@graph\":[{\"@type\":\"WebPage\",\"@id\":\"https:\/\/www.ghostysky.com\/product\/dji-mavic-3-enterprise-series-speaker\/\",\"url\":\"https:\/\/www.ghostysky.com\/product\/dji-mavic-3-enterprise-series-speaker\/\",\"name\":\"DJI Mavic 3 Enterprise Series Speaker -\",\"isPartOf\":{\"@id\":\"https:\/\/www.ghostysky.com\/#website\"},\"primaryImageOfPage\":{\"@id\":\"https:\/\/www.ghostysky.com\/product\/dji-mavic-3-enterprise-series-speaker\/#primaryimage\"},\"image\":{\"@id\":\"https:\/\/www.ghostysky.com\/product\/dji-mavic-3-enterprise-series-speaker\/#primaryimage\"},\"thumbnailUrl\":\"https:\/\/www.ghostysky.com\/wp-content\/uploads\/2022\/10\/dji-mavic-3-enterprise-series-speaker.jpg\",\"datePublished\":\"2022-10-03T20:01:56+00:00\",\"dateModified\":\"2024-08-08T12:21:56+00:00\",\"description\":\"Transmits sound over long distances to make rescue and other emergency missions more efficient. Can save audio recordings and auto loop playback.\",\"breadcrumb\":{\"@id\":\"https:\/\/www.ghostysky.com\/product\/dji-mavic-3-enterprise-series-speaker\/#breadcrumb\"},\"inLanguage\":\"fr-FR\",\"potentialAction\":[{\"@type\":\"ReadAction\",\"target\":[\"https:\/\/www.ghostysky.com\/product\/dji-mavic-3-enterprise-series-speaker\/\"]}]},{\"@type\":\"ImageObject\",\"inLanguage\":\"fr-FR\",\"@id\":\"https:\/\/www.ghostysky.com\/product\/dji-mavic-3-enterprise-series-speaker\/#primaryimage\",\"url\":\"https:\/\/www.ghostysky.com\/wp-content\/uploads\/2022\/10\/dji-mavic-3-enterprise-series-speaker.jpg\",\"contentUrl\":\"https:\/\/www.ghostysky.com\/wp-content\/uploads\/2022\/10\/dji-mavic-3-enterprise-series-speaker.jpg\",\"width\":800,\"height\":800},{\"@type\":\"BreadcrumbList\",\"@id\":\"https:\/\/www.ghostysky.com\/product\/dji-mavic-3-enterprise-series-speaker\/#breadcrumb\",\"itemListElement\":[{\"@type\":\"ListItem\",\"position\":1,\"name\":\"Home\",\"item\":\"https:\/\/www.ghostysky.com\/\"},{\"@type\":\"ListItem\",\"position\":2,\"name\":\"Shop\",\"item\":\"https:\/\/www.ghostysky.com\/shop\/\"},{\"@type\":\"ListItem\",\"position\":3,\"name\":\"DJI Mavic 3 Enterprise Series Speaker\"}]},{\"@type\":\"WebSite\",\"@id\":\"https:\/\/www.ghostysky.com\/#website\",\"url\":\"https:\/\/www.ghostysky.com\/\",\"name\":\"Ghostysky\",\"description\":\"Delivering professional drones and services\",\"publisher\":{\"@id\":\"https:\/\/www.ghostysky.com\/#organization\"},\"potentialAction\":[{\"@type\":\"SearchAction\",\"target\":{\"@type\":\"EntryPoint\",\"urlTemplate\":\"https:\/\/www.ghostysky.com\/?s={search_term_string}\"},\"query-input\":{\"@type\":\"PropertyValueSpecification\",\"valueRequired\":true,\"valueName\":\"search_term_string\"}}],\"inLanguage\":\"fr-FR\"},{\"@type\":\"Organization\",\"@id\":\"https:\/\/www.ghostysky.com\/#organization\",\"name\":\"Ghostysky\",\"url\":\"https:\/\/www.ghostysky.com\/\",\"logo\":{\"@type\":\"ImageObject\",\"inLanguage\":\"fr-FR\",\"@id\":\"https:\/\/www.ghostysky.com\/#\/schema\/logo\/image\/\",\"url\":\"https:\/\/www.ghostysky.com\/wp-content\/uploads\/2020\/06\/cropped-ghostyskylogo_text_white2.png\",\"contentUrl\":\"https:\/\/www.ghostysky.com\/wp-content\/uploads\/2020\/06\/cropped-ghostyskylogo_text_white2.png\",\"width\":169,\"height\":56,\"caption\":\"Ghostysky\"},\"image\":{\"@id\":\"https:\/\/www.ghostysky.com\/#\/schema\/logo\/image\/\"},\"sameAs\":[\"https:\/\/www.facebook.com\/people\/Ghostysky\/100057676170234\/\",\"https:\/\/x.com\/Gh0stysky\",\"https:\/\/www.linkedin.com\/company\/34739653\",\"https:\/\/www.instagram.com\/gh0stysky\"]}]}<\/script>\n<!-- \/ Yoast SEO plugin. -->","yoast_head_json":{"title":"Haut-parleur DJI Mavic 3 Enterprise Series -","description":"Transmet le son sur de longues distances pour optimiser les op\u00e9rations de sauvetage et autres interventions d&#039;urgence. Possibilit\u00e9 de sauvegarder des enregistrements audio et de les lire en boucle automatiquement.","robots":{"index":"index","follow":"follow","max-snippet":"max-snippet:-1","max-image-preview":"max-image-preview:large","max-video-preview":"max-video-preview:-1"},"canonical":"https:\/\/www.ghostysky.com\/fr\/product\/dji-mavic-3-enterprise-series-speaker\/","og_locale":"fr_FR","og_type":"article","og_title":"DJI Mavic 3 Enterprise Series Speaker -","og_description":"Transmits sound over long distances to make rescue and other emergency missions more efficient. Can save audio recordings and auto loop playback.","og_url":"https:\/\/www.ghostysky.com\/fr\/product\/dji-mavic-3-enterprise-series-speaker\/","og_site_name":"Ghostysky","article_publisher":"https:\/\/www.facebook.com\/people\/Ghostysky\/100057676170234\/","article_modified_time":"2024-08-08T12:21:56+00:00","og_image":[{"width":800,"height":800,"url":"https:\/\/www.ghostysky.com\/wp-content\/uploads\/2022\/10\/dji-mavic-3-enterprise-series-speaker.jpg","type":"image\/jpeg"}],"twitter_card":"summary_large_image","twitter_site":"@Gh0stysky","twitter_misc":{"Dur\u00e9e de lecture estim\u00e9e":"2 minutes"},"schema":{"@context":"https:\/\/schema.org","@graph":[{"@type":"WebPage","@id":"https:\/\/www.ghostysky.com\/product\/dji-mavic-3-enterprise-series-speaker\/","url":"https:\/\/www.ghostysky.com\/product\/dji-mavic-3-enterprise-series-speaker\/","name":"Haut-parleur DJI Mavic 3 Enterprise Series -","isPartOf":{"@id":"https:\/\/www.ghostysky.com\/#website"},"primaryImageOfPage":{"@id":"https:\/\/www.ghostysky.com\/product\/dji-mavic-3-enterprise-series-speaker\/#primaryimage"},"image":{"@id":"https:\/\/www.ghostysky.com\/product\/dji-mavic-3-enterprise-series-speaker\/#primaryimage"},"thumbnailUrl":"https:\/\/www.ghostysky.com\/wp-content\/uploads\/2022\/10\/dji-mavic-3-enterprise-series-speaker.jpg","datePublished":"2022-10-03T20:01:56+00:00","dateModified":"2024-08-08T12:21:56+00:00","description":"Transmet le son sur de longues distances pour optimiser les op\u00e9rations de sauvetage et autres interventions d&#039;urgence. Possibilit\u00e9 de sauvegarder des enregistrements audio et de les lire en boucle automatiquement.","breadcrumb":{"@id":"https:\/\/www.ghostysky.com\/product\/dji-mavic-3-enterprise-series-speaker\/#breadcrumb"},"inLanguage":"fr-FR","potentialAction":[{"@type":"ReadAction","target":["https:\/\/www.ghostysky.com\/product\/dji-mavic-3-enterprise-series-speaker\/"]}]},{"@type":"ImageObject","inLanguage":"fr-FR","@id":"https:\/\/www.ghostysky.com\/product\/dji-mavic-3-enterprise-series-speaker\/#primaryimage","url":"https:\/\/www.ghostysky.com\/wp-content\/uploads\/2022\/10\/dji-mavic-3-enterprise-series-speaker.jpg","contentUrl":"https:\/\/www.ghostysky.com\/wp-content\/uploads\/2022\/10\/dji-mavic-3-enterprise-series-speaker.jpg","width":800,"height":800},{"@type":"BreadcrumbList","@id":"https:\/\/www.ghostysky.com\/product\/dji-mavic-3-enterprise-series-speaker\/#breadcrumb","itemListElement":[{"@type":"ListItem","position":1,"name":"Home","item":"https:\/\/www.ghostysky.com\/"},{"@type":"ListItem","position":2,"name":"Shop","item":"https:\/\/www.ghostysky.com\/shop\/"},{"@type":"ListItem","position":3,"name":"DJI Mavic 3 Enterprise Series Speaker"}]},{"@type":"WebSite","@id":"https:\/\/www.ghostysky.com\/#website","url":"https:\/\/www.ghostysky.com\/","name":"Ghostysky","description":"Livraison de drones et de services professionnels","publisher":{"@id":"https:\/\/www.ghostysky.com\/#organization"},"potentialAction":[{"@type":"SearchAction","target":{"@type":"EntryPoint","urlTemplate":"https:\/\/www.ghostysky.com\/?s={search_term_string}"},"query-input":{"@type":"PropertyValueSpecification","valueRequired":true,"valueName":"search_term_string"}}],"inLanguage":"fr-FR"},{"@type":"Organization","@id":"https:\/\/www.ghostysky.com\/#organization","name":"Ghostysky","url":"https:\/\/www.ghostysky.com\/","logo":{"@type":"ImageObject","inLanguage":"fr-FR","@id":"https:\/\/www.ghostysky.com\/#\/schema\/logo\/image\/","url":"https:\/\/www.ghostysky.com\/wp-content\/uploads\/2020\/06\/cropped-ghostyskylogo_text_white2.png","contentUrl":"https:\/\/www.ghostysky.com\/wp-content\/uploads\/2020\/06\/cropped-ghostyskylogo_text_white2.png","width":169,"height":56,"caption":"Ghostysky"},"image":{"@id":"https:\/\/www.ghostysky.com\/#\/schema\/logo\/image\/"},"sameAs":["https:\/\/www.facebook.com\/people\/Ghostysky\/100057676170234\/","https:\/\/x.com\/Gh0stysky","https:\/\/www.linkedin.com\/company\/34739653","https:\/\/www.instagram.com\/gh0stysky"]}]}},"_links":{"self":[{"href":"https:\/\/www.ghostysky.com\/fr\/wp-json\/wp\/v2\/product\/10092","targetHints":{"allow":["GET"]}}],"collection":[{"href":"https:\/\/www.ghostysky.com\/fr\/wp-json\/wp\/v2\/product"}],"about":[{"href":"https:\/\/www.ghostysky.com\/fr\/wp-json\/wp\/v2\/types\/product"}],"replies":[{"embeddable":true,"href":"https:\/\/www.ghostysky.com\/fr\/wp-json\/wp\/v2\/comments?post=10092"}],"wp:featuredmedia":[{"embeddable":true,"href":"https:\/\/www.ghostysky.com\/fr\/wp-json\/wp\/v2\/media\/10096"}],"wp:attachment":[{"href":"https:\/\/www.ghostysky.com\/fr\/wp-json\/wp\/v2\/media?parent=10092"}],"wp:term":[{"taxonomy":"product_brand","embeddable":true,"href":"https:\/\/www.ghostysky.com\/fr\/wp-json\/wp\/v2\/product_brand?post=10092"},{"taxonomy":"product_cat","embeddable":true,"href":"https:\/\/www.ghostysky.com\/fr\/wp-json\/wp\/v2\/product_cat?post=10092"},{"taxonomy":"product_tag","embeddable":true,"href":"https:\/\/www.ghostysky.com\/fr\/wp-json\/wp\/v2\/product_tag?post=10092"}],"curies":[{"name":"wp","href":"https:\/\/api.w.org\/{rel}","templated":true}]}}