{"id":10097,"date":"2022-10-03T20:07:22","date_gmt":"2022-10-03T20:07:22","guid":{"rendered":"https:\/\/www.ghostysky.com\/?post_type=product&#038;p=10097"},"modified":"2024-08-08T12:22:49","modified_gmt":"2024-08-08T12:22:49","slug":"dji-mavic-3-battery-charging-hub-100w","status":"publish","type":"product","link":"https:\/\/www.ghostysky.com\/fr\/product\/dji-mavic-3-battery-charging-hub-100w\/","title":{"rendered":"Station de charge de batterie DJI Mavic 3 (100 W)"},"content":{"rendered":"<table class=\"table table-responsive\">\n<tbody>\n<tr>\n<td>Aper\u00e7u<\/td>\n<td>Lorsqu&#039;il est connect\u00e9 \u00e0 un chargeur portable ou \u00e0 un chargeur de voiture de 100 W, le hub de charge de batterie DJI Mavic 3 (100 W) peut \u00e9tendre le nombre de ports de charge \u00e0 trois.<br \/>\nIl charge les batteries en s\u00e9quence, du niveau de puissance \u00e9lev\u00e9 au niveau faible, ce qui am\u00e9liore consid\u00e9rablement l&#039;efficacit\u00e9 de la charge.<\/td>\n<\/tr>\n<tr>\n<td>Points forts<\/td>\n<td>Lorsqu&#039;il est connect\u00e9 \u00e0 un chargeur portable ou \u00e0 un chargeur de voiture de 100 W, le hub de charge de batterie DJI Mavic 3 (100 W) peut charger jusqu&#039;\u00e0 trois batteries en s\u00e9quence.<\/td>\n<\/tr>\n<tr>\n<td>Conseils<\/td>\n<td>\n<ol>\n<li>La station de charge sert uniquement \u00e0 \u00e9tendre les interfaces de charge. Il est recommand\u00e9 d&#039;utiliser un adaptateur secteur DJI USB-C (100 W) pour l&#039;alimentation.<\/li>\n<li>La station de charge est uniquement compatible avec les batteries de vol intelligentes BWX260-5000-15.4. N&#039;essayez pas d&#039;utiliser la station de charge avec d&#039;autres mod\u00e8les de batteries.<\/li>\n<li>Placez la station de charge sur une surface plane et stable lors de son utilisation. Assurez-vous que l&#039;appareil est correctement isol\u00e9 pour \u00e9viter tout risque d&#039;incendie.<\/li>\n<li>N&#039;essayez PAS de toucher les bornes m\u00e9talliques du bo\u00eetier de la batterie.<\/li>\n<li>Nettoyez les bornes m\u00e9talliques du bo\u00eetier de la batterie avec un chiffon propre et sec s&#039;il y a une accumulation notable.<\/li>\n<\/ol>\n<\/td>\n<\/tr>\n<tr>\n<td>Dans la bo\u00eete<\/td>\n<td>Station de charge de batterie DJI Mavic 3 (100 W) \u00d7 1<\/td>\n<\/tr>\n<tr>\n<td>Caract\u00e9ristiques<\/td>\n<td>\n<ul>\n<li>Dimensions : 150 \u00d7 55 \u00d7 28 mm (L \u00d7 l \u00d7 H)<\/li>\n<li>Poids : 116 g<\/li>\n<li>Temp\u00e9rature de fonctionnement : 5\u00b0 \u00e0 40\u00b0C (41\u00b0 \u00e0 104\u00b0F)<\/li>\n<li>Entr\u00e9e : 5-20 V, max 5 A<\/li>\n<li>Temps de charge : environ 1 h 10 min (batterie unique)*<\/li>\n<\/ul>\n<p>* Test\u00e9 avec l&#039;adaptateur secteur DJI USB-C (100 W).<\/td>\n<\/tr>\n<tr>\n<td>Compatibilit\u00e9<\/td>\n<td>\n<ul>\n<li>Batterie de vol intelligente DJI Mavic 3<\/li>\n<\/ul>\n<\/td>\n<\/tr>\n<\/tbody>\n<\/table>","protected":false},"excerpt":{"rendered":"<p>Lorsqu&#039;il est connect\u00e9 \u00e0 un chargeur portable ou \u00e0 un chargeur de voiture de 100 W, le hub de charge de batterie DJI Mavic 3 (100 W) peut charger jusqu&#039;\u00e0 trois batteries en s\u00e9quence.<\/p>","protected":false},"featured_media":10098,"comment_status":"open","ping_status":"closed","template":"","meta":[],"product_brand":[],"product_cat":[430,781,785,752,37,429,29,779,784],"product_tag":[42,434,435],"class_list":{"0":"post-10097","1":"product","2":"type-product","3":"status-publish","4":"has-post-thumbnail","6":"product_cat-accessories-dji-mavic3-ent","7":"product_cat-accessories-mavic-3-classic","8":"product_cat-accessories-mavic-3-pro","9":"product_cat-aerial-photography","10":"product_cat-dji","11":"product_cat-dji-mavic3-ent","12":"product_cat-drones","13":"product_cat-mavic-3-classic","14":"product_cat-mavic-3-pro","15":"product_tag-dji","16":"product_tag-dji-mavic-3-enterprise","17":"product_tag-dji-mavic3-accessories","19":"first","20":"instock","21":"taxable","22":"shipping-taxable","23":"purchasable","24":"product-type-simple"},"yoast_head":"<!-- This site is optimized with the Yoast SEO plugin v27.1.1 - https:\/\/yoast.com\/product\/yoast-seo-wordpress\/ -->\n<title>DJI Mavic 3 Battery Charging Hub (100W) -<\/title>\n<meta name=\"description\" content=\"When connected to a 100W portable charger or car charger, DJI Mavic 3 Battery Charging Hub (100W) can charge up to three batteries in sequence.\" \/>\n<meta name=\"robots\" content=\"index, follow, max-snippet:-1, max-image-preview:large, max-video-preview:-1\" \/>\n<link rel=\"canonical\" href=\"https:\/\/www.ghostysky.com\/fr\/product\/dji-mavic-3-battery-charging-hub-100w\/\" \/>\n<meta property=\"og:locale\" content=\"fr_FR\" \/>\n<meta property=\"og:type\" content=\"article\" \/>\n<meta property=\"og:title\" content=\"DJI Mavic 3 Battery Charging Hub (100W) -\" \/>\n<meta property=\"og:description\" content=\"When connected to a 100W portable charger or car charger, DJI Mavic 3 Battery Charging Hub (100W) can charge up to three batteries in sequence.\" \/>\n<meta property=\"og:url\" content=\"https:\/\/www.ghostysky.com\/fr\/product\/dji-mavic-3-battery-charging-hub-100w\/\" \/>\n<meta property=\"og:site_name\" content=\"Ghostysky\" \/>\n<meta property=\"article:publisher\" content=\"https:\/\/www.facebook.com\/people\/Ghostysky\/100057676170234\/\" \/>\n<meta property=\"article:modified_time\" content=\"2024-08-08T12:22:49+00:00\" \/>\n<meta property=\"og:image\" content=\"https:\/\/www.ghostysky.com\/wp-content\/uploads\/2022\/10\/dji-mavic-3-battery-charging-hub-100w3.jpg\" \/>\n\t<meta property=\"og:image:width\" content=\"800\" \/>\n\t<meta property=\"og:image:height\" content=\"800\" \/>\n\t<meta property=\"og:image:type\" content=\"image\/jpeg\" \/>\n<meta name=\"twitter:card\" content=\"summary_large_image\" \/>\n<meta name=\"twitter:site\" content=\"@Gh0stysky\" \/>\n<meta name=\"twitter:label1\" content=\"Dur\u00e9e de lecture estim\u00e9e\" \/>\n\t<meta name=\"twitter:data1\" content=\"2 minutes\" \/>\n<script type=\"application\/ld+json\" class=\"yoast-schema-graph\">{\"@context\":\"https:\/\/schema.org\",\"@graph\":[{\"@type\":\"WebPage\",\"@id\":\"https:\/\/www.ghostysky.com\/product\/dji-mavic-3-battery-charging-hub-100w\/\",\"url\":\"https:\/\/www.ghostysky.com\/product\/dji-mavic-3-battery-charging-hub-100w\/\",\"name\":\"DJI Mavic 3 Battery Charging Hub (100W) -\",\"isPartOf\":{\"@id\":\"https:\/\/www.ghostysky.com\/#website\"},\"primaryImageOfPage\":{\"@id\":\"https:\/\/www.ghostysky.com\/product\/dji-mavic-3-battery-charging-hub-100w\/#primaryimage\"},\"image\":{\"@id\":\"https:\/\/www.ghostysky.com\/product\/dji-mavic-3-battery-charging-hub-100w\/#primaryimage\"},\"thumbnailUrl\":\"https:\/\/www.ghostysky.com\/wp-content\/uploads\/2022\/10\/dji-mavic-3-battery-charging-hub-100w3.jpg\",\"datePublished\":\"2022-10-03T20:07:22+00:00\",\"dateModified\":\"2024-08-08T12:22:49+00:00\",\"description\":\"When connected to a 100W portable charger or car charger, DJI Mavic 3 Battery Charging Hub (100W) can charge up to three batteries in sequence.\",\"breadcrumb\":{\"@id\":\"https:\/\/www.ghostysky.com\/product\/dji-mavic-3-battery-charging-hub-100w\/#breadcrumb\"},\"inLanguage\":\"fr-FR\",\"potentialAction\":[{\"@type\":\"ReadAction\",\"target\":[\"https:\/\/www.ghostysky.com\/product\/dji-mavic-3-battery-charging-hub-100w\/\"]}]},{\"@type\":\"ImageObject\",\"inLanguage\":\"fr-FR\",\"@id\":\"https:\/\/www.ghostysky.com\/product\/dji-mavic-3-battery-charging-hub-100w\/#primaryimage\",\"url\":\"https:\/\/www.ghostysky.com\/wp-content\/uploads\/2022\/10\/dji-mavic-3-battery-charging-hub-100w3.jpg\",\"contentUrl\":\"https:\/\/www.ghostysky.com\/wp-content\/uploads\/2022\/10\/dji-mavic-3-battery-charging-hub-100w3.jpg\",\"width\":800,\"height\":800},{\"@type\":\"BreadcrumbList\",\"@id\":\"https:\/\/www.ghostysky.com\/product\/dji-mavic-3-battery-charging-hub-100w\/#breadcrumb\",\"itemListElement\":[{\"@type\":\"ListItem\",\"position\":1,\"name\":\"Home\",\"item\":\"https:\/\/www.ghostysky.com\/\"},{\"@type\":\"ListItem\",\"position\":2,\"name\":\"Shop\",\"item\":\"https:\/\/www.ghostysky.com\/shop\/\"},{\"@type\":\"ListItem\",\"position\":3,\"name\":\"DJI Mavic 3 Battery Charging Hub (100W)\"}]},{\"@type\":\"WebSite\",\"@id\":\"https:\/\/www.ghostysky.com\/#website\",\"url\":\"https:\/\/www.ghostysky.com\/\",\"name\":\"Ghostysky\",\"description\":\"Delivering professional drones and services\",\"publisher\":{\"@id\":\"https:\/\/www.ghostysky.com\/#organization\"},\"potentialAction\":[{\"@type\":\"SearchAction\",\"target\":{\"@type\":\"EntryPoint\",\"urlTemplate\":\"https:\/\/www.ghostysky.com\/?s={search_term_string}\"},\"query-input\":{\"@type\":\"PropertyValueSpecification\",\"valueRequired\":true,\"valueName\":\"search_term_string\"}}],\"inLanguage\":\"fr-FR\"},{\"@type\":\"Organization\",\"@id\":\"https:\/\/www.ghostysky.com\/#organization\",\"name\":\"Ghostysky\",\"url\":\"https:\/\/www.ghostysky.com\/\",\"logo\":{\"@type\":\"ImageObject\",\"inLanguage\":\"fr-FR\",\"@id\":\"https:\/\/www.ghostysky.com\/#\/schema\/logo\/image\/\",\"url\":\"https:\/\/www.ghostysky.com\/wp-content\/uploads\/2020\/06\/cropped-ghostyskylogo_text_white2.png\",\"contentUrl\":\"https:\/\/www.ghostysky.com\/wp-content\/uploads\/2020\/06\/cropped-ghostyskylogo_text_white2.png\",\"width\":169,\"height\":56,\"caption\":\"Ghostysky\"},\"image\":{\"@id\":\"https:\/\/www.ghostysky.com\/#\/schema\/logo\/image\/\"},\"sameAs\":[\"https:\/\/www.facebook.com\/people\/Ghostysky\/100057676170234\/\",\"https:\/\/x.com\/Gh0stysky\",\"https:\/\/www.linkedin.com\/company\/34739653\",\"https:\/\/www.instagram.com\/gh0stysky\"]}]}<\/script>\n<!-- \/ Yoast SEO plugin. -->","yoast_head_json":{"title":"Station de charge de batterie DJI Mavic 3 (100 W) -","description":"Lorsqu&#039;il est connect\u00e9 \u00e0 un chargeur portable ou \u00e0 un chargeur de voiture de 100 W, le hub de charge de batterie DJI Mavic 3 (100 W) peut charger jusqu&#039;\u00e0 trois batteries en s\u00e9quence.","robots":{"index":"index","follow":"follow","max-snippet":"max-snippet:-1","max-image-preview":"max-image-preview:large","max-video-preview":"max-video-preview:-1"},"canonical":"https:\/\/www.ghostysky.com\/fr\/product\/dji-mavic-3-battery-charging-hub-100w\/","og_locale":"fr_FR","og_type":"article","og_title":"DJI Mavic 3 Battery Charging Hub (100W) -","og_description":"When connected to a 100W portable charger or car charger, DJI Mavic 3 Battery Charging Hub (100W) can charge up to three batteries in sequence.","og_url":"https:\/\/www.ghostysky.com\/fr\/product\/dji-mavic-3-battery-charging-hub-100w\/","og_site_name":"Ghostysky","article_publisher":"https:\/\/www.facebook.com\/people\/Ghostysky\/100057676170234\/","article_modified_time":"2024-08-08T12:22:49+00:00","og_image":[{"width":800,"height":800,"url":"https:\/\/www.ghostysky.com\/wp-content\/uploads\/2022\/10\/dji-mavic-3-battery-charging-hub-100w3.jpg","type":"image\/jpeg"}],"twitter_card":"summary_large_image","twitter_site":"@Gh0stysky","twitter_misc":{"Dur\u00e9e de lecture estim\u00e9e":"2 minutes"},"schema":{"@context":"https:\/\/schema.org","@graph":[{"@type":"WebPage","@id":"https:\/\/www.ghostysky.com\/product\/dji-mavic-3-battery-charging-hub-100w\/","url":"https:\/\/www.ghostysky.com\/product\/dji-mavic-3-battery-charging-hub-100w\/","name":"Station de charge de batterie DJI Mavic 3 (100 W) -","isPartOf":{"@id":"https:\/\/www.ghostysky.com\/#website"},"primaryImageOfPage":{"@id":"https:\/\/www.ghostysky.com\/product\/dji-mavic-3-battery-charging-hub-100w\/#primaryimage"},"image":{"@id":"https:\/\/www.ghostysky.com\/product\/dji-mavic-3-battery-charging-hub-100w\/#primaryimage"},"thumbnailUrl":"https:\/\/www.ghostysky.com\/wp-content\/uploads\/2022\/10\/dji-mavic-3-battery-charging-hub-100w3.jpg","datePublished":"2022-10-03T20:07:22+00:00","dateModified":"2024-08-08T12:22:49+00:00","description":"Lorsqu&#039;il est connect\u00e9 \u00e0 un chargeur portable ou \u00e0 un chargeur de voiture de 100 W, le hub de charge de batterie DJI Mavic 3 (100 W) peut charger jusqu&#039;\u00e0 trois batteries en s\u00e9quence.","breadcrumb":{"@id":"https:\/\/www.ghostysky.com\/product\/dji-mavic-3-battery-charging-hub-100w\/#breadcrumb"},"inLanguage":"fr-FR","potentialAction":[{"@type":"ReadAction","target":["https:\/\/www.ghostysky.com\/product\/dji-mavic-3-battery-charging-hub-100w\/"]}]},{"@type":"ImageObject","inLanguage":"fr-FR","@id":"https:\/\/www.ghostysky.com\/product\/dji-mavic-3-battery-charging-hub-100w\/#primaryimage","url":"https:\/\/www.ghostysky.com\/wp-content\/uploads\/2022\/10\/dji-mavic-3-battery-charging-hub-100w3.jpg","contentUrl":"https:\/\/www.ghostysky.com\/wp-content\/uploads\/2022\/10\/dji-mavic-3-battery-charging-hub-100w3.jpg","width":800,"height":800},{"@type":"BreadcrumbList","@id":"https:\/\/www.ghostysky.com\/product\/dji-mavic-3-battery-charging-hub-100w\/#breadcrumb","itemListElement":[{"@type":"ListItem","position":1,"name":"Home","item":"https:\/\/www.ghostysky.com\/"},{"@type":"ListItem","position":2,"name":"Shop","item":"https:\/\/www.ghostysky.com\/shop\/"},{"@type":"ListItem","position":3,"name":"DJI Mavic 3 Battery Charging Hub (100W)"}]},{"@type":"WebSite","@id":"https:\/\/www.ghostysky.com\/#website","url":"https:\/\/www.ghostysky.com\/","name":"Ghostysky","description":"Livraison de drones et de services professionnels","publisher":{"@id":"https:\/\/www.ghostysky.com\/#organization"},"potentialAction":[{"@type":"SearchAction","target":{"@type":"EntryPoint","urlTemplate":"https:\/\/www.ghostysky.com\/?s={search_term_string}"},"query-input":{"@type":"PropertyValueSpecification","valueRequired":true,"valueName":"search_term_string"}}],"inLanguage":"fr-FR"},{"@type":"Organization","@id":"https:\/\/www.ghostysky.com\/#organization","name":"Ghostysky","url":"https:\/\/www.ghostysky.com\/","logo":{"@type":"ImageObject","inLanguage":"fr-FR","@id":"https:\/\/www.ghostysky.com\/#\/schema\/logo\/image\/","url":"https:\/\/www.ghostysky.com\/wp-content\/uploads\/2020\/06\/cropped-ghostyskylogo_text_white2.png","contentUrl":"https:\/\/www.ghostysky.com\/wp-content\/uploads\/2020\/06\/cropped-ghostyskylogo_text_white2.png","width":169,"height":56,"caption":"Ghostysky"},"image":{"@id":"https:\/\/www.ghostysky.com\/#\/schema\/logo\/image\/"},"sameAs":["https:\/\/www.facebook.com\/people\/Ghostysky\/100057676170234\/","https:\/\/x.com\/Gh0stysky","https:\/\/www.linkedin.com\/company\/34739653","https:\/\/www.instagram.com\/gh0stysky"]}]}},"_links":{"self":[{"href":"https:\/\/www.ghostysky.com\/fr\/wp-json\/wp\/v2\/product\/10097","targetHints":{"allow":["GET"]}}],"collection":[{"href":"https:\/\/www.ghostysky.com\/fr\/wp-json\/wp\/v2\/product"}],"about":[{"href":"https:\/\/www.ghostysky.com\/fr\/wp-json\/wp\/v2\/types\/product"}],"replies":[{"embeddable":true,"href":"https:\/\/www.ghostysky.com\/fr\/wp-json\/wp\/v2\/comments?post=10097"}],"wp:featuredmedia":[{"embeddable":true,"href":"https:\/\/www.ghostysky.com\/fr\/wp-json\/wp\/v2\/media\/10098"}],"wp:attachment":[{"href":"https:\/\/www.ghostysky.com\/fr\/wp-json\/wp\/v2\/media?parent=10097"}],"wp:term":[{"taxonomy":"product_brand","embeddable":true,"href":"https:\/\/www.ghostysky.com\/fr\/wp-json\/wp\/v2\/product_brand?post=10097"},{"taxonomy":"product_cat","embeddable":true,"href":"https:\/\/www.ghostysky.com\/fr\/wp-json\/wp\/v2\/product_cat?post=10097"},{"taxonomy":"product_tag","embeddable":true,"href":"https:\/\/www.ghostysky.com\/fr\/wp-json\/wp\/v2\/product_tag?post=10097"}],"curies":[{"name":"wp","href":"https:\/\/api.w.org\/{rel}","templated":true}]}}