{"id":10326,"date":"2022-10-14T20:01:37","date_gmt":"2022-10-14T20:01:37","guid":{"rendered":"https:\/\/www.ghostysky.com\/?post_type=product&#038;p=10326"},"modified":"2022-12-30T18:38:45","modified_gmt":"2022-12-30T18:38:45","slug":"spotlight-for-h850-120w-13400-lumen","status":"publish","type":"product","link":"https:\/\/www.ghostysky.com\/fr\/product\/spotlight-for-h850-120w-13400-lumen\/","title":{"rendered":"Projecteur pour H850 (120W\/13400 lumen)"},"content":{"rendered":"<p><strong>Gradation lin\u00e9aire LED<br \/>\n<\/strong>-Source lumineuse LED haute puissance.<br \/>\n-Puissance maximale 130W.<br \/>\n-100m \u00e9clairage au sol 24lux.<br \/>\n-R\u00e9glage lin\u00e9aire de la lumi\u00e8re.<\/p>\n<p><strong>Conception sans r\u00e9flecteur<br \/>\n<\/strong>-Pas de spot sous-lumineux r\u00e9flecteur.<br \/>\n-Perte de luminosit\u00e9 effective r\u00e9duite.<br \/>\n-Avec un mode stroboscopique \u00e0 lumi\u00e8re puissante.<br \/>\n-Indication silencieuse de r\u00e9pulsion et d&#039;orientation.<\/p>","protected":false},"excerpt":{"rendered":"<p>Le nouveau projecteur \u00e0 cardan GL60 Plus pour H850 dispose de 4 groupes de composants d&#039;imagerie optique.<br \/>\nChaque groupe est compos\u00e9 de 4 lentilles, qui s&#039;appliquent \u00e0 \u00e9mettre un pilier de lumi\u00e8re nette \u00e0 un angle de seulement 15 degr\u00e9s, avec une luminosit\u00e9 et une coh\u00e9rence des couleurs.<br \/>\nL&#039;\u00e9clairage \u00e0 100 m du centre du spot atteint 24 lux pour 120 W. \u00c0 150 m de hauteur, la zone d&#039;\u00e9clairage effective atteint 1\u00a0225 m\u00b2, ce qui optimise consid\u00e9rablement l&#039;\u00e9clairage a\u00e9rien du H850 en fonctionnement nocturne. Ultra-l\u00e9ger, le GL60 Plus ne p\u00e8se que 750 grammes et sa puissance nominale atteint 120 W.<br \/>\nL&#039;interface le rend compatible avec notre logiciel Dronepilot.<\/p>","protected":false},"featured_media":10328,"comment_status":"open","ping_status":"closed","template":"","meta":[],"product_brand":[],"product_cat":[119,29,118],"product_tag":[389,232,121],"class_list":{"0":"post-10326","1":"product","2":"type-product","3":"status-publish","4":"has-post-thumbnail","6":"product_cat-yuneec-accessories","7":"product_cat-drones","8":"product_cat-yuneec","9":"product_tag-h850","10":"product_tag-spotlight","11":"product_tag-yuneec","13":"first","14":"onbackorder","15":"taxable","16":"shipping-taxable","17":"purchasable","18":"product-type-simple"},"yoast_head":"<!-- This site is optimized with the Yoast SEO plugin v27.1.1 - https:\/\/yoast.com\/product\/yoast-seo-wordpress\/ -->\n<title>Spotlight for H850 (120W\/13400 lumen) - Ghostysky<\/title>\n<meta name=\"robots\" content=\"index, follow, max-snippet:-1, max-image-preview:large, max-video-preview:-1\" \/>\n<link rel=\"canonical\" href=\"https:\/\/www.ghostysky.com\/fr\/product\/spotlight-for-h850-120w-13400-lumen\/\" \/>\n<meta property=\"og:locale\" content=\"fr_FR\" \/>\n<meta property=\"og:type\" content=\"article\" \/>\n<meta property=\"og:title\" content=\"Spotlight for H850 (120W\/13400 lumen) - Ghostysky\" \/>\n<meta property=\"og:description\" content=\"The new GL60 Plus Gimbal spotlight for H850 has 4 groups of optical imaging components. Each group consists of 4 lenses, which apply to emit a sharp pillar of light at an angle of only 15 degrees, with brightness and color consistency. The illumination value of 100m spot center is up to 24lux at 120w. At 150m illumination height, the effective illumination area is up to 1225 square meters, which greatly elevates the aerial illumination effect of the H850 at night operation. The overall ultra-lightweight design of GL60 Plus, weighs only 750 grams, and the rated power is up to 120W. The interface makes it compatible with our Dronepilot software.\" \/>\n<meta property=\"og:url\" content=\"https:\/\/www.ghostysky.com\/fr\/product\/spotlight-for-h850-120w-13400-lumen\/\" \/>\n<meta property=\"og:site_name\" content=\"Ghostysky\" \/>\n<meta property=\"article:publisher\" content=\"https:\/\/www.facebook.com\/people\/Ghostysky\/100057676170234\/\" \/>\n<meta property=\"article:modified_time\" content=\"2022-12-30T18:38:45+00:00\" \/>\n<meta property=\"og:image\" content=\"https:\/\/www.ghostysky.com\/wp-content\/uploads\/2022\/10\/YUNCZGL60PEU_H850_spotlight.webp\" \/>\n\t<meta property=\"og:image:width\" content=\"2000\" \/>\n\t<meta property=\"og:image:height\" content=\"1333\" \/>\n\t<meta property=\"og:image:type\" content=\"image\/webp\" \/>\n<meta name=\"twitter:card\" content=\"summary_large_image\" \/>\n<meta name=\"twitter:site\" content=\"@Gh0stysky\" \/>\n<script type=\"application\/ld+json\" class=\"yoast-schema-graph\">{\"@context\":\"https:\/\/schema.org\",\"@graph\":[{\"@type\":\"WebPage\",\"@id\":\"https:\/\/www.ghostysky.com\/product\/spotlight-for-h850-120w-13400-lumen\/\",\"url\":\"https:\/\/www.ghostysky.com\/product\/spotlight-for-h850-120w-13400-lumen\/\",\"name\":\"Spotlight for H850 (120W\/13400 lumen) - Ghostysky\",\"isPartOf\":{\"@id\":\"https:\/\/www.ghostysky.com\/#website\"},\"primaryImageOfPage\":{\"@id\":\"https:\/\/www.ghostysky.com\/product\/spotlight-for-h850-120w-13400-lumen\/#primaryimage\"},\"image\":{\"@id\":\"https:\/\/www.ghostysky.com\/product\/spotlight-for-h850-120w-13400-lumen\/#primaryimage\"},\"thumbnailUrl\":\"https:\/\/www.ghostysky.com\/wp-content\/uploads\/2022\/10\/YUNCZGL60PEU_H850_spotlight.webp\",\"datePublished\":\"2022-10-14T20:01:37+00:00\",\"dateModified\":\"2022-12-30T18:38:45+00:00\",\"breadcrumb\":{\"@id\":\"https:\/\/www.ghostysky.com\/product\/spotlight-for-h850-120w-13400-lumen\/#breadcrumb\"},\"inLanguage\":\"fr-FR\",\"potentialAction\":[{\"@type\":\"ReadAction\",\"target\":[\"https:\/\/www.ghostysky.com\/product\/spotlight-for-h850-120w-13400-lumen\/\"]}]},{\"@type\":\"ImageObject\",\"inLanguage\":\"fr-FR\",\"@id\":\"https:\/\/www.ghostysky.com\/product\/spotlight-for-h850-120w-13400-lumen\/#primaryimage\",\"url\":\"https:\/\/www.ghostysky.com\/wp-content\/uploads\/2022\/10\/YUNCZGL60PEU_H850_spotlight.webp\",\"contentUrl\":\"https:\/\/www.ghostysky.com\/wp-content\/uploads\/2022\/10\/YUNCZGL60PEU_H850_spotlight.webp\",\"width\":2000,\"height\":1333},{\"@type\":\"BreadcrumbList\",\"@id\":\"https:\/\/www.ghostysky.com\/product\/spotlight-for-h850-120w-13400-lumen\/#breadcrumb\",\"itemListElement\":[{\"@type\":\"ListItem\",\"position\":1,\"name\":\"Home\",\"item\":\"https:\/\/www.ghostysky.com\/\"},{\"@type\":\"ListItem\",\"position\":2,\"name\":\"Shop\",\"item\":\"https:\/\/www.ghostysky.com\/shop\/\"},{\"@type\":\"ListItem\",\"position\":3,\"name\":\"Spotlight for H850 (120W\/13400 lumen)\"}]},{\"@type\":\"WebSite\",\"@id\":\"https:\/\/www.ghostysky.com\/#website\",\"url\":\"https:\/\/www.ghostysky.com\/\",\"name\":\"Ghostysky\",\"description\":\"Delivering professional drones and services\",\"publisher\":{\"@id\":\"https:\/\/www.ghostysky.com\/#organization\"},\"potentialAction\":[{\"@type\":\"SearchAction\",\"target\":{\"@type\":\"EntryPoint\",\"urlTemplate\":\"https:\/\/www.ghostysky.com\/?s={search_term_string}\"},\"query-input\":{\"@type\":\"PropertyValueSpecification\",\"valueRequired\":true,\"valueName\":\"search_term_string\"}}],\"inLanguage\":\"fr-FR\"},{\"@type\":\"Organization\",\"@id\":\"https:\/\/www.ghostysky.com\/#organization\",\"name\":\"Ghostysky\",\"url\":\"https:\/\/www.ghostysky.com\/\",\"logo\":{\"@type\":\"ImageObject\",\"inLanguage\":\"fr-FR\",\"@id\":\"https:\/\/www.ghostysky.com\/#\/schema\/logo\/image\/\",\"url\":\"https:\/\/www.ghostysky.com\/wp-content\/uploads\/2020\/06\/cropped-ghostyskylogo_text_white2.png\",\"contentUrl\":\"https:\/\/www.ghostysky.com\/wp-content\/uploads\/2020\/06\/cropped-ghostyskylogo_text_white2.png\",\"width\":169,\"height\":56,\"caption\":\"Ghostysky\"},\"image\":{\"@id\":\"https:\/\/www.ghostysky.com\/#\/schema\/logo\/image\/\"},\"sameAs\":[\"https:\/\/www.facebook.com\/people\/Ghostysky\/100057676170234\/\",\"https:\/\/x.com\/Gh0stysky\",\"https:\/\/www.linkedin.com\/company\/34739653\",\"https:\/\/www.instagram.com\/gh0stysky\"]}]}<\/script>\n<!-- \/ Yoast SEO plugin. -->","yoast_head_json":{"title":"Projecteur pour H850 (120 W\/13\u00a0400 lumens) - Ghostysky","robots":{"index":"index","follow":"follow","max-snippet":"max-snippet:-1","max-image-preview":"max-image-preview:large","max-video-preview":"max-video-preview:-1"},"canonical":"https:\/\/www.ghostysky.com\/fr\/product\/spotlight-for-h850-120w-13400-lumen\/","og_locale":"fr_FR","og_type":"article","og_title":"Spotlight for H850 (120W\/13400 lumen) - Ghostysky","og_description":"The new GL60 Plus Gimbal spotlight for H850 has 4 groups of optical imaging components. Each group consists of 4 lenses, which apply to emit a sharp pillar of light at an angle of only 15 degrees, with brightness and color consistency. The illumination value of 100m spot center is up to 24lux at 120w. At 150m illumination height, the effective illumination area is up to 1225 square meters, which greatly elevates the aerial illumination effect of the H850 at night operation. The overall ultra-lightweight design of GL60 Plus, weighs only 750 grams, and the rated power is up to 120W. The interface makes it compatible with our Dronepilot software.","og_url":"https:\/\/www.ghostysky.com\/fr\/product\/spotlight-for-h850-120w-13400-lumen\/","og_site_name":"Ghostysky","article_publisher":"https:\/\/www.facebook.com\/people\/Ghostysky\/100057676170234\/","article_modified_time":"2022-12-30T18:38:45+00:00","og_image":[{"width":2000,"height":1333,"url":"https:\/\/www.ghostysky.com\/wp-content\/uploads\/2022\/10\/YUNCZGL60PEU_H850_spotlight.webp","type":"image\/webp"}],"twitter_card":"summary_large_image","twitter_site":"@Gh0stysky","schema":{"@context":"https:\/\/schema.org","@graph":[{"@type":"WebPage","@id":"https:\/\/www.ghostysky.com\/product\/spotlight-for-h850-120w-13400-lumen\/","url":"https:\/\/www.ghostysky.com\/product\/spotlight-for-h850-120w-13400-lumen\/","name":"Projecteur pour H850 (120 W\/13\u00a0400 lumens) - Ghostysky","isPartOf":{"@id":"https:\/\/www.ghostysky.com\/#website"},"primaryImageOfPage":{"@id":"https:\/\/www.ghostysky.com\/product\/spotlight-for-h850-120w-13400-lumen\/#primaryimage"},"image":{"@id":"https:\/\/www.ghostysky.com\/product\/spotlight-for-h850-120w-13400-lumen\/#primaryimage"},"thumbnailUrl":"https:\/\/www.ghostysky.com\/wp-content\/uploads\/2022\/10\/YUNCZGL60PEU_H850_spotlight.webp","datePublished":"2022-10-14T20:01:37+00:00","dateModified":"2022-12-30T18:38:45+00:00","breadcrumb":{"@id":"https:\/\/www.ghostysky.com\/product\/spotlight-for-h850-120w-13400-lumen\/#breadcrumb"},"inLanguage":"fr-FR","potentialAction":[{"@type":"ReadAction","target":["https:\/\/www.ghostysky.com\/product\/spotlight-for-h850-120w-13400-lumen\/"]}]},{"@type":"ImageObject","inLanguage":"fr-FR","@id":"https:\/\/www.ghostysky.com\/product\/spotlight-for-h850-120w-13400-lumen\/#primaryimage","url":"https:\/\/www.ghostysky.com\/wp-content\/uploads\/2022\/10\/YUNCZGL60PEU_H850_spotlight.webp","contentUrl":"https:\/\/www.ghostysky.com\/wp-content\/uploads\/2022\/10\/YUNCZGL60PEU_H850_spotlight.webp","width":2000,"height":1333},{"@type":"BreadcrumbList","@id":"https:\/\/www.ghostysky.com\/product\/spotlight-for-h850-120w-13400-lumen\/#breadcrumb","itemListElement":[{"@type":"ListItem","position":1,"name":"Home","item":"https:\/\/www.ghostysky.com\/"},{"@type":"ListItem","position":2,"name":"Shop","item":"https:\/\/www.ghostysky.com\/shop\/"},{"@type":"ListItem","position":3,"name":"Spotlight for H850 (120W\/13400 lumen)"}]},{"@type":"WebSite","@id":"https:\/\/www.ghostysky.com\/#website","url":"https:\/\/www.ghostysky.com\/","name":"Ghostysky","description":"Livraison de drones et de services professionnels","publisher":{"@id":"https:\/\/www.ghostysky.com\/#organization"},"potentialAction":[{"@type":"SearchAction","target":{"@type":"EntryPoint","urlTemplate":"https:\/\/www.ghostysky.com\/?s={search_term_string}"},"query-input":{"@type":"PropertyValueSpecification","valueRequired":true,"valueName":"search_term_string"}}],"inLanguage":"fr-FR"},{"@type":"Organization","@id":"https:\/\/www.ghostysky.com\/#organization","name":"Ghostysky","url":"https:\/\/www.ghostysky.com\/","logo":{"@type":"ImageObject","inLanguage":"fr-FR","@id":"https:\/\/www.ghostysky.com\/#\/schema\/logo\/image\/","url":"https:\/\/www.ghostysky.com\/wp-content\/uploads\/2020\/06\/cropped-ghostyskylogo_text_white2.png","contentUrl":"https:\/\/www.ghostysky.com\/wp-content\/uploads\/2020\/06\/cropped-ghostyskylogo_text_white2.png","width":169,"height":56,"caption":"Ghostysky"},"image":{"@id":"https:\/\/www.ghostysky.com\/#\/schema\/logo\/image\/"},"sameAs":["https:\/\/www.facebook.com\/people\/Ghostysky\/100057676170234\/","https:\/\/x.com\/Gh0stysky","https:\/\/www.linkedin.com\/company\/34739653","https:\/\/www.instagram.com\/gh0stysky"]}]}},"_links":{"self":[{"href":"https:\/\/www.ghostysky.com\/fr\/wp-json\/wp\/v2\/product\/10326","targetHints":{"allow":["GET"]}}],"collection":[{"href":"https:\/\/www.ghostysky.com\/fr\/wp-json\/wp\/v2\/product"}],"about":[{"href":"https:\/\/www.ghostysky.com\/fr\/wp-json\/wp\/v2\/types\/product"}],"replies":[{"embeddable":true,"href":"https:\/\/www.ghostysky.com\/fr\/wp-json\/wp\/v2\/comments?post=10326"}],"wp:featuredmedia":[{"embeddable":true,"href":"https:\/\/www.ghostysky.com\/fr\/wp-json\/wp\/v2\/media\/10328"}],"wp:attachment":[{"href":"https:\/\/www.ghostysky.com\/fr\/wp-json\/wp\/v2\/media?parent=10326"}],"wp:term":[{"taxonomy":"product_brand","embeddable":true,"href":"https:\/\/www.ghostysky.com\/fr\/wp-json\/wp\/v2\/product_brand?post=10326"},{"taxonomy":"product_cat","embeddable":true,"href":"https:\/\/www.ghostysky.com\/fr\/wp-json\/wp\/v2\/product_cat?post=10326"},{"taxonomy":"product_tag","embeddable":true,"href":"https:\/\/www.ghostysky.com\/fr\/wp-json\/wp\/v2\/product_tag?post=10326"}],"curies":[{"name":"wp","href":"https:\/\/api.w.org\/{rel}","templated":true}]}}