{"id":10415,"date":"2022-12-03T14:58:51","date_gmt":"2022-12-03T14:58:51","guid":{"rendered":"https:\/\/www.ghostysky.com\/?post_type=product&#038;p=10415"},"modified":"2026-03-25T13:48:36","modified_gmt":"2026-03-25T13:48:36","slug":"emlid-survey-pole-with-a-smartphone-mount","status":"publish","type":"product","link":"https:\/\/www.ghostysky.com\/fr\/product\/emlid-survey-pole-with-a-smartphone-mount\/","title":{"rendered":"Perche d&#039;arpentage Emlid avec support pour smartphone"},"content":{"rendered":"<h2 class=\"translation-block\">Perche d&#039;arpentage avec support pour smartphone.<br> B\u00e9n\u00e9ficiez de tous les avantages de l&#039;arpentage avec Emlid<\/h2>\n<p><a href=\"https:\/\/www.ghostysky.com\/wp-content\/uploads\/2022\/12\/SP-photo-scaled-1.webp\"><img fetchpriority=\"high\" decoding=\"async\" class=\"alignnone size-medium wp-image-10426 lazyload\" src=\"data:image\/gif;base64,R0lGODlhAQABAAAAACH5BAEKAAEALAAAAAABAAEAAAICTAEAOw==\" alt=\"\" width=\"1200\" height=\"696\" sizes=\"(max-width: 1200px) 100vw, 1200px\" data-src=\"data:image\/gif;base64,R0lGODlhAQABAAAAACH5BAEKAAEALAAAAAABAAEAAAICTAEAOw==\" data-srcset=\"\" srcset=\"\"><\/a><\/p>\n<p>&nbsp;<\/p>\n<table style=\"width: 90%; border: none;\">\n<tbody>\n<tr>\n<th style=\"width: 50%; border: none;\"><a style=\"color: blue;\">0,74 m pli\u00e9<\/a><\/p>\n<p>La construction l\u00e9g\u00e8re et compacte de seulement 0,74 m de longueur ferm\u00e9e est pratique pour les sorties sur le terrain.<\/p>\n<p><a style=\"color: blue; border: none;\">1,8 m \u00e9largi<\/a><\/p>\n<p>La construction en trois sections s&#039;\u00e9tend facilement jusqu&#039;\u00e0 1,8 m et offre une stabilit\u00e9 fiable \u00e0 l&#039;aide de verrous \u00e0 bascule solides.<\/p>\n<p><a style=\"color: blue; border: none;\">Filetage 5\/8\u2033<\/a><\/p>\n<p>Le filetage standard de l\u2019industrie de 5\/8\u2033 offre une compatibilit\u00e9 avec la majorit\u00e9 des \u00e9quipements g\u00e9od\u00e9siques.<\/p>\n<p><a style=\"color: blue; border: none;\">Poids uniform\u00e9ment r\u00e9parti<\/a><\/p>\n<p>L\u00e9ger et r\u00e9sistant \u00e0 la flexion, vous pouvez transporter votre perche avec son r\u00e9cepteur sans craindre de la faire tomber.<\/p>\n<p><a style=\"color: blue; border: none;\">Support de t\u00e9l\u00e9phone<\/a><\/p>\n<p>Le support pour smartphone ne doit \u00eatre install\u00e9 qu&#039;une seule fois sur votre perche, sans avoir \u00e0 le retirer. Une fois le travail termin\u00e9, repliez-le et rangez votre perche dans son sac de transport.<\/th>\n<th style=\"border: none;\"><a href=\"https:\/\/www.ghostysky.com\/wp-content\/uploads\/2022\/12\/pole-render-with-text-scaled-1.webp\"><img decoding=\"async\" class=\"alignnone wp-image-10425 lazyload\" src=\"data:image\/gif;base64,R0lGODlhAQABAAAAACH5BAEKAAEALAAAAAABAAEAAAICTAEAOw==\" alt=\"\" width=\"432\" height=\"629\" sizes=\"(max-width: 432px) 100vw, 432px\" data-src=\"data:image\/gif;base64,R0lGODlhAQABAAAAACH5BAEKAAEALAAAAAABAAEAAAICTAEAOw==\" data-srcset=\"\" srcset=\"\"><\/a><\/th>\n<\/tr>\n<\/tbody>\n<\/table>\n<p>&nbsp;<\/p>\n<h3>Commencer<\/h3>\n<p>&nbsp;<\/p>\n<table style=\"width: 90%; border: none;\">\n<tbody>\n<tr>\n<th style=\"width: 20%; border: none;\"><a href=\"https:\/\/www.ghostysky.com\/wp-content\/uploads\/2022\/12\/SP-ill-1.webp\"><img decoding=\"async\" class=\"alignnone size-medium wp-image-10424 lazyload\" src=\"data:image\/gif;base64,R0lGODlhAQABAAAAACH5BAEKAAEALAAAAAABAAEAAAICTAEAOw==\" alt=\"\" width=\"300\" height=\"300\" sizes=\"(max-width: 300px) 100vw, 300px\" data-src=\"data:image\/gif;base64,R0lGODlhAQABAAAAACH5BAEKAAEALAAAAAABAAEAAAICTAEAOw==\" data-srcset=\"\" srcset=\"\"><\/a><\/th>\n<th style=\"width: 20%; border: none;\"><a href=\"https:\/\/www.ghostysky.com\/wp-content\/uploads\/2022\/12\/SP-ill-2.webp\"><img loading=\"lazy\" decoding=\"async\" class=\"alignnone size-medium wp-image-10423 lazyload\" src=\"data:image\/gif;base64,R0lGODlhAQABAAAAACH5BAEKAAEALAAAAAABAAEAAAICTAEAOw==\" alt=\"\" width=\"300\" height=\"300\" sizes=\"(max-width: 300px) 100vw, 300px\" data-src=\"data:image\/gif;base64,R0lGODlhAQABAAAAACH5BAEKAAEALAAAAAABAAEAAAICTAEAOw==\" data-srcset=\"\" srcset=\"\"><\/a><\/th>\n<th style=\"width: 20%; border: none;\"><a href=\"https:\/\/www.ghostysky.com\/wp-content\/uploads\/2022\/12\/SP-ill-3.webp\"><img loading=\"lazy\" decoding=\"async\" class=\"alignnone size-medium wp-image-10422 lazyload\" src=\"data:image\/gif;base64,R0lGODlhAQABAAAAACH5BAEKAAEALAAAAAABAAEAAAICTAEAOw==\" alt=\"\" width=\"300\" height=\"300\" sizes=\"(max-width: 300px) 100vw, 300px\" data-src=\"data:image\/gif;base64,R0lGODlhAQABAAAAACH5BAEKAAEALAAAAAABAAEAAAICTAEAOw==\" data-srcset=\"\" srcset=\"\"><\/a><\/th>\n<th style=\"width: 20%; border: none;\"><a href=\"https:\/\/www.ghostysky.com\/wp-content\/uploads\/2022\/12\/SurveyPole_use_illustrations-04.webp\"><img loading=\"lazy\" decoding=\"async\" class=\"alignnone size-medium wp-image-10421 lazyload\" src=\"data:image\/gif;base64,R0lGODlhAQABAAAAACH5BAEKAAEALAAAAAABAAEAAAICTAEAOw==\" alt=\"\" width=\"300\" height=\"300\" sizes=\"(max-width: 300px) 100vw, 300px\" data-src=\"data:image\/gif;base64,R0lGODlhAQABAAAAACH5BAEKAAEALAAAAAABAAEAAAICTAEAOw==\" data-srcset=\"\" srcset=\"\"><\/a><\/th>\n<th style=\"width: 20%; border: none;\"><a href=\"https:\/\/www.ghostysky.com\/wp-content\/uploads\/2022\/12\/Set-up-device-holder-2.webp\"><img loading=\"lazy\" decoding=\"async\" class=\"alignnone size-medium wp-image-10420 lazyload\" src=\"data:image\/gif;base64,R0lGODlhAQABAAAAACH5BAEKAAEALAAAAAABAAEAAAICTAEAOw==\" alt=\"\" width=\"300\" height=\"182\" sizes=\"(max-width: 300px) 100vw, 300px\" data-src=\"data:image\/gif;base64,R0lGODlhAQABAAAAACH5BAEKAAEALAAAAAABAAEAAAICTAEAOw==\" data-srcset=\"\" srcset=\"\"><\/a><\/th>\n<\/tr>\n<tr>\n<th style=\"vertical-align: top; border: none;\"><span class=\"use__item_counter\">1. <\/span><br \/>\n<span class=\"use__item_counter\">Retirez la perche d&#039;arpentage et une pointe de l&#039;emballage<\/span><\/th>\n<th style=\"vertical-align: top; border: none;\">2.<br \/>\n\u00c0 l&#039;aide d&#039;une cl\u00e9 de 24 mm, vissez la pointe sur la perche d&#039;arpentage dans le sens des aiguilles d&#039;une montre jusqu&#039;\u00e0 la but\u00e9e<\/p>\n<h6 style=\"color: grey; font-size: 13px;\">Appliquez du LOCTITE\u00ae sur le filetage pour \u00e9viter le desserrage d\u00fb aux vibrations et aux chocs.<\/h6>\n<\/th>\n<th style=\"vertical-align: top; border: none;\">3.<br \/>\nD\u00e9ployez et fermez compl\u00e8tement les verrous \u00e0 bascule<\/p>\n<h6 style=\"color: grey; font-size: 13px;\">Assurez-vous que tous les verrous sont ferm\u00e9s. Faites attention \u00e0 vos doigts lorsque vous les fermez.<\/h6>\n<\/th>\n<th style=\"vertical-align: top; border: none;\">4.<br \/>\nMontez le r\u00e9cepteur \u00e0 l&#039;aide du filetage 5\/8\u2033 sur la perche d&#039;arpentage et serrez-le soigneusement \u00e0 la main jusqu&#039;\u00e0 la but\u00e9e<\/p>\n<h6 style=\"color: grey; font-size: 13px;\">S&#039;il est n\u00e9cessaire de remplacer l&#039;extr\u00e9mit\u00e9 pointue de la perche d&#039;arpentage, utilisez une cl\u00e9 de 14 mm.<\/h6>\n<\/th>\n<th style=\"vertical-align: top; border: none;\"><span class=\"setup-device__title\">5.<\/span><br \/>\n<span class=\"setup-device__title\">Installer un support pour smartphone<\/span><\/p>\n<ol class=\"setup-device__list\">\n<li>\n<h6 style=\"color: grey; font-size: 14px;\">D\u00e9pliez le support pour smartphone.<\/h6>\n<\/li>\n<li>\n<h6 style=\"color: grey; font-size: 14px;\">Ouvrez le bras de serrage et placez votre appareil de commande dans le support.<\/h6>\n<\/li>\n<li>\n<h6 style=\"color: grey; font-size: 14px;\">Faites pivoter le support jusqu&#039;\u00e0 la position souhait\u00e9e.<\/h6>\n<\/li>\n<\/ol>\n<h6 style=\"color: grey; font-size: 13px;\"><span class=\"setup-device__span\">Assurez-vous que le dispositif de commande est correctement \u00e9quilibr\u00e9 dans le support.<\/span><\/h6>\n<\/th>\n<\/tr>\n<\/tbody>\n<\/table>","protected":false},"excerpt":{"rendered":"<div class=\"nm-row nm-row-full vc_row wpb_row\">\n<div class=\"nm_column wpb_column vc_column_container col-sm-12\">\n<div class=\"vc_column-inner\">\n<div class=\"wpb_wrapper\">\n<div class=\"wpb_text_column wpb_content_element\">\n<div class=\"wpb_wrapper\">\n<p>Sa construction en trois parties assure une stabilit\u00e9 optimale gr\u00e2ce \u00e0 ses solides verrous \u00e0 bascule. Il est fourni avec un support pour smartphone compatible avec la plupart des appareils de contr\u00f4le et un sac de transport.<\/p>\n<table>\n<tbody>\n<tr>\n<th style=\"text-align: center;\">Longueur ferm\u00e9e<\/th>\n<th style=\"text-align: center;\">Hauteur maximale<\/th>\n<th style=\"text-align: center;\">Poids total<\/th>\n<\/tr>\n<tr>\n<td><center>0,74 m<center><\/center><\/center><\/td>\n<td><center>1,8 m<\/center><\/td>\n<td><center>900 g<\/center><\/td>\n<\/tr>\n<\/tbody>\n<\/table>\n<\/div>\n<\/div>\n<\/div>\n<\/div>\n<\/div>\n<\/div>\n<div class=\"nm-row nm-row-full vc_row wpb_row\">\n<div class=\"nm_column wpb_column vc_column_container col-sm-12\">\n<div class=\"vc_column-inner\">\n<div class=\"wpb_wrapper\">\n<div class=\"vc_empty_space\"><\/div>\n<div class=\"wpb_text_column wpb_content_element\">\n<div class=\"wpb_wrapper\">\n<p><strong>Le forfait comprend<\/strong><\/p>\n<p>\u2014 1 x perche d&#039;arpentage<br \/>\n\u2014 1 x Sac de transport<\/p>\n<\/div>\n<\/div>\n<\/div>\n<\/div>\n<\/div>\n<\/div>","protected":false},"featured_media":10419,"comment_status":"open","ping_status":"closed","template":"","meta":[],"product_brand":[],"product_cat":[367,89,30],"product_tag":[216,58,215],"class_list":{"0":"post-10415","1":"product","2":"type-product","3":"status-publish","4":"has-post-thumbnail","6":"product_cat-accessories-emlid","7":"product_cat-emlid","8":"product_cat-mobile-station","9":"product_tag-carbon-pole","10":"product_tag-emlid","11":"product_tag-pole","13":"first","14":"instock","15":"taxable","16":"shipping-taxable","17":"purchasable","18":"product-type-simple"},"yoast_head":"<!-- This site is optimized with the Yoast SEO plugin v27.1.1 - https:\/\/yoast.com\/product\/yoast-seo-wordpress\/ -->\n<title>Emlid Survey Pole with a smartphone mount -<\/title>\n<meta name=\"description\" content=\"The three-section construction delivers reliable stability with the help of solid flip locks. It comes equipped with a smartphone mount that fits most control devices and a carrying bag.\" \/>\n<meta name=\"robots\" content=\"index, follow, max-snippet:-1, max-image-preview:large, max-video-preview:-1\" \/>\n<link rel=\"canonical\" href=\"https:\/\/www.ghostysky.com\/fr\/product\/emlid-survey-pole-with-a-smartphone-mount\/\" \/>\n<meta property=\"og:locale\" content=\"fr_FR\" \/>\n<meta property=\"og:type\" content=\"article\" \/>\n<meta property=\"og:title\" content=\"Emlid Survey Pole with a smartphone mount -\" \/>\n<meta property=\"og:description\" content=\"The three-section construction delivers reliable stability with the help of solid flip locks. It comes equipped with a smartphone mount that fits most control devices and a carrying bag.\" \/>\n<meta property=\"og:url\" content=\"https:\/\/www.ghostysky.com\/fr\/product\/emlid-survey-pole-with-a-smartphone-mount\/\" \/>\n<meta property=\"og:site_name\" content=\"Ghostysky\" \/>\n<meta property=\"article:publisher\" content=\"https:\/\/www.facebook.com\/people\/Ghostysky\/100057676170234\/\" \/>\n<meta property=\"article:modified_time\" content=\"2026-03-25T13:48:36+00:00\" \/>\n<meta property=\"og:image\" content=\"https:\/\/www.ghostysky.com\/wp-content\/uploads\/2022\/12\/New_Emlid_Pole_1.webp\" \/>\n\t<meta property=\"og:image:width\" content=\"2500\" \/>\n\t<meta property=\"og:image:height\" content=\"2500\" \/>\n\t<meta property=\"og:image:type\" content=\"image\/webp\" \/>\n<meta name=\"twitter:card\" content=\"summary_large_image\" \/>\n<meta name=\"twitter:site\" content=\"@Gh0stysky\" \/>\n<meta name=\"twitter:label1\" content=\"Dur\u00e9e de lecture estim\u00e9e\" \/>\n\t<meta name=\"twitter:data1\" content=\"3 minutes\" \/>\n<script type=\"application\/ld+json\" class=\"yoast-schema-graph\">{\"@context\":\"https:\/\/schema.org\",\"@graph\":[{\"@type\":\"WebPage\",\"@id\":\"https:\/\/www.ghostysky.com\/product\/emlid-survey-pole-with-a-smartphone-mount\/\",\"url\":\"https:\/\/www.ghostysky.com\/product\/emlid-survey-pole-with-a-smartphone-mount\/\",\"name\":\"Emlid Survey Pole with a smartphone mount -\",\"isPartOf\":{\"@id\":\"https:\/\/www.ghostysky.com\/#website\"},\"primaryImageOfPage\":{\"@id\":\"https:\/\/www.ghostysky.com\/product\/emlid-survey-pole-with-a-smartphone-mount\/#primaryimage\"},\"image\":{\"@id\":\"https:\/\/www.ghostysky.com\/product\/emlid-survey-pole-with-a-smartphone-mount\/#primaryimage\"},\"thumbnailUrl\":\"https:\/\/www.ghostysky.com\/wp-content\/uploads\/2022\/12\/New_Emlid_Pole_1.webp\",\"datePublished\":\"2022-12-03T14:58:51+00:00\",\"dateModified\":\"2026-03-25T13:48:36+00:00\",\"description\":\"The three-section construction delivers reliable stability with the help of solid flip locks. It comes equipped with a smartphone mount that fits most control devices and a carrying bag.\",\"breadcrumb\":{\"@id\":\"https:\/\/www.ghostysky.com\/product\/emlid-survey-pole-with-a-smartphone-mount\/#breadcrumb\"},\"inLanguage\":\"fr-FR\",\"potentialAction\":[{\"@type\":\"ReadAction\",\"target\":[\"https:\/\/www.ghostysky.com\/product\/emlid-survey-pole-with-a-smartphone-mount\/\"]}]},{\"@type\":\"ImageObject\",\"inLanguage\":\"fr-FR\",\"@id\":\"https:\/\/www.ghostysky.com\/product\/emlid-survey-pole-with-a-smartphone-mount\/#primaryimage\",\"url\":\"https:\/\/www.ghostysky.com\/wp-content\/uploads\/2022\/12\/New_Emlid_Pole_1.webp\",\"contentUrl\":\"https:\/\/www.ghostysky.com\/wp-content\/uploads\/2022\/12\/New_Emlid_Pole_1.webp\",\"width\":2500,\"height\":2500},{\"@type\":\"BreadcrumbList\",\"@id\":\"https:\/\/www.ghostysky.com\/product\/emlid-survey-pole-with-a-smartphone-mount\/#breadcrumb\",\"itemListElement\":[{\"@type\":\"ListItem\",\"position\":1,\"name\":\"Home\",\"item\":\"https:\/\/www.ghostysky.com\/\"},{\"@type\":\"ListItem\",\"position\":2,\"name\":\"Shop\",\"item\":\"https:\/\/www.ghostysky.com\/shop\/\"},{\"@type\":\"ListItem\",\"position\":3,\"name\":\"Emlid Survey Pole with a smartphone mount\"}]},{\"@type\":\"WebSite\",\"@id\":\"https:\/\/www.ghostysky.com\/#website\",\"url\":\"https:\/\/www.ghostysky.com\/\",\"name\":\"Ghostysky\",\"description\":\"Delivering professional drones and services\",\"publisher\":{\"@id\":\"https:\/\/www.ghostysky.com\/#organization\"},\"potentialAction\":[{\"@type\":\"SearchAction\",\"target\":{\"@type\":\"EntryPoint\",\"urlTemplate\":\"https:\/\/www.ghostysky.com\/?s={search_term_string}\"},\"query-input\":{\"@type\":\"PropertyValueSpecification\",\"valueRequired\":true,\"valueName\":\"search_term_string\"}}],\"inLanguage\":\"fr-FR\"},{\"@type\":\"Organization\",\"@id\":\"https:\/\/www.ghostysky.com\/#organization\",\"name\":\"Ghostysky\",\"url\":\"https:\/\/www.ghostysky.com\/\",\"logo\":{\"@type\":\"ImageObject\",\"inLanguage\":\"fr-FR\",\"@id\":\"https:\/\/www.ghostysky.com\/#\/schema\/logo\/image\/\",\"url\":\"https:\/\/www.ghostysky.com\/wp-content\/uploads\/2020\/06\/cropped-ghostyskylogo_text_white2.png\",\"contentUrl\":\"https:\/\/www.ghostysky.com\/wp-content\/uploads\/2020\/06\/cropped-ghostyskylogo_text_white2.png\",\"width\":169,\"height\":56,\"caption\":\"Ghostysky\"},\"image\":{\"@id\":\"https:\/\/www.ghostysky.com\/#\/schema\/logo\/image\/\"},\"sameAs\":[\"https:\/\/www.facebook.com\/people\/Ghostysky\/100057676170234\/\",\"https:\/\/x.com\/Gh0stysky\",\"https:\/\/www.linkedin.com\/company\/34739653\",\"https:\/\/www.instagram.com\/gh0stysky\"]}]}<\/script>\n<!-- \/ Yoast SEO plugin. -->","yoast_head_json":{"title":"Perche d&#039;arpentage Emlid avec support pour smartphone -","description":"Sa construction en trois parties assure une stabilit\u00e9 optimale gr\u00e2ce \u00e0 ses solides verrous \u00e0 bascule. Il est fourni avec un support pour smartphone compatible avec la plupart des appareils de contr\u00f4le et un sac de transport.","robots":{"index":"index","follow":"follow","max-snippet":"max-snippet:-1","max-image-preview":"max-image-preview:large","max-video-preview":"max-video-preview:-1"},"canonical":"https:\/\/www.ghostysky.com\/fr\/product\/emlid-survey-pole-with-a-smartphone-mount\/","og_locale":"fr_FR","og_type":"article","og_title":"Emlid Survey Pole with a smartphone mount -","og_description":"The three-section construction delivers reliable stability with the help of solid flip locks. It comes equipped with a smartphone mount that fits most control devices and a carrying bag.","og_url":"https:\/\/www.ghostysky.com\/fr\/product\/emlid-survey-pole-with-a-smartphone-mount\/","og_site_name":"Ghostysky","article_publisher":"https:\/\/www.facebook.com\/people\/Ghostysky\/100057676170234\/","article_modified_time":"2026-03-25T13:48:36+00:00","og_image":[{"width":2500,"height":2500,"url":"https:\/\/www.ghostysky.com\/wp-content\/uploads\/2022\/12\/New_Emlid_Pole_1.webp","type":"image\/webp"}],"twitter_card":"summary_large_image","twitter_site":"@Gh0stysky","twitter_misc":{"Dur\u00e9e de lecture estim\u00e9e":"3 minutes"},"schema":{"@context":"https:\/\/schema.org","@graph":[{"@type":"WebPage","@id":"https:\/\/www.ghostysky.com\/product\/emlid-survey-pole-with-a-smartphone-mount\/","url":"https:\/\/www.ghostysky.com\/product\/emlid-survey-pole-with-a-smartphone-mount\/","name":"Perche d&#039;arpentage Emlid avec support pour smartphone -","isPartOf":{"@id":"https:\/\/www.ghostysky.com\/#website"},"primaryImageOfPage":{"@id":"https:\/\/www.ghostysky.com\/product\/emlid-survey-pole-with-a-smartphone-mount\/#primaryimage"},"image":{"@id":"https:\/\/www.ghostysky.com\/product\/emlid-survey-pole-with-a-smartphone-mount\/#primaryimage"},"thumbnailUrl":"https:\/\/www.ghostysky.com\/wp-content\/uploads\/2022\/12\/New_Emlid_Pole_1.webp","datePublished":"2022-12-03T14:58:51+00:00","dateModified":"2026-03-25T13:48:36+00:00","description":"Sa construction en trois parties assure une stabilit\u00e9 optimale gr\u00e2ce \u00e0 ses solides verrous \u00e0 bascule. Il est fourni avec un support pour smartphone compatible avec la plupart des appareils de contr\u00f4le et un sac de transport.","breadcrumb":{"@id":"https:\/\/www.ghostysky.com\/product\/emlid-survey-pole-with-a-smartphone-mount\/#breadcrumb"},"inLanguage":"fr-FR","potentialAction":[{"@type":"ReadAction","target":["https:\/\/www.ghostysky.com\/product\/emlid-survey-pole-with-a-smartphone-mount\/"]}]},{"@type":"ImageObject","inLanguage":"fr-FR","@id":"https:\/\/www.ghostysky.com\/product\/emlid-survey-pole-with-a-smartphone-mount\/#primaryimage","url":"https:\/\/www.ghostysky.com\/wp-content\/uploads\/2022\/12\/New_Emlid_Pole_1.webp","contentUrl":"https:\/\/www.ghostysky.com\/wp-content\/uploads\/2022\/12\/New_Emlid_Pole_1.webp","width":2500,"height":2500},{"@type":"BreadcrumbList","@id":"https:\/\/www.ghostysky.com\/product\/emlid-survey-pole-with-a-smartphone-mount\/#breadcrumb","itemListElement":[{"@type":"ListItem","position":1,"name":"Home","item":"https:\/\/www.ghostysky.com\/"},{"@type":"ListItem","position":2,"name":"Shop","item":"https:\/\/www.ghostysky.com\/shop\/"},{"@type":"ListItem","position":3,"name":"Emlid Survey Pole with a smartphone mount"}]},{"@type":"WebSite","@id":"https:\/\/www.ghostysky.com\/#website","url":"https:\/\/www.ghostysky.com\/","name":"Ghostysky","description":"Livraison de drones et de services professionnels","publisher":{"@id":"https:\/\/www.ghostysky.com\/#organization"},"potentialAction":[{"@type":"SearchAction","target":{"@type":"EntryPoint","urlTemplate":"https:\/\/www.ghostysky.com\/?s={search_term_string}"},"query-input":{"@type":"PropertyValueSpecification","valueRequired":true,"valueName":"search_term_string"}}],"inLanguage":"fr-FR"},{"@type":"Organization","@id":"https:\/\/www.ghostysky.com\/#organization","name":"Ghostysky","url":"https:\/\/www.ghostysky.com\/","logo":{"@type":"ImageObject","inLanguage":"fr-FR","@id":"https:\/\/www.ghostysky.com\/#\/schema\/logo\/image\/","url":"https:\/\/www.ghostysky.com\/wp-content\/uploads\/2020\/06\/cropped-ghostyskylogo_text_white2.png","contentUrl":"https:\/\/www.ghostysky.com\/wp-content\/uploads\/2020\/06\/cropped-ghostyskylogo_text_white2.png","width":169,"height":56,"caption":"Ghostysky"},"image":{"@id":"https:\/\/www.ghostysky.com\/#\/schema\/logo\/image\/"},"sameAs":["https:\/\/www.facebook.com\/people\/Ghostysky\/100057676170234\/","https:\/\/x.com\/Gh0stysky","https:\/\/www.linkedin.com\/company\/34739653","https:\/\/www.instagram.com\/gh0stysky"]}]}},"_links":{"self":[{"href":"https:\/\/www.ghostysky.com\/fr\/wp-json\/wp\/v2\/product\/10415","targetHints":{"allow":["GET"]}}],"collection":[{"href":"https:\/\/www.ghostysky.com\/fr\/wp-json\/wp\/v2\/product"}],"about":[{"href":"https:\/\/www.ghostysky.com\/fr\/wp-json\/wp\/v2\/types\/product"}],"replies":[{"embeddable":true,"href":"https:\/\/www.ghostysky.com\/fr\/wp-json\/wp\/v2\/comments?post=10415"}],"wp:featuredmedia":[{"embeddable":true,"href":"https:\/\/www.ghostysky.com\/fr\/wp-json\/wp\/v2\/media\/10419"}],"wp:attachment":[{"href":"https:\/\/www.ghostysky.com\/fr\/wp-json\/wp\/v2\/media?parent=10415"}],"wp:term":[{"taxonomy":"product_brand","embeddable":true,"href":"https:\/\/www.ghostysky.com\/fr\/wp-json\/wp\/v2\/product_brand?post=10415"},{"taxonomy":"product_cat","embeddable":true,"href":"https:\/\/www.ghostysky.com\/fr\/wp-json\/wp\/v2\/product_cat?post=10415"},{"taxonomy":"product_tag","embeddable":true,"href":"https:\/\/www.ghostysky.com\/fr\/wp-json\/wp\/v2\/product_tag?post=10415"}],"curies":[{"name":"wp","href":"https:\/\/api.w.org\/{rel}","templated":true}]}}