{"id":10591,"date":"2022-12-30T18:01:53","date_gmt":"2022-12-30T18:01:53","guid":{"rendered":"https:\/\/www.ghostysky.com\/?post_type=product&#038;p=10591"},"modified":"2024-05-26T10:45:32","modified_gmt":"2024-05-26T10:45:32","slug":"h520e-grey-edition-with-2-batteries","status":"publish","type":"product","link":"https:\/\/www.ghostysky.com\/fr\/product\/h520e-grey-edition-with-2-batteries\/","title":{"rendered":"H520E \u00c9dition Grise avec 2 batteries"},"content":{"rendered":"<p><b>CARACT\u00c9RISTIQUES PRINCIPALES<\/b><\/p>\n<ul>\n<li>Nouveau processeur de contr\u00f4le de vol puissant<\/li>\n<li>Nouveau connecteur de batterie avec conception \u00e0 s\u00e9curit\u00e9 int\u00e9gr\u00e9e<\/li>\n<li>Nouveau module OFDM longue port\u00e9e<\/li>\n<li>Con\u00e7u pour les exigences professionnelles, commerciales et gouvernementales<\/li>\n<li>Boussole de haute pr\u00e9cision et \u00e0 faible interf\u00e9rence<\/li>\n<li>Nouvelle interface de charge utile \u00e0 30 broches<\/li>\n<li>Aucun transfert de donn\u00e9es vers des serveurs externes<\/li>\n<li>Syst\u00e8me \u00e0 6 rotors stable et s\u00fbr<\/li>\n<li>Fonctionnement \u00e9conome en \u00e9nergie et silencieux<\/li>\n<li>ST16E avec \u00e9cran tactile 7 pouces int\u00e9gr\u00e9, sortie vocale et logiciel DataPilot\u2122 complet<\/li>\n<li>Signal HDMI directement depuis le ST16E pour diffuser l&#039;image en direct du drone sur des moniteurs plus grands<\/li>\n<li>Planification de mission sur ordinateur ou ST16E<\/li>\n<\/ul>\n<p><strong>Contenu de la bo\u00eete :<\/strong><\/p>\n<ul>\n<li>Hexacopt\u00e8re H520E avec module OFDM<\/li>\n<li>2 batteries 4S-6200mAh<\/li>\n<li>Chargeur UE<\/li>\n<li>C\u00e2ble de charge 12 V<\/li>\n<li>\u00c9metteur ST16E (\u00e9cran tactile)<\/li>\n<li>1 batterie ST16E<\/li>\n<li>C\u00e2ble de chargement USB<\/li>\n<li>Couverture d&#039;\u00e9cran pare-soleil<\/li>\n<li>Sangle de cou<\/li>\n<li>Carte SD<\/li>\n<li>Manuel d&#039;utilisation<\/li>\n<\/ul>\n<div class=\"product--description\">\n<p><strong>Sp\u00e9cifications techniques:<\/strong><\/p>\n<\/div>\n<div class=\"product--properties panel has--border\">\n<table class=\"product--properties-table\">\n<tbody>\n<tr class=\"product--properties-row\">\n<td class=\"product--properties-label is--bold\">DRONE:<\/td>\n<td class=\"product--properties-value\">\u2014\u2014\u2014\u2014\u2014<\/td>\n<\/tr>\n<tr class=\"product--properties-row\">\n<td class=\"product--properties-label is--bold\">Poids:<\/td>\n<td class=\"product--properties-value\">1856 g (sans appareil photo)<\/td>\n<\/tr>\n<tr class=\"product--properties-row\">\n<td class=\"product--properties-label is--bold\">Dur\u00e9e de vol maximale :<\/td>\n<td class=\"product--properties-value\">Jusqu&#039;\u00e0 25 min<\/td>\n<\/tr>\n<tr class=\"product--properties-row\">\n<td class=\"product--properties-label is--bold\">Altitude de vol maximale :<\/td>\n<td class=\"product--properties-value\">500 m<\/td>\n<\/tr>\n<tr class=\"product--properties-row\">\n<td class=\"product--properties-label is--bold\">Batterie:<\/td>\n<td class=\"product--properties-value\">Batterie lithium-ion 4S 6200 mAh<\/td>\n<\/tr>\n<tr class=\"product--properties-row\">\n<td class=\"product--properties-label is--bold\">Moteurs:<\/td>\n<td class=\"product--properties-value\">730 kV<\/td>\n<\/tr>\n<tr class=\"product--properties-row\">\n<td class=\"product--properties-label is--bold\">Longueur diagonale :<\/td>\n<td class=\"product--properties-value\">520 mm<\/td>\n<\/tr>\n<tr class=\"product--properties-row\">\n<td class=\"product--properties-label is--bold\">Taux de mont\u00e9e maximal\u00a0:<\/td>\n<td class=\"product--properties-value\">4 m\/s<\/td>\n<\/tr>\n<tr class=\"product--properties-row\">\n<td class=\"product--properties-label is--bold\">Taux de descente maximal\u00a0:<\/td>\n<td class=\"product--properties-value\">2,5 m\/s<\/td>\n<\/tr>\n<tr class=\"product--properties-row\">\n<td class=\"product--properties-label is--bold\">Temp\u00e9rature de fonctionnement :<\/td>\n<td class=\"product--properties-value\">0\u00b0C \u2013 40\u00b0C<\/td>\n<\/tr>\n<tr class=\"product--properties-row\">\n<td class=\"product--properties-label is--bold\">Temp\u00e9rature de stockage :<\/td>\n<td class=\"product--properties-value\">10\u00b0C \u2013 50\u00b0C<\/td>\n<\/tr>\n<tr class=\"product--properties-row\">\n<td class=\"product--properties-label is--bold\">Capteur:<\/td>\n<td class=\"product--properties-value\">Capteur \u00e0 ultrasons<\/td>\n<\/tr>\n<tr class=\"product--properties-row\">\n<td class=\"product--properties-label is--bold\">T\u00c9L\u00c9COMMANDE:<\/td>\n<td class=\"product--properties-value\">\u2014\u2014\u2014\u2014\u2014<\/td>\n<\/tr>\n<tr class=\"product--properties-row\">\n<td class=\"product--properties-label is--bold\">Syst\u00e8me op\u00e9rateur:<\/td>\n<td class=\"product--properties-value\">Android\u2122<\/td>\n<\/tr>\n<tr class=\"product--properties-row\">\n<td class=\"product--properties-label is--bold\">Nombre de canaux :<\/td>\n<td class=\"product--properties-value\">16<\/td>\n<\/tr>\n<tr class=\"product--properties-row\">\n<td class=\"product--properties-label is--bold\">Plage de distance de transmission (conditions optimales) :<\/td>\n<td class=\"product--properties-value\">4 km (Europe) \/ 6 km (FCC)<\/td>\n<\/tr>\n<tr class=\"product--properties-row\">\n<td class=\"product--properties-label is--bold\">Bande de fr\u00e9quence:<\/td>\n<td class=\"product--properties-value\">2,4 GHz<\/td>\n<\/tr>\n<tr class=\"product--properties-row\">\n<td class=\"product--properties-label is--bold\">R\u00e9solution du lien vid\u00e9o\u00a0:<\/td>\n<td class=\"product--properties-value\">HD 720p<\/td>\n<\/tr>\n<\/tbody>\n<\/table>\n<\/div>","protected":false},"excerpt":{"rendered":"<p>L&#039;hexacopt\u00e8re H520E-OFDM a \u00e9t\u00e9 sp\u00e9cialement d\u00e9velopp\u00e9 pour les applications de drones commerciaux et offre un outil polyvalent aux \u00e9quipes terrestres de recherche et sauvetage (SAR), aux inspecteurs, \u00e0 la police, aux pompiers et aux \u00e9quipes de topographie. Robuste, puissante et flexible, le H520E-OFDM s&#039;adapte parfaitement aux besoins individuels et permet ainsi de nombreuses applications sectorielles. Ses longues dur\u00e9es de vol et ses syst\u00e8mes de cam\u00e9ras de haute qualit\u00e9 avec donn\u00e9es GPS int\u00e9gr\u00e9es permettent d&#039;enregistrer une zone rapidement et pr\u00e9cis\u00e9ment, tandis que sa boussole de pr\u00e9cision sans interf\u00e9rences permet de voler m\u00eame dans des environnements auparavant difficiles. Outre ses performances et sa flexibilit\u00e9, la s\u00e9curit\u00e9 de vol et des donn\u00e9es du drone a \u00e9t\u00e9 particuli\u00e8rement importante lors du d\u00e9veloppement de la plateforme.<\/p>","protected":false},"featured_media":10592,"comment_status":"open","ping_status":"closed","template":"","meta":[],"product_brand":[],"product_cat":[29,307,118],"product_tag":[459,122,121],"class_list":{"0":"post-10591","1":"product","2":"type-product","3":"status-publish","4":"has-post-thumbnail","6":"product_cat-drones","7":"product_cat-drones-yuneec","8":"product_cat-yuneec","9":"product_tag-grey-edition","10":"product_tag-h520e","11":"product_tag-yuneec","13":"first","14":"onbackorder","15":"taxable","16":"shipping-taxable","17":"product-type-simple"},"yoast_head":"<!-- This site is optimized with the Yoast SEO plugin v27.4 - https:\/\/yoast.com\/product\/yoast-seo-wordpress\/ -->\n<title>H520E Grey Edition with 2 batteries -<\/title>\n<meta name=\"description\" content=\"The H520E-OFDM Hexacopter was specially developed for commercial drone applications and provides SAR ground teams, inspectors, police, fire brigades and surveying teams with a versatile tool.\" \/>\n<meta name=\"robots\" content=\"index, follow, max-snippet:-1, max-image-preview:large, max-video-preview:-1\" \/>\n<link rel=\"canonical\" href=\"https:\/\/www.ghostysky.com\/fr\/product\/h520e-grey-edition-with-2-batteries\/\" \/>\n<meta property=\"og:locale\" content=\"fr_FR\" \/>\n<meta property=\"og:type\" content=\"article\" \/>\n<meta property=\"og:title\" content=\"H520E Grey Edition with 2 batteries -\" \/>\n<meta property=\"og:description\" content=\"The H520E-OFDM Hexacopter was specially developed for commercial drone applications and provides SAR ground teams, inspectors, police, fire brigades and surveying teams with a versatile tool.\" \/>\n<meta property=\"og:url\" content=\"https:\/\/www.ghostysky.com\/fr\/product\/h520e-grey-edition-with-2-batteries\/\" \/>\n<meta property=\"og:site_name\" content=\"Ghostysky\" \/>\n<meta property=\"article:publisher\" content=\"https:\/\/www.facebook.com\/people\/Ghostysky\/100057676170234\/\" \/>\n<meta property=\"article:modified_time\" content=\"2024-05-26T10:45:32+00:00\" \/>\n<meta property=\"og:image\" content=\"https:\/\/www.ghostysky.com\/wp-content\/uploads\/2022\/12\/H520E_BL-01-scaled.webp\" \/>\n\t<meta property=\"og:image:width\" content=\"1920\" \/>\n\t<meta property=\"og:image:height\" content=\"2560\" \/>\n\t<meta property=\"og:image:type\" content=\"image\/webp\" \/>\n<meta name=\"twitter:card\" content=\"summary_large_image\" \/>\n<meta name=\"twitter:site\" content=\"@Gh0stysky\" \/>\n<meta name=\"twitter:label1\" content=\"Dur\u00e9e de lecture estim\u00e9e\" \/>\n\t<meta name=\"twitter:data1\" content=\"2 minutes\" \/>\n<script type=\"application\/ld+json\" class=\"yoast-schema-graph\">{\"@context\":\"https:\\\/\\\/schema.org\",\"@graph\":[{\"@type\":\"WebPage\",\"@id\":\"https:\\\/\\\/www.ghostysky.com\\\/product\\\/h520e-grey-edition-with-2-batteries\\\/\",\"url\":\"https:\\\/\\\/www.ghostysky.com\\\/product\\\/h520e-grey-edition-with-2-batteries\\\/\",\"name\":\"H520E Grey Edition with 2 batteries -\",\"isPartOf\":{\"@id\":\"https:\\\/\\\/www.ghostysky.com\\\/#website\"},\"primaryImageOfPage\":{\"@id\":\"https:\\\/\\\/www.ghostysky.com\\\/product\\\/h520e-grey-edition-with-2-batteries\\\/#primaryimage\"},\"image\":{\"@id\":\"https:\\\/\\\/www.ghostysky.com\\\/product\\\/h520e-grey-edition-with-2-batteries\\\/#primaryimage\"},\"thumbnailUrl\":\"https:\\\/\\\/www.ghostysky.com\\\/wp-content\\\/uploads\\\/2022\\\/12\\\/H520E_BL-01-scaled.webp\",\"datePublished\":\"2022-12-30T18:01:53+00:00\",\"dateModified\":\"2024-05-26T10:45:32+00:00\",\"description\":\"The H520E-OFDM Hexacopter was specially developed for commercial drone applications and provides SAR ground teams, inspectors, police, fire brigades and surveying teams with a versatile tool.\",\"breadcrumb\":{\"@id\":\"https:\\\/\\\/www.ghostysky.com\\\/product\\\/h520e-grey-edition-with-2-batteries\\\/#breadcrumb\"},\"inLanguage\":\"fr-FR\",\"potentialAction\":[{\"@type\":\"ReadAction\",\"target\":[\"https:\\\/\\\/www.ghostysky.com\\\/product\\\/h520e-grey-edition-with-2-batteries\\\/\"]}]},{\"@type\":\"ImageObject\",\"inLanguage\":\"fr-FR\",\"@id\":\"https:\\\/\\\/www.ghostysky.com\\\/product\\\/h520e-grey-edition-with-2-batteries\\\/#primaryimage\",\"url\":\"https:\\\/\\\/www.ghostysky.com\\\/wp-content\\\/uploads\\\/2022\\\/12\\\/H520E_BL-01-scaled.webp\",\"contentUrl\":\"https:\\\/\\\/www.ghostysky.com\\\/wp-content\\\/uploads\\\/2022\\\/12\\\/H520E_BL-01-scaled.webp\",\"width\":1920,\"height\":2560},{\"@type\":\"BreadcrumbList\",\"@id\":\"https:\\\/\\\/www.ghostysky.com\\\/product\\\/h520e-grey-edition-with-2-batteries\\\/#breadcrumb\",\"itemListElement\":[{\"@type\":\"ListItem\",\"position\":1,\"name\":\"Home\",\"item\":\"https:\\\/\\\/www.ghostysky.com\\\/\"},{\"@type\":\"ListItem\",\"position\":2,\"name\":\"Shop\",\"item\":\"https:\\\/\\\/www.ghostysky.com\\\/shop\\\/\"},{\"@type\":\"ListItem\",\"position\":3,\"name\":\"H520E Grey Edition with 2 batteries\"}]},{\"@type\":\"WebSite\",\"@id\":\"https:\\\/\\\/www.ghostysky.com\\\/#website\",\"url\":\"https:\\\/\\\/www.ghostysky.com\\\/\",\"name\":\"Ghostysky\",\"description\":\"Delivering professional drones and robotics solutions\",\"publisher\":{\"@id\":\"https:\\\/\\\/www.ghostysky.com\\\/#organization\"},\"potentialAction\":[{\"@type\":\"SearchAction\",\"target\":{\"@type\":\"EntryPoint\",\"urlTemplate\":\"https:\\\/\\\/www.ghostysky.com\\\/?s={search_term_string}\"},\"query-input\":{\"@type\":\"PropertyValueSpecification\",\"valueRequired\":true,\"valueName\":\"search_term_string\"}}],\"inLanguage\":\"fr-FR\"},{\"@type\":\"Organization\",\"@id\":\"https:\\\/\\\/www.ghostysky.com\\\/#organization\",\"name\":\"Ghostysky\",\"url\":\"https:\\\/\\\/www.ghostysky.com\\\/\",\"logo\":{\"@type\":\"ImageObject\",\"inLanguage\":\"fr-FR\",\"@id\":\"https:\\\/\\\/www.ghostysky.com\\\/#\\\/schema\\\/logo\\\/image\\\/\",\"url\":\"https:\\\/\\\/www.ghostysky.com\\\/wp-content\\\/uploads\\\/2020\\\/06\\\/cropped-ghostyskylogo_text_white2.png\",\"contentUrl\":\"https:\\\/\\\/www.ghostysky.com\\\/wp-content\\\/uploads\\\/2020\\\/06\\\/cropped-ghostyskylogo_text_white2.png\",\"width\":169,\"height\":56,\"caption\":\"Ghostysky\"},\"image\":{\"@id\":\"https:\\\/\\\/www.ghostysky.com\\\/#\\\/schema\\\/logo\\\/image\\\/\"},\"sameAs\":[\"https:\\\/\\\/www.facebook.com\\\/people\\\/Ghostysky\\\/100057676170234\\\/\",\"https:\\\/\\\/x.com\\\/Gh0stysky\",\"https:\\\/\\\/www.linkedin.com\\\/company\\\/34739653\",\"https:\\\/\\\/www.instagram.com\\\/gh0stysky\"]}]}<\/script>\n<!-- \/ Yoast SEO plugin. -->","yoast_head_json":{"title":"H520E Grey Edition avec 2 batteries -","description":"L&#039;hexacopt\u00e8re H520E-OFDM a \u00e9t\u00e9 sp\u00e9cialement d\u00e9velopp\u00e9 pour les applications de drones commerciaux et fournit aux \u00e9quipes terrestres SAR, aux inspecteurs, \u00e0 la police, aux pompiers et aux \u00e9quipes d&#039;arpentage un outil polyvalent.","robots":{"index":"index","follow":"follow","max-snippet":"max-snippet:-1","max-image-preview":"max-image-preview:large","max-video-preview":"max-video-preview:-1"},"canonical":"https:\/\/www.ghostysky.com\/fr\/product\/h520e-grey-edition-with-2-batteries\/","og_locale":"fr_FR","og_type":"article","og_title":"H520E Grey Edition with 2 batteries -","og_description":"The H520E-OFDM Hexacopter was specially developed for commercial drone applications and provides SAR ground teams, inspectors, police, fire brigades and surveying teams with a versatile tool.","og_url":"https:\/\/www.ghostysky.com\/fr\/product\/h520e-grey-edition-with-2-batteries\/","og_site_name":"Ghostysky","article_publisher":"https:\/\/www.facebook.com\/people\/Ghostysky\/100057676170234\/","article_modified_time":"2024-05-26T10:45:32+00:00","og_image":[{"width":1920,"height":2560,"url":"https:\/\/www.ghostysky.com\/wp-content\/uploads\/2022\/12\/H520E_BL-01-scaled.webp","type":"image\/webp"}],"twitter_card":"summary_large_image","twitter_site":"@Gh0stysky","twitter_misc":{"Dur\u00e9e de lecture estim\u00e9e":"2 minutes"},"schema":{"@context":"https:\/\/schema.org","@graph":[{"@type":"WebPage","@id":"https:\/\/www.ghostysky.com\/product\/h520e-grey-edition-with-2-batteries\/","url":"https:\/\/www.ghostysky.com\/product\/h520e-grey-edition-with-2-batteries\/","name":"H520E Grey Edition avec 2 batteries -","isPartOf":{"@id":"https:\/\/www.ghostysky.com\/#website"},"primaryImageOfPage":{"@id":"https:\/\/www.ghostysky.com\/product\/h520e-grey-edition-with-2-batteries\/#primaryimage"},"image":{"@id":"https:\/\/www.ghostysky.com\/product\/h520e-grey-edition-with-2-batteries\/#primaryimage"},"thumbnailUrl":"https:\/\/www.ghostysky.com\/wp-content\/uploads\/2022\/12\/H520E_BL-01-scaled.webp","datePublished":"2022-12-30T18:01:53+00:00","dateModified":"2024-05-26T10:45:32+00:00","description":"L&#039;hexacopt\u00e8re H520E-OFDM a \u00e9t\u00e9 sp\u00e9cialement d\u00e9velopp\u00e9 pour les applications de drones commerciaux et fournit aux \u00e9quipes terrestres SAR, aux inspecteurs, \u00e0 la police, aux pompiers et aux \u00e9quipes d&#039;arpentage un outil polyvalent.","breadcrumb":{"@id":"https:\/\/www.ghostysky.com\/product\/h520e-grey-edition-with-2-batteries\/#breadcrumb"},"inLanguage":"fr-FR","potentialAction":[{"@type":"ReadAction","target":["https:\/\/www.ghostysky.com\/product\/h520e-grey-edition-with-2-batteries\/"]}]},{"@type":"ImageObject","inLanguage":"fr-FR","@id":"https:\/\/www.ghostysky.com\/product\/h520e-grey-edition-with-2-batteries\/#primaryimage","url":"https:\/\/www.ghostysky.com\/wp-content\/uploads\/2022\/12\/H520E_BL-01-scaled.webp","contentUrl":"https:\/\/www.ghostysky.com\/wp-content\/uploads\/2022\/12\/H520E_BL-01-scaled.webp","width":1920,"height":2560},{"@type":"BreadcrumbList","@id":"https:\/\/www.ghostysky.com\/product\/h520e-grey-edition-with-2-batteries\/#breadcrumb","itemListElement":[{"@type":"ListItem","position":1,"name":"Home","item":"https:\/\/www.ghostysky.com\/"},{"@type":"ListItem","position":2,"name":"Shop","item":"https:\/\/www.ghostysky.com\/shop\/"},{"@type":"ListItem","position":3,"name":"H520E Grey Edition with 2 batteries"}]},{"@type":"WebSite","@id":"https:\/\/www.ghostysky.com\/#website","url":"https:\/\/www.ghostysky.com\/","name":"Ghostysky","description":"Fourniture de solutions professionnelles en mati\u00e8re de drones et de robotique","publisher":{"@id":"https:\/\/www.ghostysky.com\/#organization"},"potentialAction":[{"@type":"SearchAction","target":{"@type":"EntryPoint","urlTemplate":"https:\/\/www.ghostysky.com\/?s={search_term_string}"},"query-input":{"@type":"PropertyValueSpecification","valueRequired":true,"valueName":"search_term_string"}}],"inLanguage":"fr-FR"},{"@type":"Organization","@id":"https:\/\/www.ghostysky.com\/#organization","name":"Ghostysky","url":"https:\/\/www.ghostysky.com\/","logo":{"@type":"ImageObject","inLanguage":"fr-FR","@id":"https:\/\/www.ghostysky.com\/#\/schema\/logo\/image\/","url":"https:\/\/www.ghostysky.com\/wp-content\/uploads\/2020\/06\/cropped-ghostyskylogo_text_white2.png","contentUrl":"https:\/\/www.ghostysky.com\/wp-content\/uploads\/2020\/06\/cropped-ghostyskylogo_text_white2.png","width":169,"height":56,"caption":"Ghostysky"},"image":{"@id":"https:\/\/www.ghostysky.com\/#\/schema\/logo\/image\/"},"sameAs":["https:\/\/www.facebook.com\/people\/Ghostysky\/100057676170234\/","https:\/\/x.com\/Gh0stysky","https:\/\/www.linkedin.com\/company\/34739653","https:\/\/www.instagram.com\/gh0stysky"]}]}},"_links":{"self":[{"href":"https:\/\/www.ghostysky.com\/fr\/wp-json\/wp\/v2\/product\/10591","targetHints":{"allow":["GET"]}}],"collection":[{"href":"https:\/\/www.ghostysky.com\/fr\/wp-json\/wp\/v2\/product"}],"about":[{"href":"https:\/\/www.ghostysky.com\/fr\/wp-json\/wp\/v2\/types\/product"}],"replies":[{"embeddable":true,"href":"https:\/\/www.ghostysky.com\/fr\/wp-json\/wp\/v2\/comments?post=10591"}],"version-history":[{"count":0,"href":"https:\/\/www.ghostysky.com\/fr\/wp-json\/wp\/v2\/product\/10591\/revisions"}],"wp:featuredmedia":[{"embeddable":true,"href":"https:\/\/www.ghostysky.com\/fr\/wp-json\/wp\/v2\/media\/10592"}],"wp:attachment":[{"href":"https:\/\/www.ghostysky.com\/fr\/wp-json\/wp\/v2\/media?parent=10591"}],"wp:term":[{"taxonomy":"product_brand","embeddable":true,"href":"https:\/\/www.ghostysky.com\/fr\/wp-json\/wp\/v2\/product_brand?post=10591"},{"taxonomy":"product_cat","embeddable":true,"href":"https:\/\/www.ghostysky.com\/fr\/wp-json\/wp\/v2\/product_cat?post=10591"},{"taxonomy":"product_tag","embeddable":true,"href":"https:\/\/www.ghostysky.com\/fr\/wp-json\/wp\/v2\/product_tag?post=10591"}],"curies":[{"name":"wp","href":"https:\/\/api.w.org\/{rel}","templated":true}]}}