{"id":10609,"date":"2022-12-30T18:29:46","date_gmt":"2022-12-30T18:29:46","guid":{"rendered":"https:\/\/www.ghostysky.com\/?post_type=product&#038;p=10609"},"modified":"2023-04-03T19:40:07","modified_gmt":"2023-04-03T19:40:07","slug":"atl-oblique-camera-for-h850","status":"publish","type":"product","link":"https:\/\/www.ghostysky.com\/fr\/product\/atl-oblique-camera-for-h850\/","title":{"rendered":"Cam\u00e9ra oblique ATL pour H850"},"content":{"rendered":"<p>Les g\u00e9om\u00e8tres et les professionnels du SIG ont les normes les plus \u00e9lev\u00e9es en ce qui concerne leurs outils et leur m\u00e9tier.<\/p>\n<p>Il n\u2019est pas \u00e9tonnant que de nombreux g\u00e9om\u00e8tres utilisent nos drones pour leurs besoins de cartographie et de mod\u00e9lisation 3D.<br \/>\nLes drones d&#039;arpentage obtiennent syst\u00e9matiquement des r\u00e9sultats qui r\u00e9pondent aux normes de pr\u00e9cision de niveau topographique, et compar\u00e9s<br \/>\naux techniques d\u2019arpentage traditionnelles ; les drones r\u00e9duisent le temps, le co\u00fbt et les efforts n\u00e9cessaires.<\/p>\n<p>Effectuer des relev\u00e9s avec des drones est plus compliqu\u00e9 que de simplement prendre quelques photos d&#039;en haut.<br \/>\nPlusieurs \u00e9tapes sont n\u00e9cessaires, depuis la pr\u00e9paration des points de contr\u00f4le au sol, la planification des missions et<br \/>\ntraiter les images que vous capturez avec un logiciel de \u00ab topographie \u00bb.<\/p>\n<p>Les g\u00e9om\u00e8tres sont souvent charg\u00e9s de produire des orthomosa\u00efques \u00e0 haute r\u00e9solution construites \u00e0 l&#039;aide de la photogramm\u00e9trie<br \/>\ntechniques ou mod\u00e8les 3D cr\u00e9\u00e9s \u00e0 l&#039;aide de cam\u00e9ras obliques et de techniques de topographie 3D.<br \/>\nEn utilisant le combo d&#039;arpentage H850-RTK+ATL 102S V3, les g\u00e9om\u00e8tres disposent de la solution d&#039;arpentage ultime \u00e0 leur disposition.<br \/>\npr\u00e9cision et efficacit\u00e9 \u00e0 port\u00e9e de main. Gr\u00e2ce \u00e0 la cam\u00e9ra oblique ATL 102S V3, les g\u00e9om\u00e8tres peuvent d\u00e9sormais capturer<br \/>\net cr\u00e9er des mod\u00e8les 3D de leurs objets plus efficacement que jamais.<br \/>\n<strong><br \/>\nQu&#039;est-ce que la photographie oblique ?<\/strong><\/p>\n<p>Dans la recherche sur les drones, une technique qui a connu du succ\u00e8s dans la mod\u00e9lisation 3D est l&#039;utilisation de la photogramm\u00e9trie oblique, o\u00f9 les images<br \/>\nsont captur\u00e9es par cinq lentilles. Ces lentilles multiples sont mont\u00e9es ensemble selon un r\u00e9seau \u00e0 angles d&#039;axe fixes.<br \/>\nLes images obtenues r\u00e9v\u00e8lent des d\u00e9tails qui sont parfois n\u00e9glig\u00e9s lors de prises de vue verticales uniquement, comme des \u00e9l\u00e9ments masqu\u00e9s par la v\u00e9g\u00e9tation ou des structures hautes.<\/p>\n<p>La cam\u00e9ra oblique ATL 102S V3 utilise un syst\u00e8me m\u00e9canique avec cinq cam\u00e9ras en positions fixes dans une configuration crois\u00e9e ; une cam\u00e9ra au centre<br \/>\nest entour\u00e9 de quatre autres cam\u00e9ras, avant, arri\u00e8re, gauche et droite, espac\u00e9es de mani\u00e8re \u00e9gale \u00e0 90 degr\u00e9s. Ce syst\u00e8me positionne la cam\u00e9ra centrale \u00e0<br \/>\nun angle oblique o\u00f9 l&#039;angle \u00ab nadir \u00bb (le point directement sous la cam\u00e9ra au niveau du sol) se trouve \u00e0 un point fixe connu dans le cadre.<br \/>\n<strong><br \/>\nAvantages de la photographie oblique<\/strong><\/p>\n<p>Les images captur\u00e9es avec une cam\u00e9ra inclin\u00e9e (ATL 102S V3) r\u00e9v\u00e8lent des d\u00e9tails qui auraient autrement \u00e9t\u00e9 masqu\u00e9s en vue verticale par le feuillage ou les grands b\u00e2timents.<br \/>\nLa photographie en angle permet de d\u00e9terminer plus facilement et avec pr\u00e9cision la hauteur des objets par rapport \u00e0 la photographie a\u00e9rienne verticale. Contrairement \u00e0 une configuration orthographique, o\u00f9<br \/>\nla cam\u00e9ra centrale regarde directement vers le bas, le syst\u00e8me oblique capture une plus grande partie des donn\u00e9es d&#039;\u00e9l\u00e9vation relative devant lui.<br \/>\nCela annule \u00e9galement toute distorsion de l&#039;objectif dans toutes les directions autour du point focal, dont souffre souvent la m\u00e9thode orthographique.<br \/>\nEn utilisant plusieurs prises de vue \u00e0 intervalles contr\u00f4l\u00e9s, les informations de position et d&#039;\u00e9l\u00e9vation relative recueillies \u00e0 partir de chaque ensemble de donn\u00e9es peuvent \u00eatre compar\u00e9es, contrast\u00e9es, puis fusionn\u00e9es.<br \/>\npour donner les informations d&#039;\u00e9l\u00e9vation relative entre les entit\u00e9s de la zone cible, la cr\u00e9ation d&#039;une carte est cr\u00e9\u00e9e avec des donn\u00e9es de position et d&#039;\u00e9l\u00e9vation, qui peuvent \u00eatre<br \/>\naffich\u00e9 sous forme de carte 3D de la zone \u00e9tudi\u00e9e.<\/p>\n<div>\n<table border=\"0\">\n<tbody>\n<tr>\n<td>\n<div>\n<table border=\"0\">\n<tbody>\n<tr>\n<td>\n<table border=\"0\">\n<tbody>\n<tr>\n<td><strong>CARACT\u00c9RISTIQUES<\/strong><\/p>\n<p>Dimensions : 120*120*83 mm ; 171*192*185 mm (avec cardan)<br \/>\n<strong>Poids:<\/strong>\u00a01100 grammes, cardan inclus<br \/>\n<strong>Classe IP:<\/strong>\u00a0IP5X<br \/>\n<strong>Temp\u00e9rature de fonctionnement:<\/strong>\u00a0-10 \u00b0C \u2013 40 \u00b0C<br \/>\n<strong>Temp\u00e9rature de stockage :<\/strong>-20 \u00b0C \u2013 50 \u00b0C<br \/>\n<strong>Alimentation de la cam\u00e9ra externe :\u00a0<\/strong>12-50 V CC<br \/>\n<strong>Objectif unique \u00e0 pixels efficaces\u00a0:<\/strong>\u00a0\u2265 25 millions de pixels (125 millions de pixels au total)<br \/>\n<strong>Taille du capteur :<\/strong>\u00a023,1 x 15,4 mm<br \/>\n<strong>Taille des pixels :<\/strong>\u00a03,76 um<br \/>\n<strong>Taille de l&#039;image :\u00a0<\/strong>6144 \u00d7 4096 px<br \/>\n<strong>Stockage des donn\u00e9es :<\/strong>\u00a0fichier photo\/POS contenant des informations GPS et des informations sur les param\u00e8tres de l&#039;appareil photo<br \/>\n<strong>Distance focale en diagonale :<\/strong>\u00a035 mm (incidence normale : 25 mm)<br \/>\n<strong>Angle oblique :<\/strong>\u00a045 degr\u00e9s<br \/>\n<strong>Intervalle ISO :<\/strong>\u00a020, 040, 064, 080, 010, 000, 000<br \/>\n<strong>Vitesse d&#039;obturation :<\/strong>\u00a01\/500, 1\/640, 1\/800, 1\/1000 et 1\/1250<br \/>\n<strong>Taille de l&#039;ouverture :\u00a0<\/strong>F 5.6<br \/>\n<strong>Capacit\u00e9 de stockage :<\/strong>\u00a0Le module de stockage de donn\u00e9es est enfichable et amovible avec une capacit\u00e9 de 1&#039;280 Go.<br \/>\n<strong>Mode de fonctionnement:<\/strong>\u00a0d\u00e9clencheur de contr\u00f4le de vol, d\u00e9clencheur isom\u00e9trique et d\u00e9clencheur isochrone<br \/>\n<strong>Stabilisation:<\/strong>\u00a03 axes (tangage, roulis, lacet)<br \/>\nPlage de rotation du cardan : tangage : -120\u00b0-+45\u00b0, roulis : \u00b145\u00b0 et lacet : \u00b1160\u00b0<\/td>\n<\/tr>\n<\/tbody>\n<\/table>\n<\/td>\n<\/tr>\n<\/tbody>\n<\/table>\n<\/div>\n<\/td>\n<\/tr>\n<\/tbody>\n<\/table>\n<\/div>","protected":false},"excerpt":{"rendered":"<p>Avec le combo topographique H850-RTK+ATL 102S V3, les g\u00e9om\u00e8tres disposent d&#039;une solution topographique optimale, alliant pr\u00e9cision et efficacit\u00e9. Gr\u00e2ce \u00e0 la cam\u00e9ra oblique ATL 102S V3, ils peuvent d\u00e9sormais capturer et mod\u00e9liser leurs objets en 3D avec une efficacit\u00e9 in\u00e9gal\u00e9e.<\/p>","protected":false},"featured_media":10612,"comment_status":"open","ping_status":"closed","template":"","meta":[],"product_brand":[],"product_cat":[120,29,118],"product_tag":[460,389],"class_list":{"0":"post-10609","1":"product","2":"type-product","3":"status-publish","4":"has-post-thumbnail","6":"product_cat-yuneec-cameras","7":"product_cat-drones","8":"product_cat-yuneec","9":"product_tag-atl-102s-v3","10":"product_tag-h850","12":"first","13":"onbackorder","14":"taxable","15":"shipping-taxable","16":"product-type-simple"},"yoast_head":"<!-- This site is optimized with the Yoast SEO plugin v27.4 - https:\/\/yoast.com\/product\/yoast-seo-wordpress\/ -->\n<title>ATL Oblique Camera for H850 -<\/title>\n<meta name=\"description\" content=\"With H850-RTK+ATL 102S V3 surveying combo, surveyors have the ultimate surveying solution at their fingertips in terms of accuracy and efficiency. Thanks to the ATL 102S V3 oblique camera, surveyors can now capture and create 3D models of their objects more efficiently than ever before.\" \/>\n<meta name=\"robots\" content=\"index, follow, max-snippet:-1, max-image-preview:large, max-video-preview:-1\" \/>\n<link rel=\"canonical\" href=\"https:\/\/www.ghostysky.com\/fr\/product\/atl-oblique-camera-for-h850\/\" \/>\n<meta property=\"og:locale\" content=\"fr_FR\" \/>\n<meta property=\"og:type\" content=\"article\" \/>\n<meta property=\"og:title\" content=\"ATL Oblique Camera for H850 -\" \/>\n<meta property=\"og:description\" content=\"With H850-RTK+ATL 102S V3 surveying combo, surveyors have the ultimate surveying solution at their fingertips in terms of accuracy and efficiency. Thanks to the ATL 102S V3 oblique camera, surveyors can now capture and create 3D models of their objects more efficiently than ever before.\" \/>\n<meta property=\"og:url\" content=\"https:\/\/www.ghostysky.com\/fr\/product\/atl-oblique-camera-for-h850\/\" \/>\n<meta property=\"og:site_name\" content=\"Ghostysky\" \/>\n<meta property=\"article:publisher\" content=\"https:\/\/www.facebook.com\/people\/Ghostysky\/100057676170234\/\" \/>\n<meta property=\"article:modified_time\" content=\"2023-04-03T19:40:07+00:00\" \/>\n<meta property=\"og:image\" content=\"https:\/\/www.ghostysky.com\/wp-content\/uploads\/2022\/12\/H850-Olique-1.webp\" \/>\n\t<meta property=\"og:image:width\" content=\"1490\" \/>\n\t<meta property=\"og:image:height\" content=\"1404\" \/>\n\t<meta property=\"og:image:type\" content=\"image\/webp\" \/>\n<meta name=\"twitter:card\" content=\"summary_large_image\" \/>\n<meta name=\"twitter:site\" content=\"@Gh0stysky\" \/>\n<meta name=\"twitter:label1\" content=\"Dur\u00e9e de lecture estim\u00e9e\" \/>\n\t<meta name=\"twitter:data1\" content=\"3 minutes\" \/>\n<script type=\"application\/ld+json\" class=\"yoast-schema-graph\">{\"@context\":\"https:\\\/\\\/schema.org\",\"@graph\":[{\"@type\":\"WebPage\",\"@id\":\"https:\\\/\\\/www.ghostysky.com\\\/product\\\/atl-oblique-camera-for-h850\\\/\",\"url\":\"https:\\\/\\\/www.ghostysky.com\\\/product\\\/atl-oblique-camera-for-h850\\\/\",\"name\":\"ATL Oblique Camera for H850 -\",\"isPartOf\":{\"@id\":\"https:\\\/\\\/www.ghostysky.com\\\/#website\"},\"primaryImageOfPage\":{\"@id\":\"https:\\\/\\\/www.ghostysky.com\\\/product\\\/atl-oblique-camera-for-h850\\\/#primaryimage\"},\"image\":{\"@id\":\"https:\\\/\\\/www.ghostysky.com\\\/product\\\/atl-oblique-camera-for-h850\\\/#primaryimage\"},\"thumbnailUrl\":\"https:\\\/\\\/www.ghostysky.com\\\/wp-content\\\/uploads\\\/2022\\\/12\\\/H850-Olique-1.webp\",\"datePublished\":\"2022-12-30T18:29:46+00:00\",\"dateModified\":\"2023-04-03T19:40:07+00:00\",\"description\":\"With H850-RTK+ATL 102S V3 surveying combo, surveyors have the ultimate surveying solution at their fingertips in terms of accuracy and efficiency. Thanks to the ATL 102S V3 oblique camera, surveyors can now capture and create 3D models of their objects more efficiently than ever before.\",\"breadcrumb\":{\"@id\":\"https:\\\/\\\/www.ghostysky.com\\\/product\\\/atl-oblique-camera-for-h850\\\/#breadcrumb\"},\"inLanguage\":\"fr-FR\",\"potentialAction\":[{\"@type\":\"ReadAction\",\"target\":[\"https:\\\/\\\/www.ghostysky.com\\\/product\\\/atl-oblique-camera-for-h850\\\/\"]}]},{\"@type\":\"ImageObject\",\"inLanguage\":\"fr-FR\",\"@id\":\"https:\\\/\\\/www.ghostysky.com\\\/product\\\/atl-oblique-camera-for-h850\\\/#primaryimage\",\"url\":\"https:\\\/\\\/www.ghostysky.com\\\/wp-content\\\/uploads\\\/2022\\\/12\\\/H850-Olique-1.webp\",\"contentUrl\":\"https:\\\/\\\/www.ghostysky.com\\\/wp-content\\\/uploads\\\/2022\\\/12\\\/H850-Olique-1.webp\",\"width\":1490,\"height\":1404},{\"@type\":\"BreadcrumbList\",\"@id\":\"https:\\\/\\\/www.ghostysky.com\\\/product\\\/atl-oblique-camera-for-h850\\\/#breadcrumb\",\"itemListElement\":[{\"@type\":\"ListItem\",\"position\":1,\"name\":\"Home\",\"item\":\"https:\\\/\\\/www.ghostysky.com\\\/\"},{\"@type\":\"ListItem\",\"position\":2,\"name\":\"Shop\",\"item\":\"https:\\\/\\\/www.ghostysky.com\\\/shop\\\/\"},{\"@type\":\"ListItem\",\"position\":3,\"name\":\"ATL Oblique Camera for H850\"}]},{\"@type\":\"WebSite\",\"@id\":\"https:\\\/\\\/www.ghostysky.com\\\/#website\",\"url\":\"https:\\\/\\\/www.ghostysky.com\\\/\",\"name\":\"Ghostysky\",\"description\":\"Delivering professional drones and robotics solutions\",\"publisher\":{\"@id\":\"https:\\\/\\\/www.ghostysky.com\\\/#organization\"},\"potentialAction\":[{\"@type\":\"SearchAction\",\"target\":{\"@type\":\"EntryPoint\",\"urlTemplate\":\"https:\\\/\\\/www.ghostysky.com\\\/?s={search_term_string}\"},\"query-input\":{\"@type\":\"PropertyValueSpecification\",\"valueRequired\":true,\"valueName\":\"search_term_string\"}}],\"inLanguage\":\"fr-FR\"},{\"@type\":\"Organization\",\"@id\":\"https:\\\/\\\/www.ghostysky.com\\\/#organization\",\"name\":\"Ghostysky\",\"url\":\"https:\\\/\\\/www.ghostysky.com\\\/\",\"logo\":{\"@type\":\"ImageObject\",\"inLanguage\":\"fr-FR\",\"@id\":\"https:\\\/\\\/www.ghostysky.com\\\/#\\\/schema\\\/logo\\\/image\\\/\",\"url\":\"https:\\\/\\\/www.ghostysky.com\\\/wp-content\\\/uploads\\\/2020\\\/06\\\/cropped-ghostyskylogo_text_white2.png\",\"contentUrl\":\"https:\\\/\\\/www.ghostysky.com\\\/wp-content\\\/uploads\\\/2020\\\/06\\\/cropped-ghostyskylogo_text_white2.png\",\"width\":169,\"height\":56,\"caption\":\"Ghostysky\"},\"image\":{\"@id\":\"https:\\\/\\\/www.ghostysky.com\\\/#\\\/schema\\\/logo\\\/image\\\/\"},\"sameAs\":[\"https:\\\/\\\/www.facebook.com\\\/people\\\/Ghostysky\\\/100057676170234\\\/\",\"https:\\\/\\\/x.com\\\/Gh0stysky\",\"https:\\\/\\\/www.linkedin.com\\\/company\\\/34739653\",\"https:\\\/\\\/www.instagram.com\\\/gh0stysky\"]}]}<\/script>\n<!-- \/ Yoast SEO plugin. -->","yoast_head_json":{"title":"Cam\u00e9ra oblique ATL pour H850 -","description":"Avec le combo topographique H850-RTK+ATL 102S V3, les g\u00e9om\u00e8tres disposent d&#039;une solution topographique optimale, alliant pr\u00e9cision et efficacit\u00e9. Gr\u00e2ce \u00e0 la cam\u00e9ra oblique ATL 102S V3, ils peuvent d\u00e9sormais capturer et mod\u00e9liser leurs objets en 3D avec une efficacit\u00e9 in\u00e9gal\u00e9e.","robots":{"index":"index","follow":"follow","max-snippet":"max-snippet:-1","max-image-preview":"max-image-preview:large","max-video-preview":"max-video-preview:-1"},"canonical":"https:\/\/www.ghostysky.com\/fr\/product\/atl-oblique-camera-for-h850\/","og_locale":"fr_FR","og_type":"article","og_title":"ATL Oblique Camera for H850 -","og_description":"With H850-RTK+ATL 102S V3 surveying combo, surveyors have the ultimate surveying solution at their fingertips in terms of accuracy and efficiency. Thanks to the ATL 102S V3 oblique camera, surveyors can now capture and create 3D models of their objects more efficiently than ever before.","og_url":"https:\/\/www.ghostysky.com\/fr\/product\/atl-oblique-camera-for-h850\/","og_site_name":"Ghostysky","article_publisher":"https:\/\/www.facebook.com\/people\/Ghostysky\/100057676170234\/","article_modified_time":"2023-04-03T19:40:07+00:00","og_image":[{"width":1490,"height":1404,"url":"https:\/\/www.ghostysky.com\/wp-content\/uploads\/2022\/12\/H850-Olique-1.webp","type":"image\/webp"}],"twitter_card":"summary_large_image","twitter_site":"@Gh0stysky","twitter_misc":{"Dur\u00e9e de lecture estim\u00e9e":"3 minutes"},"schema":{"@context":"https:\/\/schema.org","@graph":[{"@type":"WebPage","@id":"https:\/\/www.ghostysky.com\/product\/atl-oblique-camera-for-h850\/","url":"https:\/\/www.ghostysky.com\/product\/atl-oblique-camera-for-h850\/","name":"Cam\u00e9ra oblique ATL pour H850 -","isPartOf":{"@id":"https:\/\/www.ghostysky.com\/#website"},"primaryImageOfPage":{"@id":"https:\/\/www.ghostysky.com\/product\/atl-oblique-camera-for-h850\/#primaryimage"},"image":{"@id":"https:\/\/www.ghostysky.com\/product\/atl-oblique-camera-for-h850\/#primaryimage"},"thumbnailUrl":"https:\/\/www.ghostysky.com\/wp-content\/uploads\/2022\/12\/H850-Olique-1.webp","datePublished":"2022-12-30T18:29:46+00:00","dateModified":"2023-04-03T19:40:07+00:00","description":"Avec le combo topographique H850-RTK+ATL 102S V3, les g\u00e9om\u00e8tres disposent d&#039;une solution topographique optimale, alliant pr\u00e9cision et efficacit\u00e9. Gr\u00e2ce \u00e0 la cam\u00e9ra oblique ATL 102S V3, ils peuvent d\u00e9sormais capturer et mod\u00e9liser leurs objets en 3D avec une efficacit\u00e9 in\u00e9gal\u00e9e.","breadcrumb":{"@id":"https:\/\/www.ghostysky.com\/product\/atl-oblique-camera-for-h850\/#breadcrumb"},"inLanguage":"fr-FR","potentialAction":[{"@type":"ReadAction","target":["https:\/\/www.ghostysky.com\/product\/atl-oblique-camera-for-h850\/"]}]},{"@type":"ImageObject","inLanguage":"fr-FR","@id":"https:\/\/www.ghostysky.com\/product\/atl-oblique-camera-for-h850\/#primaryimage","url":"https:\/\/www.ghostysky.com\/wp-content\/uploads\/2022\/12\/H850-Olique-1.webp","contentUrl":"https:\/\/www.ghostysky.com\/wp-content\/uploads\/2022\/12\/H850-Olique-1.webp","width":1490,"height":1404},{"@type":"BreadcrumbList","@id":"https:\/\/www.ghostysky.com\/product\/atl-oblique-camera-for-h850\/#breadcrumb","itemListElement":[{"@type":"ListItem","position":1,"name":"Home","item":"https:\/\/www.ghostysky.com\/"},{"@type":"ListItem","position":2,"name":"Shop","item":"https:\/\/www.ghostysky.com\/shop\/"},{"@type":"ListItem","position":3,"name":"ATL Oblique Camera for H850"}]},{"@type":"WebSite","@id":"https:\/\/www.ghostysky.com\/#website","url":"https:\/\/www.ghostysky.com\/","name":"Ghostysky","description":"Fourniture de solutions professionnelles en mati\u00e8re de drones et de robotique","publisher":{"@id":"https:\/\/www.ghostysky.com\/#organization"},"potentialAction":[{"@type":"SearchAction","target":{"@type":"EntryPoint","urlTemplate":"https:\/\/www.ghostysky.com\/?s={search_term_string}"},"query-input":{"@type":"PropertyValueSpecification","valueRequired":true,"valueName":"search_term_string"}}],"inLanguage":"fr-FR"},{"@type":"Organization","@id":"https:\/\/www.ghostysky.com\/#organization","name":"Ghostysky","url":"https:\/\/www.ghostysky.com\/","logo":{"@type":"ImageObject","inLanguage":"fr-FR","@id":"https:\/\/www.ghostysky.com\/#\/schema\/logo\/image\/","url":"https:\/\/www.ghostysky.com\/wp-content\/uploads\/2020\/06\/cropped-ghostyskylogo_text_white2.png","contentUrl":"https:\/\/www.ghostysky.com\/wp-content\/uploads\/2020\/06\/cropped-ghostyskylogo_text_white2.png","width":169,"height":56,"caption":"Ghostysky"},"image":{"@id":"https:\/\/www.ghostysky.com\/#\/schema\/logo\/image\/"},"sameAs":["https:\/\/www.facebook.com\/people\/Ghostysky\/100057676170234\/","https:\/\/x.com\/Gh0stysky","https:\/\/www.linkedin.com\/company\/34739653","https:\/\/www.instagram.com\/gh0stysky"]}]}},"_links":{"self":[{"href":"https:\/\/www.ghostysky.com\/fr\/wp-json\/wp\/v2\/product\/10609","targetHints":{"allow":["GET"]}}],"collection":[{"href":"https:\/\/www.ghostysky.com\/fr\/wp-json\/wp\/v2\/product"}],"about":[{"href":"https:\/\/www.ghostysky.com\/fr\/wp-json\/wp\/v2\/types\/product"}],"replies":[{"embeddable":true,"href":"https:\/\/www.ghostysky.com\/fr\/wp-json\/wp\/v2\/comments?post=10609"}],"version-history":[{"count":0,"href":"https:\/\/www.ghostysky.com\/fr\/wp-json\/wp\/v2\/product\/10609\/revisions"}],"wp:featuredmedia":[{"embeddable":true,"href":"https:\/\/www.ghostysky.com\/fr\/wp-json\/wp\/v2\/media\/10612"}],"wp:attachment":[{"href":"https:\/\/www.ghostysky.com\/fr\/wp-json\/wp\/v2\/media?parent=10609"}],"wp:term":[{"taxonomy":"product_brand","embeddable":true,"href":"https:\/\/www.ghostysky.com\/fr\/wp-json\/wp\/v2\/product_brand?post=10609"},{"taxonomy":"product_cat","embeddable":true,"href":"https:\/\/www.ghostysky.com\/fr\/wp-json\/wp\/v2\/product_cat?post=10609"},{"taxonomy":"product_tag","embeddable":true,"href":"https:\/\/www.ghostysky.com\/fr\/wp-json\/wp\/v2\/product_tag?post=10609"}],"curies":[{"name":"wp","href":"https:\/\/api.w.org\/{rel}","templated":true}]}}