{"id":10721,"date":"2023-01-18T23:27:31","date_gmt":"2023-01-18T23:27:31","guid":{"rendered":"https:\/\/www.ghostysky.com\/?post_type=product&#038;p=10721"},"modified":"2025-10-14T11:09:00","modified_gmt":"2025-10-14T11:09:00","slug":"owl-drone-parachute-for-dji-matrice-30-30t-series-suit","status":"publish","type":"product","link":"https:\/\/www.ghostysky.com\/fr\/product\/owl-drone-parachute-for-dji-matrice-30-30t-series-suit\/","title":{"rendered":"Parachute pour drone OWL pour DJI Matrice 30\/30T (combinaison)"},"content":{"rendered":"<h3 data-pf-type=\"Paragraph\"><a href=\"https:\/\/www.ghostysky.com\/wp-content\/uploads\/2023\/01\/m30-1663572021452.webp\"><img fetchpriority=\"high\" decoding=\"async\" class=\"alignnone wp-image-10702 size-large lazyload\" src=\"data:image\/gif;base64,R0lGODlhAQABAAAAACH5BAEKAAEALAAAAAABAAEAAAICTAEAOw==\" alt=\"\" width=\"1024\" height=\"347\" sizes=\"(max-width: 1024px) 100vw, 1024px\" data-src=\"data:image\/gif;base64,R0lGODlhAQABAAAAACH5BAEKAAEALAAAAAABAAEAAAICTAEAOw==\" data-srcset=\"\" srcset=\"\"><\/a><\/h3>\n<h3 class=\"sc-ehIJor eZpnKY pf-153_\" data-pf-type=\"Paragraph\"><span class=\"sc-BHvUt fJlZte pf-155_\" data-pf-type=\"Text\">SYST\u00c8ME DE PARACHUTE INDUSTRIEL<\/span><\/h3>\n<p class=\"sc-ehIJor eZpnKY pf-156_\" data-pf-type=\"Paragraph\"><span class=\"sc-BHvUt fJlZte pf-158_\" data-pf-type=\"Text\">Parachute pour drone OWL-M30, avec interaction SDK embarqu\u00e9e pour le contr\u00f4le de vol, am\u00e9liore la connaissance de la situation en mati\u00e8re de s\u00e9curit\u00e9 des vols, conception redondante des capteurs importants,\u00a0<\/span><span class=\"sc-BHvUt fJlZte pf-256_\" data-pf-type=\"Text\">Structure \u00e0 montage rapide et syst\u00e8me d&#039;ouverture du parachute \u00e0 arr\u00eat d&#039;urgence APS. En cas d&#039;urgence\u00a0! Arr\u00eatez l&#039;h\u00e9lice, ouvrez le parachute et laissez-vous tomber lentement pour assurer la s\u00e9curit\u00e9 du vol.<\/span><\/p>\n<h3 class=\"sc-ehIJor eZpnKY pf-165_\" data-pf-type=\"Paragraph\"><span class=\"sc-BHvUt fJlZte pf-167_\" data-pf-type=\"Text\">ALGORITHME DE FUSION COMBIN\u00c9 EN UN SEUL<\/span><\/h3>\n<p class=\"sc-ehIJor eZpnKY pf-168_\" data-pf-type=\"Paragraph\"><span class=\"sc-BHvUt fJlZte pf-170_\" data-pf-type=\"Text\">Int\u00e9gration profonde bas\u00e9e sur l&#039;interface PSDK de contr\u00f4le de vol, combin\u00e9e au syst\u00e8me de s\u00e9curit\u00e9 Flyfire APS, interaction bidirectionnelle pour am\u00e9liorer la perception des accidents de vol.\u00a0<\/span><\/p>\n<p class=\"sc-ehIJor eZpnKY pf-260_\" data-pf-type=\"Paragraph\"><span class=\"sc-BHvUt fJlZte pf-259_\" data-pf-type=\"Text\">En un instant, un aper\u00e7u de la situation globale. Pendant le vol, le syst\u00e8me de parachute interagit avec les donn\u00e9es du drone en temps r\u00e9el, fusionne et juge avec ses propres donn\u00e9es de capteur aux moments critiques, per\u00e7oit de mani\u00e8re exhaustive l&#039;\u00e9tat de vol du drone, assure une probabilit\u00e9 de sauvetage \u00e9lev\u00e9e<\/span><\/p>\n<h3 class=\"sc-ehIJor eZpnKY pf-173_\" data-pf-type=\"Paragraph\"><span class=\"sc-BHvUt fJlZte pf-175_\" data-pf-type=\"Text\">REDONDANCE DES CAPTEURS UNIQUEMENT POUR LA S\u00c9CURIT\u00c9<\/span><\/h3>\n<p class=\"sc-ehIJor eZpnKY pf-176_\" data-pf-type=\"Paragraph\"><span class=\"sc-BHvUt fJlZte pf-178_\" data-pf-type=\"Text\">Le capteur de parachute OWl-M30 adopte une conception redondante pour faire face \u00e0 divers accidents. Lorsqu&#039;un groupe de capteurs tombe en panne, l&#039;autre groupe de capteurs peut \u00eatre connect\u00e9 de mani\u00e8re transparente en m\u00eame temps pour compl\u00e9ter les donn\u00e9es et identifier avec pr\u00e9cision l&#039;\u00e9tat de vol du drone.\u00a0<\/span><\/p>\n<p class=\"sc-ehIJor eZpnKY pf-179_\" data-pf-type=\"Paragraph\"><span class=\"sc-BHvUt fJlZte pf-181_\" data-pf-type=\"Text\">\u00c9liminez les pannes de parachute et assurez la s\u00e9curit\u00e9 de vol du drone.<\/span><\/p>\n<h3 class=\"sc-ehIJor eZpnKY pf-188_\" data-pf-type=\"Paragraph\"><span class=\"sc-BHvUt fJlZte pf-190_\" data-pf-type=\"Text\">REMPLACEMENT RAPIDE DU SYST\u00c8ME<\/span><\/h3>\n<p class=\"sc-ehIJor eZpnKY pf-191_\" data-pf-type=\"Paragraph\"><span class=\"sc-BHvUt fJlZte pf-193_\" data-pf-type=\"Text\">Le parachute OWL-M30 est facile \u00e0 installer et \u00e0 concevoir, ce qui n&#039;affecte pas le pliage et l&#039;utilisation du drone et peut fonctionner rapidement sur le terrain<\/span><\/p>\n<p data-pf-type=\"Paragraph\"><a href=\"https:\/\/www.ghostysky.com\/wp-content\/uploads\/2023\/01\/owlm30en111651886273596-1659688727325.webp\"><img decoding=\"async\" class=\"alignnone wp-image-10703 size-large lazyload\" src=\"data:image\/gif;base64,R0lGODlhAQABAAAAACH5BAEKAAEALAAAAAABAAEAAAICTAEAOw==\" alt=\"\" width=\"1024\" height=\"528\" sizes=\"(max-width: 1024px) 100vw, 1024px\" data-src=\"data:image\/gif;base64,R0lGODlhAQABAAAAACH5BAEKAAEALAAAAAABAAEAAAICTAEAOw==\" data-srcset=\"\" srcset=\"\"><\/a><\/p>","protected":false},"excerpt":{"rendered":"<p>Parachute pour drone OWL pour DJI Matrice 30\/30T Series (version combinaison, 2 parachutes)\u00a0:<\/p>\n<ul>\n<li>\n<div>Conception modulaire et r\u00e9utilisable<\/div>\n<\/li>\n<li>\n<div>Fonction d&#039;arr\u00eat de la pagaie PSDK, \u00e9limine compl\u00e8tement le risque d&#039;enchev\u00eatrement du parachute<\/div>\n<\/li>\n<li>\n<div>Indice de protection IP45, r\u00e9sistance aux \u00e9claboussures et \u00e0 l&#039;eau, r\u00e9pond \u00e0 vos diff\u00e9rents environnements de travail<\/div>\n<\/li>\n<li>\n<div>Installation rapide, soyez pr\u00eat pour chaque vol<\/div>\n<\/li>\n<li style=\"text-align: left;\"><span class=\"text-only\" data-eleid=\"12\">Mod\u00e8le appropri\u00e9: s\u00e9rie Dji Matrice 30<\/span><\/li>\n<\/ul>","protected":false},"featured_media":10708,"comment_status":"open","ping_status":"closed","template":"","meta":[],"product_brand":[],"product_cat":[461,462],"product_tag":[464,466,463,469],"class_list":{"0":"post-10721","1":"product","2":"type-product","3":"status-publish","4":"has-post-thumbnail","6":"product_cat-accessories-2","7":"product_cat-flyfire-parachutes","8":"product_tag-flyfire","9":"product_tag-m30-30t","10":"product_tag-parachute","11":"product_tag-suit-version-m30","13":"first","14":"onbackorder","15":"taxable","16":"shipping-taxable","17":"product-type-simple"},"yoast_head":"<!-- This site is optimized with the Yoast SEO plugin v27.1.1 - https:\/\/yoast.com\/product\/yoast-seo-wordpress\/ -->\n<title>OWL Drone Parachute For DJI Matrice 30\/30T Series (Suit) -<\/title>\n<meta name=\"description\" content=\"OWL Drone Parachute For DJI Matrice 30\/30T Series (Suit Version, 2 parachutes):Modular design and ReusablePSDK paddle stop function, completely cut off the risk of parachute entanglement\" \/>\n<meta name=\"robots\" content=\"index, follow, max-snippet:-1, max-image-preview:large, max-video-preview:-1\" \/>\n<link rel=\"canonical\" href=\"https:\/\/www.ghostysky.com\/fr\/product\/owl-drone-parachute-for-dji-matrice-30-30t-series-suit\/\" \/>\n<meta property=\"og:locale\" content=\"fr_FR\" \/>\n<meta property=\"og:type\" content=\"article\" \/>\n<meta property=\"og:title\" content=\"OWL Drone Parachute For DJI Matrice 30\/30T Series (Suit) -\" \/>\n<meta property=\"og:description\" content=\"OWL Drone Parachute For DJI Matrice 30\/30T Series (Suit Version, 2 parachutes):Modular design and ReusablePSDK paddle stop function, completely cut off the risk of parachute entanglement\" \/>\n<meta property=\"og:url\" content=\"https:\/\/www.ghostysky.com\/fr\/product\/owl-drone-parachute-for-dji-matrice-30-30t-series-suit\/\" \/>\n<meta property=\"og:site_name\" content=\"Ghostysky\" \/>\n<meta property=\"article:publisher\" content=\"https:\/\/www.facebook.com\/people\/Ghostysky\/100057676170234\/\" \/>\n<meta property=\"article:modified_time\" content=\"2025-10-14T11:09:00+00:00\" \/>\n<meta property=\"og:image\" content=\"https:\/\/www.ghostysky.com\/wp-content\/uploads\/2023\/01\/OSW-M30.webp\" \/>\n\t<meta property=\"og:image:width\" content=\"1200\" \/>\n\t<meta property=\"og:image:height\" content=\"675\" \/>\n\t<meta property=\"og:image:type\" content=\"image\/webp\" \/>\n<meta name=\"twitter:card\" content=\"summary_large_image\" \/>\n<meta name=\"twitter:site\" content=\"@Gh0stysky\" \/>\n<meta name=\"twitter:label1\" content=\"Dur\u00e9e de lecture estim\u00e9e\" \/>\n\t<meta name=\"twitter:data1\" content=\"2 minutes\" \/>\n<script type=\"application\/ld+json\" class=\"yoast-schema-graph\">{\"@context\":\"https:\/\/schema.org\",\"@graph\":[{\"@type\":\"WebPage\",\"@id\":\"https:\/\/www.ghostysky.com\/product\/owl-drone-parachute-for-dji-matrice-30-30t-series-suit\/\",\"url\":\"https:\/\/www.ghostysky.com\/product\/owl-drone-parachute-for-dji-matrice-30-30t-series-suit\/\",\"name\":\"OWL Drone Parachute For DJI Matrice 30\/30T Series (Suit) -\",\"isPartOf\":{\"@id\":\"https:\/\/www.ghostysky.com\/#website\"},\"primaryImageOfPage\":{\"@id\":\"https:\/\/www.ghostysky.com\/product\/owl-drone-parachute-for-dji-matrice-30-30t-series-suit\/#primaryimage\"},\"image\":{\"@id\":\"https:\/\/www.ghostysky.com\/product\/owl-drone-parachute-for-dji-matrice-30-30t-series-suit\/#primaryimage\"},\"thumbnailUrl\":\"https:\/\/www.ghostysky.com\/wp-content\/uploads\/2023\/01\/OSW-M30.webp\",\"datePublished\":\"2023-01-18T23:27:31+00:00\",\"dateModified\":\"2025-10-14T11:09:00+00:00\",\"description\":\"OWL Drone Parachute For DJI Matrice 30\/30T Series (Suit Version, 2 parachutes):Modular design and ReusablePSDK paddle stop function, completely cut off the risk of parachute entanglement\",\"breadcrumb\":{\"@id\":\"https:\/\/www.ghostysky.com\/product\/owl-drone-parachute-for-dji-matrice-30-30t-series-suit\/#breadcrumb\"},\"inLanguage\":\"fr-FR\",\"potentialAction\":[{\"@type\":\"ReadAction\",\"target\":[\"https:\/\/www.ghostysky.com\/product\/owl-drone-parachute-for-dji-matrice-30-30t-series-suit\/\"]}]},{\"@type\":\"ImageObject\",\"inLanguage\":\"fr-FR\",\"@id\":\"https:\/\/www.ghostysky.com\/product\/owl-drone-parachute-for-dji-matrice-30-30t-series-suit\/#primaryimage\",\"url\":\"https:\/\/www.ghostysky.com\/wp-content\/uploads\/2023\/01\/OSW-M30.webp\",\"contentUrl\":\"https:\/\/www.ghostysky.com\/wp-content\/uploads\/2023\/01\/OSW-M30.webp\",\"width\":1200,\"height\":675},{\"@type\":\"BreadcrumbList\",\"@id\":\"https:\/\/www.ghostysky.com\/product\/owl-drone-parachute-for-dji-matrice-30-30t-series-suit\/#breadcrumb\",\"itemListElement\":[{\"@type\":\"ListItem\",\"position\":1,\"name\":\"Home\",\"item\":\"https:\/\/www.ghostysky.com\/\"},{\"@type\":\"ListItem\",\"position\":2,\"name\":\"Shop\",\"item\":\"https:\/\/www.ghostysky.com\/shop\/\"},{\"@type\":\"ListItem\",\"position\":3,\"name\":\"OWL Drone Parachute For DJI Matrice 30\/30T Series (Suit)\"}]},{\"@type\":\"WebSite\",\"@id\":\"https:\/\/www.ghostysky.com\/#website\",\"url\":\"https:\/\/www.ghostysky.com\/\",\"name\":\"Ghostysky\",\"description\":\"Delivering professional drones and services\",\"publisher\":{\"@id\":\"https:\/\/www.ghostysky.com\/#organization\"},\"potentialAction\":[{\"@type\":\"SearchAction\",\"target\":{\"@type\":\"EntryPoint\",\"urlTemplate\":\"https:\/\/www.ghostysky.com\/?s={search_term_string}\"},\"query-input\":{\"@type\":\"PropertyValueSpecification\",\"valueRequired\":true,\"valueName\":\"search_term_string\"}}],\"inLanguage\":\"fr-FR\"},{\"@type\":\"Organization\",\"@id\":\"https:\/\/www.ghostysky.com\/#organization\",\"name\":\"Ghostysky\",\"url\":\"https:\/\/www.ghostysky.com\/\",\"logo\":{\"@type\":\"ImageObject\",\"inLanguage\":\"fr-FR\",\"@id\":\"https:\/\/www.ghostysky.com\/#\/schema\/logo\/image\/\",\"url\":\"https:\/\/www.ghostysky.com\/wp-content\/uploads\/2020\/06\/cropped-ghostyskylogo_text_white2.png\",\"contentUrl\":\"https:\/\/www.ghostysky.com\/wp-content\/uploads\/2020\/06\/cropped-ghostyskylogo_text_white2.png\",\"width\":169,\"height\":56,\"caption\":\"Ghostysky\"},\"image\":{\"@id\":\"https:\/\/www.ghostysky.com\/#\/schema\/logo\/image\/\"},\"sameAs\":[\"https:\/\/www.facebook.com\/people\/Ghostysky\/100057676170234\/\",\"https:\/\/x.com\/Gh0stysky\",\"https:\/\/www.linkedin.com\/company\/34739653\",\"https:\/\/www.instagram.com\/gh0stysky\"]}]}<\/script>\n<!-- \/ Yoast SEO plugin. -->","yoast_head_json":{"title":"Parachute pour drone OWL pour DJI Matrice 30\/30T (combinaison) -","description":"Parachute pour drone OWL pour DJI Matrice 30\/30T Series (version combinaison, 2 parachutes) : conception modulaire et fonction d&#039;arr\u00eat de pagaie PSDK r\u00e9utilisable, \u00e9limine compl\u00e8tement le risque d&#039;enchev\u00eatrement du parachute","robots":{"index":"index","follow":"follow","max-snippet":"max-snippet:-1","max-image-preview":"max-image-preview:large","max-video-preview":"max-video-preview:-1"},"canonical":"https:\/\/www.ghostysky.com\/fr\/product\/owl-drone-parachute-for-dji-matrice-30-30t-series-suit\/","og_locale":"fr_FR","og_type":"article","og_title":"OWL Drone Parachute For DJI Matrice 30\/30T Series (Suit) -","og_description":"OWL Drone Parachute For DJI Matrice 30\/30T Series (Suit Version, 2 parachutes):Modular design and ReusablePSDK paddle stop function, completely cut off the risk of parachute entanglement","og_url":"https:\/\/www.ghostysky.com\/fr\/product\/owl-drone-parachute-for-dji-matrice-30-30t-series-suit\/","og_site_name":"Ghostysky","article_publisher":"https:\/\/www.facebook.com\/people\/Ghostysky\/100057676170234\/","article_modified_time":"2025-10-14T11:09:00+00:00","og_image":[{"width":1200,"height":675,"url":"https:\/\/www.ghostysky.com\/wp-content\/uploads\/2023\/01\/OSW-M30.webp","type":"image\/webp"}],"twitter_card":"summary_large_image","twitter_site":"@Gh0stysky","twitter_misc":{"Dur\u00e9e de lecture estim\u00e9e":"2 minutes"},"schema":{"@context":"https:\/\/schema.org","@graph":[{"@type":"WebPage","@id":"https:\/\/www.ghostysky.com\/product\/owl-drone-parachute-for-dji-matrice-30-30t-series-suit\/","url":"https:\/\/www.ghostysky.com\/product\/owl-drone-parachute-for-dji-matrice-30-30t-series-suit\/","name":"Parachute pour drone OWL pour DJI Matrice 30\/30T (combinaison) -","isPartOf":{"@id":"https:\/\/www.ghostysky.com\/#website"},"primaryImageOfPage":{"@id":"https:\/\/www.ghostysky.com\/product\/owl-drone-parachute-for-dji-matrice-30-30t-series-suit\/#primaryimage"},"image":{"@id":"https:\/\/www.ghostysky.com\/product\/owl-drone-parachute-for-dji-matrice-30-30t-series-suit\/#primaryimage"},"thumbnailUrl":"https:\/\/www.ghostysky.com\/wp-content\/uploads\/2023\/01\/OSW-M30.webp","datePublished":"2023-01-18T23:27:31+00:00","dateModified":"2025-10-14T11:09:00+00:00","description":"Parachute pour drone OWL pour DJI Matrice 30\/30T Series (version combinaison, 2 parachutes) : conception modulaire et fonction d&#039;arr\u00eat de pagaie PSDK r\u00e9utilisable, \u00e9limine compl\u00e8tement le risque d&#039;enchev\u00eatrement du parachute","breadcrumb":{"@id":"https:\/\/www.ghostysky.com\/product\/owl-drone-parachute-for-dji-matrice-30-30t-series-suit\/#breadcrumb"},"inLanguage":"fr-FR","potentialAction":[{"@type":"ReadAction","target":["https:\/\/www.ghostysky.com\/product\/owl-drone-parachute-for-dji-matrice-30-30t-series-suit\/"]}]},{"@type":"ImageObject","inLanguage":"fr-FR","@id":"https:\/\/www.ghostysky.com\/product\/owl-drone-parachute-for-dji-matrice-30-30t-series-suit\/#primaryimage","url":"https:\/\/www.ghostysky.com\/wp-content\/uploads\/2023\/01\/OSW-M30.webp","contentUrl":"https:\/\/www.ghostysky.com\/wp-content\/uploads\/2023\/01\/OSW-M30.webp","width":1200,"height":675},{"@type":"BreadcrumbList","@id":"https:\/\/www.ghostysky.com\/product\/owl-drone-parachute-for-dji-matrice-30-30t-series-suit\/#breadcrumb","itemListElement":[{"@type":"ListItem","position":1,"name":"Home","item":"https:\/\/www.ghostysky.com\/"},{"@type":"ListItem","position":2,"name":"Shop","item":"https:\/\/www.ghostysky.com\/shop\/"},{"@type":"ListItem","position":3,"name":"OWL Drone Parachute For DJI Matrice 30\/30T Series (Suit)"}]},{"@type":"WebSite","@id":"https:\/\/www.ghostysky.com\/#website","url":"https:\/\/www.ghostysky.com\/","name":"Ghostysky","description":"Livraison de drones et de services professionnels","publisher":{"@id":"https:\/\/www.ghostysky.com\/#organization"},"potentialAction":[{"@type":"SearchAction","target":{"@type":"EntryPoint","urlTemplate":"https:\/\/www.ghostysky.com\/?s={search_term_string}"},"query-input":{"@type":"PropertyValueSpecification","valueRequired":true,"valueName":"search_term_string"}}],"inLanguage":"fr-FR"},{"@type":"Organization","@id":"https:\/\/www.ghostysky.com\/#organization","name":"Ghostysky","url":"https:\/\/www.ghostysky.com\/","logo":{"@type":"ImageObject","inLanguage":"fr-FR","@id":"https:\/\/www.ghostysky.com\/#\/schema\/logo\/image\/","url":"https:\/\/www.ghostysky.com\/wp-content\/uploads\/2020\/06\/cropped-ghostyskylogo_text_white2.png","contentUrl":"https:\/\/www.ghostysky.com\/wp-content\/uploads\/2020\/06\/cropped-ghostyskylogo_text_white2.png","width":169,"height":56,"caption":"Ghostysky"},"image":{"@id":"https:\/\/www.ghostysky.com\/#\/schema\/logo\/image\/"},"sameAs":["https:\/\/www.facebook.com\/people\/Ghostysky\/100057676170234\/","https:\/\/x.com\/Gh0stysky","https:\/\/www.linkedin.com\/company\/34739653","https:\/\/www.instagram.com\/gh0stysky"]}]}},"_links":{"self":[{"href":"https:\/\/www.ghostysky.com\/fr\/wp-json\/wp\/v2\/product\/10721","targetHints":{"allow":["GET"]}}],"collection":[{"href":"https:\/\/www.ghostysky.com\/fr\/wp-json\/wp\/v2\/product"}],"about":[{"href":"https:\/\/www.ghostysky.com\/fr\/wp-json\/wp\/v2\/types\/product"}],"replies":[{"embeddable":true,"href":"https:\/\/www.ghostysky.com\/fr\/wp-json\/wp\/v2\/comments?post=10721"}],"wp:featuredmedia":[{"embeddable":true,"href":"https:\/\/www.ghostysky.com\/fr\/wp-json\/wp\/v2\/media\/10708"}],"wp:attachment":[{"href":"https:\/\/www.ghostysky.com\/fr\/wp-json\/wp\/v2\/media?parent=10721"}],"wp:term":[{"taxonomy":"product_brand","embeddable":true,"href":"https:\/\/www.ghostysky.com\/fr\/wp-json\/wp\/v2\/product_brand?post=10721"},{"taxonomy":"product_cat","embeddable":true,"href":"https:\/\/www.ghostysky.com\/fr\/wp-json\/wp\/v2\/product_cat?post=10721"},{"taxonomy":"product_tag","embeddable":true,"href":"https:\/\/www.ghostysky.com\/fr\/wp-json\/wp\/v2\/product_tag?post=10721"}],"curies":[{"name":"wp","href":"https:\/\/api.w.org\/{rel}","templated":true}]}}