{"id":10751,"date":"2023-01-19T10:48:52","date_gmt":"2023-01-19T10:48:52","guid":{"rendered":"https:\/\/www.ghostysky.com\/?post_type=product&#038;p=10751"},"modified":"2025-10-14T11:02:02","modified_gmt":"2025-10-14T11:02:02","slug":"manti-3-plus-drone-parachute-dji-mavic-standard","status":"publish","type":"product","link":"https:\/\/www.ghostysky.com\/fr\/product\/manti-3-plus-drone-parachute-dji-mavic-standard\/","title":{"rendered":"Parachute pour drone Manti 3 Plus DJI Mavic (standard)"},"content":{"rendered":"<h3><a href=\"https:\/\/www.ghostysky.com\/wp-content\/uploads\/2023\/01\/flyfire-manti-3-1660803629709.webp\"><img fetchpriority=\"high\" decoding=\"async\" class=\"alignnone wp-image-10752 size-large lazyload\" src=\"data:image\/gif;base64,R0lGODlhAQABAAAAACH5BAEKAAEALAAAAAABAAEAAAICTAEAOw==\" alt=\"\" width=\"1024\" height=\"347\" sizes=\"(max-width: 1024px) 100vw, 1024px\" data-src=\"data:image\/gif;base64,R0lGODlhAQABAAAAACH5BAEKAAEALAAAAAABAAEAAAICTAEAOw==\" data-srcset=\"\" srcset=\"\"><\/a><\/h3>\n<h3>Cabine de parachute rempla\u00e7able<\/h3>\n<p>Il est plus pratique \u00e0 r\u00e9utiliser et offre une vari\u00e9t\u00e9 d&#039;options de performances de s\u00e9curit\u00e9<\/p>\n<p>La nouvelle g\u00e9n\u00e9ration de Manti adopte une cabine parachute rempla\u00e7able. Celle-ci comprend des blocs d&#039;alimentation et des outils.<\/p>\n<p>Apr\u00e8s le sauvetage de l&#039;avion, la cabine parachute peut \u00eatre rapidement remplac\u00e9e. Elle est \u00e9galement disponible en versions standard et plus, toutes deux courantes, pour s&#039;adapter \u00e0 un plus grand nombre de mod\u00e8les.<\/p>\n<p>*Lors du passage du parachute Manti 3 au parachute 3 plus pour s&#039;adapter aux drones de la s\u00e9rie Phantom, assurez-vous de changer la version du logiciel Manti en version fant\u00f4me.<\/p>\n<h3 class=\"sc-ehIJor eZpnKY pf-194_\" data-pf-type=\"Paragraph\"><span class=\"sc-BHvUt fJlZte pf-196_\" data-pf-type=\"Text\">Processeur ARM 32 bits<\/span><\/h3>\n<p class=\"sc-ehIJor eZpnKY pf-197_\" data-pf-type=\"Paragraph\"><span class=\"sc-BHvUt fJlZte pf-199_\" data-pf-type=\"Text\">Les donn\u00e9es d&#039;attitude omnidirectionnelle et de barom\u00e8tre sont collect\u00e9es et trait\u00e9es en temps r\u00e9el pour d\u00e9terminer l&#039;\u00e9tat de vol du drone en quelques millisecondes. L&#039;IMU et le barom\u00e8tre synth\u00e9tisent les scores. D\u00e8s que vous d\u00e9tectez une situation dangereuse, vous pouvez r\u00e9agir instantan\u00e9ment en 0,5 seconde, puis donner l&#039;ordre d&#039;ouverture du parachute, afin de vous laisser surprendre sans panique et d&#039;atterrir sereinement.<\/span><\/p>\n<h3 class=\"sc-ehIJor eZpnKY pf-206_\" data-pf-type=\"Paragraph\"><span class=\"sc-BHvUt fJlZte pf-208_\" data-pf-type=\"Text\">Longue endurance<\/span><\/h3>\n<p class=\"sc-ehIJor eZpnKY pf-209_\" data-pf-type=\"Paragraph\"><span class=\"sc-BHvUt fJlZte pf-211_\" data-pf-type=\"Text\">La batterie de 150 mA vous offre une exp\u00e9rience d&#039;endurance agr\u00e9able. Vous pouvez charger le drone pendant 30 minutes \u00e0 la fois \u00d7 6 fois l&#039;endurance de vol. La puissance de la batterie peut \u00eatre visualis\u00e9e imm\u00e9diatement et la fonction d&#039;alarme d&#039;alimentation.<\/span><\/p>\n<p data-pf-type=\"Paragraph\"><a href=\"https:\/\/www.ghostysky.com\/wp-content\/uploads\/2023\/01\/manti3__1641455737310-1659604383113.webp\"><img decoding=\"async\" class=\"alignnone wp-image-10753 size-large lazyload\" src=\"data:image\/gif;base64,R0lGODlhAQABAAAAACH5BAEKAAEALAAAAAABAAEAAAICTAEAOw==\" alt=\"\" width=\"1024\" height=\"576\" sizes=\"(max-width: 1024px) 100vw, 1024px\" data-src=\"data:image\/gif;base64,R0lGODlhAQABAAAAACH5BAEKAAEALAAAAAABAAEAAAICTAEAOw==\" data-srcset=\"\" srcset=\"\"><\/a><a href=\"https:\/\/www.ghostysky.com\/wp-content\/uploads\/2023\/01\/imu_zitai_neicun52_1641455737268-1659604001877.webp\"><img decoding=\"async\" class=\"alignnone wp-image-10755 size-large lazyload\" src=\"data:image\/gif;base64,R0lGODlhAQABAAAAACH5BAEKAAEALAAAAAABAAEAAAICTAEAOw==\" alt=\"\" width=\"1024\" height=\"576\" sizes=\"(max-width: 1024px) 100vw, 1024px\" data-src=\"data:image\/gif;base64,R0lGODlhAQABAAAAACH5BAEKAAEALAAAAAABAAEAAAICTAEAOw==\" data-srcset=\"\" srcset=\"\"><\/a> <a href=\"https:\/\/www.ghostysky.com\/wp-content\/uploads\/2023\/01\/5_2_1641455737192-1659604368843.webp\"><img loading=\"lazy\" decoding=\"async\" class=\"alignnone wp-image-10754 size-large lazyload\" src=\"data:image\/gif;base64,R0lGODlhAQABAAAAACH5BAEKAAEALAAAAAABAAEAAAICTAEAOw==\" alt=\"\" width=\"1024\" height=\"576\" sizes=\"(max-width: 1024px) 100vw, 1024px\" data-src=\"data:image\/gif;base64,R0lGODlhAQABAAAAACH5BAEKAAEALAAAAAABAAEAAAICTAEAOw==\" data-srcset=\"\" srcset=\"\"><\/a><\/p>\n<p data-pf-type=\"Paragraph\"><a href=\"https:\/\/www.ghostysky.com\/wp-content\/uploads\/2023\/01\/Manti-Manti_Plus_TechSpecs.jpg\"><img loading=\"lazy\" decoding=\"async\" class=\"alignnone wp-image-10857 size-full lazyload\" src=\"data:image\/gif;base64,R0lGODlhAQABAAAAACH5BAEKAAEALAAAAAABAAEAAAICTAEAOw==\" alt=\"\" width=\"846\" height=\"627\" sizes=\"(max-width: 846px) 100vw, 846px\" data-src=\"data:image\/gif;base64,R0lGODlhAQABAAAAACH5BAEKAAEALAAAAAABAAEAAAICTAEAOw==\" data-srcset=\"\" srcset=\"\"><\/a><\/p>","protected":false},"excerpt":{"rendered":"<p>Parachute pour drone Manti 3 Plus DJI Mavic (version standard)<\/p>\n<ul>\n<li>La surface du parachute est 1,1 fois sup\u00e9rieure \u00e0 celle du Manti 3<\/li>\n<li>\n<div>Conception de cabine de parachute rempla\u00e7able<\/div>\n<\/li>\n<li>\n<div>Longue endurance avec batterie de 150 mAh<\/div>\n<\/li>\n<li>\n<div>L\u00e9ger, n&#039;affecte pas la dur\u00e9e de vie de la batterie du drone<\/div>\n<\/li>\n<li>\n<div>Processeur ARM 32 bits, parachute \u00e0 d\u00e9ploiement instantan\u00e9 en 0,5 seconde<\/div>\n<\/li>\n<li style=\"text-align: left;\"><span class=\"text-only\" data-eleid=\"12\">Mod\u00e8le appropri\u00e9 : Dji Mavic Air 2\/2s, Mavic 2\/3, Mavic Pro<\/span><\/li>\n<\/ul>","protected":false},"featured_media":10785,"comment_status":"open","ping_status":"closed","template":"","meta":[],"product_brand":[],"product_cat":[461,462],"product_tag":[472,471,474],"class_list":{"0":"post-10751","1":"product","2":"type-product","3":"status-publish","4":"has-post-thumbnail","6":"product_cat-accessories-2","7":"product_cat-flyfire-parachutes","8":"product_tag-dji-mavic","9":"product_tag-manti-3-plus","10":"product_tag-manti-3-plus-standard","12":"first","13":"outofstock","14":"taxable","15":"shipping-taxable","16":"product-type-simple"},"yoast_head":"<!-- This site is optimized with the Yoast SEO plugin v27.1.1 - https:\/\/yoast.com\/product\/yoast-seo-wordpress\/ -->\n<title>Manti 3 Plus Drone Parachute DJI Mavic (Standard) - Ghostysky<\/title>\n<meta name=\"robots\" content=\"index, follow, max-snippet:-1, max-image-preview:large, max-video-preview:-1\" \/>\n<link rel=\"canonical\" href=\"https:\/\/www.ghostysky.com\/fr\/product\/manti-3-plus-drone-parachute-dji-mavic-standard\/\" \/>\n<meta property=\"og:locale\" content=\"fr_FR\" \/>\n<meta property=\"og:type\" content=\"article\" \/>\n<meta property=\"og:title\" content=\"Manti 3 Plus Drone Parachute DJI Mavic (Standard) - Ghostysky\" \/>\n<meta property=\"og:description\" content=\"Manti 3 Plus Drone Parachute DJI Mavic (Standard Version)   Parachute area is 1.1 times that of the Manti 3   Replaceable parachute cabin design   Long endurance with 150mAh battery   Light weight, does not affect the battery life of the drone   32-bit ARM processor, instant deploy parachute in 0.5 seconds  Suitable model: Dji Mavic\u00a0Air 2\/2s, Mavic 2\/3, Mavic Pro\" \/>\n<meta property=\"og:url\" content=\"https:\/\/www.ghostysky.com\/fr\/product\/manti-3-plus-drone-parachute-dji-mavic-standard\/\" \/>\n<meta property=\"og:site_name\" content=\"Ghostysky\" \/>\n<meta property=\"article:publisher\" content=\"https:\/\/www.facebook.com\/people\/Ghostysky\/100057676170234\/\" \/>\n<meta property=\"article:modified_time\" content=\"2025-10-14T11:02:02+00:00\" \/>\n<meta property=\"og:image\" content=\"https:\/\/www.ghostysky.com\/wp-content\/uploads\/2023\/01\/manti3_3_1120x.webp\" \/>\n\t<meta property=\"og:image:width\" content=\"1000\" \/>\n\t<meta property=\"og:image:height\" content=\"1000\" \/>\n\t<meta property=\"og:image:type\" content=\"image\/webp\" \/>\n<meta name=\"twitter:card\" content=\"summary_large_image\" \/>\n<meta name=\"twitter:site\" content=\"@Gh0stysky\" \/>\n<meta name=\"twitter:label1\" content=\"Dur\u00e9e de lecture estim\u00e9e\" \/>\n\t<meta name=\"twitter:data1\" content=\"3 minutes\" \/>\n<script type=\"application\/ld+json\" class=\"yoast-schema-graph\">{\"@context\":\"https:\/\/schema.org\",\"@graph\":[{\"@type\":\"WebPage\",\"@id\":\"https:\/\/www.ghostysky.com\/product\/manti-3-plus-drone-parachute-dji-mavic-standard\/\",\"url\":\"https:\/\/www.ghostysky.com\/product\/manti-3-plus-drone-parachute-dji-mavic-standard\/\",\"name\":\"Manti 3 Plus Drone Parachute DJI Mavic (Standard) - Ghostysky\",\"isPartOf\":{\"@id\":\"https:\/\/www.ghostysky.com\/#website\"},\"primaryImageOfPage\":{\"@id\":\"https:\/\/www.ghostysky.com\/product\/manti-3-plus-drone-parachute-dji-mavic-standard\/#primaryimage\"},\"image\":{\"@id\":\"https:\/\/www.ghostysky.com\/product\/manti-3-plus-drone-parachute-dji-mavic-standard\/#primaryimage\"},\"thumbnailUrl\":\"https:\/\/www.ghostysky.com\/wp-content\/uploads\/2023\/01\/manti3_3_1120x.webp\",\"datePublished\":\"2023-01-19T10:48:52+00:00\",\"dateModified\":\"2025-10-14T11:02:02+00:00\",\"breadcrumb\":{\"@id\":\"https:\/\/www.ghostysky.com\/product\/manti-3-plus-drone-parachute-dji-mavic-standard\/#breadcrumb\"},\"inLanguage\":\"fr-FR\",\"potentialAction\":[{\"@type\":\"ReadAction\",\"target\":[\"https:\/\/www.ghostysky.com\/product\/manti-3-plus-drone-parachute-dji-mavic-standard\/\"]}]},{\"@type\":\"ImageObject\",\"inLanguage\":\"fr-FR\",\"@id\":\"https:\/\/www.ghostysky.com\/product\/manti-3-plus-drone-parachute-dji-mavic-standard\/#primaryimage\",\"url\":\"https:\/\/www.ghostysky.com\/wp-content\/uploads\/2023\/01\/manti3_3_1120x.webp\",\"contentUrl\":\"https:\/\/www.ghostysky.com\/wp-content\/uploads\/2023\/01\/manti3_3_1120x.webp\",\"width\":1000,\"height\":1000},{\"@type\":\"BreadcrumbList\",\"@id\":\"https:\/\/www.ghostysky.com\/product\/manti-3-plus-drone-parachute-dji-mavic-standard\/#breadcrumb\",\"itemListElement\":[{\"@type\":\"ListItem\",\"position\":1,\"name\":\"Home\",\"item\":\"https:\/\/www.ghostysky.com\/\"},{\"@type\":\"ListItem\",\"position\":2,\"name\":\"Shop\",\"item\":\"https:\/\/www.ghostysky.com\/shop\/\"},{\"@type\":\"ListItem\",\"position\":3,\"name\":\"Manti 3 Plus Drone Parachute DJI Mavic (Standard)\"}]},{\"@type\":\"WebSite\",\"@id\":\"https:\/\/www.ghostysky.com\/#website\",\"url\":\"https:\/\/www.ghostysky.com\/\",\"name\":\"Ghostysky\",\"description\":\"Delivering professional drones and services\",\"publisher\":{\"@id\":\"https:\/\/www.ghostysky.com\/#organization\"},\"potentialAction\":[{\"@type\":\"SearchAction\",\"target\":{\"@type\":\"EntryPoint\",\"urlTemplate\":\"https:\/\/www.ghostysky.com\/?s={search_term_string}\"},\"query-input\":{\"@type\":\"PropertyValueSpecification\",\"valueRequired\":true,\"valueName\":\"search_term_string\"}}],\"inLanguage\":\"fr-FR\"},{\"@type\":\"Organization\",\"@id\":\"https:\/\/www.ghostysky.com\/#organization\",\"name\":\"Ghostysky\",\"url\":\"https:\/\/www.ghostysky.com\/\",\"logo\":{\"@type\":\"ImageObject\",\"inLanguage\":\"fr-FR\",\"@id\":\"https:\/\/www.ghostysky.com\/#\/schema\/logo\/image\/\",\"url\":\"https:\/\/www.ghostysky.com\/wp-content\/uploads\/2020\/06\/cropped-ghostyskylogo_text_white2.png\",\"contentUrl\":\"https:\/\/www.ghostysky.com\/wp-content\/uploads\/2020\/06\/cropped-ghostyskylogo_text_white2.png\",\"width\":169,\"height\":56,\"caption\":\"Ghostysky\"},\"image\":{\"@id\":\"https:\/\/www.ghostysky.com\/#\/schema\/logo\/image\/\"},\"sameAs\":[\"https:\/\/www.facebook.com\/people\/Ghostysky\/100057676170234\/\",\"https:\/\/x.com\/Gh0stysky\",\"https:\/\/www.linkedin.com\/company\/34739653\",\"https:\/\/www.instagram.com\/gh0stysky\"]}]}<\/script>\n<!-- \/ Yoast SEO plugin. -->","yoast_head_json":{"title":"Parachute pour drone Manti 3 Plus DJI Mavic (standard) - Ghostysky","robots":{"index":"index","follow":"follow","max-snippet":"max-snippet:-1","max-image-preview":"max-image-preview:large","max-video-preview":"max-video-preview:-1"},"canonical":"https:\/\/www.ghostysky.com\/fr\/product\/manti-3-plus-drone-parachute-dji-mavic-standard\/","og_locale":"fr_FR","og_type":"article","og_title":"Manti 3 Plus Drone Parachute DJI Mavic (Standard) - Ghostysky","og_description":"Manti 3 Plus Drone Parachute DJI Mavic (Standard Version)   Parachute area is 1.1 times that of the Manti 3   Replaceable parachute cabin design   Long endurance with 150mAh battery   Light weight, does not affect the battery life of the drone   32-bit ARM processor, instant deploy parachute in 0.5 seconds  Suitable model: Dji Mavic\u00a0Air 2\/2s, Mavic 2\/3, Mavic Pro","og_url":"https:\/\/www.ghostysky.com\/fr\/product\/manti-3-plus-drone-parachute-dji-mavic-standard\/","og_site_name":"Ghostysky","article_publisher":"https:\/\/www.facebook.com\/people\/Ghostysky\/100057676170234\/","article_modified_time":"2025-10-14T11:02:02+00:00","og_image":[{"width":1000,"height":1000,"url":"https:\/\/www.ghostysky.com\/wp-content\/uploads\/2023\/01\/manti3_3_1120x.webp","type":"image\/webp"}],"twitter_card":"summary_large_image","twitter_site":"@Gh0stysky","twitter_misc":{"Dur\u00e9e de lecture estim\u00e9e":"3 minutes"},"schema":{"@context":"https:\/\/schema.org","@graph":[{"@type":"WebPage","@id":"https:\/\/www.ghostysky.com\/product\/manti-3-plus-drone-parachute-dji-mavic-standard\/","url":"https:\/\/www.ghostysky.com\/product\/manti-3-plus-drone-parachute-dji-mavic-standard\/","name":"Parachute pour drone Manti 3 Plus DJI Mavic (standard) - Ghostysky","isPartOf":{"@id":"https:\/\/www.ghostysky.com\/#website"},"primaryImageOfPage":{"@id":"https:\/\/www.ghostysky.com\/product\/manti-3-plus-drone-parachute-dji-mavic-standard\/#primaryimage"},"image":{"@id":"https:\/\/www.ghostysky.com\/product\/manti-3-plus-drone-parachute-dji-mavic-standard\/#primaryimage"},"thumbnailUrl":"https:\/\/www.ghostysky.com\/wp-content\/uploads\/2023\/01\/manti3_3_1120x.webp","datePublished":"2023-01-19T10:48:52+00:00","dateModified":"2025-10-14T11:02:02+00:00","breadcrumb":{"@id":"https:\/\/www.ghostysky.com\/product\/manti-3-plus-drone-parachute-dji-mavic-standard\/#breadcrumb"},"inLanguage":"fr-FR","potentialAction":[{"@type":"ReadAction","target":["https:\/\/www.ghostysky.com\/product\/manti-3-plus-drone-parachute-dji-mavic-standard\/"]}]},{"@type":"ImageObject","inLanguage":"fr-FR","@id":"https:\/\/www.ghostysky.com\/product\/manti-3-plus-drone-parachute-dji-mavic-standard\/#primaryimage","url":"https:\/\/www.ghostysky.com\/wp-content\/uploads\/2023\/01\/manti3_3_1120x.webp","contentUrl":"https:\/\/www.ghostysky.com\/wp-content\/uploads\/2023\/01\/manti3_3_1120x.webp","width":1000,"height":1000},{"@type":"BreadcrumbList","@id":"https:\/\/www.ghostysky.com\/product\/manti-3-plus-drone-parachute-dji-mavic-standard\/#breadcrumb","itemListElement":[{"@type":"ListItem","position":1,"name":"Home","item":"https:\/\/www.ghostysky.com\/"},{"@type":"ListItem","position":2,"name":"Shop","item":"https:\/\/www.ghostysky.com\/shop\/"},{"@type":"ListItem","position":3,"name":"Manti 3 Plus Drone Parachute DJI Mavic (Standard)"}]},{"@type":"WebSite","@id":"https:\/\/www.ghostysky.com\/#website","url":"https:\/\/www.ghostysky.com\/","name":"Ghostysky","description":"Livraison de drones et de services professionnels","publisher":{"@id":"https:\/\/www.ghostysky.com\/#organization"},"potentialAction":[{"@type":"SearchAction","target":{"@type":"EntryPoint","urlTemplate":"https:\/\/www.ghostysky.com\/?s={search_term_string}"},"query-input":{"@type":"PropertyValueSpecification","valueRequired":true,"valueName":"search_term_string"}}],"inLanguage":"fr-FR"},{"@type":"Organization","@id":"https:\/\/www.ghostysky.com\/#organization","name":"Ghostysky","url":"https:\/\/www.ghostysky.com\/","logo":{"@type":"ImageObject","inLanguage":"fr-FR","@id":"https:\/\/www.ghostysky.com\/#\/schema\/logo\/image\/","url":"https:\/\/www.ghostysky.com\/wp-content\/uploads\/2020\/06\/cropped-ghostyskylogo_text_white2.png","contentUrl":"https:\/\/www.ghostysky.com\/wp-content\/uploads\/2020\/06\/cropped-ghostyskylogo_text_white2.png","width":169,"height":56,"caption":"Ghostysky"},"image":{"@id":"https:\/\/www.ghostysky.com\/#\/schema\/logo\/image\/"},"sameAs":["https:\/\/www.facebook.com\/people\/Ghostysky\/100057676170234\/","https:\/\/x.com\/Gh0stysky","https:\/\/www.linkedin.com\/company\/34739653","https:\/\/www.instagram.com\/gh0stysky"]}]}},"_links":{"self":[{"href":"https:\/\/www.ghostysky.com\/fr\/wp-json\/wp\/v2\/product\/10751","targetHints":{"allow":["GET"]}}],"collection":[{"href":"https:\/\/www.ghostysky.com\/fr\/wp-json\/wp\/v2\/product"}],"about":[{"href":"https:\/\/www.ghostysky.com\/fr\/wp-json\/wp\/v2\/types\/product"}],"replies":[{"embeddable":true,"href":"https:\/\/www.ghostysky.com\/fr\/wp-json\/wp\/v2\/comments?post=10751"}],"wp:featuredmedia":[{"embeddable":true,"href":"https:\/\/www.ghostysky.com\/fr\/wp-json\/wp\/v2\/media\/10785"}],"wp:attachment":[{"href":"https:\/\/www.ghostysky.com\/fr\/wp-json\/wp\/v2\/media?parent=10751"}],"wp:term":[{"taxonomy":"product_brand","embeddable":true,"href":"https:\/\/www.ghostysky.com\/fr\/wp-json\/wp\/v2\/product_brand?post=10751"},{"taxonomy":"product_cat","embeddable":true,"href":"https:\/\/www.ghostysky.com\/fr\/wp-json\/wp\/v2\/product_cat?post=10751"},{"taxonomy":"product_tag","embeddable":true,"href":"https:\/\/www.ghostysky.com\/fr\/wp-json\/wp\/v2\/product_tag?post=10751"}],"curies":[{"name":"wp","href":"https:\/\/api.w.org\/{rel}","templated":true}]}}