{"id":11000,"date":"2023-03-01T20:52:51","date_gmt":"2023-03-01T20:52:51","guid":{"rendered":"https:\/\/www.ghostysky.com\/?post_type=product&#038;p=11000"},"modified":"2024-02-06T08:58:18","modified_gmt":"2024-02-06T08:58:18","slug":"splashdrone-4-350w-dual-smart-charger","status":"publish","type":"product","link":"https:\/\/www.ghostysky.com\/fr\/product\/splashdrone-4-350w-dual-smart-charger\/","title":{"rendered":"Chargeur intelligent double SplashDrone 4 350 W"},"content":{"rendered":"<p><strong>Points forts<\/strong>:<\/p>\n<p>Petit volume et grande puissance<br \/>\nDeux recharges ind\u00e9pendantes<br \/>\nPrise en charge de la sortie de charge USB<br \/>\nProtection de s\u00e9curit\u00e9 de la batterie<br \/>\nEscorte APP exclusive<\/p>\n<p><strong>Sp\u00e9cification<\/strong>:<\/p>\n<p>Saisir:<br \/>\n100 \u00e0 240 V, 47 \u00e0 63 Hz<br \/>\nSortir:<br \/>\nCH1\u00a0: 16,9\u00a0V\/10\u00a0A<br \/>\nCH2\u00a0: 16,9\u00a0V\/10\u00a0A<br \/>\nUSB : 5 V\/2 A<br \/>\nPuissance maximale : 350 W<br \/>\nProtection:<br \/>\nProt\u00e8ge contre les sous-tensions, les surtensions, les surcharges, les courts-circuits, les surchauffes, les surintensit\u00e9s, les d\u00e9passements de temps et les surcapacit\u00e9s.<br \/>\nSans fil:<br \/>\nBluetooth<br \/>\nTaille:<br \/>\nLongueur : 18 cm ; Largeur : 10,5 cm ; Hauteur : 6 cm<br \/>\nC\u00e2ble:<br \/>\nC\u00e2ble d&#039;alimentation : 1,2 m<br \/>\nC\u00e2ble de charge : 0,5 m<br \/>\nPoids:<br \/>\n1,085 kg (2,39 livres)<br \/>\n\u00c9tat de fonctionnement :<br \/>\nTemp\u00e9rature de fonctionnement : 0\u2103 \u00e0 40\u2103<br \/>\nTemp\u00e9rature de stockage : -10\u2103 \u00e0 60\u2103<br \/>\nFonctionnalit\u00e9s de l&#039;application (DSC Connect)\u00a0:<br \/>\nSurveillance de charge en temps r\u00e9el (tension, courant, puissance, temps jusqu&#039;\u00e0 charge compl\u00e8te) ; alerte de dysfonctionnement de la batterie (surtension, surintensit\u00e9, surchauffe, surcharge, d\u00e9passement de temps) ; mise \u00e0 jour du micrologiciel de la batterie ; lecture et exportation des journaux de batterie<\/p>\n<p><strong>Dans la bo\u00eete<\/strong>: Chargeur intelligent double (DSC-S) x 1 pi\u00e8ces<\/p>\n<p><strong>Compatibilit\u00e9<\/strong>: SplashDrone 4<\/p>","protected":false},"excerpt":{"rendered":"<p><strong>Aper\u00e7u<\/strong>Le chargeur intelligent double 350 W (DSC-S) est sp\u00e9cialement con\u00e7u pour le SplashDrone 4. Il permet de recharger rapidement deux batteries de drone et une batterie de t\u00e9l\u00e9commande simultan\u00e9ment. Enti\u00e8rement charg\u00e9 en une heure, il assure un fonctionnement ininterrompu et prolong\u00e9.<\/p>","protected":false},"featured_media":11003,"comment_status":"open","ping_status":"closed","template":"","meta":[],"product_brand":[],"product_cat":[305,278],"product_tag":[491,492],"class_list":{"0":"post-11000","1":"product","2":"type-product","3":"status-publish","4":"has-post-thumbnail","6":"product_cat-accessories-swellpro","7":"product_cat-swellpro","8":"product_tag-dual-charger-sd4","9":"product_tag-swellpro-sd4","11":"first","12":"onbackorder","13":"taxable","14":"shipping-taxable","15":"product-type-simple"},"yoast_head":"<!-- This site is optimized with the Yoast SEO plugin v27.1.1 - https:\/\/yoast.com\/product\/yoast-seo-wordpress\/ -->\n<title>SplashDrone 4 350W Dual Smart Charger -<\/title>\n<meta name=\"description\" content=\"350W Dual Smart Charger (DSC-S) is specially designed for SplashDrone 4, which can quickly charge two drone batteries and a remote control battery at the same time. Fully charged within 1 hour, it can meet the needs of long-term uninterrupted operation.\" \/>\n<meta name=\"robots\" content=\"index, follow, max-snippet:-1, max-image-preview:large, max-video-preview:-1\" \/>\n<link rel=\"canonical\" href=\"https:\/\/www.ghostysky.com\/fr\/product\/splashdrone-4-350w-dual-smart-charger\/\" \/>\n<meta property=\"og:locale\" content=\"fr_FR\" \/>\n<meta property=\"og:type\" content=\"article\" \/>\n<meta property=\"og:title\" content=\"SplashDrone 4 350W Dual Smart Charger -\" \/>\n<meta property=\"og:description\" content=\"350W Dual Smart Charger (DSC-S) is specially designed for SplashDrone 4, which can quickly charge two drone batteries and a remote control battery at the same time. Fully charged within 1 hour, it can meet the needs of long-term uninterrupted operation.\" \/>\n<meta property=\"og:url\" content=\"https:\/\/www.ghostysky.com\/fr\/product\/splashdrone-4-350w-dual-smart-charger\/\" \/>\n<meta property=\"og:site_name\" content=\"Ghostysky\" \/>\n<meta property=\"article:publisher\" content=\"https:\/\/www.facebook.com\/people\/Ghostysky\/100057676170234\/\" \/>\n<meta property=\"article:modified_time\" content=\"2024-02-06T08:58:18+00:00\" \/>\n<meta property=\"og:image\" content=\"https:\/\/www.ghostysky.com\/wp-content\/uploads\/2023\/03\/1.jpg\" \/>\n\t<meta property=\"og:image:width\" content=\"1000\" \/>\n\t<meta property=\"og:image:height\" content=\"1000\" \/>\n\t<meta property=\"og:image:type\" content=\"image\/jpeg\" \/>\n<meta name=\"twitter:card\" content=\"summary_large_image\" \/>\n<meta name=\"twitter:site\" content=\"@Gh0stysky\" \/>\n<meta name=\"twitter:label1\" content=\"Dur\u00e9e de lecture estim\u00e9e\" \/>\n\t<meta name=\"twitter:data1\" content=\"1 minute\" \/>\n<script type=\"application\/ld+json\" class=\"yoast-schema-graph\">{\"@context\":\"https:\/\/schema.org\",\"@graph\":[{\"@type\":\"WebPage\",\"@id\":\"https:\/\/www.ghostysky.com\/product\/splashdrone-4-350w-dual-smart-charger\/\",\"url\":\"https:\/\/www.ghostysky.com\/product\/splashdrone-4-350w-dual-smart-charger\/\",\"name\":\"SplashDrone 4 350W Dual Smart Charger -\",\"isPartOf\":{\"@id\":\"https:\/\/www.ghostysky.com\/#website\"},\"primaryImageOfPage\":{\"@id\":\"https:\/\/www.ghostysky.com\/product\/splashdrone-4-350w-dual-smart-charger\/#primaryimage\"},\"image\":{\"@id\":\"https:\/\/www.ghostysky.com\/product\/splashdrone-4-350w-dual-smart-charger\/#primaryimage\"},\"thumbnailUrl\":\"https:\/\/www.ghostysky.com\/wp-content\/uploads\/2023\/03\/1.jpg\",\"datePublished\":\"2023-03-01T20:52:51+00:00\",\"dateModified\":\"2024-02-06T08:58:18+00:00\",\"description\":\"350W Dual Smart Charger (DSC-S) is specially designed for SplashDrone 4, which can quickly charge two drone batteries and a remote control battery at the same time. Fully charged within 1 hour, it can meet the needs of long-term uninterrupted operation.\",\"breadcrumb\":{\"@id\":\"https:\/\/www.ghostysky.com\/product\/splashdrone-4-350w-dual-smart-charger\/#breadcrumb\"},\"inLanguage\":\"fr-FR\",\"potentialAction\":[{\"@type\":\"ReadAction\",\"target\":[\"https:\/\/www.ghostysky.com\/product\/splashdrone-4-350w-dual-smart-charger\/\"]}]},{\"@type\":\"ImageObject\",\"inLanguage\":\"fr-FR\",\"@id\":\"https:\/\/www.ghostysky.com\/product\/splashdrone-4-350w-dual-smart-charger\/#primaryimage\",\"url\":\"https:\/\/www.ghostysky.com\/wp-content\/uploads\/2023\/03\/1.jpg\",\"contentUrl\":\"https:\/\/www.ghostysky.com\/wp-content\/uploads\/2023\/03\/1.jpg\",\"width\":1000,\"height\":1000},{\"@type\":\"BreadcrumbList\",\"@id\":\"https:\/\/www.ghostysky.com\/product\/splashdrone-4-350w-dual-smart-charger\/#breadcrumb\",\"itemListElement\":[{\"@type\":\"ListItem\",\"position\":1,\"name\":\"Home\",\"item\":\"https:\/\/www.ghostysky.com\/\"},{\"@type\":\"ListItem\",\"position\":2,\"name\":\"Shop\",\"item\":\"https:\/\/www.ghostysky.com\/shop\/\"},{\"@type\":\"ListItem\",\"position\":3,\"name\":\"SplashDrone 4 350W Dual Smart Charger\"}]},{\"@type\":\"WebSite\",\"@id\":\"https:\/\/www.ghostysky.com\/#website\",\"url\":\"https:\/\/www.ghostysky.com\/\",\"name\":\"Ghostysky\",\"description\":\"Delivering professional drones and services\",\"publisher\":{\"@id\":\"https:\/\/www.ghostysky.com\/#organization\"},\"potentialAction\":[{\"@type\":\"SearchAction\",\"target\":{\"@type\":\"EntryPoint\",\"urlTemplate\":\"https:\/\/www.ghostysky.com\/?s={search_term_string}\"},\"query-input\":{\"@type\":\"PropertyValueSpecification\",\"valueRequired\":true,\"valueName\":\"search_term_string\"}}],\"inLanguage\":\"fr-FR\"},{\"@type\":\"Organization\",\"@id\":\"https:\/\/www.ghostysky.com\/#organization\",\"name\":\"Ghostysky\",\"url\":\"https:\/\/www.ghostysky.com\/\",\"logo\":{\"@type\":\"ImageObject\",\"inLanguage\":\"fr-FR\",\"@id\":\"https:\/\/www.ghostysky.com\/#\/schema\/logo\/image\/\",\"url\":\"https:\/\/www.ghostysky.com\/wp-content\/uploads\/2020\/06\/cropped-ghostyskylogo_text_white2.png\",\"contentUrl\":\"https:\/\/www.ghostysky.com\/wp-content\/uploads\/2020\/06\/cropped-ghostyskylogo_text_white2.png\",\"width\":169,\"height\":56,\"caption\":\"Ghostysky\"},\"image\":{\"@id\":\"https:\/\/www.ghostysky.com\/#\/schema\/logo\/image\/\"},\"sameAs\":[\"https:\/\/www.facebook.com\/people\/Ghostysky\/100057676170234\/\",\"https:\/\/x.com\/Gh0stysky\",\"https:\/\/www.linkedin.com\/company\/34739653\",\"https:\/\/www.instagram.com\/gh0stysky\"]}]}<\/script>\n<!-- \/ Yoast SEO plugin. -->","yoast_head_json":{"title":"Chargeur intelligent double SplashDrone 4 350 W -","description":"Le chargeur intelligent double 350 W (DSC-S) est sp\u00e9cialement con\u00e7u pour le SplashDrone 4. Il permet de recharger rapidement deux batteries de drone et une batterie de t\u00e9l\u00e9commande simultan\u00e9ment. Recharg\u00e9 en une heure, il assure un fonctionnement continu et prolong\u00e9.","robots":{"index":"index","follow":"follow","max-snippet":"max-snippet:-1","max-image-preview":"max-image-preview:large","max-video-preview":"max-video-preview:-1"},"canonical":"https:\/\/www.ghostysky.com\/fr\/product\/splashdrone-4-350w-dual-smart-charger\/","og_locale":"fr_FR","og_type":"article","og_title":"SplashDrone 4 350W Dual Smart Charger -","og_description":"350W Dual Smart Charger (DSC-S) is specially designed for SplashDrone 4, which can quickly charge two drone batteries and a remote control battery at the same time. Fully charged within 1 hour, it can meet the needs of long-term uninterrupted operation.","og_url":"https:\/\/www.ghostysky.com\/fr\/product\/splashdrone-4-350w-dual-smart-charger\/","og_site_name":"Ghostysky","article_publisher":"https:\/\/www.facebook.com\/people\/Ghostysky\/100057676170234\/","article_modified_time":"2024-02-06T08:58:18+00:00","og_image":[{"width":1000,"height":1000,"url":"https:\/\/www.ghostysky.com\/wp-content\/uploads\/2023\/03\/1.jpg","type":"image\/jpeg"}],"twitter_card":"summary_large_image","twitter_site":"@Gh0stysky","twitter_misc":{"Dur\u00e9e de lecture estim\u00e9e":"1 minute"},"schema":{"@context":"https:\/\/schema.org","@graph":[{"@type":"WebPage","@id":"https:\/\/www.ghostysky.com\/product\/splashdrone-4-350w-dual-smart-charger\/","url":"https:\/\/www.ghostysky.com\/product\/splashdrone-4-350w-dual-smart-charger\/","name":"Chargeur intelligent double SplashDrone 4 350 W -","isPartOf":{"@id":"https:\/\/www.ghostysky.com\/#website"},"primaryImageOfPage":{"@id":"https:\/\/www.ghostysky.com\/product\/splashdrone-4-350w-dual-smart-charger\/#primaryimage"},"image":{"@id":"https:\/\/www.ghostysky.com\/product\/splashdrone-4-350w-dual-smart-charger\/#primaryimage"},"thumbnailUrl":"https:\/\/www.ghostysky.com\/wp-content\/uploads\/2023\/03\/1.jpg","datePublished":"2023-03-01T20:52:51+00:00","dateModified":"2024-02-06T08:58:18+00:00","description":"Le chargeur intelligent double 350 W (DSC-S) est sp\u00e9cialement con\u00e7u pour le SplashDrone 4. Il permet de recharger rapidement deux batteries de drone et une batterie de t\u00e9l\u00e9commande simultan\u00e9ment. Recharg\u00e9 en une heure, il assure un fonctionnement continu et prolong\u00e9.","breadcrumb":{"@id":"https:\/\/www.ghostysky.com\/product\/splashdrone-4-350w-dual-smart-charger\/#breadcrumb"},"inLanguage":"fr-FR","potentialAction":[{"@type":"ReadAction","target":["https:\/\/www.ghostysky.com\/product\/splashdrone-4-350w-dual-smart-charger\/"]}]},{"@type":"ImageObject","inLanguage":"fr-FR","@id":"https:\/\/www.ghostysky.com\/product\/splashdrone-4-350w-dual-smart-charger\/#primaryimage","url":"https:\/\/www.ghostysky.com\/wp-content\/uploads\/2023\/03\/1.jpg","contentUrl":"https:\/\/www.ghostysky.com\/wp-content\/uploads\/2023\/03\/1.jpg","width":1000,"height":1000},{"@type":"BreadcrumbList","@id":"https:\/\/www.ghostysky.com\/product\/splashdrone-4-350w-dual-smart-charger\/#breadcrumb","itemListElement":[{"@type":"ListItem","position":1,"name":"Home","item":"https:\/\/www.ghostysky.com\/"},{"@type":"ListItem","position":2,"name":"Shop","item":"https:\/\/www.ghostysky.com\/shop\/"},{"@type":"ListItem","position":3,"name":"SplashDrone 4 350W Dual Smart Charger"}]},{"@type":"WebSite","@id":"https:\/\/www.ghostysky.com\/#website","url":"https:\/\/www.ghostysky.com\/","name":"Ghostysky","description":"Livraison de drones et de services professionnels","publisher":{"@id":"https:\/\/www.ghostysky.com\/#organization"},"potentialAction":[{"@type":"SearchAction","target":{"@type":"EntryPoint","urlTemplate":"https:\/\/www.ghostysky.com\/?s={search_term_string}"},"query-input":{"@type":"PropertyValueSpecification","valueRequired":true,"valueName":"search_term_string"}}],"inLanguage":"fr-FR"},{"@type":"Organization","@id":"https:\/\/www.ghostysky.com\/#organization","name":"Ghostysky","url":"https:\/\/www.ghostysky.com\/","logo":{"@type":"ImageObject","inLanguage":"fr-FR","@id":"https:\/\/www.ghostysky.com\/#\/schema\/logo\/image\/","url":"https:\/\/www.ghostysky.com\/wp-content\/uploads\/2020\/06\/cropped-ghostyskylogo_text_white2.png","contentUrl":"https:\/\/www.ghostysky.com\/wp-content\/uploads\/2020\/06\/cropped-ghostyskylogo_text_white2.png","width":169,"height":56,"caption":"Ghostysky"},"image":{"@id":"https:\/\/www.ghostysky.com\/#\/schema\/logo\/image\/"},"sameAs":["https:\/\/www.facebook.com\/people\/Ghostysky\/100057676170234\/","https:\/\/x.com\/Gh0stysky","https:\/\/www.linkedin.com\/company\/34739653","https:\/\/www.instagram.com\/gh0stysky"]}]}},"_links":{"self":[{"href":"https:\/\/www.ghostysky.com\/fr\/wp-json\/wp\/v2\/product\/11000","targetHints":{"allow":["GET"]}}],"collection":[{"href":"https:\/\/www.ghostysky.com\/fr\/wp-json\/wp\/v2\/product"}],"about":[{"href":"https:\/\/www.ghostysky.com\/fr\/wp-json\/wp\/v2\/types\/product"}],"replies":[{"embeddable":true,"href":"https:\/\/www.ghostysky.com\/fr\/wp-json\/wp\/v2\/comments?post=11000"}],"wp:featuredmedia":[{"embeddable":true,"href":"https:\/\/www.ghostysky.com\/fr\/wp-json\/wp\/v2\/media\/11003"}],"wp:attachment":[{"href":"https:\/\/www.ghostysky.com\/fr\/wp-json\/wp\/v2\/media?parent=11000"}],"wp:term":[{"taxonomy":"product_brand","embeddable":true,"href":"https:\/\/www.ghostysky.com\/fr\/wp-json\/wp\/v2\/product_brand?post=11000"},{"taxonomy":"product_cat","embeddable":true,"href":"https:\/\/www.ghostysky.com\/fr\/wp-json\/wp\/v2\/product_cat?post=11000"},{"taxonomy":"product_tag","embeddable":true,"href":"https:\/\/www.ghostysky.com\/fr\/wp-json\/wp\/v2\/product_tag?post=11000"}],"curies":[{"name":"wp","href":"https:\/\/api.w.org\/{rel}","templated":true}]}}