{"id":11065,"date":"2023-03-16T18:59:23","date_gmt":"2023-03-16T18:59:23","guid":{"rendered":"https:\/\/www.ghostysky.com\/?post_type=product&#038;p=11065"},"modified":"2024-08-08T12:37:51","modified_gmt":"2024-08-08T12:37:51","slug":"dji-mavic-3t-thermal-worry-free-1-year-basic-combo","status":"publish","type":"product","link":"https:\/\/www.ghostysky.com\/fr\/product\/dji-mavic-3t-thermal-worry-free-1-year-basic-combo\/","title":{"rendered":"DJI Mavic 3T (Thermique) \u2013 Pack de base sans souci \u2013 1 an"},"content":{"rendered":"<div id=\"30331\" class=\"section-content\" data-hydration-on-demand=\"true\" data-ga-category=\"pt\/mavic-3-enterprise_30331\" data-gtm-vis-recent-on-screen-6907517_879=\"17109\" data-gtm-vis-first-on-screen-6907517_879=\"17109\" data-gtm-vis-total-visible-time-6907517_879=\"100\" data-gtm-vis-has-fired-6907517_879=\"1\">\n<div class=\"atom-component\" tabindex=\"0\" role=\"button\">\n<div class=\"atom-design-v1 style__hero-vertical-component___2JEHR\">\n<div id=\"\" class=\"style__hero-vertical-wrapper___2mUEj\">\n<div class=\"style__vertical-card-list___LceQJ style__vertical-top-align___3JPlu aos-init aos-animate\" data-aos=\"none\">\n<div class=\"style__vertical-card-col___3agtC\">\n<div class=\"atom-design-v1 style__hero-vertical-card___2B64y\">\n<div class=\"style__card-wrapper___3yqfZ style__vertical-center-align___3RP93 style__horizontal-left-align___3tk_z\" tabindex=\"0\" role=\"button\" data-ga-label=\"\">\n<div class=\"style__card-container___KPQkl style__size-xl___30LZE\">\n<div class=\"style__text-content-container___1aLKY\">\n<div class=\"style__icons-container___1CoW-\">\n<div class=\"style__icon-row-container___3A3EC\">\n<div class=\"style__icon-col-container___2pohI aos-init aos-animate\" data-aos=\"none\">\n<div class=\"style__icon-item___UZU5k style__image-text___7HoYo\">\n<p><strong>\u00c9tablir de nouvelles normes avec le DJI Mavic 3 Thermal<\/strong><br \/>\nEn mati\u00e8re de petits drones thermiques commerciaux, le DJI Mavic 3 Thermal \u00e9tablit de nouvelles normes. Le M3T propulse la cartographie, la topographie et l&#039;imagerie thermique \u00e0 un niveau sup\u00e9rieur gr\u00e2ce \u00e0 un obturateur m\u00e9canique, un zoom 56x et une cam\u00e9ra thermique 640\u00d7512 px.<\/p>\n<p>Con\u00e7u pour des missions prolong\u00e9es, il est id\u00e9al pour les pilotes d\u00e9butants comme exp\u00e9riment\u00e9s. Gr\u00e2ce \u00e0 ses capacit\u00e9s d&#039;imagerie thermique, ce drone est \u00e9galement id\u00e9al pour les op\u00e9rations de nuit, la recherche et le sauvetage, l&#039;inspection et la lutte contre les incendies.<\/p>\n<\/div>\n<p><strong>Portabilit\u00e9 et efficacit\u00e9 op\u00e9rationnelle<\/strong><br \/>\nAvec un poids d&#039;environ 920 g, le DJI Mavic 3 Thermal est l&#039;un des drones d&#039;entreprise les plus l\u00e9gers et les plus compacts du march\u00e9. Il se d\u00e9ploie rapidement et se tient facilement d&#039;une seule main.<\/p>\n<p>Les batteries de l&#039;appareil sont optimis\u00e9es pour une endurance optimale. Avec une autonomie de vol de 45 minutes \u00e0 pleine charge, vous pouvez surveiller jusqu&#039;\u00e0 2 kilom\u00e8tres carr\u00e9s en un seul vol, augmentant ainsi la surface que vous pouvez couvrir \u00e0 chaque mission.<\/p>\n<p>Apr\u00e8s le vol, vous pouvez charger directement le drone avec 88 W ou utiliser un hub de charge de 100 W pour charger rapidement les batteries.<\/p>\n<p><a href=\"https:\/\/www.ghostysky.com\/wp-content\/uploads\/2022\/10\/MAvic3_Thermal.jpg\"><img fetchpriority=\"high\" decoding=\"async\" class=\"aligncenter wp-image-10042\" src=\"https:\/\/www.ghostysky.com\/wp-content\/uploads\/2022\/10\/MAvic3_Thermal.jpg\" alt=\"\" width=\"694\" height=\"463\" srcset=\"https:\/\/www.ghostysky.com\/wp-content\/uploads\/2022\/10\/MAvic3_Thermal.jpg 2000w, https:\/\/www.ghostysky.com\/wp-content\/uploads\/2022\/10\/MAvic3_Thermal-300x200.jpg 300w, https:\/\/www.ghostysky.com\/wp-content\/uploads\/2022\/10\/MAvic3_Thermal-1024x683.jpg 1024w, https:\/\/www.ghostysky.com\/wp-content\/uploads\/2022\/10\/MAvic3_Thermal-768x512.jpg 768w, https:\/\/www.ghostysky.com\/wp-content\/uploads\/2022\/10\/MAvic3_Thermal-1536x1025.jpg 1536w, https:\/\/www.ghostysky.com\/wp-content\/uploads\/2022\/10\/MAvic3_Thermal-18x12.jpg 18w, https:\/\/www.ghostysky.com\/wp-content\/uploads\/2022\/10\/MAvic3_Thermal-720x480.jpg 720w, https:\/\/www.ghostysky.com\/wp-content\/uploads\/2022\/10\/MAvic3_Thermal-600x400.jpg 600w\" sizes=\"(max-width: 694px) 100vw, 694px\" \/><\/a><\/p>\n<p><strong>Cartographie et lev\u00e9s am\u00e9lior\u00e9s, m\u00eame la nuit<\/strong><br \/>\nLe DJI Mavic 3 Thermal poss\u00e8de la m\u00eame t\u00e9l\u00e9cam\u00e9ra que le Mavic 3 Enterprise, une cam\u00e9ra de 48 MP avec un capteur CMOS 1\/2\u2033, ainsi qu&#039;une cam\u00e9ra thermique avec un champ de vision d&#039;affichage (DFOV) de 61\u00b0 et une distance focale \u00e9quivalente de 40 mm avec une r\u00e9solution de 640 512 px.<\/p>\n<p>Cette variante thermique a \u00e9t\u00e9 con\u00e7ue pour r\u00e9pondre aux besoins uniques des op\u00e9rations a\u00e9riennes de lutte contre les incendies, de recherche et de sauvetage, d&#039;inspection et de missions de nuit.<\/p>\n<p>Pour aider les professionnels \u00e0 localiser les points chauds et \u00e0 faire des choix rapides, la cam\u00e9ra thermique du Mavic 3T fournit des mesures de temp\u00e9rature ponctuelles et surfaciques, des alarmes de temp\u00e9rature \u00e9lev\u00e9e, des palettes de couleurs et des isothermes.<\/p>\n<p>Les cam\u00e9ras thermiques et zoom du drone offrent un zoom num\u00e9rique continu c\u00f4te \u00e0 c\u00f4te de 28 images pour des comparaisons simples avec un zoom simultan\u00e9 sur \u00e9cran partag\u00e9.<\/p>\n<p><strong>Transmission d&#039;image optimale<\/strong><br \/>\nLe drone thermique DJI Mavic 3 peut voler plus loin et transmettre des signaux avec plus de stabilit\u00e9 gr\u00e2ce \u00e0 la transmission DJI O3 Enterprise, qui offre une port\u00e9e de contr\u00f4le maximale de 15 km. Cela renforce la confiance des pilotes en vol.<\/p>\n<p>L&#039;avion offre \u00e9galement une diffusion en direct \u00e0 haute fr\u00e9quence d&#039;images (1080p\/30 ips). La distance de transmission est un indicateur de la puissance du signal.<\/p>\n<p>&nbsp;<\/p>\n<\/div>\n<p><a href=\"https:\/\/www.ghostysky.com\/wp-content\/uploads\/2022\/10\/Mavic3_Therma_2.webp\"><img decoding=\"async\" class=\"wp-image-10043 aligncenter lazyload\" src=\"data:image\/gif;base64,R0lGODlhAQABAAAAACH5BAEKAAEALAAAAAABAAEAAAICTAEAOw==\" alt=\"\" width=\"776\" height=\"517\" sizes=\"(max-width: 776px) 100vw, 776px\" data-src=\"data:image\/gif;base64,R0lGODlhAQABAAAAACH5BAEKAAEALAAAAAABAAEAAAICTAEAOw==\" data-srcset=\"\" srcset=\"\"><\/a><\/p>\n<p><strong>La s\u00e9curit\u00e9 des vols, une priorit\u00e9<\/strong><br \/>\nDJI a toujours \u00e9t\u00e9 \u00e0 l&#039;avant-garde du march\u00e9 des drones en termes de cr\u00e9ation de fonctionnalit\u00e9s de s\u00e9curit\u00e9 de pointe, et le DJI Mavic 3T perp\u00e9tue cette tradition avec de meilleurs algorithmes de d\u00e9tection d&#039;objets et de navigation qui fournissent aux pilotes de drones la direction dont ils ont besoin pour rester en s\u00e9curit\u00e9.<\/p>\n<p>Le drone M3T est \u00e9quip\u00e9 du DJI AirSense, qui collecte les signaux ADS-B des a\u00e9ronefs conventionnels environnants pour alerter les pilotes de drones de l&#039;activit\u00e9 a\u00e9rienne \u00e0 proximit\u00e9. Six capteurs fisheye omnidirectionnels sont \u00e9galement install\u00e9s, permettant au nouveau syst\u00e8me DJI APAS 5.0 am\u00e9lior\u00e9 de d\u00e9tecter les obstacles sans angle mort.<\/p>\n<p><strong>Dans la bo\u00eete :<\/strong><\/p>\n<ul>\n<li>1x avion Mavic 3T<\/li>\n<li>1x Batterie de vol intelligente Mavic 3<\/li>\n<li>1x carte MicroSD 64 Go<\/li>\n<li>1x Protecteur de cardan<\/li>\n<li>3 h\u00e9lices Mavic 3 Enterprise Series (paire)<\/li>\n<li>1x RC Pro Entreprise<\/li>\n<li>1x Tournevis<\/li>\n<li>1x adaptateur secteur USB-C (100 W)<\/li>\n<li>1x c\u00e2ble adaptateur secteur 100 W<\/li>\n<li>1x c\u00e2ble USB-C<\/li>\n<li>1x c\u00e2ble USB-C vers USB-C<\/li>\n<li>1x \u00e9tui de protection<\/li>\n<\/ul>\n<\/div>\n<\/div>\n<\/div>\n<\/div>\n<\/div>\n<\/div>\n<\/div>\n<\/div>\n<\/div>\n<\/div>\n<\/div>\n<\/div>","protected":false},"excerpt":{"rendered":"<ul>\n<li>Compact et portable, pesant seulement 920 g<\/li>\n<li>Cam\u00e9ra thermique 61\u00b0 DFOV et 640 \u00d7 512 px<\/li>\n<li>Appareil photo grand angle 24 mm, 48 MP avec obturateur m\u00e9canique<\/li>\n<li>Zoom hybride 56x<\/li>\n<li>Dur\u00e9e maximale du vol : 45 minutes<\/li>\n<li>Transmission d&#039;images DJI O3 Entreprise<\/li>\n<li>\u00c9vitement d&#039;obstacles omnidirectionnel<\/li>\n<\/ul>\n<p>-&gt; <strong>DJI Mavic 3T Worry-Free Basic Combo \u2013 1 an<\/strong><\/p>\n<p>-&gt; <strong>DJI Mavic 3T Worry-Free Basic Combo \u2013 2 ans<\/strong><\/p>\n<p>-&gt; <strong>Combo DJI Mavic 3T Worry-Free Plus \u2013 1 an<\/strong><\/p>","protected":false},"featured_media":10049,"comment_status":"open","ping_status":"closed","template":"","meta":[],"product_brand":[],"product_cat":[37,429,29,431],"product_tag":[425,42,432,433,426,427,422,391],"class_list":{"0":"post-11065","1":"product","2":"type-product","3":"status-publish","4":"has-post-thumbnail","6":"product_cat-dji","7":"product_cat-dji-mavic3-ent","8":"product_cat-drones","9":"product_cat-drones-dji-mavic3-ent","10":"product_tag-agriculture-field","11":"product_tag-dji","12":"product_tag-dji-mavic3","13":"product_tag-dji-mavic3-drone","14":"product_tag-researchenvironment","15":"product_tag-searchrescue","16":"product_tag-surveying-gis","17":"product_tag-thermal","19":"first","20":"instock","21":"taxable","22":"shipping-taxable","23":"purchasable","24":"product-type-simple"},"yoast_head":"<!-- This site is optimized with the Yoast SEO plugin v27.1.1 - https:\/\/yoast.com\/product\/yoast-seo-wordpress\/ -->\n<title>DJI Mavic 3T (Thermal) - Worry-Free Basic Combo - 1 year -<\/title>\n<meta name=\"description\" content=\"Compact and portable, weighing only 920 g61\u00b0 DFOV and 640 \u00d7 512 px thermal camera 24mm, 48MP wide cam with mechanical shutter 56x hybrid zoom 45-minute maximum flight time\" \/>\n<meta name=\"robots\" content=\"index, follow, max-snippet:-1, max-image-preview:large, max-video-preview:-1\" \/>\n<link rel=\"canonical\" href=\"https:\/\/www.ghostysky.com\/fr\/product\/dji-mavic-3t-thermal-worry-free-1-year-basic-combo\/\" \/>\n<meta property=\"og:locale\" content=\"fr_FR\" \/>\n<meta property=\"og:type\" content=\"article\" \/>\n<meta property=\"og:title\" content=\"DJI Mavic 3T (Thermal) - Worry-Free Basic Combo - 1 year -\" \/>\n<meta property=\"og:description\" content=\"Compact and portable, weighing only 920 g61\u00b0 DFOV and 640 \u00d7 512 px thermal camera 24mm, 48MP wide cam with mechanical shutter 56x hybrid zoom 45-minute maximum flight time\" \/>\n<meta property=\"og:url\" content=\"https:\/\/www.ghostysky.com\/fr\/product\/dji-mavic-3t-thermal-worry-free-1-year-basic-combo\/\" \/>\n<meta property=\"og:site_name\" content=\"Ghostysky\" \/>\n<meta property=\"article:publisher\" content=\"https:\/\/www.facebook.com\/people\/Ghostysky\/100057676170234\/\" \/>\n<meta property=\"article:modified_time\" content=\"2024-08-08T12:37:51+00:00\" \/>\n<meta property=\"og:image\" content=\"https:\/\/www.ghostysky.com\/wp-content\/uploads\/2022\/10\/DJIMAvic3Thermal_01.jpg\" \/>\n\t<meta property=\"og:image:width\" content=\"735\" \/>\n\t<meta property=\"og:image:height\" content=\"735\" \/>\n\t<meta property=\"og:image:type\" content=\"image\/jpeg\" \/>\n<meta name=\"twitter:card\" content=\"summary_large_image\" \/>\n<meta name=\"twitter:site\" content=\"@Gh0stysky\" \/>\n<meta name=\"twitter:label1\" content=\"Dur\u00e9e de lecture estim\u00e9e\" \/>\n\t<meta name=\"twitter:data1\" content=\"3 minutes\" \/>\n<script type=\"application\/ld+json\" class=\"yoast-schema-graph\">{\"@context\":\"https:\/\/schema.org\",\"@graph\":[{\"@type\":\"WebPage\",\"@id\":\"https:\/\/www.ghostysky.com\/product\/dji-mavic-3t-thermal-worry-free-1-year-basic-combo\/\",\"url\":\"https:\/\/www.ghostysky.com\/product\/dji-mavic-3t-thermal-worry-free-1-year-basic-combo\/\",\"name\":\"DJI Mavic 3T (Thermal) - Worry-Free Basic Combo - 1 year -\",\"isPartOf\":{\"@id\":\"https:\/\/www.ghostysky.com\/#website\"},\"primaryImageOfPage\":{\"@id\":\"https:\/\/www.ghostysky.com\/product\/dji-mavic-3t-thermal-worry-free-1-year-basic-combo\/#primaryimage\"},\"image\":{\"@id\":\"https:\/\/www.ghostysky.com\/product\/dji-mavic-3t-thermal-worry-free-1-year-basic-combo\/#primaryimage\"},\"thumbnailUrl\":\"https:\/\/www.ghostysky.com\/wp-content\/uploads\/2022\/10\/DJIMAvic3Thermal_01.jpg\",\"datePublished\":\"2023-03-16T18:59:23+00:00\",\"dateModified\":\"2024-08-08T12:37:51+00:00\",\"description\":\"Compact and portable, weighing only 920 g61\u00b0 DFOV and 640 \u00d7 512 px thermal camera 24mm, 48MP wide cam with mechanical shutter 56x hybrid zoom 45-minute maximum flight time\",\"breadcrumb\":{\"@id\":\"https:\/\/www.ghostysky.com\/product\/dji-mavic-3t-thermal-worry-free-1-year-basic-combo\/#breadcrumb\"},\"inLanguage\":\"fr-FR\",\"potentialAction\":[{\"@type\":\"ReadAction\",\"target\":[\"https:\/\/www.ghostysky.com\/product\/dji-mavic-3t-thermal-worry-free-1-year-basic-combo\/\"]}]},{\"@type\":\"ImageObject\",\"inLanguage\":\"fr-FR\",\"@id\":\"https:\/\/www.ghostysky.com\/product\/dji-mavic-3t-thermal-worry-free-1-year-basic-combo\/#primaryimage\",\"url\":\"https:\/\/www.ghostysky.com\/wp-content\/uploads\/2022\/10\/DJIMAvic3Thermal_01.jpg\",\"contentUrl\":\"https:\/\/www.ghostysky.com\/wp-content\/uploads\/2022\/10\/DJIMAvic3Thermal_01.jpg\",\"width\":735,\"height\":735},{\"@type\":\"BreadcrumbList\",\"@id\":\"https:\/\/www.ghostysky.com\/product\/dji-mavic-3t-thermal-worry-free-1-year-basic-combo\/#breadcrumb\",\"itemListElement\":[{\"@type\":\"ListItem\",\"position\":1,\"name\":\"Home\",\"item\":\"https:\/\/www.ghostysky.com\/\"},{\"@type\":\"ListItem\",\"position\":2,\"name\":\"Shop\",\"item\":\"https:\/\/www.ghostysky.com\/shop\/\"},{\"@type\":\"ListItem\",\"position\":3,\"name\":\"DJI Mavic 3T (Thermal) &#8211; Worry-Free Basic Combo &#8211; 1 year\"}]},{\"@type\":\"WebSite\",\"@id\":\"https:\/\/www.ghostysky.com\/#website\",\"url\":\"https:\/\/www.ghostysky.com\/\",\"name\":\"Ghostysky\",\"description\":\"Delivering professional drones and services\",\"publisher\":{\"@id\":\"https:\/\/www.ghostysky.com\/#organization\"},\"potentialAction\":[{\"@type\":\"SearchAction\",\"target\":{\"@type\":\"EntryPoint\",\"urlTemplate\":\"https:\/\/www.ghostysky.com\/?s={search_term_string}\"},\"query-input\":{\"@type\":\"PropertyValueSpecification\",\"valueRequired\":true,\"valueName\":\"search_term_string\"}}],\"inLanguage\":\"fr-FR\"},{\"@type\":\"Organization\",\"@id\":\"https:\/\/www.ghostysky.com\/#organization\",\"name\":\"Ghostysky\",\"url\":\"https:\/\/www.ghostysky.com\/\",\"logo\":{\"@type\":\"ImageObject\",\"inLanguage\":\"fr-FR\",\"@id\":\"https:\/\/www.ghostysky.com\/#\/schema\/logo\/image\/\",\"url\":\"https:\/\/www.ghostysky.com\/wp-content\/uploads\/2020\/06\/cropped-ghostyskylogo_text_white2.png\",\"contentUrl\":\"https:\/\/www.ghostysky.com\/wp-content\/uploads\/2020\/06\/cropped-ghostyskylogo_text_white2.png\",\"width\":169,\"height\":56,\"caption\":\"Ghostysky\"},\"image\":{\"@id\":\"https:\/\/www.ghostysky.com\/#\/schema\/logo\/image\/\"},\"sameAs\":[\"https:\/\/www.facebook.com\/people\/Ghostysky\/100057676170234\/\",\"https:\/\/x.com\/Gh0stysky\",\"https:\/\/www.linkedin.com\/company\/34739653\",\"https:\/\/www.instagram.com\/gh0stysky\"]}]}<\/script>\n<!-- \/ Yoast SEO plugin. -->","yoast_head_json":{"title":"DJI Mavic 3T (Thermique) - Combo de base sans souci - 1 an -","description":"Compact et portable, pesant seulement 920 g61\u00b0 DFOV et cam\u00e9ra thermique 640 \u00d7 512 pxCam\u00e9ra grand angle 24 mm, 48 MP avec obturateur m\u00e9caniqueZoom hybride 56xAutonomie de vol maximale de 45 minutes","robots":{"index":"index","follow":"follow","max-snippet":"max-snippet:-1","max-image-preview":"max-image-preview:large","max-video-preview":"max-video-preview:-1"},"canonical":"https:\/\/www.ghostysky.com\/fr\/product\/dji-mavic-3t-thermal-worry-free-1-year-basic-combo\/","og_locale":"fr_FR","og_type":"article","og_title":"DJI Mavic 3T (Thermal) - Worry-Free Basic Combo - 1 year -","og_description":"Compact and portable, weighing only 920 g61\u00b0 DFOV and 640 \u00d7 512 px thermal camera 24mm, 48MP wide cam with mechanical shutter 56x hybrid zoom 45-minute maximum flight time","og_url":"https:\/\/www.ghostysky.com\/fr\/product\/dji-mavic-3t-thermal-worry-free-1-year-basic-combo\/","og_site_name":"Ghostysky","article_publisher":"https:\/\/www.facebook.com\/people\/Ghostysky\/100057676170234\/","article_modified_time":"2024-08-08T12:37:51+00:00","og_image":[{"width":735,"height":735,"url":"https:\/\/www.ghostysky.com\/wp-content\/uploads\/2022\/10\/DJIMAvic3Thermal_01.jpg","type":"image\/jpeg"}],"twitter_card":"summary_large_image","twitter_site":"@Gh0stysky","twitter_misc":{"Dur\u00e9e de lecture estim\u00e9e":"3 minutes"},"schema":{"@context":"https:\/\/schema.org","@graph":[{"@type":"WebPage","@id":"https:\/\/www.ghostysky.com\/product\/dji-mavic-3t-thermal-worry-free-1-year-basic-combo\/","url":"https:\/\/www.ghostysky.com\/product\/dji-mavic-3t-thermal-worry-free-1-year-basic-combo\/","name":"DJI Mavic 3T (Thermique) - Combo de base sans souci - 1 an -","isPartOf":{"@id":"https:\/\/www.ghostysky.com\/#website"},"primaryImageOfPage":{"@id":"https:\/\/www.ghostysky.com\/product\/dji-mavic-3t-thermal-worry-free-1-year-basic-combo\/#primaryimage"},"image":{"@id":"https:\/\/www.ghostysky.com\/product\/dji-mavic-3t-thermal-worry-free-1-year-basic-combo\/#primaryimage"},"thumbnailUrl":"https:\/\/www.ghostysky.com\/wp-content\/uploads\/2022\/10\/DJIMAvic3Thermal_01.jpg","datePublished":"2023-03-16T18:59:23+00:00","dateModified":"2024-08-08T12:37:51+00:00","description":"Compact et portable, pesant seulement 920 g61\u00b0 DFOV et cam\u00e9ra thermique 640 \u00d7 512 pxCam\u00e9ra grand angle 24 mm, 48 MP avec obturateur m\u00e9caniqueZoom hybride 56xAutonomie de vol maximale de 45 minutes","breadcrumb":{"@id":"https:\/\/www.ghostysky.com\/product\/dji-mavic-3t-thermal-worry-free-1-year-basic-combo\/#breadcrumb"},"inLanguage":"fr-FR","potentialAction":[{"@type":"ReadAction","target":["https:\/\/www.ghostysky.com\/product\/dji-mavic-3t-thermal-worry-free-1-year-basic-combo\/"]}]},{"@type":"ImageObject","inLanguage":"fr-FR","@id":"https:\/\/www.ghostysky.com\/product\/dji-mavic-3t-thermal-worry-free-1-year-basic-combo\/#primaryimage","url":"https:\/\/www.ghostysky.com\/wp-content\/uploads\/2022\/10\/DJIMAvic3Thermal_01.jpg","contentUrl":"https:\/\/www.ghostysky.com\/wp-content\/uploads\/2022\/10\/DJIMAvic3Thermal_01.jpg","width":735,"height":735},{"@type":"BreadcrumbList","@id":"https:\/\/www.ghostysky.com\/product\/dji-mavic-3t-thermal-worry-free-1-year-basic-combo\/#breadcrumb","itemListElement":[{"@type":"ListItem","position":1,"name":"Home","item":"https:\/\/www.ghostysky.com\/"},{"@type":"ListItem","position":2,"name":"Shop","item":"https:\/\/www.ghostysky.com\/shop\/"},{"@type":"ListItem","position":3,"name":"DJI Mavic 3T (Thermal) &#8211; Worry-Free Basic Combo &#8211; 1 year"}]},{"@type":"WebSite","@id":"https:\/\/www.ghostysky.com\/#website","url":"https:\/\/www.ghostysky.com\/","name":"Ghostysky","description":"Livraison de drones et de services professionnels","publisher":{"@id":"https:\/\/www.ghostysky.com\/#organization"},"potentialAction":[{"@type":"SearchAction","target":{"@type":"EntryPoint","urlTemplate":"https:\/\/www.ghostysky.com\/?s={search_term_string}"},"query-input":{"@type":"PropertyValueSpecification","valueRequired":true,"valueName":"search_term_string"}}],"inLanguage":"fr-FR"},{"@type":"Organization","@id":"https:\/\/www.ghostysky.com\/#organization","name":"Ghostysky","url":"https:\/\/www.ghostysky.com\/","logo":{"@type":"ImageObject","inLanguage":"fr-FR","@id":"https:\/\/www.ghostysky.com\/#\/schema\/logo\/image\/","url":"https:\/\/www.ghostysky.com\/wp-content\/uploads\/2020\/06\/cropped-ghostyskylogo_text_white2.png","contentUrl":"https:\/\/www.ghostysky.com\/wp-content\/uploads\/2020\/06\/cropped-ghostyskylogo_text_white2.png","width":169,"height":56,"caption":"Ghostysky"},"image":{"@id":"https:\/\/www.ghostysky.com\/#\/schema\/logo\/image\/"},"sameAs":["https:\/\/www.facebook.com\/people\/Ghostysky\/100057676170234\/","https:\/\/x.com\/Gh0stysky","https:\/\/www.linkedin.com\/company\/34739653","https:\/\/www.instagram.com\/gh0stysky"]}]}},"_links":{"self":[{"href":"https:\/\/www.ghostysky.com\/fr\/wp-json\/wp\/v2\/product\/11065","targetHints":{"allow":["GET"]}}],"collection":[{"href":"https:\/\/www.ghostysky.com\/fr\/wp-json\/wp\/v2\/product"}],"about":[{"href":"https:\/\/www.ghostysky.com\/fr\/wp-json\/wp\/v2\/types\/product"}],"replies":[{"embeddable":true,"href":"https:\/\/www.ghostysky.com\/fr\/wp-json\/wp\/v2\/comments?post=11065"}],"wp:featuredmedia":[{"embeddable":true,"href":"https:\/\/www.ghostysky.com\/fr\/wp-json\/wp\/v2\/media\/10049"}],"wp:attachment":[{"href":"https:\/\/www.ghostysky.com\/fr\/wp-json\/wp\/v2\/media?parent=11065"}],"wp:term":[{"taxonomy":"product_brand","embeddable":true,"href":"https:\/\/www.ghostysky.com\/fr\/wp-json\/wp\/v2\/product_brand?post=11065"},{"taxonomy":"product_cat","embeddable":true,"href":"https:\/\/www.ghostysky.com\/fr\/wp-json\/wp\/v2\/product_cat?post=11065"},{"taxonomy":"product_tag","embeddable":true,"href":"https:\/\/www.ghostysky.com\/fr\/wp-json\/wp\/v2\/product_tag?post=11065"}],"curies":[{"name":"wp","href":"https:\/\/api.w.org\/{rel}","templated":true}]}}