{"id":11070,"date":"2023-03-16T19:12:41","date_gmt":"2023-03-16T19:12:41","guid":{"rendered":"https:\/\/www.ghostysky.com\/?post_type=product&#038;p=11070"},"modified":"2023-04-03T19:59:25","modified_gmt":"2023-04-03T19:59:25","slug":"dji-mavic-3e-enterprise-worry-free-basic-combo-2-years","status":"publish","type":"product","link":"https:\/\/www.ghostysky.com\/fr\/product\/dji-mavic-3e-enterprise-worry-free-basic-combo-2-years\/","title":{"rendered":"DJI Mavic 3E (Enterprise) Worry-Free Basic Combo \u2013 2 ans"},"content":{"rendered":"<p><a href=\"https:\/\/www.ghostysky.com\/wp-content\/uploads\/2022\/10\/Mavic3Ent_1.jpg\"><img fetchpriority=\"high\" decoding=\"async\" class=\"alignnone wp-image-10056\" src=\"https:\/\/www.ghostysky.com\/wp-content\/uploads\/2022\/10\/Mavic3Ent_1-1024x492.jpg\" alt=\"\" width=\"588\" height=\"282\" srcset=\"https:\/\/www.ghostysky.com\/wp-content\/uploads\/2022\/10\/Mavic3Ent_1-1024x492.jpg 1024w, https:\/\/www.ghostysky.com\/wp-content\/uploads\/2022\/10\/Mavic3Ent_1-300x144.jpg 300w, https:\/\/www.ghostysky.com\/wp-content\/uploads\/2022\/10\/Mavic3Ent_1-768x369.jpg 768w, https:\/\/www.ghostysky.com\/wp-content\/uploads\/2022\/10\/Mavic3Ent_1-18x9.jpg 18w, https:\/\/www.ghostysky.com\/wp-content\/uploads\/2022\/10\/Mavic3Ent_1-720x346.jpg 720w, https:\/\/www.ghostysky.com\/wp-content\/uploads\/2022\/10\/Mavic3Ent_1-600x289.jpg 600w, https:\/\/www.ghostysky.com\/wp-content\/uploads\/2022\/10\/Mavic3Ent_1.jpg 1100w\" sizes=\"(max-width: 588px) 100vw, 588px\" \/><\/a><\/p>\n<p><strong>L\u00e9ger et portable<\/strong><\/p>\n<ul>\n<li>Une conception l\u00e9g\u00e8re, compacte et pliable le rend facile \u00e0 transporter pour une utilisation en solo, permettant des d\u00e9ploiements rapides pour plus de flexibilit\u00e9.<\/li>\n<\/ul>\n<p><strong>Volez plus longtemps, chargez plus vite<\/strong><\/p>\n<ul>\n<li>Une autonomie de vol de 45 minutes vous permet de parcourir plus de terrain en un seul vol pour une efficacit\u00e9 accrue. Les batteries se rechargent rapidement gr\u00e2ce \u00e0 une station de charge de 100 W.<\/li>\n<\/ul>\n<p><strong>D\u00e9tection omnidirectionnelle<\/strong><\/p>\n<ul>\n<li>\u00c9quip\u00e9 d&#039;objectifs grand angle sur tous les c\u00f4t\u00e9s et APAS 5.0 pour \u00e9viter les obstacles omnidirectionnels avec z\u00e9ro angle mort.<\/li>\n<\/ul>\n<p><strong>Options d&#039;extension infinies<\/strong><\/p>\n<ul>\n<li>Un haut-parleur en option, un module RTK, un dongle cellulaire DJI et d&#039;autres accessoires officiels sont disponibles pour en faire plus dans les airs.<\/li>\n<\/ul>\n<p><strong>Charges utiles puissantes<\/strong><\/p>\n<ul>\n<li>Une cam\u00e9ra zoom pour un zoom hybride 56x, une cam\u00e9ra grand angle CMOS 4\/3 pour une cartographie de haute pr\u00e9cision et une cam\u00e9ra thermique pour l&#039;inspection des sources de chaleur.<\/li>\n<\/ul>\n<p><strong>Dans la bo\u00eete<\/strong><\/p>\n<ul>\n<li>1x avion Mavic 3 Enterprise<\/li>\n<li>1x Batterie de vol intelligente Mavic 3<\/li>\n<li>1x carte MicroSD 64 Go<\/li>\n<li>1x Protecteur de cardan<\/li>\n<li>3 h\u00e9lices Mavic 3 Enterprise Series (paire)<\/li>\n<li>1x RC Pro Entreprise<\/li>\n<li>1x Tournevis<\/li>\n<li>1x adaptateur secteur USB-C (100 W)<\/li>\n<li>1x c\u00e2ble adaptateur secteur 100 W<\/li>\n<li>1x c\u00e2ble USB-C<\/li>\n<li>1x c\u00e2ble USB-C vers USB-C<\/li>\n<li>1x \u00e9tui de protection<\/li>\n<\/ul>","protected":false},"excerpt":{"rendered":"<ul>\n<li>Compact et portable, pesant seulement 915 g<\/li>\n<li>Cam\u00e9ra grand angle 4\/3 CMOS 20 MP avec obturateur m\u00e9canique<\/li>\n<li>Zoom hybride 56x<\/li>\n<li>Dur\u00e9e maximale du vol : 45 minutes<\/li>\n<li>Transmission d&#039;images DJI O3 Entreprise<\/li>\n<li>\u00c9vitement d&#039;obstacles omnidirectionnel<\/li>\n<\/ul>\n<p>-&gt; <strong>DJI Mavic 3E Worry-Free Basic Combo \u2013 1 an<\/strong><\/p>\n<p>-&gt; <strong>DJI Mavic 3E Worry-Free Basic Combo \u2013 2 ans<\/strong><\/p>\n<p>-&gt; <strong>Combo DJI Mavic 3E Worry-Free Plus<\/strong><\/p>","protected":false},"featured_media":10055,"comment_status":"open","ping_status":"closed","template":"","meta":[],"product_brand":[],"product_cat":[37,429,29,431],"product_tag":[42,434,432,433],"class_list":{"0":"post-11070","1":"product","2":"type-product","3":"status-publish","4":"has-post-thumbnail","6":"product_cat-dji","7":"product_cat-dji-mavic3-ent","8":"product_cat-drones","9":"product_cat-drones-dji-mavic3-ent","10":"product_tag-dji","11":"product_tag-dji-mavic-3-enterprise","12":"product_tag-dji-mavic3","13":"product_tag-dji-mavic3-drone","15":"first","16":"onbackorder","17":"taxable","18":"shipping-taxable","19":"product-type-simple"},"yoast_head":"<!-- This site is optimized with the Yoast SEO plugin v27.1.1 - https:\/\/yoast.com\/product\/yoast-seo-wordpress\/ -->\n<title>DJI Mavic 3E (Enterprise) Worry-Free Basic Combo - 2 Years -<\/title>\n<meta name=\"description\" content=\"Compact and portable, weighing only 915 g 4\/3 CMOS 20-MP wide cam with mechanical shutter 56x hybrid zoom 45-minute maximum flight time\" \/>\n<meta name=\"robots\" content=\"index, follow, max-snippet:-1, max-image-preview:large, max-video-preview:-1\" \/>\n<link rel=\"canonical\" href=\"https:\/\/www.ghostysky.com\/fr\/product\/dji-mavic-3e-enterprise-worry-free-basic-combo-2-years\/\" \/>\n<meta property=\"og:locale\" content=\"fr_FR\" \/>\n<meta property=\"og:type\" content=\"article\" \/>\n<meta property=\"og:title\" content=\"DJI Mavic 3E (Enterprise) Worry-Free Basic Combo - 2 Years -\" \/>\n<meta property=\"og:description\" content=\"Compact and portable, weighing only 915 g 4\/3 CMOS 20-MP wide cam with mechanical shutter 56x hybrid zoom 45-minute maximum flight time\" \/>\n<meta property=\"og:url\" content=\"https:\/\/www.ghostysky.com\/fr\/product\/dji-mavic-3e-enterprise-worry-free-basic-combo-2-years\/\" \/>\n<meta property=\"og:site_name\" content=\"Ghostysky\" \/>\n<meta property=\"article:publisher\" content=\"https:\/\/www.facebook.com\/people\/Ghostysky\/100057676170234\/\" \/>\n<meta property=\"article:modified_time\" content=\"2023-04-03T19:59:25+00:00\" \/>\n<meta property=\"og:image\" content=\"https:\/\/www.ghostysky.com\/wp-content\/uploads\/2022\/10\/mavic3_enterprise_1.webp\" \/>\n\t<meta property=\"og:image:width\" content=\"700\" \/>\n\t<meta property=\"og:image:height\" content=\"700\" \/>\n\t<meta property=\"og:image:type\" content=\"image\/webp\" \/>\n<meta name=\"twitter:card\" content=\"summary_large_image\" \/>\n<meta name=\"twitter:site\" content=\"@Gh0stysky\" \/>\n<meta name=\"twitter:label1\" content=\"Dur\u00e9e de lecture estim\u00e9e\" \/>\n\t<meta name=\"twitter:data1\" content=\"1 minute\" \/>\n<script type=\"application\/ld+json\" class=\"yoast-schema-graph\">{\"@context\":\"https:\/\/schema.org\",\"@graph\":[{\"@type\":\"WebPage\",\"@id\":\"https:\/\/www.ghostysky.com\/product\/dji-mavic-3e-enterprise-worry-free-basic-combo-2-years\/\",\"url\":\"https:\/\/www.ghostysky.com\/product\/dji-mavic-3e-enterprise-worry-free-basic-combo-2-years\/\",\"name\":\"DJI Mavic 3E (Enterprise) Worry-Free Basic Combo - 2 Years -\",\"isPartOf\":{\"@id\":\"https:\/\/www.ghostysky.com\/#website\"},\"primaryImageOfPage\":{\"@id\":\"https:\/\/www.ghostysky.com\/product\/dji-mavic-3e-enterprise-worry-free-basic-combo-2-years\/#primaryimage\"},\"image\":{\"@id\":\"https:\/\/www.ghostysky.com\/product\/dji-mavic-3e-enterprise-worry-free-basic-combo-2-years\/#primaryimage\"},\"thumbnailUrl\":\"https:\/\/www.ghostysky.com\/wp-content\/uploads\/2022\/10\/mavic3_enterprise_1.webp\",\"datePublished\":\"2023-03-16T19:12:41+00:00\",\"dateModified\":\"2023-04-03T19:59:25+00:00\",\"description\":\"Compact and portable, weighing only 915 g 4\/3 CMOS 20-MP wide cam with mechanical shutter 56x hybrid zoom 45-minute maximum flight time\",\"breadcrumb\":{\"@id\":\"https:\/\/www.ghostysky.com\/product\/dji-mavic-3e-enterprise-worry-free-basic-combo-2-years\/#breadcrumb\"},\"inLanguage\":\"fr-FR\",\"potentialAction\":[{\"@type\":\"ReadAction\",\"target\":[\"https:\/\/www.ghostysky.com\/product\/dji-mavic-3e-enterprise-worry-free-basic-combo-2-years\/\"]}]},{\"@type\":\"ImageObject\",\"inLanguage\":\"fr-FR\",\"@id\":\"https:\/\/www.ghostysky.com\/product\/dji-mavic-3e-enterprise-worry-free-basic-combo-2-years\/#primaryimage\",\"url\":\"https:\/\/www.ghostysky.com\/wp-content\/uploads\/2022\/10\/mavic3_enterprise_1.webp\",\"contentUrl\":\"https:\/\/www.ghostysky.com\/wp-content\/uploads\/2022\/10\/mavic3_enterprise_1.webp\",\"width\":700,\"height\":700},{\"@type\":\"BreadcrumbList\",\"@id\":\"https:\/\/www.ghostysky.com\/product\/dji-mavic-3e-enterprise-worry-free-basic-combo-2-years\/#breadcrumb\",\"itemListElement\":[{\"@type\":\"ListItem\",\"position\":1,\"name\":\"Home\",\"item\":\"https:\/\/www.ghostysky.com\/\"},{\"@type\":\"ListItem\",\"position\":2,\"name\":\"Shop\",\"item\":\"https:\/\/www.ghostysky.com\/shop\/\"},{\"@type\":\"ListItem\",\"position\":3,\"name\":\"DJI Mavic 3E (Enterprise) Worry-Free Basic Combo &#8211; 2 Years\"}]},{\"@type\":\"WebSite\",\"@id\":\"https:\/\/www.ghostysky.com\/#website\",\"url\":\"https:\/\/www.ghostysky.com\/\",\"name\":\"Ghostysky\",\"description\":\"Delivering professional drones and services\",\"publisher\":{\"@id\":\"https:\/\/www.ghostysky.com\/#organization\"},\"potentialAction\":[{\"@type\":\"SearchAction\",\"target\":{\"@type\":\"EntryPoint\",\"urlTemplate\":\"https:\/\/www.ghostysky.com\/?s={search_term_string}\"},\"query-input\":{\"@type\":\"PropertyValueSpecification\",\"valueRequired\":true,\"valueName\":\"search_term_string\"}}],\"inLanguage\":\"fr-FR\"},{\"@type\":\"Organization\",\"@id\":\"https:\/\/www.ghostysky.com\/#organization\",\"name\":\"Ghostysky\",\"url\":\"https:\/\/www.ghostysky.com\/\",\"logo\":{\"@type\":\"ImageObject\",\"inLanguage\":\"fr-FR\",\"@id\":\"https:\/\/www.ghostysky.com\/#\/schema\/logo\/image\/\",\"url\":\"https:\/\/www.ghostysky.com\/wp-content\/uploads\/2020\/06\/cropped-ghostyskylogo_text_white2.png\",\"contentUrl\":\"https:\/\/www.ghostysky.com\/wp-content\/uploads\/2020\/06\/cropped-ghostyskylogo_text_white2.png\",\"width\":169,\"height\":56,\"caption\":\"Ghostysky\"},\"image\":{\"@id\":\"https:\/\/www.ghostysky.com\/#\/schema\/logo\/image\/\"},\"sameAs\":[\"https:\/\/www.facebook.com\/people\/Ghostysky\/100057676170234\/\",\"https:\/\/x.com\/Gh0stysky\",\"https:\/\/www.linkedin.com\/company\/34739653\",\"https:\/\/www.instagram.com\/gh0stysky\"]}]}<\/script>\n<!-- \/ Yoast SEO plugin. -->","yoast_head_json":{"title":"DJI Mavic 3E (Enterprise) Worry-Free Basic Combo - 2 ans -","description":"Compact et portable, pesant seulement 915 g Cam\u00e9ra grand angle 4\/3 CMOS 20 MP avec obturateur m\u00e9canique Zoom hybride 56x Autonomie de vol maximale de 45 minutes","robots":{"index":"index","follow":"follow","max-snippet":"max-snippet:-1","max-image-preview":"max-image-preview:large","max-video-preview":"max-video-preview:-1"},"canonical":"https:\/\/www.ghostysky.com\/fr\/product\/dji-mavic-3e-enterprise-worry-free-basic-combo-2-years\/","og_locale":"fr_FR","og_type":"article","og_title":"DJI Mavic 3E (Enterprise) Worry-Free Basic Combo - 2 Years -","og_description":"Compact and portable, weighing only 915 g 4\/3 CMOS 20-MP wide cam with mechanical shutter 56x hybrid zoom 45-minute maximum flight time","og_url":"https:\/\/www.ghostysky.com\/fr\/product\/dji-mavic-3e-enterprise-worry-free-basic-combo-2-years\/","og_site_name":"Ghostysky","article_publisher":"https:\/\/www.facebook.com\/people\/Ghostysky\/100057676170234\/","article_modified_time":"2023-04-03T19:59:25+00:00","og_image":[{"width":700,"height":700,"url":"https:\/\/www.ghostysky.com\/wp-content\/uploads\/2022\/10\/mavic3_enterprise_1.webp","type":"image\/webp"}],"twitter_card":"summary_large_image","twitter_site":"@Gh0stysky","twitter_misc":{"Dur\u00e9e de lecture estim\u00e9e":"1 minute"},"schema":{"@context":"https:\/\/schema.org","@graph":[{"@type":"WebPage","@id":"https:\/\/www.ghostysky.com\/product\/dji-mavic-3e-enterprise-worry-free-basic-combo-2-years\/","url":"https:\/\/www.ghostysky.com\/product\/dji-mavic-3e-enterprise-worry-free-basic-combo-2-years\/","name":"DJI Mavic 3E (Enterprise) Worry-Free Basic Combo - 2 ans -","isPartOf":{"@id":"https:\/\/www.ghostysky.com\/#website"},"primaryImageOfPage":{"@id":"https:\/\/www.ghostysky.com\/product\/dji-mavic-3e-enterprise-worry-free-basic-combo-2-years\/#primaryimage"},"image":{"@id":"https:\/\/www.ghostysky.com\/product\/dji-mavic-3e-enterprise-worry-free-basic-combo-2-years\/#primaryimage"},"thumbnailUrl":"https:\/\/www.ghostysky.com\/wp-content\/uploads\/2022\/10\/mavic3_enterprise_1.webp","datePublished":"2023-03-16T19:12:41+00:00","dateModified":"2023-04-03T19:59:25+00:00","description":"Compact et portable, pesant seulement 915 g Cam\u00e9ra grand angle 4\/3 CMOS 20 MP avec obturateur m\u00e9canique Zoom hybride 56x Autonomie de vol maximale de 45 minutes","breadcrumb":{"@id":"https:\/\/www.ghostysky.com\/product\/dji-mavic-3e-enterprise-worry-free-basic-combo-2-years\/#breadcrumb"},"inLanguage":"fr-FR","potentialAction":[{"@type":"ReadAction","target":["https:\/\/www.ghostysky.com\/product\/dji-mavic-3e-enterprise-worry-free-basic-combo-2-years\/"]}]},{"@type":"ImageObject","inLanguage":"fr-FR","@id":"https:\/\/www.ghostysky.com\/product\/dji-mavic-3e-enterprise-worry-free-basic-combo-2-years\/#primaryimage","url":"https:\/\/www.ghostysky.com\/wp-content\/uploads\/2022\/10\/mavic3_enterprise_1.webp","contentUrl":"https:\/\/www.ghostysky.com\/wp-content\/uploads\/2022\/10\/mavic3_enterprise_1.webp","width":700,"height":700},{"@type":"BreadcrumbList","@id":"https:\/\/www.ghostysky.com\/product\/dji-mavic-3e-enterprise-worry-free-basic-combo-2-years\/#breadcrumb","itemListElement":[{"@type":"ListItem","position":1,"name":"Home","item":"https:\/\/www.ghostysky.com\/"},{"@type":"ListItem","position":2,"name":"Shop","item":"https:\/\/www.ghostysky.com\/shop\/"},{"@type":"ListItem","position":3,"name":"DJI Mavic 3E (Enterprise) Worry-Free Basic Combo &#8211; 2 Years"}]},{"@type":"WebSite","@id":"https:\/\/www.ghostysky.com\/#website","url":"https:\/\/www.ghostysky.com\/","name":"Ghostysky","description":"Livraison de drones et de services professionnels","publisher":{"@id":"https:\/\/www.ghostysky.com\/#organization"},"potentialAction":[{"@type":"SearchAction","target":{"@type":"EntryPoint","urlTemplate":"https:\/\/www.ghostysky.com\/?s={search_term_string}"},"query-input":{"@type":"PropertyValueSpecification","valueRequired":true,"valueName":"search_term_string"}}],"inLanguage":"fr-FR"},{"@type":"Organization","@id":"https:\/\/www.ghostysky.com\/#organization","name":"Ghostysky","url":"https:\/\/www.ghostysky.com\/","logo":{"@type":"ImageObject","inLanguage":"fr-FR","@id":"https:\/\/www.ghostysky.com\/#\/schema\/logo\/image\/","url":"https:\/\/www.ghostysky.com\/wp-content\/uploads\/2020\/06\/cropped-ghostyskylogo_text_white2.png","contentUrl":"https:\/\/www.ghostysky.com\/wp-content\/uploads\/2020\/06\/cropped-ghostyskylogo_text_white2.png","width":169,"height":56,"caption":"Ghostysky"},"image":{"@id":"https:\/\/www.ghostysky.com\/#\/schema\/logo\/image\/"},"sameAs":["https:\/\/www.facebook.com\/people\/Ghostysky\/100057676170234\/","https:\/\/x.com\/Gh0stysky","https:\/\/www.linkedin.com\/company\/34739653","https:\/\/www.instagram.com\/gh0stysky"]}]}},"_links":{"self":[{"href":"https:\/\/www.ghostysky.com\/fr\/wp-json\/wp\/v2\/product\/11070","targetHints":{"allow":["GET"]}}],"collection":[{"href":"https:\/\/www.ghostysky.com\/fr\/wp-json\/wp\/v2\/product"}],"about":[{"href":"https:\/\/www.ghostysky.com\/fr\/wp-json\/wp\/v2\/types\/product"}],"replies":[{"embeddable":true,"href":"https:\/\/www.ghostysky.com\/fr\/wp-json\/wp\/v2\/comments?post=11070"}],"wp:featuredmedia":[{"embeddable":true,"href":"https:\/\/www.ghostysky.com\/fr\/wp-json\/wp\/v2\/media\/10055"}],"wp:attachment":[{"href":"https:\/\/www.ghostysky.com\/fr\/wp-json\/wp\/v2\/media?parent=11070"}],"wp:term":[{"taxonomy":"product_brand","embeddable":true,"href":"https:\/\/www.ghostysky.com\/fr\/wp-json\/wp\/v2\/product_brand?post=11070"},{"taxonomy":"product_cat","embeddable":true,"href":"https:\/\/www.ghostysky.com\/fr\/wp-json\/wp\/v2\/product_cat?post=11070"},{"taxonomy":"product_tag","embeddable":true,"href":"https:\/\/www.ghostysky.com\/fr\/wp-json\/wp\/v2\/product_tag?post=11070"}],"curies":[{"name":"wp","href":"https:\/\/api.w.org\/{rel}","templated":true}]}}