{"id":11072,"date":"2023-03-16T19:17:50","date_gmt":"2023-03-16T19:17:50","guid":{"rendered":"https:\/\/www.ghostysky.com\/?post_type=product&#038;p=11072"},"modified":"2023-04-03T20:02:03","modified_gmt":"2023-04-03T20:02:03","slug":"dji-mavic-3m-multispectral-free-basic-combo-2-years","status":"publish","type":"product","link":"https:\/\/www.ghostysky.com\/fr\/product\/dji-mavic-3m-multispectral-free-basic-combo-2-years\/","title":{"rendered":"DJI Mavic 3M (Multispectral) \u2013 Pack de base gratuit \u2013 2 ans"},"content":{"rendered":"<div style=\"text-align: left;\">L&#039;association du Mavic 3 Multispectral avec un drone DJI Agras am\u00e9liore la pr\u00e9cision de la pulv\u00e9risation et rend possible la pulv\u00e9risation sur ordonnance. Ces op\u00e9rations permettent aux utilisateurs d&#039;Agras de pulv\u00e9riser une dose plus importante sur les zones affect\u00e9es pr\u00e9sentant un indice NDVI plus faible et de r\u00e9duire la quantit\u00e9 sur la partie saine d&#039;un champ pr\u00e9sentant un indice NDVI plus \u00e9lev\u00e9. Tout cela est possible gr\u00e2ce au drone DJI Mavic 3 Multispectral.<\/div>\n<div style=\"text-align: left;\"><\/div>\n<div style=\"text-align: left;\">Une topographie a\u00e9rienne efficace exige de voir l&#039;invisible. C&#039;est pourquoi le Mavic 3 Multispectral dispose de deux types de vis\u00e9e. Il combine une cam\u00e9ra RVB et une cam\u00e9ra multispectrale pour scanner et analyser la croissance des cultures avec une clart\u00e9 absolue. La gestion de la production agricole exige pr\u00e9cision et donn\u00e9es, et le Mavic 3M offre les deux.<\/div>\n<div style=\"text-align: left;\"><\/div>\n<div style=\"text-align: left;\">\n<div class=\"style__imaging-system-text-wrapper___2HW_w\">\n<div class=\"style__imaging-system-text-duration-content___2hvpA\">\n<div class=\"style__text-content-lightImageSystemText___3b1rV\">\n<h2>Le syst\u00e8me d&#039;imagerie hautement int\u00e9gr\u00e9<\/h2>\n<div class=\"\">\n<p class=\"style__text-content-ImageSystemDesc___2SxKq\">Syst\u00e8me d&#039;imagerie r\u00e9cemment mis \u00e0 niveau avec un<strong>\u00a0Appareil photo RVB 20MP<\/strong>\u00a0et quatre\u00a0<strong>Cam\u00e9ras multispectrales 5MP (vert, rouge, bord rouge et proche infrarouge)<\/strong>Permet des applications telles que l&#039;arpentage a\u00e9rien de haute pr\u00e9cision, la surveillance de la croissance des cultures et les relev\u00e9s des ressources naturelles.<\/p>\n<h2 class=\"style__light-intensity-sensor-text-title___U2x2h\">Capteur de lumi\u00e8re solaire<\/h2>\n<p class=\"style__light-intensity-sensor-text-desc___3LbK4\">Le capteur de lumi\u00e8re solaire int\u00e9gr\u00e9 capture l&#039;irradiance solaire et l&#039;enregistre dans un fichier image, permettant ainsi une compensation lumineuse des donn\u00e9es d&#039;image lors de la reconstruction 2D. Cela permet d&#039;obtenir des r\u00e9sultats NDVI plus pr\u00e9cis, ainsi qu&#039;une pr\u00e9cision et une coh\u00e9rence accrues des donn\u00e9es acquises au fil du temps.<\/p>\n<h2 class=\"style__light-intensity-sensor-text-desc___3LbK4\">Module RTK<\/h2>\n<h3 class=\"style__light-intensity-sensor-text-desc___3LbK4\">Des images pr\u00e9cises qui capturent chaque pixel<\/h3>\n<p class=\"style__light-intensity-sensor-text-desc___3LbK4\">Mavic 3M avec module RTK pour un positionnement au centim\u00e8tre pr\u00e8s. Les commandes de vol, la cam\u00e9ra et le module RTK se synchronisent en quelques microsecondes pour capturer avec pr\u00e9cision la position du centre d&#039;imagerie de chaque cam\u00e9ra. Le Mavic 3M peut ainsi r\u00e9aliser des relev\u00e9s a\u00e9riens de haute pr\u00e9cision sans utiliser de points de contr\u00f4le au sol.<\/p>\n<h3>DANS LA BO\u00ceTE<\/h3>\n<p>Dans la bo\u00eete :<\/p>\n<ul>\n<li>1x DJI Mavic 3 Multispectral<\/li>\n<li>1x DJI RC Pro<\/li>\n<li>1 module DJI RTK<\/li>\n<li>3x h\u00e9lices (paire)<\/li>\n<li>1x Chargeur DJI<\/li>\n<li>1x c\u00e2ble d&#039;alimentation<\/li>\n<li>1x c\u00e2ble USB-C<\/li>\n<li>1x c\u00e2ble USB-C vers USB-C<\/li>\n<li>1x \u00e9tui de transport DJI<\/li>\n<li>1x Tournevis<\/li>\n<li>Manuels<\/li>\n<\/ul>\n<\/div>\n<\/div>\n<\/div>\n<\/div>\n<\/div>","protected":false},"excerpt":{"rendered":"<p>Le DJI Mavic 3 Multispectral, \u00e9galement connu sous le nom de DJI Mavic 3M ou DJI M3M, a remplac\u00e9 le Phantom 4 Multispectral pour la cartographie multispectrale et NDVI.<\/p>\n<ul>\n<li>Compact et portable<\/li>\n<li>Cam\u00e9ra multispectrale<\/li>\n<li>Cam\u00e9ra RVB<\/li>\n<li>S\u00fbr et stable<\/li>\n<li>Positionnement pr\u00e9cis<\/li>\n<li>Topographie a\u00e9rienne efficace<\/li>\n<\/ul>\n<p>-&gt; <strong>Combo de base sans souci DJI Mavic 3M \u2013 1 an<\/strong><\/p>\n<p>-&gt; <strong>DJI Mavic 3M Worry-Free Basic Combo \u2013 2 ans<\/strong><\/p>\n<p>&nbsp;<\/p>","protected":false},"featured_media":11010,"comment_status":"open","ping_status":"closed","template":"","meta":[],"product_brand":[],"product_cat":[37,429,29,431],"product_tag":[42,432,493],"class_list":{"0":"post-11072","1":"product","2":"type-product","3":"status-publish","4":"has-post-thumbnail","6":"product_cat-dji","7":"product_cat-dji-mavic3-ent","8":"product_cat-drones","9":"product_cat-drones-dji-mavic3-ent","10":"product_tag-dji","11":"product_tag-dji-mavic3","12":"product_tag-mavic-3m","14":"first","15":"onbackorder","16":"taxable","17":"shipping-taxable","18":"product-type-simple"},"yoast_head":"<!-- This site is optimized with the Yoast SEO plugin v27.1.1 - https:\/\/yoast.com\/product\/yoast-seo-wordpress\/ -->\n<title>DJI Mavic 3M (Multispectral) - Free Basic Combo - 2 Years -<\/title>\n<meta name=\"description\" content=\"DJI Mavic 3 Multispectral, also known as DJI Mavic 3M or DJI M3M, has replaced the Phantom 4 Multispectral for multispectral and NDVI mapping.\" \/>\n<meta name=\"robots\" content=\"index, follow, max-snippet:-1, max-image-preview:large, max-video-preview:-1\" \/>\n<link rel=\"canonical\" href=\"https:\/\/www.ghostysky.com\/fr\/product\/dji-mavic-3m-multispectral-free-basic-combo-2-years\/\" \/>\n<meta property=\"og:locale\" content=\"fr_FR\" \/>\n<meta property=\"og:type\" content=\"article\" \/>\n<meta property=\"og:title\" content=\"DJI Mavic 3M (Multispectral) - Free Basic Combo - 2 Years -\" \/>\n<meta property=\"og:description\" content=\"DJI Mavic 3 Multispectral, also known as DJI Mavic 3M or DJI M3M, has replaced the Phantom 4 Multispectral for multispectral and NDVI mapping.\" \/>\n<meta property=\"og:url\" content=\"https:\/\/www.ghostysky.com\/fr\/product\/dji-mavic-3m-multispectral-free-basic-combo-2-years\/\" \/>\n<meta property=\"og:site_name\" content=\"Ghostysky\" \/>\n<meta property=\"article:publisher\" content=\"https:\/\/www.facebook.com\/people\/Ghostysky\/100057676170234\/\" \/>\n<meta property=\"article:modified_time\" content=\"2023-04-03T20:02:03+00:00\" \/>\n<meta property=\"og:image\" content=\"https:\/\/www.ghostysky.com\/wp-content\/uploads\/2023\/03\/GH_drone-mavic-3-multispectral.webp\" \/>\n\t<meta property=\"og:image:width\" content=\"1920\" \/>\n\t<meta property=\"og:image:height\" content=\"1080\" \/>\n\t<meta property=\"og:image:type\" content=\"image\/webp\" \/>\n<meta name=\"twitter:card\" content=\"summary_large_image\" \/>\n<meta name=\"twitter:site\" content=\"@Gh0stysky\" \/>\n<meta name=\"twitter:label1\" content=\"Dur\u00e9e de lecture estim\u00e9e\" \/>\n\t<meta name=\"twitter:data1\" content=\"2 minutes\" \/>\n<script type=\"application\/ld+json\" class=\"yoast-schema-graph\">{\"@context\":\"https:\/\/schema.org\",\"@graph\":[{\"@type\":\"WebPage\",\"@id\":\"https:\/\/www.ghostysky.com\/product\/dji-mavic-3m-multispectral-free-basic-combo-2-years\/\",\"url\":\"https:\/\/www.ghostysky.com\/product\/dji-mavic-3m-multispectral-free-basic-combo-2-years\/\",\"name\":\"DJI Mavic 3M (Multispectral) - Free Basic Combo - 2 Years -\",\"isPartOf\":{\"@id\":\"https:\/\/www.ghostysky.com\/#website\"},\"primaryImageOfPage\":{\"@id\":\"https:\/\/www.ghostysky.com\/product\/dji-mavic-3m-multispectral-free-basic-combo-2-years\/#primaryimage\"},\"image\":{\"@id\":\"https:\/\/www.ghostysky.com\/product\/dji-mavic-3m-multispectral-free-basic-combo-2-years\/#primaryimage\"},\"thumbnailUrl\":\"https:\/\/www.ghostysky.com\/wp-content\/uploads\/2023\/03\/GH_drone-mavic-3-multispectral.webp\",\"datePublished\":\"2023-03-16T19:17:50+00:00\",\"dateModified\":\"2023-04-03T20:02:03+00:00\",\"description\":\"DJI Mavic 3 Multispectral, also known as DJI Mavic 3M or DJI M3M, has replaced the Phantom 4 Multispectral for multispectral and NDVI mapping.\",\"breadcrumb\":{\"@id\":\"https:\/\/www.ghostysky.com\/product\/dji-mavic-3m-multispectral-free-basic-combo-2-years\/#breadcrumb\"},\"inLanguage\":\"fr-FR\",\"potentialAction\":[{\"@type\":\"ReadAction\",\"target\":[\"https:\/\/www.ghostysky.com\/product\/dji-mavic-3m-multispectral-free-basic-combo-2-years\/\"]}]},{\"@type\":\"ImageObject\",\"inLanguage\":\"fr-FR\",\"@id\":\"https:\/\/www.ghostysky.com\/product\/dji-mavic-3m-multispectral-free-basic-combo-2-years\/#primaryimage\",\"url\":\"https:\/\/www.ghostysky.com\/wp-content\/uploads\/2023\/03\/GH_drone-mavic-3-multispectral.webp\",\"contentUrl\":\"https:\/\/www.ghostysky.com\/wp-content\/uploads\/2023\/03\/GH_drone-mavic-3-multispectral.webp\",\"width\":1920,\"height\":1080},{\"@type\":\"BreadcrumbList\",\"@id\":\"https:\/\/www.ghostysky.com\/product\/dji-mavic-3m-multispectral-free-basic-combo-2-years\/#breadcrumb\",\"itemListElement\":[{\"@type\":\"ListItem\",\"position\":1,\"name\":\"Home\",\"item\":\"https:\/\/www.ghostysky.com\/\"},{\"@type\":\"ListItem\",\"position\":2,\"name\":\"Shop\",\"item\":\"https:\/\/www.ghostysky.com\/shop\/\"},{\"@type\":\"ListItem\",\"position\":3,\"name\":\"DJI Mavic 3M (Multispectral) &#8211; Free Basic Combo &#8211; 2 Years\"}]},{\"@type\":\"WebSite\",\"@id\":\"https:\/\/www.ghostysky.com\/#website\",\"url\":\"https:\/\/www.ghostysky.com\/\",\"name\":\"Ghostysky\",\"description\":\"Delivering professional drones and services\",\"publisher\":{\"@id\":\"https:\/\/www.ghostysky.com\/#organization\"},\"potentialAction\":[{\"@type\":\"SearchAction\",\"target\":{\"@type\":\"EntryPoint\",\"urlTemplate\":\"https:\/\/www.ghostysky.com\/?s={search_term_string}\"},\"query-input\":{\"@type\":\"PropertyValueSpecification\",\"valueRequired\":true,\"valueName\":\"search_term_string\"}}],\"inLanguage\":\"fr-FR\"},{\"@type\":\"Organization\",\"@id\":\"https:\/\/www.ghostysky.com\/#organization\",\"name\":\"Ghostysky\",\"url\":\"https:\/\/www.ghostysky.com\/\",\"logo\":{\"@type\":\"ImageObject\",\"inLanguage\":\"fr-FR\",\"@id\":\"https:\/\/www.ghostysky.com\/#\/schema\/logo\/image\/\",\"url\":\"https:\/\/www.ghostysky.com\/wp-content\/uploads\/2020\/06\/cropped-ghostyskylogo_text_white2.png\",\"contentUrl\":\"https:\/\/www.ghostysky.com\/wp-content\/uploads\/2020\/06\/cropped-ghostyskylogo_text_white2.png\",\"width\":169,\"height\":56,\"caption\":\"Ghostysky\"},\"image\":{\"@id\":\"https:\/\/www.ghostysky.com\/#\/schema\/logo\/image\/\"},\"sameAs\":[\"https:\/\/www.facebook.com\/people\/Ghostysky\/100057676170234\/\",\"https:\/\/x.com\/Gh0stysky\",\"https:\/\/www.linkedin.com\/company\/34739653\",\"https:\/\/www.instagram.com\/gh0stysky\"]}]}<\/script>\n<!-- \/ Yoast SEO plugin. -->","yoast_head_json":{"title":"DJI Mavic 3M (Multispectral) - Combo de base gratuit - 2 ans -","description":"Le DJI Mavic 3 Multispectral, \u00e9galement connu sous le nom de DJI Mavic 3M ou DJI M3M, a remplac\u00e9 le Phantom 4 Multispectral pour la cartographie multispectrale et NDVI.","robots":{"index":"index","follow":"follow","max-snippet":"max-snippet:-1","max-image-preview":"max-image-preview:large","max-video-preview":"max-video-preview:-1"},"canonical":"https:\/\/www.ghostysky.com\/fr\/product\/dji-mavic-3m-multispectral-free-basic-combo-2-years\/","og_locale":"fr_FR","og_type":"article","og_title":"DJI Mavic 3M (Multispectral) - Free Basic Combo - 2 Years -","og_description":"DJI Mavic 3 Multispectral, also known as DJI Mavic 3M or DJI M3M, has replaced the Phantom 4 Multispectral for multispectral and NDVI mapping.","og_url":"https:\/\/www.ghostysky.com\/fr\/product\/dji-mavic-3m-multispectral-free-basic-combo-2-years\/","og_site_name":"Ghostysky","article_publisher":"https:\/\/www.facebook.com\/people\/Ghostysky\/100057676170234\/","article_modified_time":"2023-04-03T20:02:03+00:00","og_image":[{"width":1920,"height":1080,"url":"https:\/\/www.ghostysky.com\/wp-content\/uploads\/2023\/03\/GH_drone-mavic-3-multispectral.webp","type":"image\/webp"}],"twitter_card":"summary_large_image","twitter_site":"@Gh0stysky","twitter_misc":{"Dur\u00e9e de lecture estim\u00e9e":"2 minutes"},"schema":{"@context":"https:\/\/schema.org","@graph":[{"@type":"WebPage","@id":"https:\/\/www.ghostysky.com\/product\/dji-mavic-3m-multispectral-free-basic-combo-2-years\/","url":"https:\/\/www.ghostysky.com\/product\/dji-mavic-3m-multispectral-free-basic-combo-2-years\/","name":"DJI Mavic 3M (Multispectral) - Combo de base gratuit - 2 ans -","isPartOf":{"@id":"https:\/\/www.ghostysky.com\/#website"},"primaryImageOfPage":{"@id":"https:\/\/www.ghostysky.com\/product\/dji-mavic-3m-multispectral-free-basic-combo-2-years\/#primaryimage"},"image":{"@id":"https:\/\/www.ghostysky.com\/product\/dji-mavic-3m-multispectral-free-basic-combo-2-years\/#primaryimage"},"thumbnailUrl":"https:\/\/www.ghostysky.com\/wp-content\/uploads\/2023\/03\/GH_drone-mavic-3-multispectral.webp","datePublished":"2023-03-16T19:17:50+00:00","dateModified":"2023-04-03T20:02:03+00:00","description":"Le DJI Mavic 3 Multispectral, \u00e9galement connu sous le nom de DJI Mavic 3M ou DJI M3M, a remplac\u00e9 le Phantom 4 Multispectral pour la cartographie multispectrale et NDVI.","breadcrumb":{"@id":"https:\/\/www.ghostysky.com\/product\/dji-mavic-3m-multispectral-free-basic-combo-2-years\/#breadcrumb"},"inLanguage":"fr-FR","potentialAction":[{"@type":"ReadAction","target":["https:\/\/www.ghostysky.com\/product\/dji-mavic-3m-multispectral-free-basic-combo-2-years\/"]}]},{"@type":"ImageObject","inLanguage":"fr-FR","@id":"https:\/\/www.ghostysky.com\/product\/dji-mavic-3m-multispectral-free-basic-combo-2-years\/#primaryimage","url":"https:\/\/www.ghostysky.com\/wp-content\/uploads\/2023\/03\/GH_drone-mavic-3-multispectral.webp","contentUrl":"https:\/\/www.ghostysky.com\/wp-content\/uploads\/2023\/03\/GH_drone-mavic-3-multispectral.webp","width":1920,"height":1080},{"@type":"BreadcrumbList","@id":"https:\/\/www.ghostysky.com\/product\/dji-mavic-3m-multispectral-free-basic-combo-2-years\/#breadcrumb","itemListElement":[{"@type":"ListItem","position":1,"name":"Home","item":"https:\/\/www.ghostysky.com\/"},{"@type":"ListItem","position":2,"name":"Shop","item":"https:\/\/www.ghostysky.com\/shop\/"},{"@type":"ListItem","position":3,"name":"DJI Mavic 3M (Multispectral) &#8211; Free Basic Combo &#8211; 2 Years"}]},{"@type":"WebSite","@id":"https:\/\/www.ghostysky.com\/#website","url":"https:\/\/www.ghostysky.com\/","name":"Ghostysky","description":"Livraison de drones et de services professionnels","publisher":{"@id":"https:\/\/www.ghostysky.com\/#organization"},"potentialAction":[{"@type":"SearchAction","target":{"@type":"EntryPoint","urlTemplate":"https:\/\/www.ghostysky.com\/?s={search_term_string}"},"query-input":{"@type":"PropertyValueSpecification","valueRequired":true,"valueName":"search_term_string"}}],"inLanguage":"fr-FR"},{"@type":"Organization","@id":"https:\/\/www.ghostysky.com\/#organization","name":"Ghostysky","url":"https:\/\/www.ghostysky.com\/","logo":{"@type":"ImageObject","inLanguage":"fr-FR","@id":"https:\/\/www.ghostysky.com\/#\/schema\/logo\/image\/","url":"https:\/\/www.ghostysky.com\/wp-content\/uploads\/2020\/06\/cropped-ghostyskylogo_text_white2.png","contentUrl":"https:\/\/www.ghostysky.com\/wp-content\/uploads\/2020\/06\/cropped-ghostyskylogo_text_white2.png","width":169,"height":56,"caption":"Ghostysky"},"image":{"@id":"https:\/\/www.ghostysky.com\/#\/schema\/logo\/image\/"},"sameAs":["https:\/\/www.facebook.com\/people\/Ghostysky\/100057676170234\/","https:\/\/x.com\/Gh0stysky","https:\/\/www.linkedin.com\/company\/34739653","https:\/\/www.instagram.com\/gh0stysky"]}]}},"_links":{"self":[{"href":"https:\/\/www.ghostysky.com\/fr\/wp-json\/wp\/v2\/product\/11072","targetHints":{"allow":["GET"]}}],"collection":[{"href":"https:\/\/www.ghostysky.com\/fr\/wp-json\/wp\/v2\/product"}],"about":[{"href":"https:\/\/www.ghostysky.com\/fr\/wp-json\/wp\/v2\/types\/product"}],"replies":[{"embeddable":true,"href":"https:\/\/www.ghostysky.com\/fr\/wp-json\/wp\/v2\/comments?post=11072"}],"wp:featuredmedia":[{"embeddable":true,"href":"https:\/\/www.ghostysky.com\/fr\/wp-json\/wp\/v2\/media\/11010"}],"wp:attachment":[{"href":"https:\/\/www.ghostysky.com\/fr\/wp-json\/wp\/v2\/media?parent=11072"}],"wp:term":[{"taxonomy":"product_brand","embeddable":true,"href":"https:\/\/www.ghostysky.com\/fr\/wp-json\/wp\/v2\/product_brand?post=11072"},{"taxonomy":"product_cat","embeddable":true,"href":"https:\/\/www.ghostysky.com\/fr\/wp-json\/wp\/v2\/product_cat?post=11072"},{"taxonomy":"product_tag","embeddable":true,"href":"https:\/\/www.ghostysky.com\/fr\/wp-json\/wp\/v2\/product_tag?post=11072"}],"curies":[{"name":"wp","href":"https:\/\/api.w.org\/{rel}","templated":true}]}}